{"id":3923,"date":"2025-09-24T11:26:02","date_gmt":"2025-09-24T10:26:02","guid":{"rendered":"https:\/\/swisslasik.ch\/hasta-yorumlari-lasik-goez-lazeri\/istanbulda-gecirdigim-lazer-goez-ameliyatim-4-subat-2019-pazartesi-tarihli-rapor\/"},"modified":"2026-01-14T02:19:32","modified_gmt":"2026-01-14T01:19:32","slug":"istanbulda-gecirdigim-lazer-goez-ameliyatim-4-subat-2019-pazartesi-tarihli-rapor","status":"publish","type":"page","link":"https:\/\/swisslasik.ch\/tr\/hasta-yorumlari-lasik-goez-lazeri\/istanbulda-gecirdigim-lazer-goez-ameliyatim-4-subat-2019-pazartesi-tarihli-rapor\/","title":{"rendered":"\u0130stanbul&#8217;da ge\u00e7irdi\u011fim lazer g\u00f6z ameliyat\u0131m &#8211; 4 \u015eubat 2019 Pazartesi tarihli rapor"},"content":{"rendered":"\n<h3 class=\"wp-block-heading\">\u0130stanbul&#8217;da ge\u00e7irdi\u011fim lazer g\u00f6z ameliyat\u0131m &#8211; 4 \u015eubat 2019 Pazartesi tarihli rapor<\/h3>\n\n\n\n<p>30 y\u0131ld\u0131r g\u00f6zl\u00fck tak\u0131yorum ve bu y\u00f6ntem hakk\u0131nda \u00e7ok \u015fey duydum. Birka\u00e7 tan\u0131d\u0131\u011f\u0131m da Swisslasik arac\u0131l\u0131\u011f\u0131yla bu i\u015flemi yapt\u0131rd\u0131 ve hepsi memnun kald\u0131. Elbette, her zaman bir \u015feylerin ters gitme ihtimali var, ancak sonunda g\u00f6zl\u00fcks\u00fcz olman\u0131n verdi\u011fi mutluluk daha b\u00fcy\u00fck. Bu y\u00fczden olduk\u00e7a kendili\u011finden karar verdim: ya \u015fimdi ya da asla!   <\/p>\n\n\n\n<p>\u0130lk ileti\u015fimden itibaren kendimi \u00e7ok iyi dan\u0131\u015fmanl\u0131k alm\u0131\u015f ve g\u00fcvende hissettim. E-posta ya da hatta WhatsApp \u00fczerinden yazabiliyordum ve hafta sonlar\u0131 bile her zaman cevap ald\u0131m. Refakat\u00e7ili standart paketi se\u00e7tim. Rezervasyon ve \u00f6deme s\u00fcreci de sorunsuz ge\u00e7ti. Hatta daha erken d\u00f6nmem gerekti; bu da hi\u00e7 sorun olmad\u0131.<br>E\u015fimle birlikte 26.12.2018 tarihinde \u0130stanbul\u2019a u\u00e7tuk. Transfer kalabal\u0131k ve karma\u015fa i\u00e7inde bizi ilk ba\u015fta bulmakta zorland\u0131 ama telefonuma baksayd\u0131m, yap\u0131lan aramalar\u0131 ve mesajlar\u0131 g\u00f6r\u00fcrd\u00fcm. Birinci Klinik\u2019e giderken, ara\u00e7 s\u00fcr\u00fcc\u00fcs\u00fc arac\u0131l\u0131\u011f\u0131yla Almanca konu\u015fan hasta sorumlusu Bayan Belgin beni arad\u0131. Bizi \u00e7ok yetkin bir \u015fekilde bilgilendirdi ve ertesi sabah ilk muayene i\u00e7in bulu\u015fmak \u00fczere anla\u015ft\u0131k.<br>Klini\u011fe vard\u0131\u011f\u0131m\u0131zda odam\u0131za al\u0131nd\u0131k. Do\u011fal olarak iki klinik yata\u011f\u0131 vard\u0131 ve biz bunlar\u0131 yan yana getirdik. \u015eehir ger\u00e7ekten \u00e7ok canl\u0131yd\u0131 ve bir an \u00f6nce d\u0131\u015far\u0131 \u00e7\u0131k\u0131p g\u00f6rmek i\u00e7in sab\u0131rs\u0131zlan\u0131yorduk. Bu y\u00fczden hemen d\u0131\u015far\u0131 \u00e7\u0131kt\u0131k. \u0130stanbul\u2019da taksiler ger\u00e7ekten \u00e7ok ucuz ve bizi h\u0131zl\u0131ca gidece\u011fimiz yere g\u00f6t\u00fcrd\u00fcklerinde \u00e7ok memnun kald\u0131k. G\u00fczel bir ak\u015fam\u0131n ard\u0131ndan klini\u011fe geri d\u00f6nd\u00fck. Ancak o zaman bize ak\u015fam yeme\u011fi haz\u0131rland\u0131\u011f\u0131n\u0131 fark ettik. Daha \u00f6nce yemek yedi\u011fimiz i\u00e7in buna ger\u00e7ekten \u00fcz\u00fcld\u00fck.<br>Dinlendirici ge\u00e7en ilk gecenin ve odada yap\u0131lan kahvalt\u0131n\u0131n ard\u0131ndan, kararla\u015ft\u0131r\u0131ld\u0131\u011f\u0131 gibi resepsiyona indim. Ne yaz\u0131k ki g\u00fcler y\u00fczl\u00fc g\u00f6revliler sadece T\u00fcrk\u00e7e konu\u015fuyordu, ancak hemen yetkili birini arad\u0131lar. Bu ki\u015fi Almanca ya da \u0130ngilizce konu\u015fuyordu. B\u00f6ylece beni alacaklar\u0131n\u0131 ve rahatlamam gerekti\u011fini anlatt\u0131lar\u2026 bir \u0130svi\u00e7reli olarak insan tabii ki verilen saate uymaya \u00e7al\u0131\u015f\u0131yor.<\/p>\n\n\n\n<p>Odaya geri d\u00f6nd\u00fckten k\u0131sa bir s\u00fcre sonra Bayan Belgin geldi. Beni g\u00fcler y\u00fczle ve ayr\u0131nt\u0131l\u0131 \u015fekilde bilgilendirdi, t\u00fcm sorular\u0131m\u0131 ve endi\u015felerimi b\u00fcy\u00fck bir sab\u0131rla yan\u0131tlad\u0131. Art\u0131k vizite zaman\u0131 gelmi\u015fti. Her \u015fey \u00e7ok h\u0131zl\u0131 ve sorunsuz ilerledi. Herkes g\u00f6rev yerindeydi ve neredeyse hi\u00e7 beklemedim. Bir seferinde yakla\u015f\u0131k 20 dakika beklemem gerekti, hemen bir kahve getirildi. Ger\u00e7ekten herkes \u00e7ok nazikti ve Bayan Belgin her zaman yan\u0131mdayd\u0131. Doktor da memnundu ve \u00f6\u011fleden sonraki operasyon i\u00e7in ye\u015fil \u0131\u015f\u0131k yakt\u0131. Hen\u00fcz sabah oldu\u011fu i\u00e7in uzun bir al\u0131\u015fveri\u015f turuna \u00e7\u0131kmaya karar verdik. Bu \u00e7ok rahatlat\u0131c\u0131yd\u0131 ve ger\u00e7ekten \u00e7ok g\u00fczel yemekler yedik. Hi\u00e7 gergin de\u011fildim, aksine her \u015feyin yak\u0131nda ba\u015flayacak olmas\u0131na seviniyordum.<br>Saat tam 16.00\u2019da, kararla\u015ft\u0131r\u0131ld\u0131\u011f\u0131 gibi Bayan Belgin ile bulu\u015ftuk. Bana damlalar verildi, steril bir \u00f6nl\u00fck, bone ve terlik giydirildi. Normalde heyecan\u0131 azaltmak i\u00e7in sakinle\u015ftirici verilir ama ben o kadar sakindim ki, doktora bile buna ihtiyac\u0131m olmad\u0131\u011f\u0131na ikna ettim. Ve b\u00fcy\u00fck an geldi. Ger\u00e7ekten her \u015fey \u00e7ok h\u0131zl\u0131 oluyor. Hi\u00e7 ac\u0131 hissedilmiyor, sadece biraz bask\u0131 var. Bana hatta \u00e7ok ilgin\u00e7 geldi\u2026 Bayan Belgin\u2019e de; daha \u00f6nce hi\u00e7 bu kadar rahat bir hasta g\u00f6rmedi\u011fini s\u00f6yledi. Ve bir anda bitmi\u015fti. Tabii ki doktorla birlikte web sitesi i\u00e7in bir selfie de \u00e7ektik. Bana koruyucu g\u00f6zl\u00fck tak\u0131ld\u0131, biraz bulan\u0131k g\u00f6r\u00fcyordum ama \u015fa\u015f\u0131rt\u0131c\u0131 bir \u015fekilde g\u00f6rebiliyordum. \u015eimdi odama gitmem ve g\u00f6zlerimi m\u00fcmk\u00fcn oldu\u011funca dinlendirmem gerekiyordu.<br>Belgelerde g\u00f6z damlalar\u0131n\u0131 kullanmam gerekti\u011fi yaz\u0131yordu ama odada haz\u0131r de\u011fildi. Hem\u015fireye sordum, sorun olmad\u0131\u011f\u0131n\u0131, d\u00fczenli olarak bana damlalar\u0131 vereceklerini s\u00f6yledi. Bana bir a\u011fr\u0131 kesici ve uyumam i\u00e7in bir Xanax verildi. Saat hen\u00fcz 17.00 oldu\u011fu i\u00e7in almak istemedim\u2026 k\u00f6t\u00fc bir fikirdi. A\u011fr\u0131lar ba\u015flad\u0131. Bunun \u00fczerine a\u011fr\u0131 kesiciyi ald\u0131m ve g\u00f6z damlalar\u0131n\u0131 istedim, bu da hemen rahatlama sa\u011flad\u0131. Ancak g\u00f6zlerim \u00e7ok fazla suland\u0131\u011f\u0131 i\u00e7in yakla\u015f\u0131k 30 dakika sonra etkisi ge\u00e7ti ve \u015fiddetli a\u011fr\u0131lar ba\u015flad\u0131. Bu bir yanma hissi de\u011fildi, daha \u00e7ok uykudan uyan\u0131p a\u00e7\u0131k g\u00f6z\u00fcn \u00f6n\u00fcne g\u00fc\u00e7l\u00fc bir far tutulmu\u015f ve g\u00f6z\u00fcn\u00fc kapatmana izin verilmiyormu\u015f gibi bir histi. Bunun tamamen normal oldu\u011fu s\u00f6ylendi ve mutlaka uyku ilac\u0131n\u0131 almam gerekti\u011fi belirtildi. Ben yine de daha iyi bildi\u011fimi d\u00fc\u015f\u00fcn\u00fcp bekledim. D\u00f6rd\u00fcnc\u00fc kez damlalar i\u00e7in hem\u015fireye gitti\u011fimde, bunun son kez olaca\u011f\u0131 s\u00f6ylendi. \u0130\u00e7inde kortizon oldu\u011fu ve bu kadar s\u0131k veremeyece\u011fi belirtildi. Damladan sonra neredeyse hi\u00e7 a\u011fr\u0131 hissetmedi\u011fim i\u00e7in \u00e7ok \u00e7aresiz kald\u0131m; oysa a\u011fr\u0131 kesiciler (ikinciyi alm\u0131\u015ft\u0131m) bende hi\u00e7 i\u015fe yaram\u0131yordu.<br>Bir saat sonra tekrar hem\u015fireye gittim, bu s\u0131rada vardiya de\u011fi\u015fmi\u015fti. Bir erkek hem\u015fire derdimi dinledi (bu arada her \u015fey Google Translate ile T\u00fcrk\u00e7e yap\u0131ld\u0131) ve bana hemen damlalar\u0131 verdi. Bunun sorun olmad\u0131\u011f\u0131n\u0131 ama art\u0131k mutlaka UYUMAM gerekti\u011fini s\u00f6yledi. Bunun \u00fczerine uyku ilac\u0131n\u0131 ald\u0131m. Huzursuz ge\u00e7en bir saatin ve a\u011fr\u0131lar\u0131n tekrar ba\u015flayaca\u011f\u0131 korkusunun ard\u0131ndan ger\u00e7ekten uykuya dald\u0131m. Ac\u0131s\u0131z bir \u015fekilde uyudum ve sanki hi\u00e7bir \u015fey olmam\u0131\u015f gibi uyand\u0131m. Sadece \u0131\u015f\u0131k rahats\u0131z ediyordu. Uyan\u0131r uyanmaz o g\u00fcler y\u00fczl\u00fc hem\u015fire geldi ve ilk olarak damlalar\u0131 verdi. B\u00f6ylece g\u00fcne g\u00f6zl\u00fcks\u00fcz ve kendimi \u00e7ok iyi hissederek ba\u015flad\u0131m.<br>K\u0131sa s\u00fcre sonra Bayan Belgin gelip nas\u0131l hissetti\u011fimi sordu. Ona bir \u00f6nceki ak\u015famki davran\u0131\u015flar\u0131m\u0131 anlatt\u0131m, o da g\u00fclerek bunun sorun olmad\u0131\u011f\u0131n\u0131 s\u00f6yledi. Bu a\u011fr\u0131lar\u0131n tamamen normal oldu\u011funu ve \u00e7ok daha zor durumlar g\u00f6rd\u00fc\u011f\u00fcn\u00fc anlatt\u0131. \u00d6\u011fleden sonra u\u00e7a\u011f\u0131m oldu\u011fu i\u00e7in kontrol muayenesine gitmek \u00fczere yola \u00e7\u0131kt\u0131k. Bir \u00f6nceki ak\u015famki hem\u015fireyle kar\u015f\u0131la\u015ft\u0131m ve ondan \u00f6z\u00fcr diledim. O ise sadece g\u00fclerek, di\u011ferlerine k\u0131yasla gayet medeni davrand\u0131\u011f\u0131m\u0131 s\u00f6yledi.<\/p>\n\n\n\n<p>Kontrol muayenesi yine \u00e7ok iyi organize edilmi\u015fti ve bir saat sonra taburcu edildim. Her \u015feyin yolunda oldu\u011fu s\u00f6ylendi ve doktor da \u00e7ok memnundu. Daha sonra havaalan\u0131na do\u011fru yola \u00e7\u0131kt\u0131k ve transfer bizi do\u011frudan giri\u015fin \u00f6n\u00fcnde b\u0131rakt\u0131. Her \u015fey o kadar sorunsuz ilerledi ki! \u0130lk ba\u015fta her \u015feyin bu kadar iyi gitmi\u015f olmas\u0131na inanmakta zorland\u0131m. \u0130lk g\u00fcnler i\u00e7in, kullan\u0131lmas\u0131 gereken damlalar ve uyulmas\u0131 gereken talimatlar ayr\u0131nt\u0131l\u0131 \u015fekilde veriliyor. Benim hi\u00e7bir yan etkim olmad\u0131, sadece ara s\u0131ra g\u00f6z kurulu\u011fu ya\u015fad\u0131m ki bu zaten normal. Bu hafta (yani operasyondan yakla\u015f\u0131k 4 hafta sonra) kontrol muayenesine gittim. Her \u015fey \u00e7ok iyi iyile\u015fmi\u015f. G\u00f6rmemde sadece 0,5 eksik var ki bu neredeyse s\u0131f\u0131r demek ve astigmat\u0131m h\u00e2l\u00e2 belirgin, ancak bunun zamanla d\u00fczelmesi m\u00fcmk\u00fcn.<br>Sonu\u00e7 olarak: bunu HEMEN tekrar yapt\u0131r\u0131rd\u0131m ve \u015fimdi g\u00f6zl\u00fck kullanan t\u00fcm tan\u0131d\u0131klar\u0131m\u0131 bu ad\u0131m\u0131 atmaya ikna etmeye \u00e7al\u0131\u015f\u0131yorum! Organizasyon, klini\u011fin temizli\u011fi ve verilen hizmet konusunda ele\u015ftirebilece\u011fim hi\u00e7bir \u015fey yok. Birinci Klinik\u2019te konaklayacak olanlara k\u00fc\u00e7\u00fck bir not: yemekler odaya getiriliyor. Biz d\u0131\u015far\u0131da oldu\u011fumuz i\u00e7in neredeyse hepsini ka\u00e7\u0131rd\u0131k.             <\/p>\n\n\n\n<p>\u015eimdi di\u015f tedavilerimizi yapt\u0131rmay\u0131 d\u00fc\u015f\u00fcn\u00fcyoruz. Bunu d\u00fc\u015f\u00fcnen herkese sadece \u015funu s\u00f6yleyebilirim: g\u00f6n\u00fcl rahatl\u0131\u011f\u0131yla g\u00fcvenebilirsiniz! Ben bu ad\u0131m\u0131 att\u0131m ve yepyeni bir ya\u015fam hissinin tad\u0131n\u0131 \u00e7\u0131kar\u0131yorum! Bu vesileyle herkese te\u015fekk\u00fcr ederim.   <br>Gloria G.<\/p>\n\n\n\n<div class=\"wp-block-group is-layout-grid wp-container-core-group-is-layout-baef362d wp-block-group-is-layout-grid\">\n<p><a href=\"https:\/\/medicaltravel.at\/home\/agb\/\" data-type=\"page\" data-id=\"2191\" rel=\"nofollow noopener\" target=\"_blank\"><\/a><a href=\"https:\/\/swisslasik.ch\/tr\/hasta-yorumlari-lasik-goez-lazeri\/hayata-yeniden-baslamak-gibi-bir-sey-ve-tek-bir-dakikasina-bile-pisman-olmadim-6-ekim-2018-cumartesi-tarihli-rapor\/\" data-type=\"link\" data-id=\"https:\/\/swisslasik.ch\/tr\/hasta-yorumlari-lasik-goez-lazeri\/hayata-yeniden-baslamak-gibi-bir-sey-ve-tek-bir-dakikasina-bile-pisman-olmadim-6-ekim-2018-cumartesi-tarihli-rapor\/\">\u00d6nceki rapor<\/a><\/p>\n\n\n\n<p class=\"has-text-align-right wp-container-content-5e2576f9\"><a href=\"https:\/\/medicaltravel.at\/home\/impressum\/\" data-type=\"page\" data-id=\"2193\" rel=\"nofollow noopener\" target=\"_blank\"><\/a><a href=\"https:\/\/medicaltravel.at\/home\/berichte-von-patienten\/erfahrungsberichte\/erfahrungsbericht-zahnbehandlung-in-istanbul\/\" data-type=\"page\" data-id=\"981\" rel=\"nofollow noopener\" target=\"_blank\"><\/a><a href=\"https:\/\/swisslasik.ch\/tr\/hasta-yorumlari-lasik-goez-lazeri\/istanbulda-lazer-goez-ameliyati-deneyim-raporum-1-mayis-2018-sali-tarihli-rapor\/\" data-type=\"link\" data-id=\"https:\/\/swisslasik.ch\/tr\/hasta-yorumlari-lasik-goez-lazeri\/istanbulda-lazer-goez-ameliyati-deneyim-raporum-1-mayis-2018-sali-tarihli-rapor\/\">Sonraki rapor<\/a><\/p>\n<\/div>\n","protected":false},"excerpt":{"rendered":"<p>\u0130stanbul&#8217;da ge\u00e7irdi\u011fim lazer g\u00f6z ameliyat\u0131m &#8211; 4 \u015eubat 2019 Pazartesi tarihli rapor 30 y\u0131ld\u0131r g\u00f6zl\u00fck tak\u0131yorum ve bu y\u00f6ntem hakk\u0131nda \u00e7ok \u015fey duydum. Birka\u00e7 tan\u0131d\u0131\u011f\u0131m da Swisslasik arac\u0131l\u0131\u011f\u0131yla bu i\u015flemi yapt\u0131rd\u0131 ve hepsi memnun kald\u0131. Elbette, her zaman bir \u015feylerin ters gitme ihtimali var, ancak sonunda g\u00f6zl\u00fcks\u00fcz olman\u0131n verdi\u011fi mutluluk daha b\u00fcy\u00fck. Bu y\u00fczden olduk\u00e7a kendili\u011finden karar verdim: ya \u015fimdi ya da asla! \u0130lk ileti\u015fimden itibaren kendimi \u00e7ok iyi dan\u0131\u015fmanl\u0131k alm\u0131\u015f ve g\u00fcvende hissettim. E-posta ya da hatta WhatsApp \u00fczerinden yazabiliyordum ve hafta sonlar\u0131 bile her zaman cevap ald\u0131m. Refakat\u00e7ili standart paketi se\u00e7tim. Rezervasyon ve \u00f6deme s\u00fcreci de sorunsuz ge\u00e7ti. Hatta daha erken d\u00f6nmem gerekti; bu da hi\u00e7 sorun olmad\u0131.E\u015fimle birlikte 26.12.2018 tarihinde \u0130stanbul\u2019a u\u00e7tuk. Transfer kalabal\u0131k ve karma\u015fa i\u00e7inde bizi ilk ba\u015fta bulmakta zorland\u0131 ama telefonuma baksayd\u0131m, yap\u0131lan aramalar\u0131 ve mesajlar\u0131 g\u00f6r\u00fcrd\u00fcm. Birinci Klinik\u2019e giderken, ara\u00e7 s\u00fcr\u00fcc\u00fcs\u00fc arac\u0131l\u0131\u011f\u0131yla Almanca konu\u015fan hasta sorumlusu Bayan Belgin beni arad\u0131. Bizi \u00e7ok yetkin bir \u015fekilde bilgilendirdi ve ertesi sabah ilk muayene i\u00e7in bulu\u015fmak \u00fczere anla\u015ft\u0131k.Klini\u011fe vard\u0131\u011f\u0131m\u0131zda odam\u0131za al\u0131nd\u0131k. Do\u011fal olarak iki klinik yata\u011f\u0131 vard\u0131 ve biz bunlar\u0131 yan yana getirdik. \u015eehir ger\u00e7ekten \u00e7ok canl\u0131yd\u0131 ve bir an \u00f6nce d\u0131\u015far\u0131 \u00e7\u0131k\u0131p g\u00f6rmek i\u00e7in sab\u0131rs\u0131zlan\u0131yorduk. Bu y\u00fczden hemen d\u0131\u015far\u0131 \u00e7\u0131kt\u0131k. \u0130stanbul\u2019da taksiler ger\u00e7ekten \u00e7ok ucuz ve bizi h\u0131zl\u0131ca gidece\u011fimiz yere g\u00f6t\u00fcrd\u00fcklerinde \u00e7ok memnun kald\u0131k. G\u00fczel bir ak\u015fam\u0131n ard\u0131ndan klini\u011fe geri d\u00f6nd\u00fck. Ancak o zaman bize ak\u015fam yeme\u011fi haz\u0131rland\u0131\u011f\u0131n\u0131 fark ettik. Daha \u00f6nce yemek yedi\u011fimiz i\u00e7in buna ger\u00e7ekten \u00fcz\u00fcld\u00fck.Dinlendirici ge\u00e7en ilk gecenin ve odada yap\u0131lan kahvalt\u0131n\u0131n ard\u0131ndan, kararla\u015ft\u0131r\u0131ld\u0131\u011f\u0131 gibi resepsiyona indim. Ne yaz\u0131k ki g\u00fcler y\u00fczl\u00fc g\u00f6revliler sadece T\u00fcrk\u00e7e konu\u015fuyordu, ancak hemen yetkili birini arad\u0131lar. Bu ki\u015fi Almanca ya da \u0130ngilizce konu\u015fuyordu. B\u00f6ylece beni alacaklar\u0131n\u0131 ve rahatlamam gerekti\u011fini anlatt\u0131lar\u2026 bir \u0130svi\u00e7reli olarak insan tabii ki verilen saate uymaya \u00e7al\u0131\u015f\u0131yor. Odaya geri d\u00f6nd\u00fckten k\u0131sa bir s\u00fcre sonra Bayan Belgin geldi. Beni g\u00fcler y\u00fczle ve ayr\u0131nt\u0131l\u0131 \u015fekilde bilgilendirdi, t\u00fcm sorular\u0131m\u0131 ve endi\u015felerimi b\u00fcy\u00fck bir sab\u0131rla yan\u0131tlad\u0131. Art\u0131k vizite zaman\u0131 gelmi\u015fti. Her \u015fey \u00e7ok h\u0131zl\u0131 ve sorunsuz ilerledi. Herkes g\u00f6rev yerindeydi ve neredeyse hi\u00e7 beklemedim. Bir seferinde yakla\u015f\u0131k 20 dakika beklemem gerekti, hemen bir kahve getirildi. Ger\u00e7ekten herkes \u00e7ok nazikti ve Bayan Belgin her zaman yan\u0131mdayd\u0131. Doktor da memnundu ve \u00f6\u011fleden sonraki operasyon i\u00e7in ye\u015fil \u0131\u015f\u0131k yakt\u0131. Hen\u00fcz sabah oldu\u011fu i\u00e7in uzun bir al\u0131\u015fveri\u015f turuna \u00e7\u0131kmaya karar verdik. Bu \u00e7ok rahatlat\u0131c\u0131yd\u0131 ve ger\u00e7ekten \u00e7ok g\u00fczel yemekler yedik. Hi\u00e7 gergin de\u011fildim, aksine her \u015feyin yak\u0131nda ba\u015flayacak olmas\u0131na seviniyordum.Saat tam 16.00\u2019da, kararla\u015ft\u0131r\u0131ld\u0131\u011f\u0131 gibi Bayan Belgin ile bulu\u015ftuk. Bana damlalar verildi, steril bir \u00f6nl\u00fck, bone ve terlik giydirildi. Normalde heyecan\u0131 azaltmak i\u00e7in sakinle\u015ftirici verilir ama ben o kadar sakindim ki, doktora bile buna ihtiyac\u0131m olmad\u0131\u011f\u0131na ikna ettim. Ve b\u00fcy\u00fck an geldi. Ger\u00e7ekten her \u015fey \u00e7ok h\u0131zl\u0131 oluyor. Hi\u00e7 ac\u0131 hissedilmiyor, sadece biraz bask\u0131 var. Bana hatta \u00e7ok ilgin\u00e7 geldi\u2026 Bayan Belgin\u2019e de; daha \u00f6nce hi\u00e7 bu kadar rahat bir hasta g\u00f6rmedi\u011fini s\u00f6yledi. Ve bir anda bitmi\u015fti. Tabii ki doktorla birlikte web sitesi i\u00e7in bir selfie de \u00e7ektik. Bana koruyucu g\u00f6zl\u00fck tak\u0131ld\u0131, biraz bulan\u0131k g\u00f6r\u00fcyordum ama \u015fa\u015f\u0131rt\u0131c\u0131 bir \u015fekilde g\u00f6rebiliyordum. \u015eimdi odama gitmem ve g\u00f6zlerimi m\u00fcmk\u00fcn oldu\u011funca dinlendirmem gerekiyordu.Belgelerde g\u00f6z damlalar\u0131n\u0131 kullanmam gerekti\u011fi yaz\u0131yordu ama odada haz\u0131r de\u011fildi. Hem\u015fireye sordum, sorun olmad\u0131\u011f\u0131n\u0131, d\u00fczenli olarak bana damlalar\u0131 vereceklerini s\u00f6yledi. Bana bir a\u011fr\u0131 kesici ve uyumam i\u00e7in bir Xanax verildi. Saat hen\u00fcz 17.00 oldu\u011fu i\u00e7in almak istemedim\u2026 k\u00f6t\u00fc bir fikirdi. A\u011fr\u0131lar ba\u015flad\u0131. Bunun \u00fczerine a\u011fr\u0131 kesiciyi ald\u0131m ve g\u00f6z damlalar\u0131n\u0131 istedim, bu da hemen rahatlama sa\u011flad\u0131. Ancak g\u00f6zlerim \u00e7ok fazla suland\u0131\u011f\u0131 i\u00e7in yakla\u015f\u0131k 30 dakika sonra etkisi ge\u00e7ti ve \u015fiddetli a\u011fr\u0131lar ba\u015flad\u0131. Bu bir yanma hissi de\u011fildi, daha \u00e7ok uykudan uyan\u0131p a\u00e7\u0131k g\u00f6z\u00fcn \u00f6n\u00fcne g\u00fc\u00e7l\u00fc bir far tutulmu\u015f ve g\u00f6z\u00fcn\u00fc kapatmana izin verilmiyormu\u015f gibi bir histi. Bunun tamamen normal oldu\u011fu s\u00f6ylendi ve mutlaka uyku ilac\u0131n\u0131 almam gerekti\u011fi belirtildi. Ben yine de daha iyi bildi\u011fimi d\u00fc\u015f\u00fcn\u00fcp bekledim. D\u00f6rd\u00fcnc\u00fc kez damlalar i\u00e7in hem\u015fireye gitti\u011fimde, bunun son kez olaca\u011f\u0131 s\u00f6ylendi. \u0130\u00e7inde kortizon oldu\u011fu ve bu kadar s\u0131k veremeyece\u011fi belirtildi. Damladan sonra neredeyse hi\u00e7 a\u011fr\u0131 hissetmedi\u011fim i\u00e7in \u00e7ok \u00e7aresiz kald\u0131m; oysa a\u011fr\u0131 kesiciler (ikinciyi alm\u0131\u015ft\u0131m) bende hi\u00e7 i\u015fe yaram\u0131yordu.Bir saat sonra tekrar hem\u015fireye gittim, bu s\u0131rada vardiya de\u011fi\u015fmi\u015fti. Bir erkek hem\u015fire derdimi dinledi (bu arada her \u015fey Google Translate ile T\u00fcrk\u00e7e yap\u0131ld\u0131) ve bana hemen damlalar\u0131 verdi. Bunun sorun olmad\u0131\u011f\u0131n\u0131 ama art\u0131k mutlaka UYUMAM gerekti\u011fini s\u00f6yledi. Bunun \u00fczerine uyku ilac\u0131n\u0131 ald\u0131m. Huzursuz ge\u00e7en bir saatin ve a\u011fr\u0131lar\u0131n tekrar ba\u015flayaca\u011f\u0131 korkusunun ard\u0131ndan ger\u00e7ekten uykuya dald\u0131m. Ac\u0131s\u0131z bir \u015fekilde uyudum ve sanki hi\u00e7bir \u015fey olmam\u0131\u015f gibi uyand\u0131m. Sadece \u0131\u015f\u0131k rahats\u0131z ediyordu. Uyan\u0131r uyanmaz o g\u00fcler y\u00fczl\u00fc hem\u015fire geldi ve ilk olarak damlalar\u0131 verdi. B\u00f6ylece g\u00fcne g\u00f6zl\u00fcks\u00fcz ve kendimi \u00e7ok iyi hissederek ba\u015flad\u0131m.K\u0131sa s\u00fcre sonra Bayan Belgin gelip nas\u0131l hissetti\u011fimi sordu. Ona bir \u00f6nceki ak\u015famki davran\u0131\u015flar\u0131m\u0131 anlatt\u0131m, o da g\u00fclerek bunun sorun olmad\u0131\u011f\u0131n\u0131 s\u00f6yledi. Bu a\u011fr\u0131lar\u0131n tamamen normal oldu\u011funu ve \u00e7ok daha zor durumlar g\u00f6rd\u00fc\u011f\u00fcn\u00fc anlatt\u0131. \u00d6\u011fleden sonra u\u00e7a\u011f\u0131m oldu\u011fu i\u00e7in kontrol muayenesine gitmek \u00fczere yola \u00e7\u0131kt\u0131k. Bir \u00f6nceki ak\u015famki hem\u015fireyle kar\u015f\u0131la\u015ft\u0131m ve ondan \u00f6z\u00fcr diledim. O ise sadece g\u00fclerek, di\u011ferlerine k\u0131yasla gayet medeni davrand\u0131\u011f\u0131m\u0131 s\u00f6yledi. Kontrol muayenesi yine \u00e7ok iyi organize edilmi\u015fti ve bir saat sonra taburcu edildim. Her \u015feyin yolunda oldu\u011fu s\u00f6ylendi ve doktor da \u00e7ok memnundu. Daha sonra havaalan\u0131na do\u011fru yola \u00e7\u0131kt\u0131k ve transfer bizi do\u011frudan giri\u015fin \u00f6n\u00fcnde b\u0131rakt\u0131. Her \u015fey o kadar sorunsuz ilerledi ki! \u0130lk ba\u015fta her \u015feyin bu kadar iyi gitmi\u015f olmas\u0131na inanmakta zorland\u0131m. \u0130lk g\u00fcnler i\u00e7in, kullan\u0131lmas\u0131 gereken damlalar ve uyulmas\u0131 gereken talimatlar ayr\u0131nt\u0131l\u0131 \u015fekilde veriliyor. Benim hi\u00e7bir yan etkim olmad\u0131, sadece ara s\u0131ra g\u00f6z kurulu\u011fu ya\u015fad\u0131m ki bu zaten normal. Bu hafta (yani operasyondan yakla\u015f\u0131k 4 hafta sonra) kontrol muayenesine gittim. Her \u015fey \u00e7ok iyi iyile\u015fmi\u015f. G\u00f6rmemde sadece 0,5 eksik var ki bu neredeyse s\u0131f\u0131r demek ve astigmat\u0131m h\u00e2l\u00e2 belirgin, ancak bunun zamanla d\u00fczelmesi m\u00fcmk\u00fcn.Sonu\u00e7 olarak: bunu HEMEN tekrar yapt\u0131r\u0131rd\u0131m ve \u015fimdi g\u00f6zl\u00fck kullanan t\u00fcm tan\u0131d\u0131klar\u0131m\u0131 bu ad\u0131m\u0131 atmaya ikna etmeye \u00e7al\u0131\u015f\u0131yorum! Organizasyon, klini\u011fin temizli\u011fi ve verilen hizmet konusunda ele\u015ftirebilece\u011fim hi\u00e7bir \u015fey yok. Birinci Klinik\u2019te konaklayacak olanlara k\u00fc\u00e7\u00fck bir not: yemekler odaya getiriliyor. Biz d\u0131\u015far\u0131da oldu\u011fumuz i\u00e7in neredeyse hepsini ka\u00e7\u0131rd\u0131k. \u015eimdi di\u015f tedavilerimizi yapt\u0131rmay\u0131 d\u00fc\u015f\u00fcn\u00fcyoruz. Bunu d\u00fc\u015f\u00fcnen herkese sadece \u015funu s\u00f6yleyebilirim: g\u00f6n\u00fcl rahatl\u0131\u011f\u0131yla g\u00fcvenebilirsiniz! Ben bu ad\u0131m\u0131 att\u0131m ve yepyeni bir ya\u015fam hissinin tad\u0131n\u0131 \u00e7\u0131kar\u0131yorum! Bu vesileyle herkese te\u015fekk\u00fcr ederim. Gloria G. \u00d6nceki<\/p>\n","protected":false},"author":4,"featured_media":0,"parent":3801,"menu_order":0,"comment_status":"closed","ping_status":"closed","template":"","meta":{"_joinchat":[],"footnotes":""},"class_list":["post-3923","page","type-page","status-publish","hentry"],"acf":[],"_links":{"self":[{"href":"https:\/\/swisslasik.ch\/tr\/wp-json\/wp\/v2\/pages\/3923","targetHints":{"allow":["GET"]}}],"collection":[{"href":"https:\/\/swisslasik.ch\/tr\/wp-json\/wp\/v2\/pages"}],"about":[{"href":"https:\/\/swisslasik.ch\/tr\/wp-json\/wp\/v2\/types\/page"}],"author":[{"embeddable":true,"href":"https:\/\/swisslasik.ch\/tr\/wp-json\/wp\/v2\/users\/4"}],"replies":[{"embeddable":true,"href":"https:\/\/swisslasik.ch\/tr\/wp-json\/wp\/v2\/comments?post=3923"}],"version-history":[{"count":2,"href":"https:\/\/swisslasik.ch\/tr\/wp-json\/wp\/v2\/pages\/3923\/revisions"}],"predecessor-version":[{"id":4661,"href":"https:\/\/swisslasik.ch\/tr\/wp-json\/wp\/v2\/pages\/3923\/revisions\/4661"}],"up":[{"embeddable":true,"href":"https:\/\/swisslasik.ch\/tr\/wp-json\/wp\/v2\/pages\/3801"}],"wp:attachment":[{"href":"https:\/\/swisslasik.ch\/tr\/wp-json\/wp\/v2\/media?parent=3923"}],"curies":[{"name":"wp","href":"https:\/\/api.w.org\/{rel}","templated":true}]}}