{"id":3931,"date":"2025-09-24T11:24:43","date_gmt":"2025-09-24T10:24:43","guid":{"rendered":"https:\/\/swisslasik.ch\/hasta-yorumlari-lasik-goez-lazeri\/istanbul-tuerkiyede-lasik-goez-lazer-tedavisi-icin-oenerim\/"},"modified":"2026-01-08T23:54:53","modified_gmt":"2026-01-08T22:54:53","slug":"istanbul-tuerkiyede-lasik-goez-lazer-tedavisi-icin-oenerim","status":"publish","type":"page","link":"https:\/\/swisslasik.ch\/tr\/hasta-yorumlari-lasik-goez-lazeri\/istanbul-tuerkiyede-lasik-goez-lazer-tedavisi-icin-oenerim\/","title":{"rendered":"\u0130stanbul, T\u00fcrkiye&#8217;de LASIK g\u00f6z lazer tedavisi i\u00e7in \u00f6nerim."},"content":{"rendered":"\n<h3 class=\"wp-block-heading\">T\u00fcrkiye&#8217;de, \u0130stanbul&#8217;da lazer g\u00f6z ameliyat\u0131 i\u00e7in tavsiyem &#8211; 20 Haziran 2020 tarihli rapor<\/h3>\n\n<p>Temmuz 2018&#8217;de \u0130stanbul&#8217;da ge\u00e7irdi\u011fim g\u00f6z ameliyat\u0131m (lazer g\u00f6z ameliyat\u0131):<\/p>\n\n<p>Ameliyattan \u00f6nce, bilgisayar ba\u015f\u0131nda g\u00f6zlerimi daha uygun fiyatlarla tedavi etmenin yollar\u0131n\u0131 ar\u0131yordum. \u0130svi\u00e7re&#8217;de her \u015feyin ne kadar pahal\u0131 oldu\u011funu hepimiz biliyoruz ve \u0130svi\u00e7reli doktorlara olan g\u00fcvenim de yoktu, bu y\u00fczden Swisslasik&#8217;e rastlad\u0131m. \u0130lk yapt\u0131\u011f\u0131m \u015fey m\u00fc\u015fteri yorumlar\u0131na bakmak, ard\u0131ndan g\u00f6z tedavisi se\u00e7enekleri hakk\u0131nda bilgi edinmek oldu. Optik\u00e7imden 90 g\u00fcnl\u00fck kontakt lens i\u00e7in 120 \u0130svi\u00e7re frang\u0131 \u00f6demekten b\u0131km\u0131\u015ft\u0131m.<br\/>Zaten T\u00fcrkiye&#8217;de bir tatil planl\u0131yordum, bu y\u00fczden zamanlama m\u00fckemmeldi.<br\/>Swisslasik ile birka\u00e7 e-posta al\u0131\u015fveri\u015finden sonra g\u00f6zlerimi lazerle tedavi ettirmeye karar verdim; fiyat\u0131 da \u00e7ok uygundu.    <\/p>\n\n<p>Biz (anne babam, karde\u015flerim ve ben) arabayla T\u00fcrkiye&#8217;ye gittik ve \u0130stanbul&#8217;da da kendi imkanlar\u0131m\u0131zla dola\u015ft\u0131k. Konaklamam\u0131z\u0131 kendimiz ayarlad\u0131k (ben ba\u011f\u0131ms\u0131z d\u00fc\u015f\u00fcnmeyi ve hareket etmeyi tercih eden biriyim). Trafi\u011fe al\u0131\u015f\u0131yorsunuz; her zaman sorunsuz bir \u015fekilde ge\u00e7meyi ba\u015fard\u0131k.  <\/p>\n\n<p>\u0130lk hafta boyunca kendimize zaman ay\u0131rd\u0131k, her yere gittik ve s\u0131cakl\u0131\u011f\u0131n, yemeklerin ve tuzlu denizin tad\u0131n\u0131 \u00e7\u0131kard\u0131k.<br\/>Al\u0131\u015fveri\u015ften ho\u015flanan ve b\u00f6lgeyi \u00e7ok iyi tan\u0131mayanlar i\u00e7in &#8220;Kapal\u0131 \u00c7ar\u015f\u0131&#8221;y\u0131 tavsiye edebilirim.<\/p>\n\n<p>Maslak Hastanesi&#8217;ndeki ameliyat g\u00fcn\u00fcnde resepsiyona ba\u015fvurduk ve k\u0131sa s\u00fcre sonra Swisslasik taraf\u0131ndan g\u00f6revlendirilen irtibat ki\u015fimiz geldi.<\/p>\n\n<p>Her zamanki gibi gergindim ama ayn\u0131 zamanda hayat\u0131m\u0131n o g\u00fcnden itibaren daha iyiye do\u011fru de\u011fi\u015fece\u011fi i\u00e7in heyecanl\u0131yd\u0131m. Ameliyattan \u00f6nce, her \u015feyin yolunda oldu\u011fundan emin olmak i\u00e7in bir g\u00f6z muayenesi daha olduk. <\/p>\n\n<p>Ameliyathaneye girmeden \u00f6nce bana bir hasta \u00f6nl\u00fc\u011f\u00fc verildi. Do\u011fal olarak o anda \u00e7ok gergindim.<br\/>Ameliyat sorunsuz ve a\u011fr\u0131s\u0131z ge\u00e7ti. G\u00f6zlerimin etraf\u0131nda bo\u015fluk gerekti\u011fi i\u00e7in, g\u00f6zlerim bir aletle yerinde tutuldu, ancak rahats\u0131z edici de\u011fildi. 20 dakika s\u00fcrd\u00fc.   <\/p>\n\n<p>Ameliyattan sonra g\u00f6zlerimde kum taneleri varm\u0131\u015f gibi bir his olu\u015ftu, ama bunun normal oldu\u011funu ve zaten bildi\u011fimi s\u00f6yledim. G\u00f6zlerimi korumak i\u00e7in \u00f6zel g\u00f6zl\u00fckler verildi. Ayr\u0131ca \u00fc\u00e7 farkl\u0131 t\u00fcrde \u00f6zel g\u00f6z damlas\u0131 da ald\u0131m. Bu arada, uzun etkili g\u00f6z damlas\u0131n\u0131 da burada eczanede bulabilirsiniz (Artelac Splash EDO). Belki 2020&#8217;de yeni g\u00f6z damlalar\u0131 da sat\u0131\u015fa sunulur.<\/p>\n\n<p>Sadece bir g\u00fcn sonra evden \u00e7\u0131k\u0131p \u015fehri ke\u015ffetmeye devam edebildim ve g\u00f6zlerimde art\u0131k hi\u00e7bir kumlanma hissetmiyordum. Koruyucu g\u00f6zl\u00fcklerimi takmaya devam ettim. Genel olarak, harika bir tatil ge\u00e7irdim. Swisslasik&#8217;i ve \u015fehri herkese \u015fiddetle tavsiye ederim.   <\/p>\n\n<p>Geriye d\u00f6n\u00fcp bakt\u0131\u011f\u0131mda:<br\/>\u015eimdi, neredeyse iki y\u0131l sonra, hala \u00e7ok memnunum ve g\u00f6r\u00fc\u015f\u00fcm hala ayn\u0131 derecede iyi. Bilgisayar ba\u015f\u0131nda \u00e7ok zaman ge\u00e7irdi\u011fim i\u00e7in g\u00f6zlerimi korumak hala \u00f6nemli; onlara nas\u0131l davranaca\u011f\u0131m bana kalm\u0131\u015f. <\/p>\n\n<p>T\u00fcrkiye&#8217;de \u00e7ok zaman ge\u00e7irdikten sonra \u015funu da s\u00f6yleyebilirim ki, burada insanlar\u0131n s\u00f6yledikleri sadece sansasyonel medyan\u0131n \u00fcr\u00fcn\u00fc. Oradaki insanlar normal, sakin ve yard\u0131msever. T\u00fcrkiye&#8217;de ba\u015fka hi\u00e7bir yerde olmad\u0131\u011f\u0131 kadar \u00e7ok g\u00fcl\u00fcmsemeyle kar\u015f\u0131lan\u0131yorum.<br\/>\u0130nsanlar yolunuzu kesmiyor veya size bir \u015fey satmaya \u00e7al\u0131\u015fm\u0131yor. Sar\u0131\u015f\u0131n olsalar bile kad\u0131nlar sokaklarda tek ba\u015flar\u0131na y\u00fcr\u00fcmekte sorun ya\u015fam\u0131yorlar. Orada da burada oldu\u011fu kadar rahat hissediyorum.<br\/>T\u00fcrkiye&#8217;nin \u015fu anki cumhurba\u015fkan\u0131 olmasayd\u0131, \u00fclke kom\u00fcnistlerin elinde olurdu, \u00f6zg\u00fcrl\u00fck olmazd\u0131 ve i\u015fler sadece belirli ki\u015filere verilirdi.    <\/p>\n\n<p>\u015eahsen ya\u015fad\u0131\u011f\u0131m \u015fey bir mucizeydi: Bir pazarda giyim e\u015fyas\u0131 satan bir tezgahta biraz para b\u0131rakm\u0131\u015ft\u0131m \u2013 k\u00fc\u00e7\u00fck bir miktard\u0131, yakla\u015f\u0131k 30 \u0130svi\u00e7re frang\u0131. Sat\u0131c\u0131 yan\u0131ma ko\u015ftu ve tam ayr\u0131lmak \u00fczereyken b\u0131rakt\u0131\u011f\u0131m paray\u0131 bana verdi.<br\/>Ahmed B., 20 Haziran 2020 <\/p>\n","protected":false},"excerpt":{"rendered":"<p>T\u00fcrkiye&#8217;de, \u0130stanbul&#8217;da lazer g\u00f6z ameliyat\u0131 i\u00e7in tavsiyem &#8211; 20 Haziran 2020 tarihli rapor Temmuz 2018&#8217;de \u0130stanbul&#8217;da ge\u00e7irdi\u011fim g\u00f6z ameliyat\u0131m (lazer g\u00f6z ameliyat\u0131): Ameliyattan \u00f6nce, bilgisayar ba\u015f\u0131nda g\u00f6zlerimi daha uygun fiyatlarla tedavi etmenin yollar\u0131n\u0131 ar\u0131yordum. \u0130svi\u00e7re&#8217;de her \u015feyin ne kadar pahal\u0131 oldu\u011funu hepimiz biliyoruz ve \u0130svi\u00e7reli doktorlara olan g\u00fcvenim de yoktu, bu y\u00fczden Swisslasik&#8217;e rastlad\u0131m. \u0130lk yapt\u0131\u011f\u0131m \u015fey m\u00fc\u015fteri yorumlar\u0131na bakmak, ard\u0131ndan g\u00f6z tedavisi se\u00e7enekleri hakk\u0131nda bilgi edinmek oldu. Optik\u00e7imden 90 g\u00fcnl\u00fck kontakt lens i\u00e7in 120 \u0130svi\u00e7re frang\u0131 \u00f6demekten b\u0131km\u0131\u015ft\u0131m.Zaten T\u00fcrkiye&#8217;de bir tatil planl\u0131yordum, bu y\u00fczden zamanlama m\u00fckemmeldi.Swisslasik ile birka\u00e7 e-posta al\u0131\u015fveri\u015finden sonra g\u00f6zlerimi lazerle tedavi ettirmeye karar verdim; fiyat\u0131 da \u00e7ok uygundu. Biz (anne babam, karde\u015flerim ve ben) arabayla T\u00fcrkiye&#8217;ye gittik ve \u0130stanbul&#8217;da da kendi imkanlar\u0131m\u0131zla dola\u015ft\u0131k. Konaklamam\u0131z\u0131 kendimiz ayarlad\u0131k (ben ba\u011f\u0131ms\u0131z d\u00fc\u015f\u00fcnmeyi ve hareket etmeyi tercih eden biriyim). Trafi\u011fe al\u0131\u015f\u0131yorsunuz; her zaman sorunsuz bir \u015fekilde ge\u00e7meyi ba\u015fard\u0131k. \u0130lk hafta boyunca kendimize zaman ay\u0131rd\u0131k, her yere gittik ve s\u0131cakl\u0131\u011f\u0131n, yemeklerin ve tuzlu denizin tad\u0131n\u0131 \u00e7\u0131kard\u0131k.Al\u0131\u015fveri\u015ften ho\u015flanan ve b\u00f6lgeyi \u00e7ok iyi tan\u0131mayanlar i\u00e7in &#8220;Kapal\u0131 \u00c7ar\u015f\u0131&#8221;y\u0131 tavsiye edebilirim. Maslak Hastanesi&#8217;ndeki ameliyat g\u00fcn\u00fcnde resepsiyona ba\u015fvurduk ve k\u0131sa s\u00fcre sonra Swisslasik taraf\u0131ndan g\u00f6revlendirilen irtibat ki\u015fimiz geldi. Her zamanki gibi gergindim ama ayn\u0131 zamanda hayat\u0131m\u0131n o g\u00fcnden itibaren daha iyiye do\u011fru de\u011fi\u015fece\u011fi i\u00e7in heyecanl\u0131yd\u0131m. Ameliyattan \u00f6nce, her \u015feyin yolunda oldu\u011fundan emin olmak i\u00e7in bir g\u00f6z muayenesi daha olduk. Ameliyathaneye girmeden \u00f6nce bana bir hasta \u00f6nl\u00fc\u011f\u00fc verildi. Do\u011fal olarak o anda \u00e7ok gergindim.Ameliyat sorunsuz ve a\u011fr\u0131s\u0131z ge\u00e7ti. G\u00f6zlerimin etraf\u0131nda bo\u015fluk gerekti\u011fi i\u00e7in, g\u00f6zlerim bir aletle yerinde tutuldu, ancak rahats\u0131z edici de\u011fildi. 20 dakika s\u00fcrd\u00fc. Ameliyattan sonra g\u00f6zlerimde kum taneleri varm\u0131\u015f gibi bir his olu\u015ftu, ama bunun normal oldu\u011funu ve zaten bildi\u011fimi s\u00f6yledim. G\u00f6zlerimi korumak i\u00e7in \u00f6zel g\u00f6zl\u00fckler verildi. Ayr\u0131ca \u00fc\u00e7 farkl\u0131 t\u00fcrde \u00f6zel g\u00f6z damlas\u0131 da ald\u0131m. Bu arada, uzun etkili g\u00f6z damlas\u0131n\u0131 da burada eczanede bulabilirsiniz (Artelac Splash EDO). Belki 2020&#8217;de yeni g\u00f6z damlalar\u0131 da sat\u0131\u015fa sunulur. Sadece bir g\u00fcn sonra evden \u00e7\u0131k\u0131p \u015fehri ke\u015ffetmeye devam edebildim ve g\u00f6zlerimde art\u0131k hi\u00e7bir kumlanma hissetmiyordum. Koruyucu g\u00f6zl\u00fcklerimi takmaya devam ettim. Genel olarak, harika bir tatil ge\u00e7irdim. Swisslasik&#8217;i ve \u015fehri herkese \u015fiddetle tavsiye ederim. Geriye d\u00f6n\u00fcp bakt\u0131\u011f\u0131mda:\u015eimdi, neredeyse iki y\u0131l sonra, hala \u00e7ok memnunum ve g\u00f6r\u00fc\u015f\u00fcm hala ayn\u0131 derecede iyi. Bilgisayar ba\u015f\u0131nda \u00e7ok zaman ge\u00e7irdi\u011fim i\u00e7in g\u00f6zlerimi korumak hala \u00f6nemli; onlara nas\u0131l davranaca\u011f\u0131m bana kalm\u0131\u015f. T\u00fcrkiye&#8217;de \u00e7ok zaman ge\u00e7irdikten sonra \u015funu da s\u00f6yleyebilirim ki, burada insanlar\u0131n s\u00f6yledikleri sadece sansasyonel medyan\u0131n \u00fcr\u00fcn\u00fc. Oradaki insanlar normal, sakin ve yard\u0131msever. T\u00fcrkiye&#8217;de ba\u015fka hi\u00e7bir yerde olmad\u0131\u011f\u0131 kadar \u00e7ok g\u00fcl\u00fcmsemeyle kar\u015f\u0131lan\u0131yorum.\u0130nsanlar yolunuzu kesmiyor veya size bir \u015fey satmaya \u00e7al\u0131\u015fm\u0131yor. Sar\u0131\u015f\u0131n olsalar bile kad\u0131nlar sokaklarda tek ba\u015flar\u0131na y\u00fcr\u00fcmekte sorun ya\u015fam\u0131yorlar. Orada da burada oldu\u011fu kadar rahat hissediyorum.T\u00fcrkiye&#8217;nin \u015fu anki cumhurba\u015fkan\u0131 olmasayd\u0131, \u00fclke kom\u00fcnistlerin elinde olurdu, \u00f6zg\u00fcrl\u00fck olmazd\u0131 ve i\u015fler sadece belirli ki\u015filere verilirdi. \u015eahsen ya\u015fad\u0131\u011f\u0131m \u015fey bir mucizeydi: Bir pazarda giyim e\u015fyas\u0131 satan bir tezgahta biraz para b\u0131rakm\u0131\u015ft\u0131m \u2013 k\u00fc\u00e7\u00fck bir miktard\u0131, yakla\u015f\u0131k 30 \u0130svi\u00e7re frang\u0131. Sat\u0131c\u0131 yan\u0131ma ko\u015ftu ve tam ayr\u0131lmak \u00fczereyken b\u0131rakt\u0131\u011f\u0131m paray\u0131 bana verdi.Ahmed B., 20 Haziran 2020<\/p>\n","protected":false},"author":4,"featured_media":0,"parent":3801,"menu_order":0,"comment_status":"closed","ping_status":"closed","template":"","meta":{"_joinchat":[],"footnotes":""},"class_list":["post-3931","page","type-page","status-publish","hentry"],"acf":[],"_links":{"self":[{"href":"https:\/\/swisslasik.ch\/tr\/wp-json\/wp\/v2\/pages\/3931","targetHints":{"allow":["GET"]}}],"collection":[{"href":"https:\/\/swisslasik.ch\/tr\/wp-json\/wp\/v2\/pages"}],"about":[{"href":"https:\/\/swisslasik.ch\/tr\/wp-json\/wp\/v2\/types\/page"}],"author":[{"embeddable":true,"href":"https:\/\/swisslasik.ch\/tr\/wp-json\/wp\/v2\/users\/4"}],"replies":[{"embeddable":true,"href":"https:\/\/swisslasik.ch\/tr\/wp-json\/wp\/v2\/comments?post=3931"}],"version-history":[{"count":1,"href":"https:\/\/swisslasik.ch\/tr\/wp-json\/wp\/v2\/pages\/3931\/revisions"}],"predecessor-version":[{"id":3932,"href":"https:\/\/swisslasik.ch\/tr\/wp-json\/wp\/v2\/pages\/3931\/revisions\/3932"}],"up":[{"embeddable":true,"href":"https:\/\/swisslasik.ch\/tr\/wp-json\/wp\/v2\/pages\/3801"}],"wp:attachment":[{"href":"https:\/\/swisslasik.ch\/tr\/wp-json\/wp\/v2\/media?parent=3931"}],"curies":[{"name":"wp","href":"https:\/\/api.w.org\/{rel}","templated":true}]}}