{"id":3935,"date":"2025-09-24T11:24:06","date_gmt":"2025-09-24T10:24:06","guid":{"rendered":"https:\/\/swisslasik.ch\/hasta-yorumlari-lasik-goez-lazeri\/oenerim-istanbul-tuerkiyede-trifokal-lensler\/"},"modified":"2026-01-14T02:16:29","modified_gmt":"2026-01-14T01:16:29","slug":"oenerim-istanbul-tuerkiyede-trifokal-lensler","status":"publish","type":"page","link":"https:\/\/swisslasik.ch\/tr\/hasta-yorumlari-lasik-goez-lazeri\/oenerim-istanbul-tuerkiyede-trifokal-lensler\/","title":{"rendered":"\u00d6nerim: \u0130stanbul, T\u00fcrkiye&#8217;de trifokal lensler."},"content":{"rendered":"\n<h3 class=\"wp-block-heading\">T\u00fcrkiye&#8217;de, \u00f6zellikle \u0130stanbul&#8217;da, trifokal lensler i\u00e7in tavsiyem<\/h3>\n\n\n\n<p><strong>\u0130stanbul&#8217;da multifokal lens tedavisi hakk\u0131ndaki deneyimim\/tavsiyem.<\/strong><\/p>\n\n\n\n<p>\u015eimdi \u0130stanbul\u2019dan \u0130svi\u00e7re\u2019ye geri d\u00f6n\u00fcyorum. \u0130stanbul\u2019a ilk geldi\u011fimde ameliyat \u00f6ncesinde korkmu\u015f ve \u00e7ok gergindim. Doktor Faik\u2019i, etraf\u0131ndaki t\u00fcm ekibi, terc\u00fcman\u0131 ve \u015fof\u00f6r\u00fc tan\u0131d\u0131ktan sonra ise kendimi \u00e7ok daha rahat ve huzurlu hissettim. Size \u015funu s\u00f6yleyebilirim ki, pazar g\u00fcn\u00fcnden beri art\u0131k g\u00f6zl\u00fck takm\u0131yorum; <a href=\"https:\/\/swisslasik.ch\/tr\/lazer-goez-ameliyati-tuerkiye-istanbul\/multifokallinsen-trifokallinsen-tuerkei-istanbul-antalya-izmir\/\" data-type=\"link\" data-id=\"https:\/\/swisslasik.ch\/augen-lasern\/multifokallinsen\/\">trifokal lens <\/a>tedavem sayesinde okuma g\u00f6zl\u00fc\u011f\u00fcne bile ihtiyac\u0131m yok.   <\/p>\n\n\n\n<p>\u00c7ok mutluyum, SwissLasik&#8217;e te\u015fekk\u00fcr ederim!<\/p>\n\n\n\n<p>Semija F.<\/p>\n\n\n\n<div class=\"wp-block-group is-layout-grid wp-container-core-group-is-layout-baef362d wp-block-group-is-layout-grid\">\n<p><a href=\"https:\/\/medicaltravel.at\/home\/agb\/\" data-type=\"page\" data-id=\"2191\" rel=\"nofollow noopener\" target=\"_blank\"><\/a><a href=\"https:\/\/swisslasik.ch\/tr\/hasta-yorumlari-lasik-goez-lazeri\/istanbulda-lazer-goez-ameliyati-deneyimim\/\" data-type=\"link\" data-id=\"https:\/\/swisslasik.ch\/tr\/hasta-yorumlari-lasik-goez-lazeri\/istanbulda-lazer-goez-ameliyati-deneyimim\/\">\u00d6nceki rapor<\/a><\/p>\n\n\n\n<p class=\"has-text-align-right wp-container-content-5e2576f9\"><a href=\"https:\/\/medicaltravel.at\/home\/impressum\/\" data-type=\"page\" data-id=\"2193\" rel=\"nofollow noopener\" target=\"_blank\"><\/a><a href=\"https:\/\/medicaltravel.at\/home\/berichte-von-patienten\/erfahrungsberichte\/erfahrungsbericht-zahnbehandlung-in-istanbul\/\" data-type=\"page\" data-id=\"981\" rel=\"nofollow noopener\" target=\"_blank\"><\/a><a href=\"https:\/\/swisslasik.ch\/tr\/hasta-yorumlari-lasik-goez-lazeri\/istanbul-tuerkiyede-lasik-goez-lazer-tedavisi-icin-oenerim-2\/\" data-type=\"link\" data-id=\"https:\/\/swisslasik.ch\/patientenberichte-lasik\/empfehlung-augenlaser-tuerkei-istanbul-2\/\">Sonraki rapor<\/a><\/p>\n<\/div>\n","protected":false},"excerpt":{"rendered":"<p>T\u00fcrkiye&#8217;de, \u00f6zellikle \u0130stanbul&#8217;da, trifokal lensler i\u00e7in tavsiyem \u0130stanbul&#8217;da multifokal lens tedavisi hakk\u0131ndaki deneyimim\/tavsiyem. \u015eimdi \u0130stanbul\u2019dan \u0130svi\u00e7re\u2019ye geri d\u00f6n\u00fcyorum. \u0130stanbul\u2019a ilk geldi\u011fimde ameliyat \u00f6ncesinde korkmu\u015f ve \u00e7ok gergindim. Doktor Faik\u2019i, etraf\u0131ndaki t\u00fcm ekibi, terc\u00fcman\u0131 ve \u015fof\u00f6r\u00fc tan\u0131d\u0131ktan sonra ise kendimi \u00e7ok daha rahat ve huzurlu hissettim. Size \u015funu s\u00f6yleyebilirim ki, pazar g\u00fcn\u00fcnden beri art\u0131k g\u00f6zl\u00fck takm\u0131yorum; trifokal lens tedavem sayesinde okuma g\u00f6zl\u00fc\u011f\u00fcne bile ihtiyac\u0131m yok. \u00c7ok mutluyum, SwissLasik&#8217;e te\u015fekk\u00fcr ederim! Semija F. \u00d6nceki rapor Sonraki rapor<\/p>\n","protected":false},"author":4,"featured_media":0,"parent":3801,"menu_order":0,"comment_status":"closed","ping_status":"closed","template":"","meta":{"_joinchat":[],"footnotes":""},"class_list":["post-3935","page","type-page","status-publish","hentry"],"acf":[],"_links":{"self":[{"href":"https:\/\/swisslasik.ch\/tr\/wp-json\/wp\/v2\/pages\/3935","targetHints":{"allow":["GET"]}}],"collection":[{"href":"https:\/\/swisslasik.ch\/tr\/wp-json\/wp\/v2\/pages"}],"about":[{"href":"https:\/\/swisslasik.ch\/tr\/wp-json\/wp\/v2\/types\/page"}],"author":[{"embeddable":true,"href":"https:\/\/swisslasik.ch\/tr\/wp-json\/wp\/v2\/users\/4"}],"replies":[{"embeddable":true,"href":"https:\/\/swisslasik.ch\/tr\/wp-json\/wp\/v2\/comments?post=3935"}],"version-history":[{"count":2,"href":"https:\/\/swisslasik.ch\/tr\/wp-json\/wp\/v2\/pages\/3935\/revisions"}],"predecessor-version":[{"id":4657,"href":"https:\/\/swisslasik.ch\/tr\/wp-json\/wp\/v2\/pages\/3935\/revisions\/4657"}],"up":[{"embeddable":true,"href":"https:\/\/swisslasik.ch\/tr\/wp-json\/wp\/v2\/pages\/3801"}],"wp:attachment":[{"href":"https:\/\/swisslasik.ch\/tr\/wp-json\/wp\/v2\/media?parent=3935"}],"curies":[{"name":"wp","href":"https:\/\/api.w.org\/{rel}","templated":true}]}}