{"id":3937,"date":"2025-09-24T11:23:27","date_gmt":"2025-09-24T10:23:27","guid":{"rendered":"https:\/\/swisslasik.ch\/hasta-yorumlari-lasik-goez-lazeri\/istanbulda-lazer-goez-ameliyati-deneyimim\/"},"modified":"2026-01-14T02:16:08","modified_gmt":"2026-01-14T01:16:08","slug":"istanbulda-lazer-goez-ameliyati-deneyimim","status":"publish","type":"page","link":"https:\/\/swisslasik.ch\/tr\/hasta-yorumlari-lasik-goez-lazeri\/istanbulda-lazer-goez-ameliyati-deneyimim\/","title":{"rendered":"\u0130stanbul&#8217;da lazer g\u00f6z ameliyat\u0131 deneyimim"},"content":{"rendered":"\n<h3 class=\"wp-block-heading\">\u0130stanbul, T\u00fcrkiye&#8217;de lazer g\u00f6z ameliyat\u0131 deneyimim<\/h3>\n\n\n\n<p><strong>\u0130stanbul&#8217;da lazer g\u00f6z ameliyat\u0131 hakk\u0131ndaki deneyimim\/tavsiyem.<\/strong><\/p>\n\n\n\n<p>\u0130stanbul&#8217;daki Ameliyat\u0131m<\/p>\n\n\n\n<p>Birka\u00e7 hafta \u00f6nce g\u00f6z lazer ameliyat\u0131 i\u00e7in \u0130stanbul&#8217;a gittim ve t\u00fcm deneyimden son derece memnun kald\u0131m! Swisslasik&#8217;i internette buldum ve hemen WhatsApp \u00fczerinden Serdar ile ileti\u015fime ge\u00e7tim. Hemen yan\u0131t verdi ve arad\u0131\u011f\u0131m t\u00fcm bilgileri ve daha fazlas\u0131n\u0131 bana sundu.  <\/p>\n\n\n\n<p>Seyahat planlamas\u0131 zor bir insan olmama ra\u011fmen, \u00e7ok k\u0131sa bir s\u00fcre i\u00e7inde her \u015feyi organize etmeyi ba\u015fard\u0131. Hastaneyi se\u00e7me \u015fans\u0131m oldu ve elbette en iyi se\u00e7ene\u011fi tercih ettim: Maslak&#8217;taki Ac\u0131badem Hastanesi&#8217;nde g\u00f6rev yapan Dr. Banu Cosar. Kendisi \u00e7ok profesyonel, sakin ve sab\u0131rl\u0131yd\u0131. Ameliyat \u00f6ncesi ve sonras\u0131 t\u00fcm sorular\u0131m\u0131 sorma f\u0131rsat\u0131m oldu ve yurt d\u0131\u015f\u0131ndan geldi\u011fimi ve sabah erken saatlerde vard\u0131\u011f\u0131m\u0131 bildi\u011fi i\u00e7in ameliyat saatimi daha erkene almay\u0131 bile ba\u015fard\u0131.   <\/p>\n\n\n\n<p>Ameliyat\u0131n kendisi \u00e7ok sorunsuz ge\u00e7ti ve i\u015flem s\u0131ras\u0131nda hi\u00e7 a\u011fr\u0131 hissetmedim. Ayr\u0131ca o kadar h\u0131zl\u0131 bitti ki, bitti\u011fini s\u00f6yledi\u011finde \u00e7ok \u015fa\u015f\u0131rd\u0131m. Sonras\u0131nda a\u011fr\u0131 olduk\u00e7a yo\u011fundu (g\u00f6z lazer ameliyatlar\u0131nda yayg\u0131n oldu\u011fu gibi), bu y\u00fczden o halde g\u00f6z damlas\u0131 almak olduk\u00e7a tela\u015fl\u0131yd\u0131. Bana ila\u00e7 almaya giderken yan\u0131mda bir terc\u00fcman e\u015flik etti ve g\u00f6zlerimi bir saniyeden fazla a\u00e7amad\u0131\u011f\u0131m i\u00e7in elimden tutarak bana yol g\u00f6sterdi.   <\/p>\n\n\n\n<p>Ayn\u0131 ameliyat\u0131 ge\u00e7irecek herkese tavsiyem, ameliyattan hemen sonra ayr\u0131labilmeniz i\u00e7in g\u00f6z damlalar\u0131n\u0131 ameliyattan \u00f6nce sat\u0131n al\u0131n. Ameliyattan sonra beni otelime geri g\u00f6t\u00fcrmek i\u00e7in hastane servisi ayarlanm\u0131\u015ft\u0131, ancak sadece 30 dakikada bir kalkt\u0131\u011f\u0131 i\u00e7in beklemek zorunda kald\u0131m ve \u00e7ekti\u011fim t\u00fcm a\u011fr\u0131larla bu hi\u00e7 rahat de\u011fildi. Bu da beni ikinci tavsiyeme getiriyor: Resepsiyondan taksi \u00e7a\u011f\u0131r\u0131n, \u00e7\u00fcnk\u00fc hemen bir taksi bulabilirsiniz ve yolculuk i\u00e7in fiyatlar \u00e7ok ucuz.  <\/p>\n\n\n\n<p>4 saat sonra a\u011fr\u0131m ge\u00e7ti ve \u00e7\u0131plak g\u00f6zle etraf\u0131ma bak\u0131p d\u00fcnyay\u0131 net bir \u015fekilde g\u00f6rebiliyordum, bu inan\u0131lmazd\u0131! Ertesi sabah ameliyat sonras\u0131 muayenem \u00e7ok h\u0131zl\u0131 ge\u00e7ti ve g\u00fcn\u00fcn geri kalan\u0131n\u0131 gezip lezzetli T\u00fcrk yemekleri yiyerek ge\u00e7irebildim. <\/p>\n\n\n\n<p>Ba\u015ftan sona profesyonel olan Serdar&#8217;a en b\u00fcy\u00fck te\u015fekk\u00fcrlerimi sunuyorum. Benim i\u00e7in en iyi u\u00e7u\u015flar\u0131, oteli, hastaneyi ve doktoru buldu ve T\u00fcrkiye&#8217;nin 2 saatlik zaman fark\u0131 nedeniyle mesai saatlerinden sonra bile bana ula\u015f\u0131labilir durumda kald\u0131. \u015eirketi, memleketimde 4&#8217;e kadar kontrol muayenesi de dahil olmak \u00fczere cazip paket f\u0131rsatlar\u0131 sunarak harika bir i\u015f \u00e7\u0131kar\u0131yor.  <\/p>\n\n\n\n<p>Serdar yani SwissLasik her \u015feyi benim i\u00e7in halletti\u011fi i\u00e7in t\u00fcm detaylar\u0131 ve lojisti\u011fi organize etmek zorunda kalmad\u0131\u011f\u0131m i\u00e7in \u00e7ok minnettar\u0131m. Serdar T\u00fcrkiye&#8217;de yerel bir firma oldu\u011fu ve bu nedenle en iyi f\u0131rsatlar\u0131 sunabildi\u011fi ve do\u011fru insanlar\u0131 tan\u0131d\u0131\u011f\u0131 i\u00e7in gelecekte kesinlikle tekrar onlarla rezervasyon yapar\u0131m. <\/p>\n\n\n\n<p>T\u00fcm \u00e7abalar\u0131n\u0131z i\u00e7in tekrar te\u015fekk\u00fcrler \u2013 her kuru\u015funa de\u011fdi!<\/p>\n\n\n\n<p>Elisabeth Benninger, 7 Aral\u0131k 2021<\/p>\n\n\n\n<div class=\"wp-block-group is-layout-grid wp-container-core-group-is-layout-baef362d wp-block-group-is-layout-grid\">\n<p><a href=\"https:\/\/medicaltravel.at\/home\/agb\/\" data-type=\"page\" data-id=\"2191\" rel=\"nofollow noopener\" target=\"_blank\"><\/a><a href=\"https:\/\/swisslasik.ch\/tr\/hasta-yorumlari-lasik-goez-lazeri\/istanbuldaki-relex-smile-lasik-deneyimim\/\" data-type=\"link\" data-id=\"https:\/\/swisslasik.ch\/tr\/hasta-yorumlari-lasik-goez-lazeri\/istanbuldaki-relex-smile-lasik-deneyimim\/\">\u00d6nceki rapor<\/a><\/p>\n\n\n\n<p class=\"has-text-align-right wp-container-content-5e2576f9\"><a href=\"https:\/\/medicaltravel.at\/home\/impressum\/\" data-type=\"page\" data-id=\"2193\" rel=\"nofollow noopener\" target=\"_blank\"><\/a><a href=\"https:\/\/medicaltravel.at\/home\/berichte-von-patienten\/erfahrungsberichte\/erfahrungsbericht-zahnbehandlung-in-istanbul\/\" data-type=\"page\" data-id=\"981\" rel=\"nofollow noopener\" target=\"_blank\"><\/a><a href=\"https:\/\/swisslasik.ch\/tr\/hasta-yorumlari-lasik-goez-lazeri\/oenerim-istanbul-tuerkiyede-trifokal-lensler\/\" data-type=\"link\" data-id=\"https:\/\/swisslasik.ch\/patientenberichte-lasik\/meine-empfehlung-trifokallinsen-istanbul-tuerkei\/\">Sonraki rapor<\/a><\/p>\n<\/div>\n","protected":false},"excerpt":{"rendered":"<p>\u0130stanbul, T\u00fcrkiye&#8217;de lazer g\u00f6z ameliyat\u0131 deneyimim \u0130stanbul&#8217;da lazer g\u00f6z ameliyat\u0131 hakk\u0131ndaki deneyimim\/tavsiyem. \u0130stanbul&#8217;daki Ameliyat\u0131m Birka\u00e7 hafta \u00f6nce g\u00f6z lazer ameliyat\u0131 i\u00e7in \u0130stanbul&#8217;a gittim ve t\u00fcm deneyimden son derece memnun kald\u0131m! Swisslasik&#8217;i internette buldum ve hemen WhatsApp \u00fczerinden Serdar ile ileti\u015fime ge\u00e7tim. Hemen yan\u0131t verdi ve arad\u0131\u011f\u0131m t\u00fcm bilgileri ve daha fazlas\u0131n\u0131 bana sundu. Seyahat planlamas\u0131 zor bir insan olmama ra\u011fmen, \u00e7ok k\u0131sa bir s\u00fcre i\u00e7inde her \u015feyi organize etmeyi ba\u015fard\u0131. Hastaneyi se\u00e7me \u015fans\u0131m oldu ve elbette en iyi se\u00e7ene\u011fi tercih ettim: Maslak&#8217;taki Ac\u0131badem Hastanesi&#8217;nde g\u00f6rev yapan Dr. Banu Cosar. Kendisi \u00e7ok profesyonel, sakin ve sab\u0131rl\u0131yd\u0131. Ameliyat \u00f6ncesi ve sonras\u0131 t\u00fcm sorular\u0131m\u0131 sorma f\u0131rsat\u0131m oldu ve yurt d\u0131\u015f\u0131ndan geldi\u011fimi ve sabah erken saatlerde vard\u0131\u011f\u0131m\u0131 bildi\u011fi i\u00e7in ameliyat saatimi daha erkene almay\u0131 bile ba\u015fard\u0131. Ameliyat\u0131n kendisi \u00e7ok sorunsuz ge\u00e7ti ve i\u015flem s\u0131ras\u0131nda hi\u00e7 a\u011fr\u0131 hissetmedim. Ayr\u0131ca o kadar h\u0131zl\u0131 bitti ki, bitti\u011fini s\u00f6yledi\u011finde \u00e7ok \u015fa\u015f\u0131rd\u0131m. Sonras\u0131nda a\u011fr\u0131 olduk\u00e7a yo\u011fundu (g\u00f6z lazer ameliyatlar\u0131nda yayg\u0131n oldu\u011fu gibi), bu y\u00fczden o halde g\u00f6z damlas\u0131 almak olduk\u00e7a tela\u015fl\u0131yd\u0131. Bana ila\u00e7 almaya giderken yan\u0131mda bir terc\u00fcman e\u015flik etti ve g\u00f6zlerimi bir saniyeden fazla a\u00e7amad\u0131\u011f\u0131m i\u00e7in elimden tutarak bana yol g\u00f6sterdi. Ayn\u0131 ameliyat\u0131 ge\u00e7irecek herkese tavsiyem, ameliyattan hemen sonra ayr\u0131labilmeniz i\u00e7in g\u00f6z damlalar\u0131n\u0131 ameliyattan \u00f6nce sat\u0131n al\u0131n. Ameliyattan sonra beni otelime geri g\u00f6t\u00fcrmek i\u00e7in hastane servisi ayarlanm\u0131\u015ft\u0131, ancak sadece 30 dakikada bir kalkt\u0131\u011f\u0131 i\u00e7in beklemek zorunda kald\u0131m ve \u00e7ekti\u011fim t\u00fcm a\u011fr\u0131larla bu hi\u00e7 rahat de\u011fildi. Bu da beni ikinci tavsiyeme getiriyor: Resepsiyondan taksi \u00e7a\u011f\u0131r\u0131n, \u00e7\u00fcnk\u00fc hemen bir taksi bulabilirsiniz ve yolculuk i\u00e7in fiyatlar \u00e7ok ucuz. 4 saat sonra a\u011fr\u0131m ge\u00e7ti ve \u00e7\u0131plak g\u00f6zle etraf\u0131ma bak\u0131p d\u00fcnyay\u0131 net bir \u015fekilde g\u00f6rebiliyordum, bu inan\u0131lmazd\u0131! Ertesi sabah ameliyat sonras\u0131 muayenem \u00e7ok h\u0131zl\u0131 ge\u00e7ti ve g\u00fcn\u00fcn geri kalan\u0131n\u0131 gezip lezzetli T\u00fcrk yemekleri yiyerek ge\u00e7irebildim. Ba\u015ftan sona profesyonel olan Serdar&#8217;a en b\u00fcy\u00fck te\u015fekk\u00fcrlerimi sunuyorum. Benim i\u00e7in en iyi u\u00e7u\u015flar\u0131, oteli, hastaneyi ve doktoru buldu ve T\u00fcrkiye&#8217;nin 2 saatlik zaman fark\u0131 nedeniyle mesai saatlerinden sonra bile bana ula\u015f\u0131labilir durumda kald\u0131. \u015eirketi, memleketimde 4&#8217;e kadar kontrol muayenesi de dahil olmak \u00fczere cazip paket f\u0131rsatlar\u0131 sunarak harika bir i\u015f \u00e7\u0131kar\u0131yor. Serdar yani SwissLasik her \u015feyi benim i\u00e7in halletti\u011fi i\u00e7in t\u00fcm detaylar\u0131 ve lojisti\u011fi organize etmek zorunda kalmad\u0131\u011f\u0131m i\u00e7in \u00e7ok minnettar\u0131m. Serdar T\u00fcrkiye&#8217;de yerel bir firma oldu\u011fu ve bu nedenle en iyi f\u0131rsatlar\u0131 sunabildi\u011fi ve do\u011fru insanlar\u0131 tan\u0131d\u0131\u011f\u0131 i\u00e7in gelecekte kesinlikle tekrar onlarla rezervasyon yapar\u0131m. T\u00fcm \u00e7abalar\u0131n\u0131z i\u00e7in tekrar te\u015fekk\u00fcrler \u2013 her kuru\u015funa de\u011fdi! Elisabeth Benninger, 7 Aral\u0131k 2021 \u00d6nceki rapor Sonraki rapor<\/p>\n","protected":false},"author":4,"featured_media":0,"parent":3801,"menu_order":0,"comment_status":"closed","ping_status":"closed","template":"","meta":{"_joinchat":[],"footnotes":""},"class_list":["post-3937","page","type-page","status-publish","hentry"],"acf":[],"_links":{"self":[{"href":"https:\/\/swisslasik.ch\/tr\/wp-json\/wp\/v2\/pages\/3937","targetHints":{"allow":["GET"]}}],"collection":[{"href":"https:\/\/swisslasik.ch\/tr\/wp-json\/wp\/v2\/pages"}],"about":[{"href":"https:\/\/swisslasik.ch\/tr\/wp-json\/wp\/v2\/types\/page"}],"author":[{"embeddable":true,"href":"https:\/\/swisslasik.ch\/tr\/wp-json\/wp\/v2\/users\/4"}],"replies":[{"embeddable":true,"href":"https:\/\/swisslasik.ch\/tr\/wp-json\/wp\/v2\/comments?post=3937"}],"version-history":[{"count":2,"href":"https:\/\/swisslasik.ch\/tr\/wp-json\/wp\/v2\/pages\/3937\/revisions"}],"predecessor-version":[{"id":4656,"href":"https:\/\/swisslasik.ch\/tr\/wp-json\/wp\/v2\/pages\/3937\/revisions\/4656"}],"up":[{"embeddable":true,"href":"https:\/\/swisslasik.ch\/tr\/wp-json\/wp\/v2\/pages\/3801"}],"wp:attachment":[{"href":"https:\/\/swisslasik.ch\/tr\/wp-json\/wp\/v2\/media?parent=3937"}],"curies":[{"name":"wp","href":"https:\/\/api.w.org\/{rel}","templated":true}]}}