{"id":3940,"date":"2025-09-24T11:22:56","date_gmt":"2025-09-24T10:22:56","guid":{"rendered":"https:\/\/swisslasik.ch\/hasta-yorumlari-lasik-goez-lazeri\/istanbuldaki-relex-smile-lasik-deneyimim\/"},"modified":"2026-01-14T02:15:47","modified_gmt":"2026-01-14T01:15:47","slug":"istanbuldaki-relex-smile-lasik-deneyimim","status":"publish","type":"page","link":"https:\/\/swisslasik.ch\/tr\/hasta-yorumlari-lasik-goez-lazeri\/istanbuldaki-relex-smile-lasik-deneyimim\/","title":{"rendered":"\u0130stanbul&#8217;daki ReLex Smile Lasik deneyimim"},"content":{"rendered":"\n<h3 class=\"wp-block-heading\">\u0130stanbul, T\u00fcrkiye&#8217;deki ReLex Smile Lasik deneyimim<\/h3>\n\n\n\n<p><strong>Deneyimim \/ tavsiyem &#8211; \u0130stanbul&#8217;daki ReLex Smile Lasik<\/strong><\/p>\n\n\n\n<p>10 y\u0131l\u0131 a\u015fk\u0131n s\u00fcredir kontakt lens kullan\u0131yordum ve sadece re\u00e7etemin oturmas\u0131n\u0131 bekliyordum. Zaman\u0131 gelince, g\u00f6zlerimin lazer ameliyat\u0131 i\u00e7in uygun olup olmad\u0131\u011f\u0131n\u0131 belirlemek i\u00e7in \u00f6n bir muayene yapt\u0131rmak istedim. Bu da beni \u00f6nce farkl\u0131 teklifleri kar\u015f\u0131la\u015ft\u0131rmaya y\u00f6nlendirdi.  <\/p>\n\n\n\n<p>T\u00fcrkiye&#8217;deki tedavi \u0130svi\u00e7re&#8217;ye g\u00f6re \u00f6nemli \u00f6l\u00e7\u00fcde daha ucuz oldu\u011fu i\u00e7in Say\u0131n Kara ile ileti\u015fime ge\u00e7tim. Kendisi ve ekibi her zaman \u00e7ok yard\u0131mc\u0131 oluyor ve mesajlar\u0131ma \u00e7ok h\u0131zl\u0131 yan\u0131t veriyorlar. Zug&#8217;daki ilk muayeneden sonra, s\u00fcreci \u0130stanbul&#8217;da devam ettirmeye hemen karar verdim.  <\/p>\n\n\n\n<p>T\u00fcrkiye&#8217;deki tedavi kalitesinin \u0130svi\u00e7re&#8217;dekinden daha d\u00fc\u015f\u00fck olaca\u011f\u0131na dair \u015f\u00fcphelerim h\u0131zla ortadan kalkt\u0131. Birincisi, tedavinin \u0130svi\u00e7re&#8217;de veya T\u00fcrkiye&#8217;de yap\u0131lmas\u0131na bak\u0131lmaks\u0131z\u0131n kullan\u0131lan t\u00fcm lazer sistemleri ayn\u0131d\u0131r. \u0130kincisi, \u0130stanbul&#8217;daki g\u00f6z klini\u011finin daha fazla hasta tedavi etti\u011fi i\u00e7in daha fazla deneyime sahip oldu\u011funa ikna oldum.   <\/p>\n\n\n\n<p>Ba\u015ftan beri, minimal invaziv olmas\u0131 ve dolay\u0131s\u0131yla iyile\u015fme s\u00fcrecini \u00f6nemli \u00f6l\u00e7\u00fcde k\u0131saltmas\u0131 nedeniyle Zeiss&#8217;in ReLEx\u00ae SMILE\u00ae y\u00f6ntemini tercih etti\u011fim a\u00e7\u0131kt\u0131. Dahas\u0131, bu y\u00f6ntemi kullanan hastalar, klasik (Femto-)LASIK y\u00f6ntemini kullananlara g\u00f6re g\u00f6z kurulu\u011fundan \u00e7ok daha az \u015fikayet ediyorlar. <\/p>\n\n\n\n<p>Tedavi randevular\u0131m planlanm\u0131\u015f ve u\u00e7ak biletlerim rezerve edilmi\u015fti. Daha \u00f6nce hi\u00e7 \u0130stanbul&#8217;da bulunmad\u0131\u011f\u0131m i\u00e7in kal\u0131\u015f\u0131m\u0131 uzatt\u0131m ve d\u00f6rt gece orada kald\u0131m (Mercure Istanbul Altunizade Hotel&#8217;de \u00fc\u00e7 gece dahil). Ne yaz\u0131k ki, \u0130stanbul&#8217;a vard\u0131\u011f\u0131mda bir kar\u0131\u015f\u0131kl\u0131k ya\u015fand\u0131. Servis arac\u0131n\u0131n beni otoparkta bekledi\u011fini ancak daha sonra \u00f6\u011frendim. Bu da, bagaj tesliminden sonra, \u015fof\u00f6r\u00fc beklerken 15 dakika boyunca tamamen habersiz bir \u015fekilde \u00e7\u0131k\u0131\u015fta beklemem anlam\u0131na geliyordu. Ertesi sabah, klini\u011fe g\u00f6t\u00fcr\u00fclmek \u00fczere al\u0131nd\u0131m ve i\u015fte o zaman bir ba\u015fka k\u00fc\u00e7\u00fck yanl\u0131\u015f anlama ya\u015fand\u0131. Programa g\u00f6re, alma saati 09:00&#8217;d\u0131. Saat 08:45&#8217;te otel resepsiyonundan \u015fof\u00f6r\u00fcn beni 08:30&#8217;dan beri bekledi\u011fini bildiren bir telefon ald\u0131m.       <\/p>\n\n\n\n<p>Klini\u011fe vard\u0131\u011f\u0131mda, \u00e7e\u015fitli idari i\u015flemlerin yan\u0131 s\u0131ra ana muayeneler yap\u0131ld\u0131. \u00d6deme konusunda k\u0131sa bir s\u00fcre kafam kar\u0131\u015ft\u0131. \u00d6demenin euro olarak yap\u0131laca\u011f\u0131 s\u00f6ylenmi\u015fti, bu y\u00fczden \u00f6zellikle banka kart\u0131ma euro transfer etmi\u015ftim. Ancak \u00f6deme asl\u0131nda T\u00fcrk liras\u0131 olarak yap\u0131ld\u0131 ve neyse ki kart\u0131mda yeterli bakiye vard\u0131. Benim ve di\u011fer hastalar\u0131n bekleme s\u00fcreleri olduk\u00e7a uzundu (iki saatlik bir bekleme s\u00fcresi, ancak ger\u00e7ekte ge\u00e7irilen s\u00fcre sadece 15 dakika).     <\/p>\n\n\n\n<p>Tedaviden \u00f6nce, i\u015flemin yakla\u015f\u0131k 12:30&#8217;da ger\u00e7ekle\u015fece\u011fi bilgisi verildi. En az\u0131ndan bu zaman\u0131 en yak\u0131n al\u0131\u015fveri\u015f merkezine gidip etrafta dola\u015fmak i\u00e7in kulland\u0131m. <\/p>\n\n\n\n<p>Tedavi \u00e7ok h\u0131zl\u0131yd\u0131 (yakla\u015f\u0131k 10 dakika) ve sonras\u0131nda toparlanabilece\u011fim otele geri g\u00f6t\u00fcr\u00fcld\u00fcm. Tedaviden sonraki ilk iki \u00fc\u00e7 saat boyunca g\u00f6zlerim yand\u0131 ve bazen suland\u0131 (so\u011fan do\u011frar gibi). Ondan sonra kendimi \u00e7ok daha iyi hissettim ve ak\u015fam her zamanki gibi yeme\u011fe \u00e7\u0131kt\u0131m.  <\/p>\n\n\n\n<p>Ertesi sabah yap\u0131lan kontrol muayenesinde, g\u00f6rme yetimin %150&#8217;ye kadar iyile\u015fti\u011fi ve her \u015feyi k\u0131s\u0131tlama olmaks\u0131z\u0131n tekrar yapabilece\u011fim belirlendi.<\/p>\n\n\n\n<p>Konaklamam\u0131n geri kalan\u0131 \u00e7ok keyifli ge\u00e7ti \u2013 \u0131\u015f\u0131\u011fa kar\u015f\u0131 neredeyse hi\u00e7 hassasiyetim yoktu \u2013 ve d\u00f6n\u00fc\u015f yolculu\u011fu i\u00e7in PCR testine ihtiyac\u0131m oldu\u011fundan, bu k\u0131s\u0131m da g\u00f6z klini\u011fi taraf\u0131ndan organize edildi ve buna g\u00f6re test merkezine g\u00f6t\u00fcr\u00fcld\u00fcm.<\/p>\n\n\n\n<p>Gabriel Luu, 7 Ocak 2022 (Tedavi tarihi: 9 Aral\u0131k 2021)<\/p>\n\n\n\n<div class=\"wp-block-group is-layout-grid wp-container-core-group-is-layout-baef362d wp-block-group-is-layout-grid\">\n<p><a href=\"https:\/\/medicaltravel.at\/home\/agb\/\" data-type=\"page\" data-id=\"2191\" rel=\"nofollow noopener\" target=\"_blank\"><\/a><a href=\"https:\/\/swisslasik.ch\/tr\/hasta-yorumlari-lasik-goez-lazeri\/istanbulda-lazer-goez-ameliyati-ile-ilgili-26-subat-2022-tarihli-deneyim-raporum\/\" data-type=\"link\" data-id=\"https:\/\/swisslasik.ch\/tr\/hasta-yorumlari-lasik-goez-lazeri\/istanbulda-lazer-goez-ameliyati-ile-ilgili-26-subat-2022-tarihli-deneyim-raporum\/\">\u00d6nceki rapor<\/a><\/p>\n\n\n\n<p class=\"has-text-align-right wp-container-content-5e2576f9\"><a href=\"https:\/\/medicaltravel.at\/home\/impressum\/\" data-type=\"page\" data-id=\"2193\" rel=\"nofollow noopener\" target=\"_blank\"><\/a><a href=\"https:\/\/medicaltravel.at\/home\/berichte-von-patienten\/erfahrungsberichte\/erfahrungsbericht-zahnbehandlung-in-istanbul\/\" data-type=\"page\" data-id=\"981\" rel=\"nofollow noopener\" target=\"_blank\"><\/a><a href=\"https:\/\/swisslasik.ch\/tr\/hasta-yorumlari-lasik-goez-lazeri\/istanbulda-lazer-goez-ameliyati-deneyimim\/\" data-type=\"link\" data-id=\"https:\/\/swisslasik.ch\/patientenberichte-lasik\/meine-erfahrung-augenlaserop-in-istanbul-tuerkei\/\">Sonraki rapor<\/a><\/p>\n<\/div>\n","protected":false},"excerpt":{"rendered":"<p>\u0130stanbul, T\u00fcrkiye&#8217;deki ReLex Smile Lasik deneyimim Deneyimim \/ tavsiyem &#8211; \u0130stanbul&#8217;daki ReLex Smile Lasik 10 y\u0131l\u0131 a\u015fk\u0131n s\u00fcredir kontakt lens kullan\u0131yordum ve sadece re\u00e7etemin oturmas\u0131n\u0131 bekliyordum. Zaman\u0131 gelince, g\u00f6zlerimin lazer ameliyat\u0131 i\u00e7in uygun olup olmad\u0131\u011f\u0131n\u0131 belirlemek i\u00e7in \u00f6n bir muayene yapt\u0131rmak istedim. Bu da beni \u00f6nce farkl\u0131 teklifleri kar\u015f\u0131la\u015ft\u0131rmaya y\u00f6nlendirdi. T\u00fcrkiye&#8217;deki tedavi \u0130svi\u00e7re&#8217;ye g\u00f6re \u00f6nemli \u00f6l\u00e7\u00fcde daha ucuz oldu\u011fu i\u00e7in Say\u0131n Kara ile ileti\u015fime ge\u00e7tim. Kendisi ve ekibi her zaman \u00e7ok yard\u0131mc\u0131 oluyor ve mesajlar\u0131ma \u00e7ok h\u0131zl\u0131 yan\u0131t veriyorlar. Zug&#8217;daki ilk muayeneden sonra, s\u00fcreci \u0130stanbul&#8217;da devam ettirmeye hemen karar verdim. T\u00fcrkiye&#8217;deki tedavi kalitesinin \u0130svi\u00e7re&#8217;dekinden daha d\u00fc\u015f\u00fck olaca\u011f\u0131na dair \u015f\u00fcphelerim h\u0131zla ortadan kalkt\u0131. Birincisi, tedavinin \u0130svi\u00e7re&#8217;de veya T\u00fcrkiye&#8217;de yap\u0131lmas\u0131na bak\u0131lmaks\u0131z\u0131n kullan\u0131lan t\u00fcm lazer sistemleri ayn\u0131d\u0131r. \u0130kincisi, \u0130stanbul&#8217;daki g\u00f6z klini\u011finin daha fazla hasta tedavi etti\u011fi i\u00e7in daha fazla deneyime sahip oldu\u011funa ikna oldum. Ba\u015ftan beri, minimal invaziv olmas\u0131 ve dolay\u0131s\u0131yla iyile\u015fme s\u00fcrecini \u00f6nemli \u00f6l\u00e7\u00fcde k\u0131saltmas\u0131 nedeniyle Zeiss&#8217;in ReLEx\u00ae SMILE\u00ae y\u00f6ntemini tercih etti\u011fim a\u00e7\u0131kt\u0131. Dahas\u0131, bu y\u00f6ntemi kullanan hastalar, klasik (Femto-)LASIK y\u00f6ntemini kullananlara g\u00f6re g\u00f6z kurulu\u011fundan \u00e7ok daha az \u015fikayet ediyorlar. Tedavi randevular\u0131m planlanm\u0131\u015f ve u\u00e7ak biletlerim rezerve edilmi\u015fti. Daha \u00f6nce hi\u00e7 \u0130stanbul&#8217;da bulunmad\u0131\u011f\u0131m i\u00e7in kal\u0131\u015f\u0131m\u0131 uzatt\u0131m ve d\u00f6rt gece orada kald\u0131m (Mercure Istanbul Altunizade Hotel&#8217;de \u00fc\u00e7 gece dahil). Ne yaz\u0131k ki, \u0130stanbul&#8217;a vard\u0131\u011f\u0131mda bir kar\u0131\u015f\u0131kl\u0131k ya\u015fand\u0131. Servis arac\u0131n\u0131n beni otoparkta bekledi\u011fini ancak daha sonra \u00f6\u011frendim. Bu da, bagaj tesliminden sonra, \u015fof\u00f6r\u00fc beklerken 15 dakika boyunca tamamen habersiz bir \u015fekilde \u00e7\u0131k\u0131\u015fta beklemem anlam\u0131na geliyordu. Ertesi sabah, klini\u011fe g\u00f6t\u00fcr\u00fclmek \u00fczere al\u0131nd\u0131m ve i\u015fte o zaman bir ba\u015fka k\u00fc\u00e7\u00fck yanl\u0131\u015f anlama ya\u015fand\u0131. Programa g\u00f6re, alma saati 09:00&#8217;d\u0131. Saat 08:45&#8217;te otel resepsiyonundan \u015fof\u00f6r\u00fcn beni 08:30&#8217;dan beri bekledi\u011fini bildiren bir telefon ald\u0131m. Klini\u011fe vard\u0131\u011f\u0131mda, \u00e7e\u015fitli idari i\u015flemlerin yan\u0131 s\u0131ra ana muayeneler yap\u0131ld\u0131. \u00d6deme konusunda k\u0131sa bir s\u00fcre kafam kar\u0131\u015ft\u0131. \u00d6demenin euro olarak yap\u0131laca\u011f\u0131 s\u00f6ylenmi\u015fti, bu y\u00fczden \u00f6zellikle banka kart\u0131ma euro transfer etmi\u015ftim. Ancak \u00f6deme asl\u0131nda T\u00fcrk liras\u0131 olarak yap\u0131ld\u0131 ve neyse ki kart\u0131mda yeterli bakiye vard\u0131. Benim ve di\u011fer hastalar\u0131n bekleme s\u00fcreleri olduk\u00e7a uzundu (iki saatlik bir bekleme s\u00fcresi, ancak ger\u00e7ekte ge\u00e7irilen s\u00fcre sadece 15 dakika). Tedaviden \u00f6nce, i\u015flemin yakla\u015f\u0131k 12:30&#8217;da ger\u00e7ekle\u015fece\u011fi bilgisi verildi. En az\u0131ndan bu zaman\u0131 en yak\u0131n al\u0131\u015fveri\u015f merkezine gidip etrafta dola\u015fmak i\u00e7in kulland\u0131m. Tedavi \u00e7ok h\u0131zl\u0131yd\u0131 (yakla\u015f\u0131k 10 dakika) ve sonras\u0131nda toparlanabilece\u011fim otele geri g\u00f6t\u00fcr\u00fcld\u00fcm. Tedaviden sonraki ilk iki \u00fc\u00e7 saat boyunca g\u00f6zlerim yand\u0131 ve bazen suland\u0131 (so\u011fan do\u011frar gibi). Ondan sonra kendimi \u00e7ok daha iyi hissettim ve ak\u015fam her zamanki gibi yeme\u011fe \u00e7\u0131kt\u0131m. Ertesi sabah yap\u0131lan kontrol muayenesinde, g\u00f6rme yetimin %150&#8217;ye kadar iyile\u015fti\u011fi ve her \u015feyi k\u0131s\u0131tlama olmaks\u0131z\u0131n tekrar yapabilece\u011fim belirlendi. Konaklamam\u0131n geri kalan\u0131 \u00e7ok keyifli ge\u00e7ti \u2013 \u0131\u015f\u0131\u011fa kar\u015f\u0131 neredeyse hi\u00e7 hassasiyetim yoktu \u2013 ve d\u00f6n\u00fc\u015f yolculu\u011fu i\u00e7in PCR testine ihtiyac\u0131m oldu\u011fundan, bu k\u0131s\u0131m da g\u00f6z klini\u011fi taraf\u0131ndan organize edildi ve buna g\u00f6re test merkezine g\u00f6t\u00fcr\u00fcld\u00fcm. Gabriel Luu, 7 Ocak 2022 (Tedavi tarihi: 9 Aral\u0131k 2021) \u00d6nceki rapor Sonraki rapor<\/p>\n","protected":false},"author":4,"featured_media":0,"parent":3801,"menu_order":0,"comment_status":"closed","ping_status":"closed","template":"","meta":{"_joinchat":[],"footnotes":""},"class_list":["post-3940","page","type-page","status-publish","hentry"],"acf":[],"_links":{"self":[{"href":"https:\/\/swisslasik.ch\/tr\/wp-json\/wp\/v2\/pages\/3940","targetHints":{"allow":["GET"]}}],"collection":[{"href":"https:\/\/swisslasik.ch\/tr\/wp-json\/wp\/v2\/pages"}],"about":[{"href":"https:\/\/swisslasik.ch\/tr\/wp-json\/wp\/v2\/types\/page"}],"author":[{"embeddable":true,"href":"https:\/\/swisslasik.ch\/tr\/wp-json\/wp\/v2\/users\/4"}],"replies":[{"embeddable":true,"href":"https:\/\/swisslasik.ch\/tr\/wp-json\/wp\/v2\/comments?post=3940"}],"version-history":[{"count":2,"href":"https:\/\/swisslasik.ch\/tr\/wp-json\/wp\/v2\/pages\/3940\/revisions"}],"predecessor-version":[{"id":4655,"href":"https:\/\/swisslasik.ch\/tr\/wp-json\/wp\/v2\/pages\/3940\/revisions\/4655"}],"up":[{"embeddable":true,"href":"https:\/\/swisslasik.ch\/tr\/wp-json\/wp\/v2\/pages\/3801"}],"wp:attachment":[{"href":"https:\/\/swisslasik.ch\/tr\/wp-json\/wp\/v2\/media?parent=3940"}],"curies":[{"name":"wp","href":"https:\/\/api.w.org\/{rel}","templated":true}]}}