{"id":3943,"date":"2025-09-24T11:37:58","date_gmt":"2025-09-24T10:37:58","guid":{"rendered":"https:\/\/swisslasik.ch\/hasta-yorumlari-lasik-goez-lazeri\/istanbuldaki-femto-lasik-ameliyatim-5-ekim-2016-carsamba-raporu\/"},"modified":"2026-01-14T02:23:46","modified_gmt":"2026-01-14T01:23:46","slug":"istanbuldaki-femto-lasik-ameliyatim-5-ekim-2016-carsamba-raporu","status":"publish","type":"page","link":"https:\/\/swisslasik.ch\/tr\/hasta-yorumlari-lasik-goez-lazeri\/istanbuldaki-femto-lasik-ameliyatim-5-ekim-2016-carsamba-raporu\/","title":{"rendered":"\u0130STANBUL&#8217;DAK\u0130 FEMTO LASIK AMEL\u0130YATIM \u2013 5 Ekim 2016 \u00c7ar\u015famba Raporu"},"content":{"rendered":"\n<h3 class=\"wp-block-heading\">\u0130STANBUL&#8217;DAK\u0130 FEMTO LASIK AMEL\u0130YATIM \u2013 5 Ekim 2016 \u00c7ar\u015famba Raporu<\/h3>\n\n<p>E\u015fimle ikimiz de en az 20 y\u0131ld\u0131r g\u00f6zl\u00fck tak\u0131yoruz, ancak benim g\u00f6zl\u00fck numaralar\u0131m onunkinden daha k\u00f6t\u00fc: sol g\u00f6z\u00fcmde -3.25, sa\u011f g\u00f6z\u00fcmde ise -3.75 ve astigmatizma var. Y\u0131llar \u00f6nce, g\u00f6rme yetimizi iyile\u015ftirmek i\u00e7in lazer g\u00f6z ameliyat\u0131n\u0131 d\u00fc\u015f\u00fcnd\u00fck. \u0130svi\u00e7re&#8217;deki bir fuarda (yanl\u0131\u015f hat\u0131rlam\u0131yorsam ZOM), \u0130stanbul&#8217;daki bir ortakla i\u015fbirli\u011fi i\u00e7inde \u00e7ok cazip bir fiyata lazer g\u00f6z ameliyat\u0131 sunan &#8220;Swisslasik&#8221; adl\u0131 bir stand g\u00f6rd\u00fck. Lazer g\u00f6z ameliyat\u0131 hakk\u0131nda \u00e7ok az bilgisi olan biri olarak, &#8220;\u0130stanbul&#8221; ve &#8220;lazer g\u00f6z ameliyat\u0131&#8221; kelimelerini duydu\u011fumda do\u011fal olarak \u00e7ok \u015f\u00fcpheciydim. Ancak Swisslasik stand\u0131nda, prosed\u00fcr i\u00e7in uygunlu\u011fumu belirlemek \u00fczere hemen \u00f6n muayene teklif edildi (elbette \u00fccretsiz). O zamandan itibaren \u015firket ve e\u015fimle birlikte e-posta yoluyla d\u00fczenli olarak ileti\u015fim halindeydik. Daha detayl\u0131 ara\u015ft\u0131rmalar sonucunda, \u0130stanbul&#8217;un teknolojik a\u00e7\u0131dan y\u00fcksek bir seviyede oldu\u011funu ve belki de \u0130svi\u00e7re&#8217;den bile daha fazla en son teknolojiye eri\u015fimi oldu\u011funu fark ettik. \u015eahsen benim i\u00e7in T\u00fcrkiye&#8217;yi se\u00e7memde belirleyici fakt\u00f6r bu oldu, ancak fiyat da elbette ho\u015f bir bonus oldu.       <\/p>\n\n<p>1. G\u00fcn: 5 Eyl\u00fcl 2016 Pazartesi g\u00fcn\u00fc, yakla\u015f\u0131k saat 10:00&#8217;da, nihayet o an geldi ve e\u015fimle birlikte Z\u00fcrih Havaliman\u0131&#8217;nda \u0130stanbul&#8217;a u\u00e7u\u015fumuzu bekliyorduk. O andan itibaren her \u015fey \u00e7ok sorunsuz ve iyi organize edilmi\u015fti. Havaliman\u0131, otel ve \u00f6zel hastane aras\u0131ndaki t\u00fcm transferler ayarlanm\u0131\u015f ve \u00e7o\u011funlukla zaman\u0131nda ger\u00e7ekle\u015fti (otelden havaliman\u0131na d\u00f6n\u00fc\u015f transferi hari\u00e7, o transferde yakla\u015f\u0131k 40 dakika daha bekledik). 40 dakikal\u0131k bir yolculu\u011fun ard\u0131ndan otele vard\u0131\u011f\u0131m\u0131zda, bagajlar\u0131m\u0131z teslim edildi ve yeni \u00e7evremizi ke\u015ffetmek i\u00e7in b\u00fct\u00fcn g\u00fcn\u00fcm\u00fcz vard\u0131. Ayr\u0131ca, evde unuttu\u011fumuz i\u00e7in, sadece 5 dakika uzakl\u0131ktaki ve sabah 8:00 veya 9:00&#8217;a kadar a\u00e7\u0131k olan al\u0131\u015fveri\u015f merkezinden birka\u00e7 frank kar\u015f\u0131l\u0131\u011f\u0131nda yeni bir g\u00fcne\u015f g\u00f6zl\u00fc\u011f\u00fc ald\u0131k. Ameliyat sonras\u0131 d\u00f6nem i\u00e7in g\u00fcne\u015f g\u00f6zl\u00fc\u011f\u00fcn\u00fc \u00f6nceden alman\u0131z\u0131 \u015fiddetle tavsiye ederim. Bahsi ge\u00e7en al\u0131\u015fveri\u015f merkezinde olduk\u00e7a geni\u015f bir optik\u00e7i se\u00e7ene\u011fi bulacaks\u0131n\u0131z.      <\/p>\n\n<p>2. G\u00fcn: Ertesi g\u00fcn, Sal\u0131 g\u00fcn\u00fc, taksiyle zaman\u0131nda al\u0131nd\u0131k ve hastaneye g\u00f6t\u00fcr\u00fcld\u00fck. Orada yap\u0131lan muayeneler, lazer ameliyat\u0131 i\u00e7in uygun bir aday oldu\u011fumu bir kez daha teyit etmeyi ama\u00e7l\u0131yordu. Olduk\u00e7a pahal\u0131 ve pek de iyi olmayan bir \u00f6\u011fle yeme\u011finden sonra, olas\u0131 risklerle ilgili bir formu okuyup imzalamam\u0131z gereken ameliyathaneye g\u00f6t\u00fcr\u00fcld\u00fck. D\u00fcr\u00fcst olmak gerekirse, \u00e7ok gergindim, bu y\u00fczden bana sakinle\u015ftirici verildi. Sonunda ameliyat zaman\u0131 geldi. Lokal anestezi sa\u011flayan g\u00f6z damlalar\u0131 sayesinde, t\u00fcm i\u015flem boyunca sadece g\u00f6z\u00fcm\u00fcn i\u00e7inde ve \u00e7evresinde bir bas\u0131n\u00e7 hissettim ve partnerimin aksine, sadece sonlara do\u011fru hafif bir yanma hissi ya\u015fad\u0131m. Yakla\u015f\u0131k 20 dakika sonra ameliyathaneden taburcu edildim ve hemen doktor muayenehanesinde bir g\u00f6z muayenesi oldum. Sonu\u00e7lar, g\u00f6zl\u00fck takmadan bile, \u00f6nceki duruma g\u00f6re \u00f6nemli \u00f6l\u00e7\u00fcde daha iyiydi. G\u00fcn\u00fcn geneline bakacak olursak, testler aras\u0131ndaki bekleme s\u00fcreleri olduk\u00e7a uzundu ve ba\u015fhekimle yap\u0131lan \u00f6n g\u00f6r\u00fc\u015fmede, birka\u00e7 soru sormak i\u00e7in sadece 2-3 dakikam oldu. Aksi takdirde, her \u015fey \u00e7ok sorunsuz ge\u00e7ti; bunda, t\u00fcm s\u00fcre boyunca bize e\u015flik eden Almanca konu\u015fan terc\u00fcman\u0131n da b\u00fcy\u00fck pay\u0131 vard\u0131.<br\/>Ancak otele d\u00f6nd\u00fckten sonraki d\u00f6rt saat \u00e7ok ac\u0131 vericiydi. Her saat ba\u015f\u0131 \u00f6zel g\u00f6z damlas\u0131 kullanmak zorunda kald\u0131k ve \u00f6zellikle geceleri s\u00fcrekli takmak zorunda kald\u0131\u011f\u0131m\u0131z koruyucu g\u00f6zl\u00fckler hi\u00e7 rahat de\u011fildi. Odaya yemek sipari\u015fi vermek i\u00e7in men\u00fcy\u00fc okumak bile bir zorluktu.           <\/p>\n\n<p>3. G\u00fcn: Kahvalt\u0131n\u0131n ard\u0131ndan, herhangi bir komplikasyon veya alerjik reaksiyon olup olmad\u0131\u011f\u0131n\u0131 kontrol etmek i\u00e7in hastaneye geri g\u00f6t\u00fcr\u00fcld\u00fck. Her \u015fey planland\u0131\u011f\u0131 gibi gitti\u011fi i\u00e7in taburcu edildik ve hatta eve taksiyle gitmek yerine metroyla di\u011fer y\u00f6ne, Kapal\u0131 \u00c7ar\u015f\u0131&#8217;ya gitmeye karar verdik. G\u00f6r\u00fc\u015f mesafesi de\u011fi\u015fken olmas\u0131na ra\u011fmen, otelin yak\u0131n\u0131ndaki g\u00fczel bir ak\u015fam yeme\u011fi g\u00fcn\u00fcm\u00fcz\u00fc tamamlad\u0131.  <\/p>\n\n<p>4. G\u00fcn: \u0130svi\u00e7re&#8217;ye d\u00f6n\u00fc\u015f yolculu\u011fu. Havaalan\u0131na transferimizde ya\u015fanan gecikme d\u0131\u015f\u0131nda her \u015fey sorunsuz ge\u00e7ti ve sonunda \u0130svi\u00e7re&#8217;ye geri d\u00f6nd\u00fc\u011f\u00fcm\u00fcz i\u00e7in \u00e7ok mutlu olduk.<br\/>Sonraki ay boyunca: \u0130lk bir-iki hafta boyunca, g\u00f6rme yetene\u011fimdeki dalgalanmalar nedeniyle s\u00fcrekli tedirgindim. \u00d6zellikle gece g\u00f6r\u00fc\u015f\u00fcm olduk\u00e7a zay\u0131ft\u0131. Bu durum, \u0130svi\u00e7re&#8217;de planlanan d\u00f6rt \u00fccretli g\u00f6z muayenesinden birini \u00f6nceden planlamama neden oldu. Ancak endi\u015fem yersiz \u00e7\u0131kt\u0131. \u015eimdi, d\u00f6rt hafta sonra, g\u00f6zlerim \u00f6zellikle g\u00f6rme yetene\u011fimde belirgin bir iyile\u015fme g\u00f6sterdi. Hafif zay\u0131f gece g\u00f6r\u00fc\u015f\u00fc ve ara s\u0131ra kuruluk veya hafif yanma hissi hala fark ediliyor.      <\/p>\n\n<p>Genel sonu\u00e7: G\u00f6zlerim bir ay sonra %100 iyile\u015fmese de, yak\u0131nda \u00f6nemli \u00f6l\u00e7\u00fcde iyile\u015fece\u011finden olduk\u00e7a eminim. Maliyetlere gelince: u\u00e7ak bileti, transferler, kahvalt\u0131l\u0131 otel, \u00f6m\u00fcr boyu garanti, \u0130svi\u00e7re&#8217;de d\u00f6rt takip randevusu ve gerekirse \u00fccretli revizyon ameliyat\u0131 &#8211; hepsi \u0130svi\u00e7re&#8217;deki i\u015flemin yar\u0131 fiyat\u0131na. Bence bu iyi bir anla\u015fma.  <\/p>\n\n<p>Peter G\u00fcntlin<\/p>\n\n<div class=\"wp-block-group is-layout-grid wp-container-core-group-is-layout-baef362d wp-block-group-is-layout-grid\">\n<p><a href=\"https:\/\/medicaltravel.at\/home\/agb\/\" data-type=\"page\" data-id=\"2191\" rel=\"nofollow noopener\" target=\"_blank\"><\/a><a href=\"https:\/\/swisslasik.ch\/tr\/hasta-yorumlari-lasik-goez-lazeri\/tuerkiyedeki-guevenlik-endiseleri-yersizdir-27-ocak-2017-cuma-tarihli-rapor\/\" data-type=\"link\" data-id=\"https:\/\/swisslasik.ch\/patientenberichte-lasik\/bedenken-wegen-sicherheit-in-der-turkei-unbegrundet-bericht-vom-freitag-27-januar-2017\/\">\u00d6nceki rapor<\/a><\/p>\n\n\n\n<p class=\"has-text-align-right wp-container-content-5e2576f9\"><a href=\"https:\/\/medicaltravel.at\/home\/impressum\/\" data-type=\"page\" data-id=\"2193\" rel=\"nofollow noopener\" target=\"_blank\"><\/a><a href=\"https:\/\/medicaltravel.at\/home\/berichte-von-patienten\/erfahrungsberichte\/erfahrungsbericht-zahnbehandlung-in-istanbul\/\" data-type=\"page\" data-id=\"981\" rel=\"nofollow noopener\" target=\"_blank\"><\/a><a href=\"https:\/\/swisslasik.ch\/tr\/hasta-yorumlari-lasik-goez-lazeri\/istanbulda-lazer-goez-ameliyati-mi-suepheci-misiniz-ben-de-oeyleydim-kesinlikle-yersiz-bir-suepheymis-19-eyluel-2016-pazartesi-tarihli-rapor\/\" data-type=\"link\" data-id=\"https:\/\/swisslasik.ch\/patientenberichte-lasik\/augenlasern-in-istanbul-skeptisch-war-ich-auch-definitiv-unbegrundet-bericht-vom-montag-19-september-2016\/\">Sonraki rapor<\/a><\/p>\n<\/div>\n","protected":false},"excerpt":{"rendered":"<p>\u0130STANBUL&#8217;DAK\u0130 FEMTO LASIK AMEL\u0130YATIM \u2013 5 Ekim 2016 \u00c7ar\u015famba Raporu E\u015fimle ikimiz de en az 20 y\u0131ld\u0131r g\u00f6zl\u00fck tak\u0131yoruz, ancak benim g\u00f6zl\u00fck numaralar\u0131m onunkinden daha k\u00f6t\u00fc: sol g\u00f6z\u00fcmde -3.25, sa\u011f g\u00f6z\u00fcmde ise -3.75 ve astigmatizma var. Y\u0131llar \u00f6nce, g\u00f6rme yetimizi iyile\u015ftirmek i\u00e7in lazer g\u00f6z ameliyat\u0131n\u0131 d\u00fc\u015f\u00fcnd\u00fck. \u0130svi\u00e7re&#8217;deki bir fuarda (yanl\u0131\u015f hat\u0131rlam\u0131yorsam ZOM), \u0130stanbul&#8217;daki bir ortakla i\u015fbirli\u011fi i\u00e7inde \u00e7ok cazip bir fiyata lazer g\u00f6z ameliyat\u0131 sunan &#8220;Swisslasik&#8221; adl\u0131 bir stand g\u00f6rd\u00fck. Lazer g\u00f6z ameliyat\u0131 hakk\u0131nda \u00e7ok az bilgisi olan biri olarak, &#8220;\u0130stanbul&#8221; ve &#8220;lazer g\u00f6z ameliyat\u0131&#8221; kelimelerini duydu\u011fumda do\u011fal olarak \u00e7ok \u015f\u00fcpheciydim. Ancak Swisslasik stand\u0131nda, prosed\u00fcr i\u00e7in uygunlu\u011fumu belirlemek \u00fczere hemen \u00f6n muayene teklif edildi (elbette \u00fccretsiz). O zamandan itibaren \u015firket ve e\u015fimle birlikte e-posta yoluyla d\u00fczenli olarak ileti\u015fim halindeydik. Daha detayl\u0131 ara\u015ft\u0131rmalar sonucunda, \u0130stanbul&#8217;un teknolojik a\u00e7\u0131dan y\u00fcksek bir seviyede oldu\u011funu ve belki de \u0130svi\u00e7re&#8217;den bile daha fazla en son teknolojiye eri\u015fimi oldu\u011funu fark ettik. \u015eahsen benim i\u00e7in T\u00fcrkiye&#8217;yi se\u00e7memde belirleyici fakt\u00f6r bu oldu, ancak fiyat da elbette ho\u015f bir bonus oldu. 1. G\u00fcn: 5 Eyl\u00fcl 2016 Pazartesi g\u00fcn\u00fc, yakla\u015f\u0131k saat 10:00&#8217;da, nihayet o an geldi ve e\u015fimle birlikte Z\u00fcrih Havaliman\u0131&#8217;nda \u0130stanbul&#8217;a u\u00e7u\u015fumuzu bekliyorduk. O andan itibaren her \u015fey \u00e7ok sorunsuz ve iyi organize edilmi\u015fti. Havaliman\u0131, otel ve \u00f6zel hastane aras\u0131ndaki t\u00fcm transferler ayarlanm\u0131\u015f ve \u00e7o\u011funlukla zaman\u0131nda ger\u00e7ekle\u015fti (otelden havaliman\u0131na d\u00f6n\u00fc\u015f transferi hari\u00e7, o transferde yakla\u015f\u0131k 40 dakika daha bekledik). 40 dakikal\u0131k bir yolculu\u011fun ard\u0131ndan otele vard\u0131\u011f\u0131m\u0131zda, bagajlar\u0131m\u0131z teslim edildi ve yeni \u00e7evremizi ke\u015ffetmek i\u00e7in b\u00fct\u00fcn g\u00fcn\u00fcm\u00fcz vard\u0131. Ayr\u0131ca, evde unuttu\u011fumuz i\u00e7in, sadece 5 dakika uzakl\u0131ktaki ve sabah 8:00 veya 9:00&#8217;a kadar a\u00e7\u0131k olan al\u0131\u015fveri\u015f merkezinden birka\u00e7 frank kar\u015f\u0131l\u0131\u011f\u0131nda yeni bir g\u00fcne\u015f g\u00f6zl\u00fc\u011f\u00fc ald\u0131k. Ameliyat sonras\u0131 d\u00f6nem i\u00e7in g\u00fcne\u015f g\u00f6zl\u00fc\u011f\u00fcn\u00fc \u00f6nceden alman\u0131z\u0131 \u015fiddetle tavsiye ederim. Bahsi ge\u00e7en al\u0131\u015fveri\u015f merkezinde olduk\u00e7a geni\u015f bir optik\u00e7i se\u00e7ene\u011fi bulacaks\u0131n\u0131z. 2. G\u00fcn: Ertesi g\u00fcn, Sal\u0131 g\u00fcn\u00fc, taksiyle zaman\u0131nda al\u0131nd\u0131k ve hastaneye g\u00f6t\u00fcr\u00fcld\u00fck. Orada yap\u0131lan muayeneler, lazer ameliyat\u0131 i\u00e7in uygun bir aday oldu\u011fumu bir kez daha teyit etmeyi ama\u00e7l\u0131yordu. Olduk\u00e7a pahal\u0131 ve pek de iyi olmayan bir \u00f6\u011fle yeme\u011finden sonra, olas\u0131 risklerle ilgili bir formu okuyup imzalamam\u0131z gereken ameliyathaneye g\u00f6t\u00fcr\u00fcld\u00fck. D\u00fcr\u00fcst olmak gerekirse, \u00e7ok gergindim, bu y\u00fczden bana sakinle\u015ftirici verildi. Sonunda ameliyat zaman\u0131 geldi. Lokal anestezi sa\u011flayan g\u00f6z damlalar\u0131 sayesinde, t\u00fcm i\u015flem boyunca sadece g\u00f6z\u00fcm\u00fcn i\u00e7inde ve \u00e7evresinde bir bas\u0131n\u00e7 hissettim ve partnerimin aksine, sadece sonlara do\u011fru hafif bir yanma hissi ya\u015fad\u0131m. Yakla\u015f\u0131k 20 dakika sonra ameliyathaneden taburcu edildim ve hemen doktor muayenehanesinde bir g\u00f6z muayenesi oldum. Sonu\u00e7lar, g\u00f6zl\u00fck takmadan bile, \u00f6nceki duruma g\u00f6re \u00f6nemli \u00f6l\u00e7\u00fcde daha iyiydi. G\u00fcn\u00fcn geneline bakacak olursak, testler aras\u0131ndaki bekleme s\u00fcreleri olduk\u00e7a uzundu ve ba\u015fhekimle yap\u0131lan \u00f6n g\u00f6r\u00fc\u015fmede, birka\u00e7 soru sormak i\u00e7in sadece 2-3 dakikam oldu. Aksi takdirde, her \u015fey \u00e7ok sorunsuz ge\u00e7ti; bunda, t\u00fcm s\u00fcre boyunca bize e\u015flik eden Almanca konu\u015fan terc\u00fcman\u0131n da b\u00fcy\u00fck pay\u0131 vard\u0131.Ancak otele d\u00f6nd\u00fckten sonraki d\u00f6rt saat \u00e7ok ac\u0131 vericiydi. Her saat ba\u015f\u0131 \u00f6zel g\u00f6z damlas\u0131 kullanmak zorunda kald\u0131k ve \u00f6zellikle geceleri s\u00fcrekli takmak zorunda kald\u0131\u011f\u0131m\u0131z koruyucu g\u00f6zl\u00fckler hi\u00e7 rahat de\u011fildi. Odaya yemek sipari\u015fi vermek i\u00e7in men\u00fcy\u00fc okumak bile bir zorluktu. 3. G\u00fcn: Kahvalt\u0131n\u0131n ard\u0131ndan, herhangi bir komplikasyon veya alerjik reaksiyon olup olmad\u0131\u011f\u0131n\u0131 kontrol etmek i\u00e7in hastaneye geri g\u00f6t\u00fcr\u00fcld\u00fck. Her \u015fey planland\u0131\u011f\u0131 gibi gitti\u011fi i\u00e7in taburcu edildik ve hatta eve taksiyle gitmek yerine metroyla di\u011fer y\u00f6ne, Kapal\u0131 \u00c7ar\u015f\u0131&#8217;ya gitmeye karar verdik. G\u00f6r\u00fc\u015f mesafesi de\u011fi\u015fken olmas\u0131na ra\u011fmen, otelin yak\u0131n\u0131ndaki g\u00fczel bir ak\u015fam yeme\u011fi g\u00fcn\u00fcm\u00fcz\u00fc tamamlad\u0131. 4. G\u00fcn: \u0130svi\u00e7re&#8217;ye d\u00f6n\u00fc\u015f yolculu\u011fu. Havaalan\u0131na transferimizde ya\u015fanan gecikme d\u0131\u015f\u0131nda her \u015fey sorunsuz ge\u00e7ti ve sonunda \u0130svi\u00e7re&#8217;ye geri d\u00f6nd\u00fc\u011f\u00fcm\u00fcz i\u00e7in \u00e7ok mutlu olduk.Sonraki ay boyunca: \u0130lk bir-iki hafta boyunca, g\u00f6rme yetene\u011fimdeki dalgalanmalar nedeniyle s\u00fcrekli tedirgindim. \u00d6zellikle gece g\u00f6r\u00fc\u015f\u00fcm olduk\u00e7a zay\u0131ft\u0131. Bu durum, \u0130svi\u00e7re&#8217;de planlanan d\u00f6rt \u00fccretli g\u00f6z muayenesinden birini \u00f6nceden planlamama neden oldu. Ancak endi\u015fem yersiz \u00e7\u0131kt\u0131. \u015eimdi, d\u00f6rt hafta sonra, g\u00f6zlerim \u00f6zellikle g\u00f6rme yetene\u011fimde belirgin bir iyile\u015fme g\u00f6sterdi. Hafif zay\u0131f gece g\u00f6r\u00fc\u015f\u00fc ve ara s\u0131ra kuruluk veya hafif yanma hissi hala fark ediliyor. Genel sonu\u00e7: G\u00f6zlerim bir ay sonra %100 iyile\u015fmese de, yak\u0131nda \u00f6nemli \u00f6l\u00e7\u00fcde iyile\u015fece\u011finden olduk\u00e7a eminim. Maliyetlere gelince: u\u00e7ak bileti, transferler, kahvalt\u0131l\u0131 otel, \u00f6m\u00fcr boyu garanti, \u0130svi\u00e7re&#8217;de d\u00f6rt takip randevusu ve gerekirse \u00fccretli revizyon ameliyat\u0131 &#8211; hepsi \u0130svi\u00e7re&#8217;deki i\u015flemin yar\u0131 fiyat\u0131na. Bence bu iyi bir anla\u015fma. Peter G\u00fcntlin \u00d6nceki rapor Sonraki rapor<\/p>\n","protected":false},"author":4,"featured_media":0,"parent":3801,"menu_order":0,"comment_status":"closed","ping_status":"closed","template":"","meta":{"_joinchat":[],"footnotes":""},"class_list":["post-3943","page","type-page","status-publish","hentry"],"acf":[],"_links":{"self":[{"href":"https:\/\/swisslasik.ch\/tr\/wp-json\/wp\/v2\/pages\/3943","targetHints":{"allow":["GET"]}}],"collection":[{"href":"https:\/\/swisslasik.ch\/tr\/wp-json\/wp\/v2\/pages"}],"about":[{"href":"https:\/\/swisslasik.ch\/tr\/wp-json\/wp\/v2\/types\/page"}],"author":[{"embeddable":true,"href":"https:\/\/swisslasik.ch\/tr\/wp-json\/wp\/v2\/users\/4"}],"replies":[{"embeddable":true,"href":"https:\/\/swisslasik.ch\/tr\/wp-json\/wp\/v2\/comments?post=3943"}],"version-history":[{"count":1,"href":"https:\/\/swisslasik.ch\/tr\/wp-json\/wp\/v2\/pages\/3943\/revisions"}],"predecessor-version":[{"id":3944,"href":"https:\/\/swisslasik.ch\/tr\/wp-json\/wp\/v2\/pages\/3943\/revisions\/3944"}],"up":[{"embeddable":true,"href":"https:\/\/swisslasik.ch\/tr\/wp-json\/wp\/v2\/pages\/3801"}],"wp:attachment":[{"href":"https:\/\/swisslasik.ch\/tr\/wp-json\/wp\/v2\/media?parent=3943"}],"curies":[{"name":"wp","href":"https:\/\/api.w.org\/{rel}","templated":true}]}}