{"id":3955,"date":"2025-09-24T11:11:25","date_gmt":"2025-09-24T10:11:25","guid":{"rendered":"https:\/\/swisslasik.ch\/hasta-yorumlari-lasik-goez-lazeri\/hasta-incelemesi-lazer-goez-ameliyati-istanbul-tuerkiye\/"},"modified":"2026-01-14T02:13:14","modified_gmt":"2026-01-14T01:13:14","slug":"hasta-incelemesi-lazer-goez-ameliyati-istanbul-tuerkiye","status":"publish","type":"page","link":"https:\/\/swisslasik.ch\/tr\/hasta-yorumlari-lasik-goez-lazeri\/hasta-incelemesi-lazer-goez-ameliyati-istanbul-tuerkiye\/","title":{"rendered":"Hasta incelemesi: Lazer g\u00f6z ameliyat\u0131 \u0130stanbul, T\u00fcrkiye"},"content":{"rendered":"\n<h3 class=\"wp-block-heading\">Hasta incelemesi: Lazer g\u00f6z ameliyat\u0131 \u0130stanbul, T\u00fcrkiye<\/h3>\n\n\n\n<p><strong>Hasta yorumum &#8211; \u0130stanbul&#8217;da lazer g\u00f6z ameliyat\u0131<\/strong><\/p>\n\n\n\n<p>Tan\u0131d\u0131\u011f\u0131m ki\u015filerden <a href=\"https:\/\/swisslasik.ch\/tr\/hasta-yorumlari-lasik-goez-lazeri\/\" data-type=\"link\" data-id=\"https:\/\/swisslasik.ch\/patientenberichte-lasik\/\">olumlu deneyimler<\/a> duyduktan sonra g\u00f6zlerimi lazerle ald\u0131rmaya T\u00fcrkiye&#8217;de karar verdim. \u0130svi\u00e7re&#8217;de bir irtibat ki\u015fisi olan bir sa\u011flay\u0131c\u0131 bulmak benim i\u00e7in \u00f6nemliydi, bu y\u00fczden kapsaml\u0131 ara\u015ft\u0131rma ve fiyat kar\u015f\u0131la\u015ft\u0131rmalar\u0131ndan sonra <a href=\"https:\/\/swisslasik.ch\/tr\/\" data-type=\"link\" data-id=\"https:\/\/swisslasik.ch\/tr\/\">SwissLasik&#8217;i <\/a>se\u00e7tim. <a href=\"https:\/\/swisslasik.ch\/home\/lasern-in-istanbul\/staedte-der-tuerkei\/istanbul-als-stadt\/\" data-type=\"page\" data-id=\"51\">\u0130stanbul&#8217;u <\/a>se\u00e7memin nedeni ise bir\u00e7ok tan\u0131d\u0131\u011f\u0131m\u0131n ziyaret etmeye de\u011fer bir \u015fehir oldu\u011funu s\u00f6ylemesiydi.  <\/p>\n\n\n\n<p><strong><a href=\"https:\/\/swisslasik.ch\/tr\/lazer-goez-ameliyati-tuerkiye-istanbul\/operasyonel-proseduer\/\" data-type=\"page\" data-id=\"74\">Bern&#8217;deki \u00f6n g\u00f6r\u00fc\u015fme<\/a><\/strong> samimi ve bilgilendiriciydi; <a href=\"https:\/\/wa.me\/41787373541\" rel=\"nofollow noopener\" target=\"_blank\">WhatsApp <\/a>\u00fczerinden gelen takip sorular\u0131 da h\u0131zl\u0131 bir \u015fekilde yan\u0131tland\u0131. Operasyon ve \u0130stanbul \u015fehri hakk\u0131ndaki bilgiler de faydal\u0131yd\u0131. Yola \u00e7\u0131kmadan \u00f6nce kendimi iyi bilgilendirilmi\u015f hissettim.  <\/p>\n\n\n\n<p>\u0130stanbul&#8217;da d\u00f6rt g\u00fcn ge\u00e7irdik, bu da \u015fehir hakk\u0131nda ilk izlenim edinmek i\u00e7in yeterliydi. Beyo\u011flu semtinde kendimize konaklama ayarlad\u0131k. Bu b\u00f6lge, turist kalabal\u0131\u011f\u0131ndan uzak, iyi bir restoran se\u00e7ene\u011fi sunuyor, ancak biraz engebeli.  <\/p>\n\n\n\n<p>Farkl\u0131 mahallelerin \u00e7e\u015fitlili\u011finden ve bir\u00e7ok tarihi mekandan keyif ald\u0131k. Ancak, \u00f6zellikle turistik b\u00f6lgelerdeki fahi\u015f fiyatlar \u015feklinde kendini g\u00f6steren enflasyonun etkilerinden olduk\u00e7a hayal k\u0131r\u0131kl\u0131\u011f\u0131na u\u011frad\u0131k. Ayr\u0131ca, T\u00fcrk\u00e7e konu\u015fmayan turistlerin \u00f6nemli \u00f6l\u00e7\u00fcde daha fazla \u00f6deme yapabilece\u011fi g\u00f6z \u00f6n\u00fcne al\u0131nd\u0131\u011f\u0131nda, taksi \u00fccretleri hakk\u0131nda \u00f6nceden bilgi edinmek de tavsiye edilir.  <\/p>\n\n\n\n<p>Be\u015finci g\u00fcn, sabahleyin bir \u015fof\u00f6r taraf\u0131ndan konaklama yerimizden al\u0131nd\u0131k. <a href=\"https:\/\/swisslasik.ch\/tr\/lasik-istanbulda-lasik-tuerkiye-lazer-goez-cerrahisi\/birinci-augenklinik-istanbul\/\" data-type=\"link\" data-id=\"https:\/\/swisslasik.ch\/lasik-in-istanbul\/birinci-augenklinik\/\">Birinci G\u00f6z Klini\u011fi&#8217;ne<\/a> vard\u0131\u011f\u0131m\u0131zda odam\u0131za g\u00f6t\u00fcr\u00fcld\u00fck. Refakat\u00e7i i\u00e7in olduk\u00e7a dar bir a\u00e7\u0131l\u0131r sandalye vard\u0131, bu da iki gece i\u00e7in kabul edilebilirdi. Daha sonra \u00f6n muayeneler i\u00e7in g\u00f6t\u00fcr\u00fcld\u00fcm. Olduk\u00e7a sab\u0131rl\u0131 olmak gerekiyor. Bazen muayeneler aras\u0131nda 30-60 dakika beklemek zorunda kald\u0131m.     <\/p>\n\n\n\n<p>Korneam ortalamadan daha ince oldu\u011fu i\u00e7in bana PRK y\u00f6ntemi \u00f6nerildi. Doktor g\u00fcler y\u00fczl\u00fcyd\u00fc, iyi \u0130ngilizce konu\u015fuyordu, i\u015flemi bana a\u00e7\u0131klad\u0131 ve t\u00fcm sorular\u0131m\u0131 yan\u0131tlad\u0131.<\/p>\n\n\n\n<p>\u00d6\u011fleden sonra, ameliyat\u0131mdan \u00f6nce baz\u0131 belgeleri imzalamam gerekiyordu. Bak\u0131c\u0131, T\u00fcrk\u00e7e olan belgeyi telefonundan benim i\u00e7in \u00e7evirdi. Yabanc\u0131 hastalar i\u00e7in \u0130ngilizce bir versiyonunun bulunmas\u0131 faydal\u0131 olurdu. Ayr\u0131ca, hem\u015firelerin hepsi \u0130ngilizce konu\u015fmuyordu. \u0130htiya\u00e7 duyuldu\u011funda ileti\u015fim kurulabilmesi i\u00e7in hem g\u00fcnd\u00fcz hem de gece vardiyas\u0131nda \u0130ngilizce konu\u015fan birinin bulunmas\u0131 yard\u0131mc\u0131 olurdu. Bununla birlikte, t\u00fcm personel \u00e7ok yard\u0131mc\u0131yd\u0131 ve \u00f6zellikle \u0130ngilizce konu\u015fan hem\u015fire \u00e7ok s\u0131cakkanl\u0131 ve arkada\u015f canl\u0131s\u0131yd\u0131.     <\/p>\n\n\n\n<p>Operasyonun kendisi k\u0131sa (birka\u00e7 dakika) ve a\u011fr\u0131s\u0131zd\u0131. Tek biraz s\u0131ra d\u0131\u015f\u0131 \u015fey, g\u00f6z\u00fcm\u00fc k\u0131rpamad\u0131\u011f\u0131m i\u00e7in g\u00f6z\u00fcme s\u00fcr\u00fclen s\u0131v\u0131yd\u0131. Lazerin etkisini hi\u00e7 hissetmedim. Operasyondan hemen sonra birka\u00e7 saat boyunca biraz a\u011fr\u0131m oldu, ancak bana a\u011fr\u0131 kesici ve sakinle\u015ftirici verildi.   <\/p>\n\n\n\n<p>Konaklama yerim olarak hastaneyi se\u00e7ti\u011fim i\u00e7in memnun oldum, b\u00f6ylece d\u0131\u015far\u0131 \u00e7\u0131kmak zorunda kalmad\u0131m \u2013 \u00f6zellikle de ikinci g\u00fcn kontrol muayenem oldu\u011fu i\u00e7in. G\u00f6zlerim \u00fc\u00e7\u00fcnc\u00fc g\u00fcne kadar \u0131\u015f\u0131\u011fa kar\u015f\u0131 hala \u00e7ok hassast\u0131. \u00dc\u00e7\u00fcnc\u00fc g\u00fcn eve u\u00e7tum. Be\u015finci g\u00fcnden itibaren, s\u0131n\u0131rl\u0131 bir s\u00fcre de olsa, tekrar bilgisayarda \u00e7al\u0131\u015fabiliyor veya televizyon izleyebiliyordum.   <\/p>\n\n\n\n<p>Maalesef, bana re\u00e7ete edilen g\u00f6z damlalar\u0131 \u0130svi\u00e7re&#8217;de bulunmuyor veya sadece \u00f6zel sipari\u015fle ve ge\u00e7erli bir doktor re\u00e7etesiyle temin edilebiliyor. Ancak SwissLasik ekibi bu konuda da \u00e7ok yard\u0131mc\u0131 oldu. G\u00f6z damlalar\u0131ndan \u00f6nceden yeterli miktarda temin etmenizi tavsiye ederim.  <\/p>\n\n\n\n<p>\u00d6zetle, SwissLasik&#8217;i,<strong><a href=\"https:\/\/swisslasik.ch\/tr\/lasik-istanbulda-lasik-tuerkiye-lazer-goez-cerrahisi\/birinci-augenklinik-istanbul\/\" data-type=\"page\" data-id=\"18\"> Birinci Klini\u011fi<\/a><\/strong> ve Dr. Faik Oru\u00e7o\u011flu&#8217;nu g\u00f6n\u00fcl rahatl\u0131\u011f\u0131yla tavsiye edebilirim.<strong> Bana \u00e7ok iyi bak\u0131ld\u0131\u011f\u0131n\u0131 hissettim<\/strong> ve <strong>\u015fimdi g\u00f6zl\u00fcks\u00fcz yeni hayat\u0131m\u0131n tad\u0131n\u0131 \u00e7\u0131kar\u0131yorum<\/strong>. <\/p>\n\n\n\n<p>Kas\u0131m 2024, Sarah Cristallo<\/p>\n\n\n\n<p>\u2014-<\/p>\n\n\n\n<p>A\u015fa\u011f\u0131da \u0130stanbul&#8217;daki baz\u0131 turistik yerlerin foto\u011fraflar\u0131 bulunmaktad\u0131r.<\/p>\n\n\n\n<figure><img decoding=\"async\" src=\"https:\/\/swisslasik.ch\/wp-content\/uploads\/2025\/09\/Istanbul_4.jpg\" alt=\"\"\/><\/figure>\n\n\n\n<figure><img decoding=\"async\" src=\"https:\/\/swisslasik.ch\/wp-content\/uploads\/2025\/09\/Istanbul_3.jpg\" alt=\"\"\/><\/figure>\n\n\n\n<figure><img decoding=\"async\" src=\"https:\/\/swisslasik.ch\/wp-content\/uploads\/2025\/09\/Istanbul_2.jpg\" alt=\"\"\/><\/figure>\n\n\n\n<figure><img decoding=\"async\" src=\"https:\/\/swisslasik.ch\/wp-content\/uploads\/2025\/09\/Istanbul_1.jpg\" alt=\"\"\/><\/figure>\n\n\n\n<div class=\"wp-block-group is-layout-grid wp-container-core-group-is-layout-baef362d wp-block-group-is-layout-grid\">\n<p><a href=\"https:\/\/medicaltravel.at\/home\/agb\/\" data-type=\"page\" data-id=\"2191\" rel=\"nofollow noopener\" target=\"_blank\"><\/a><a href=\"https:\/\/swisslasik.ch\/tr\/hasta-yorumlari-lasik-goez-lazeri\/istanbulda-trifokal-lens-implantasyonu-hasta-yorumu\/\" data-type=\"link\" data-id=\"https:\/\/swisslasik.ch\/patientenberichte-lasik\/trifokallinsen-istanbul\/\">\u00d6nceki <\/a><a href=\"https:\/\/swisslasik.ch\/tr\/hasta-yorumlari-lasik-goez-lazeri\/istanbulda-trifokal-lens-implantasyonu-hasta-yorumu\/\" data-type=\"link\" data-id=\"https:\/\/swisslasik.ch\/tr\/hasta-yorumlari-lasik-goez-lazeri\/istanbulda-trifokal-lens-implantasyonu-hasta-yorumu\/\">r<\/a><a href=\"https:\/\/swisslasik.ch\/tr\/hasta-yorumlari-lasik-goez-lazeri\/istanbulda-trifokal-lens-implantasyonu-hasta-yorumu\/\" data-type=\"link\" data-id=\"https:\/\/swisslasik.ch\/patientenberichte-lasik\/trifokallinsen-istanbul\/\">apor<\/a><\/p>\n\n\n\n<p class=\"has-text-align-right wp-container-content-5e2576f9\"><a href=\"https:\/\/medicaltravel.at\/home\/impressum\/\" data-type=\"page\" data-id=\"2193\" rel=\"nofollow noopener\" target=\"_blank\"><\/a><a href=\"https:\/\/medicaltravel.at\/home\/berichte-von-patienten\/erfahrungsberichte\/erfahrungsbericht-zahnbehandlung-in-istanbul\/\" data-type=\"page\" data-id=\"981\" rel=\"nofollow noopener\" target=\"_blank\"><\/a><a href=\"https:\/\/swisslasik.ch\/tr\/hasta-yorumlari-lasik-goez-lazeri\/trifokal-lens-implantasyonunun-degerlendirilmesi-istanbul-tuerkiye\/\" data-type=\"link\" data-id=\"https:\/\/swisslasik.ch\/patientenberichte-lasik\/trifokallinsenimplantation-istanbul-tuerkei\/\">Sonraki rapor<\/a><\/p>\n<\/div>\n","protected":false},"excerpt":{"rendered":"<p>Hasta incelemesi: Lazer g\u00f6z ameliyat\u0131 \u0130stanbul, T\u00fcrkiye Hasta yorumum &#8211; \u0130stanbul&#8217;da lazer g\u00f6z ameliyat\u0131 Tan\u0131d\u0131\u011f\u0131m ki\u015filerden olumlu deneyimler duyduktan sonra g\u00f6zlerimi lazerle ald\u0131rmaya T\u00fcrkiye&#8217;de karar verdim. \u0130svi\u00e7re&#8217;de bir irtibat ki\u015fisi olan bir sa\u011flay\u0131c\u0131 bulmak benim i\u00e7in \u00f6nemliydi, bu y\u00fczden kapsaml\u0131 ara\u015ft\u0131rma ve fiyat kar\u015f\u0131la\u015ft\u0131rmalar\u0131ndan sonra SwissLasik&#8217;i se\u00e7tim. \u0130stanbul&#8217;u se\u00e7memin nedeni ise bir\u00e7ok tan\u0131d\u0131\u011f\u0131m\u0131n ziyaret etmeye de\u011fer bir \u015fehir oldu\u011funu s\u00f6ylemesiydi. Bern&#8217;deki \u00f6n g\u00f6r\u00fc\u015fme samimi ve bilgilendiriciydi; WhatsApp \u00fczerinden gelen takip sorular\u0131 da h\u0131zl\u0131 bir \u015fekilde yan\u0131tland\u0131. Operasyon ve \u0130stanbul \u015fehri hakk\u0131ndaki bilgiler de faydal\u0131yd\u0131. Yola \u00e7\u0131kmadan \u00f6nce kendimi iyi bilgilendirilmi\u015f hissettim. \u0130stanbul&#8217;da d\u00f6rt g\u00fcn ge\u00e7irdik, bu da \u015fehir hakk\u0131nda ilk izlenim edinmek i\u00e7in yeterliydi. Beyo\u011flu semtinde kendimize konaklama ayarlad\u0131k. Bu b\u00f6lge, turist kalabal\u0131\u011f\u0131ndan uzak, iyi bir restoran se\u00e7ene\u011fi sunuyor, ancak biraz engebeli. Farkl\u0131 mahallelerin \u00e7e\u015fitlili\u011finden ve bir\u00e7ok tarihi mekandan keyif ald\u0131k. Ancak, \u00f6zellikle turistik b\u00f6lgelerdeki fahi\u015f fiyatlar \u015feklinde kendini g\u00f6steren enflasyonun etkilerinden olduk\u00e7a hayal k\u0131r\u0131kl\u0131\u011f\u0131na u\u011frad\u0131k. Ayr\u0131ca, T\u00fcrk\u00e7e konu\u015fmayan turistlerin \u00f6nemli \u00f6l\u00e7\u00fcde daha fazla \u00f6deme yapabilece\u011fi g\u00f6z \u00f6n\u00fcne al\u0131nd\u0131\u011f\u0131nda, taksi \u00fccretleri hakk\u0131nda \u00f6nceden bilgi edinmek de tavsiye edilir. Be\u015finci g\u00fcn, sabahleyin bir \u015fof\u00f6r taraf\u0131ndan konaklama yerimizden al\u0131nd\u0131k. Birinci G\u00f6z Klini\u011fi&#8217;ne vard\u0131\u011f\u0131m\u0131zda odam\u0131za g\u00f6t\u00fcr\u00fcld\u00fck. Refakat\u00e7i i\u00e7in olduk\u00e7a dar bir a\u00e7\u0131l\u0131r sandalye vard\u0131, bu da iki gece i\u00e7in kabul edilebilirdi. Daha sonra \u00f6n muayeneler i\u00e7in g\u00f6t\u00fcr\u00fcld\u00fcm. Olduk\u00e7a sab\u0131rl\u0131 olmak gerekiyor. Bazen muayeneler aras\u0131nda 30-60 dakika beklemek zorunda kald\u0131m. Korneam ortalamadan daha ince oldu\u011fu i\u00e7in bana PRK y\u00f6ntemi \u00f6nerildi. Doktor g\u00fcler y\u00fczl\u00fcyd\u00fc, iyi \u0130ngilizce konu\u015fuyordu, i\u015flemi bana a\u00e7\u0131klad\u0131 ve t\u00fcm sorular\u0131m\u0131 yan\u0131tlad\u0131. \u00d6\u011fleden sonra, ameliyat\u0131mdan \u00f6nce baz\u0131 belgeleri imzalamam gerekiyordu. Bak\u0131c\u0131, T\u00fcrk\u00e7e olan belgeyi telefonundan benim i\u00e7in \u00e7evirdi. Yabanc\u0131 hastalar i\u00e7in \u0130ngilizce bir versiyonunun bulunmas\u0131 faydal\u0131 olurdu. Ayr\u0131ca, hem\u015firelerin hepsi \u0130ngilizce konu\u015fmuyordu. \u0130htiya\u00e7 duyuldu\u011funda ileti\u015fim kurulabilmesi i\u00e7in hem g\u00fcnd\u00fcz hem de gece vardiyas\u0131nda \u0130ngilizce konu\u015fan birinin bulunmas\u0131 yard\u0131mc\u0131 olurdu. Bununla birlikte, t\u00fcm personel \u00e7ok yard\u0131mc\u0131yd\u0131 ve \u00f6zellikle \u0130ngilizce konu\u015fan hem\u015fire \u00e7ok s\u0131cakkanl\u0131 ve arkada\u015f canl\u0131s\u0131yd\u0131. Operasyonun kendisi k\u0131sa (birka\u00e7 dakika) ve a\u011fr\u0131s\u0131zd\u0131. Tek biraz s\u0131ra d\u0131\u015f\u0131 \u015fey, g\u00f6z\u00fcm\u00fc k\u0131rpamad\u0131\u011f\u0131m i\u00e7in g\u00f6z\u00fcme s\u00fcr\u00fclen s\u0131v\u0131yd\u0131. Lazerin etkisini hi\u00e7 hissetmedim. Operasyondan hemen sonra birka\u00e7 saat boyunca biraz a\u011fr\u0131m oldu, ancak bana a\u011fr\u0131 kesici ve sakinle\u015ftirici verildi. Konaklama yerim olarak hastaneyi se\u00e7ti\u011fim i\u00e7in memnun oldum, b\u00f6ylece d\u0131\u015far\u0131 \u00e7\u0131kmak zorunda kalmad\u0131m \u2013 \u00f6zellikle de ikinci g\u00fcn kontrol muayenem oldu\u011fu i\u00e7in. G\u00f6zlerim \u00fc\u00e7\u00fcnc\u00fc g\u00fcne kadar \u0131\u015f\u0131\u011fa kar\u015f\u0131 hala \u00e7ok hassast\u0131. \u00dc\u00e7\u00fcnc\u00fc g\u00fcn eve u\u00e7tum. Be\u015finci g\u00fcnden itibaren, s\u0131n\u0131rl\u0131 bir s\u00fcre de olsa, tekrar bilgisayarda \u00e7al\u0131\u015fabiliyor veya televizyon izleyebiliyordum. Maalesef, bana re\u00e7ete edilen g\u00f6z damlalar\u0131 \u0130svi\u00e7re&#8217;de bulunmuyor veya sadece \u00f6zel sipari\u015fle ve ge\u00e7erli bir doktor re\u00e7etesiyle temin edilebiliyor. Ancak SwissLasik ekibi bu konuda da \u00e7ok yard\u0131mc\u0131 oldu. G\u00f6z damlalar\u0131ndan \u00f6nceden yeterli miktarda temin etmenizi tavsiye ederim. \u00d6zetle, SwissLasik&#8217;i, Birinci Klini\u011fi ve Dr. Faik Oru\u00e7o\u011flu&#8217;nu g\u00f6n\u00fcl rahatl\u0131\u011f\u0131yla tavsiye edebilirim. Bana \u00e7ok iyi bak\u0131ld\u0131\u011f\u0131n\u0131 hissettim ve \u015fimdi g\u00f6zl\u00fcks\u00fcz yeni hayat\u0131m\u0131n tad\u0131n\u0131 \u00e7\u0131kar\u0131yorum. Kas\u0131m 2024, Sarah Cristallo \u2014- A\u015fa\u011f\u0131da \u0130stanbul&#8217;daki baz\u0131 turistik yerlerin foto\u011fraflar\u0131 bulunmaktad\u0131r. \u00d6nceki rapor Sonraki rapor<\/p>\n","protected":false},"author":4,"featured_media":0,"parent":3801,"menu_order":0,"comment_status":"closed","ping_status":"closed","template":"","meta":{"_joinchat":[],"footnotes":""},"class_list":["post-3955","page","type-page","status-publish","hentry"],"acf":[],"_links":{"self":[{"href":"https:\/\/swisslasik.ch\/tr\/wp-json\/wp\/v2\/pages\/3955","targetHints":{"allow":["GET"]}}],"collection":[{"href":"https:\/\/swisslasik.ch\/tr\/wp-json\/wp\/v2\/pages"}],"about":[{"href":"https:\/\/swisslasik.ch\/tr\/wp-json\/wp\/v2\/types\/page"}],"author":[{"embeddable":true,"href":"https:\/\/swisslasik.ch\/tr\/wp-json\/wp\/v2\/users\/4"}],"replies":[{"embeddable":true,"href":"https:\/\/swisslasik.ch\/tr\/wp-json\/wp\/v2\/comments?post=3955"}],"version-history":[{"count":3,"href":"https:\/\/swisslasik.ch\/tr\/wp-json\/wp\/v2\/pages\/3955\/revisions"}],"predecessor-version":[{"id":4642,"href":"https:\/\/swisslasik.ch\/tr\/wp-json\/wp\/v2\/pages\/3955\/revisions\/4642"}],"up":[{"embeddable":true,"href":"https:\/\/swisslasik.ch\/tr\/wp-json\/wp\/v2\/pages\/3801"}],"wp:attachment":[{"href":"https:\/\/swisslasik.ch\/tr\/wp-json\/wp\/v2\/media?parent=3955"}],"curies":[{"name":"wp","href":"https:\/\/api.w.org\/{rel}","templated":true}]}}