{"id":3957,"date":"2025-09-24T11:07:07","date_gmt":"2025-09-24T10:07:07","guid":{"rendered":"https:\/\/swisslasik.ch\/hasta-yorumlari-lasik-goez-lazeri\/istanbulda-trifokal-lens-implantasyonu-hasta-yorumu\/"},"modified":"2026-01-14T02:12:50","modified_gmt":"2026-01-14T01:12:50","slug":"istanbulda-trifokal-lens-implantasyonu-hasta-yorumu","status":"publish","type":"page","link":"https:\/\/swisslasik.ch\/tr\/hasta-yorumlari-lasik-goez-lazeri\/istanbulda-trifokal-lens-implantasyonu-hasta-yorumu\/","title":{"rendered":"\u0130stanbul&#8217;da Trifokal Lens \u0130mplantasyonu Hasta Yorumu"},"content":{"rendered":"<h3>\u0130stanbul&#8217;da Trifokal Lens \u0130mplantasyonu Hasta Yorumu<\/h3>\n<p><strong>Hasta Yorumu: \u0130stanbul&#8217;da \u00dc\u00e7 Odakl\u0131 Lens \u0130mplantasyonu &#8211; Benim Deneyimim<\/strong><\/p>\n<p>Olduk\u00e7a g\u00fc\u00e7l\u00fc g\u00f6rme d\u00fczeltmesiyle, presbiyopi ortaya \u00e7\u0131kt\u0131\u011f\u0131nda olas\u0131 bir <a href=\"https:\/\/swisslasik.ch\/tr\/lazer-goez-ameliyati-tuerkiye-istanbul\/multifokallinsen-trifokallinsen-tuerkei-istanbul-antalya-izmir\/\" data-type=\"page\" data-id=\"69\" data-wplink-edit=\"true\">lens implant\u0131 <\/a>i\u00e7in a\u00e7\u0131klama isteyece\u011fim benim i\u00e7in a\u00e7\u0131kt\u0131. Ve bunu 2024&#8217;\u00fcn sonunda SwissLasik arac\u0131l\u0131\u011f\u0131yla yapt\u0131m. <\/p>\n<p>G\u00f6z doktorum taraf\u0131ndan yap\u0131lan kapsaml\u0131 genel muayeneden sonra, <a href=\"https:\/\/swisslasik.ch\/tr\/\" data-type=\"page\" data-id=\"6\">SwissLasik <\/a>beni \u0130svi\u00e7re&#8217;deki bu t\u00fcr implantlar konusunda uzman bir doktora y\u00f6nlendirdi. Sonu\u00e7lar daha<a href=\"https:\/\/swisslasik.ch\/tr\/lasik-istanbulda-lasik-tuerkiye-lazer-goez-cerrahisi\/birinci-augenklinik-istanbul\/\" data-type=\"page\" data-id=\"18\"> sonra \u0130stanbul&#8217;daki klinik<\/a> taraf\u0131ndan incelendi ve uygulanabilir oldu\u011funa karar verildi. <\/p>\n<p>Bir i\u015f arkada\u015f\u0131m\u0131n da ayn\u0131 niyeti ta\u015f\u0131d\u0131\u011f\u0131n\u0131 ve geziyi \u00e7oktan planlad\u0131\u011f\u0131n\u0131 g\u00f6r\u00fcnce, \u00e7ok k\u0131sa bir s\u00fcre i\u00e7inde \u0130stanbul&#8217;a gitmeye karar verdim.<\/p>\n<p>SwissLasik sadece bir hafta i\u00e7inde \u0130stanbul&#8217;daki seyahatimi ve ameliyat\u0131m\u0131 ayarlad\u0131. Bu sayede birlikte seyahat edebildik ve ameliyat\u0131 ayn\u0131 anda yapt\u0131rabildik; bu da \u0130stanbul&#8217;daki konaklamam\u0131z\u0131 \u00e7ok daha keyifli hale getirdi. <\/p>\n<p>Yolculuk tamamen sorunsuz ge\u00e7ti ve SwissLasik&#8217;in bu konuda deneyimli oldu\u011fu a\u00e7\u0131k\u00e7a belliydi.<\/p>\n<p>Klinik ba\u015ftan beri \u00e7ok sayg\u0131n ve profesyonel bir izlenim b\u0131rakt\u0131. Hem\u015fireler \u00e7ok cana yak\u0131nd\u0131, ancak \u00e7ok az \u0130ngilizce konu\u015fuyorlard\u0131. <\/p>\n<p>Doktor Faik \u00e7ok yetkin ve deneyimliydi. Kendisiyle \u0130ngilizce ileti\u015fim kurmak \u00e7ok kolayd\u0131. Teknik terimler gerekti\u011finde her zaman bir terc\u00fcman haz\u0131r bulunuyordu. \u0130lk g\u00fcn yap\u0131lan kapsaml\u0131 g\u00f6z muayenesinin ard\u0131ndan doktorla ki\u015fisel bir g\u00f6r\u00fc\u015fme ger\u00e7ekle\u015ftirildi. Doktorun te\u015fhisi ve prosed\u00fcr\u00fcn a\u00e7\u0131klanmas\u0131n\u0131n ard\u0131ndan, ayn\u0131 \u00f6\u011fleden sonra ilk g\u00f6ze ilk implantasyon i\u015flemi yap\u0131ld\u0131. \u0130\u015flem a\u011fr\u0131s\u0131zd\u0131 ve sadece 15 dakika s\u00fcrd\u00fc.     <\/p>\n<p>Yakla\u015f\u0131k iki saatlik bir dinlenme s\u00fcresinin ard\u0131ndan, ameliyat edilen g\u00f6z\u00fcmle \u00e7ok iyi g\u00f6rebiliyordum. Daha sonra \u00f6zel odamda (standart d\u00fczenleme) dinlendim ve m\u00fczik dinledim. \u0130kinci g\u00fcn, ikinci g\u00f6z\u00fcme de ayn\u0131 \u015fekilde ameliyat yap\u0131ld\u0131. \u0130kinci g\u00fcn\u00fcn \u00f6\u011fleden sonras\u0131na do\u011fru, iki adet \u00fc\u00e7 odakl\u0131 lens yerle\u015ftirilmi\u015fti.   <\/p>\n<p>30 y\u0131l sonra ilk kez g\u00f6zl\u00fcklerimi \u00e7\u0131kar\u0131p deneme f\u0131rsat\u0131 buldum. Klini\u011fin \u00fc\u00e7\u00fcnc\u00fc kat\u0131ndaki VIP odas\u0131ndan \u015fehrin manzaras\u0131 nefes kesiciydi ve k\u00fc\u00e7\u00fck detaylar\u0131 her zamankinden daha net g\u00f6rebiliyordum. Ve bu ameliyattan sadece iki saat sonrayd\u0131\u2014inan\u0131lmaz!  <\/p>\n<p>Alacakaranl\u0131kta yapay \u0131\u015f\u0131\u011f\u0131n olu\u015fturdu\u011fu belirgin \u0131\u015f\u0131k halkalar\u0131na al\u0131\u015fmak biraz zaman al\u0131yor. \u00d6n\u00fcm\u00fczdeki birka\u00e7 hafta ve ay boyunca s\u00fcrecek olan bu s\u0131n\u0131rlama bana \u00f6nceden a\u00e7\u0131klanm\u0131\u015ft\u0131 ve bunun fark\u0131ndayd\u0131m. \u0130ki hafta sonra bile ak\u015famlar\u0131 hala mevcut, ancak tamamen tolere edilebilir durumda. \u0130lk hafta ak\u015famlar\u0131 araba kullanmak \u00f6nerilmiyor. G\u00f6zlerim karanl\u0131\u011fa biraz al\u0131\u015ft\u0131ktan sonra, neredeyse iki hafta sonra tekrar araba kullanabiliyorum. G\u00fcne\u015f \u0131\u015f\u0131\u011f\u0131na tahamm\u00fcl etmek hi\u00e7bir zaman sorun olmad\u0131. Hi\u00e7 g\u00f6z a\u011fr\u0131s\u0131 ya\u015famad\u0131m.      <\/p>\n<p>Klinikteki yemekler pek lezzetli de\u011fildi, bu y\u00fczden ikinci g\u00fcnden itibaren hep d\u0131\u015far\u0131da yemek yedik. \u00dc\u00e7\u00fcnc\u00fc g\u00fcn, her iki g\u00f6z\u00fcm\u00fcz de muayene edildi. Bu i\u015flem 15 dakikadan k\u0131sa s\u00fcrd\u00fc. Doktor her \u015feyin yolunda oldu\u011funu s\u00f6yledi, bu y\u00fczden ertesi g\u00fcn havaalan\u0131na g\u00f6t\u00fcr\u00fcl\u00fcp Z\u00fcrih&#8217;e u\u00e7madan \u00f6nce \u00f6\u011fleden sonray\u0131 \u015fehirde al\u0131\u015fveri\u015f yaparak ve gezerek ge\u00e7irdik.   <\/p>\n<p>\u0130\u015flemden iki hafta sonraki\u7d50\u8ad6um: SwissLasik yetkin ve deneyimli bir organizasyona sahip. G\u00f6z klini\u011fi profesyonel ve hijyenik. Standartlar\u0131 ve ekipmanlar\u0131 bende \u00e7ok profesyonel bir izlenim b\u0131rakt\u0131. <\/p>\n<p>\u0130svi\u00e7re&#8217;de durumun &#8220;daha iyi&#8221; oldu\u011funu hayal edemiyorum. 5 g\u00fcnl\u00fck geziyi tek ba\u015f\u0131n\u0131za veya ameliyat olacak ba\u015fka biriyle planlaman\u0131z\u0131 \u00f6neririm. <\/p>\n<p>Zug, 18 \u015eubat 2025<\/p>\n<p>Sayg\u0131lar\u0131mla,<br \/>B. Bieri<\/p>\n<p>\n<\/p>\n<div class=\"wp-block-group is-layout-grid wp-container-core-group-is-layout-baef362d wp-block-group-is-layout-grid\"> <\/div>\n<p><\/p>\n\n<div class=\"wp-block-group is-layout-grid wp-container-core-group-is-layout-baef362d wp-block-group-is-layout-grid\">\n<p><\/p>\n\n\n\n<p class=\"has-text-align-right wp-container-content-5e2576f9\"><a href=\"https:\/\/medicaltravel.at\/home\/impressum\/\" data-type=\"page\" data-id=\"2193\" rel=\"nofollow noopener\" target=\"_blank\"><\/a><a href=\"https:\/\/medicaltravel.at\/home\/berichte-von-patienten\/erfahrungsberichte\/erfahrungsbericht-zahnbehandlung-in-istanbul\/\" data-type=\"page\" data-id=\"981\" rel=\"nofollow noopener\" target=\"_blank\"><\/a><a href=\"https:\/\/swisslasik.ch\/tr\/hasta-yorumlari-lasik-goez-lazeri\/hasta-incelemesi-lazer-goez-ameliyati-istanbul-tuerkiye\/\" data-type=\"link\" data-id=\"https:\/\/swisslasik.ch\/patientenberichte-lasik\/patientreview-augenlasern-istanbul\/\">Sonraki rapor<\/a><\/p>\n<\/div>\n","protected":false},"excerpt":{"rendered":"<p>\u0130stanbul&#8217;da Trifokal Lens \u0130mplantasyonu Hasta Yorumu Hasta Yorumu: \u0130stanbul&#8217;da \u00dc\u00e7 Odakl\u0131 Lens \u0130mplantasyonu &#8211; Benim Deneyimim Olduk\u00e7a g\u00fc\u00e7l\u00fc g\u00f6rme d\u00fczeltmesiyle, presbiyopi ortaya \u00e7\u0131kt\u0131\u011f\u0131nda olas\u0131 bir lens implant\u0131 i\u00e7in a\u00e7\u0131klama isteyece\u011fim benim i\u00e7in a\u00e7\u0131kt\u0131. Ve bunu 2024&#8217;\u00fcn sonunda SwissLasik arac\u0131l\u0131\u011f\u0131yla yapt\u0131m. G\u00f6z doktorum taraf\u0131ndan yap\u0131lan kapsaml\u0131 genel muayeneden sonra, SwissLasik beni \u0130svi\u00e7re&#8217;deki bu t\u00fcr implantlar konusunda uzman bir doktora y\u00f6nlendirdi. Sonu\u00e7lar daha sonra \u0130stanbul&#8217;daki klinik taraf\u0131ndan incelendi ve uygulanabilir oldu\u011funa karar verildi. Bir i\u015f arkada\u015f\u0131m\u0131n da ayn\u0131 niyeti ta\u015f\u0131d\u0131\u011f\u0131n\u0131 ve geziyi \u00e7oktan planlad\u0131\u011f\u0131n\u0131 g\u00f6r\u00fcnce, \u00e7ok k\u0131sa bir s\u00fcre i\u00e7inde \u0130stanbul&#8217;a gitmeye karar verdim. SwissLasik sadece bir hafta i\u00e7inde \u0130stanbul&#8217;daki seyahatimi ve ameliyat\u0131m\u0131 ayarlad\u0131. Bu sayede birlikte seyahat edebildik ve ameliyat\u0131 ayn\u0131 anda yapt\u0131rabildik; bu da \u0130stanbul&#8217;daki konaklamam\u0131z\u0131 \u00e7ok daha keyifli hale getirdi. Yolculuk tamamen sorunsuz ge\u00e7ti ve SwissLasik&#8217;in bu konuda deneyimli oldu\u011fu a\u00e7\u0131k\u00e7a belliydi. Klinik ba\u015ftan beri \u00e7ok sayg\u0131n ve profesyonel bir izlenim b\u0131rakt\u0131. Hem\u015fireler \u00e7ok cana yak\u0131nd\u0131, ancak \u00e7ok az \u0130ngilizce konu\u015fuyorlard\u0131. Doktor Faik \u00e7ok yetkin ve deneyimliydi. Kendisiyle \u0130ngilizce ileti\u015fim kurmak \u00e7ok kolayd\u0131. Teknik terimler gerekti\u011finde her zaman bir terc\u00fcman haz\u0131r bulunuyordu. \u0130lk g\u00fcn yap\u0131lan kapsaml\u0131 g\u00f6z muayenesinin ard\u0131ndan doktorla ki\u015fisel bir g\u00f6r\u00fc\u015fme ger\u00e7ekle\u015ftirildi. Doktorun te\u015fhisi ve prosed\u00fcr\u00fcn a\u00e7\u0131klanmas\u0131n\u0131n ard\u0131ndan, ayn\u0131 \u00f6\u011fleden sonra ilk g\u00f6ze ilk implantasyon i\u015flemi yap\u0131ld\u0131. \u0130\u015flem a\u011fr\u0131s\u0131zd\u0131 ve sadece 15 dakika s\u00fcrd\u00fc. Yakla\u015f\u0131k iki saatlik bir dinlenme s\u00fcresinin ard\u0131ndan, ameliyat edilen g\u00f6z\u00fcmle \u00e7ok iyi g\u00f6rebiliyordum. Daha sonra \u00f6zel odamda (standart d\u00fczenleme) dinlendim ve m\u00fczik dinledim. \u0130kinci g\u00fcn, ikinci g\u00f6z\u00fcme de ayn\u0131 \u015fekilde ameliyat yap\u0131ld\u0131. \u0130kinci g\u00fcn\u00fcn \u00f6\u011fleden sonras\u0131na do\u011fru, iki adet \u00fc\u00e7 odakl\u0131 lens yerle\u015ftirilmi\u015fti. 30 y\u0131l sonra ilk kez g\u00f6zl\u00fcklerimi \u00e7\u0131kar\u0131p deneme f\u0131rsat\u0131 buldum. Klini\u011fin \u00fc\u00e7\u00fcnc\u00fc kat\u0131ndaki VIP odas\u0131ndan \u015fehrin manzaras\u0131 nefes kesiciydi ve k\u00fc\u00e7\u00fck detaylar\u0131 her zamankinden daha net g\u00f6rebiliyordum. Ve bu ameliyattan sadece iki saat sonrayd\u0131\u2014inan\u0131lmaz! Alacakaranl\u0131kta yapay \u0131\u015f\u0131\u011f\u0131n olu\u015fturdu\u011fu belirgin \u0131\u015f\u0131k halkalar\u0131na al\u0131\u015fmak biraz zaman al\u0131yor. \u00d6n\u00fcm\u00fczdeki birka\u00e7 hafta ve ay boyunca s\u00fcrecek olan bu s\u0131n\u0131rlama bana \u00f6nceden a\u00e7\u0131klanm\u0131\u015ft\u0131 ve bunun fark\u0131ndayd\u0131m. \u0130ki hafta sonra bile ak\u015famlar\u0131 hala mevcut, ancak tamamen tolere edilebilir durumda. \u0130lk hafta ak\u015famlar\u0131 araba kullanmak \u00f6nerilmiyor. G\u00f6zlerim karanl\u0131\u011fa biraz al\u0131\u015ft\u0131ktan sonra, neredeyse iki hafta sonra tekrar araba kullanabiliyorum. G\u00fcne\u015f \u0131\u015f\u0131\u011f\u0131na tahamm\u00fcl etmek hi\u00e7bir zaman sorun olmad\u0131. Hi\u00e7 g\u00f6z a\u011fr\u0131s\u0131 ya\u015famad\u0131m. Klinikteki yemekler pek lezzetli de\u011fildi, bu y\u00fczden ikinci g\u00fcnden itibaren hep d\u0131\u015far\u0131da yemek yedik. \u00dc\u00e7\u00fcnc\u00fc g\u00fcn, her iki g\u00f6z\u00fcm\u00fcz de muayene edildi. Bu i\u015flem 15 dakikadan k\u0131sa s\u00fcrd\u00fc. Doktor her \u015feyin yolunda oldu\u011funu s\u00f6yledi, bu y\u00fczden ertesi g\u00fcn havaalan\u0131na g\u00f6t\u00fcr\u00fcl\u00fcp Z\u00fcrih&#8217;e u\u00e7madan \u00f6nce \u00f6\u011fleden sonray\u0131 \u015fehirde al\u0131\u015fveri\u015f yaparak ve gezerek ge\u00e7irdik. \u0130\u015flemden iki hafta sonraki\u7d50\u8ad6um: SwissLasik yetkin ve deneyimli bir organizasyona sahip. G\u00f6z klini\u011fi profesyonel ve hijyenik. Standartlar\u0131 ve ekipmanlar\u0131 bende \u00e7ok profesyonel bir izlenim b\u0131rakt\u0131. \u0130svi\u00e7re&#8217;de durumun &#8220;daha iyi&#8221; oldu\u011funu hayal edemiyorum. 5 g\u00fcnl\u00fck geziyi tek ba\u015f\u0131n\u0131za veya ameliyat olacak ba\u015fka biriyle planlaman\u0131z\u0131 \u00f6neririm. Zug, 18 \u015eubat 2025 Sayg\u0131lar\u0131mla,B. Bieri Sonraki rapor<\/p>\n","protected":false},"author":4,"featured_media":0,"parent":3801,"menu_order":0,"comment_status":"closed","ping_status":"closed","template":"","meta":{"_joinchat":[],"footnotes":""},"class_list":["post-3957","page","type-page","status-publish","hentry"],"acf":[],"_links":{"self":[{"href":"https:\/\/swisslasik.ch\/tr\/wp-json\/wp\/v2\/pages\/3957","targetHints":{"allow":["GET"]}}],"collection":[{"href":"https:\/\/swisslasik.ch\/tr\/wp-json\/wp\/v2\/pages"}],"about":[{"href":"https:\/\/swisslasik.ch\/tr\/wp-json\/wp\/v2\/types\/page"}],"author":[{"embeddable":true,"href":"https:\/\/swisslasik.ch\/tr\/wp-json\/wp\/v2\/users\/4"}],"replies":[{"embeddable":true,"href":"https:\/\/swisslasik.ch\/tr\/wp-json\/wp\/v2\/comments?post=3957"}],"version-history":[{"count":1,"href":"https:\/\/swisslasik.ch\/tr\/wp-json\/wp\/v2\/pages\/3957\/revisions"}],"predecessor-version":[{"id":3958,"href":"https:\/\/swisslasik.ch\/tr\/wp-json\/wp\/v2\/pages\/3957\/revisions\/3958"}],"up":[{"embeddable":true,"href":"https:\/\/swisslasik.ch\/tr\/wp-json\/wp\/v2\/pages\/3801"}],"wp:attachment":[{"href":"https:\/\/swisslasik.ch\/tr\/wp-json\/wp\/v2\/media?parent=3957"}],"curies":[{"name":"wp","href":"https:\/\/api.w.org\/{rel}","templated":true}]}}