{"id":3959,"date":"2025-09-24T11:44:11","date_gmt":"2025-09-24T10:44:11","guid":{"rendered":"https:\/\/swisslasik.ch\/hasta-yorumlari-lasik-goez-lazeri\/ilk-basta-yurt-disindaki-proseduerlerden-pek-hoslanmasak-da-cok-memnun-kaldik-9-nisan-2016-cumartesi-tarihli-rapor\/"},"modified":"2026-01-14T02:31:14","modified_gmt":"2026-01-14T01:31:14","slug":"ilk-basta-yurt-disindaki-proseduerlerden-pek-hoslanmasak-da-cok-memnun-kaldik-9-nisan-2016-cumartesi-tarihli-rapor","status":"publish","type":"page","link":"https:\/\/swisslasik.ch\/tr\/hasta-yorumlari-lasik-goez-lazeri\/ilk-basta-yurt-disindaki-proseduerlerden-pek-hoslanmasak-da-cok-memnun-kaldik-9-nisan-2016-cumartesi-tarihli-rapor\/","title":{"rendered":"\u0130lk ba\u015fta yurt d\u0131\u015f\u0131ndaki prosed\u00fcrlerden pek ho\u015flanmasak da, \u00e7ok memnun kald\u0131k! \u2013 9 Nisan 2016 Cumartesi tarihli rapor"},"content":{"rendered":"\n<h3 class=\"wp-block-heading\">\u0130lk ba\u015fta yurt d\u0131\u015f\u0131ndaki prosed\u00fcrlerden pek ho\u015flanmasak da, \u00e7ok memnun kald\u0131k! \u2013 9 Nisan 2016 Cumartesi tarihli rapor<\/h3>\n\n<p>\u0130stanbul&#8217;da lazer g\u00f6z ameliyat\u0131 hakk\u0131nda deneyim raporu<\/p>\n\n<p>E\u015fim ve ben ikimiz de g\u00f6zl\u00fck tak\u0131yoruz. Ge\u00e7en yaz, e\u015fim motosiklet ehliyeti almak istedi\u011fini s\u00f6yledi. G\u00f6zl\u00fck ve kask\u0131n rahats\u0131z edici oldu\u011funu, kontakt lenslerin de ideal olmad\u0131\u011f\u0131n\u0131, \u00e7\u00fcnk\u00fc g\u00f6zlerinin k\u0131sa s\u00fcrede a\u011fr\u0131maya ba\u015flad\u0131\u011f\u0131n\u0131 belirtti. Bir meslekta\u015f\u0131 ona T\u00fcrkiye&#8217;de lazer g\u00f6z ameliyat\u0131 ge\u00e7irdi\u011fini ve sonu\u00e7lardan \u00e7ok memnun oldu\u011funu s\u00f6yledi. Bunun \u00fczerine internette biraz ara\u015ft\u0131rma yapt\u0131k. Ben bu i\u015flemden \u00e7ok korktu\u011fum ve yapt\u0131rmak isteyip istemedi\u011fimden emin olmad\u0131\u011f\u0131m i\u00e7in, \u0130svi\u00e7re&#8217;deki bir g\u00f6z klini\u011finden tavsiye ald\u0131k. Kapsaml\u0131 ara\u015ft\u0131rmalar ve hasta yorumlar\u0131n\u0131 okuduktan sonra, \u0130stanbul&#8217;daki SwissLasik klini\u011finde tedaviyi yapt\u0131rmaya karar verdik.      <\/p>\n\n<p>SwissLasik&#8217;in \u00f6nerdi\u011fi otel bize cazip gelmedi\u011fi ve g\u00f6z tedavisini \u015fehir gezisiyle birle\u015ftirmek istedi\u011fimiz i\u00e7in, seyahati ve tedaviyi ayr\u0131 ayr\u0131 rezerve etmenin m\u00fcmk\u00fcn olup olmad\u0131\u011f\u0131n\u0131 sorduk. Bu kolayca ayarland\u0131 ve bu bizi \u00e7ok memnun etti. SwissLasik&#8217;ten Bay Kara&#8217;ya u\u00e7u\u015f numaralar\u0131m\u0131z\u0131 ve rezervasyon yapt\u0131\u011f\u0131m\u0131z oteli e-posta ile g\u00f6nderdim. Seyahati ve konaklamay\u0131 kendimiz rezerve etmemize ra\u011fmen, havaalan\u0131ndan otele transfer sa\u011fland\u0131. \u015eof\u00f6r \u00e7ok cana yak\u0131nd\u0131 ve her zaman dakikti, ki \u0130stanbul&#8217;daki trafik karma\u015fas\u0131 g\u00f6z \u00f6n\u00fcne al\u0131nd\u0131\u011f\u0131nda bu b\u00fcy\u00fck bir zorluk olmal\u0131.    <\/p>\n\n<p>Bay Kara ile yapt\u0131\u011f\u0131m\u0131z telefon g\u00f6r\u00fc\u015fmeleri ve e-posta yaz\u0131\u015fmalar\u0131 her zaman \u00e7ok samimiydi. Sorular\u0131m\u0131za hemen cevap verildi. Hatta otel rezervasyonlar\u0131yla ilgili ipu\u00e7lar\u0131 bile ald\u0131k.  <\/p>\n\n<p>Tedavi g\u00fcn\u00fc, klinikte bizi Almanca konu\u015fan bir beyefendi kar\u015f\u0131lad\u0131 ve \u00f6n muayeneler, tedavi ve ertesi g\u00fcnk\u00fc kontrol randevusu boyunca bize e\u015flik etti. Hastane personeli ve doktor \u00e7ok yetkin bir izlenim b\u0131rakt\u0131. Klinik modern ve \u00e7ok iyi bak\u0131ml\u0131.  <\/p>\n\n<p>\u0130\u015flem yakla\u015f\u0131k 15 dakika s\u00fcrd\u00fc. Sonras\u0131nda koruyucu g\u00f6zl\u00fck ve g\u00f6z damlas\u0131 verildi. Her damlan\u0131n nas\u0131l ve ne zaman kullan\u0131laca\u011f\u0131na dair ayr\u0131nt\u0131l\u0131 talimatlar ald\u0131k. Tedavi s\u0131ras\u0131nda veya sonras\u0131nda hi\u00e7bir a\u011fr\u0131 hissetmedik. Ertesi g\u00fcn, kontrol muayenemizden sonra, g\u00f6zl\u00fck takmadan \u0130stanbul&#8217;un tad\u0131n\u0131 tekrar \u00e7\u0131karabildik.    <\/p>\n\n<p>Sa\u011f g\u00f6z\u00fcmdeki hafif g\u00f6rme bozuklu\u011fu nedeniyle sadece sol g\u00f6z\u00fcm\u00fcn d\u00fczeltilmesi gerekiyordu. \u0130svi\u00e7re&#8217;deki muayene s\u0131ras\u0131nda bu bana s\u00f6ylenmedi, bu da ba\u015flang\u0131\u00e7ta beni rahats\u0131z etti. G\u00f6z doktoruyla tekrar g\u00f6r\u00fc\u015ft\u00fcm ve durumumu anlatt\u0131m. Daha sonra t\u00fcm \u00f6l\u00e7\u00fcmlerimi tekrar kontrol etti ve sonu\u00e7lar\u0131n\u0131n do\u011fru oldu\u011funu, \u0130svi\u00e7re&#8217;deki testler s\u0131ras\u0131nda bir \u015feyin yanl\u0131\u015f yorumlanm\u0131\u015f olabilece\u011fini s\u00f6yledi. Bu g\u00f6r\u00fc\u015fmeden sonra doktora g\u00fcvenmeye karar verdim ve tedaviye devam ettim. G\u00f6r\u00fcn\u00fc\u015fe g\u00f6re alt\u0131 y\u0131ld\u0131r yanl\u0131\u015f d\u00fczeltmeyle dola\u015f\u0131yormu\u015fum. G\u00f6z doktoruna g\u00f6re astigmat\u0131m vard\u0131 ve daha b\u00fcy\u00fck bir d\u00fczeltmeye ihtiyac\u0131m vard\u0131. E\u011fer bu o zaman do\u011fru bir \u015fekilde kontrol edilmi\u015f olsayd\u0131, kesinlikle say\u0131s\u0131z saatlik ba\u015f a\u011fr\u0131s\u0131ndan kurtulmu\u015f olurdum.       <\/p>\n\n<p>Yurt d\u0131\u015f\u0131ndaki i\u015flemlerin genellikle hayran\u0131 olmasak da, SwissLasik ve Ac\u0131badem Klini\u011fini g\u00f6n\u00fcl rahatl\u0131\u011f\u0131yla tavsiye edebiliriz. Kesinlikle birinci s\u0131n\u0131f!!! <\/p>\n\n<p>Harika \u00e7al\u0131\u015fmalar\u0131n\u0131z i\u00e7in \u00e7ok te\u015fekk\u00fcrler \ud83d\ude42 Jasmin A. ve Michael B.<\/p>\n\n<div class=\"wp-block-group is-layout-grid wp-container-core-group-is-layout-baef362d wp-block-group-is-layout-grid\">\n<p><a href=\"https:\/\/medicaltravel.at\/home\/agb\/\" data-type=\"page\" data-id=\"2191\" rel=\"nofollow noopener\" target=\"_blank\"><\/a><a href=\"https:\/\/swisslasik.ch\/tr\/hasta-yorumlari-lasik-goez-lazeri\/tuerkiyede-lasik-goez-ameliyati-deneyimim-12-nisan-2016-sali-tarihli-rapor\/\" data-type=\"link\" data-id=\"https:\/\/swisslasik.ch\/patientenberichte-lasik\/erfahrungsbericht-meiner-lasik-augen-op-in-der-turkei-bericht-vom-dienstag-12-april-2016\/\">\u00d6nceki rapor<\/a><\/p>\n\n\n\n<p class=\"has-text-align-right wp-container-content-5e2576f9\"><a href=\"https:\/\/medicaltravel.at\/home\/impressum\/\" data-type=\"page\" data-id=\"2193\" rel=\"nofollow noopener\" target=\"_blank\"><\/a><a href=\"https:\/\/medicaltravel.at\/home\/berichte-von-patienten\/erfahrungsberichte\/erfahrungsbericht-zahnbehandlung-in-istanbul\/\" data-type=\"page\" data-id=\"981\" rel=\"nofollow noopener\" target=\"_blank\"><\/a><a href=\"https:\/\/swisslasik.ch\/tr\/hasta-yorumlari-lasik-goez-lazeri\/istanbulda-multifokal-lensler-kullanilarak-yapilan-presbiyopi-ameliyati-6-nisan-2016-carsamba-tarihli-rapor\/\" data-type=\"link\" data-id=\"https:\/\/swisslasik.ch\/patientenberichte-lasik\/alterssichtigkeits-op-durch-multifokallinsen-in-istanbul-bericht-vom-mittwoch-06-april-2016\/\">Sonraki rapor<\/a><\/p>\n<\/div>\n\n<p><\/p>\n","protected":false},"excerpt":{"rendered":"<p>\u0130lk ba\u015fta yurt d\u0131\u015f\u0131ndaki prosed\u00fcrlerden pek ho\u015flanmasak da, \u00e7ok memnun kald\u0131k! \u2013 9 Nisan 2016 Cumartesi tarihli rapor \u0130stanbul&#8217;da lazer g\u00f6z ameliyat\u0131 hakk\u0131nda deneyim raporu E\u015fim ve ben ikimiz de g\u00f6zl\u00fck tak\u0131yoruz. Ge\u00e7en yaz, e\u015fim motosiklet ehliyeti almak istedi\u011fini s\u00f6yledi. G\u00f6zl\u00fck ve kask\u0131n rahats\u0131z edici oldu\u011funu, kontakt lenslerin de ideal olmad\u0131\u011f\u0131n\u0131, \u00e7\u00fcnk\u00fc g\u00f6zlerinin k\u0131sa s\u00fcrede a\u011fr\u0131maya ba\u015flad\u0131\u011f\u0131n\u0131 belirtti. Bir meslekta\u015f\u0131 ona T\u00fcrkiye&#8217;de lazer g\u00f6z ameliyat\u0131 ge\u00e7irdi\u011fini ve sonu\u00e7lardan \u00e7ok memnun oldu\u011funu s\u00f6yledi. Bunun \u00fczerine internette biraz ara\u015ft\u0131rma yapt\u0131k. Ben bu i\u015flemden \u00e7ok korktu\u011fum ve yapt\u0131rmak isteyip istemedi\u011fimden emin olmad\u0131\u011f\u0131m i\u00e7in, \u0130svi\u00e7re&#8217;deki bir g\u00f6z klini\u011finden tavsiye ald\u0131k. Kapsaml\u0131 ara\u015ft\u0131rmalar ve hasta yorumlar\u0131n\u0131 okuduktan sonra, \u0130stanbul&#8217;daki SwissLasik klini\u011finde tedaviyi yapt\u0131rmaya karar verdik. SwissLasik&#8217;in \u00f6nerdi\u011fi otel bize cazip gelmedi\u011fi ve g\u00f6z tedavisini \u015fehir gezisiyle birle\u015ftirmek istedi\u011fimiz i\u00e7in, seyahati ve tedaviyi ayr\u0131 ayr\u0131 rezerve etmenin m\u00fcmk\u00fcn olup olmad\u0131\u011f\u0131n\u0131 sorduk. Bu kolayca ayarland\u0131 ve bu bizi \u00e7ok memnun etti. SwissLasik&#8217;ten Bay Kara&#8217;ya u\u00e7u\u015f numaralar\u0131m\u0131z\u0131 ve rezervasyon yapt\u0131\u011f\u0131m\u0131z oteli e-posta ile g\u00f6nderdim. Seyahati ve konaklamay\u0131 kendimiz rezerve etmemize ra\u011fmen, havaalan\u0131ndan otele transfer sa\u011fland\u0131. \u015eof\u00f6r \u00e7ok cana yak\u0131nd\u0131 ve her zaman dakikti, ki \u0130stanbul&#8217;daki trafik karma\u015fas\u0131 g\u00f6z \u00f6n\u00fcne al\u0131nd\u0131\u011f\u0131nda bu b\u00fcy\u00fck bir zorluk olmal\u0131. Bay Kara ile yapt\u0131\u011f\u0131m\u0131z telefon g\u00f6r\u00fc\u015fmeleri ve e-posta yaz\u0131\u015fmalar\u0131 her zaman \u00e7ok samimiydi. Sorular\u0131m\u0131za hemen cevap verildi. Hatta otel rezervasyonlar\u0131yla ilgili ipu\u00e7lar\u0131 bile ald\u0131k. Tedavi g\u00fcn\u00fc, klinikte bizi Almanca konu\u015fan bir beyefendi kar\u015f\u0131lad\u0131 ve \u00f6n muayeneler, tedavi ve ertesi g\u00fcnk\u00fc kontrol randevusu boyunca bize e\u015flik etti. Hastane personeli ve doktor \u00e7ok yetkin bir izlenim b\u0131rakt\u0131. Klinik modern ve \u00e7ok iyi bak\u0131ml\u0131. \u0130\u015flem yakla\u015f\u0131k 15 dakika s\u00fcrd\u00fc. Sonras\u0131nda koruyucu g\u00f6zl\u00fck ve g\u00f6z damlas\u0131 verildi. Her damlan\u0131n nas\u0131l ve ne zaman kullan\u0131laca\u011f\u0131na dair ayr\u0131nt\u0131l\u0131 talimatlar ald\u0131k. Tedavi s\u0131ras\u0131nda veya sonras\u0131nda hi\u00e7bir a\u011fr\u0131 hissetmedik. Ertesi g\u00fcn, kontrol muayenemizden sonra, g\u00f6zl\u00fck takmadan \u0130stanbul&#8217;un tad\u0131n\u0131 tekrar \u00e7\u0131karabildik. Sa\u011f g\u00f6z\u00fcmdeki hafif g\u00f6rme bozuklu\u011fu nedeniyle sadece sol g\u00f6z\u00fcm\u00fcn d\u00fczeltilmesi gerekiyordu. \u0130svi\u00e7re&#8217;deki muayene s\u0131ras\u0131nda bu bana s\u00f6ylenmedi, bu da ba\u015flang\u0131\u00e7ta beni rahats\u0131z etti. G\u00f6z doktoruyla tekrar g\u00f6r\u00fc\u015ft\u00fcm ve durumumu anlatt\u0131m. Daha sonra t\u00fcm \u00f6l\u00e7\u00fcmlerimi tekrar kontrol etti ve sonu\u00e7lar\u0131n\u0131n do\u011fru oldu\u011funu, \u0130svi\u00e7re&#8217;deki testler s\u0131ras\u0131nda bir \u015feyin yanl\u0131\u015f yorumlanm\u0131\u015f olabilece\u011fini s\u00f6yledi. Bu g\u00f6r\u00fc\u015fmeden sonra doktora g\u00fcvenmeye karar verdim ve tedaviye devam ettim. G\u00f6r\u00fcn\u00fc\u015fe g\u00f6re alt\u0131 y\u0131ld\u0131r yanl\u0131\u015f d\u00fczeltmeyle dola\u015f\u0131yormu\u015fum. G\u00f6z doktoruna g\u00f6re astigmat\u0131m vard\u0131 ve daha b\u00fcy\u00fck bir d\u00fczeltmeye ihtiyac\u0131m vard\u0131. E\u011fer bu o zaman do\u011fru bir \u015fekilde kontrol edilmi\u015f olsayd\u0131, kesinlikle say\u0131s\u0131z saatlik ba\u015f a\u011fr\u0131s\u0131ndan kurtulmu\u015f olurdum. Yurt d\u0131\u015f\u0131ndaki i\u015flemlerin genellikle hayran\u0131 olmasak da, SwissLasik ve Ac\u0131badem Klini\u011fini g\u00f6n\u00fcl rahatl\u0131\u011f\u0131yla tavsiye edebiliriz. Kesinlikle birinci s\u0131n\u0131f!!! Harika \u00e7al\u0131\u015fmalar\u0131n\u0131z i\u00e7in \u00e7ok te\u015fekk\u00fcrler \ud83d\ude42 Jasmin A. ve Michael B. \u00d6nceki rapor Sonraki rapor<\/p>\n","protected":false},"author":4,"featured_media":0,"parent":3801,"menu_order":0,"comment_status":"closed","ping_status":"closed","template":"","meta":{"_joinchat":[],"footnotes":""},"class_list":["post-3959","page","type-page","status-publish","hentry"],"acf":[],"_links":{"self":[{"href":"https:\/\/swisslasik.ch\/tr\/wp-json\/wp\/v2\/pages\/3959","targetHints":{"allow":["GET"]}}],"collection":[{"href":"https:\/\/swisslasik.ch\/tr\/wp-json\/wp\/v2\/pages"}],"about":[{"href":"https:\/\/swisslasik.ch\/tr\/wp-json\/wp\/v2\/types\/page"}],"author":[{"embeddable":true,"href":"https:\/\/swisslasik.ch\/tr\/wp-json\/wp\/v2\/users\/4"}],"replies":[{"embeddable":true,"href":"https:\/\/swisslasik.ch\/tr\/wp-json\/wp\/v2\/comments?post=3959"}],"version-history":[{"count":1,"href":"https:\/\/swisslasik.ch\/tr\/wp-json\/wp\/v2\/pages\/3959\/revisions"}],"predecessor-version":[{"id":3960,"href":"https:\/\/swisslasik.ch\/tr\/wp-json\/wp\/v2\/pages\/3959\/revisions\/3960"}],"up":[{"embeddable":true,"href":"https:\/\/swisslasik.ch\/tr\/wp-json\/wp\/v2\/pages\/3801"}],"wp:attachment":[{"href":"https:\/\/swisslasik.ch\/tr\/wp-json\/wp\/v2\/media?parent=3959"}],"curies":[{"name":"wp","href":"https:\/\/api.w.org\/{rel}","templated":true}]}}