{"id":3963,"date":"2025-09-24T11:52:16","date_gmt":"2025-09-24T10:52:16","guid":{"rendered":"https:\/\/swisslasik.ch\/hasta-yorumlari-lasik-goez-lazeri\/swisslasike-guevenebilecegimi-hissettim-26-kasim-2015-persembe-tarihli-rapor\/"},"modified":"2026-01-14T02:36:25","modified_gmt":"2026-01-14T01:36:25","slug":"swisslasike-guevenebilecegimi-hissettim-26-kasim-2015-persembe-tarihli-rapor","status":"publish","type":"page","link":"https:\/\/swisslasik.ch\/tr\/hasta-yorumlari-lasik-goez-lazeri\/swisslasike-guevenebilecegimi-hissettim-26-kasim-2015-persembe-tarihli-rapor\/","title":{"rendered":"Swisslasik&#8217;e g\u00fcvenebilece\u011fimi hissettim \u2013 26 Kas\u0131m 2015 Per\u015fembe tarihli rapor"},"content":{"rendered":"\n<h3 class=\"wp-block-heading\">Swisslasik&#8217;e g\u00fcvenebilece\u011fimi hissettim \u2013 26 Kas\u0131m 2015 Per\u015fembe tarihli rapor<\/h3>\n\n\n\n<p>Sara Araujo de Brito 4632, Trimbach 25 Kas\u0131m 2015<\/p>\n\n\n\n<p>\u0130stanbul&#8217;da lazer tedavisiyle ilgili deneyimim<\/p>\n\n\n\n<p>Sekiz ya\u015f\u0131ndan beri g\u00f6zl\u00fck tak\u0131yorum. Neyse ki, \u00f6zellikle ergenlik d\u00f6neminde g\u00f6zl\u00fck takmaktan rahats\u0131z oldu\u011fum i\u00e7in kontakt lensler sonunda piyasaya \u00e7\u0131kt\u0131. Zamanla al\u0131\u015ft\u0131m ve sorun olmad\u0131. Yine de, hayat\u0131m\u0131n geri kalan\u0131nda g\u00f6zl\u00fck ve kontakt lens takmak zorunda kalman\u0131n ve g\u00fcne\u015f g\u00f6zl\u00fc\u011f\u00fc takmak veya spor yapmak gibi k\u00fc\u00e7\u00fck g\u00fcnl\u00fck aktiviteler i\u00e7in ne kadar can s\u0131k\u0131c\u0131 olabilece\u011finin endi\u015fesini duymaya ba\u015flad\u0131m. Maliyeti de az\u0131msanmayacak kadar y\u00fcksek, bu y\u00fczden lazer g\u00f6z ameliyat\u0131n\u0131n, presbiyopi geli\u015fene kadar bile olsa, bana \u00f6nemli miktarda para tasarrufu sa\u011flayabilece\u011fini d\u00fc\u015f\u00fcnd\u00fcm. Elbette, birka\u00e7 y\u0131l g\u00f6zl\u00fckten kurtulma ve daha \u00e7ekici hissetme duygusu da buna de\u011fer.       <\/p>\n\n\n\n<p>Ocak 2015 civar\u0131nda, iste\u011fim giderek g\u00fc\u00e7lendi ve h\u0131zla internette ara\u015ft\u0131rmaya ba\u015flad\u0131m. K\u0131sa s\u00fcre sonra Swisslasik web sitesine rastlad\u0131m ve \u00f6nce para biriktirmem gerekti\u011fi i\u00e7in siteyi kaydettim. Yakla\u015f\u0131k alt\u0131 ay sonra, sonunda biraz para biriktirdi\u011fimde ve g\u00f6zl\u00fcklerim ve kontakt lenslerim beni daha da rahats\u0131z etmeye ba\u015flad\u0131\u011f\u0131nda, ameliyat\u0131 yapt\u0131rmaya kararl\u0131yd\u0131m. Elbette, ilk andan itibaren beni etkileyen Swisslasik web sitesini unutmam\u0131\u015ft\u0131m. Do\u011fal olarak, internette \u00e7ok fazla se\u00e7enek oldu\u011fu i\u00e7in ilk ba\u015fta \u00e7ok temkinliydim ve nihai karar vermeden \u00f6nce ara\u015ft\u0131rmam\u0131 yapmak istedim. Bu y\u00fczden bir e-posta g\u00f6nderdim ve her \u015fey \u00e7ok h\u0131zl\u0131 bir \u015fekilde ba\u015flad\u0131. Her zaman h\u0131zl\u0131 ve yetkin cevaplar ald\u0131m ve bir \u015fey net de\u011filse arayabiliyordum. Bunu ger\u00e7ekten takdir ettim. T\u0131p merkezinde \u00f6n muayene randevusu da olduk\u00e7a h\u0131zl\u0131 bir \u015fekilde ayarland\u0131 ve \u015f\u00fck\u00fcrler olsun ki iyi ge\u00e7ti. T\u00fcrkiye&#8217;ye u\u00e7maya karar verdi\u011fimde, isteklerimi kar\u015f\u0131lad\u0131lar ve t\u00fcm \u00f6nemli bilgileri ve belgeleri posta yoluyla ald\u0131m. Sab\u0131rs\u0131zl\u0131kla bekliyordum.          <\/p>\n\n\n\n<p>Bir arkada\u015f\u0131mla \u0130stanbul&#8217;a vard\u0131\u011f\u0131mda, benim ad\u0131m\u0131 ta\u015f\u0131yan bir adam bizi bekliyordu. Bizi otele g\u00f6t\u00fcrd\u00fc ve ertesi g\u00fcn ne zaman al\u0131naca\u011f\u0131m\u0131 s\u00f6yledi. Ertesi g\u00fcn, randevusu olan di\u011fer ki\u015filerle birlikte tam zaman\u0131nda yola \u00e7\u0131kt\u0131k. Klini\u011fe vard\u0131\u011f\u0131m\u0131zda, Almanca konu\u015fan bir adam oradayd\u0131 ve her \u015feyi bize a\u00e7\u0131klayarak bir \u015fekilde sinirlerimizi yat\u0131\u015ft\u0131rd\u0131. G\u00fcvenlik amac\u0131yla klinikte bir \u00f6n muayene daha yap\u0131ld\u0131 ve risk de\u011ferlendirme formunu okuyup imzalamam\u0131z gerekti. Tedavi o \u00f6\u011fleden sonra ba\u015flad\u0131. Do\u011fal olarak, bir an \u00f6nce bitirmek i\u00e7in \u00f6nce ben gitmek istedim.      <\/p>\n\n\n\n<p>\u0130\u015flem yakla\u015f\u0131k 10-15 dakika s\u00fcrd\u00fc ve a\u011fr\u0131s\u0131zd\u0131. Tek hissedilen \u015fey, lazer tedavisi \u00f6ncesinde g\u00f6zde olu\u015fan bas\u0131n\u00e7 hissiydi. G\u00f6z t\u00fcm s\u00fcre boyunca a\u00e7\u0131k oldu\u011fu i\u00e7in yanma ve rahats\u0131zl\u0131k hissedece\u011fimden endi\u015felenmi\u015ftim. Ancak, g\u00f6z nemlendirildi\u011fi i\u00e7in kuruluk veya yanma hissi olu\u015fmad\u0131. Sonras\u0131nda koruyucu g\u00f6zl\u00fck tak\u0131yorsunuz ve g\u00f6zlerinizi kapal\u0131 tutman\u0131z gerekiyor. Herkesin s\u0131ras\u0131 geldikten sonra, doktor sizi otele geri g\u00f6t\u00fcrmeden \u00f6nce g\u00f6zlerinizi k\u0131saca tekrar kontrol ediyor.     <\/p>\n\n\n\n<p>En tats\u0131z k\u0131s\u0131m burada ba\u015fl\u0131yor. \u0130lk d\u00f6rt saat boyunca g\u00f6zlerinizi a\u00e7man\u0131za izin verilmiyor ve her saat ba\u015f\u0131 g\u00f6z damlas\u0131 damlatman\u0131z gerekiyor. Arkada\u015f\u0131m\u0131n bana bu konuda yard\u0131mc\u0131 olmas\u0131na \u00e7ok sevindim, \u00e7\u00fcnk\u00fc g\u00f6zlerimi a\u00e7mak bile istemiyordum. G\u00f6zlerim yan\u0131yor, sulan\u0131yor ve sanki i\u00e7lerinde bir k\u0131l varm\u0131\u015f gibi hissediyordum. Neyse ki, saat ge\u00e7tik\u00e7e durum iyile\u015fti ve d\u00f6rt saat sonra art\u0131k neredeyse hi\u00e7bir \u015fey fark etmiyordum. Arkada\u015f\u0131ma haber vermek i\u00e7in telefonumu tekrar kontrol etti\u011fimde, her \u015feyi m\u00fckemmel bir \u015fekilde okuyabildi\u011fime inanamad\u0131m. Sanki yepyeni g\u00f6zlerim vard\u0131. \u0130lk ba\u015fta biraz k\u0131zarm\u0131\u015flard\u0131, ama bu tamamen normal. O ak\u015fam, her zamanki gibi d\u0131\u015far\u0131da yemek yiyebildim, televizyon izleyebildim ve kitap okuyabildim. G\u00f6zleri yormamak i\u00e7in tavsiye edilmemesine ra\u011fmen, birincisi, \u00e7ok iyi hissettirdi\u011fi i\u00e7in kar\u015f\u0131 koyamad\u0131m ve ikincisi, hi\u00e7 yorucu bulmad\u0131m.         <\/p>\n\n\n\n<p>Ertesi g\u00fcn k\u0131sa bir kontrol randevusu i\u00e7in klini\u011fe geri d\u00f6nd\u00fcm ve sonunda \u0130stanbul&#8217;un tad\u0131n\u0131 doyas\u0131ya \u00e7\u0131karabildim. Her zaman T\u00fcrkiye&#8217;ye, \u00f6zellikle de \u0130stanbul&#8217;a gitmeyi \u00e7ok istedi\u011fim i\u00e7in, benim i\u00e7in m\u00fckemmel bir kombinasyondu. \u015eehir beni b\u00fcy\u00fcledi ve insanlar ne\u015feli ve co\u015fkuluydu. \u015eimdiye kadar ya\u015fad\u0131\u011f\u0131m en iyi deneyim oldu\u011funu s\u00f6yleyebilirim. Her \u015feyi ayn\u0131 \u015fekilde tekrar yapard\u0131m ve herkese tavsiye ederim.    <\/p>\n\n\n\n<p>Elbette g\u00f6z ameliyat\u0131na b\u00fcy\u00fck sayg\u0131 duyuyordum, ancak Swisslasik bana onlara g\u00fcvenebilece\u011fim hissini verdi. Her \u015fey en ince ayr\u0131nt\u0131s\u0131na kadar organize edilmi\u015f ve profesyonelce y\u00fcr\u00fct\u00fclm\u00fc\u015ft\u00fc. Ki\u015fisel deneyimimden dolay\u0131, g\u00f6zl\u00fck kullanan bir\u00e7ok arkada\u015f\u0131m benimle ileti\u015fime ge\u00e7ti ve bu sefer birine e\u015flik edecek gibi g\u00f6r\u00fcn\u00fcyorum, ki bunu yapmaktan \u00e7ok mutluyum.  <\/p>\n\n\n\n<p>Bu vesileyle t\u00fcm Swisslasik ekibine te\u015fekk\u00fcr etmek istiyorum ve ba\u015far\u0131n\u0131zdan dolay\u0131 ger\u00e7ekten \u00e7ok mutluyum. Bu hizmet seviyesi ve fiyat-performans oran\u0131yla bunu fazlas\u0131yla hak ediyorsunuz. G\u00f6zl\u00fcks\u00fcz bir hayata!  <\/p>\n\n\n\n<p>Sevgilerimle, Sara<\/p>\n\n\n\n<figure class=\"wp-block-image size-full\"><img fetchpriority=\"high\" decoding=\"async\" width=\"300\" height=\"225\" src=\"https:\/\/swisslasik.ch\/wp-content\/uploads\/2025\/09\/download-1.jpg\" alt=\"\" class=\"wp-image-348\"\/><\/figure>\n\n\n\n<figure class=\"wp-block-image size-full\"><img decoding=\"async\" width=\"120\" height=\"44\" src=\"https:\/\/swisslasik.ch\/wp-content\/uploads\/2025\/09\/csm_151__2__b3a5234124.jpg\" alt=\"\" class=\"wp-image-349\"\/><\/figure>\n\n\n\n<div class=\"wp-block-group is-layout-grid wp-container-core-group-is-layout-baef362d wp-block-group-is-layout-grid\">\n<p><a href=\"https:\/\/medicaltravel.at\/home\/agb\/\" data-type=\"page\" data-id=\"2191\" rel=\"nofollow noopener\" target=\"_blank\"><\/a><a href=\"https:\/\/swisslasik.ch\/tr\/hasta-yorumlari-lasik-goez-lazeri\/istanbulda-lazer-goez-ameliyati-endiselenmenize-gerek-yok-27-kasim-2015-cuma-tarihli-rapor\/\" data-type=\"link\" data-id=\"https:\/\/swisslasik.ch\/patientenberichte-lasik\/augenlasern-in-istanbul-nervositat-umsonst-bericht-vom-freitag-27-november-2015\/\">\u00d6nceki rapor<\/a><\/p>\n\n\n\n<p class=\"has-text-align-right wp-container-content-5e2576f9\"><a href=\"https:\/\/medicaltravel.at\/home\/impressum\/\" data-type=\"page\" data-id=\"2193\" rel=\"nofollow noopener\" target=\"_blank\"><\/a><a href=\"https:\/\/medicaltravel.at\/home\/berichte-von-patienten\/erfahrungsberichte\/erfahrungsbericht-zahnbehandlung-in-istanbul\/\" data-type=\"page\" data-id=\"981\" rel=\"nofollow noopener\" target=\"_blank\"><\/a><a href=\"https:\/\/swisslasik.ch\/tr\/hasta-yorumlari-lasik-goez-lazeri\/istanbulda-lasik-ameliyatlari-ne-kadar-iyi-23-kasim-2015-pazartesi-tarihli-rapor\/\" data-type=\"link\" data-id=\"https:\/\/swisslasik.ch\/tr\/hasta-yorumlari-lasik-goez-lazeri\/istanbulda-lasik-ameliyatlari-ne-kadar-iyi-23-kasim-2015-pazartesi-tarihli-rapor\/\">Sonraki rapor<\/a><\/p>\n<\/div>\n","protected":false},"excerpt":{"rendered":"<p>Swisslasik&#8217;e g\u00fcvenebilece\u011fimi hissettim \u2013 26 Kas\u0131m 2015 Per\u015fembe tarihli rapor Sara Araujo de Brito 4632, Trimbach 25 Kas\u0131m 2015 \u0130stanbul&#8217;da lazer tedavisiyle ilgili deneyimim Sekiz ya\u015f\u0131ndan beri g\u00f6zl\u00fck tak\u0131yorum. Neyse ki, \u00f6zellikle ergenlik d\u00f6neminde g\u00f6zl\u00fck takmaktan rahats\u0131z oldu\u011fum i\u00e7in kontakt lensler sonunda piyasaya \u00e7\u0131kt\u0131. Zamanla al\u0131\u015ft\u0131m ve sorun olmad\u0131. Yine de, hayat\u0131m\u0131n geri kalan\u0131nda g\u00f6zl\u00fck ve kontakt lens takmak zorunda kalman\u0131n ve g\u00fcne\u015f g\u00f6zl\u00fc\u011f\u00fc takmak veya spor yapmak gibi k\u00fc\u00e7\u00fck g\u00fcnl\u00fck aktiviteler i\u00e7in ne kadar can s\u0131k\u0131c\u0131 olabilece\u011finin endi\u015fesini duymaya ba\u015flad\u0131m. Maliyeti de az\u0131msanmayacak kadar y\u00fcksek, bu y\u00fczden lazer g\u00f6z ameliyat\u0131n\u0131n, presbiyopi geli\u015fene kadar bile olsa, bana \u00f6nemli miktarda para tasarrufu sa\u011flayabilece\u011fini d\u00fc\u015f\u00fcnd\u00fcm. Elbette, birka\u00e7 y\u0131l g\u00f6zl\u00fckten kurtulma ve daha \u00e7ekici hissetme duygusu da buna de\u011fer. Ocak 2015 civar\u0131nda, iste\u011fim giderek g\u00fc\u00e7lendi ve h\u0131zla internette ara\u015ft\u0131rmaya ba\u015flad\u0131m. K\u0131sa s\u00fcre sonra Swisslasik web sitesine rastlad\u0131m ve \u00f6nce para biriktirmem gerekti\u011fi i\u00e7in siteyi kaydettim. Yakla\u015f\u0131k alt\u0131 ay sonra, sonunda biraz para biriktirdi\u011fimde ve g\u00f6zl\u00fcklerim ve kontakt lenslerim beni daha da rahats\u0131z etmeye ba\u015flad\u0131\u011f\u0131nda, ameliyat\u0131 yapt\u0131rmaya kararl\u0131yd\u0131m. Elbette, ilk andan itibaren beni etkileyen Swisslasik web sitesini unutmam\u0131\u015ft\u0131m. Do\u011fal olarak, internette \u00e7ok fazla se\u00e7enek oldu\u011fu i\u00e7in ilk ba\u015fta \u00e7ok temkinliydim ve nihai karar vermeden \u00f6nce ara\u015ft\u0131rmam\u0131 yapmak istedim. Bu y\u00fczden bir e-posta g\u00f6nderdim ve her \u015fey \u00e7ok h\u0131zl\u0131 bir \u015fekilde ba\u015flad\u0131. Her zaman h\u0131zl\u0131 ve yetkin cevaplar ald\u0131m ve bir \u015fey net de\u011filse arayabiliyordum. Bunu ger\u00e7ekten takdir ettim. T\u0131p merkezinde \u00f6n muayene randevusu da olduk\u00e7a h\u0131zl\u0131 bir \u015fekilde ayarland\u0131 ve \u015f\u00fck\u00fcrler olsun ki iyi ge\u00e7ti. T\u00fcrkiye&#8217;ye u\u00e7maya karar verdi\u011fimde, isteklerimi kar\u015f\u0131lad\u0131lar ve t\u00fcm \u00f6nemli bilgileri ve belgeleri posta yoluyla ald\u0131m. Sab\u0131rs\u0131zl\u0131kla bekliyordum. Bir arkada\u015f\u0131mla \u0130stanbul&#8217;a vard\u0131\u011f\u0131mda, benim ad\u0131m\u0131 ta\u015f\u0131yan bir adam bizi bekliyordu. Bizi otele g\u00f6t\u00fcrd\u00fc ve ertesi g\u00fcn ne zaman al\u0131naca\u011f\u0131m\u0131 s\u00f6yledi. Ertesi g\u00fcn, randevusu olan di\u011fer ki\u015filerle birlikte tam zaman\u0131nda yola \u00e7\u0131kt\u0131k. Klini\u011fe vard\u0131\u011f\u0131m\u0131zda, Almanca konu\u015fan bir adam oradayd\u0131 ve her \u015feyi bize a\u00e7\u0131klayarak bir \u015fekilde sinirlerimizi yat\u0131\u015ft\u0131rd\u0131. G\u00fcvenlik amac\u0131yla klinikte bir \u00f6n muayene daha yap\u0131ld\u0131 ve risk de\u011ferlendirme formunu okuyup imzalamam\u0131z gerekti. Tedavi o \u00f6\u011fleden sonra ba\u015flad\u0131. Do\u011fal olarak, bir an \u00f6nce bitirmek i\u00e7in \u00f6nce ben gitmek istedim. \u0130\u015flem yakla\u015f\u0131k 10-15 dakika s\u00fcrd\u00fc ve a\u011fr\u0131s\u0131zd\u0131. Tek hissedilen \u015fey, lazer tedavisi \u00f6ncesinde g\u00f6zde olu\u015fan bas\u0131n\u00e7 hissiydi. G\u00f6z t\u00fcm s\u00fcre boyunca a\u00e7\u0131k oldu\u011fu i\u00e7in yanma ve rahats\u0131zl\u0131k hissedece\u011fimden endi\u015felenmi\u015ftim. Ancak, g\u00f6z nemlendirildi\u011fi i\u00e7in kuruluk veya yanma hissi olu\u015fmad\u0131. Sonras\u0131nda koruyucu g\u00f6zl\u00fck tak\u0131yorsunuz ve g\u00f6zlerinizi kapal\u0131 tutman\u0131z gerekiyor. Herkesin s\u0131ras\u0131 geldikten sonra, doktor sizi otele geri g\u00f6t\u00fcrmeden \u00f6nce g\u00f6zlerinizi k\u0131saca tekrar kontrol ediyor. En tats\u0131z k\u0131s\u0131m burada ba\u015fl\u0131yor. \u0130lk d\u00f6rt saat boyunca g\u00f6zlerinizi a\u00e7man\u0131za izin verilmiyor ve her saat ba\u015f\u0131 g\u00f6z damlas\u0131 damlatman\u0131z gerekiyor. Arkada\u015f\u0131m\u0131n bana bu konuda yard\u0131mc\u0131 olmas\u0131na \u00e7ok sevindim, \u00e7\u00fcnk\u00fc g\u00f6zlerimi a\u00e7mak bile istemiyordum. G\u00f6zlerim yan\u0131yor, sulan\u0131yor ve sanki i\u00e7lerinde bir k\u0131l varm\u0131\u015f gibi hissediyordum. Neyse ki, saat ge\u00e7tik\u00e7e durum iyile\u015fti ve d\u00f6rt saat sonra art\u0131k neredeyse hi\u00e7bir \u015fey fark etmiyordum. Arkada\u015f\u0131ma haber vermek i\u00e7in telefonumu tekrar kontrol etti\u011fimde, her \u015feyi m\u00fckemmel bir \u015fekilde okuyabildi\u011fime inanamad\u0131m. Sanki yepyeni g\u00f6zlerim vard\u0131. \u0130lk ba\u015fta biraz k\u0131zarm\u0131\u015flard\u0131, ama bu tamamen normal. O ak\u015fam, her zamanki gibi d\u0131\u015far\u0131da yemek yiyebildim, televizyon izleyebildim ve kitap okuyabildim. G\u00f6zleri yormamak i\u00e7in tavsiye edilmemesine ra\u011fmen, birincisi, \u00e7ok iyi hissettirdi\u011fi i\u00e7in kar\u015f\u0131 koyamad\u0131m ve ikincisi, hi\u00e7 yorucu bulmad\u0131m. Ertesi g\u00fcn k\u0131sa bir kontrol randevusu i\u00e7in klini\u011fe geri d\u00f6nd\u00fcm ve sonunda \u0130stanbul&#8217;un tad\u0131n\u0131 doyas\u0131ya \u00e7\u0131karabildim. Her zaman T\u00fcrkiye&#8217;ye, \u00f6zellikle de \u0130stanbul&#8217;a gitmeyi \u00e7ok istedi\u011fim i\u00e7in, benim i\u00e7in m\u00fckemmel bir kombinasyondu. \u015eehir beni b\u00fcy\u00fcledi ve insanlar ne\u015feli ve co\u015fkuluydu. \u015eimdiye kadar ya\u015fad\u0131\u011f\u0131m en iyi deneyim oldu\u011funu s\u00f6yleyebilirim. Her \u015feyi ayn\u0131 \u015fekilde tekrar yapard\u0131m ve herkese tavsiye ederim. Elbette g\u00f6z ameliyat\u0131na b\u00fcy\u00fck sayg\u0131 duyuyordum, ancak Swisslasik bana onlara g\u00fcvenebilece\u011fim hissini verdi. Her \u015fey en ince ayr\u0131nt\u0131s\u0131na kadar organize edilmi\u015f ve profesyonelce y\u00fcr\u00fct\u00fclm\u00fc\u015ft\u00fc. Ki\u015fisel deneyimimden dolay\u0131, g\u00f6zl\u00fck kullanan bir\u00e7ok arkada\u015f\u0131m benimle ileti\u015fime ge\u00e7ti ve bu sefer birine e\u015flik edecek gibi g\u00f6r\u00fcn\u00fcyorum, ki bunu yapmaktan \u00e7ok mutluyum. Bu vesileyle t\u00fcm Swisslasik ekibine te\u015fekk\u00fcr etmek istiyorum ve ba\u015far\u0131n\u0131zdan dolay\u0131 ger\u00e7ekten \u00e7ok mutluyum. Bu hizmet seviyesi ve fiyat-performans oran\u0131yla bunu fazlas\u0131yla hak ediyorsunuz. G\u00f6zl\u00fcks\u00fcz bir hayata! Sevgilerimle, Sara \u00d6nceki rapor Sonraki rapor<\/p>\n","protected":false},"author":4,"featured_media":0,"parent":3801,"menu_order":0,"comment_status":"closed","ping_status":"closed","template":"","meta":{"_joinchat":[],"footnotes":""},"class_list":["post-3963","page","type-page","status-publish","hentry"],"acf":[],"_links":{"self":[{"href":"https:\/\/swisslasik.ch\/tr\/wp-json\/wp\/v2\/pages\/3963","targetHints":{"allow":["GET"]}}],"collection":[{"href":"https:\/\/swisslasik.ch\/tr\/wp-json\/wp\/v2\/pages"}],"about":[{"href":"https:\/\/swisslasik.ch\/tr\/wp-json\/wp\/v2\/types\/page"}],"author":[{"embeddable":true,"href":"https:\/\/swisslasik.ch\/tr\/wp-json\/wp\/v2\/users\/4"}],"replies":[{"embeddable":true,"href":"https:\/\/swisslasik.ch\/tr\/wp-json\/wp\/v2\/comments?post=3963"}],"version-history":[{"count":2,"href":"https:\/\/swisslasik.ch\/tr\/wp-json\/wp\/v2\/pages\/3963\/revisions"}],"predecessor-version":[{"id":4698,"href":"https:\/\/swisslasik.ch\/tr\/wp-json\/wp\/v2\/pages\/3963\/revisions\/4698"}],"up":[{"embeddable":true,"href":"https:\/\/swisslasik.ch\/tr\/wp-json\/wp\/v2\/pages\/3801"}],"wp:attachment":[{"href":"https:\/\/swisslasik.ch\/tr\/wp-json\/wp\/v2\/media?parent=3963"}],"curies":[{"name":"wp","href":"https:\/\/api.w.org\/{rel}","templated":true}]}}