{"id":3965,"date":"2025-09-24T11:36:54","date_gmt":"2025-09-24T10:36:54","guid":{"rendered":"https:\/\/swisslasik.ch\/hasta-yorumlari-lasik-goez-lazeri\/7-diyoptriden-goezlueksuez-bir-hayata-18-mayis-2017-persembe-tarihli-rapor\/"},"modified":"2026-01-14T02:23:03","modified_gmt":"2026-01-14T01:23:03","slug":"7-diyoptriden-goezlueksuez-bir-hayata-18-mayis-2017-persembe-tarihli-rapor","status":"publish","type":"page","link":"https:\/\/swisslasik.ch\/tr\/hasta-yorumlari-lasik-goez-lazeri\/7-diyoptriden-goezlueksuez-bir-hayata-18-mayis-2017-persembe-tarihli-rapor\/","title":{"rendered":"-7 diyoptriden g\u00f6zl\u00fcks\u00fcz bir hayata!  \u2013 18 May\u0131s 2017 Per\u015fembe tarihli rapor"},"content":{"rendered":"\n<h3 class=\"wp-block-heading\">-7 diyoptriden g\u00f6zl\u00fcks\u00fcz bir hayata!  \u2013 18 May\u0131s 2017 Per\u015fembe tarihli rapor<\/h3>\n\n<p>14 y\u0131l boyunca g\u00f6zl\u00fck takt\u0131m ve muhtemelen her g\u00fcn onlardan rahats\u0131z oldum. G\u00f6z ameliyat\u0131 konusunda her zaman \u015f\u00fcpheciydim. K\u00f6r olma riski oldu\u011funu d\u00fc\u015f\u00fcn\u00fcyordum hep. Ancak olabilecek en k\u00f6t\u00fc \u015fey, sonras\u0131nda nadir de olsa bir miktar diyoptri kayb\u0131 ya\u015faman\u0131zd\u0131r. Daha sonra bir meslekta\u015f\u0131m\u0131n T\u00fcrkiye&#8217;deki Swisslasik&#8217;te g\u00f6zlerine lazer ameliyat\u0131 yapt\u0131rd\u0131\u011f\u0131n\u0131 ve \u00e7ok memnun kald\u0131\u011f\u0131n\u0131 duyunca, ben de yapt\u0131rmaya karar verdim.    <\/p>\n\n<p>Say\u0131n Serdar Kara ile ileti\u015fime ge\u00e7tikten sonra, kendisi beni Bern&#8217;deki evinde s\u0131cak bir \u015fekilde kar\u015f\u0131lad\u0131 ve bana detayl\u0131 bilgi verdi. Say\u0131n Kara ger\u00e7ekten son derece yetkin ve seyahat ve ameliyat organizasyonunda geni\u015f deneyime sahip. Dostane ve profesyonel dan\u0131\u015fmanl\u0131\u011f\u0131n yan\u0131 s\u0131ra, \u00e7e\u015fitli g\u00f6z testlerinden de ge\u00e7ebildim. Say\u0131n Kara, bu testleri otomatik olarak ger\u00e7ekle\u015ftirmek i\u00e7in gerekli t\u00fcm ekipmana sahip. Bu testler \u00fccretsizdir (sadece kendisi taraf\u0131ndan) ve daha sonra T\u00fcrkiye&#8217;deki doktorlarla g\u00f6r\u00fc\u015f\u00fcl\u00fcr. G\u00f6zlerinizin lazer g\u00f6z ameliyat\u0131 i\u00e7in uygun olup olmad\u0131\u011f\u0131na dair yakla\u015f\u0131k iki g\u00fcn i\u00e7inde bir yan\u0131t al\u0131yorsunuz. Emin olduktan sonra, en k\u0131sa s\u00fcrede g\u00f6zl\u00fcks\u00fcz g\u00f6rebilmek istedim ve Say\u0131n Kara, testlerden k\u0131sa bir s\u00fcre sonra seyahatimi ve ameliyat\u0131m\u0131 kolayla\u015ft\u0131rd\u0131.      <\/p>\n\n<p>Premium paketi se\u00e7ti\u011fim i\u00e7in her \u015fey benim i\u00e7in planlanm\u0131\u015ft\u0131 ve kendim hi\u00e7bir \u015fey yapmak zorunda kalmad\u0131m. 13 Nisan 2017&#8217;de \u0130stanbul&#8217;a u\u00e7tum ve 15 Nisan 2017&#8217;de \u0130svi\u00e7re&#8217;ye geri d\u00f6nd\u00fcm. \u0130stanbul&#8217;da otel, havaalan\u0131 ve hastane aras\u0131ndaki transferler sorunsuz ve keyifliydi.  <\/p>\n\n<p>Ertesi sabah (14 Nisan 2017), saat 9:00 ile 11:30 aras\u0131nda, g\u00f6zlerimin uygun oldu\u011fundan emin olmak i\u00e7in testler ve muayeneler yap\u0131ld\u0131. Re\u00e7etem de tekrar kontrol edildi. Acibadem hi\u00e7bir \u015feyi \u015fansa b\u0131rakm\u0131yor ve bu beni ger\u00e7ekten etkiledi. O \u00f6\u011fleden sonra (14:00), ameliyat oldum. Ameliyat sadece biraz rahats\u0131z ediciydi, kesinlikle ac\u0131 verici de\u011fildi. \u00c7ok g\u00fc\u00e7l\u00fc bir d\u00fczeltme (-7 diyoptri) uyguland\u0131 ve ameliyattan sonra zaten iyi g\u00f6rebiliyordum. G\u00f6r\u00fc\u015f\u00fcm hala biraz bulan\u0131kt\u0131 ve g\u00f6zlerim \u0131\u015f\u0131\u011fa kar\u015f\u0131 \u00e7ok hassast\u0131.      <\/p>\n\n<p>Ameliyattan sonraki ilk d\u00f6rt saat boyunca otele geri d\u00f6nd\u00fcm ve uyudum. O d\u00f6rt saatten sonra her \u015fey \u00e7ok daha iyiydi ve g\u00f6zlerim art\u0131k o kadar hassas de\u011fildi. Ertesi sabah, g\u00f6r\u00fc\u015f\u00fcm uzun s\u00fcre kontakt lens takt\u0131\u011f\u0131m zamanki kadar iyiydi. Her \u015feyin yolunda oldu\u011fundan emin olmak i\u00e7in kontrole g\u00f6t\u00fcr\u00fcld\u00fcm. Her \u015fey m\u00fckemmeldi ve g\u00f6zl\u00fckle g\u00f6rd\u00fc\u011f\u00fcm kadar iyi g\u00f6rebiliyordum, sadece biraz bulan\u0131kt\u0131. Eve d\u00f6n\u00fc\u015f yolculu\u011fu da sorunsuz ge\u00e7ti.     <\/p>\n\n<p>\u0130lk birka\u00e7 g\u00fcn i\u00e7inde g\u00f6r\u00fc\u015f\u00fcm istikrarl\u0131 bir \u015fekilde iyile\u015fti. Ne yaz\u0131k ki, ba\u015flang\u0131\u00e7ta baz\u0131 k\u00f6t\u00fc g\u00fcnler de oldu, ancak genel olarak her \u015fey iyile\u015fiyor. Bug\u00fcn (11 May\u0131s 2017), g\u00f6r\u00fc\u015f\u00fcm kristal berrakl\u0131\u011f\u0131nda. Hatta g\u00f6zl\u00fcklerimle (ki olduk\u00e7a eskiydiler) oldu\u011fumdan daha iyi oldu\u011funu bile s\u00f6yleyebilirim. Ne yaz\u0131k ki, karanl\u0131k odalarda hala net g\u00f6rmekte zorlan\u0131yorum. Ancak bu da iyile\u015fti ve iyile\u015fmeye devam etmeli.     <\/p>\n\n<p>Swisslasik&#8217;i g\u00f6n\u00fcl rahatl\u0131\u011f\u0131yla tavsiye ederim ve i\u015flemi tekrar ayn\u0131 \u015fekilde yapard\u0131m.<\/p>\n\n<p>Tizan Ulber &#8211; 18 May\u0131s 2017<\/p>\n\n<div class=\"wp-block-group is-layout-grid wp-container-core-group-is-layout-baef362d wp-block-group-is-layout-grid\">\n<p><a href=\"https:\/\/medicaltravel.at\/home\/agb\/\" data-type=\"page\" data-id=\"2191\" rel=\"nofollow noopener\" target=\"_blank\"><\/a><a href=\"https:\/\/swisslasik.ch\/tr\/hasta-yorumlari-lasik-goez-lazeri\/antalyada-lazer-goez-ameliyati-deneyim-raporu-6-haziran-2017-sali-tarihli-rapor\/\" data-type=\"link\" data-id=\"https:\/\/swisslasik.ch\/patientenberichte-lasik\/erfahrungsbericht-augenlasern-in-antalya-bericht-vom-dienstag-06-juni-2017\/\">\u00d6nceki rapor<\/a><\/p>\n\n\n\n<p class=\"has-text-align-right wp-container-content-5e2576f9\"><a href=\"https:\/\/medicaltravel.at\/home\/impressum\/\" data-type=\"page\" data-id=\"2193\" rel=\"nofollow noopener\" target=\"_blank\"><\/a><a href=\"https:\/\/medicaltravel.at\/home\/berichte-von-patienten\/erfahrungsberichte\/erfahrungsbericht-zahnbehandlung-in-istanbul\/\" data-type=\"page\" data-id=\"981\" rel=\"nofollow noopener\" target=\"_blank\"><\/a><a href=\"https:\/\/swisslasik.ch\/tr\/hasta-yorumlari-lasik-goez-lazeri\/tuerkiyedeki-guevenlik-endiseleri-yersizdir-27-ocak-2017-cuma-tarihli-rapor\/\" data-type=\"link\" data-id=\"https:\/\/swisslasik.ch\/patientenberichte-lasik\/bedenken-wegen-sicherheit-in-der-turkei-unbegrundet-bericht-vom-freitag-27-januar-2017\/\">Sonraki rapor<\/a><\/p>\n<\/div>\n","protected":false},"excerpt":{"rendered":"<p>-7 diyoptriden g\u00f6zl\u00fcks\u00fcz bir hayata! \u2013 18 May\u0131s 2017 Per\u015fembe tarihli rapor 14 y\u0131l boyunca g\u00f6zl\u00fck takt\u0131m ve muhtemelen her g\u00fcn onlardan rahats\u0131z oldum. G\u00f6z ameliyat\u0131 konusunda her zaman \u015f\u00fcpheciydim. K\u00f6r olma riski oldu\u011funu d\u00fc\u015f\u00fcn\u00fcyordum hep. Ancak olabilecek en k\u00f6t\u00fc \u015fey, sonras\u0131nda nadir de olsa bir miktar diyoptri kayb\u0131 ya\u015faman\u0131zd\u0131r. Daha sonra bir meslekta\u015f\u0131m\u0131n T\u00fcrkiye&#8217;deki Swisslasik&#8217;te g\u00f6zlerine lazer ameliyat\u0131 yapt\u0131rd\u0131\u011f\u0131n\u0131 ve \u00e7ok memnun kald\u0131\u011f\u0131n\u0131 duyunca, ben de yapt\u0131rmaya karar verdim. Say\u0131n Serdar Kara ile ileti\u015fime ge\u00e7tikten sonra, kendisi beni Bern&#8217;deki evinde s\u0131cak bir \u015fekilde kar\u015f\u0131lad\u0131 ve bana detayl\u0131 bilgi verdi. Say\u0131n Kara ger\u00e7ekten son derece yetkin ve seyahat ve ameliyat organizasyonunda geni\u015f deneyime sahip. Dostane ve profesyonel dan\u0131\u015fmanl\u0131\u011f\u0131n yan\u0131 s\u0131ra, \u00e7e\u015fitli g\u00f6z testlerinden de ge\u00e7ebildim. Say\u0131n Kara, bu testleri otomatik olarak ger\u00e7ekle\u015ftirmek i\u00e7in gerekli t\u00fcm ekipmana sahip. Bu testler \u00fccretsizdir (sadece kendisi taraf\u0131ndan) ve daha sonra T\u00fcrkiye&#8217;deki doktorlarla g\u00f6r\u00fc\u015f\u00fcl\u00fcr. G\u00f6zlerinizin lazer g\u00f6z ameliyat\u0131 i\u00e7in uygun olup olmad\u0131\u011f\u0131na dair yakla\u015f\u0131k iki g\u00fcn i\u00e7inde bir yan\u0131t al\u0131yorsunuz. Emin olduktan sonra, en k\u0131sa s\u00fcrede g\u00f6zl\u00fcks\u00fcz g\u00f6rebilmek istedim ve Say\u0131n Kara, testlerden k\u0131sa bir s\u00fcre sonra seyahatimi ve ameliyat\u0131m\u0131 kolayla\u015ft\u0131rd\u0131. Premium paketi se\u00e7ti\u011fim i\u00e7in her \u015fey benim i\u00e7in planlanm\u0131\u015ft\u0131 ve kendim hi\u00e7bir \u015fey yapmak zorunda kalmad\u0131m. 13 Nisan 2017&#8217;de \u0130stanbul&#8217;a u\u00e7tum ve 15 Nisan 2017&#8217;de \u0130svi\u00e7re&#8217;ye geri d\u00f6nd\u00fcm. \u0130stanbul&#8217;da otel, havaalan\u0131 ve hastane aras\u0131ndaki transferler sorunsuz ve keyifliydi. Ertesi sabah (14 Nisan 2017), saat 9:00 ile 11:30 aras\u0131nda, g\u00f6zlerimin uygun oldu\u011fundan emin olmak i\u00e7in testler ve muayeneler yap\u0131ld\u0131. Re\u00e7etem de tekrar kontrol edildi. Acibadem hi\u00e7bir \u015feyi \u015fansa b\u0131rakm\u0131yor ve bu beni ger\u00e7ekten etkiledi. O \u00f6\u011fleden sonra (14:00), ameliyat oldum. Ameliyat sadece biraz rahats\u0131z ediciydi, kesinlikle ac\u0131 verici de\u011fildi. \u00c7ok g\u00fc\u00e7l\u00fc bir d\u00fczeltme (-7 diyoptri) uyguland\u0131 ve ameliyattan sonra zaten iyi g\u00f6rebiliyordum. G\u00f6r\u00fc\u015f\u00fcm hala biraz bulan\u0131kt\u0131 ve g\u00f6zlerim \u0131\u015f\u0131\u011fa kar\u015f\u0131 \u00e7ok hassast\u0131. Ameliyattan sonraki ilk d\u00f6rt saat boyunca otele geri d\u00f6nd\u00fcm ve uyudum. O d\u00f6rt saatten sonra her \u015fey \u00e7ok daha iyiydi ve g\u00f6zlerim art\u0131k o kadar hassas de\u011fildi. Ertesi sabah, g\u00f6r\u00fc\u015f\u00fcm uzun s\u00fcre kontakt lens takt\u0131\u011f\u0131m zamanki kadar iyiydi. Her \u015feyin yolunda oldu\u011fundan emin olmak i\u00e7in kontrole g\u00f6t\u00fcr\u00fcld\u00fcm. Her \u015fey m\u00fckemmeldi ve g\u00f6zl\u00fckle g\u00f6rd\u00fc\u011f\u00fcm kadar iyi g\u00f6rebiliyordum, sadece biraz bulan\u0131kt\u0131. Eve d\u00f6n\u00fc\u015f yolculu\u011fu da sorunsuz ge\u00e7ti. \u0130lk birka\u00e7 g\u00fcn i\u00e7inde g\u00f6r\u00fc\u015f\u00fcm istikrarl\u0131 bir \u015fekilde iyile\u015fti. Ne yaz\u0131k ki, ba\u015flang\u0131\u00e7ta baz\u0131 k\u00f6t\u00fc g\u00fcnler de oldu, ancak genel olarak her \u015fey iyile\u015fiyor. Bug\u00fcn (11 May\u0131s 2017), g\u00f6r\u00fc\u015f\u00fcm kristal berrakl\u0131\u011f\u0131nda. Hatta g\u00f6zl\u00fcklerimle (ki olduk\u00e7a eskiydiler) oldu\u011fumdan daha iyi oldu\u011funu bile s\u00f6yleyebilirim. Ne yaz\u0131k ki, karanl\u0131k odalarda hala net g\u00f6rmekte zorlan\u0131yorum. Ancak bu da iyile\u015fti ve iyile\u015fmeye devam etmeli. Swisslasik&#8217;i g\u00f6n\u00fcl rahatl\u0131\u011f\u0131yla tavsiye ederim ve i\u015flemi tekrar ayn\u0131 \u015fekilde yapard\u0131m. Tizan Ulber &#8211; 18 May\u0131s 2017 \u00d6nceki rapor Sonraki rapor<\/p>\n","protected":false},"author":4,"featured_media":0,"parent":3801,"menu_order":0,"comment_status":"closed","ping_status":"closed","template":"","meta":{"_joinchat":[],"footnotes":""},"class_list":["post-3965","page","type-page","status-publish","hentry"],"acf":[],"_links":{"self":[{"href":"https:\/\/swisslasik.ch\/tr\/wp-json\/wp\/v2\/pages\/3965","targetHints":{"allow":["GET"]}}],"collection":[{"href":"https:\/\/swisslasik.ch\/tr\/wp-json\/wp\/v2\/pages"}],"about":[{"href":"https:\/\/swisslasik.ch\/tr\/wp-json\/wp\/v2\/types\/page"}],"author":[{"embeddable":true,"href":"https:\/\/swisslasik.ch\/tr\/wp-json\/wp\/v2\/users\/4"}],"replies":[{"embeddable":true,"href":"https:\/\/swisslasik.ch\/tr\/wp-json\/wp\/v2\/comments?post=3965"}],"version-history":[{"count":1,"href":"https:\/\/swisslasik.ch\/tr\/wp-json\/wp\/v2\/pages\/3965\/revisions"}],"predecessor-version":[{"id":3966,"href":"https:\/\/swisslasik.ch\/tr\/wp-json\/wp\/v2\/pages\/3965\/revisions\/3966"}],"up":[{"embeddable":true,"href":"https:\/\/swisslasik.ch\/tr\/wp-json\/wp\/v2\/pages\/3801"}],"wp:attachment":[{"href":"https:\/\/swisslasik.ch\/tr\/wp-json\/wp\/v2\/media?parent=3965"}],"curies":[{"name":"wp","href":"https:\/\/api.w.org\/{rel}","templated":true}]}}