{"id":3971,"date":"2025-09-24T11:35:06","date_gmt":"2025-09-24T10:35:06","guid":{"rendered":"https:\/\/swisslasik.ch\/hasta-yorumlari-lasik-goez-lazeri\/ayni-kaliteyi-baska-yerlerde-cok-daha-ucuza-alabiliyorken-neden-burada-10-000-chf-oedeyeyim-ki-8-ocak-2018-pazartesi-tarihli-rapor\/"},"modified":"2026-01-14T02:21:21","modified_gmt":"2026-01-14T01:21:21","slug":"ayni-kaliteyi-baska-yerlerde-cok-daha-ucuza-alabiliyorken-neden-burada-10-000-chf-oedeyeyim-ki-8-ocak-2018-pazartesi-tarihli-rapor","status":"publish","type":"page","link":"https:\/\/swisslasik.ch\/tr\/hasta-yorumlari-lasik-goez-lazeri\/ayni-kaliteyi-baska-yerlerde-cok-daha-ucuza-alabiliyorken-neden-burada-10-000-chf-oedeyeyim-ki-8-ocak-2018-pazartesi-tarihli-rapor\/","title":{"rendered":"Ayn\u0131 kaliteyi ba\u015fka yerlerde \u00e7ok daha ucuza alabiliyorken neden burada 10.000 CHF \u00f6deyeyim ki? \u2013 8 Ocak 2018 Pazartesi tarihli rapor"},"content":{"rendered":"\n<h3 class=\"wp-block-heading\">Ayn\u0131 kaliteyi ba\u015fka yerlerde \u00e7ok daha ucuza alabiliyorken neden burada 10.000 CHF \u00f6deyeyim ki? \u2013 8 Ocak 2018 Pazartesi tarihli rapor<\/h3>\n\n<p>Marc Roth taraf\u0131ndan 5 Ocak 2018 tarihinde yap\u0131lan kullan\u0131c\u0131 yorumu.<\/p>\n\n<p>Kas\u0131m 2017&#8217;de g\u00f6z ameliyat\u0131 i\u00e7in T\u00fcrkiye&#8217;ye gittim. Havaalan\u0131nda, beni do\u011frudan Levent Oteli&#8217;ne g\u00f6t\u00fcren ula\u015f\u0131m \u015firketinden \u00e7ok s\u0131cak bir kar\u015f\u0131lama ald\u0131m. <\/p>\n\n<p>Otel m\u00fckemmeldi. Temiz oda, \u00e7ok iyi yemekler, iyi oda servisi. \u015eiddetle tavsiye ederim. \u015eehrin \u00e7ok hareketli bir b\u00f6lgesinde ve hastaneye yak\u0131n bir konumda bulunuyor. Ameliyat g\u00fcn\u00fcmde otelden ortak bir servis arac\u0131yla al\u0131nd\u0131m.    <\/p>\n\n<p>Hastaneye vard\u0131\u011f\u0131mda, beni hemen bir terc\u00fcman kar\u015f\u0131lad\u0131 ve her zaman \u00e7ok yard\u0131mc\u0131 oldu. Ard\u0131ndan, t\u00fcm sabah boyunca bir dizi teste tabi tutuldum ve bu testler sonucunda g\u00f6zlerimin LASIK ameliyat\u0131 i\u00e7in uygun oldu\u011fu belirlendi.  <\/p>\n\n<p>\u00d6\u011fleden sonra k\u0131sa bir s\u00fcre sonra, zaman gelmi\u015fti; ameliyat oldum ve hemen ard\u0131ndan kontrol muayenesi yap\u0131ld\u0131. Ameliyat masas\u0131nda yatmak ve neredeyse o makinenin insaf\u0131na kalmak garip bir duyguydu, ama sadece yakla\u015f\u0131k 15 dakika s\u00fcrd\u00fc\u011f\u00fc i\u00e7in katlan\u0131labilir bir durumdu. <\/p>\n\n<p>Ameliyat ve muayeneden hemen sonra dinlenmem i\u00e7in otele g\u00f6t\u00fcr\u00fcld\u00fcm. O s\u0131rada g\u00f6zlerimi zar zor a\u00e7abiliyordum ve sonraki d\u00f6rt saat son derece ac\u0131 vericiydi. G\u00f6zlerim s\u00fcrekli sulan\u0131yordu ve sanki y\u0131ld\u0131r\u0131m \u00e7arp\u0131yormu\u015f gibi hissediyordum. Ancak d\u00f6rt saat sonra bu durum ge\u00e7ti ve asl\u0131nda \u00f6ncesine g\u00f6re \u00e7ok daha iyi g\u00f6rebiliyordum.  <\/p>\n\n<p>Son g\u00fcn, otelden tekrar al\u0131nd\u0131m ve son bir kontrol i\u00e7in hastaneye g\u00f6t\u00fcr\u00fcld\u00fcm. Ard\u0131ndan do\u011frudan havaalan\u0131na gittim ve iyi g\u00f6r\u00fc\u015f mesafesiyle \u0130svi\u00e7re&#8217;ye geri u\u00e7tum. Sonu\u00e7 olarak, bana mal olan 3000 CHF \u00e7ok iyi harcanm\u0131\u015f bir parayd\u0131. Hastane iyi, doktor harika ve Almanca verilen bak\u0131m m\u00fckemmel.   <\/p>\n\n<p>Bu ameliyat\u0131 tekrar yapt\u0131r\u0131rd\u0131m ve kesinlikle yine bu hastaneyi se\u00e7erdim, T\u00fcrkiye&#8217;deki hastane b\u00fcnyesinde yapt\u0131r\u0131rd\u0131m.<\/p>\n\n<p>\u0130svi\u00e7re&#8217;deki \u00f6n de\u011ferlendirmeler de \u00e7ok iyiydi. E-posta ve telefon yoluyla bilgi ak\u0131\u015f\u0131 da kusursuz i\u015fledi. \u0130svi\u00e7re&#8217;deki takip muayenesi uygun ve g\u00fcncel standartlara uygundu.  <\/p>\n\n<p>Ameliyat\u0131 \u0130svi\u00e7re&#8217;de de\u011fil de T\u00fcrkiye&#8217;de yapt\u0131rmam\u0131n nedenleri: Maliyetler \u00f6nemli \u00f6l\u00e7\u00fcde daha d\u00fc\u015f\u00fck ve sonu\u00e7 ayn\u0131. Kabul etmeliyim ki, tedavi \u00e7ok daha az ki\u015fisel; ameliyat da dahil olmak \u00fczere doktorumla toplamda sadece yakla\u015f\u0131k 60 dakika g\u00f6r\u00fc\u015ft\u00fcm, ancak uzmanl\u0131\u011f\u0131 muazzam. Hastane sadece bu t\u00fcr ameliyatlarda uzmanla\u015fm\u0131\u015f ve y\u00fcksek d\u00fczeyde uzmanl\u0131k bilgisine sahip. Tedavi birinci s\u0131n\u0131f ve orada kendinizi \u00e7ok rahat hissediyorsunuz. \u0130klim harika. Sonu\u00e7 olarak, bu ameliyat\u0131 orada yapt\u0131rmay\u0131 \u015fiddetle tavsiye ederim.     <\/p>\n\n<p>Orada yaln\u0131zd\u0131m; biraz endi\u015feli olan biri yan\u0131nda bir refakat\u00e7i getirmek isteyebilir. \u00d6zellikle ac\u0131 \u00e7ekiyorsan\u0131z, tan\u0131d\u0131k bir y\u00fcz\u00fcn etrafta olmas\u0131 her zaman iyidir. Ama karar\u0131mdan \u00e7ok memnunum. Herhangi bir dezavantaj\u0131 var m\u0131? Ben g\u00f6rm\u00fcyorum. Aksine, ayn\u0131 kaliteyi ba\u015fka yerlerde \u00e7ok daha ucuza alabiliyorken neden burada 10.000 frank \u00f6deyeyim ki? Aynen \u00f6yle, deneyimimden sonra buna kar\u015f\u0131 hi\u00e7bir arg\u00fcman\u0131m yok. \u0130yiydi ve her zaman iyi, hatta \u00e7ok iyi ellerde oldu\u011fumu hissettim.       <\/p>\n\n<div class=\"wp-block-group is-layout-grid wp-container-core-group-is-layout-baef362d wp-block-group-is-layout-grid\">\n<p><a href=\"https:\/\/medicaltravel.at\/home\/agb\/\" data-type=\"page\" data-id=\"2191\" rel=\"nofollow noopener\" target=\"_blank\"><\/a><a href=\"https:\/\/swisslasik.ch\/tr\/hasta-yorumlari-lasik-goez-lazeri\/trifokallinsen-istanbul-deneyim-raporu-tuerkiye-6-nisan-2018-cuma-tarihli-rapor\/\" data-type=\"link\" data-id=\"https:\/\/swisslasik.ch\/patientenberichte-lasik\/erfahrungsbericht-trifokallinsen-istanbul-turkei-bericht-vom-freitag-06-april-2018\/\">\u00d6nceki rapor<\/a><\/p>\n\n\n\n<p class=\"has-text-align-right wp-container-content-5e2576f9\"><a href=\"https:\/\/medicaltravel.at\/home\/impressum\/\" data-type=\"page\" data-id=\"2193\" rel=\"nofollow noopener\" target=\"_blank\"><\/a><a href=\"https:\/\/medicaltravel.at\/home\/berichte-von-patienten\/erfahrungsberichte\/erfahrungsbericht-zahnbehandlung-in-istanbul\/\" data-type=\"page\" data-id=\"981\" rel=\"nofollow noopener\" target=\"_blank\"><\/a><a href=\"https:\/\/swisslasik.ch\/tr\/hasta-yorumlari-lasik-goez-lazeri\/islemden-ve-sonuctan-cok-memnun-kaldim-istanbuldaki-i-lasik-deneyimim-23-aralik-2017-cumartesi-tarihli-raporum\/\" data-type=\"link\" data-id=\"https:\/\/swisslasik.ch\/patientenberichte-lasik\/begeistert-von-ablauf-und-ergebnis-meine-i-lasik-erfahrung-in-istanbul-bericht-vom-samstag-23-dezember-2017\/\">Sonraki rapor<\/a><\/p>\n<\/div>\n","protected":false},"excerpt":{"rendered":"<p>Ayn\u0131 kaliteyi ba\u015fka yerlerde \u00e7ok daha ucuza alabiliyorken neden burada 10.000 CHF \u00f6deyeyim ki? \u2013 8 Ocak 2018 Pazartesi tarihli rapor Marc Roth taraf\u0131ndan 5 Ocak 2018 tarihinde yap\u0131lan kullan\u0131c\u0131 yorumu. Kas\u0131m 2017&#8217;de g\u00f6z ameliyat\u0131 i\u00e7in T\u00fcrkiye&#8217;ye gittim. Havaalan\u0131nda, beni do\u011frudan Levent Oteli&#8217;ne g\u00f6t\u00fcren ula\u015f\u0131m \u015firketinden \u00e7ok s\u0131cak bir kar\u015f\u0131lama ald\u0131m. Otel m\u00fckemmeldi. Temiz oda, \u00e7ok iyi yemekler, iyi oda servisi. \u015eiddetle tavsiye ederim. \u015eehrin \u00e7ok hareketli bir b\u00f6lgesinde ve hastaneye yak\u0131n bir konumda bulunuyor. Ameliyat g\u00fcn\u00fcmde otelden ortak bir servis arac\u0131yla al\u0131nd\u0131m. Hastaneye vard\u0131\u011f\u0131mda, beni hemen bir terc\u00fcman kar\u015f\u0131lad\u0131 ve her zaman \u00e7ok yard\u0131mc\u0131 oldu. Ard\u0131ndan, t\u00fcm sabah boyunca bir dizi teste tabi tutuldum ve bu testler sonucunda g\u00f6zlerimin LASIK ameliyat\u0131 i\u00e7in uygun oldu\u011fu belirlendi. \u00d6\u011fleden sonra k\u0131sa bir s\u00fcre sonra, zaman gelmi\u015fti; ameliyat oldum ve hemen ard\u0131ndan kontrol muayenesi yap\u0131ld\u0131. Ameliyat masas\u0131nda yatmak ve neredeyse o makinenin insaf\u0131na kalmak garip bir duyguydu, ama sadece yakla\u015f\u0131k 15 dakika s\u00fcrd\u00fc\u011f\u00fc i\u00e7in katlan\u0131labilir bir durumdu. Ameliyat ve muayeneden hemen sonra dinlenmem i\u00e7in otele g\u00f6t\u00fcr\u00fcld\u00fcm. O s\u0131rada g\u00f6zlerimi zar zor a\u00e7abiliyordum ve sonraki d\u00f6rt saat son derece ac\u0131 vericiydi. G\u00f6zlerim s\u00fcrekli sulan\u0131yordu ve sanki y\u0131ld\u0131r\u0131m \u00e7arp\u0131yormu\u015f gibi hissediyordum. Ancak d\u00f6rt saat sonra bu durum ge\u00e7ti ve asl\u0131nda \u00f6ncesine g\u00f6re \u00e7ok daha iyi g\u00f6rebiliyordum. Son g\u00fcn, otelden tekrar al\u0131nd\u0131m ve son bir kontrol i\u00e7in hastaneye g\u00f6t\u00fcr\u00fcld\u00fcm. Ard\u0131ndan do\u011frudan havaalan\u0131na gittim ve iyi g\u00f6r\u00fc\u015f mesafesiyle \u0130svi\u00e7re&#8217;ye geri u\u00e7tum. Sonu\u00e7 olarak, bana mal olan 3000 CHF \u00e7ok iyi harcanm\u0131\u015f bir parayd\u0131. Hastane iyi, doktor harika ve Almanca verilen bak\u0131m m\u00fckemmel. Bu ameliyat\u0131 tekrar yapt\u0131r\u0131rd\u0131m ve kesinlikle yine bu hastaneyi se\u00e7erdim, T\u00fcrkiye&#8217;deki hastane b\u00fcnyesinde yapt\u0131r\u0131rd\u0131m. \u0130svi\u00e7re&#8217;deki \u00f6n de\u011ferlendirmeler de \u00e7ok iyiydi. E-posta ve telefon yoluyla bilgi ak\u0131\u015f\u0131 da kusursuz i\u015fledi. \u0130svi\u00e7re&#8217;deki takip muayenesi uygun ve g\u00fcncel standartlara uygundu. Ameliyat\u0131 \u0130svi\u00e7re&#8217;de de\u011fil de T\u00fcrkiye&#8217;de yapt\u0131rmam\u0131n nedenleri: Maliyetler \u00f6nemli \u00f6l\u00e7\u00fcde daha d\u00fc\u015f\u00fck ve sonu\u00e7 ayn\u0131. Kabul etmeliyim ki, tedavi \u00e7ok daha az ki\u015fisel; ameliyat da dahil olmak \u00fczere doktorumla toplamda sadece yakla\u015f\u0131k 60 dakika g\u00f6r\u00fc\u015ft\u00fcm, ancak uzmanl\u0131\u011f\u0131 muazzam. Hastane sadece bu t\u00fcr ameliyatlarda uzmanla\u015fm\u0131\u015f ve y\u00fcksek d\u00fczeyde uzmanl\u0131k bilgisine sahip. Tedavi birinci s\u0131n\u0131f ve orada kendinizi \u00e7ok rahat hissediyorsunuz. \u0130klim harika. Sonu\u00e7 olarak, bu ameliyat\u0131 orada yapt\u0131rmay\u0131 \u015fiddetle tavsiye ederim. Orada yaln\u0131zd\u0131m; biraz endi\u015feli olan biri yan\u0131nda bir refakat\u00e7i getirmek isteyebilir. \u00d6zellikle ac\u0131 \u00e7ekiyorsan\u0131z, tan\u0131d\u0131k bir y\u00fcz\u00fcn etrafta olmas\u0131 her zaman iyidir. Ama karar\u0131mdan \u00e7ok memnunum. Herhangi bir dezavantaj\u0131 var m\u0131? Ben g\u00f6rm\u00fcyorum. Aksine, ayn\u0131 kaliteyi ba\u015fka yerlerde \u00e7ok daha ucuza alabiliyorken neden burada 10.000 frank \u00f6deyeyim ki? Aynen \u00f6yle, deneyimimden sonra buna kar\u015f\u0131 hi\u00e7bir arg\u00fcman\u0131m yok. \u0130yiydi ve her zaman iyi, hatta \u00e7ok iyi ellerde oldu\u011fumu hissettim. \u00d6nceki rapor Sonraki rapor<\/p>\n","protected":false},"author":4,"featured_media":0,"parent":3801,"menu_order":0,"comment_status":"closed","ping_status":"closed","template":"","meta":{"_joinchat":[],"footnotes":""},"class_list":["post-3971","page","type-page","status-publish","hentry"],"acf":[],"_links":{"self":[{"href":"https:\/\/swisslasik.ch\/tr\/wp-json\/wp\/v2\/pages\/3971","targetHints":{"allow":["GET"]}}],"collection":[{"href":"https:\/\/swisslasik.ch\/tr\/wp-json\/wp\/v2\/pages"}],"about":[{"href":"https:\/\/swisslasik.ch\/tr\/wp-json\/wp\/v2\/types\/page"}],"author":[{"embeddable":true,"href":"https:\/\/swisslasik.ch\/tr\/wp-json\/wp\/v2\/users\/4"}],"replies":[{"embeddable":true,"href":"https:\/\/swisslasik.ch\/tr\/wp-json\/wp\/v2\/comments?post=3971"}],"version-history":[{"count":1,"href":"https:\/\/swisslasik.ch\/tr\/wp-json\/wp\/v2\/pages\/3971\/revisions"}],"predecessor-version":[{"id":3972,"href":"https:\/\/swisslasik.ch\/tr\/wp-json\/wp\/v2\/pages\/3971\/revisions\/3972"}],"up":[{"embeddable":true,"href":"https:\/\/swisslasik.ch\/tr\/wp-json\/wp\/v2\/pages\/3801"}],"wp:attachment":[{"href":"https:\/\/swisslasik.ch\/tr\/wp-json\/wp\/v2\/media?parent=3971"}],"curies":[{"name":"wp","href":"https:\/\/api.w.org\/{rel}","templated":true}]}}