{"id":3973,"date":"2025-09-17T13:53:50","date_gmt":"2025-09-17T12:53:50","guid":{"rendered":"https:\/\/swisslasik.ch\/hasta-deneyimleri-goez-ameliyati-tuerkiye-istanbul\/"},"modified":"2026-01-14T20:17:10","modified_gmt":"2026-01-14T19:17:10","slug":"hasta-deneyimleri-goez-ameliyati-tuerkiye-istanbul","status":"publish","type":"page","link":"https:\/\/swisslasik.ch\/tr\/hasta-deneyimleri-goez-ameliyati-tuerkiye-istanbul\/","title":{"rendered":"Hasta deneyimleri, g\u00f6z ameliyat\u0131 T\u00fcrkiye \u0130stanbul"},"content":{"rendered":"\t\t<div data-elementor-type=\"wp-page\" data-elementor-id=\"3973\" class=\"elementor elementor-3973 elementor-91\" data-elementor-post-type=\"page\">\n\t\t\t\t<div class=\"elementor-element elementor-element-7930d696 e-flex e-con-boxed wpr-particle-no wpr-jarallax-no wpr-parallax-no wpr-sticky-section-no e-con e-parent\" data-id=\"7930d696\" data-element_type=\"container\" data-e-type=\"container\">\n\t\t\t\t\t<div class=\"e-con-inner\">\n\t\t<div class=\"elementor-element elementor-element-891fa55 e-con-full e-flex wpr-particle-no wpr-jarallax-no wpr-parallax-no wpr-sticky-section-no e-con e-child\" data-id=\"891fa55\" data-element_type=\"container\" data-e-type=\"container\">\n\t\t\t\t<div class=\"elementor-element elementor-element-56e9bb1 elementor-widget elementor-widget-button\" data-id=\"56e9bb1\" data-element_type=\"widget\" data-e-type=\"widget\" data-widget_type=\"button.default\">\n\t\t\t\t\t\t\t\t\t\t<a class=\"elementor-button elementor-button-link elementor-size-sm\" href=\"https:\/\/swisslasik.ch\/tr\/hasta-yorumlari-lasik-goez-lazeri\/\">\n\t\t\t\t\t\t<span class=\"elementor-button-content-wrapper\">\n\t\t\t\t\t\t\t\t\t<span class=\"elementor-button-text\">LASIK hastalar\u0131n\u0131n g\u00f6r\u00fc\u015fleri<\/span>\n\t\t\t\t\t<\/span>\n\t\t\t\t\t<\/a>\n\t\t\t\t\t\t\t\t<\/div>\n\t\t\t\t<div class=\"elementor-element elementor-element-15f59d9 elementor-widget elementor-widget-button\" data-id=\"15f59d9\" data-element_type=\"widget\" data-e-type=\"widget\" data-widget_type=\"button.default\">\n\t\t\t\t\t\t\t\t\t\t<a class=\"elementor-button elementor-button-link elementor-size-sm\" href=\"https:\/\/swisslasik.ch\/tr\/patientenberichte-augenlasern-erfahrungen\/\">\n\t\t\t\t\t\t<span class=\"elementor-button-content-wrapper\">\n\t\t\t\t\t\t\t\t\t<span class=\"elementor-button-text\">Femto-LASIK Hasta Raporlar\u0131<\/span>\n\t\t\t\t\t<\/span>\n\t\t\t\t\t<\/a>\n\t\t\t\t\t\t\t\t<\/div>\n\t\t\t\t<div class=\"elementor-element elementor-element-6e50105 elementor-widget elementor-widget-button\" data-id=\"6e50105\" data-element_type=\"widget\" data-e-type=\"widget\" data-widget_type=\"button.default\">\n\t\t\t\t\t\t\t\t\t\t<a class=\"elementor-button elementor-button-link elementor-size-sm\" href=\"https:\/\/swisslasik.ch\/tr\/patientenberichte-augen-lasern\/\">\n\t\t\t\t\t\t<span class=\"elementor-button-content-wrapper\">\n\t\t\t\t\t\t\t\t\t<span class=\"elementor-button-text\">Hasta Raporlar\u0131<\/span>\n\t\t\t\t\t<\/span>\n\t\t\t\t\t<\/a>\n\t\t\t\t\t\t\t\t<\/div>\n\t\t\t\t<div class=\"elementor-element elementor-element-336ac89 elementor-widget elementor-widget-button\" data-id=\"336ac89\" data-element_type=\"widget\" data-e-type=\"widget\" data-widget_type=\"button.default\">\n\t\t\t\t\t\t\t\t\t\t<a class=\"elementor-button elementor-button-link elementor-size-sm\" href=\"https:\/\/swisslasik.ch\/tr\/hasta-deneyimleri-goez-ameliyati-tuerkiye-istanbul\/\">\n\t\t\t\t\t\t<span class=\"elementor-button-content-wrapper\">\n\t\t\t\t\t\t\t\t\t<span class=\"elementor-button-text\">Hasta Raporlar\u0131 2009-2010<\/span>\n\t\t\t\t\t<\/span>\n\t\t\t\t\t<\/a>\n\t\t\t\t\t\t\t\t<\/div>\n\t\t\t\t<div class=\"elementor-element elementor-element-49da562 elementor-widget elementor-widget-button\" data-id=\"49da562\" data-element_type=\"widget\" data-e-type=\"widget\" data-widget_type=\"button.default\">\n\t\t\t\t\t\t\t\t\t\t<a class=\"elementor-button elementor-button-link elementor-size-sm\" href=\"https:\/\/swisslasik.ch\/tr\/yasli-hasta-raporlari-goez-klinigi-tuerkiye\/\">\n\t\t\t\t\t\t<span class=\"elementor-button-content-wrapper\">\n\t\t\t\t\t\t\t\t\t<span class=\"elementor-button-text\">Eski hasta deneyimleri<\/span>\n\t\t\t\t\t<\/span>\n\t\t\t\t\t<\/a>\n\t\t\t\t\t\t\t\t<\/div>\n\t\t\t\t<\/div>\n\t\t\t\t<div class=\"elementor-element elementor-element-4d2a0097 elementor-widget elementor-widget-text-editor\" data-id=\"4d2a0097\" data-element_type=\"widget\" data-e-type=\"widget\" data-widget_type=\"text-editor.default\">\n\t\t\t\t\t\t\t\t\t<h2 class=\"wp-block-heading\"><strong>T\u00dcRK\u0130YE&#8217;DE LASIK HAKKINDA HASTA YORUMLARI<\/strong><\/h2><ul class=\"wp-block-list\"><li><strong><a href=\"https:\/\/swisslasik.ch\/tr\/hasta-deneyimleri-goez-ameliyati-tuerkiye-istanbul\/istanbulda-lasik-ameliyati-deneyimim-3-kasim-2010-27-aralik-2010-pazartesi-tarihli-rapor\/\" data-type=\"page\" data-id=\"539\">\u0130stanbul&#8217;da LASIK ameliyat\u0131 deneyimim, 3 Kas\u0131m 2010 <\/a>\u2013 27 Aral\u0131k 2010 Pazartesi tarihli rapor<\/strong><\/li><li><strong><a href=\"https:\/\/swisslasik.ch\/tr\/hasta-deneyimleri-goez-ameliyati-tuerkiye-istanbul\/myrta-toenginin-29-ekim-2010da-ameliyat-edildigine-dair-hasta-raporu-8-aralik-2010-carsamba-tarihli-rapor\/\" data-type=\"page\" data-id=\"541\">Myrta T\u00f6ngi&#8217;nin 29 Ekim 2010&#8217;da ameliyat edildi\u011fine dair hasta raporu<\/a> \u2013 8 Aral\u0131k 2010 \u00c7ar\u015famba tarihli rapor.<\/strong><\/li><li><strong><a href=\"https:\/\/swisslasik.ch\/tr\/hasta-deneyimleri-goez-ameliyati-tuerkiye-istanbul\/istanbula-yaptigim-bueyuek-goez-lazer-ameliyati-seyahatimden-rapor-5-aralik-2010-pazar\/\" data-type=\"page\" data-id=\"543\">\u0130stanbul&#8217;a yapt\u0131\u011f\u0131m b\u00fcy\u00fck g\u00f6z lazer ameliyat<\/a>\u0131 seyahatimden rapor (5 Aral\u0131k 2010, Pazar)<\/strong><\/li><li><strong><a href=\"https:\/\/swisslasik.ch\/tr\/hasta-deneyimleri-goez-ameliyati-tuerkiye-istanbul\/istanbulda-kasim-2010da-yaptirdigim-lazer-tedavisi-5-aralik-2010-pazar-tarihli-rapor\/\" data-type=\"page\" data-id=\"545\">\u0130stanbul&#8217;da Kas\u0131m 2010&#8217;da yapt\u0131rd\u0131\u011f\u0131m lazer tedavisi <\/a>&#8211; 5 Aral\u0131k 2010 Pazar tarihli rapor<\/strong><\/li><li><strong><a href=\"https:\/\/swisslasik.ch\/tr\/hasta-deneyimleri-goez-ameliyati-tuerkiye-istanbul\/isvicre-bakim-konusunda-oegrenebilecegi-bir-iki-sey-var-30-kasim-2010-sali-tarihli-rapor\/\" data-type=\"page\" data-id=\"547\">\u0130svi\u00e7re, bak\u0131m konusunda \u00f6\u011frenebilece\u011fi bir iki \u015fey var<\/a> \u2013 30 Kas\u0131m 2010 Sal\u0131 tarihli rapor<\/strong><\/li><li><strong><a href=\"https:\/\/swisslasik.ch\/tr\/hasta-deneyimleri-goez-ameliyati-tuerkiye-istanbul\/goezlerime-lazer-tedavisi-yaptirdim-26-kasim-2010-cuma-tarihli-rapor\/\" data-type=\"page\" data-id=\"550\">G\u00f6zlerime lazer tedavisi yapt\u0131rd\u0131m! <\/a>\u2013 26 Kas\u0131m 2010 Cuma tarihli rapor<\/strong><\/li><li><strong><a href=\"https:\/\/swisslasik.ch\/tr\/hasta-deneyimleri-goez-ameliyati-tuerkiye-istanbul\/istanbulda-gecirdigim-lazer-ameliyatim-24-agustos-2010-sali-tarihli-rapor\/\" data-type=\"page\" data-id=\"552\">\u0130stanbul&#8217;da ge\u00e7irdi\u011fim lazer ameliyat\u0131m<\/a> &#8211; 24 A\u011fustos 2010 Sal\u0131 tarihli rapor<\/strong><\/li><li><strong><a href=\"https:\/\/swisslasik.ch\/tr\/hasta-deneyimleri-goez-ameliyati-tuerkiye-istanbul\/istanbulda-lasik-deneyimi-raporu-11-agustos-2010-carsamba-tarihli-rapor\/\" data-type=\"page\" data-id=\"554\">\u0130stanbul&#8217;da LASIK deneyimi raporu<\/a> \u2013 11 A\u011fustos 2010 \u00c7ar\u015famba tarihli rapor<\/strong><\/li><li><strong><a href=\"https:\/\/swisslasik.ch\/tr\/hasta-deneyimleri-goez-ameliyati-tuerkiye-istanbul\/istanbulda-lazer-goez-ameliyati-bir-hayal-gercek-oldu-11-agustos-2010-carsamba-haberi\/\" data-type=\"page\" data-id=\"556\">\u0130stanbul&#8217;da Lazer G\u00f6z Ameliyat\u0131 \u2013 Bir Hayal Ger\u00e7ek Oldu<\/a> \u2013 11 A\u011fustos 2010 \u00c7ar\u015famba Haberi<\/strong><\/li><li><strong><a href=\"https:\/\/swisslasik.ch\/tr\/hasta-deneyimleri-goez-ameliyati-tuerkiye-istanbul\/artik-kartal-gibi-keskin-bir-goeruese-sahibim-ve-cok-mutlu-ve-minnettarim-1-agustos-2010-pazar-tarihli-rapor\/\" data-type=\"page\" data-id=\"558\">Art\u0131k kartal gibi keskin bir g\u00f6r\u00fc\u015fe sahibim ve \u00e7ok mutlu ve minnettar\u0131m<\/a> \u2013 1 A\u011fustos 2010 Pazar tarihli rapor<\/strong><\/li><li><strong><a href=\"https:\/\/swisslasik.ch\/tr\/hasta-deneyimleri-goez-ameliyati-tuerkiye-istanbul\/sonunda-goerme-engeli-olmayan-bir-yasam-hayali-gerceklesti-ameliyat-17-06-2010-25-temmuz-2010-pazar-tarihli-rapor\/\" data-type=\"page\" data-id=\"560\">Sonunda, g\u00f6rme engeli olmayan bir ya\u015fam hayali ger\u00e7ekle\u015fti<\/a> \u2013 Ameliyat 17.06.2010 \u2013 25 Temmuz 2010 Pazar tarihli rapor<\/strong><\/li><li><strong><a href=\"https:\/\/swisslasik.ch\/tr\/hasta-deneyimleri-goez-ameliyati-tuerkiye-istanbul\/lazer-goez-ameliyati-hakkindaki-raporum-7-temmuz-2010-carsamba-tarihli-rapor\/\" data-type=\"page\" data-id=\"562\">Lazer g\u00f6z ameliyat\u0131 hakk\u0131ndaki raporum <\/a>\u2013 7 Temmuz 2010 \u00c7ar\u015famba tarihli rapor<\/strong><\/li><li><strong><a href=\"https:\/\/swisslasik.ch\/tr\/hasta-deneyimleri-goez-ameliyati-tuerkiye-istanbul\/istanbuldaki-klinikte-gecirdigim-lasik-goez-ameliyati-hakkindaki-deneyim-raporum-2-haziran-2010-carsamba-tarihli-rapor\/\" data-type=\"page\" data-id=\"564\">\u0130stanbul&#8217;daki klinikte ge\u00e7irdi\u011fim LASIK g\u00f6z ameliyat\u0131 hakk\u0131ndaki deneyim raporum<\/a> \u2013 2 Haziran 2010 \u00c7ar\u015famba tarihli rapor.<\/strong><\/li><li><strong><a href=\"https:\/\/swisslasik.ch\/tr\/hasta-deneyimleri-goez-ameliyati-tuerkiye-istanbul\/istanbulda-lazer-goez-ameliyatim-6-subat-2010-cumartesi-tarihli-rapor\/\" data-type=\"page\" data-id=\"566\">\u0130stanbul&#8217;da lazer g\u00f6z ameliyat\u0131m<\/a> &#8211; 6 \u015eubat 2010 Cumartesi tarihli rapor<\/strong><\/li><li><strong><a href=\"https:\/\/swisslasik.ch\/tr\/hasta-deneyimleri-goez-ameliyati-tuerkiye-istanbul\/istanbuldaki-swisslasik-klinigindeki-deneyimim-5-subat-2010-cuma-tarihli-rapor\/\" data-type=\"page\" data-id=\"568\">\u0130stanbul&#8217;daki Swisslasik klini\u011findeki deneyimim<\/a> \u2013 5 \u015eubat 2010 Cuma tarihli rapor<\/strong><\/li><li><strong><a href=\"https:\/\/swisslasik.ch\/tr\/hasta-deneyimleri-goez-ameliyati-tuerkiye-istanbul\/istanbulda-lazer-goez-ve-dis-tedavimle-ilgili-hasta-raporum-21-aralik-2009-pazartesi-tarihli-rapor\/\" data-type=\"page\" data-id=\"570\">\u0130stanbul&#8217;da lazer g\u00f6z ve di\u015f tedavimle ilgili hasta raporum<\/a> \u2013 21 Aral\u0131k 2009 Pazartesi tarihli rapor<\/strong><\/li><li><strong><a href=\"https:\/\/swisslasik.ch\/tr\/hasta-deneyimleri-goez-ameliyati-tuerkiye-istanbul\/istanbuldaki-goez-ameliyatim-alarm-saati-847yi-goesteriyordu-her-zamankinden-daha-net-goerueyordum-2-kasim-2009-pazartesi-tarihli-rapor\/\" data-type=\"page\" data-id=\"572\">\u0130stanbul&#8217;daki g\u00f6z ameliyat\u0131m: Alarm saati 8:47&#8217;yi g\u00f6steriyordu, her zamankinden daha net g\u00f6r\u00fcyordum!<\/a> \u2013 2 Kas\u0131m 2009 Pazartesi tarihli rapor<\/strong><\/li><li><strong><a href=\"https:\/\/swisslasik.ch\/tr\/hasta-deneyimleri-goez-ameliyati-tuerkiye-istanbul\/koestebeklikten-kartala-2-kasim-2009-pazartesi-raporu\/\" data-type=\"page\" data-id=\"574\">K\u00f6stebeklikten Kartala<\/a> \u2013 2 Kas\u0131m 2009 Pazartesi Raporu<\/strong><\/li><li><strong><a href=\"https:\/\/swisslasik.ch\/tr\/hasta-deneyimleri-goez-ameliyati-tuerkiye-istanbul\/istanbulda-lasik-ameliyatimdan-5-ay-sonraki-sonuclarim-21-ekim-2009-carsamba-tarihli-rapor\/\" data-type=\"page\" data-id=\"576\">\u0130stanbul&#8217;da LASIK ameliyat\u0131mdan 5 ay sonraki sonu\u00e7lar\u0131m<\/a> \u2013 21 Ekim 2009 \u00c7ar\u015famba tarihli rapor.<\/strong><\/li><li><strong><a href=\"https:\/\/swisslasik.ch\/tr\/hasta-deneyimleri-goez-ameliyati-tuerkiye-istanbul\/bir-hayal-gercek-oldu-15-haziran-2009da-istanbulda-goez-ameliyati-13-temmuz-2009-pazartesi-tarihli-haber\/\" data-type=\"page\" data-id=\"578\">Bir hayal ger\u00e7ek oldu: 15 Haziran 2009&#8217;da \u0130stanbul&#8217;da g\u00f6z ameliyat\u0131<\/a> \u2013 13 Temmuz 2009 Pazartesi tarihli haber<\/strong><\/li><li><strong><a href=\"https:\/\/swisslasik.ch\/tr\/hasta-deneyimleri-goez-ameliyati-tuerkiye-istanbul\/goezlueksuez-yeni-bir-yasam-10-temmuz-2009-cuma-tarihli-rapor\/\" data-type=\"page\" data-id=\"580\">G\u00f6zl\u00fcks\u00fcz yeni bir ya\u015fam.<\/a> \u2013 10 Temmuz 2009 Cuma tarihli rapor<\/strong><\/li><li><strong><a href=\"https:\/\/swisslasik.ch\/tr\/hasta-deneyimleri-goez-ameliyati-tuerkiye-istanbul\/istanbulda-gecirdigim-lasek-lazer-goez-ameliyatim-5-haziran-2009-cuma-tarihli-rapor\/\" data-type=\"page\" data-id=\"582\">\u0130stanbul&#8217;da ge\u00e7irdi\u011fim LASEK lazer g\u00f6z ameliyat\u0131m<\/a> \u2013 5 Haziran 2009 Cuma tarihli rapor<\/strong><\/li><li><strong><a href=\"https:\/\/swisslasik.ch\/tr\/hasta-deneyimleri-goez-ameliyati-tuerkiye-istanbul\/lasik-deneyim-raporu-mayis-2009-istanbul-28-mayis-2009-persembe-tarihli-rapor\/\" data-type=\"page\" data-id=\"584\">LASIK \u2013 Deneyim Raporu May\u0131s 2009 \u0130stanbul<\/a> \u2013 28 May\u0131s 2009 Per\u015fembe tarihli rapor<\/strong><\/li><li><strong><a href=\"https:\/\/swisslasik.ch\/tr\/hasta-deneyimleri-goez-ameliyati-tuerkiye-istanbul\/goezlueksuez-bir-hayat-her-zaman-hayalim-olmustur-21-mayis-2009-persembe-tarihli-rapor\/\" data-type=\"page\" data-id=\"586\">G\u00f6zl\u00fcks\u00fcz bir hayat her zaman hayalim olmu\u015ftur! <\/a>\u2013 21 May\u0131s 2009 Per\u015fembe tarihli rapor<\/strong><\/li><li><strong><a href=\"https:\/\/swisslasik.ch\/tr\/hasta-deneyimleri-goez-ameliyati-tuerkiye-istanbul\/istanbulda-gecirdigim-goez-ameliyatiyla-ilgili-yorumum-15-mayis-2009-cuma-tarihli-rapor\/\" data-type=\"page\" data-id=\"590\">\u0130stanbul&#8217;da ge\u00e7irdi\u011fim g\u00f6z ameliyat\u0131yla ilgili yorumum<\/a> \u2013 15 May\u0131s 2009 Cuma tarihli rapor<\/strong><\/li><li><strong><a href=\"https:\/\/swisslasik.ch\/tr\/hasta-deneyimleri-goez-ameliyati-tuerkiye-istanbul\/istanbulda-lasik-deneyim-raporum-13-mayis-2009-carsamba-tarihli-rapor\/\" data-type=\"page\" data-id=\"593\">\u0130stanbul&#8217;da LASIK &#8211; Deneyim Raporum<\/a> &#8211; 13 May\u0131s 2009 \u00c7ar\u015famba tarihli rapor<\/strong><\/li><li><strong><a href=\"https:\/\/swisslasik.ch\/tr\/hasta-deneyimleri-goez-ameliyati-tuerkiye-istanbul\/mart-2009-faaliyet-raporu-17-nisan-2009-cuma-tarihli-rapor\/\" data-type=\"page\" data-id=\"596\">Mart 2009 Faaliyet Raporu<\/a> \u2013 17 Nisan 2009 Cuma Tarihli Rapor<\/strong><\/li><li><strong><a href=\"https:\/\/swisslasik.ch\/tr\/hasta-deneyimleri-goez-ameliyati-tuerkiye-istanbul\/aralik-ayindaki-lasik-ameliyatim-29-ocak-2009-persembe-tarihli-rapor\/\" data-type=\"page\" data-id=\"598\">\u0130stanbul&#8217;da lazer g\u00f6z ameliyat\u0131m<\/a> &#8211; 29 Ocak 2009 Per\u015fembe tarihli rapor<\/strong><\/li><li><strong><a href=\"https:\/\/swisslasik.ch\/tr\/hasta-deneyimleri-goez-ameliyati-tuerkiye-istanbul\/istanbul-goez-lazer-klinigi-kullanici-raporu-7-ocak-2009-carsamba-tarihli-rapor\/\" data-type=\"page\" data-id=\"600\">Aral\u0131k ay\u0131ndaki LASIK ameliyat\u0131m<\/a> \u2013 29 Ocak 2009 Per\u015fembe tarihli rapor<\/strong><\/li><\/ul>\t\t\t\t\t\t\t\t<\/div>\n\t\t\t\t\t<\/div>\n\t\t\t\t<\/div>\n\t\t\t\t<\/div>\n\t\t","protected":false},"excerpt":{"rendered":"<p>LASIK hastalar\u0131n\u0131n g\u00f6r\u00fc\u015fleri Femto-LASIK Hasta Raporlar\u0131 Hasta Raporlar\u0131 Hasta Raporlar\u0131 2009-2010 Eski hasta deneyimleri T\u00dcRK\u0130YE&#8217;DE LASIK HAKKINDA HASTA YORUMLARI \u0130stanbul&#8217;da LASIK ameliyat\u0131 deneyimim, 3 Kas\u0131m 2010 \u2013 27 Aral\u0131k 2010 Pazartesi tarihli rapor Myrta T\u00f6ngi&#8217;nin 29 Ekim 2010&#8217;da ameliyat edildi\u011fine dair hasta raporu \u2013 8 Aral\u0131k 2010 \u00c7ar\u015famba tarihli rapor. \u0130stanbul&#8217;a yapt\u0131\u011f\u0131m b\u00fcy\u00fck g\u00f6z lazer ameliyat\u0131 seyahatimden rapor (5 Aral\u0131k 2010, Pazar) \u0130stanbul&#8217;da Kas\u0131m 2010&#8217;da yapt\u0131rd\u0131\u011f\u0131m lazer tedavisi &#8211; 5 Aral\u0131k 2010 Pazar tarihli rapor \u0130svi\u00e7re, bak\u0131m konusunda \u00f6\u011frenebilece\u011fi bir iki \u015fey var \u2013 30 Kas\u0131m 2010 Sal\u0131 tarihli rapor G\u00f6zlerime lazer tedavisi yapt\u0131rd\u0131m! \u2013 26 Kas\u0131m 2010 Cuma tarihli rapor \u0130stanbul&#8217;da ge\u00e7irdi\u011fim lazer ameliyat\u0131m &#8211; 24 A\u011fustos 2010 Sal\u0131 tarihli rapor \u0130stanbul&#8217;da LASIK deneyimi raporu \u2013 11 A\u011fustos 2010 \u00c7ar\u015famba tarihli rapor \u0130stanbul&#8217;da Lazer G\u00f6z Ameliyat\u0131 \u2013 Bir Hayal Ger\u00e7ek Oldu \u2013 11 A\u011fustos 2010 \u00c7ar\u015famba Haberi Art\u0131k kartal gibi keskin bir g\u00f6r\u00fc\u015fe sahibim ve \u00e7ok mutlu ve minnettar\u0131m \u2013 1 A\u011fustos 2010 Pazar tarihli rapor Sonunda, g\u00f6rme engeli olmayan bir ya\u015fam hayali ger\u00e7ekle\u015fti \u2013 Ameliyat 17.06.2010 \u2013 25 Temmuz 2010 Pazar tarihli rapor Lazer g\u00f6z ameliyat\u0131 hakk\u0131ndaki raporum \u2013 7 Temmuz 2010 \u00c7ar\u015famba tarihli rapor \u0130stanbul&#8217;daki klinikte ge\u00e7irdi\u011fim LASIK g\u00f6z ameliyat\u0131 hakk\u0131ndaki deneyim raporum \u2013 2 Haziran 2010 \u00c7ar\u015famba tarihli rapor. \u0130stanbul&#8217;da lazer g\u00f6z ameliyat\u0131m &#8211; 6 \u015eubat 2010 Cumartesi tarihli rapor \u0130stanbul&#8217;daki Swisslasik klini\u011findeki deneyimim \u2013 5 \u015eubat 2010 Cuma tarihli rapor \u0130stanbul&#8217;da lazer g\u00f6z ve di\u015f tedavimle ilgili hasta raporum \u2013 21 Aral\u0131k 2009 Pazartesi tarihli rapor \u0130stanbul&#8217;daki g\u00f6z ameliyat\u0131m: Alarm saati 8:47&#8217;yi g\u00f6steriyordu, her zamankinden daha net g\u00f6r\u00fcyordum! \u2013 2 Kas\u0131m 2009 Pazartesi tarihli rapor K\u00f6stebeklikten Kartala \u2013 2 Kas\u0131m 2009 Pazartesi Raporu \u0130stanbul&#8217;da LASIK ameliyat\u0131mdan 5 ay sonraki sonu\u00e7lar\u0131m \u2013 21 Ekim 2009 \u00c7ar\u015famba tarihli rapor. Bir hayal ger\u00e7ek oldu: 15 Haziran 2009&#8217;da \u0130stanbul&#8217;da g\u00f6z ameliyat\u0131 \u2013 13 Temmuz 2009 Pazartesi tarihli haber G\u00f6zl\u00fcks\u00fcz yeni bir ya\u015fam. \u2013 10 Temmuz 2009 Cuma tarihli rapor \u0130stanbul&#8217;da ge\u00e7irdi\u011fim LASEK lazer g\u00f6z ameliyat\u0131m \u2013 5 Haziran 2009 Cuma tarihli rapor LASIK \u2013 Deneyim Raporu May\u0131s 2009 \u0130stanbul \u2013 28 May\u0131s 2009 Per\u015fembe tarihli rapor G\u00f6zl\u00fcks\u00fcz bir hayat her zaman hayalim olmu\u015ftur! \u2013 21 May\u0131s 2009 Per\u015fembe tarihli rapor \u0130stanbul&#8217;da ge\u00e7irdi\u011fim g\u00f6z ameliyat\u0131yla ilgili yorumum \u2013 15 May\u0131s 2009 Cuma tarihli rapor \u0130stanbul&#8217;da LASIK &#8211; Deneyim Raporum &#8211; 13 May\u0131s 2009 \u00c7ar\u015famba tarihli rapor Mart 2009 Faaliyet Raporu \u2013 17 Nisan 2009 Cuma Tarihli Rapor \u0130stanbul&#8217;da lazer g\u00f6z ameliyat\u0131m &#8211; 29 Ocak 2009 Per\u015fembe tarihli rapor Aral\u0131k ay\u0131ndaki LASIK ameliyat\u0131m \u2013 29 Ocak 2009 Per\u015fembe tarihli rapor<\/p>\n","protected":false},"author":4,"featured_media":0,"parent":0,"menu_order":0,"comment_status":"closed","ping_status":"closed","template":"","meta":{"_joinchat":[],"footnotes":""},"class_list":["post-3973","page","type-page","status-publish","hentry"],"acf":[],"_links":{"self":[{"href":"https:\/\/swisslasik.ch\/tr\/wp-json\/wp\/v2\/pages\/3973","targetHints":{"allow":["GET"]}}],"collection":[{"href":"https:\/\/swisslasik.ch\/tr\/wp-json\/wp\/v2\/pages"}],"about":[{"href":"https:\/\/swisslasik.ch\/tr\/wp-json\/wp\/v2\/types\/page"}],"author":[{"embeddable":true,"href":"https:\/\/swisslasik.ch\/tr\/wp-json\/wp\/v2\/users\/4"}],"replies":[{"embeddable":true,"href":"https:\/\/swisslasik.ch\/tr\/wp-json\/wp\/v2\/comments?post=3973"}],"version-history":[{"count":6,"href":"https:\/\/swisslasik.ch\/tr\/wp-json\/wp\/v2\/pages\/3973\/revisions"}],"predecessor-version":[{"id":4834,"href":"https:\/\/swisslasik.ch\/tr\/wp-json\/wp\/v2\/pages\/3973\/revisions\/4834"}],"wp:attachment":[{"href":"https:\/\/swisslasik.ch\/tr\/wp-json\/wp\/v2\/media?parent=3973"}],"curies":[{"name":"wp","href":"https:\/\/api.w.org\/{rel}","templated":true}]}}