{"id":3977,"date":"2025-09-24T14:50:01","date_gmt":"2025-09-24T13:50:01","guid":{"rendered":"https:\/\/swisslasik.ch\/hasta-deneyimleri-goez-ameliyati-tuerkiye-istanbul\/istanbul-goez-lazer-klinigi-kullanici-raporu-7-ocak-2009-carsamba-tarihli-rapor\/"},"modified":"2026-01-14T20:01:08","modified_gmt":"2026-01-14T19:01:08","slug":"istanbul-goez-lazer-klinigi-kullanici-raporu-7-ocak-2009-carsamba-tarihli-rapor","status":"publish","type":"page","link":"https:\/\/swisslasik.ch\/tr\/hasta-deneyimleri-goez-ameliyati-tuerkiye-istanbul\/istanbul-goez-lazer-klinigi-kullanici-raporu-7-ocak-2009-carsamba-tarihli-rapor\/","title":{"rendered":"\u0130stanbul G\u00f6z Lazer Klini\u011fi: Kullan\u0131c\u0131 Raporu \u2013 7 Ocak 2009 \u00c7ar\u015famba Tarihli Rapor"},"content":{"rendered":"\n<h3 class=\"wp-block-heading\">\u0130stanbul G\u00f6z Lazer Klini\u011fi: Kullan\u0131c\u0131 Raporu \u2013 7 Ocak 2009 \u00c7ar\u015famba Tarihli Rapor<\/h3>\n\n\n\n<p>Lazer g\u00f6z ameliyat\u0131n\u0131 epey zamand\u0131r d\u00fc\u015f\u00fcn\u00fcyorum.<\/p>\n\n\n\n<p>\u00c7ok fazla spor yapt\u0131\u011f\u0131m ve s\u00fcrekli hareket halinde oldu\u011fum i\u00e7in g\u00f6zl\u00fck takmak benim i\u00e7in her zaman biraz rahats\u0131z edici olmu\u015ftur.<\/p>\n\n\n\n<p>Swisslasik&#8217;i arkada\u015flar\u0131mdan duydum. Onlar da bir y\u0131l \u00f6nce g\u00f6zlerine lazer epilasyon yapt\u0131rm\u0131\u015flard\u0131. <\/p>\n\n\n\n<p>Konuyu ara\u015ft\u0131rmak i\u00e7in epey zaman harcad\u0131m. Swisslasik web sitesinin baz\u0131 b\u00f6l\u00fcmlerini inceledikten sonra, \u00f6n g\u00f6r\u00fc\u015fme i\u00e7in Binningen&#8217;deki bir klini\u011fe gittim. <\/p>\n\n\n\n<p>Ba\u015fta ameliyat\u0131 yurt d\u0131\u015f\u0131nda yapt\u0131rmak isteyip istemedi\u011fimden biraz emin de\u011fildim, ancak Swisslasik&#8217;in hizmeti beni tamamen ikna etti.<\/p>\n\n\n\n<p>Swisslasik ile birka\u00e7 kez e-posta yoluyla ileti\u015fim kurdum ve t\u00fcm sorular\u0131m \u00e7ok h\u0131zl\u0131 ve eksiksiz bir \u015fekilde yan\u0131tland\u0131; her \u015fey ger\u00e7ekten m\u00fckemmeldi. Tarihi kendim se\u00e7ebildim ve zaman k\u0131s\u0131tl\u0131 oldu\u011fu i\u00e7in her \u015feyin h\u0131zl\u0131 bir \u015fekilde ger\u00e7ekle\u015fmesi gerekiyordu. Swisslasik m\u00fckemmel bir hizmet sundu; Swisslasik ge\u00e7i\u015f kart\u0131m\u0131 ekspres kargo ile zaman\u0131nda ald\u0131m ve birka\u00e7 g\u00fcn sonra \u0130stanbul&#8217;a u\u00e7abildim.  <\/p>\n\n\n\n<p>Her \u015fey m\u00fckemmel bir \u015fekilde organize edilmi\u015fti; havaalan\u0131ndan al\u0131nd\u0131m, otele g\u00f6t\u00fcr\u00fcld\u00fcm ve her \u015fey bana A&#8217;dan Z&#8217;ye, hatta Almanca olarak bile, \u00e7ok detayl\u0131 bir \u015fekilde anlat\u0131ld\u0131!<\/p>\n\n\n\n<p>Ertesi g\u00fcn klini\u011fe gittim. \u00d6n muayene sabah yap\u0131ld\u0131. T\u00fcm ekip inan\u0131lmaz derecede g\u00fcler y\u00fczl\u00fcyd\u00fc, klinik \u00e7ok temizdi ve bana i\u015flemi ayr\u0131nt\u0131l\u0131 olarak a\u00e7\u0131klad\u0131lar! Hizmet ger\u00e7ekten m\u00fckemmeldi; bana i\u00e7ecek ikram edildi, m\u00fckemmel bir bak\u0131m ald\u0131m ve herhangi bir sorum oldu\u011funda ekip her zaman ula\u015f\u0131labilir durumdayd\u0131.   <\/p>\n\n\n\n<p>Bence en g\u00fczel yan\u0131, \u00f6nceki g\u00fcnk\u00fc hastalarla tekrar kar\u015f\u0131la\u015fabilmemizdi; d\u00fc\u015f\u00fcncelerimizi ve sorular\u0131m\u0131z\u0131 payla\u015fabildik, bu ger\u00e7ekten harika ve \u00e7ok faydal\u0131yd\u0131!<\/p>\n\n\n\n<p>Hafif bir \u00f6\u011fle yeme\u011finden sonra, ameliyat i\u00e7in \u00f6\u011fleden sonra klini\u011fe geri d\u00f6nd\u00fck. Elbette hepimiz \u00e7ok gergindik ve bitti\u011finde rahatlad\u0131k. <\/p>\n\n\n\n<p>Ancak ekip bizi rahatlat\u0131p bize \u00e7ok iyi bakt\u0131\u011f\u0131 i\u00e7in korkumuz h\u0131zla kayboldu!<\/p>\n\n\n\n<p>Mutlaka belirtmem gereken \u015fey, ameliyattan \u00f6nce masaj koltu\u011funda oturman\u0131zd\u0131. Ameliyat \u00f6ncesinde bir s\u00fcre beklemeniz gerekse de, masaj koltu\u011funda oturman\u0131za izin veriliyor. Bu harika bir \u015feydi. <\/p>\n\n\n\n<p>S\u0131rt\u0131m\u0131n tamam\u0131na masaj yapt\u0131 ve beni tamamen rahatlatt\u0131; birka\u00e7 g\u00fcnd\u00fcr s\u0131rt\u0131m a\u011fr\u0131yordu ve sonras\u0131nda bu durum ortadan kalkt\u0131. Ve i\u015flem s\u0131ras\u0131nda tamamen rahatt\u0131m. <\/p>\n\n\n\n<p>Ameliyat \u00e7ok k\u0131sa s\u00fcrd\u00fc. Sonras\u0131nda uzanabildim. A\u011fr\u0131dan \u015fikayet etti\u011fimde herkes inan\u0131lmaz derecede nazikti; \u00fc\u015f\u00fcmemem i\u00e7in battaniye ve a\u011fr\u0131 kesici getirdiler. Bir s\u00fcre sonra kendimi daha iyi hissettim. Ba\u015fka bir hastayla birlikte otele d\u00f6nd\u00fck ve uyuduk. \u0130la\u00e7lardan ve ameliyattan yorgun oldu\u011fum i\u00e7in \u00e7ok iyi uyudum.     <\/p>\n\n\n\n<p>Ertesi g\u00fcn a\u011fr\u0131 ge\u00e7mi\u015fti ve her \u015feyi net bir \u015fekilde g\u00f6rebiliyordum \u2013 ne b\u00fcy\u00fck bir mutluluk!<\/p>\n\n\n\n<p>Ertesi g\u00fcn \u0130svi\u00e7re&#8217;ye geri u\u00e7tum. Burim beni sabah erken saatlerde otelden ald\u0131 ve havaalan\u0131na g\u00f6t\u00fcrd\u00fc. U\u00e7u\u015f \u00e7ok iyi ge\u00e7ti; her saat ba\u015f\u0131 dozumu ald\u0131m ve hi\u00e7bir sorun ya\u015famad\u0131m.  <\/p>\n\n\n\n<p>Ne yaz\u0131k ki, sonraki g\u00fcnler pek de ho\u015f ge\u00e7medi; i\u015fe geri d\u00f6nmek zorunda kald\u0131m ve bilgisayarda \u00e7al\u0131\u015fmak g\u00f6zlerimi \u00e7ok yordu, ayr\u0131ca ak\u015famlar\u0131 hep a\u011fr\u0131m oluyordu.<\/p>\n\n\n\n<p>Z\u00fcrih&#8217;teki kontrol randevusu \u00e7ok iyi ge\u00e7ti ve ameliyattan bu yana neredeyse 4 hafta ge\u00e7ti ve her ge\u00e7en g\u00fcn kendimi daha iyi hissediyorum!<\/p>\n\n\n\n<p>Ameliyat\u0131m\u0131 kesinlikle tekrar T\u00fcrkiye&#8217;de yapt\u0131rmay\u0131 tercih ederdim; \u0130svi\u00e7re&#8217;deki ameliyat \u00f6ncesi g\u00f6r\u00fc\u015fmede ya\u015fad\u0131\u011f\u0131m deneyime k\u0131yasla burada ald\u0131\u011f\u0131m hizmet \u00e7ok daha iyiydi. \u0130svi\u00e7re&#8217;de her \u015fey bir t\u00fcr toplu i\u015flem gibiydi ve sorular\u0131m g\u00f6rmezden gelindi. \u00d6te yandan Swisslasik ve \u0130stanbul&#8217;daki ekip, i\u015flerini acele etmeden, \u00f6zenle yapt\u0131lar! <\/p>\n\n\n\n<p>Cerrah da son derece profesyonel bir izlenim b\u0131rakt\u0131!<\/p>\n\n\n\n<p>\u015eikayet edebilece\u011fim hi\u00e7bir \u015fey bulam\u0131yorum, ger\u00e7ekten m\u00fckemmel bir hizmetti.<\/p>\n\n\n\n<p>T\u00fcrkiye&#8217;de ameliyat olmaktan hala korkanlar i\u00e7in, neden bu kadar \u015f\u00fcphecisiniz? \u0130stanbul, \u0130svi\u00e7re&#8217;nin tamam\u0131ndan daha b\u00fcy\u00fck bir \u015fehir, neden yetkin olmas\u0131nlar ki? <\/p>\n\n\n\n<p>Swisslasik ekibine ve \u0130stanbul&#8217;daki ekibe tekrar en i\u00e7ten te\u015fekk\u00fcrlerimi sunmak istiyorum, harika i\u015f \u00e7\u0131kard\u0131n\u0131z!! J <\/p>\n\n\n\n<div class=\"wp-block-group is-layout-grid wp-container-core-group-is-layout-baef362d wp-block-group-is-layout-grid\">\n<p><a href=\"https:\/\/medicaltravel.at\/home\/agb\/\" data-type=\"page\" data-id=\"2191\" rel=\"nofollow noopener\" target=\"_blank\"><\/a><a href=\"https:\/\/swisslasik.ch\/tr\/hasta-deneyimleri-goez-ameliyati-tuerkiye-istanbul\/aralik-ayindaki-lasik-ameliyatim-29-ocak-2009-persembe-tarihli-rapor\/\" data-type=\"link\" data-id=\"https:\/\/swisslasik.ch\/tr\/hasta-deneyimleri-goez-ameliyati-tuerkiye-istanbul\/aralik-ayindaki-lasik-ameliyatim-29-ocak-2009-persembe-tarihli-rapor\/\">\u00d6nceki rapor<\/a><\/p>\n\n\n\n<p class=\"has-text-align-right wp-container-content-5e2576f9\"><\/p>\n<\/div>\n","protected":false},"excerpt":{"rendered":"<p>\u0130stanbul G\u00f6z Lazer Klini\u011fi: Kullan\u0131c\u0131 Raporu \u2013 7 Ocak 2009 \u00c7ar\u015famba Tarihli Rapor Lazer g\u00f6z ameliyat\u0131n\u0131 epey zamand\u0131r d\u00fc\u015f\u00fcn\u00fcyorum. \u00c7ok fazla spor yapt\u0131\u011f\u0131m ve s\u00fcrekli hareket halinde oldu\u011fum i\u00e7in g\u00f6zl\u00fck takmak benim i\u00e7in her zaman biraz rahats\u0131z edici olmu\u015ftur. Swisslasik&#8217;i arkada\u015flar\u0131mdan duydum. Onlar da bir y\u0131l \u00f6nce g\u00f6zlerine lazer epilasyon yapt\u0131rm\u0131\u015flard\u0131. Konuyu ara\u015ft\u0131rmak i\u00e7in epey zaman harcad\u0131m. Swisslasik web sitesinin baz\u0131 b\u00f6l\u00fcmlerini inceledikten sonra, \u00f6n g\u00f6r\u00fc\u015fme i\u00e7in Binningen&#8217;deki bir klini\u011fe gittim. Ba\u015fta ameliyat\u0131 yurt d\u0131\u015f\u0131nda yapt\u0131rmak isteyip istemedi\u011fimden biraz emin de\u011fildim, ancak Swisslasik&#8217;in hizmeti beni tamamen ikna etti. Swisslasik ile birka\u00e7 kez e-posta yoluyla ileti\u015fim kurdum ve t\u00fcm sorular\u0131m \u00e7ok h\u0131zl\u0131 ve eksiksiz bir \u015fekilde yan\u0131tland\u0131; her \u015fey ger\u00e7ekten m\u00fckemmeldi. Tarihi kendim se\u00e7ebildim ve zaman k\u0131s\u0131tl\u0131 oldu\u011fu i\u00e7in her \u015feyin h\u0131zl\u0131 bir \u015fekilde ger\u00e7ekle\u015fmesi gerekiyordu. Swisslasik m\u00fckemmel bir hizmet sundu; Swisslasik ge\u00e7i\u015f kart\u0131m\u0131 ekspres kargo ile zaman\u0131nda ald\u0131m ve birka\u00e7 g\u00fcn sonra \u0130stanbul&#8217;a u\u00e7abildim. Her \u015fey m\u00fckemmel bir \u015fekilde organize edilmi\u015fti; havaalan\u0131ndan al\u0131nd\u0131m, otele g\u00f6t\u00fcr\u00fcld\u00fcm ve her \u015fey bana A&#8217;dan Z&#8217;ye, hatta Almanca olarak bile, \u00e7ok detayl\u0131 bir \u015fekilde anlat\u0131ld\u0131! Ertesi g\u00fcn klini\u011fe gittim. \u00d6n muayene sabah yap\u0131ld\u0131. T\u00fcm ekip inan\u0131lmaz derecede g\u00fcler y\u00fczl\u00fcyd\u00fc, klinik \u00e7ok temizdi ve bana i\u015flemi ayr\u0131nt\u0131l\u0131 olarak a\u00e7\u0131klad\u0131lar! Hizmet ger\u00e7ekten m\u00fckemmeldi; bana i\u00e7ecek ikram edildi, m\u00fckemmel bir bak\u0131m ald\u0131m ve herhangi bir sorum oldu\u011funda ekip her zaman ula\u015f\u0131labilir durumdayd\u0131. Bence en g\u00fczel yan\u0131, \u00f6nceki g\u00fcnk\u00fc hastalarla tekrar kar\u015f\u0131la\u015fabilmemizdi; d\u00fc\u015f\u00fcncelerimizi ve sorular\u0131m\u0131z\u0131 payla\u015fabildik, bu ger\u00e7ekten harika ve \u00e7ok faydal\u0131yd\u0131! Hafif bir \u00f6\u011fle yeme\u011finden sonra, ameliyat i\u00e7in \u00f6\u011fleden sonra klini\u011fe geri d\u00f6nd\u00fck. Elbette hepimiz \u00e7ok gergindik ve bitti\u011finde rahatlad\u0131k. Ancak ekip bizi rahatlat\u0131p bize \u00e7ok iyi bakt\u0131\u011f\u0131 i\u00e7in korkumuz h\u0131zla kayboldu! Mutlaka belirtmem gereken \u015fey, ameliyattan \u00f6nce masaj koltu\u011funda oturman\u0131zd\u0131. Ameliyat \u00f6ncesinde bir s\u00fcre beklemeniz gerekse de, masaj koltu\u011funda oturman\u0131za izin veriliyor. Bu harika bir \u015feydi. S\u0131rt\u0131m\u0131n tamam\u0131na masaj yapt\u0131 ve beni tamamen rahatlatt\u0131; birka\u00e7 g\u00fcnd\u00fcr s\u0131rt\u0131m a\u011fr\u0131yordu ve sonras\u0131nda bu durum ortadan kalkt\u0131. Ve i\u015flem s\u0131ras\u0131nda tamamen rahatt\u0131m. Ameliyat \u00e7ok k\u0131sa s\u00fcrd\u00fc. Sonras\u0131nda uzanabildim. A\u011fr\u0131dan \u015fikayet etti\u011fimde herkes inan\u0131lmaz derecede nazikti; \u00fc\u015f\u00fcmemem i\u00e7in battaniye ve a\u011fr\u0131 kesici getirdiler. Bir s\u00fcre sonra kendimi daha iyi hissettim. Ba\u015fka bir hastayla birlikte otele d\u00f6nd\u00fck ve uyuduk. \u0130la\u00e7lardan ve ameliyattan yorgun oldu\u011fum i\u00e7in \u00e7ok iyi uyudum. Ertesi g\u00fcn a\u011fr\u0131 ge\u00e7mi\u015fti ve her \u015feyi net bir \u015fekilde g\u00f6rebiliyordum \u2013 ne b\u00fcy\u00fck bir mutluluk! Ertesi g\u00fcn \u0130svi\u00e7re&#8217;ye geri u\u00e7tum. Burim beni sabah erken saatlerde otelden ald\u0131 ve havaalan\u0131na g\u00f6t\u00fcrd\u00fc. U\u00e7u\u015f \u00e7ok iyi ge\u00e7ti; her saat ba\u015f\u0131 dozumu ald\u0131m ve hi\u00e7bir sorun ya\u015famad\u0131m. Ne yaz\u0131k ki, sonraki g\u00fcnler pek de ho\u015f ge\u00e7medi; i\u015fe geri d\u00f6nmek zorunda kald\u0131m ve bilgisayarda \u00e7al\u0131\u015fmak g\u00f6zlerimi \u00e7ok yordu, ayr\u0131ca ak\u015famlar\u0131 hep a\u011fr\u0131m oluyordu. Z\u00fcrih&#8217;teki kontrol randevusu \u00e7ok iyi ge\u00e7ti ve ameliyattan bu yana neredeyse 4 hafta ge\u00e7ti ve her ge\u00e7en g\u00fcn kendimi daha iyi hissediyorum! Ameliyat\u0131m\u0131 kesinlikle tekrar T\u00fcrkiye&#8217;de yapt\u0131rmay\u0131 tercih ederdim; \u0130svi\u00e7re&#8217;deki ameliyat \u00f6ncesi g\u00f6r\u00fc\u015fmede ya\u015fad\u0131\u011f\u0131m deneyime k\u0131yasla burada ald\u0131\u011f\u0131m hizmet \u00e7ok daha iyiydi. \u0130svi\u00e7re&#8217;de her \u015fey bir t\u00fcr toplu i\u015flem gibiydi ve sorular\u0131m g\u00f6rmezden gelindi. \u00d6te yandan Swisslasik ve \u0130stanbul&#8217;daki ekip, i\u015flerini acele etmeden, \u00f6zenle yapt\u0131lar! Cerrah da son derece profesyonel bir izlenim b\u0131rakt\u0131! \u015eikayet edebilece\u011fim hi\u00e7bir \u015fey bulam\u0131yorum, ger\u00e7ekten m\u00fckemmel bir hizmetti. T\u00fcrkiye&#8217;de ameliyat olmaktan hala korkanlar i\u00e7in, neden bu kadar \u015f\u00fcphecisiniz? \u0130stanbul, \u0130svi\u00e7re&#8217;nin tamam\u0131ndan daha b\u00fcy\u00fck bir \u015fehir, neden yetkin olmas\u0131nlar ki? Swisslasik ekibine ve \u0130stanbul&#8217;daki ekibe tekrar en i\u00e7ten te\u015fekk\u00fcrlerimi sunmak istiyorum, harika i\u015f \u00e7\u0131kard\u0131n\u0131z!! J \u00d6nceki rapor<\/p>\n","protected":false},"author":4,"featured_media":0,"parent":3973,"menu_order":0,"comment_status":"closed","ping_status":"closed","template":"","meta":{"_joinchat":[],"footnotes":""},"class_list":["post-3977","page","type-page","status-publish","hentry"],"acf":[],"_links":{"self":[{"href":"https:\/\/swisslasik.ch\/tr\/wp-json\/wp\/v2\/pages\/3977","targetHints":{"allow":["GET"]}}],"collection":[{"href":"https:\/\/swisslasik.ch\/tr\/wp-json\/wp\/v2\/pages"}],"about":[{"href":"https:\/\/swisslasik.ch\/tr\/wp-json\/wp\/v2\/types\/page"}],"author":[{"embeddable":true,"href":"https:\/\/swisslasik.ch\/tr\/wp-json\/wp\/v2\/users\/4"}],"replies":[{"embeddable":true,"href":"https:\/\/swisslasik.ch\/tr\/wp-json\/wp\/v2\/comments?post=3977"}],"version-history":[{"count":2,"href":"https:\/\/swisslasik.ch\/tr\/wp-json\/wp\/v2\/pages\/3977\/revisions"}],"predecessor-version":[{"id":4828,"href":"https:\/\/swisslasik.ch\/tr\/wp-json\/wp\/v2\/pages\/3977\/revisions\/4828"}],"up":[{"embeddable":true,"href":"https:\/\/swisslasik.ch\/tr\/wp-json\/wp\/v2\/pages\/3973"}],"wp:attachment":[{"href":"https:\/\/swisslasik.ch\/tr\/wp-json\/wp\/v2\/media?parent=3977"}],"curies":[{"name":"wp","href":"https:\/\/api.w.org\/{rel}","templated":true}]}}