{"id":3979,"date":"2025-09-24T14:33:20","date_gmt":"2025-09-24T13:33:20","guid":{"rendered":"https:\/\/swisslasik.ch\/hasta-deneyimleri-goez-ameliyati-tuerkiye-istanbul\/istanbulda-lazer-goez-ameliyati-bir-hayal-gercek-oldu-11-agustos-2010-carsamba-haberi\/"},"modified":"2026-01-14T19:29:10","modified_gmt":"2026-01-14T18:29:10","slug":"istanbulda-lazer-goez-ameliyati-bir-hayal-gercek-oldu-11-agustos-2010-carsamba-haberi","status":"publish","type":"page","link":"https:\/\/swisslasik.ch\/tr\/hasta-deneyimleri-goez-ameliyati-tuerkiye-istanbul\/istanbulda-lazer-goez-ameliyati-bir-hayal-gercek-oldu-11-agustos-2010-carsamba-haberi\/","title":{"rendered":"\u0130stanbul&#8217;da Lazer G\u00f6z Ameliyat\u0131 \u2013 Bir Hayal Ger\u00e7ek Oldu \u2013 11 A\u011fustos 2010 \u00c7ar\u015famba Haberi"},"content":{"rendered":"\n<h3 class=\"wp-block-heading\">\u0130stanbul&#8217;da Lazer G\u00f6z Ameliyat\u0131 \u2013 Bir Hayal Ger\u00e7ek Oldu \u2013 11 A\u011fustos 2010 \u00c7ar\u015famba Haberi<\/h3>\n\n\n\n<p>Uzun zamand\u0131r en b\u00fcy\u00fck dile\u011fim g\u00f6zl\u00fck veya kontakt lenssiz bir hayat ya\u015famakt\u0131. G\u00f6zl\u00fckler hayat\u0131m boyunca s\u00fcrekli bir arkada\u015f\u0131m oldu; ilk g\u00f6zl\u00fc\u011f\u00fcm\u00fc iki bu\u00e7uk ya\u015f\u0131nda ald\u0131m ve \u015fimdi mutlulukla s\u00f6yleyebilirim ki sonuncusunu yirmi iki ya\u015f\u0131nda ald\u0131m. Arkada\u015flar\u0131m\u0131n ve tan\u0131d\u0131klar\u0131m\u0131n lazer g\u00f6z ameliyat\u0131 hakk\u0131nda \u00f6vg\u00fcler ya\u011fd\u0131rd\u0131\u011f\u0131n\u0131 duymu\u015ftum. \u0130svi\u00e7re&#8217;deki lazer g\u00f6z ameliyatlar\u0131n\u0131 birka\u00e7 kez ara\u015ft\u0131rd\u0131m ve her zaman bunun hayalini kurdum. Ama fiyatlar her zaman hevesimi k\u0131rd\u0131. \u00d6\u011frenciyim, kendi dairemde ya\u015f\u0131yorum ve arabam var \u2013 geriye pek bir \u015fey kalm\u0131yor, hele ki g\u00f6z ameliyat\u0131 i\u00e7in 9.000 \u0130svi\u00e7re frang\u0131 hi\u00e7 kalm\u0131yor. Hayallerimden neredeyse vazge\u00e7mi\u015ftim ki bir g\u00fcn yeni bir i\u015f arkada\u015f\u0131mla konu\u015fmaya ba\u015flad\u0131m. Kaderin bir cilvesiyle lazer g\u00f6z ameliyat\u0131 konusuna geldik ve g\u00f6zlerimi devirerek asla kar\u015f\u0131layamayaca\u011f\u0131m\u0131 ima ettim. Sonra bana, T\u00fcrkiye&#8217;de g\u00f6zlerini lazerle ald\u0131rd\u0131\u011f\u0131n\u0131 ve bunun fiyat\u0131n\u0131n (u\u00e7ak bileti ve \u0130stanbul&#8217;un kalbinde d\u00f6rt y\u0131ld\u0131zl\u0131 bir otelde d\u00f6rt gece konaklama dahil) \u0130svi\u00e7re&#8217;de tek bir g\u00f6z i\u00e7in \u00f6deyece\u011finiz fiyata denk geldi\u011fini s\u00f6yledi. Bu ilgimi \u00e7ekti. \u00d6\u011fle yeme\u011fi molamda internette gezinirken Swisslasik web sitesine rastlad\u0131m. Hemen bilgi sipari\u015f ettim. Her \u015feyi \u00f6\u011frenmek i\u00e7in sab\u0131rs\u0131zlan\u0131yordum \u00e7\u00fcnk\u00fc web sitesinde okuduklar\u0131m bile beni etkilemi\u015fti. Bilgiler elime ula\u015ft\u0131ktan ve iyice inceledikten sonra, ameliyat neredeyse kesinle\u015fmi\u015fti. Aileme ve arkada\u015flar\u0131ma bu umut vadeden teklifi anlatt\u0131m ve k\u0131sa s\u00fcrede \u0130stanbul&#8217;da g\u00f6zlerini lazerle ald\u0131rmak isteyen ba\u015fka birini daha buldum. Bundan sonra her \u015fey \u00e7ok h\u0131zl\u0131 geli\u015fti. Swisslasik&#8217;e tekliflerine olan ilgimi belirten bir e-posta g\u00f6nderdim ve k\u0131sa s\u00fcre sonra g\u00f6n\u00fcll\u00fc \u00f6n muayeneye girdim ve LASIK i\u00e7in uygun bir aday oldu\u011fuma dair onay ald\u0131m. Bir an bile teredd\u00fct etmedim ve paketi rezerve ettim. Swisslasik ba\u015ftan sona her \u015feyi organize etti. Hatta ilk muayene i\u00e7in ajansla \u00e7al\u0131\u015fan bir g\u00f6z doktoru bile \u00f6nerdiler. Bu doktor ayn\u0131 zamanda takip muayenelerinden de sorumlu olacakt\u0131. Ayr\u0131l\u0131\u015f g\u00fcn\u00fc inan\u0131lmaz derecede gergindim. Ne bekleyece\u011fimi bilmiyordum, ama \u00f6te yandan, g\u00f6zl\u00fcks\u00fcz bir \u015fekilde hayat\u0131ma ba\u015flamak konusunda da inan\u0131lmaz heyecanl\u0131yd\u0131m. Swisslasik taraf\u0131ndan rezervasyonu yap\u0131lan u\u00e7u\u015f sorunsuz ge\u00e7ti. S\u00f6z verildi\u011fi gibi zaman\u0131nda havaalan\u0131ndan al\u0131nd\u0131k ve otelimize g\u00f6t\u00fcr\u00fcld\u00fck. Her \u015fey organize edilmi\u015fti; Swisslasik sayesinde hi\u00e7bir \u015fey i\u00e7in endi\u015felenmemize gerek kalmad\u0131. \u0130lk muayene ve ameliyat g\u00fcn\u00fc, otelimizden al\u0131nd\u0131k. Klinik sadece be\u015f dakikal\u0131k y\u00fcr\u00fcme mesafesindeydi, bu da \u00e7ok uygun geldi. Var\u0131\u015fta \u00e7ok s\u0131cak bir kar\u015f\u0131lama ald\u0131k ve bekleme salonu hemen kendimizi rahat hissetmemizi sa\u011flad\u0131.                            M\u00fczik ve rahat bir ortam sunan dekorasyon sayesinde kendimi bir klinikten \u00e7ok bir barda gibi hissettim, bu da beni \u00e7ok sakinle\u015ftirdi \ud83d\ude42 ; Her \u015fey \u00e7ok temizdi ve hijyenin bu klinikte \u00e7ok \u00f6nemli bir rol oynad\u0131\u011f\u0131 hemen anla\u015f\u0131ld\u0131. \u00d6n muayeneler iyi ge\u00e7ti ve neredeyse hi\u00e7 beklemedik. Rapor iyiydi ve ameliyat \u00f6\u011fleden sonraya planland\u0131. Ger\u00e7ekten de ameliyat zaman\u0131 geldi\u011finde ve \u00f6\u011fleden sonra tekrar klini\u011fe girdi\u011fimizde biraz mide bulant\u0131s\u0131 hissettim. Ama sonra bize sakinle\u015ftirici verildi ve ondan sonra her \u015fey yolunda gitti. &#8220;Yolunda gitti&#8221; kelimesini a\u00e7\u0131klamak gerekirse, en b\u00fcy\u00fck endi\u015femiz y\u00fcz\u00fcm\u00fcze yap\u0131\u015ft\u0131r\u0131lan g\u00f6z band\u0131n\u0131n ka\u015flar\u0131m\u0131z\u0131 \u00e7ekmesiydi &#8211; bu a\u00e7\u0131dan ger\u00e7ekten hi\u00e7bir sorun ya\u015famad\u0131k. Ameliyat \u00e7ok h\u0131zl\u0131 ve komplikasyonsuz ge\u00e7ti. Ameliyat masas\u0131na yatar yatmaz, iyile\u015fmek i\u00e7in hemen d\u0131\u015far\u0131daki bir koltu\u011fa geri d\u00f6nd\u00fcn\u00fcz. Cerrah \u0130ngilizce konu\u015fuyordu ve \u00e7o\u011funu anlad\u0131m, ancak her zaman her detay\u0131 Almancaya \u00e7eviren biri vard\u0131, bu y\u00fczden kesinlikle hi\u00e7bir ileti\u015fim sorunu ya\u015famad\u0131k. Ameliyattan k\u0131sa bir s\u00fcre sonra, \u00e7e\u015fitli g\u00f6z damlalar\u0131yla donanm\u0131\u015f olarak klinikten ayr\u0131l\u0131p otele d\u00f6nebildik. Gece, daha do\u011frusu benim ya\u015fad\u0131\u011f\u0131m kadar\u0131yla, meslekta\u015f\u0131m kadar ho\u015f de\u011fildi; g\u00f6zlerimde k\u00f6t\u00fc bir yanma hissi vard\u0131. Ancak uyku haplar\u0131 ve a\u011fr\u0131 kesiciler sayesinde \u00e7ok \u00e7abuk uyuyabildim ve sabah uyand\u0131\u011f\u0131mda kendimi bamba\u015fka biri gibi hissettim. Sonra kontrol randevusu zaman\u0131 geldi ve cerrah iyi haberler verdi. Miyoplu\u011fum (bu arada, yak\u0131n veya uzak mesafelerde iyi g\u00f6remiyordum ve astigmat\u0131m vard\u0131) en az 0,25&#8217;e d\u00fc\u015fm\u00fc\u015ft\u00fc. \u00c7ok sevindim. \u015eimdi neredeyse bir ayd\u0131r geri d\u00f6nd\u00fcm ve g\u00f6zl\u00fcks\u00fcz hayat\u0131n tad\u0131n\u0131 \u00e7\u0131kar\u0131yorum. Yak\u0131n g\u00f6r\u00fc\u015f\u00fcm zaten \u00e7ok iyi, ancak uzak g\u00f6r\u00fc\u015f\u00fcm hala biraz dalgalan\u0131yor. Ancak kontrol randevusunda g\u00f6rd\u00fc\u011f\u00fcm g\u00f6z doktoru bunun d\u00fczelece\u011fini s\u00f6yledi. Sonu\u00e7 olarak, \u00e7evremdeki insanlar\u0131n &#8220;Aman Tanr\u0131m, deli misin?&#8221; veya &#8220;Bunu yapabilirler mi?&#8221; gibi yorumlar\u0131na ra\u011fmen, T\u00fcrkiye&#8217;de g\u00f6zlerimi lazerle ald\u0131rmak konusunda hi\u00e7bir zaman teredd\u00fct ya\u015famad\u0131\u011f\u0131m\u0131 s\u00f6ylemek istiyorum. Hay\u0131r, deli de\u011filim ve evet, yapabiliyorlar, \u00e7\u00fcnk\u00fc \u00f6ncelikle \u00f6nceden \u00e7ok ara\u015ft\u0131rma yapt\u0131m ve \u0130stanbul&#8217;un g\u00f6z cerrahisi i\u00e7in \u00f6nemli bir merkez oldu\u011funu \u00f6\u011frendim ve ikincisi, bunu bizzat deneyimledi\u011fim i\u00e7in bunun canl\u0131 kan\u0131t\u0131y\u0131m. Sonu\u00e7 olarak: &#8220;Buna de\u011fdi, bir daha olsa yine yapard\u0131m ve herkese tavsiye ederim.&#8221; Kloten, 11 A\u011fustos 2010, Danielle Eidenbenz                     <\/p>\n\n\n\n<div class=\"wp-block-group is-layout-grid wp-container-core-group-is-layout-baef362d wp-block-group-is-layout-grid\">\n<p><a href=\"https:\/\/medicaltravel.at\/home\/agb\/\" data-type=\"page\" data-id=\"2191\" rel=\"nofollow noopener\" target=\"_blank\"><\/a><a href=\"https:\/\/swisslasik.ch\/tr\/hasta-deneyimleri-goez-ameliyati-tuerkiye-istanbul\/istanbulda-lasik-deneyimi-raporu-11-agustos-2010-carsamba-tarihli-rapor\/\" data-type=\"link\" data-id=\"https:\/\/swisslasik.ch\/tr\/hasta-deneyimleri-goez-ameliyati-tuerkiye-istanbul\/istanbulda-lasik-deneyimi-raporu-11-agustos-2010-carsamba-tarihli-rapor\/\">\u00d6nceki rapor<\/a><\/p>\n\n\n\n<p class=\"has-text-align-right wp-container-content-5e2576f9\"><a href=\"https:\/\/medicaltravel.at\/home\/impressum\/\" data-type=\"page\" data-id=\"2193\" rel=\"nofollow noopener\" target=\"_blank\"><\/a><a href=\"https:\/\/medicaltravel.at\/home\/berichte-von-patienten\/erfahrungsberichte\/erfahrungsbericht-zahnbehandlung-in-istanbul\/\" data-type=\"page\" data-id=\"981\" rel=\"nofollow noopener\" target=\"_blank\"><\/a><a href=\"https:\/\/swisslasik.ch\/tr\/hasta-deneyimleri-goez-ameliyati-tuerkiye-istanbul\/artik-kartal-gibi-keskin-bir-goeruese-sahibim-ve-cok-mutlu-ve-minnettarim-1-agustos-2010-pazar-tarihli-rapor\/\" data-type=\"link\" data-id=\"https:\/\/swisslasik.ch\/tr\/hasta-deneyimleri-goez-ameliyati-tuerkiye-istanbul\/artik-kartal-gibi-keskin-bir-goeruese-sahibim-ve-cok-mutlu-ve-minnettarim-1-agustos-2010-pazar-tarihli-rapor\/\">Sonraki rapor<\/a><\/p>\n<\/div>\n","protected":false},"excerpt":{"rendered":"<p>\u0130stanbul&#8217;da Lazer G\u00f6z Ameliyat\u0131 \u2013 Bir Hayal Ger\u00e7ek Oldu \u2013 11 A\u011fustos 2010 \u00c7ar\u015famba Haberi Uzun zamand\u0131r en b\u00fcy\u00fck dile\u011fim g\u00f6zl\u00fck veya kontakt lenssiz bir hayat ya\u015famakt\u0131. G\u00f6zl\u00fckler hayat\u0131m boyunca s\u00fcrekli bir arkada\u015f\u0131m oldu; ilk g\u00f6zl\u00fc\u011f\u00fcm\u00fc iki bu\u00e7uk ya\u015f\u0131nda ald\u0131m ve \u015fimdi mutlulukla s\u00f6yleyebilirim ki sonuncusunu yirmi iki ya\u015f\u0131nda ald\u0131m. Arkada\u015flar\u0131m\u0131n ve tan\u0131d\u0131klar\u0131m\u0131n lazer g\u00f6z ameliyat\u0131 hakk\u0131nda \u00f6vg\u00fcler ya\u011fd\u0131rd\u0131\u011f\u0131n\u0131 duymu\u015ftum. \u0130svi\u00e7re&#8217;deki lazer g\u00f6z ameliyatlar\u0131n\u0131 birka\u00e7 kez ara\u015ft\u0131rd\u0131m ve her zaman bunun hayalini kurdum. Ama fiyatlar her zaman hevesimi k\u0131rd\u0131. \u00d6\u011frenciyim, kendi dairemde ya\u015f\u0131yorum ve arabam var \u2013 geriye pek bir \u015fey kalm\u0131yor, hele ki g\u00f6z ameliyat\u0131 i\u00e7in 9.000 \u0130svi\u00e7re frang\u0131 hi\u00e7 kalm\u0131yor. Hayallerimden neredeyse vazge\u00e7mi\u015ftim ki bir g\u00fcn yeni bir i\u015f arkada\u015f\u0131mla konu\u015fmaya ba\u015flad\u0131m. Kaderin bir cilvesiyle lazer g\u00f6z ameliyat\u0131 konusuna geldik ve g\u00f6zlerimi devirerek asla kar\u015f\u0131layamayaca\u011f\u0131m\u0131 ima ettim. Sonra bana, T\u00fcrkiye&#8217;de g\u00f6zlerini lazerle ald\u0131rd\u0131\u011f\u0131n\u0131 ve bunun fiyat\u0131n\u0131n (u\u00e7ak bileti ve \u0130stanbul&#8217;un kalbinde d\u00f6rt y\u0131ld\u0131zl\u0131 bir otelde d\u00f6rt gece konaklama dahil) \u0130svi\u00e7re&#8217;de tek bir g\u00f6z i\u00e7in \u00f6deyece\u011finiz fiyata denk geldi\u011fini s\u00f6yledi. Bu ilgimi \u00e7ekti. \u00d6\u011fle yeme\u011fi molamda internette gezinirken Swisslasik web sitesine rastlad\u0131m. Hemen bilgi sipari\u015f ettim. Her \u015feyi \u00f6\u011frenmek i\u00e7in sab\u0131rs\u0131zlan\u0131yordum \u00e7\u00fcnk\u00fc web sitesinde okuduklar\u0131m bile beni etkilemi\u015fti. Bilgiler elime ula\u015ft\u0131ktan ve iyice inceledikten sonra, ameliyat neredeyse kesinle\u015fmi\u015fti. Aileme ve arkada\u015flar\u0131ma bu umut vadeden teklifi anlatt\u0131m ve k\u0131sa s\u00fcrede \u0130stanbul&#8217;da g\u00f6zlerini lazerle ald\u0131rmak isteyen ba\u015fka birini daha buldum. Bundan sonra her \u015fey \u00e7ok h\u0131zl\u0131 geli\u015fti. Swisslasik&#8217;e tekliflerine olan ilgimi belirten bir e-posta g\u00f6nderdim ve k\u0131sa s\u00fcre sonra g\u00f6n\u00fcll\u00fc \u00f6n muayeneye girdim ve LASIK i\u00e7in uygun bir aday oldu\u011fuma dair onay ald\u0131m. Bir an bile teredd\u00fct etmedim ve paketi rezerve ettim. Swisslasik ba\u015ftan sona her \u015feyi organize etti. Hatta ilk muayene i\u00e7in ajansla \u00e7al\u0131\u015fan bir g\u00f6z doktoru bile \u00f6nerdiler. Bu doktor ayn\u0131 zamanda takip muayenelerinden de sorumlu olacakt\u0131. Ayr\u0131l\u0131\u015f g\u00fcn\u00fc inan\u0131lmaz derecede gergindim. Ne bekleyece\u011fimi bilmiyordum, ama \u00f6te yandan, g\u00f6zl\u00fcks\u00fcz bir \u015fekilde hayat\u0131ma ba\u015flamak konusunda da inan\u0131lmaz heyecanl\u0131yd\u0131m. Swisslasik taraf\u0131ndan rezervasyonu yap\u0131lan u\u00e7u\u015f sorunsuz ge\u00e7ti. S\u00f6z verildi\u011fi gibi zaman\u0131nda havaalan\u0131ndan al\u0131nd\u0131k ve otelimize g\u00f6t\u00fcr\u00fcld\u00fck. Her \u015fey organize edilmi\u015fti; Swisslasik sayesinde hi\u00e7bir \u015fey i\u00e7in endi\u015felenmemize gerek kalmad\u0131. \u0130lk muayene ve ameliyat g\u00fcn\u00fc, otelimizden al\u0131nd\u0131k. Klinik sadece be\u015f dakikal\u0131k y\u00fcr\u00fcme mesafesindeydi, bu da \u00e7ok uygun geldi. Var\u0131\u015fta \u00e7ok s\u0131cak bir kar\u015f\u0131lama ald\u0131k ve bekleme salonu hemen kendimizi rahat hissetmemizi sa\u011flad\u0131. M\u00fczik ve rahat bir ortam sunan dekorasyon sayesinde kendimi bir klinikten \u00e7ok bir barda gibi hissettim, bu da beni \u00e7ok sakinle\u015ftirdi \ud83d\ude42 ; Her \u015fey \u00e7ok temizdi ve hijyenin bu klinikte \u00e7ok \u00f6nemli bir rol oynad\u0131\u011f\u0131 hemen anla\u015f\u0131ld\u0131. \u00d6n muayeneler iyi ge\u00e7ti ve neredeyse hi\u00e7 beklemedik. Rapor iyiydi ve ameliyat \u00f6\u011fleden sonraya planland\u0131. Ger\u00e7ekten de ameliyat zaman\u0131 geldi\u011finde ve \u00f6\u011fleden sonra tekrar klini\u011fe girdi\u011fimizde biraz mide bulant\u0131s\u0131 hissettim. Ama sonra bize sakinle\u015ftirici verildi ve ondan sonra her \u015fey yolunda gitti. &#8220;Yolunda gitti&#8221; kelimesini a\u00e7\u0131klamak gerekirse, en b\u00fcy\u00fck endi\u015femiz y\u00fcz\u00fcm\u00fcze yap\u0131\u015ft\u0131r\u0131lan g\u00f6z band\u0131n\u0131n ka\u015flar\u0131m\u0131z\u0131 \u00e7ekmesiydi &#8211; bu a\u00e7\u0131dan ger\u00e7ekten hi\u00e7bir sorun ya\u015famad\u0131k. Ameliyat \u00e7ok h\u0131zl\u0131 ve komplikasyonsuz ge\u00e7ti. Ameliyat masas\u0131na yatar yatmaz, iyile\u015fmek i\u00e7in hemen d\u0131\u015far\u0131daki bir koltu\u011fa geri d\u00f6nd\u00fcn\u00fcz. Cerrah \u0130ngilizce konu\u015fuyordu ve \u00e7o\u011funu anlad\u0131m, ancak her zaman her detay\u0131 Almancaya \u00e7eviren biri vard\u0131, bu y\u00fczden kesinlikle hi\u00e7bir ileti\u015fim sorunu ya\u015famad\u0131k. Ameliyattan k\u0131sa bir s\u00fcre sonra, \u00e7e\u015fitli g\u00f6z damlalar\u0131yla donanm\u0131\u015f olarak klinikten ayr\u0131l\u0131p otele d\u00f6nebildik. Gece, daha do\u011frusu benim ya\u015fad\u0131\u011f\u0131m kadar\u0131yla, meslekta\u015f\u0131m kadar ho\u015f de\u011fildi; g\u00f6zlerimde k\u00f6t\u00fc bir yanma hissi vard\u0131. Ancak uyku haplar\u0131 ve a\u011fr\u0131 kesiciler sayesinde \u00e7ok \u00e7abuk uyuyabildim ve sabah uyand\u0131\u011f\u0131mda kendimi bamba\u015fka biri gibi hissettim. Sonra kontrol randevusu zaman\u0131 geldi ve cerrah iyi haberler verdi. Miyoplu\u011fum (bu arada, yak\u0131n veya uzak mesafelerde iyi g\u00f6remiyordum ve astigmat\u0131m vard\u0131) en az 0,25&#8217;e d\u00fc\u015fm\u00fc\u015ft\u00fc. \u00c7ok sevindim. \u015eimdi neredeyse bir ayd\u0131r geri d\u00f6nd\u00fcm ve g\u00f6zl\u00fcks\u00fcz hayat\u0131n tad\u0131n\u0131 \u00e7\u0131kar\u0131yorum. Yak\u0131n g\u00f6r\u00fc\u015f\u00fcm zaten \u00e7ok iyi, ancak uzak g\u00f6r\u00fc\u015f\u00fcm hala biraz dalgalan\u0131yor. Ancak kontrol randevusunda g\u00f6rd\u00fc\u011f\u00fcm g\u00f6z doktoru bunun d\u00fczelece\u011fini s\u00f6yledi. Sonu\u00e7 olarak, \u00e7evremdeki insanlar\u0131n &#8220;Aman Tanr\u0131m, deli misin?&#8221; veya &#8220;Bunu yapabilirler mi?&#8221; gibi yorumlar\u0131na ra\u011fmen, T\u00fcrkiye&#8217;de g\u00f6zlerimi lazerle ald\u0131rmak konusunda hi\u00e7bir zaman teredd\u00fct ya\u015famad\u0131\u011f\u0131m\u0131 s\u00f6ylemek istiyorum. Hay\u0131r, deli de\u011filim ve evet, yapabiliyorlar, \u00e7\u00fcnk\u00fc \u00f6ncelikle \u00f6nceden \u00e7ok ara\u015ft\u0131rma yapt\u0131m ve \u0130stanbul&#8217;un g\u00f6z cerrahisi i\u00e7in \u00f6nemli bir merkez oldu\u011funu \u00f6\u011frendim ve ikincisi, bunu bizzat deneyimledi\u011fim i\u00e7in bunun canl\u0131 kan\u0131t\u0131y\u0131m. Sonu\u00e7 olarak: &#8220;Buna de\u011fdi, bir daha olsa yine yapard\u0131m ve herkese tavsiye ederim.&#8221; Kloten, 11 A\u011fustos 2010, Danielle Eidenbenz \u00d6nceki rapor Sonraki rapor<\/p>\n","protected":false},"author":4,"featured_media":0,"parent":3973,"menu_order":0,"comment_status":"closed","ping_status":"closed","template":"","meta":{"_joinchat":[],"footnotes":""},"class_list":["post-3979","page","type-page","status-publish","hentry"],"acf":[],"_links":{"self":[{"href":"https:\/\/swisslasik.ch\/tr\/wp-json\/wp\/v2\/pages\/3979","targetHints":{"allow":["GET"]}}],"collection":[{"href":"https:\/\/swisslasik.ch\/tr\/wp-json\/wp\/v2\/pages"}],"about":[{"href":"https:\/\/swisslasik.ch\/tr\/wp-json\/wp\/v2\/types\/page"}],"author":[{"embeddable":true,"href":"https:\/\/swisslasik.ch\/tr\/wp-json\/wp\/v2\/users\/4"}],"replies":[{"embeddable":true,"href":"https:\/\/swisslasik.ch\/tr\/wp-json\/wp\/v2\/comments?post=3979"}],"version-history":[{"count":2,"href":"https:\/\/swisslasik.ch\/tr\/wp-json\/wp\/v2\/pages\/3979\/revisions"}],"predecessor-version":[{"id":4809,"href":"https:\/\/swisslasik.ch\/tr\/wp-json\/wp\/v2\/pages\/3979\/revisions\/4809"}],"up":[{"embeddable":true,"href":"https:\/\/swisslasik.ch\/tr\/wp-json\/wp\/v2\/pages\/3973"}],"wp:attachment":[{"href":"https:\/\/swisslasik.ch\/tr\/wp-json\/wp\/v2\/media?parent=3979"}],"curies":[{"name":"wp","href":"https:\/\/api.w.org\/{rel}","templated":true}]}}