{"id":3983,"date":"2025-09-24T14:45:49","date_gmt":"2025-09-24T13:45:49","guid":{"rendered":"https:\/\/swisslasik.ch\/hasta-deneyimleri-goez-ameliyati-tuerkiye-istanbul\/goezlueksuez-bir-hayat-her-zaman-hayalim-olmustur-21-mayis-2009-persembe-tarihli-rapor\/"},"modified":"2026-01-14T19:48:11","modified_gmt":"2026-01-14T18:48:11","slug":"goezlueksuez-bir-hayat-her-zaman-hayalim-olmustur-21-mayis-2009-persembe-tarihli-rapor","status":"publish","type":"page","link":"https:\/\/swisslasik.ch\/tr\/hasta-deneyimleri-goez-ameliyati-tuerkiye-istanbul\/goezlueksuez-bir-hayat-her-zaman-hayalim-olmustur-21-mayis-2009-persembe-tarihli-rapor\/","title":{"rendered":"G\u00f6zl\u00fcks\u00fcz bir hayat her zaman hayalim olmu\u015ftur! 21 May\u0131s 2009 Per\u015fembe tarihli rapor"},"content":{"rendered":"\n<h3 class=\"wp-block-heading\"><g id=\"gid_0\"><g id=\"gid_1\">G\u00f6zl\u00fcks\u00fcz bir hayat her zaman hayalim olmu\u015ftur! <\/g><\/g>\u2013 21 May\u0131s 2009 Per\u015fembe tarihli rapor <\/h3>\n\n<p>G\u00f6zl\u00fcks\u00fcz bir hayat her zaman hayalim olmu\u015ftur!<\/p>\n\n<p>Yakla\u015f\u0131k alt\u0131 ay \u00f6nce, baz\u0131 akrabalar\u0131m T\u00fcrkiye&#8217;de tatildeydi. Orada \u00e7ok say\u0131da optik\u00e7i oldu\u011funu hemen fark ettiler. Daha fazla bilgi edinmek i\u00e7in ara\u015ft\u0131rd\u0131lar ve T\u00fcrkiye&#8217;nin optik sekt\u00f6r\u00fcnde \u00f6nemli bir oyuncu oldu\u011funu \u00f6\u011frendiler. Ba\u015flang\u0131\u00e7ta, yurt d\u0131\u015f\u0131nda g\u00f6z ameliyat\u0131 yapt\u0131rman\u0131n iyi bir fikir oldu\u011funa inanmakta zorland\u0131m. Bununla birlikte, internette lazer g\u00f6z ameliyat\u0131 hakk\u0131nda ara\u015ft\u0131rma yapt\u0131m ve k\u0131sa s\u00fcrede Swisslasik&#8217;e rastlad\u0131m. Web siteleri iyi bir izlenim b\u0131rakt\u0131. Forumda, hepsi i\u015flemden \u00e7ok memnun olan bir\u00e7ok hasta yorumu okudum. Bu y\u00fczden, Z\u00fcrih&#8217;te \u00f6n muayene i\u00e7in Swisslasik&#8217;e kay\u0131t oldum. G\u00f6z doktoru ameliyat\u0131n benim i\u00e7in iyi bir se\u00e7enek olaca\u011f\u0131n\u0131 s\u00f6yledi. Bu nedenle, \u0130stanbul&#8217;daki EYE-STAR klini\u011finde g\u00f6zlerimi lazerle tedavi ettirmeye karar verdim. Bay Karaagacli t\u00fcm seyahati m\u00fckemmel bir \u015fekilde organize etti. Her \u015fey sorunsuz ge\u00e7ti. Ameliyattan tam bir hafta \u00f6nce, t\u00fcm prosed\u00fcr\u00fc ayr\u0131nt\u0131lar\u0131yla anlatan Swisslasik pasaportumu ald\u0131m. 17 Nisan 2009&#8217;da \u0130stanbul yolculu\u011fum ba\u015flad\u0131. Sabah Swisslasik ile \u0130stanbul&#8217;a u\u00e7tum. \u015eof\u00f6r\u00fcm Fred \u00d6zatakan, havaalan\u0131nda \u00fczerinde &#8220;EYE-STAR&#8221; yazan b\u00fcy\u00fck bir tabelayla beni bekliyordu. \u00c7ok cana yak\u0131n ve hatta \u0130svi\u00e7re Almancas\u0131 bile konu\u015fuyor. Fred \u00f6nce beni \u015fiddetle tavsiye edebilece\u011fim Taksim G\u00f6nen Oteli&#8217;ne g\u00f6t\u00fcrd\u00fc ve giri\u015f i\u015flemlerimde yard\u0131mc\u0131 oldu. Daha sonra klini\u011fe y\u00fcr\u00fcd\u00fck. Be\u015f dakika i\u00e7inde oradayd\u0131k. Klinikte personel beni \u00e7ok s\u0131cak bir \u015fekilde kar\u015f\u0131lad\u0131. \u00d6n muayene yakla\u015f\u0131k bir saat s\u00fcrd\u00fc. Sorumlu doktor bana Z\u00fcrih&#8217;teki doktorun s\u00f6yledi\u011fiyle ayn\u0131 \u015feyi s\u00f6yledi: ameliyat benim i\u00e7in sorun olmayacakt\u0131. Ameliyattan \u00f6nce otelde k\u0131sa bir mola verip bir \u015feyler yiyebildim. Ancak nedense \u00e7ok gergin oldu\u011fum i\u00e7in a\u00e7 de\u011fildim. Klini\u011fe d\u00f6nd\u00fc\u011f\u00fcmde asistan\u0131m beni yakla\u015fan ameliyat i\u00e7in iyi bir \u015fekilde haz\u0131rlad\u0131. Bana sakinle\u015ftirici verdi. Haz\u0131rl\u0131k s\u0131ras\u0131nda masaj koltu\u011funda masaj yap\u0131ld\u0131. \u00d6nce g\u00f6zlerim dezenfekte edildi. Birka\u00e7 dakika sonra ba\u015flad\u0131! \u0130\u015flem s\u0131ras\u0131nda yapmam gereken tek \u015fey y\u00fcz\u00fcm\u00fcn \u00fczerindeki ye\u015fil noktay\u0131 izlemekti. \u00c7ok rahats\u0131z ediciydi ama hi\u00e7 ac\u0131 hissetmedim. Doktor her zaman \u00e7ok cana yak\u0131nd\u0131. \u0130\u015flem sadece yedi dakika s\u00fcrd\u00fc. Sonras\u0131nda doktor g\u00f6zlerimi muayene etti. \u00c7ok memnun kald\u0131. G\u00f6r\u00fc\u015f\u00fcm biraz bulan\u0131k olsa da, otele kendi ba\u015f\u0131ma y\u00fcr\u00fcyebildim. G\u00f6zl\u00fck olmadan daha \u00f6nce yapamayaca\u011f\u0131m bir\u00e7ok \u015feyi okuyabildi\u011fim i\u00e7in \u00e7ok ho\u015f bir s\u00fcrpriz oldu. Ertesi g\u00fcn doktor g\u00f6zlerimi tekrar muayene etti. Her \u015fey yolundayd\u0131. \u00d6\u011fleden sonra \u015fehri gezdim.                                         Her iki saatte bir \u00fc\u00e7 farkl\u0131 g\u00f6z damlas\u0131 kullanmak zorunda kald\u0131m. Sonraki hafta bu s\u00fcre d\u00f6rt saate indi. 19 Nisan 2009&#8217;da \u015fof\u00f6r\u00fcm beni zaman\u0131nda ald\u0131 ve havaalan\u0131na g\u00f6t\u00fcrd\u00fc. Swiss ile eve d\u00f6n\u00fc\u015f u\u00e7u\u015funda, u\u00e7aktaki hava olduk\u00e7a kuru oldu\u011fu i\u00e7in her yar\u0131m saatte bir damla kullanmak zorunda kald\u0131m. Takip randevular\u0131 i\u00e7in Z\u00fcrih&#8217;e iki kez gittim. Doktor sonu\u00e7tan \u00e7ok memnun, ben de tabii ki. \u0130stanbul&#8217;daki bu ameliyat\u0131 herkese tavsiye edebilirim. Pi\u015fman olmayacaks\u0131n\u0131z.<br\/>M\u00fckemmel kons\u00fcltasyon ve organizasyon i\u00e7in tekrar te\u015fekk\u00fcr ederim Say\u0131n Karaagacli!<br\/>Roger Bolliger, 21 May\u0131s 2009       <\/p>\n\n<figure class=\"wp-block-image size-full\"><img fetchpriority=\"high\" decoding=\"async\" width=\"446\" height=\"336\" src=\"https:\/\/swisslasik.ch\/wp-content\/uploads\/2025\/09\/Bosphorusbruecke_bolliger.jpg\" alt=\"\" class=\"wp-image-587\" srcset=\"https:\/\/swisslasik.ch\/wp-content\/uploads\/2025\/09\/Bosphorusbruecke_bolliger.jpg 446w, https:\/\/swisslasik.ch\/wp-content\/uploads\/2025\/09\/Bosphorusbruecke_bolliger-300x226.jpg 300w\" sizes=\"(max-width: 446px) 100vw, 446px\" \/><\/figure>\n\n<figure class=\"wp-block-image size-full\"><img decoding=\"async\" width=\"446\" height=\"336\" src=\"https:\/\/swisslasik.ch\/wp-content\/uploads\/2025\/09\/Taksimplatz_bolliger.jpg\" alt=\"\" class=\"wp-image-588\" srcset=\"https:\/\/swisslasik.ch\/wp-content\/uploads\/2025\/09\/Taksimplatz_bolliger.jpg 446w, https:\/\/swisslasik.ch\/wp-content\/uploads\/2025\/09\/Taksimplatz_bolliger-300x226.jpg 300w\" sizes=\"(max-width: 446px) 100vw, 446px\" \/><\/figure>\n\n<div class=\"wp-block-group is-layout-grid wp-container-core-group-is-layout-baef362d wp-block-group-is-layout-grid\">\n<p><a href=\"https:\/\/medicaltravel.at\/home\/agb\/\" data-type=\"page\" data-id=\"2191\" rel=\"nofollow noopener\" target=\"_blank\"><\/a><a href=\"https:\/\/swisslasik.ch\/tr\/hasta-deneyimleri-goez-ameliyati-tuerkiye-istanbul\/lasik-deneyim-raporu-mayis-2009-istanbul-28-mayis-2009-persembe-tarihli-rapor\/\" data-type=\"link\" data-id=\"https:\/\/swisslasik.ch\/patientenerfahrungen-augenoperation-tuerkei\/lasik-erlebnisbericht-mai-2009-istanbul-bericht-vom-donnerstag-28-mai-2009\/\">\u00d6nceki rapor<\/a><\/p>\n\n\n\n<p class=\"has-text-align-right wp-container-content-5e2576f9\"><a href=\"https:\/\/medicaltravel.at\/home\/impressum\/\" data-type=\"page\" data-id=\"2193\" rel=\"nofollow noopener\" target=\"_blank\"><\/a><a href=\"https:\/\/medicaltravel.at\/home\/berichte-von-patienten\/erfahrungsberichte\/erfahrungsbericht-zahnbehandlung-in-istanbul\/\" data-type=\"page\" data-id=\"981\" rel=\"nofollow noopener\" target=\"_blank\"><\/a><a href=\"https:\/\/swisslasik.ch\/tr\/hasta-deneyimleri-goez-ameliyati-tuerkiye-istanbul\/istanbulda-gecirdigim-goez-ameliyatiyla-ilgili-yorumum-15-mayis-2009-cuma-tarihli-rapor\/\" data-type=\"link\" data-id=\"https:\/\/swisslasik.ch\/patientenerfahrungen-augenoperation-tuerkei\/mein-kommentar-zu-meiner-augenoperation-in-istanbul-bericht-vom-freitag-15-mai-2009\/\">Sonraki rapor<\/a><\/p>\n<\/div>\n","protected":false},"excerpt":{"rendered":"<p>G\u00f6zl\u00fcks\u00fcz bir hayat her zaman hayalim olmu\u015ftur! \u2013 21 May\u0131s 2009 Per\u015fembe tarihli rapor G\u00f6zl\u00fcks\u00fcz bir hayat her zaman hayalim olmu\u015ftur! Yakla\u015f\u0131k alt\u0131 ay \u00f6nce, baz\u0131 akrabalar\u0131m T\u00fcrkiye&#8217;de tatildeydi. Orada \u00e7ok say\u0131da optik\u00e7i oldu\u011funu hemen fark ettiler. Daha fazla bilgi edinmek i\u00e7in ara\u015ft\u0131rd\u0131lar ve T\u00fcrkiye&#8217;nin optik sekt\u00f6r\u00fcnde \u00f6nemli bir oyuncu oldu\u011funu \u00f6\u011frendiler. Ba\u015flang\u0131\u00e7ta, yurt d\u0131\u015f\u0131nda g\u00f6z ameliyat\u0131 yapt\u0131rman\u0131n iyi bir fikir oldu\u011funa inanmakta zorland\u0131m. Bununla birlikte, internette lazer g\u00f6z ameliyat\u0131 hakk\u0131nda ara\u015ft\u0131rma yapt\u0131m ve k\u0131sa s\u00fcrede Swisslasik&#8217;e rastlad\u0131m. Web siteleri iyi bir izlenim b\u0131rakt\u0131. Forumda, hepsi i\u015flemden \u00e7ok memnun olan bir\u00e7ok hasta yorumu okudum. Bu y\u00fczden, Z\u00fcrih&#8217;te \u00f6n muayene i\u00e7in Swisslasik&#8217;e kay\u0131t oldum. G\u00f6z doktoru ameliyat\u0131n benim i\u00e7in iyi bir se\u00e7enek olaca\u011f\u0131n\u0131 s\u00f6yledi. Bu nedenle, \u0130stanbul&#8217;daki EYE-STAR klini\u011finde g\u00f6zlerimi lazerle tedavi ettirmeye karar verdim. Bay Karaagacli t\u00fcm seyahati m\u00fckemmel bir \u015fekilde organize etti. Her \u015fey sorunsuz ge\u00e7ti. Ameliyattan tam bir hafta \u00f6nce, t\u00fcm prosed\u00fcr\u00fc ayr\u0131nt\u0131lar\u0131yla anlatan Swisslasik pasaportumu ald\u0131m. 17 Nisan 2009&#8217;da \u0130stanbul yolculu\u011fum ba\u015flad\u0131. Sabah Swisslasik ile \u0130stanbul&#8217;a u\u00e7tum. \u015eof\u00f6r\u00fcm Fred \u00d6zatakan, havaalan\u0131nda \u00fczerinde &#8220;EYE-STAR&#8221; yazan b\u00fcy\u00fck bir tabelayla beni bekliyordu. \u00c7ok cana yak\u0131n ve hatta \u0130svi\u00e7re Almancas\u0131 bile konu\u015fuyor. Fred \u00f6nce beni \u015fiddetle tavsiye edebilece\u011fim Taksim G\u00f6nen Oteli&#8217;ne g\u00f6t\u00fcrd\u00fc ve giri\u015f i\u015flemlerimde yard\u0131mc\u0131 oldu. Daha sonra klini\u011fe y\u00fcr\u00fcd\u00fck. Be\u015f dakika i\u00e7inde oradayd\u0131k. Klinikte personel beni \u00e7ok s\u0131cak bir \u015fekilde kar\u015f\u0131lad\u0131. \u00d6n muayene yakla\u015f\u0131k bir saat s\u00fcrd\u00fc. Sorumlu doktor bana Z\u00fcrih&#8217;teki doktorun s\u00f6yledi\u011fiyle ayn\u0131 \u015feyi s\u00f6yledi: ameliyat benim i\u00e7in sorun olmayacakt\u0131. Ameliyattan \u00f6nce otelde k\u0131sa bir mola verip bir \u015feyler yiyebildim. Ancak nedense \u00e7ok gergin oldu\u011fum i\u00e7in a\u00e7 de\u011fildim. Klini\u011fe d\u00f6nd\u00fc\u011f\u00fcmde asistan\u0131m beni yakla\u015fan ameliyat i\u00e7in iyi bir \u015fekilde haz\u0131rlad\u0131. Bana sakinle\u015ftirici verdi. Haz\u0131rl\u0131k s\u0131ras\u0131nda masaj koltu\u011funda masaj yap\u0131ld\u0131. \u00d6nce g\u00f6zlerim dezenfekte edildi. Birka\u00e7 dakika sonra ba\u015flad\u0131! \u0130\u015flem s\u0131ras\u0131nda yapmam gereken tek \u015fey y\u00fcz\u00fcm\u00fcn \u00fczerindeki ye\u015fil noktay\u0131 izlemekti. \u00c7ok rahats\u0131z ediciydi ama hi\u00e7 ac\u0131 hissetmedim. Doktor her zaman \u00e7ok cana yak\u0131nd\u0131. \u0130\u015flem sadece yedi dakika s\u00fcrd\u00fc. Sonras\u0131nda doktor g\u00f6zlerimi muayene etti. \u00c7ok memnun kald\u0131. G\u00f6r\u00fc\u015f\u00fcm biraz bulan\u0131k olsa da, otele kendi ba\u015f\u0131ma y\u00fcr\u00fcyebildim. G\u00f6zl\u00fck olmadan daha \u00f6nce yapamayaca\u011f\u0131m bir\u00e7ok \u015feyi okuyabildi\u011fim i\u00e7in \u00e7ok ho\u015f bir s\u00fcrpriz oldu. Ertesi g\u00fcn doktor g\u00f6zlerimi tekrar muayene etti. Her \u015fey yolundayd\u0131. \u00d6\u011fleden sonra \u015fehri gezdim. Her iki saatte bir \u00fc\u00e7 farkl\u0131 g\u00f6z damlas\u0131 kullanmak zorunda kald\u0131m. Sonraki hafta bu s\u00fcre d\u00f6rt saate indi. 19 Nisan 2009&#8217;da \u015fof\u00f6r\u00fcm beni zaman\u0131nda ald\u0131 ve havaalan\u0131na g\u00f6t\u00fcrd\u00fc. Swiss ile eve d\u00f6n\u00fc\u015f u\u00e7u\u015funda, u\u00e7aktaki hava olduk\u00e7a kuru oldu\u011fu i\u00e7in her yar\u0131m saatte bir damla kullanmak zorunda kald\u0131m. Takip randevular\u0131 i\u00e7in Z\u00fcrih&#8217;e iki kez gittim. Doktor sonu\u00e7tan \u00e7ok memnun, ben de tabii ki. \u0130stanbul&#8217;daki bu ameliyat\u0131 herkese tavsiye edebilirim. Pi\u015fman olmayacaks\u0131n\u0131z.M\u00fckemmel kons\u00fcltasyon ve organizasyon i\u00e7in tekrar te\u015fekk\u00fcr ederim Say\u0131n Karaagacli!Roger Bolliger, 21 May\u0131s 2009 \u00d6nceki rapor Sonraki rapor<\/p>\n","protected":false},"author":4,"featured_media":0,"parent":3973,"menu_order":0,"comment_status":"closed","ping_status":"closed","template":"","meta":{"_joinchat":[],"footnotes":""},"class_list":["post-3983","page","type-page","status-publish","hentry"],"acf":[],"_links":{"self":[{"href":"https:\/\/swisslasik.ch\/tr\/wp-json\/wp\/v2\/pages\/3983","targetHints":{"allow":["GET"]}}],"collection":[{"href":"https:\/\/swisslasik.ch\/tr\/wp-json\/wp\/v2\/pages"}],"about":[{"href":"https:\/\/swisslasik.ch\/tr\/wp-json\/wp\/v2\/types\/page"}],"author":[{"embeddable":true,"href":"https:\/\/swisslasik.ch\/tr\/wp-json\/wp\/v2\/users\/4"}],"replies":[{"embeddable":true,"href":"https:\/\/swisslasik.ch\/tr\/wp-json\/wp\/v2\/comments?post=3983"}],"version-history":[{"count":3,"href":"https:\/\/swisslasik.ch\/tr\/wp-json\/wp\/v2\/pages\/3983\/revisions"}],"predecessor-version":[{"id":4287,"href":"https:\/\/swisslasik.ch\/tr\/wp-json\/wp\/v2\/pages\/3983\/revisions\/4287"}],"up":[{"embeddable":true,"href":"https:\/\/swisslasik.ch\/tr\/wp-json\/wp\/v2\/pages\/3973"}],"wp:attachment":[{"href":"https:\/\/swisslasik.ch\/tr\/wp-json\/wp\/v2\/media?parent=3983"}],"curies":[{"name":"wp","href":"https:\/\/api.w.org\/{rel}","templated":true}]}}