{"id":3985,"date":"2025-09-24T14:42:00","date_gmt":"2025-09-24T13:42:00","guid":{"rendered":"https:\/\/swisslasik.ch\/hasta-deneyimleri-goez-ameliyati-tuerkiye-istanbul\/goezlueksuez-yeni-bir-yasam-10-temmuz-2009-cuma-tarihli-rapor\/"},"modified":"2026-01-14T19:43:38","modified_gmt":"2026-01-14T18:43:38","slug":"goezlueksuez-yeni-bir-yasam-10-temmuz-2009-cuma-tarihli-rapor","status":"publish","type":"page","link":"https:\/\/swisslasik.ch\/tr\/hasta-deneyimleri-goez-ameliyati-tuerkiye-istanbul\/goezlueksuez-yeni-bir-yasam-10-temmuz-2009-cuma-tarihli-rapor\/","title":{"rendered":"G\u00f6zl\u00fcks\u00fcz yeni bir ya\u015fam.10 Temmuz 2009 Cuma tarihli rapor"},"content":{"rendered":"\n<h3 class=\"wp-block-heading\"><g id=\"gid_0\"><g id=\"gid_1\">G\u00f6zl\u00fcks\u00fcz yeni bir ya\u015fam.<\/g><\/g> \u2013 10 Temmuz 2009 Cuma tarihli rapor <\/h3>\n\n<p>G\u00f6zl\u00fcks\u00fcz yeni bir hayata ba\u015flang\u0131\u00e7. \u0130ki y\u0131l \u00f6nce hamileli\u011fimden beri kontakt lens takmaya dayanam\u0131yordum. G\u00f6zlerimdeki s\u00fcrekli ka\u015f\u0131nt\u0131, yanma ve garip his&#8230; -2.75 diyoptri d\u00fczeltmesiyle spor yapmak ve g\u00fcnl\u00fck hayatta giderek daha zor hale gelmi\u015fti. O\u011flum da her g\u00fcn g\u00f6zl\u00fcklerimi takmaktan keyif al\u0131yordu, optisyenim de onlar\u0131 ayarlamaktan ho\u015flan\u0131yordu ;-). Arkada\u015flar\u0131m arac\u0131l\u0131\u011f\u0131yla SwissLASIK&#8217;i duydum ve aniden bu ac\u0131ya son vermeye karar verdim. Lazer g\u00f6z ameliyat\u0131n\u0131 ger\u00e7ekten ara\u015ft\u0131rmaya ba\u015flad\u0131\u011f\u0131mda garip bir hisse kap\u0131ld\u0131m. Her yerde riskin \u00e7ok y\u00fcksek oldu\u011funu, yapmamam gerekti\u011fini duydum! Ama t\u00fcm cesaretimi toplad\u0131m ve Z\u00fcrih&#8217;te \u00f6n muayene i\u00e7in kay\u0131t oldum. Ayn\u0131 hafta i\u00e7inde takip randevusu ald\u0131m. Baz\u0131lar\u0131 olduk\u00e7a tats\u0131z olan say\u0131s\u0131z test iyi ge\u00e7ti. Lazer ameliyat\u0131n\u0131n \u00f6n\u00fcnde hi\u00e7bir engel olmad\u0131\u011f\u0131 y\u00f6n\u00fcnde olumlu haberi ald\u0131m. Z\u00fcrih&#8217;te bir al\u0131\u015fveri\u015f gezisinden sonra do\u011fruca eve gittim ve \u0130stanbul&#8217;daki i\u015flem i\u00e7in SwissLASIK&#8217;e online kay\u0131t oldum. \u0130nan\u0131lmaz h\u0131zl\u0131 hizmet sayesinde \u00fc\u00e7 hafta i\u00e7inde ameliyat randevusu ald\u0131m. Swisslasik, u\u00e7u\u015f ve kar\u015f\u0131lama hizmetinden otel ve klinik konaklamas\u0131na kadar t\u00fcm d\u00fczenlemeleri halletti. Z\u00fcrih Havaliman\u0131&#8217;nda iki erke\u011fime veda etmek \u00f6zellikle zordu. Ancak T\u00fcrk Hava Yollar\u0131 ile u\u00e7u\u015f sorunsuz ge\u00e7ti ve memleket \u00f6zlemimi bir nebze olsun hafifletti. \u0130stanbul Havaliman\u0131&#8217;nda zaman\u0131nda kar\u015f\u0131land\u0131m ve otele giderken \u015fehir hakk\u0131nda olduk\u00e7a fazla \u015fey \u00f6\u011frendim. Yerinde Almanca ve \u0130svi\u00e7re Almancas\u0131 deste\u011fi sayesinde \u0130stanbul seyahatim m\u00fckemmel ge\u00e7ti. Ameliyat i\u00e7in detayl\u0131 talimatlar ald\u0131m, bu y\u00fczden i\u015flem s\u0131ras\u0131nda paniklemedim. Ameliyat \u00f6ncesi haz\u0131rl\u0131\u011f\u0131n bir par\u00e7as\u0131 olarak, masaj koltu\u011funda oturmama ve kapsaml\u0131 bir masaj almama izin verildi. \u015ea\u015f\u0131rt\u0131c\u0131 bir \u015fekilde, hijyen standartlar\u0131 \u00e7ok y\u00fcksekti. Ameliyat \u00e7ok iyi ge\u00e7ti; tek rahats\u0131z edici k\u0131s\u0131m g\u00f6zlerimde hissetti\u011fim bas\u0131n\u00e7t\u0131. \u0130svi\u00e7re&#8217;de ameliyat \u00f6ncesi bekledi\u011finiz kadar gergin bir atmosfer yoktu. Her \u015fey m\u00fckemmel ve tamamen memnuniyet vericiydi. Ameliyat ekibinin talimatlar\u0131n\u0131 takip ettim, re\u00e7ete edilen damlalar\u0131 \u00f6zenle kulland\u0131m ve otelde ald\u0131\u011f\u0131m d\u00f6rt saatlik uykunun tad\u0131n\u0131 \u00e7\u0131kard\u0131m. Damlalar\u0131 kullanmak ilk ba\u015fta kolay de\u011fildi. Ayna olmadan birka\u00e7 damlay\u0131 ka\u00e7\u0131rd\u0131m. Bu sayede \u0130stanbul&#8217;u bir bu\u00e7uk g\u00fcn boyunca farkl\u0131 bir perspektiften g\u00f6rebildim. \u0130\u015flemden sonra d\u00fczeltici lens olmadan g\u00f6rebilmek ger\u00e7ekten harika. Ya\u015fad\u0131\u011f\u0131m tek uzun s\u00fcreli zorluk bilgisayar kullan\u0131rken ve televizyon izlerken oldu. \u0130svi\u00e7re&#8217;ye d\u00f6n\u00fc\u015f u\u00e7u\u015funda damlalara \u00e7ok minnettar kald\u0131m. Y\u00fcksek hava bas\u0131nc\u0131 ve klima nedeniyle, damlalar\u0131 her yar\u0131m saatte bir kullanmak \u00f6nerildi. Fiyat-performans oran\u0131 g\u00f6z \u00f6n\u00fcne al\u0131nd\u0131\u011f\u0131nda, bu yakla\u015f\u0131m\u0131 g\u00f6n\u00fclden destekliyorum ve lazer g\u00f6z ameliyat\u0131n\u0131 d\u00fc\u015f\u00fcnen herkese bu ad\u0131m\u0131 atmalar\u0131n\u0131 tavsiye ediyorum. Geriye d\u00f6n\u00fcp bakt\u0131\u011f\u0131mda, \u00e7ok daha \u00f6nce yapt\u0131rm\u0131\u015f olurdum, \u00e7\u00fcnk\u00fc g\u00f6zl\u00fcks\u00fcz bir ya\u015fam \u00e7ok daha fazla ya\u015fam kalitesi sa\u011fl\u0131yor. \u015eimdi Z\u00fcrih&#8217;te ilk kontrol randevum var. Benim i\u00e7in bu kontrol, EYE STAR Klini\u011fi&#8217;ndeki T\u00fcrk personelin yapt\u0131\u011f\u0131 m\u00fckemmel \u00e7al\u0131\u015fman\u0131n tam bir teyidi. G\u00f6zlerim harika durumda. Destekleri ve m\u00fckemmel organizasyonlar\u0131 i\u00e7in eme\u011fi ge\u00e7en herkese i\u00e7tenlikle te\u015fekk\u00fcr etmek istiyorum. Sayg\u0131lar\u0131mla, Sandra Bl\u00f6chlinger-Cortesi<\/p>\n\n<div class=\"wp-block-group is-layout-grid wp-container-core-group-is-layout-baef362d wp-block-group-is-layout-grid\">\n<p><a href=\"https:\/\/medicaltravel.at\/home\/agb\/\" data-type=\"page\" data-id=\"2191\" rel=\"nofollow noopener\" target=\"_blank\"><\/a><a href=\"https:\/\/swisslasik.ch\/tr\/hasta-deneyimleri-goez-ameliyati-tuerkiye-istanbul\/bir-hayal-gercek-oldu-15-haziran-2009da-istanbulda-goez-ameliyati-13-temmuz-2009-pazartesi-tarihli-haber\/\" data-type=\"link\" data-id=\"https:\/\/swisslasik.ch\/patientenerfahrungen-augenoperation-tuerkei\/ein-traum-wird-wahr-augenoperation-in-istanbul-am-15-6-2009-bericht-vom-montag-13-juli-2009\/\">\u00d6nceki rapor<\/a><\/p>\n\n\n\n<p class=\"has-text-align-right wp-container-content-5e2576f9\"><a href=\"https:\/\/medicaltravel.at\/home\/impressum\/\" data-type=\"page\" data-id=\"2193\" rel=\"nofollow noopener\" target=\"_blank\"><\/a><a href=\"https:\/\/medicaltravel.at\/home\/berichte-von-patienten\/erfahrungsberichte\/erfahrungsbericht-zahnbehandlung-in-istanbul\/\" data-type=\"page\" data-id=\"981\" rel=\"nofollow noopener\" target=\"_blank\"><\/a><a href=\"https:\/\/swisslasik.ch\/tr\/hasta-deneyimleri-goez-ameliyati-tuerkiye-istanbul\/istanbulda-gecirdigim-lasek-lazer-goez-ameliyatim-5-haziran-2009-cuma-tarihli-rapor\/\" data-type=\"link\" data-id=\"https:\/\/swisslasik.ch\/patientenerfahrungen-augenoperation-tuerkei\/meine-augenlaser-mit-lasek-in-istanbul-bericht-vom-freitag-05-juni-2009\/\">Sonraki rapor<\/a><\/p>\n<\/div>\n","protected":false},"excerpt":{"rendered":"<p>G\u00f6zl\u00fcks\u00fcz yeni bir ya\u015fam. \u2013 10 Temmuz 2009 Cuma tarihli rapor G\u00f6zl\u00fcks\u00fcz yeni bir hayata ba\u015flang\u0131\u00e7. \u0130ki y\u0131l \u00f6nce hamileli\u011fimden beri kontakt lens takmaya dayanam\u0131yordum. G\u00f6zlerimdeki s\u00fcrekli ka\u015f\u0131nt\u0131, yanma ve garip his&#8230; -2.75 diyoptri d\u00fczeltmesiyle spor yapmak ve g\u00fcnl\u00fck hayatta giderek daha zor hale gelmi\u015fti. O\u011flum da her g\u00fcn g\u00f6zl\u00fcklerimi takmaktan keyif al\u0131yordu, optisyenim de onlar\u0131 ayarlamaktan ho\u015flan\u0131yordu ;-). Arkada\u015flar\u0131m arac\u0131l\u0131\u011f\u0131yla SwissLASIK&#8217;i duydum ve aniden bu ac\u0131ya son vermeye karar verdim. Lazer g\u00f6z ameliyat\u0131n\u0131 ger\u00e7ekten ara\u015ft\u0131rmaya ba\u015flad\u0131\u011f\u0131mda garip bir hisse kap\u0131ld\u0131m. Her yerde riskin \u00e7ok y\u00fcksek oldu\u011funu, yapmamam gerekti\u011fini duydum! Ama t\u00fcm cesaretimi toplad\u0131m ve Z\u00fcrih&#8217;te \u00f6n muayene i\u00e7in kay\u0131t oldum. Ayn\u0131 hafta i\u00e7inde takip randevusu ald\u0131m. Baz\u0131lar\u0131 olduk\u00e7a tats\u0131z olan say\u0131s\u0131z test iyi ge\u00e7ti. Lazer ameliyat\u0131n\u0131n \u00f6n\u00fcnde hi\u00e7bir engel olmad\u0131\u011f\u0131 y\u00f6n\u00fcnde olumlu haberi ald\u0131m. Z\u00fcrih&#8217;te bir al\u0131\u015fveri\u015f gezisinden sonra do\u011fruca eve gittim ve \u0130stanbul&#8217;daki i\u015flem i\u00e7in SwissLASIK&#8217;e online kay\u0131t oldum. \u0130nan\u0131lmaz h\u0131zl\u0131 hizmet sayesinde \u00fc\u00e7 hafta i\u00e7inde ameliyat randevusu ald\u0131m. Swisslasik, u\u00e7u\u015f ve kar\u015f\u0131lama hizmetinden otel ve klinik konaklamas\u0131na kadar t\u00fcm d\u00fczenlemeleri halletti. Z\u00fcrih Havaliman\u0131&#8217;nda iki erke\u011fime veda etmek \u00f6zellikle zordu. Ancak T\u00fcrk Hava Yollar\u0131 ile u\u00e7u\u015f sorunsuz ge\u00e7ti ve memleket \u00f6zlemimi bir nebze olsun hafifletti. \u0130stanbul Havaliman\u0131&#8217;nda zaman\u0131nda kar\u015f\u0131land\u0131m ve otele giderken \u015fehir hakk\u0131nda olduk\u00e7a fazla \u015fey \u00f6\u011frendim. Yerinde Almanca ve \u0130svi\u00e7re Almancas\u0131 deste\u011fi sayesinde \u0130stanbul seyahatim m\u00fckemmel ge\u00e7ti. Ameliyat i\u00e7in detayl\u0131 talimatlar ald\u0131m, bu y\u00fczden i\u015flem s\u0131ras\u0131nda paniklemedim. Ameliyat \u00f6ncesi haz\u0131rl\u0131\u011f\u0131n bir par\u00e7as\u0131 olarak, masaj koltu\u011funda oturmama ve kapsaml\u0131 bir masaj almama izin verildi. \u015ea\u015f\u0131rt\u0131c\u0131 bir \u015fekilde, hijyen standartlar\u0131 \u00e7ok y\u00fcksekti. Ameliyat \u00e7ok iyi ge\u00e7ti; tek rahats\u0131z edici k\u0131s\u0131m g\u00f6zlerimde hissetti\u011fim bas\u0131n\u00e7t\u0131. \u0130svi\u00e7re&#8217;de ameliyat \u00f6ncesi bekledi\u011finiz kadar gergin bir atmosfer yoktu. Her \u015fey m\u00fckemmel ve tamamen memnuniyet vericiydi. Ameliyat ekibinin talimatlar\u0131n\u0131 takip ettim, re\u00e7ete edilen damlalar\u0131 \u00f6zenle kulland\u0131m ve otelde ald\u0131\u011f\u0131m d\u00f6rt saatlik uykunun tad\u0131n\u0131 \u00e7\u0131kard\u0131m. Damlalar\u0131 kullanmak ilk ba\u015fta kolay de\u011fildi. Ayna olmadan birka\u00e7 damlay\u0131 ka\u00e7\u0131rd\u0131m. Bu sayede \u0130stanbul&#8217;u bir bu\u00e7uk g\u00fcn boyunca farkl\u0131 bir perspektiften g\u00f6rebildim. \u0130\u015flemden sonra d\u00fczeltici lens olmadan g\u00f6rebilmek ger\u00e7ekten harika. Ya\u015fad\u0131\u011f\u0131m tek uzun s\u00fcreli zorluk bilgisayar kullan\u0131rken ve televizyon izlerken oldu. \u0130svi\u00e7re&#8217;ye d\u00f6n\u00fc\u015f u\u00e7u\u015funda damlalara \u00e7ok minnettar kald\u0131m. Y\u00fcksek hava bas\u0131nc\u0131 ve klima nedeniyle, damlalar\u0131 her yar\u0131m saatte bir kullanmak \u00f6nerildi. Fiyat-performans oran\u0131 g\u00f6z \u00f6n\u00fcne al\u0131nd\u0131\u011f\u0131nda, bu yakla\u015f\u0131m\u0131 g\u00f6n\u00fclden destekliyorum ve lazer g\u00f6z ameliyat\u0131n\u0131 d\u00fc\u015f\u00fcnen herkese bu ad\u0131m\u0131 atmalar\u0131n\u0131 tavsiye ediyorum. Geriye d\u00f6n\u00fcp bakt\u0131\u011f\u0131mda, \u00e7ok daha \u00f6nce yapt\u0131rm\u0131\u015f olurdum, \u00e7\u00fcnk\u00fc g\u00f6zl\u00fcks\u00fcz bir ya\u015fam \u00e7ok daha fazla ya\u015fam kalitesi sa\u011fl\u0131yor. \u015eimdi Z\u00fcrih&#8217;te ilk kontrol randevum var. Benim i\u00e7in bu kontrol, EYE STAR Klini\u011fi&#8217;ndeki T\u00fcrk personelin yapt\u0131\u011f\u0131 m\u00fckemmel \u00e7al\u0131\u015fman\u0131n tam bir teyidi. G\u00f6zlerim harika durumda. Destekleri ve m\u00fckemmel organizasyonlar\u0131 i\u00e7in eme\u011fi ge\u00e7en herkese i\u00e7tenlikle te\u015fekk\u00fcr etmek istiyorum. Sayg\u0131lar\u0131mla, Sandra Bl\u00f6chlinger-Cortesi \u00d6nceki rapor Sonraki rapor<\/p>\n","protected":false},"author":4,"featured_media":0,"parent":3973,"menu_order":0,"comment_status":"closed","ping_status":"closed","template":"","meta":{"_joinchat":[],"footnotes":""},"class_list":["post-3985","page","type-page","status-publish","hentry"],"acf":[],"_links":{"self":[{"href":"https:\/\/swisslasik.ch\/tr\/wp-json\/wp\/v2\/pages\/3985","targetHints":{"allow":["GET"]}}],"collection":[{"href":"https:\/\/swisslasik.ch\/tr\/wp-json\/wp\/v2\/pages"}],"about":[{"href":"https:\/\/swisslasik.ch\/tr\/wp-json\/wp\/v2\/types\/page"}],"author":[{"embeddable":true,"href":"https:\/\/swisslasik.ch\/tr\/wp-json\/wp\/v2\/users\/4"}],"replies":[{"embeddable":true,"href":"https:\/\/swisslasik.ch\/tr\/wp-json\/wp\/v2\/comments?post=3985"}],"version-history":[{"count":3,"href":"https:\/\/swisslasik.ch\/tr\/wp-json\/wp\/v2\/pages\/3985\/revisions"}],"predecessor-version":[{"id":4285,"href":"https:\/\/swisslasik.ch\/tr\/wp-json\/wp\/v2\/pages\/3985\/revisions\/4285"}],"up":[{"embeddable":true,"href":"https:\/\/swisslasik.ch\/tr\/wp-json\/wp\/v2\/pages\/3973"}],"wp:attachment":[{"href":"https:\/\/swisslasik.ch\/tr\/wp-json\/wp\/v2\/media?parent=3985"}],"curies":[{"name":"wp","href":"https:\/\/api.w.org\/{rel}","templated":true}]}}