{"id":3987,"date":"2025-09-24T14:41:28","date_gmt":"2025-09-24T13:41:28","guid":{"rendered":"https:\/\/swisslasik.ch\/hasta-deneyimleri-goez-ameliyati-tuerkiye-istanbul\/bir-hayal-gercek-oldu-15-haziran-2009da-istanbulda-goez-ameliyati-13-temmuz-2009-pazartesi-tarihli-haber\/"},"modified":"2026-01-14T19:42:53","modified_gmt":"2026-01-14T18:42:53","slug":"bir-hayal-gercek-oldu-15-haziran-2009da-istanbulda-goez-ameliyati-13-temmuz-2009-pazartesi-tarihli-haber","status":"publish","type":"page","link":"https:\/\/swisslasik.ch\/tr\/hasta-deneyimleri-goez-ameliyati-tuerkiye-istanbul\/bir-hayal-gercek-oldu-15-haziran-2009da-istanbulda-goez-ameliyati-13-temmuz-2009-pazartesi-tarihli-haber\/","title":{"rendered":"Bir hayal ger\u00e7ek oldu: 15 Haziran 2009&#8217;da \u0130stanbul&#8217;da g\u00f6z ameliyat\u0131 \u2013 13 Temmuz 2009 Pazartesi tarihli haber"},"content":{"rendered":"\n<h3 class=\"wp-block-heading\">Bir hayal ger\u00e7ek oldu: 15 Haziran 2009&#8217;da \u0130stanbul&#8217;da g\u00f6z ameliyat\u0131 \u2013 13 Temmuz 2009 Pazartesi tarihli haber<\/h3>\n\n\n\n<p>G\u00f6zl\u00fck ve kontakt lensler, \u00e7ocuklu\u011fumdan beri hayat\u0131m boyunca s\u00fcrekli birer yol arkada\u015f\u0131m oldu! G\u00f6zl\u00fcklerim y\u00fcz\u00fcnden alay konusu olmak \u00e7ocuklu\u011fumun bir par\u00e7as\u0131yd\u0131. Daha sonra, kontakt lenslerle bir\u00e7ok \u015fey daha iyi oldu, ama yine de bir\u00e7ok sorun vard\u0131. Lensleri \u00e7ok uzun s\u00fcre takarsan\u0131z g\u00f6zleriniz yorulur, lensler en k\u00f6t\u00fc anda d\u00fc\u015fer, her zaman yedek lens ta\u015f\u0131mak zorundas\u0131n\u0131z, lenslerle asla uyuyamazs\u0131n\u0131z ve daha niceleri\u2026 Bu y\u00fczden, erken ya\u015flardan itibaren hayat\u0131m\u0131n geri kalan\u0131nda onlars\u0131z g\u00f6rebilmeyi \u00e7ok istedim! Sabah uyand\u0131\u011f\u0131mda d\u0131\u015far\u0131daki havan\u0131n nas\u0131l oldu\u011funu g\u00f6rmek \u2013 i\u015fte hayalim buydu! 2008 bahar\u0131nda, ameliyat\u0131n m\u00fcmk\u00fcn olup olmad\u0131\u011f\u0131n\u0131 \u00f6\u011frenmek i\u00e7in Zug&#8217;da \u00fccretsiz bir teste gittim. M\u00fcmk\u00fcnd\u00fc, ama ne yaz\u0131k ki benim i\u00e7in \u00e7ok pahal\u0131yd\u0131. Ayr\u0131ca, o s\u0131rada hamileydim ve ameliyat zaten \u00f6nerilmiyordu. K\u0131z\u0131m\u0131n do\u011fumuyla birlikte, d\u00fczeltici lensler olmadan g\u00f6rme iste\u011fim daha da g\u00fc\u00e7lendi! Bir g\u00fcn, e\u015fim heyecanla yan\u0131ma geldi ve bana \u0130svi\u00e7re televizyonunda \u0130stanbul&#8217;daki g\u00f6z ameliyat\u0131 hakk\u0131nda bir programdan bahsetti! \u0130lk ba\u015fta, &#8220;Bir\u00e7ok ki\u015fi gibi, \u0130stanbul, T\u00fcrkiye mi? Orada g\u00f6zlerime kimsenin yakla\u015fmas\u0131na izin vermem herhalde!&#8221; diye d\u00fc\u015f\u00fcnd\u00fcm. Ama internette biraz ara\u015ft\u0131rma yapt\u0131ktan sonra, fikrin olduk\u00e7a iyi oldu\u011funu d\u00fc\u015f\u00fcnd\u00fcm. Ard\u0131ndan iki farkl\u0131 fiyat teklifi ald\u0131m: biri \u0130stanbul&#8217;a ameliyat gezileri d\u00fczenleyen bir Alman \u015firketinden, di\u011feri ise Swisslasik&#8217;ten. Swisslasik bana \u00e7ok daha cazip geldi. Sa\u011flad\u0131klar\u0131 bilgiler \u00e7ok kapsaml\u0131yd\u0131 ve fiyat teklifini ald\u0131ktan k\u0131sa bir s\u00fcre sonra, herhangi bir sorum olup olmad\u0131\u011f\u0131n\u0131 \u00f6\u011frenmek i\u00e7in benimle ileti\u015fime ge\u00e7tiler. Di\u011fer \u015firket ise bana sadece e-posta yoluyla fiyat teklifi g\u00f6nderdi. Ayr\u0131ca \u0130svi\u00e7re&#8217;de bir takip randevumun olmas\u0131 da \u00e7ok olumlu bir \u015feydi. Bu y\u00fczden e\u015fimle birlikte seyahat tarihimizi 13 Haziran 2009 olarak belirledik. Gerekli t\u00fcm belgeler bize g\u00f6nderildi ve t\u00fcm \u00f6nemli bilgiler Swisslasik pasaportunda d\u00fczenli bir \u015fekilde yer ald\u0131. Ve b\u00f6ylece, 13&#8217;\u00fcnde yola \u00e7\u0131kt\u0131k! Benim i\u00e7in en zor olan \u015fey, art\u0131k bir ya\u015f\u0131nda olan k\u0131z\u0131m\u0131 b\u0131rakmak zorunda kalmakt\u0131. Bu arada, son iki haftamda takt\u0131\u011f\u0131m iki g\u00f6zl\u00fc\u011f\u00fcm\u00fc k\u0131rmay\u0131 ba\u015farm\u0131\u015ft\u0131. \u0130stanbul&#8217;da, EyeSTAR Klini\u011fi&#8217;nden ak\u0131c\u0131 Almanca konu\u015fan bir personel taraf\u0131ndan havaalan\u0131ndan \u00e7ok nazik\u00e7e kar\u015f\u0131land\u0131k ve otelimize g\u00f6t\u00fcr\u00fcld\u00fck. Otel \u00e7ok g\u00fczel ve sessizdi ve ameliyattan \u00f6nceki 1,5 g\u00fcn boyunca \u0130stanbul&#8217;un g\u00fczel \u015fehrinin tad\u0131n\u0131 \u00e7\u0131kararak rahatlayabildik. Pazartesi g\u00fcn\u00fc, tam olarak anla\u015ft\u0131\u011f\u0131m\u0131z gibi saat 11:00&#8217;te, EyeSTAR Klini\u011fi&#8217;nden Almanca konu\u015fan ba\u015fka bir personel taraf\u0131ndan otelden klini\u011fe g\u00f6t\u00fcr\u00fcld\u00fck ve \u00f6n muayeneler yap\u0131ld\u0131. Klini\u011fi g\u00f6rmek b\u00fcy\u00fcleyiciydi \u2013 d\u0131\u015far\u0131dan biraz eski p\u00fcsk\u00fc g\u00f6r\u00fcn\u00fcyordu, ancak i\u00e7erisi son teknoloji \u00fcr\u00fcn\u00fc ve \u00e7ok hijyenikti. Her zaman \u00e7ok iyi bak\u0131ld\u0131\u011f\u0131m\u0131 hissettim; bana s\u00f6ylenen her \u015fey her zaman terc\u00fcme edildi! Bekleme s\u00fcresi de \u00e7ok keyifliydi, Almanca dergiler ve i\u00e7ecekler mevcuttu. Olumlu \u00f6n muayeneden sonra klinikten ayr\u0131labildik ve ameliyat i\u00e7in saat 16:00&#8217;da geri d\u00f6nmemiz s\u00f6ylendi!                             Ameliyattan \u00f6nce, g\u00f6z damlalar\u0131yla ilgili ameliyat sonras\u0131 bak\u0131m ve ameliyat\u0131 takip eden haftalarda nelere dikkat etmem gerekti\u011fi bana ayr\u0131nt\u0131l\u0131 olarak anlat\u0131ld\u0131. Ameliyat sorunsuz ge\u00e7ti ve kornea kesilirken k\u0131sa bir s\u00fcre i\u00e7in sadece hafif bir rahats\u0131zl\u0131k hissettim! Ancak personelin m\u00fckemmel haz\u0131rl\u0131\u011f\u0131 sayesinde her \u015feye haz\u0131rd\u0131m ve prosed\u00fcr\u00fcn her ad\u0131m\u0131n\u0131 a\u00e7\u0131klad\u0131. T\u00fcm s\u00fcre\u00e7 boyunca kendimi g\u00fcvende hissettim. Ameliyattan sonra bir an i\u00e7in biraz rahats\u0131zl\u0131k hissettim. G\u00f6zlerim sulan\u0131yor ve \u00e7ok yan\u0131yordu, neredeyse a\u00e7am\u0131yordum! E\u015fim yan\u0131mdayd\u0131 ve personel s\u00fcrekli beni kontrol etmeye geliyordu. Sonra sakinle\u015ftim ve s\u00f6zde &#8220;mucize damlalar&#8221; kullan\u0131ld\u0131. Bir dakika i\u00e7inde g\u00f6zlerimi a\u00e7\u0131p g\u00f6rebiliyordum! Ne harika bir duygu! Doktor her \u015feyi tekrar kontrol etti ve otele geri d\u00f6nd\u00fck, orada yatt\u0131m. Sonraki \u00fc\u00e7 saat yine sulanan ve yanan g\u00f6zlerle biraz rahats\u0131zl\u0131k hissettim, ama ondan sonra her \u015fey daha iyiye gitti! Kutlamak i\u00e7in saat 8:30&#8217;da g\u00fczel bir ak\u015fam yeme\u011fine \u00e7\u0131kt\u0131k! Sadece g\u00fcne\u015f g\u00f6zl\u00fc\u011f\u00fc takarak. O gece \u00e7ok iyi uyudum ve sabah net bir g\u00f6r\u00fc\u015fle uyand\u0131m! Saat 11&#8217;de kontrol randevum vard\u0131 ve her \u015fey yolundayd\u0131; neredeyse %100 g\u00f6r\u00fc\u015f\u00fcm geri geldi. Yeni bir hayat ba\u015flayabilir! \u00d6\u011fleden sonra havaalan\u0131na g\u00f6t\u00fcr\u00fcld\u00fck ve eve d\u00f6n\u00fc\u015f yolculu\u011fumuza ba\u015flad\u0131k! Ve \u015fimdi evdeyim ve bunu ba\u015fard\u0131\u011f\u0131m i\u00e7in \u00e7ok mutluyum! T\u00fcrkiye&#8217;de g\u00f6z ameliyat\u0131, bence herkesin makul bir fiyata tekrar yard\u0131ms\u0131z g\u00f6rebilmesi i\u00e7in harika bir f\u0131rsat! Herkese tavsiye ederim! Sonunda, yata\u011f\u0131mdan d\u0131\u015far\u0131daki havay\u0131 g\u00f6rebiliyorum! M\u00fckemmel bak\u0131m i\u00e7in EyeSTAR Klini\u011fi ekibine ve harika organizasyon i\u00e7in Swisslasik&#8217;e te\u015fekk\u00fcr ederim! Sayg\u0131lar\u0131mla, Karin Herbst, 17 Haziran 2009                   <\/p>\n\n\n\n<div class=\"wp-block-group is-layout-grid wp-container-core-group-is-layout-baef362d wp-block-group-is-layout-grid\">\n<p><a href=\"https:\/\/medicaltravel.at\/home\/agb\/\" data-type=\"page\" data-id=\"2191\" rel=\"nofollow noopener\" target=\"_blank\"><\/a><a href=\"https:\/\/swisslasik.ch\/tr\/hasta-deneyimleri-goez-ameliyati-tuerkiye-istanbul\/istanbulda-lasik-ameliyatimdan-5-ay-sonraki-sonuclarim-21-ekim-2009-carsamba-tarihli-rapor\/\" data-type=\"link\" data-id=\"https:\/\/swisslasik.ch\/tr\/hasta-deneyimleri-goez-ameliyati-tuerkiye-istanbul\/istanbulda-lasik-ameliyatimdan-5-ay-sonraki-sonuclarim-21-ekim-2009-carsamba-tarihli-rapor\/\">\u00d6nceki rapor<\/a><\/p>\n\n\n\n<p class=\"has-text-align-right wp-container-content-5e2576f9\"><a href=\"https:\/\/medicaltravel.at\/home\/impressum\/\" data-type=\"page\" data-id=\"2193\" rel=\"nofollow noopener\" target=\"_blank\"><\/a><a href=\"https:\/\/medicaltravel.at\/home\/berichte-von-patienten\/erfahrungsberichte\/erfahrungsbericht-zahnbehandlung-in-istanbul\/\" data-type=\"page\" data-id=\"981\" rel=\"nofollow noopener\" target=\"_blank\"><\/a><a href=\"https:\/\/swisslasik.ch\/tr\/hasta-deneyimleri-goez-ameliyati-tuerkiye-istanbul\/goezlueksuez-yeni-bir-yasam-10-temmuz-2009-cuma-tarihli-rapor\/\" data-type=\"link\" data-id=\"https:\/\/swisslasik.ch\/patientenerfahrungen-augenoperation-tuerkei\/ein-neues-lebensgefuhl-ohne-brille-bericht-vom-freitag-10-juli-2009\/\">Sonraki rapor<\/a><\/p>\n<\/div>\n","protected":false},"excerpt":{"rendered":"<p>Bir hayal ger\u00e7ek oldu: 15 Haziran 2009&#8217;da \u0130stanbul&#8217;da g\u00f6z ameliyat\u0131 \u2013 13 Temmuz 2009 Pazartesi tarihli haber G\u00f6zl\u00fck ve kontakt lensler, \u00e7ocuklu\u011fumdan beri hayat\u0131m boyunca s\u00fcrekli birer yol arkada\u015f\u0131m oldu! G\u00f6zl\u00fcklerim y\u00fcz\u00fcnden alay konusu olmak \u00e7ocuklu\u011fumun bir par\u00e7as\u0131yd\u0131. Daha sonra, kontakt lenslerle bir\u00e7ok \u015fey daha iyi oldu, ama yine de bir\u00e7ok sorun vard\u0131. Lensleri \u00e7ok uzun s\u00fcre takarsan\u0131z g\u00f6zleriniz yorulur, lensler en k\u00f6t\u00fc anda d\u00fc\u015fer, her zaman yedek lens ta\u015f\u0131mak zorundas\u0131n\u0131z, lenslerle asla uyuyamazs\u0131n\u0131z ve daha niceleri\u2026 Bu y\u00fczden, erken ya\u015flardan itibaren hayat\u0131m\u0131n geri kalan\u0131nda onlars\u0131z g\u00f6rebilmeyi \u00e7ok istedim! Sabah uyand\u0131\u011f\u0131mda d\u0131\u015far\u0131daki havan\u0131n nas\u0131l oldu\u011funu g\u00f6rmek \u2013 i\u015fte hayalim buydu! 2008 bahar\u0131nda, ameliyat\u0131n m\u00fcmk\u00fcn olup olmad\u0131\u011f\u0131n\u0131 \u00f6\u011frenmek i\u00e7in Zug&#8217;da \u00fccretsiz bir teste gittim. M\u00fcmk\u00fcnd\u00fc, ama ne yaz\u0131k ki benim i\u00e7in \u00e7ok pahal\u0131yd\u0131. Ayr\u0131ca, o s\u0131rada hamileydim ve ameliyat zaten \u00f6nerilmiyordu. K\u0131z\u0131m\u0131n do\u011fumuyla birlikte, d\u00fczeltici lensler olmadan g\u00f6rme iste\u011fim daha da g\u00fc\u00e7lendi! Bir g\u00fcn, e\u015fim heyecanla yan\u0131ma geldi ve bana \u0130svi\u00e7re televizyonunda \u0130stanbul&#8217;daki g\u00f6z ameliyat\u0131 hakk\u0131nda bir programdan bahsetti! \u0130lk ba\u015fta, &#8220;Bir\u00e7ok ki\u015fi gibi, \u0130stanbul, T\u00fcrkiye mi? Orada g\u00f6zlerime kimsenin yakla\u015fmas\u0131na izin vermem herhalde!&#8221; diye d\u00fc\u015f\u00fcnd\u00fcm. Ama internette biraz ara\u015ft\u0131rma yapt\u0131ktan sonra, fikrin olduk\u00e7a iyi oldu\u011funu d\u00fc\u015f\u00fcnd\u00fcm. Ard\u0131ndan iki farkl\u0131 fiyat teklifi ald\u0131m: biri \u0130stanbul&#8217;a ameliyat gezileri d\u00fczenleyen bir Alman \u015firketinden, di\u011feri ise Swisslasik&#8217;ten. Swisslasik bana \u00e7ok daha cazip geldi. Sa\u011flad\u0131klar\u0131 bilgiler \u00e7ok kapsaml\u0131yd\u0131 ve fiyat teklifini ald\u0131ktan k\u0131sa bir s\u00fcre sonra, herhangi bir sorum olup olmad\u0131\u011f\u0131n\u0131 \u00f6\u011frenmek i\u00e7in benimle ileti\u015fime ge\u00e7tiler. Di\u011fer \u015firket ise bana sadece e-posta yoluyla fiyat teklifi g\u00f6nderdi. Ayr\u0131ca \u0130svi\u00e7re&#8217;de bir takip randevumun olmas\u0131 da \u00e7ok olumlu bir \u015feydi. Bu y\u00fczden e\u015fimle birlikte seyahat tarihimizi 13 Haziran 2009 olarak belirledik. Gerekli t\u00fcm belgeler bize g\u00f6nderildi ve t\u00fcm \u00f6nemli bilgiler Swisslasik pasaportunda d\u00fczenli bir \u015fekilde yer ald\u0131. Ve b\u00f6ylece, 13&#8217;\u00fcnde yola \u00e7\u0131kt\u0131k! Benim i\u00e7in en zor olan \u015fey, art\u0131k bir ya\u015f\u0131nda olan k\u0131z\u0131m\u0131 b\u0131rakmak zorunda kalmakt\u0131. Bu arada, son iki haftamda takt\u0131\u011f\u0131m iki g\u00f6zl\u00fc\u011f\u00fcm\u00fc k\u0131rmay\u0131 ba\u015farm\u0131\u015ft\u0131. \u0130stanbul&#8217;da, EyeSTAR Klini\u011fi&#8217;nden ak\u0131c\u0131 Almanca konu\u015fan bir personel taraf\u0131ndan havaalan\u0131ndan \u00e7ok nazik\u00e7e kar\u015f\u0131land\u0131k ve otelimize g\u00f6t\u00fcr\u00fcld\u00fck. Otel \u00e7ok g\u00fczel ve sessizdi ve ameliyattan \u00f6nceki 1,5 g\u00fcn boyunca \u0130stanbul&#8217;un g\u00fczel \u015fehrinin tad\u0131n\u0131 \u00e7\u0131kararak rahatlayabildik. Pazartesi g\u00fcn\u00fc, tam olarak anla\u015ft\u0131\u011f\u0131m\u0131z gibi saat 11:00&#8217;te, EyeSTAR Klini\u011fi&#8217;nden Almanca konu\u015fan ba\u015fka bir personel taraf\u0131ndan otelden klini\u011fe g\u00f6t\u00fcr\u00fcld\u00fck ve \u00f6n muayeneler yap\u0131ld\u0131. Klini\u011fi g\u00f6rmek b\u00fcy\u00fcleyiciydi \u2013 d\u0131\u015far\u0131dan biraz eski p\u00fcsk\u00fc g\u00f6r\u00fcn\u00fcyordu, ancak i\u00e7erisi son teknoloji \u00fcr\u00fcn\u00fc ve \u00e7ok hijyenikti. Her zaman \u00e7ok iyi bak\u0131ld\u0131\u011f\u0131m\u0131 hissettim; bana s\u00f6ylenen her \u015fey her zaman terc\u00fcme edildi! Bekleme s\u00fcresi de \u00e7ok keyifliydi, Almanca dergiler ve i\u00e7ecekler mevcuttu. Olumlu \u00f6n muayeneden sonra klinikten ayr\u0131labildik ve ameliyat i\u00e7in saat 16:00&#8217;da geri d\u00f6nmemiz s\u00f6ylendi! Ameliyattan \u00f6nce, g\u00f6z damlalar\u0131yla ilgili ameliyat sonras\u0131 bak\u0131m ve ameliyat\u0131 takip eden haftalarda nelere dikkat etmem gerekti\u011fi bana ayr\u0131nt\u0131l\u0131 olarak anlat\u0131ld\u0131. Ameliyat sorunsuz ge\u00e7ti ve kornea kesilirken k\u0131sa bir s\u00fcre i\u00e7in sadece hafif bir rahats\u0131zl\u0131k hissettim! Ancak personelin m\u00fckemmel haz\u0131rl\u0131\u011f\u0131 sayesinde her \u015feye haz\u0131rd\u0131m ve prosed\u00fcr\u00fcn her ad\u0131m\u0131n\u0131 a\u00e7\u0131klad\u0131. T\u00fcm s\u00fcre\u00e7 boyunca kendimi g\u00fcvende hissettim. Ameliyattan sonra bir an i\u00e7in biraz rahats\u0131zl\u0131k hissettim. G\u00f6zlerim sulan\u0131yor ve \u00e7ok yan\u0131yordu, neredeyse a\u00e7am\u0131yordum! E\u015fim yan\u0131mdayd\u0131 ve personel s\u00fcrekli beni kontrol etmeye geliyordu. Sonra sakinle\u015ftim ve s\u00f6zde &#8220;mucize damlalar&#8221; kullan\u0131ld\u0131. Bir dakika i\u00e7inde g\u00f6zlerimi a\u00e7\u0131p g\u00f6rebiliyordum! Ne harika bir duygu! Doktor her \u015feyi tekrar kontrol etti ve otele geri d\u00f6nd\u00fck, orada yatt\u0131m. Sonraki \u00fc\u00e7 saat yine sulanan ve yanan g\u00f6zlerle biraz rahats\u0131zl\u0131k hissettim, ama ondan sonra her \u015fey daha iyiye gitti! Kutlamak i\u00e7in saat 8:30&#8217;da g\u00fczel bir ak\u015fam yeme\u011fine \u00e7\u0131kt\u0131k! Sadece g\u00fcne\u015f g\u00f6zl\u00fc\u011f\u00fc takarak. O gece \u00e7ok iyi uyudum ve sabah net bir g\u00f6r\u00fc\u015fle uyand\u0131m! Saat 11&#8217;de kontrol randevum vard\u0131 ve her \u015fey yolundayd\u0131; neredeyse %100 g\u00f6r\u00fc\u015f\u00fcm geri geldi. Yeni bir hayat ba\u015flayabilir! \u00d6\u011fleden sonra havaalan\u0131na g\u00f6t\u00fcr\u00fcld\u00fck ve eve d\u00f6n\u00fc\u015f yolculu\u011fumuza ba\u015flad\u0131k! Ve \u015fimdi evdeyim ve bunu ba\u015fard\u0131\u011f\u0131m i\u00e7in \u00e7ok mutluyum! T\u00fcrkiye&#8217;de g\u00f6z ameliyat\u0131, bence herkesin makul bir fiyata tekrar yard\u0131ms\u0131z g\u00f6rebilmesi i\u00e7in harika bir f\u0131rsat! Herkese tavsiye ederim! Sonunda, yata\u011f\u0131mdan d\u0131\u015far\u0131daki havay\u0131 g\u00f6rebiliyorum! M\u00fckemmel bak\u0131m i\u00e7in EyeSTAR Klini\u011fi ekibine ve harika organizasyon i\u00e7in Swisslasik&#8217;e te\u015fekk\u00fcr ederim! Sayg\u0131lar\u0131mla, Karin Herbst, 17 Haziran 2009 \u00d6nceki rapor Sonraki rapor<\/p>\n","protected":false},"author":4,"featured_media":0,"parent":3973,"menu_order":0,"comment_status":"closed","ping_status":"closed","template":"","meta":{"_joinchat":[],"footnotes":""},"class_list":["post-3987","page","type-page","status-publish","hentry"],"acf":[],"_links":{"self":[{"href":"https:\/\/swisslasik.ch\/tr\/wp-json\/wp\/v2\/pages\/3987","targetHints":{"allow":["GET"]}}],"collection":[{"href":"https:\/\/swisslasik.ch\/tr\/wp-json\/wp\/v2\/pages"}],"about":[{"href":"https:\/\/swisslasik.ch\/tr\/wp-json\/wp\/v2\/types\/page"}],"author":[{"embeddable":true,"href":"https:\/\/swisslasik.ch\/tr\/wp-json\/wp\/v2\/users\/4"}],"replies":[{"embeddable":true,"href":"https:\/\/swisslasik.ch\/tr\/wp-json\/wp\/v2\/comments?post=3987"}],"version-history":[{"count":2,"href":"https:\/\/swisslasik.ch\/tr\/wp-json\/wp\/v2\/pages\/3987\/revisions"}],"predecessor-version":[{"id":4820,"href":"https:\/\/swisslasik.ch\/tr\/wp-json\/wp\/v2\/pages\/3987\/revisions\/4820"}],"up":[{"embeddable":true,"href":"https:\/\/swisslasik.ch\/tr\/wp-json\/wp\/v2\/pages\/3973"}],"wp:attachment":[{"href":"https:\/\/swisslasik.ch\/tr\/wp-json\/wp\/v2\/media?parent=3987"}],"curies":[{"name":"wp","href":"https:\/\/api.w.org\/{rel}","templated":true}]}}