{"id":3989,"date":"2025-09-24T14:34:31","date_gmt":"2025-09-24T13:34:31","guid":{"rendered":"https:\/\/swisslasik.ch\/hasta-deneyimleri-goez-ameliyati-tuerkiye-istanbul\/sonunda-goerme-engeli-olmayan-bir-yasam-hayali-gerceklesti-ameliyat-17-06-2010-25-temmuz-2010-pazar-tarihli-rapor\/"},"modified":"2026-01-14T19:31:15","modified_gmt":"2026-01-14T18:31:15","slug":"sonunda-goerme-engeli-olmayan-bir-yasam-hayali-gerceklesti-ameliyat-17-06-2010-25-temmuz-2010-pazar-tarihli-rapor","status":"publish","type":"page","link":"https:\/\/swisslasik.ch\/tr\/hasta-deneyimleri-goez-ameliyati-tuerkiye-istanbul\/sonunda-goerme-engeli-olmayan-bir-yasam-hayali-gerceklesti-ameliyat-17-06-2010-25-temmuz-2010-pazar-tarihli-rapor\/","title":{"rendered":"Sonunda, g\u00f6rme engeli olmayan bir ya\u015fam hayali ger\u00e7ekle\u015fti \u2013 Ameliyat 17.06.2010 \u2013 25 Temmuz 2010 Pazar tarihli rapor"},"content":{"rendered":"\n<h3 class=\"wp-block-heading\">Sonunda, g\u00f6rme engeli olmayan bir ya\u015fam hayali ger\u00e7ekle\u015fti \u2013 Ameliyat 17.06.2010 \u2013 25 Temmuz 2010 Pazar tarihli rapor<\/h3>\n\n\n\n<p>Motivasyon: 2004 y\u0131l\u0131nda ilk kez LASIK&#8217;i (TeleZ\u00fcri, Lifestyle) duydum. Y\u0131llarca g\u00f6zl\u00fckle tatmin edici olmayan bir g\u00f6r\u00fc\u015fe sahip olduktan ve kontakt lenslerle g\u00f6r\u00fc\u015f\u00fcm iyi olsa da ak\u015famlar\u0131 g\u00f6zlerim tahri\u015f olduktan sonra (her zaman miyop oldu\u011fum i\u00e7in) hemen heyecanland\u0131m. Ancak, bu ameliyat benim i\u00e7in hala yeni oldu\u011fu ve LASIK&#8217;i ba\u015far\u0131yla ge\u00e7irmi\u015f kimseyi tan\u0131mad\u0131\u011f\u0131m i\u00e7in \u00e7ok endi\u015feliydim. Son alt\u0131 y\u0131ld\u0131r LASIK hakk\u0131nda bulabildi\u011fim her \u015feyi toplad\u0131m. 2008&#8217;de iyi bir arkada\u015f\u0131m SwissLASIK ile \u0130stanbul&#8217;a gitti. \u0130lk tepkim: Delisin! M\u00fckemmel organizasyon, birinci s\u0131n\u0131f Eyestar klini\u011fi ve tabii ki harika cerrahi sonu\u00e7larla ilgili deneyiminden sonra tamamen ikna oldum. Ancak, hamilelik ve emzirme nedeniyle iki y\u0131l daha beklemek zorunda kald\u0131m. Z\u00fcrih&#8217;teki \u00f6n muayene: \u00d6n muayenede onay ald\u0131m. Ancak, \u00f6n muayeneden \u00e7ok fazla \u015fey beklememelisiniz; Ameliyat ve di\u011fer her \u015feyle ilgili sorular cevaplanmad\u0131, \u00e7\u00fcnk\u00fc g\u00f6z doktorunun Eyestar veya LASIK ile hi\u00e7bir ba\u011flant\u0131s\u0131 yoktu. Toplu ta\u015f\u0131ma kesinlikle \u015fartt\u0131, \u00e7\u00fcnk\u00fc g\u00f6z bebeklerim geni\u015fledi\u011fi i\u00e7in saatlerce bulan\u0131k g\u00f6r\u00fcyordum (\u00f6rne\u011fin, mesaj okumak imkans\u0131zd\u0131) ve \u0131\u015f\u0131\u011fa kar\u015f\u0131 a\u015f\u0131r\u0131 hassast\u0131m. \u0130svi\u00e7re&#8217;deki \u00f6n muayeneden biraz rahats\u0131z oldum, \u00e7\u00fcnk\u00fc daha sonra Eyestar klini\u011finde, \u00f6n muayene s\u0131ras\u0131nda g\u00f6z bebeklerim geni\u015fletildikten sonra bana damla verdiler ve bu da g\u00f6rme keskinli\u011fimi an\u0131nda geri kazand\u0131rd\u0131! Ama \u0130stanbul&#8217;dakilerin \u0130svi\u00e7re&#8217;deki doktordan daha geli\u015fmi\u015f olmas\u0131 iyi bir i\u015faret. \u0130svi\u00e7re standartlar\u0131m\u0131z\u0131n t\u0131bbi bak\u0131m\u0131n zirvesi oldu\u011funa olan inanc\u0131m\u0131 kesinlikle kaybettim\u2026 Swisslasik \/ Organizasyon \/ Otel Swisslasik&#8217;in her \u015feyi benim i\u00e7in organize etmesi \u00e7ok uygundu. Rezervasyon s\u00fcreci h\u0131zl\u0131yd\u0131, sorular hemen cevapland\u0131 ve ileti\u015fim \u00e7ok samimiydi. Her \u015fey m\u00fckemmel \u00e7al\u0131\u015ft\u0131. Havaalan\u0131nda (Almanca olarak) zaten kar\u015f\u0131land\u0131k ve b\u00fcy\u00fck, yeni bir Mercedes ile otele g\u00f6t\u00fcr\u00fcld\u00fck. Taksim Park City Oteli \u015fiddetle tavsiye edilir. Odalar k\u00fc\u00e7\u00fck ama temiz, g\u00fczel d\u00f6\u015fenmi\u015f ve iyi klimal\u0131. Konumu m\u00fckemmel: hemen k\u00f6\u015fede klini\u011fe ula\u015f\u0131yorsunuz ve hareketli al\u0131\u015fveri\u015f caddesine de \u00e7ok yak\u0131ns\u0131n\u0131z. Binan\u0131n sizi cayd\u0131rmas\u0131na izin vermeyin (merdiven bo\u015flu\u011fu k\u00f6t\u00fc kokuyordu \u2013 ger\u00e7ekten bununla ilgili bir \u015feyler yapmal\u0131lar). \u015eifreli g\u00fcvenlikli klini\u011fe girer girmez ho\u015f bir s\u00fcrprizle kar\u015f\u0131la\u015ft\u0131m: modern, temiz, samimi ve \u00e7ok rahat bir atmosfere sahip. Her muayenede \u0130svi\u00e7re Almancas\u0131 ile kar\u015f\u0131land\u0131m. Ekipman son teknolojiydi. Doktor ilk muayene i\u00e7in zaman ay\u0131rd\u0131. \u0130svi\u00e7re&#8217;de bana hi\u00e7 anlat\u0131lmam\u0131\u015f olan g\u00f6zlerimle ilgili \u015feyleri a\u00e7\u0131klad\u0131. Uzmanlar\u0131n ellerinde oldu\u011fuma g\u00fcvendim. O g\u00fcn be\u015f ki\u015fiydik (\u00fc\u00e7\u00fc \u0130svi\u00e7reli, biri \u0130sve\u00e7li ve biri de dili bilinmeyen bir ki\u015fi). Hepimizin ayn\u0131 anda klini\u011fe gelmesi gerekiyordu. Ancak hi\u00e7 s\u0131k\u0131c\u0131 bir an olmad\u0131; her zaman yap\u0131lacak bir \u015fey vard\u0131 (muayeneler, bilgi formlar\u0131n\u0131 okuma vb.). Her \u015fey verimli bir \u015fekilde yap\u0131ld\u0131 ve bize nazik\u00e7e i\u00e7ecek ikram edildi.                               \u00d6\u011fle yeme\u011fi aras\u0131ndan sonra, ameliyat\u0131m\u0131z klini\u011fin ba\u015fka bir kat\u0131nda planland\u0131. Oradaki bekleme odas\u0131 ger\u00e7ek bir rahatlama vahas\u0131yd\u0131. Ayr\u0131 bir odada bana ameliyat \u00f6nl\u00fckleri verildi ve y\u00fcz\u00fcm dezenfekte edildi. Ameliyat\u0131n kendisi sadece birka\u00e7 dakika s\u00fcrd\u00fc, ancak benim i\u00e7in hi\u00e7 de kolay de\u011fildi. Ac\u0131dan de\u011fil, g\u00f6z\u00fcm\u00fcn etraf\u0131ndaki &#8220;i\u015flemlerden&#8221; dolay\u0131. \u00d6nce g\u00f6z\u00fcm\u00fcn \u00fczerine beyaz bir plastik \u015ferit yap\u0131\u015ft\u0131r\u0131ld\u0131 (kirpik uzatma i\u00e7in), sonra g\u00f6z\u00fcm kesildi, ard\u0131ndan ba\u011flant\u0131 halkas\u0131 tak\u0131ld\u0131 ve her \u015fey bir an i\u00e7in karard\u0131. \u0130\u015fte o zaman paniklemeye ba\u015flad\u0131m. Ancak ekip beni s\u00fcrekli cesaretlendirdi ve \u00e7ok fazla hareket edersem makine otomatik olarak duruyordu. Ameliyattan hemen sonra g\u00f6zlerimi a\u00e7mam imkans\u0131zd\u0131; sanki g\u00f6zlerimde iki b\u0131\u00e7ak varm\u0131\u015f gibi hissediyordum. Birka\u00e7 dakika sonra daha fazla uyu\u015fturucu damla ald\u0131m \u2013 ac\u0131 an\u0131nda ge\u00e7ti, g\u00f6zlerimi a\u00e7abildim ve bulan\u0131k bir hisle g\u00f6r\u00fc\u015f\u00fcm\u00fcn zaten net oldu\u011funu fark ettim! Ameliyattan sonra, g\u00f6r\u00fc\u015f\u00fcm olduk\u00e7a iyi oldu\u011fu i\u00e7in otele sorunsuz bir \u015fekilde y\u00fcr\u00fcyerek d\u00f6nebildim. G\u00f6z bantlar\u0131 tak\u0131ld\u0131 ve uyuma vakti geldi. \u0130ki saatlik uykudan sonra, &#8220;g\u00f6zlerimdeki keskinlik&#8221; ve \u00e7ok k\u00f6t\u00fc bir ba\u015f a\u011fr\u0131s\u0131yla uyand\u0131m. Neyse ki, bize a\u011fr\u0131 kesici verdiler. A\u011flamad\u0131m. \u0130ki saatlik bir uykudan sonra a\u011fr\u0131 ge\u00e7ti ve g\u00f6r\u00fc\u015f\u00fcm tekrar keskinle\u015fti! Harika bir duygu! Ertesi g\u00fcnk\u00fc kontrol muayenesinde, en k\u00fc\u00e7\u00fck harfleri bile okuyabiliyordum &#8211; sonu\u00e7: %120 g\u00f6r\u00fc\u015f! +0.25\/-0.25. Sultanahmet Camii&#8217;ni ve Kapal\u0131 \u00c7ar\u015f\u0131&#8217;y\u0131 ziyaret edebildik (\u0130stanbul \u015fa\u015f\u0131rt\u0131c\u0131 derecede modern, temiz ve insanlar \u00e7ok \u0131srarc\u0131 de\u011fil). Ancak, \u00f6\u011fleden sonra g\u00f6zlerimin yoruldu\u011funu, biraz ka\u015f\u0131nd\u0131\u011f\u0131n\u0131 ve g\u00f6r\u00fc\u015f\u00fcm\u00fcn biraz bulan\u0131kla\u015ft\u0131\u011f\u0131n\u0131 s\u00f6ylemeliyim. Re\u00e7ete edilen g\u00f6z damlalar\u0131 yakt\u0131 ve g\u00f6r\u00fc\u015f\u00fcm\u00fc de etkiledi. Eve d\u00f6n\u00fc\u015f u\u00e7u\u015funda, g\u00f6r\u00fc\u015f\u00fcm bulan\u0131kla\u015fmadan \u00f6nce en fazla 30 dakika okuyabildim. En b\u00fcy\u00fck &#8220;problemim&#8221; \u0131\u015f\u0131k hassasiyetiydi. Bir hafta boyunca evde bile g\u00fcne\u015f g\u00f6zl\u00fc\u011f\u00fc takt\u0131m. Televizyon, bilgisayar ve lambalar g\u00f6zlerimi kama\u015ft\u0131r\u0131yor ve yoruyordu. D\u00f6rt hafta sonra: Ka\u015f\u0131nt\u0131 yok, a\u011fr\u0131 yok. Ancak bilgisayarda okumakta giderek daha fazla zorluk \u00e7ekti\u011fimi fark ettim (bulan\u0131k g\u00f6rme\/yorgunluk\/ba\u015f a\u011fr\u0131s\u0131). Asl\u0131nda, Z\u00fcrih&#8217;te yap\u0131lan bir takip muayenesi +0.5\/+0.75 hipermetropi (a\u015f\u0131r\u0131 d\u00fczeltme \u2013 \u0130svi\u00e7re&#8217;de ameliyat olan bir arkada\u015f\u0131m\u0131n da ayn\u0131 sorunu var) oldu\u011funu ortaya \u00e7\u0131kard\u0131. Doktor sonu\u00e7tan memnun; g\u00fczelce iyile\u015fmi\u015f. Hipermetropinin bir sorun olmad\u0131\u011f\u0131n\u0131, g\u00f6z\u00fcm\u00fcn sadece yeni g\u00f6r\u00fc\u015fe al\u0131\u015fmas\u0131 gerekti\u011fini s\u00f6yledi. \u00c7o\u011fu insan i\u00e7in bu \u00fc\u00e7 ay i\u00e7inde kendili\u011finden d\u00fczeliyor. Nihai \u00f6l\u00e7\u00fcm alt\u0131 ay sonra yap\u0131lacak. \u015eu anda biraz can s\u0131k\u0131c\u0131 ve &#8220;sadece&#8221; bir ev han\u0131m\u0131 olmaktan ve bu g\u00f6zlerle g\u00fcnde dokuz saat bilgisayar ba\u015f\u0131nda \u00e7al\u0131\u015fmak zorunda kalmamaktan mutluyum. Ancak arkada\u015flar\u0131mdan ve tan\u0131d\u0131klar\u0131mdan biliyorum ki, ameliyattan sonra biraz sab\u0131r gerekiyor \u2013 ister \u0130svi\u00e7re&#8217;de ister T\u00fcrkiye&#8217;de LASIK olsun. Kontakt lenssiz hayat harika; ameliyat\u0131 bir daha olsa yine yapt\u0131r\u0131rd\u0131m!                                  Elbette, T\u00fcrkiye&#8217;de. Swisslasik ve Eyestar&#8217;\u0131 en yak\u0131n arkada\u015flar\u0131ma tavsiye ederim. Stephanie Fritschi  <\/p>\n\n\n\n<div class=\"wp-block-group is-layout-grid wp-container-core-group-is-layout-baef362d wp-block-group-is-layout-grid\">\n<p><a href=\"https:\/\/medicaltravel.at\/home\/agb\/\" data-type=\"page\" data-id=\"2191\" rel=\"nofollow noopener\" target=\"_blank\"><\/a><a href=\"https:\/\/swisslasik.ch\/tr\/hasta-deneyimleri-goez-ameliyati-tuerkiye-istanbul\/artik-kartal-gibi-keskin-bir-goeruese-sahibim-ve-cok-mutlu-ve-minnettarim-1-agustos-2010-pazar-tarihli-rapor\/\" data-type=\"link\" data-id=\"https:\/\/swisslasik.ch\/tr\/hasta-deneyimleri-goez-ameliyati-tuerkiye-istanbul\/artik-kartal-gibi-keskin-bir-goeruese-sahibim-ve-cok-mutlu-ve-minnettarim-1-agustos-2010-pazar-tarihli-rapor\/\">\u00d6nceki rapor<\/a><\/p>\n\n\n\n<p class=\"has-text-align-right wp-container-content-5e2576f9\"><a href=\"https:\/\/medicaltravel.at\/home\/impressum\/\" data-type=\"page\" data-id=\"2193\" rel=\"nofollow noopener\" target=\"_blank\"><\/a><a href=\"https:\/\/medicaltravel.at\/home\/berichte-von-patienten\/erfahrungsberichte\/erfahrungsbericht-zahnbehandlung-in-istanbul\/\" data-type=\"page\" data-id=\"981\" rel=\"nofollow noopener\" target=\"_blank\"><\/a><a href=\"https:\/\/swisslasik.ch\/tr\/hasta-deneyimleri-goez-ameliyati-tuerkiye-istanbul\/lazer-goez-ameliyati-hakkindaki-raporum-7-temmuz-2010-carsamba-tarihli-rapor\/\" data-type=\"link\" data-id=\"https:\/\/swisslasik.ch\/tr\/hasta-deneyimleri-goez-ameliyati-tuerkiye-istanbul\/lazer-goez-ameliyati-hakkindaki-raporum-7-temmuz-2010-carsamba-tarihli-rapor\/\">Sonraki rapor<\/a><\/p>\n<\/div>\n","protected":false},"excerpt":{"rendered":"<p>Sonunda, g\u00f6rme engeli olmayan bir ya\u015fam hayali ger\u00e7ekle\u015fti \u2013 Ameliyat 17.06.2010 \u2013 25 Temmuz 2010 Pazar tarihli rapor Motivasyon: 2004 y\u0131l\u0131nda ilk kez LASIK&#8217;i (TeleZ\u00fcri, Lifestyle) duydum. Y\u0131llarca g\u00f6zl\u00fckle tatmin edici olmayan bir g\u00f6r\u00fc\u015fe sahip olduktan ve kontakt lenslerle g\u00f6r\u00fc\u015f\u00fcm iyi olsa da ak\u015famlar\u0131 g\u00f6zlerim tahri\u015f olduktan sonra (her zaman miyop oldu\u011fum i\u00e7in) hemen heyecanland\u0131m. Ancak, bu ameliyat benim i\u00e7in hala yeni oldu\u011fu ve LASIK&#8217;i ba\u015far\u0131yla ge\u00e7irmi\u015f kimseyi tan\u0131mad\u0131\u011f\u0131m i\u00e7in \u00e7ok endi\u015feliydim. Son alt\u0131 y\u0131ld\u0131r LASIK hakk\u0131nda bulabildi\u011fim her \u015feyi toplad\u0131m. 2008&#8217;de iyi bir arkada\u015f\u0131m SwissLASIK ile \u0130stanbul&#8217;a gitti. \u0130lk tepkim: Delisin! M\u00fckemmel organizasyon, birinci s\u0131n\u0131f Eyestar klini\u011fi ve tabii ki harika cerrahi sonu\u00e7larla ilgili deneyiminden sonra tamamen ikna oldum. Ancak, hamilelik ve emzirme nedeniyle iki y\u0131l daha beklemek zorunda kald\u0131m. Z\u00fcrih&#8217;teki \u00f6n muayene: \u00d6n muayenede onay ald\u0131m. Ancak, \u00f6n muayeneden \u00e7ok fazla \u015fey beklememelisiniz; Ameliyat ve di\u011fer her \u015feyle ilgili sorular cevaplanmad\u0131, \u00e7\u00fcnk\u00fc g\u00f6z doktorunun Eyestar veya LASIK ile hi\u00e7bir ba\u011flant\u0131s\u0131 yoktu. Toplu ta\u015f\u0131ma kesinlikle \u015fartt\u0131, \u00e7\u00fcnk\u00fc g\u00f6z bebeklerim geni\u015fledi\u011fi i\u00e7in saatlerce bulan\u0131k g\u00f6r\u00fcyordum (\u00f6rne\u011fin, mesaj okumak imkans\u0131zd\u0131) ve \u0131\u015f\u0131\u011fa kar\u015f\u0131 a\u015f\u0131r\u0131 hassast\u0131m. \u0130svi\u00e7re&#8217;deki \u00f6n muayeneden biraz rahats\u0131z oldum, \u00e7\u00fcnk\u00fc daha sonra Eyestar klini\u011finde, \u00f6n muayene s\u0131ras\u0131nda g\u00f6z bebeklerim geni\u015fletildikten sonra bana damla verdiler ve bu da g\u00f6rme keskinli\u011fimi an\u0131nda geri kazand\u0131rd\u0131! Ama \u0130stanbul&#8217;dakilerin \u0130svi\u00e7re&#8217;deki doktordan daha geli\u015fmi\u015f olmas\u0131 iyi bir i\u015faret. \u0130svi\u00e7re standartlar\u0131m\u0131z\u0131n t\u0131bbi bak\u0131m\u0131n zirvesi oldu\u011funa olan inanc\u0131m\u0131 kesinlikle kaybettim\u2026 Swisslasik \/ Organizasyon \/ Otel Swisslasik&#8217;in her \u015feyi benim i\u00e7in organize etmesi \u00e7ok uygundu. Rezervasyon s\u00fcreci h\u0131zl\u0131yd\u0131, sorular hemen cevapland\u0131 ve ileti\u015fim \u00e7ok samimiydi. Her \u015fey m\u00fckemmel \u00e7al\u0131\u015ft\u0131. Havaalan\u0131nda (Almanca olarak) zaten kar\u015f\u0131land\u0131k ve b\u00fcy\u00fck, yeni bir Mercedes ile otele g\u00f6t\u00fcr\u00fcld\u00fck. Taksim Park City Oteli \u015fiddetle tavsiye edilir. Odalar k\u00fc\u00e7\u00fck ama temiz, g\u00fczel d\u00f6\u015fenmi\u015f ve iyi klimal\u0131. Konumu m\u00fckemmel: hemen k\u00f6\u015fede klini\u011fe ula\u015f\u0131yorsunuz ve hareketli al\u0131\u015fveri\u015f caddesine de \u00e7ok yak\u0131ns\u0131n\u0131z. Binan\u0131n sizi cayd\u0131rmas\u0131na izin vermeyin (merdiven bo\u015flu\u011fu k\u00f6t\u00fc kokuyordu \u2013 ger\u00e7ekten bununla ilgili bir \u015feyler yapmal\u0131lar). \u015eifreli g\u00fcvenlikli klini\u011fe girer girmez ho\u015f bir s\u00fcrprizle kar\u015f\u0131la\u015ft\u0131m: modern, temiz, samimi ve \u00e7ok rahat bir atmosfere sahip. Her muayenede \u0130svi\u00e7re Almancas\u0131 ile kar\u015f\u0131land\u0131m. Ekipman son teknolojiydi. Doktor ilk muayene i\u00e7in zaman ay\u0131rd\u0131. \u0130svi\u00e7re&#8217;de bana hi\u00e7 anlat\u0131lmam\u0131\u015f olan g\u00f6zlerimle ilgili \u015feyleri a\u00e7\u0131klad\u0131. Uzmanlar\u0131n ellerinde oldu\u011fuma g\u00fcvendim. O g\u00fcn be\u015f ki\u015fiydik (\u00fc\u00e7\u00fc \u0130svi\u00e7reli, biri \u0130sve\u00e7li ve biri de dili bilinmeyen bir ki\u015fi). Hepimizin ayn\u0131 anda klini\u011fe gelmesi gerekiyordu. Ancak hi\u00e7 s\u0131k\u0131c\u0131 bir an olmad\u0131; her zaman yap\u0131lacak bir \u015fey vard\u0131 (muayeneler, bilgi formlar\u0131n\u0131 okuma vb.). Her \u015fey verimli bir \u015fekilde yap\u0131ld\u0131 ve bize nazik\u00e7e i\u00e7ecek ikram edildi. \u00d6\u011fle yeme\u011fi aras\u0131ndan sonra, ameliyat\u0131m\u0131z klini\u011fin ba\u015fka bir kat\u0131nda planland\u0131. Oradaki bekleme odas\u0131 ger\u00e7ek bir rahatlama vahas\u0131yd\u0131. Ayr\u0131 bir odada bana ameliyat \u00f6nl\u00fckleri verildi ve y\u00fcz\u00fcm dezenfekte edildi. Ameliyat\u0131n kendisi sadece birka\u00e7 dakika s\u00fcrd\u00fc, ancak benim i\u00e7in hi\u00e7 de kolay de\u011fildi. Ac\u0131dan de\u011fil, g\u00f6z\u00fcm\u00fcn etraf\u0131ndaki &#8220;i\u015flemlerden&#8221; dolay\u0131. \u00d6nce g\u00f6z\u00fcm\u00fcn \u00fczerine beyaz bir plastik \u015ferit yap\u0131\u015ft\u0131r\u0131ld\u0131 (kirpik uzatma i\u00e7in), sonra g\u00f6z\u00fcm kesildi, ard\u0131ndan ba\u011flant\u0131 halkas\u0131 tak\u0131ld\u0131 ve her \u015fey bir an i\u00e7in karard\u0131. \u0130\u015fte o zaman paniklemeye ba\u015flad\u0131m. Ancak ekip beni s\u00fcrekli cesaretlendirdi ve \u00e7ok fazla hareket edersem makine otomatik olarak duruyordu. Ameliyattan hemen sonra g\u00f6zlerimi a\u00e7mam imkans\u0131zd\u0131; sanki g\u00f6zlerimde iki b\u0131\u00e7ak varm\u0131\u015f gibi hissediyordum. Birka\u00e7 dakika sonra daha fazla uyu\u015fturucu damla ald\u0131m \u2013 ac\u0131 an\u0131nda ge\u00e7ti, g\u00f6zlerimi a\u00e7abildim ve bulan\u0131k bir hisle g\u00f6r\u00fc\u015f\u00fcm\u00fcn zaten net oldu\u011funu fark ettim! Ameliyattan sonra, g\u00f6r\u00fc\u015f\u00fcm olduk\u00e7a iyi oldu\u011fu i\u00e7in otele sorunsuz bir \u015fekilde y\u00fcr\u00fcyerek d\u00f6nebildim. G\u00f6z bantlar\u0131 tak\u0131ld\u0131 ve uyuma vakti geldi. \u0130ki saatlik uykudan sonra, &#8220;g\u00f6zlerimdeki keskinlik&#8221; ve \u00e7ok k\u00f6t\u00fc bir ba\u015f a\u011fr\u0131s\u0131yla uyand\u0131m. Neyse ki, bize a\u011fr\u0131 kesici verdiler. A\u011flamad\u0131m. \u0130ki saatlik bir uykudan sonra a\u011fr\u0131 ge\u00e7ti ve g\u00f6r\u00fc\u015f\u00fcm tekrar keskinle\u015fti! Harika bir duygu! Ertesi g\u00fcnk\u00fc kontrol muayenesinde, en k\u00fc\u00e7\u00fck harfleri bile okuyabiliyordum &#8211; sonu\u00e7: %120 g\u00f6r\u00fc\u015f! +0.25\/-0.25. Sultanahmet Camii&#8217;ni ve Kapal\u0131 \u00c7ar\u015f\u0131&#8217;y\u0131 ziyaret edebildik (\u0130stanbul \u015fa\u015f\u0131rt\u0131c\u0131 derecede modern, temiz ve insanlar \u00e7ok \u0131srarc\u0131 de\u011fil). Ancak, \u00f6\u011fleden sonra g\u00f6zlerimin yoruldu\u011funu, biraz ka\u015f\u0131nd\u0131\u011f\u0131n\u0131 ve g\u00f6r\u00fc\u015f\u00fcm\u00fcn biraz bulan\u0131kla\u015ft\u0131\u011f\u0131n\u0131 s\u00f6ylemeliyim. Re\u00e7ete edilen g\u00f6z damlalar\u0131 yakt\u0131 ve g\u00f6r\u00fc\u015f\u00fcm\u00fc de etkiledi. Eve d\u00f6n\u00fc\u015f u\u00e7u\u015funda, g\u00f6r\u00fc\u015f\u00fcm bulan\u0131kla\u015fmadan \u00f6nce en fazla 30 dakika okuyabildim. En b\u00fcy\u00fck &#8220;problemim&#8221; \u0131\u015f\u0131k hassasiyetiydi. Bir hafta boyunca evde bile g\u00fcne\u015f g\u00f6zl\u00fc\u011f\u00fc takt\u0131m. Televizyon, bilgisayar ve lambalar g\u00f6zlerimi kama\u015ft\u0131r\u0131yor ve yoruyordu. D\u00f6rt hafta sonra: Ka\u015f\u0131nt\u0131 yok, a\u011fr\u0131 yok. Ancak bilgisayarda okumakta giderek daha fazla zorluk \u00e7ekti\u011fimi fark ettim (bulan\u0131k g\u00f6rme\/yorgunluk\/ba\u015f a\u011fr\u0131s\u0131). Asl\u0131nda, Z\u00fcrih&#8217;te yap\u0131lan bir takip muayenesi +0.5\/+0.75 hipermetropi (a\u015f\u0131r\u0131 d\u00fczeltme \u2013 \u0130svi\u00e7re&#8217;de ameliyat olan bir arkada\u015f\u0131m\u0131n da ayn\u0131 sorunu var) oldu\u011funu ortaya \u00e7\u0131kard\u0131. Doktor sonu\u00e7tan memnun; g\u00fczelce iyile\u015fmi\u015f. Hipermetropinin bir sorun olmad\u0131\u011f\u0131n\u0131, g\u00f6z\u00fcm\u00fcn sadece yeni g\u00f6r\u00fc\u015fe al\u0131\u015fmas\u0131 gerekti\u011fini s\u00f6yledi. \u00c7o\u011fu insan i\u00e7in bu \u00fc\u00e7 ay i\u00e7inde kendili\u011finden d\u00fczeliyor. Nihai \u00f6l\u00e7\u00fcm alt\u0131 ay sonra yap\u0131lacak. \u015eu anda biraz can s\u0131k\u0131c\u0131 ve &#8220;sadece&#8221; bir ev han\u0131m\u0131 olmaktan ve bu g\u00f6zlerle g\u00fcnde dokuz saat bilgisayar ba\u015f\u0131nda \u00e7al\u0131\u015fmak zorunda kalmamaktan mutluyum. Ancak arkada\u015flar\u0131mdan ve tan\u0131d\u0131klar\u0131mdan biliyorum ki, ameliyattan sonra biraz sab\u0131r gerekiyor \u2013 ister \u0130svi\u00e7re&#8217;de ister T\u00fcrkiye&#8217;de LASIK olsun. Kontakt lenssiz hayat harika; ameliyat\u0131 bir daha olsa yine yapt\u0131r\u0131rd\u0131m! Elbette, T\u00fcrkiye&#8217;de. Swisslasik ve Eyestar&#8217;\u0131 en yak\u0131n arkada\u015flar\u0131ma tavsiye ederim. Stephanie Fritschi \u00d6nceki rapor Sonraki rapor<\/p>\n","protected":false},"author":4,"featured_media":0,"parent":3973,"menu_order":0,"comment_status":"closed","ping_status":"closed","template":"","meta":{"_joinchat":[],"footnotes":""},"class_list":["post-3989","page","type-page","status-publish","hentry"],"acf":[],"_links":{"self":[{"href":"https:\/\/swisslasik.ch\/tr\/wp-json\/wp\/v2\/pages\/3989","targetHints":{"allow":["GET"]}}],"collection":[{"href":"https:\/\/swisslasik.ch\/tr\/wp-json\/wp\/v2\/pages"}],"about":[{"href":"https:\/\/swisslasik.ch\/tr\/wp-json\/wp\/v2\/types\/page"}],"author":[{"embeddable":true,"href":"https:\/\/swisslasik.ch\/tr\/wp-json\/wp\/v2\/users\/4"}],"replies":[{"embeddable":true,"href":"https:\/\/swisslasik.ch\/tr\/wp-json\/wp\/v2\/comments?post=3989"}],"version-history":[{"count":2,"href":"https:\/\/swisslasik.ch\/tr\/wp-json\/wp\/v2\/pages\/3989\/revisions"}],"predecessor-version":[{"id":4810,"href":"https:\/\/swisslasik.ch\/tr\/wp-json\/wp\/v2\/pages\/3989\/revisions\/4810"}],"up":[{"embeddable":true,"href":"https:\/\/swisslasik.ch\/tr\/wp-json\/wp\/v2\/pages\/3973"}],"wp:attachment":[{"href":"https:\/\/swisslasik.ch\/tr\/wp-json\/wp\/v2\/media?parent=3989"}],"curies":[{"name":"wp","href":"https:\/\/api.w.org\/{rel}","templated":true}]}}