{"id":3991,"date":"2025-09-24T14:32:43","date_gmt":"2025-09-24T13:32:43","guid":{"rendered":"https:\/\/swisslasik.ch\/hasta-deneyimleri-goez-ameliyati-tuerkiye-istanbul\/istanbulda-lasik-deneyimi-raporu-11-agustos-2010-carsamba-tarihli-rapor\/"},"modified":"2026-01-14T19:26:30","modified_gmt":"2026-01-14T18:26:30","slug":"istanbulda-lasik-deneyimi-raporu-11-agustos-2010-carsamba-tarihli-rapor","status":"publish","type":"page","link":"https:\/\/swisslasik.ch\/tr\/hasta-deneyimleri-goez-ameliyati-tuerkiye-istanbul\/istanbulda-lasik-deneyimi-raporu-11-agustos-2010-carsamba-tarihli-rapor\/","title":{"rendered":"\u0130stanbul&#8217;da LASIK deneyimi raporu \u2013 11 A\u011fustos 2010 \u00c7ar\u015famba tarihli rapor"},"content":{"rendered":"\n<h3 class=\"wp-block-heading\">\u0130stanbul&#8217;da LASIK deneyimi raporu \u2013 11 A\u011fustos 2010 \u00c7ar\u015famba tarihli rapor<\/h3>\n\n\n\n<p>K\u0131z arkada\u015f\u0131m \u0130stanbul&#8217;da lazer g\u00f6z ameliyat\u0131 olmak istedi\u011fini s\u00f6yledi. Ben de ona bu i\u015flem hakk\u0131nda sorular sordum ve internetten lazer g\u00f6z ameliyat\u0131 hakk\u0131nda bilgi toplad\u0131m. K\u0131z arkada\u015f\u0131m, otel, tedavi ve ula\u015f\u0131m dahil olmak \u00fczere seyahati organize eden bir \u015firket oldu\u011funu a\u00e7\u0131klad\u0131. Ayr\u0131ca Swisslasik web sitesine de bakt\u0131m. Hem Swisslasik hem de \u0130stanbul&#8217;daki EyeStar&#8217;\u0131n \u00e7ok profesyonel web siteleri var. Tedaviler detayl\u0131 olarak a\u00e7\u0131klan\u0131yor ve fiyata nelerin dahil oldu\u011funu tam olarak biliyorsunuz. Gizli maliyetler yok. Bir di\u011fer avantaj ise ameliyat\u0131 \u0130stanbul seyahatiyle birle\u015ftirebilmeniz. Tedavinin yurt d\u0131\u015f\u0131nda daha ucuz olmas\u0131n\u0131n yan\u0131 s\u0131ra, lazer g\u00f6z ameliyat\u0131n\u0131 orada yapt\u0131rmaya karar verdim. Bay Karaagacli, seyahati, ula\u015f\u0131m\u0131, konaklamay\u0131 ve tedaviyi profesyonelce ve g\u00fcvenilir bir \u015fekilde organize etti. Bize &#8220;Swisslasik Pasaportu&#8221; verildi. Bu pasaportta var\u0131\u015f ve ayr\u0131l\u0131\u015f koordinatlar\u0131, tedavi ve sonras\u0131ndaki bak\u0131m hakk\u0131nda \u00f6nemli bilgiler ve \u0130stanbul i\u00e7in gezi \u00f6nerileri yer al\u0131yordu. Ger\u00e7ekten yarat\u0131c\u0131 bir i\u015f fikri. Sonra \u0130stanbul seyahatimize ba\u015flad\u0131k. Daha \u00f6nce hi\u00e7 \u0130stanbul&#8217;da bulunmam\u0131\u015ft\u0131m, ama tekrar gitmeyi \u00e7ok isterim. Al\u0131\u015fveri\u015f tutkunlar\u0131 i\u00e7in mutlaka g\u00f6r\u00fclmesi gereken bir yer. Devasa al\u0131\u015fveri\u015f merkezleri ve uzun al\u0131\u015fveri\u015f caddeleri var. Ve \u00e7ar\u015f\u0131! \u00c7ok b\u00fcy\u00fck!! Ameliyattan iki g\u00fcn \u00f6nce, \u015fehir turuna kat\u0131larak \u015fehri ke\u015ffettik. \u0130stanbul k\u00fclt\u00fcrel a\u00e7\u0131dan \u00e7ok \u015fey sunuyor. \u015eehri gezdikten sonra, ameliyat \u00f6ncesi muayene g\u00fcn\u00fc geldi. Klinik \u00e7ok temiz ve \u015f\u0131k bir \u015fekilde d\u00f6\u015fenmi\u015fti. Arka planda g\u00fczel m\u00fczik \u00e7al\u0131yordu, bu da biraz rahatlamama yard\u0131mc\u0131 oldu. Muayene ba\u015flamadan \u00f6nce, \u00f6nceden haz\u0131rlanm\u0131\u015f bir sa\u011fl\u0131k talimatnamesi imzalamam\u0131z gerekti. T\u00fcm riskler hakk\u0131nda bilgilendirildik. Ameliyat \u00f6ncesi muayene olduk\u00e7a h\u0131zl\u0131 ge\u00e7ti. Hatta cerrahla tan\u0131\u015ft\u0131m. Onunla biraz konu\u015ftuktan sonra, iyi ellerde oldu\u011fumu anlad\u0131m. Cerrah\u0131 g\u00fcvendim. T\u00fcm sorular\u0131m\u0131 d\u00fcr\u00fcst\u00e7e cevaplad\u0131. Bu y\u00fczden, yakla\u015f\u0131k bir saat sonra otele d\u00f6nd\u00fcm. Ertesi g\u00fcn \u00e7ok gergindim. Bana bir sakinle\u015ftirici verildi ve biraz sonra her \u015fey ba\u015flad\u0131. Klini\u011fin birinci kat\u0131na g\u00f6t\u00fcr\u00fcld\u00fcm. \u0130\u015flemden \u00f6nce, sakinle\u015fmem i\u00e7in k\u00fc\u00e7\u00fck bir odaya al\u0131nd\u0131m. Yakla\u015f\u0131k be\u015f dakika sonra bir asistan gelip beni ameliyat odas\u0131na g\u00f6t\u00fcrd\u00fc. Orada be\u015f ki\u015filik bir ekip vard\u0131.                                        Bana tekrar, hasta olarak tek katk\u0131m\u0131n s\u00fcrekli ye\u015fil \u0131\u015f\u0131\u011fa bakmak oldu\u011fu s\u00f6ylendi. Yakla\u015f\u0131k bir dakika sonra ameliyat bitti. \u0130\u015flemden sonra, k\u00fc\u00e7\u00fck bir yatak bulunan k\u00fc\u00e7\u00fck bir odaya g\u00f6t\u00fcr\u00fcld\u00fcm. Birka\u00e7 dakika uzan\u0131p dinlenmeme izin verildi. Ba\u015f d\u00f6nmesi ge\u00e7ince, k\u0131z arkada\u015f\u0131mla birlikte ortak odaya g\u00f6t\u00fcr\u00fcld\u00fck. \u0130\u015flemden hemen sonra, her \u015fey m\u00fckemmel bir \u015fekilde net g\u00f6r\u00fcn\u00fcyordu, daha do\u011frusu her \u015fey hala biraz bulan\u0131kt\u0131 ama g\u00f6zl\u00fcks\u00fcz d\u00fczg\u00fcn g\u00f6rebiliyordum. Tarifsiz bir sevin\u00e7 ve rahatlama hissiydi. K\u0131sa bir s\u00fcre sonra otele d\u00f6nebildim ve uzand\u0131m. Sonraki d\u00f6rt saat boyunca g\u00f6zlerimi kapal\u0131 tutmam gerekiyordu. Bana antibiyotik, kortizon ve suni g\u00f6zya\u015f\u0131 re\u00e7ete edildi. Bunlar\u0131 her iki saatte bir g\u00f6zlerime uygulamam gerekiyordu. O gece iyi uyudum. Ayr\u0131ca bir a\u011fr\u0131 kesici verildi ve onu ald\u0131ktan hemen sonra uykuya dald\u0131m. Ertesi g\u00fcn, d\u00fcnya bana \u00e7ok daha g\u00fczel ve net g\u00f6r\u00fcn\u00fcyordu. G\u00f6zlerim iyile\u015fmi\u015fti ve art\u0131k a\u011fr\u0131m yoktu. Takip tedavisi de h\u0131zl\u0131 ve kolayd\u0131. Ameliyat iyi ge\u00e7ti ve cerrah \u00e7ok memnundu. Ben de tabii ki \u00f6yleydim. Bunu EyeStar Klini\u011fi&#8217;nin misafir defterine bir not ve hastalarla ve t\u00fcm EyeStar ekibiyle k\u00fc\u00e7\u00fck bir foto\u011fraf \u00e7ekimi izledi. Art\u0131k d\u00fcnyay\u0131 tamamen farkl\u0131 g\u00f6zlerle g\u00f6r\u00fcyorum. Kontakt lenslerle g\u00f6zlerimi yormamak b\u00fcy\u00fck bir rahatlama ve \u00e7ok zaman kazand\u0131r\u0131yor. M\u00fckemmel hizmetleri i\u00e7in t\u00fcm EyeStar ekibine ve Swisslasik&#8217;ten Bay Karaacacli&#8217;ye te\u015fekk\u00fcr ederim! Hayat\u0131m\u0131 olumlu y\u00f6nde de\u011fi\u015ftirdiler. Angela Pizzo                       <\/p>\n\n\n\n<div class=\"wp-block-group is-layout-grid wp-container-core-group-is-layout-baef362d wp-block-group-is-layout-grid\">\n<p><a href=\"https:\/\/medicaltravel.at\/home\/agb\/\" data-type=\"page\" data-id=\"2191\" rel=\"nofollow noopener\" target=\"_blank\"><\/a><a href=\"https:\/\/swisslasik.ch\/tr\/hasta-deneyimleri-goez-ameliyati-tuerkiye-istanbul\/istanbulda-gecirdigim-lazer-ameliyatim-24-agustos-2010-sali-tarihli-rapor\/\" data-type=\"link\" data-id=\"https:\/\/swisslasik.ch\/tr\/hasta-deneyimleri-goez-ameliyati-tuerkiye-istanbul\/istanbulda-gecirdigim-lazer-ameliyatim-24-agustos-2010-sali-tarihli-rapor\/\">\u00d6nceki rapor<\/a><\/p>\n\n\n\n<p class=\"has-text-align-right wp-container-content-5e2576f9\"><a href=\"https:\/\/medicaltravel.at\/home\/impressum\/\" data-type=\"page\" data-id=\"2193\" rel=\"nofollow noopener\" target=\"_blank\"><\/a><a href=\"https:\/\/medicaltravel.at\/home\/berichte-von-patienten\/erfahrungsberichte\/erfahrungsbericht-zahnbehandlung-in-istanbul\/\" data-type=\"page\" data-id=\"981\" rel=\"nofollow noopener\" target=\"_blank\"><\/a><a href=\"https:\/\/swisslasik.ch\/tr\/hasta-deneyimleri-goez-ameliyati-tuerkiye-istanbul\/istanbulda-lazer-goez-ameliyati-bir-hayal-gercek-oldu-11-agustos-2010-carsamba-haberi\/\" data-type=\"link\" data-id=\"https:\/\/swisslasik.ch\/patientenerfahrungen-augenoperation-tuerkei\/augenlasern-in-istanbul-ein-traum-wird-wahr-bericht-vom-mittwoch-11-august-2010\/\">Sonraki rapor<\/a><\/p>\n<\/div>\n","protected":false},"excerpt":{"rendered":"<p>\u0130stanbul&#8217;da LASIK deneyimi raporu \u2013 11 A\u011fustos 2010 \u00c7ar\u015famba tarihli rapor K\u0131z arkada\u015f\u0131m \u0130stanbul&#8217;da lazer g\u00f6z ameliyat\u0131 olmak istedi\u011fini s\u00f6yledi. Ben de ona bu i\u015flem hakk\u0131nda sorular sordum ve internetten lazer g\u00f6z ameliyat\u0131 hakk\u0131nda bilgi toplad\u0131m. K\u0131z arkada\u015f\u0131m, otel, tedavi ve ula\u015f\u0131m dahil olmak \u00fczere seyahati organize eden bir \u015firket oldu\u011funu a\u00e7\u0131klad\u0131. Ayr\u0131ca Swisslasik web sitesine de bakt\u0131m. Hem Swisslasik hem de \u0130stanbul&#8217;daki EyeStar&#8217;\u0131n \u00e7ok profesyonel web siteleri var. Tedaviler detayl\u0131 olarak a\u00e7\u0131klan\u0131yor ve fiyata nelerin dahil oldu\u011funu tam olarak biliyorsunuz. Gizli maliyetler yok. Bir di\u011fer avantaj ise ameliyat\u0131 \u0130stanbul seyahatiyle birle\u015ftirebilmeniz. Tedavinin yurt d\u0131\u015f\u0131nda daha ucuz olmas\u0131n\u0131n yan\u0131 s\u0131ra, lazer g\u00f6z ameliyat\u0131n\u0131 orada yapt\u0131rmaya karar verdim. Bay Karaagacli, seyahati, ula\u015f\u0131m\u0131, konaklamay\u0131 ve tedaviyi profesyonelce ve g\u00fcvenilir bir \u015fekilde organize etti. Bize &#8220;Swisslasik Pasaportu&#8221; verildi. Bu pasaportta var\u0131\u015f ve ayr\u0131l\u0131\u015f koordinatlar\u0131, tedavi ve sonras\u0131ndaki bak\u0131m hakk\u0131nda \u00f6nemli bilgiler ve \u0130stanbul i\u00e7in gezi \u00f6nerileri yer al\u0131yordu. Ger\u00e7ekten yarat\u0131c\u0131 bir i\u015f fikri. Sonra \u0130stanbul seyahatimize ba\u015flad\u0131k. Daha \u00f6nce hi\u00e7 \u0130stanbul&#8217;da bulunmam\u0131\u015ft\u0131m, ama tekrar gitmeyi \u00e7ok isterim. Al\u0131\u015fveri\u015f tutkunlar\u0131 i\u00e7in mutlaka g\u00f6r\u00fclmesi gereken bir yer. Devasa al\u0131\u015fveri\u015f merkezleri ve uzun al\u0131\u015fveri\u015f caddeleri var. Ve \u00e7ar\u015f\u0131! \u00c7ok b\u00fcy\u00fck!! Ameliyattan iki g\u00fcn \u00f6nce, \u015fehir turuna kat\u0131larak \u015fehri ke\u015ffettik. \u0130stanbul k\u00fclt\u00fcrel a\u00e7\u0131dan \u00e7ok \u015fey sunuyor. \u015eehri gezdikten sonra, ameliyat \u00f6ncesi muayene g\u00fcn\u00fc geldi. Klinik \u00e7ok temiz ve \u015f\u0131k bir \u015fekilde d\u00f6\u015fenmi\u015fti. Arka planda g\u00fczel m\u00fczik \u00e7al\u0131yordu, bu da biraz rahatlamama yard\u0131mc\u0131 oldu. Muayene ba\u015flamadan \u00f6nce, \u00f6nceden haz\u0131rlanm\u0131\u015f bir sa\u011fl\u0131k talimatnamesi imzalamam\u0131z gerekti. T\u00fcm riskler hakk\u0131nda bilgilendirildik. Ameliyat \u00f6ncesi muayene olduk\u00e7a h\u0131zl\u0131 ge\u00e7ti. Hatta cerrahla tan\u0131\u015ft\u0131m. Onunla biraz konu\u015ftuktan sonra, iyi ellerde oldu\u011fumu anlad\u0131m. Cerrah\u0131 g\u00fcvendim. T\u00fcm sorular\u0131m\u0131 d\u00fcr\u00fcst\u00e7e cevaplad\u0131. Bu y\u00fczden, yakla\u015f\u0131k bir saat sonra otele d\u00f6nd\u00fcm. Ertesi g\u00fcn \u00e7ok gergindim. Bana bir sakinle\u015ftirici verildi ve biraz sonra her \u015fey ba\u015flad\u0131. Klini\u011fin birinci kat\u0131na g\u00f6t\u00fcr\u00fcld\u00fcm. \u0130\u015flemden \u00f6nce, sakinle\u015fmem i\u00e7in k\u00fc\u00e7\u00fck bir odaya al\u0131nd\u0131m. Yakla\u015f\u0131k be\u015f dakika sonra bir asistan gelip beni ameliyat odas\u0131na g\u00f6t\u00fcrd\u00fc. Orada be\u015f ki\u015filik bir ekip vard\u0131. Bana tekrar, hasta olarak tek katk\u0131m\u0131n s\u00fcrekli ye\u015fil \u0131\u015f\u0131\u011fa bakmak oldu\u011fu s\u00f6ylendi. Yakla\u015f\u0131k bir dakika sonra ameliyat bitti. \u0130\u015flemden sonra, k\u00fc\u00e7\u00fck bir yatak bulunan k\u00fc\u00e7\u00fck bir odaya g\u00f6t\u00fcr\u00fcld\u00fcm. Birka\u00e7 dakika uzan\u0131p dinlenmeme izin verildi. Ba\u015f d\u00f6nmesi ge\u00e7ince, k\u0131z arkada\u015f\u0131mla birlikte ortak odaya g\u00f6t\u00fcr\u00fcld\u00fck. \u0130\u015flemden hemen sonra, her \u015fey m\u00fckemmel bir \u015fekilde net g\u00f6r\u00fcn\u00fcyordu, daha do\u011frusu her \u015fey hala biraz bulan\u0131kt\u0131 ama g\u00f6zl\u00fcks\u00fcz d\u00fczg\u00fcn g\u00f6rebiliyordum. Tarifsiz bir sevin\u00e7 ve rahatlama hissiydi. K\u0131sa bir s\u00fcre sonra otele d\u00f6nebildim ve uzand\u0131m. Sonraki d\u00f6rt saat boyunca g\u00f6zlerimi kapal\u0131 tutmam gerekiyordu. Bana antibiyotik, kortizon ve suni g\u00f6zya\u015f\u0131 re\u00e7ete edildi. Bunlar\u0131 her iki saatte bir g\u00f6zlerime uygulamam gerekiyordu. O gece iyi uyudum. Ayr\u0131ca bir a\u011fr\u0131 kesici verildi ve onu ald\u0131ktan hemen sonra uykuya dald\u0131m. Ertesi g\u00fcn, d\u00fcnya bana \u00e7ok daha g\u00fczel ve net g\u00f6r\u00fcn\u00fcyordu. G\u00f6zlerim iyile\u015fmi\u015fti ve art\u0131k a\u011fr\u0131m yoktu. Takip tedavisi de h\u0131zl\u0131 ve kolayd\u0131. Ameliyat iyi ge\u00e7ti ve cerrah \u00e7ok memnundu. Ben de tabii ki \u00f6yleydim. Bunu EyeStar Klini\u011fi&#8217;nin misafir defterine bir not ve hastalarla ve t\u00fcm EyeStar ekibiyle k\u00fc\u00e7\u00fck bir foto\u011fraf \u00e7ekimi izledi. Art\u0131k d\u00fcnyay\u0131 tamamen farkl\u0131 g\u00f6zlerle g\u00f6r\u00fcyorum. Kontakt lenslerle g\u00f6zlerimi yormamak b\u00fcy\u00fck bir rahatlama ve \u00e7ok zaman kazand\u0131r\u0131yor. M\u00fckemmel hizmetleri i\u00e7in t\u00fcm EyeStar ekibine ve Swisslasik&#8217;ten Bay Karaacacli&#8217;ye te\u015fekk\u00fcr ederim! Hayat\u0131m\u0131 olumlu y\u00f6nde de\u011fi\u015ftirdiler. Angela Pizzo \u00d6nceki rapor Sonraki rapor<\/p>\n","protected":false},"author":4,"featured_media":0,"parent":3973,"menu_order":0,"comment_status":"closed","ping_status":"closed","template":"","meta":{"_joinchat":[],"footnotes":""},"class_list":["post-3991","page","type-page","status-publish","hentry"],"acf":[],"_links":{"self":[{"href":"https:\/\/swisslasik.ch\/tr\/wp-json\/wp\/v2\/pages\/3991","targetHints":{"allow":["GET"]}}],"collection":[{"href":"https:\/\/swisslasik.ch\/tr\/wp-json\/wp\/v2\/pages"}],"about":[{"href":"https:\/\/swisslasik.ch\/tr\/wp-json\/wp\/v2\/types\/page"}],"author":[{"embeddable":true,"href":"https:\/\/swisslasik.ch\/tr\/wp-json\/wp\/v2\/users\/4"}],"replies":[{"embeddable":true,"href":"https:\/\/swisslasik.ch\/tr\/wp-json\/wp\/v2\/comments?post=3991"}],"version-history":[{"count":2,"href":"https:\/\/swisslasik.ch\/tr\/wp-json\/wp\/v2\/pages\/3991\/revisions"}],"predecessor-version":[{"id":4808,"href":"https:\/\/swisslasik.ch\/tr\/wp-json\/wp\/v2\/pages\/3991\/revisions\/4808"}],"up":[{"embeddable":true,"href":"https:\/\/swisslasik.ch\/tr\/wp-json\/wp\/v2\/pages\/3973"}],"wp:attachment":[{"href":"https:\/\/swisslasik.ch\/tr\/wp-json\/wp\/v2\/media?parent=3991"}],"curies":[{"name":"wp","href":"https:\/\/api.w.org\/{rel}","templated":true}]}}