{"id":3993,"date":"2025-09-24T14:28:30","date_gmt":"2025-09-24T13:28:30","guid":{"rendered":"https:\/\/swisslasik.ch\/hasta-deneyimleri-goez-ameliyati-tuerkiye-istanbul\/istanbulda-lasik-ameliyati-deneyimim-3-kasim-2010-27-aralik-2010-pazartesi-tarihli-rapor\/"},"modified":"2026-01-14T20:20:45","modified_gmt":"2026-01-14T19:20:45","slug":"istanbulda-lasik-ameliyati-deneyimim-3-kasim-2010-27-aralik-2010-pazartesi-tarihli-rapor","status":"publish","type":"page","link":"https:\/\/swisslasik.ch\/tr\/hasta-deneyimleri-goez-ameliyati-tuerkiye-istanbul\/istanbulda-lasik-ameliyati-deneyimim-3-kasim-2010-27-aralik-2010-pazartesi-tarihli-rapor\/","title":{"rendered":"\u0130stanbul&#8217;da LASIK ameliyat\u0131 deneyimim, 3 Kas\u0131m 2010 \u2013 27 Aral\u0131k 2010 Pazartesi tarihli rapor"},"content":{"rendered":"\n<h3 class=\"wp-block-heading\">\u0130stanbul&#8217;da LASIK ameliyat\u0131 deneyimim, 3 Kas\u0131m 2010 \u2013 27 Aral\u0131k 2010 Pazartesi tarihli rapor<\/h3>\n\n\n\n<p>Asl\u0131nda g\u00f6zl\u00fcklerim beni pek rahats\u0131z etmiyordu. 35 y\u0131ldan fazla bir s\u00fcre sonra birbirimize al\u0131\u015fm\u0131\u015ft\u0131k. Sabahlar\u0131 temizlemek normal rutinimin bir par\u00e7as\u0131yd\u0131. Ke\u015fke giderek daha can s\u0131k\u0131c\u0131 hale gelen \u015fu durumlar olmasayd\u0131: banyoda ve saunada s\u00fcrekli burnumu tabelalara bast\u0131rmak zorunda kalmak, spor yaparken \u015f\u0131k g\u00fcne\u015f g\u00f6zl\u00fc\u011f\u00fc takamamak ve dal\u0131\u015f tatillerinde g\u00f6zl\u00fcklerimin suya d\u00fc\u015fme ihtimaline dair s\u00fcrekli endi\u015fe. Kontakt lensler \u00e7ok pahal\u0131 ve zahmetliydi. G\u00f6z hastal\u0131klar\u0131 i\u00e7in cerrahi aletlerin geli\u015ftirilmesi alan\u0131nda \u00e7al\u0131\u015ft\u0131\u011f\u0131m i\u00e7in, belirli sa\u011flay\u0131c\u0131lardan ba\u011f\u0131ms\u0131z olarak bilgi toplayabildim. Birka\u00e7 g\u00f6r\u00fc\u015fme ve uzun vadeli \u00e7al\u0131\u015fmalar\u0131 okuduktan sonra, mikrokeratom kullan\u0131larak \u00f6n tedavi uygulanan LASIK&#8217;in benim i\u00e7in tercih edilen se\u00e7enek oldu\u011fu a\u00e7\u0131k\u00e7a ortaya \u00e7\u0131kt\u0131. Sa\u011flay\u0131c\u0131n\u0131n geni\u015f deneyime ve son teknoloji ekipmana sahip olmas\u0131 gerekiyordu. Ayr\u0131ca \u0130svi\u00e7re&#8217;dekinden biraz daha ucuz olmas\u0131 gerekiyordu. Bununla birlikte, ameliyat sonras\u0131 bak\u0131m\u0131n \u0130svi\u00e7re&#8217;de yap\u0131laca\u011f\u0131ndan emin olmak istedim. T\u00fcm bunlar\u0131 Swisslasik ile tamamen tatmin edici bir \u015fekilde buldum. Organizasyon tamamen sorunsuzdu. Havaalan\u0131ndan al\u0131nd\u0131ktan sonra, m\u00fckemmel Almanca konu\u015fan bir \u015fof\u00f6r taraf\u0131ndan rahat\u00e7a otele g\u00f6t\u00fcr\u00fcld\u00fck. Ayr\u0131ca &#8220;arkada\u015flar\u0131m\u0131z&#8221; taraf\u0131ndan bir gece kul\u00fcb\u00fcne &#8220;davet edilecekleri&#8221; ve ameliyat i\u00e7in gereken paray\u0131 sonunda ba\u015fka bir \u015fekilde harcayaca\u011f\u0131m\u0131z konusunda uyar\u0131ld\u0131k. Ertesi sabah, kahvalt\u0131dan hemen sonra, otelden al\u0131nd\u0131k. Klini\u011fe y\u00fcr\u00fcd\u00fck. Orada zaten hastalar oldu\u011fu i\u00e7in, rahat bekleme alan\u0131na al\u0131nd\u0131k. Personel \u00e7ok misafirperverdi ve m\u00fckemmel Bern Almancas\u0131 konu\u015fuyordu. Bununla birlikte, havada hissedilir bir gerginlik vard\u0131. G\u00f6z \u00f6l\u00e7\u00fcmlerimizin ameliyata izin verip vermeyece\u011fini bilmiyorduk. \u00d6n muayeneden sonra doktor rahatlat\u0131c\u0131 bir \u015fekilde onay verdi. O g\u00fcn herkes bu kadar \u015fansl\u0131 de\u011fildi. Gen\u00e7 bir kad\u0131na, doktorun g\u00f6r\u00fc\u015f\u00fcne g\u00f6re \u00f6l\u00e7\u00fcmlerinin ameliyata izin vermedi\u011fi s\u00f6ylendi. Bekleme odas\u0131ndan ameliyathane haz\u0131rl\u0131k alan\u0131n\u0131 g\u00f6rebiliyordunuz. \u0130nsanlar teker teker i\u00e7eri \u00e7a\u011fr\u0131ld\u0131; ben en son giren oldum, bu y\u00fczden gerginlik hissedilir derecedeydi. Ameliyat \u00f6nl\u00fc\u011f\u00fcn\u00fc giyip oturduktan sonra g\u00f6zlerimiz dezenfekte edildi ve anestezi damlalar\u0131 uyguland\u0131. Ameliyat odas\u0131ndan lazerin so\u011futma fan\u0131n\u0131n tiz sesi ve doktorun komutlar\u0131 geliyordu. Y\u00fcksek g\u00fcr\u00fclt\u00fc seviyesi benim i\u00e7in olduk\u00e7a \u00fcrk\u00fct\u00fcc\u00fcyd\u00fc, belki de daha \u00f6nceki i\u015fimle ilgili ameliyat odas\u0131 ziyaretlerim nispeten sessiz ge\u00e7ti\u011fi i\u00e7indi. Ameliyat odas\u0131na girdikten, masaya uzand\u0131ktan ve ba\u015f\u0131m\u0131 destek yata\u011f\u0131na yerle\u015ftirdikten sonra g\u00f6zlerim tekrar dezenfekte edildi. Ard\u0131ndan g\u00f6z kapa\u011f\u0131 spekulumu yerle\u015ftirildi ve steril \u00f6rt\u00fc uyguland\u0131. Bu noktada, durumun ciddi oldu\u011fu a\u00e7\u0131kt\u0131. Her zaman bakmam gereken ye\u015fil \u0131\u015f\u0131\u011f\u0131n yan\u0131 s\u0131ra, lazerin \u00fcretti\u011fi k\u0131rm\u0131z\u0131 \u0131\u015f\u0131k desenlerini de fark ettim. Doktor her ad\u0131m\u0131 a\u00e7\u0131klad\u0131.                                 Mikrokeratomun emme halkas\u0131n\u0131n uygulanmas\u0131n\u0131 \u00e7ok tats\u0131z buldum. Ac\u0131dan ziyade (hi\u00e7 ac\u0131 yoktu), o anda korneam\u0131n d\u00fczle\u015ftirildi\u011fini ve bir par\u00e7as\u0131n\u0131n kesildi\u011fini fark etmek beni rahats\u0131z etti. Ye\u015fil \u0131\u015f\u0131k da aniden kayboldu ve d\u00fcz ileriye bak\u0131p bakmad\u0131\u011f\u0131m\u0131 anlayamad\u0131m. Bir huzursuzluk hissi i\u00e7ime i\u015fledi. Doktorun k\u0131sa s\u00fcre sonra lazeri kullanaca\u011f\u0131n\u0131 ve bunun sadece otuz saniye s\u00fcrece\u011fini s\u00f6ylemesi ger\u00e7ek bir rahatlamayd\u0131. Yani, yani, otuz saniyeye dayanabilirsiniz. Lazer tedavisinden sonra, flep geriye do\u011fru katland\u0131 ve bir spatula ile bast\u0131r\u0131ld\u0131. \u0130stedi\u011fim\/ihtiya\u00e7 duydu\u011fum k\u0131sa bir aradan sonra, ikinci g\u00f6z\u00fcme ge\u00e7tiler. Buradaki lazer tedavisi daha da k\u0131sa s\u00fcrd\u00fc. Hala biraz dengesiz bir \u015fekilde, ameliyat odas\u0131ndan ilk ad\u0131mlar\u0131m\u0131 att\u0131m. Bulan\u0131k g\u00f6r\u00fc\u015fe ra\u011fmen, g\u00f6zl\u00fcks\u00fcz bile eskisinden daha iyi g\u00f6rebiliyordum. Harika! Ama ameliyat\u0131n bitti\u011fine daha da \u00e7ok sevindim. Bekleme odas\u0131nda, asistanlar ila\u00e7lar\u0131 da\u011f\u0131tt\u0131lar ve ilk kez g\u00f6z damlalar\u0131n\u0131 uygulad\u0131lar. Bana hangi damlalar\u0131 ne zaman, ne s\u0131kl\u0131kla ve benzeri konularda ayr\u0131nt\u0131l\u0131 talimatlar verdiler. Ak\u015fam olmas\u0131na ra\u011fmen, g\u00fcne\u015f g\u00f6zl\u00fc\u011f\u00fcm\u00fc ger\u00e7ekten kullanabilirdim. Yine de, araba fren lambalar\u0131 o kadar g\u00f6z kama\u015ft\u0131r\u0131c\u0131yd\u0131 ki, g\u00f6zlerimi tekrar a\u00e7mak i\u00e7in otele varana kadar beklemeye karar verdim. Ayr\u0131ca sa\u011f g\u00f6z\u00fcmde kum tanesi gibi hafif bir ka\u015f\u0131nt\u0131 hissettim. Sol g\u00f6z\u00fcmde hi\u00e7bir \u015fey yoktu. Yani g\u00f6zleri yanmayan veya ba\u015fka bir \u015fekilde ac\u0131 \u00e7ekmeyen \u015fansl\u0131lardan biriydim. Otelde do\u011fruca yata\u011fa gittim, ancak \u00f6nce t\u00fcm g\u00f6z damlalar\u0131n\u0131 kulland\u0131m. Ertesi sabah, \u0130stanbul&#8217;u g\u00f6zl\u00fcks\u00fcz ilk kez g\u00f6rd\u00fcm. Sa\u011f g\u00f6z\u00fcmdeki hafif ka\u015f\u0131nt\u0131 hala vard\u0131, ama ger\u00e7ekten rahats\u0131z edici de\u011fildi. \u015eimdi, iki ay sonra, g\u00f6zl\u00fcks\u00fcz hayat normale d\u00f6nd\u00fc. \u00d6rne\u011fin araba kullan\u0131rken \u0131\u015f\u0131klar\u0131n etraf\u0131ndaki haleler \u00e7ok daha az fark edilir hale geldi. Genel olarak, karanl\u0131kta g\u00f6r\u00fc\u015f\u00fcm iyile\u015fti. Art\u0131k g\u00fcnd\u00fczleri okuma g\u00f6zl\u00fc\u011f\u00fcne ihtiyac\u0131m var, ama her \u015feye de\u011fdi. Ve bu arada, \u0130stanbul kesinlikle ziyaret etmeye de\u011fer. Marcel Roth                           <\/p>\n\n\n\n<div class=\"wp-block-group is-layout-grid wp-container-core-group-is-layout-baef362d wp-block-group-is-layout-grid\">\n<p><\/p>\n\n\n\n<p class=\"has-text-align-right wp-container-content-5e2576f9\"><a href=\"https:\/\/medicaltravel.at\/home\/impressum\/\" data-type=\"page\" data-id=\"2193\" rel=\"nofollow noopener\" target=\"_blank\"><\/a><a href=\"https:\/\/medicaltravel.at\/home\/berichte-von-patienten\/erfahrungsberichte\/erfahrungsbericht-zahnbehandlung-in-istanbul\/\" data-type=\"page\" data-id=\"981\" rel=\"nofollow noopener\" target=\"_blank\"><\/a><a href=\"https:\/\/swisslasik.ch\/tr\/hasta-deneyimleri-goez-ameliyati-tuerkiye-istanbul\/myrta-toenginin-29-ekim-2010da-ameliyat-edildigine-dair-hasta-raporu-8-aralik-2010-carsamba-tarihli-rapor\/\" data-type=\"link\" data-id=\"https:\/\/swisslasik.ch\/tr\/hasta-deneyimleri-goez-ameliyati-tuerkiye-istanbul\/myrta-toenginin-29-ekim-2010da-ameliyat-edildigine-dair-hasta-raporu-8-aralik-2010-carsamba-tarihli-rapor\/\">Sonraki rapor<\/a><\/p>\n<\/div>\n","protected":false},"excerpt":{"rendered":"<p>\u0130stanbul&#8217;da LASIK ameliyat\u0131 deneyimim, 3 Kas\u0131m 2010 \u2013 27 Aral\u0131k 2010 Pazartesi tarihli rapor Asl\u0131nda g\u00f6zl\u00fcklerim beni pek rahats\u0131z etmiyordu. 35 y\u0131ldan fazla bir s\u00fcre sonra birbirimize al\u0131\u015fm\u0131\u015ft\u0131k. Sabahlar\u0131 temizlemek normal rutinimin bir par\u00e7as\u0131yd\u0131. Ke\u015fke giderek daha can s\u0131k\u0131c\u0131 hale gelen \u015fu durumlar olmasayd\u0131: banyoda ve saunada s\u00fcrekli burnumu tabelalara bast\u0131rmak zorunda kalmak, spor yaparken \u015f\u0131k g\u00fcne\u015f g\u00f6zl\u00fc\u011f\u00fc takamamak ve dal\u0131\u015f tatillerinde g\u00f6zl\u00fcklerimin suya d\u00fc\u015fme ihtimaline dair s\u00fcrekli endi\u015fe. Kontakt lensler \u00e7ok pahal\u0131 ve zahmetliydi. G\u00f6z hastal\u0131klar\u0131 i\u00e7in cerrahi aletlerin geli\u015ftirilmesi alan\u0131nda \u00e7al\u0131\u015ft\u0131\u011f\u0131m i\u00e7in, belirli sa\u011flay\u0131c\u0131lardan ba\u011f\u0131ms\u0131z olarak bilgi toplayabildim. Birka\u00e7 g\u00f6r\u00fc\u015fme ve uzun vadeli \u00e7al\u0131\u015fmalar\u0131 okuduktan sonra, mikrokeratom kullan\u0131larak \u00f6n tedavi uygulanan LASIK&#8217;in benim i\u00e7in tercih edilen se\u00e7enek oldu\u011fu a\u00e7\u0131k\u00e7a ortaya \u00e7\u0131kt\u0131. Sa\u011flay\u0131c\u0131n\u0131n geni\u015f deneyime ve son teknoloji ekipmana sahip olmas\u0131 gerekiyordu. Ayr\u0131ca \u0130svi\u00e7re&#8217;dekinden biraz daha ucuz olmas\u0131 gerekiyordu. Bununla birlikte, ameliyat sonras\u0131 bak\u0131m\u0131n \u0130svi\u00e7re&#8217;de yap\u0131laca\u011f\u0131ndan emin olmak istedim. T\u00fcm bunlar\u0131 Swisslasik ile tamamen tatmin edici bir \u015fekilde buldum. Organizasyon tamamen sorunsuzdu. Havaalan\u0131ndan al\u0131nd\u0131ktan sonra, m\u00fckemmel Almanca konu\u015fan bir \u015fof\u00f6r taraf\u0131ndan rahat\u00e7a otele g\u00f6t\u00fcr\u00fcld\u00fck. Ayr\u0131ca &#8220;arkada\u015flar\u0131m\u0131z&#8221; taraf\u0131ndan bir gece kul\u00fcb\u00fcne &#8220;davet edilecekleri&#8221; ve ameliyat i\u00e7in gereken paray\u0131 sonunda ba\u015fka bir \u015fekilde harcayaca\u011f\u0131m\u0131z konusunda uyar\u0131ld\u0131k. Ertesi sabah, kahvalt\u0131dan hemen sonra, otelden al\u0131nd\u0131k. Klini\u011fe y\u00fcr\u00fcd\u00fck. Orada zaten hastalar oldu\u011fu i\u00e7in, rahat bekleme alan\u0131na al\u0131nd\u0131k. Personel \u00e7ok misafirperverdi ve m\u00fckemmel Bern Almancas\u0131 konu\u015fuyordu. Bununla birlikte, havada hissedilir bir gerginlik vard\u0131. G\u00f6z \u00f6l\u00e7\u00fcmlerimizin ameliyata izin verip vermeyece\u011fini bilmiyorduk. \u00d6n muayeneden sonra doktor rahatlat\u0131c\u0131 bir \u015fekilde onay verdi. O g\u00fcn herkes bu kadar \u015fansl\u0131 de\u011fildi. Gen\u00e7 bir kad\u0131na, doktorun g\u00f6r\u00fc\u015f\u00fcne g\u00f6re \u00f6l\u00e7\u00fcmlerinin ameliyata izin vermedi\u011fi s\u00f6ylendi. Bekleme odas\u0131ndan ameliyathane haz\u0131rl\u0131k alan\u0131n\u0131 g\u00f6rebiliyordunuz. \u0130nsanlar teker teker i\u00e7eri \u00e7a\u011fr\u0131ld\u0131; ben en son giren oldum, bu y\u00fczden gerginlik hissedilir derecedeydi. Ameliyat \u00f6nl\u00fc\u011f\u00fcn\u00fc giyip oturduktan sonra g\u00f6zlerimiz dezenfekte edildi ve anestezi damlalar\u0131 uyguland\u0131. Ameliyat odas\u0131ndan lazerin so\u011futma fan\u0131n\u0131n tiz sesi ve doktorun komutlar\u0131 geliyordu. Y\u00fcksek g\u00fcr\u00fclt\u00fc seviyesi benim i\u00e7in olduk\u00e7a \u00fcrk\u00fct\u00fcc\u00fcyd\u00fc, belki de daha \u00f6nceki i\u015fimle ilgili ameliyat odas\u0131 ziyaretlerim nispeten sessiz ge\u00e7ti\u011fi i\u00e7indi. Ameliyat odas\u0131na girdikten, masaya uzand\u0131ktan ve ba\u015f\u0131m\u0131 destek yata\u011f\u0131na yerle\u015ftirdikten sonra g\u00f6zlerim tekrar dezenfekte edildi. Ard\u0131ndan g\u00f6z kapa\u011f\u0131 spekulumu yerle\u015ftirildi ve steril \u00f6rt\u00fc uyguland\u0131. Bu noktada, durumun ciddi oldu\u011fu a\u00e7\u0131kt\u0131. Her zaman bakmam gereken ye\u015fil \u0131\u015f\u0131\u011f\u0131n yan\u0131 s\u0131ra, lazerin \u00fcretti\u011fi k\u0131rm\u0131z\u0131 \u0131\u015f\u0131k desenlerini de fark ettim. Doktor her ad\u0131m\u0131 a\u00e7\u0131klad\u0131. Mikrokeratomun emme halkas\u0131n\u0131n uygulanmas\u0131n\u0131 \u00e7ok tats\u0131z buldum. Ac\u0131dan ziyade (hi\u00e7 ac\u0131 yoktu), o anda korneam\u0131n d\u00fczle\u015ftirildi\u011fini ve bir par\u00e7as\u0131n\u0131n kesildi\u011fini fark etmek beni rahats\u0131z etti. Ye\u015fil \u0131\u015f\u0131k da aniden kayboldu ve d\u00fcz ileriye bak\u0131p bakmad\u0131\u011f\u0131m\u0131 anlayamad\u0131m. Bir huzursuzluk hissi i\u00e7ime i\u015fledi. Doktorun k\u0131sa s\u00fcre sonra lazeri kullanaca\u011f\u0131n\u0131 ve bunun sadece otuz saniye s\u00fcrece\u011fini s\u00f6ylemesi ger\u00e7ek bir rahatlamayd\u0131. Yani, yani, otuz saniyeye dayanabilirsiniz. Lazer tedavisinden sonra, flep geriye do\u011fru katland\u0131 ve bir spatula ile bast\u0131r\u0131ld\u0131. \u0130stedi\u011fim\/ihtiya\u00e7 duydu\u011fum k\u0131sa bir aradan sonra, ikinci g\u00f6z\u00fcme ge\u00e7tiler. Buradaki lazer tedavisi daha da k\u0131sa s\u00fcrd\u00fc. Hala biraz dengesiz bir \u015fekilde, ameliyat odas\u0131ndan ilk ad\u0131mlar\u0131m\u0131 att\u0131m. Bulan\u0131k g\u00f6r\u00fc\u015fe ra\u011fmen, g\u00f6zl\u00fcks\u00fcz bile eskisinden daha iyi g\u00f6rebiliyordum. Harika! Ama ameliyat\u0131n bitti\u011fine daha da \u00e7ok sevindim. Bekleme odas\u0131nda, asistanlar ila\u00e7lar\u0131 da\u011f\u0131tt\u0131lar ve ilk kez g\u00f6z damlalar\u0131n\u0131 uygulad\u0131lar. Bana hangi damlalar\u0131 ne zaman, ne s\u0131kl\u0131kla ve benzeri konularda ayr\u0131nt\u0131l\u0131 talimatlar verdiler. Ak\u015fam olmas\u0131na ra\u011fmen, g\u00fcne\u015f g\u00f6zl\u00fc\u011f\u00fcm\u00fc ger\u00e7ekten kullanabilirdim. Yine de, araba fren lambalar\u0131 o kadar g\u00f6z kama\u015ft\u0131r\u0131c\u0131yd\u0131 ki, g\u00f6zlerimi tekrar a\u00e7mak i\u00e7in otele varana kadar beklemeye karar verdim. Ayr\u0131ca sa\u011f g\u00f6z\u00fcmde kum tanesi gibi hafif bir ka\u015f\u0131nt\u0131 hissettim. Sol g\u00f6z\u00fcmde hi\u00e7bir \u015fey yoktu. Yani g\u00f6zleri yanmayan veya ba\u015fka bir \u015fekilde ac\u0131 \u00e7ekmeyen \u015fansl\u0131lardan biriydim. Otelde do\u011fruca yata\u011fa gittim, ancak \u00f6nce t\u00fcm g\u00f6z damlalar\u0131n\u0131 kulland\u0131m. Ertesi sabah, \u0130stanbul&#8217;u g\u00f6zl\u00fcks\u00fcz ilk kez g\u00f6rd\u00fcm. Sa\u011f g\u00f6z\u00fcmdeki hafif ka\u015f\u0131nt\u0131 hala vard\u0131, ama ger\u00e7ekten rahats\u0131z edici de\u011fildi. \u015eimdi, iki ay sonra, g\u00f6zl\u00fcks\u00fcz hayat normale d\u00f6nd\u00fc. \u00d6rne\u011fin araba kullan\u0131rken \u0131\u015f\u0131klar\u0131n etraf\u0131ndaki haleler \u00e7ok daha az fark edilir hale geldi. Genel olarak, karanl\u0131kta g\u00f6r\u00fc\u015f\u00fcm iyile\u015fti. Art\u0131k g\u00fcnd\u00fczleri okuma g\u00f6zl\u00fc\u011f\u00fcne ihtiyac\u0131m var, ama her \u015feye de\u011fdi. Ve bu arada, \u0130stanbul kesinlikle ziyaret etmeye de\u011fer. Marcel Roth Sonraki rapor<\/p>\n","protected":false},"author":4,"featured_media":0,"parent":3973,"menu_order":0,"comment_status":"closed","ping_status":"closed","template":"","meta":{"_joinchat":[],"footnotes":""},"class_list":["post-3993","page","type-page","status-publish","hentry"],"acf":[],"_links":{"self":[{"href":"https:\/\/swisslasik.ch\/tr\/wp-json\/wp\/v2\/pages\/3993","targetHints":{"allow":["GET"]}}],"collection":[{"href":"https:\/\/swisslasik.ch\/tr\/wp-json\/wp\/v2\/pages"}],"about":[{"href":"https:\/\/swisslasik.ch\/tr\/wp-json\/wp\/v2\/types\/page"}],"author":[{"embeddable":true,"href":"https:\/\/swisslasik.ch\/tr\/wp-json\/wp\/v2\/users\/4"}],"replies":[{"embeddable":true,"href":"https:\/\/swisslasik.ch\/tr\/wp-json\/wp\/v2\/comments?post=3993"}],"version-history":[{"count":2,"href":"https:\/\/swisslasik.ch\/tr\/wp-json\/wp\/v2\/pages\/3993\/revisions"}],"predecessor-version":[{"id":4836,"href":"https:\/\/swisslasik.ch\/tr\/wp-json\/wp\/v2\/pages\/3993\/revisions\/4836"}],"up":[{"embeddable":true,"href":"https:\/\/swisslasik.ch\/tr\/wp-json\/wp\/v2\/pages\/3973"}],"wp:attachment":[{"href":"https:\/\/swisslasik.ch\/tr\/wp-json\/wp\/v2\/media?parent=3993"}],"curies":[{"name":"wp","href":"https:\/\/api.w.org\/{rel}","templated":true}]}}