{"id":3995,"date":"2025-09-24T14:31:34","date_gmt":"2025-09-24T13:31:34","guid":{"rendered":"https:\/\/swisslasik.ch\/hasta-deneyimleri-goez-ameliyati-tuerkiye-istanbul\/goezlerime-lazer-tedavisi-yaptirdim-26-kasim-2010-cuma-tarihli-rapor\/"},"modified":"2026-01-14T19:24:56","modified_gmt":"2026-01-14T18:24:56","slug":"goezlerime-lazer-tedavisi-yaptirdim-26-kasim-2010-cuma-tarihli-rapor","status":"publish","type":"page","link":"https:\/\/swisslasik.ch\/tr\/hasta-deneyimleri-goez-ameliyati-tuerkiye-istanbul\/goezlerime-lazer-tedavisi-yaptirdim-26-kasim-2010-cuma-tarihli-rapor\/","title":{"rendered":"G\u00f6zlerime lazer tedavisi yapt\u0131rd\u0131m! 26 Kas\u0131m 2010 Cuma tarihli rapor"},"content":{"rendered":"\n<h3 class=\"wp-block-heading\"><g id=\"gid_0\"><g id=\"gid_1\">G\u00f6zlerime lazer tedavisi yapt\u0131rd\u0131m! <\/g><\/g>\u2013 26 Kas\u0131m 2010 Cuma tarihli rapor <\/h3>\n\n\n\n<p>-11 diyoptri gibi \u00e7ok y\u00fcksek bir g\u00f6zl\u00fck numaram oldu\u011fu ve ilerleyici g\u00f6rme kayb\u0131 ya\u015fad\u0131\u011f\u0131m i\u00e7in lazer g\u00f6z ameliyat\u0131 oldum. SwissLASIK ile nas\u0131l tan\u0131\u015ft\u0131m? \u0130lk olarak on y\u0131l \u00f6nce g\u00f6z ameliyat\u0131n\u0131 d\u00fc\u015f\u00fcnd\u00fcm. Ancak o zamanlar lazer g\u00f6z ameliyat\u0131n\u0131n hala nispeten bilinmedi\u011fi ve g\u00f6zl\u00fck numaram\u0131n lazer tedavisi i\u00e7in \u00e7ok y\u00fcksek oldu\u011fu s\u00f6ylendi. Alt\u0131 ay \u00f6nce \u0130svi\u00e7re&#8217;de konuyu tekrar ele ald\u0131m ve g\u00f6zlerimin genel olarak bu i\u015flem i\u00e7in uygun oldu\u011fu, ancak bu \u00f6zel d\u00fczeltme i\u00e7in uygun olmad\u0131\u011f\u0131 do\u011fruland\u0131. \u0130stanbul&#8217;daki EyeSTAR&#8217;da ameliyat olan k\u0131z karde\u015fim, yurt d\u0131\u015f\u0131nda bir se\u00e7enek olabilece\u011fini bana bildirdi. Hemen Bay Karaaga\u00e7l\u0131 ile ileti\u015fime ge\u00e7tim. \u00c7ok ho\u015f bir g\u00f6r\u00fc\u015fmenin ard\u0131ndan, y\u00fcksek g\u00f6zl\u00fck numaramla m\u00fcmk\u00fcn olup olmad\u0131\u011f\u0131 hala belirsiz oldu\u011fu i\u00e7in lazer ameliyat\u0131 veya lens implant\u0131 ameliyat\u0131na karar verdim. Seyahat tarihi yakla\u015ft\u0131 ve e\u015fim kendili\u011finden gelmeye karar verdi. Havaalan\u0131nda s\u0131cak bir kar\u015f\u0131lama ald\u0131k ve \u0130stanbul&#8217;un ana al\u0131\u015fveri\u015f b\u00f6lgesinin tam kalbinde, m\u00fckemmel bir konumda bulunan otelimize g\u00f6t\u00fcr\u00fcld\u00fck. Ertesi g\u00fcn, anla\u015ft\u0131\u011f\u0131m\u0131z gibi, otel lobisinden zaman\u0131nda al\u0131nd\u0131k ve klini\u011fe g\u00f6t\u00fcr\u00fcld\u00fck. Klinik, otelden be\u015f dakikal\u0131k y\u00fcr\u00fcme mesafesinde. Giri\u015f alan\u0131nda ayakkab\u0131lar\u0131n\u0131z\u0131n \u00fczerine terlik giymeniz gerekiyor. Bekleme alan\u0131 \u00e7ok ayd\u0131nl\u0131k ve rahat d\u00f6\u015fenmi\u015f. Resepsiyon personeli g\u00fcler y\u00fczl\u00fc. Sabah, gerekli t\u00fcm muayeneler yine b\u00fcy\u00fck bir detayla, elbette Almanca konu\u015fan bir destek e\u015fli\u011finde yap\u0131ld\u0131. Doktorla yap\u0131lan sonraki g\u00f6r\u00fc\u015fmede, lazer ameliyat\u0131n\u0131n m\u00fcmk\u00fcn oldu\u011fu, ancak %1-2 oran\u0131nda belirli bir risk ta\u015f\u0131d\u0131\u011f\u0131 bilgisi verildi. \u00d6zellikle bu, araba kullan\u0131rken veya okurken hala g\u00f6zl\u00fck takmam gerekebilece\u011fi anlam\u0131na geliyor. Ameliyat, ekipmanlar\u0131 ar\u0131za nedeniyle kullan\u0131lamaz durumda oldu\u011fu i\u00e7in ak\u015fam farkl\u0131 bir klinikte ger\u00e7ekle\u015ftirildi. Ancak EyeSTAR&#8217;\u0131n orada sa\u011flad\u0131\u011f\u0131 bak\u0131m da m\u00fckemmeldi. D\u00fczeltme i\u015flemim bir dakikadan fazla lazer tedavisi gerektirse de ameliyat iyi ve h\u0131zl\u0131 ge\u00e7ti. G\u00f6zlerim \u00e7ok suland\u0131\u011f\u0131 ve araba farlar\u0131 g\u00f6z\u00fcm\u00fc kama\u015ft\u0131rd\u0131\u011f\u0131 i\u00e7in otele d\u00f6n\u00fc\u015f yolculu\u011fu olduk\u00e7a zordu. Otele vard\u0131\u011f\u0131mda k\u0131sa bir s\u00fcre uzand\u0131m. Sonras\u0131nda kendimi o kadar iyi hissettim ki, ak\u015fam yeme\u011fine gittim ve erken yatt\u0131m. Ertesi sabah her \u015feyi net bir \u015fekilde g\u00f6rebiliyordum, bu daha \u00f6nce benim i\u00e7in asla m\u00fcmk\u00fcn olmam\u0131\u015ft\u0131. \u0130stanbul ayn\u0131 zamanda inan\u0131lmaz say\u0131da gezilecek yeri olan bir \u015fehir. \u0130ki \u00fc\u00e7 g\u00fcn boyunca g\u00f6z\u00fcmde bir kum tanesi varm\u0131\u015f gibi hissettim, ama her \u015feye de\u011fdi ve herkese yeni bir hayata kavu\u015ftu\u011fumu mutlulukla anlat\u0131yorum. Otuz y\u0131ld\u0131r g\u00f6zl\u00fck takt\u0131ktan sonra, g\u00f6zlerimle ilgili b\u00f6yle bir mucizenin nas\u0131l m\u00fcmk\u00fcn oldu\u011funu hayal etmek neredeyse imkans\u0131z. Bunu bir daha olsa yine yapard\u0131m ve daha \u00f6nce yapmad\u0131\u011f\u0131ma neredeyse pi\u015fman\u0131m.                              Nach dem heutigen Augenarztbesuch, einen Monat nach der Operation, ist es mir trotz einer mir aufgefallenen Verschlechterung m\u00f6glich ohne Sehhilfe auszukommen. Der Arzt empfiehlt mir weiterhin die Augentropfen zu nehmen, da meine Augen sehr trocken sind. Nach wie vor sind meine Augen noch nicht stabil genug, um ein abschliessendes Resume zu ziehen.  <\/p>\n\n\n\n<div class=\"wp-block-group is-layout-grid wp-container-core-group-is-layout-baef362d wp-block-group-is-layout-grid\">\n<p><a href=\"https:\/\/medicaltravel.at\/home\/agb\/\" data-type=\"page\" data-id=\"2191\" rel=\"nofollow noopener\" target=\"_blank\"><\/a><a href=\"https:\/\/swisslasik.ch\/tr\/hasta-deneyimleri-goez-ameliyati-tuerkiye-istanbul\/isvicre-bakim-konusunda-oegrenebilecegi-bir-iki-sey-var-30-kasim-2010-sali-tarihli-rapor\/\" data-type=\"link\" data-id=\"https:\/\/swisslasik.ch\/tr\/hasta-deneyimleri-goez-ameliyati-tuerkiye-istanbul\/isvicre-bakim-konusunda-oegrenebilecegi-bir-iki-sey-var-30-kasim-2010-sali-tarihli-rapor\/\">\u00d6nceki rapor<\/a><\/p>\n\n\n\n<p class=\"has-text-align-right wp-container-content-5e2576f9\"><a href=\"https:\/\/medicaltravel.at\/home\/impressum\/\" data-type=\"page\" data-id=\"2193\" rel=\"nofollow noopener\" target=\"_blank\"><\/a><a href=\"https:\/\/medicaltravel.at\/home\/berichte-von-patienten\/erfahrungsberichte\/erfahrungsbericht-zahnbehandlung-in-istanbul\/\" data-type=\"page\" data-id=\"981\" rel=\"nofollow noopener\" target=\"_blank\"><\/a><a href=\"https:\/\/swisslasik.ch\/tr\/hasta-deneyimleri-goez-ameliyati-tuerkiye-istanbul\/istanbulda-gecirdigim-lazer-ameliyatim-24-agustos-2010-sali-tarihli-rapor\/\" data-type=\"link\" data-id=\"https:\/\/swisslasik.ch\/patientenerfahrungen-augenoperation-tuerkei\/meine-laserop-in-istanbul-bericht-vom-dienstag-24-august-2010\/\">Sonraki rapor<\/a><\/p>\n<\/div>\n","protected":false},"excerpt":{"rendered":"<p>G\u00f6zlerime lazer tedavisi yapt\u0131rd\u0131m! \u2013 26 Kas\u0131m 2010 Cuma tarihli rapor -11 diyoptri gibi \u00e7ok y\u00fcksek bir g\u00f6zl\u00fck numaram oldu\u011fu ve ilerleyici g\u00f6rme kayb\u0131 ya\u015fad\u0131\u011f\u0131m i\u00e7in lazer g\u00f6z ameliyat\u0131 oldum. SwissLASIK ile nas\u0131l tan\u0131\u015ft\u0131m? \u0130lk olarak on y\u0131l \u00f6nce g\u00f6z ameliyat\u0131n\u0131 d\u00fc\u015f\u00fcnd\u00fcm. Ancak o zamanlar lazer g\u00f6z ameliyat\u0131n\u0131n hala nispeten bilinmedi\u011fi ve g\u00f6zl\u00fck numaram\u0131n lazer tedavisi i\u00e7in \u00e7ok y\u00fcksek oldu\u011fu s\u00f6ylendi. Alt\u0131 ay \u00f6nce \u0130svi\u00e7re&#8217;de konuyu tekrar ele ald\u0131m ve g\u00f6zlerimin genel olarak bu i\u015flem i\u00e7in uygun oldu\u011fu, ancak bu \u00f6zel d\u00fczeltme i\u00e7in uygun olmad\u0131\u011f\u0131 do\u011fruland\u0131. \u0130stanbul&#8217;daki EyeSTAR&#8217;da ameliyat olan k\u0131z karde\u015fim, yurt d\u0131\u015f\u0131nda bir se\u00e7enek olabilece\u011fini bana bildirdi. Hemen Bay Karaaga\u00e7l\u0131 ile ileti\u015fime ge\u00e7tim. \u00c7ok ho\u015f bir g\u00f6r\u00fc\u015fmenin ard\u0131ndan, y\u00fcksek g\u00f6zl\u00fck numaramla m\u00fcmk\u00fcn olup olmad\u0131\u011f\u0131 hala belirsiz oldu\u011fu i\u00e7in lazer ameliyat\u0131 veya lens implant\u0131 ameliyat\u0131na karar verdim. Seyahat tarihi yakla\u015ft\u0131 ve e\u015fim kendili\u011finden gelmeye karar verdi. Havaalan\u0131nda s\u0131cak bir kar\u015f\u0131lama ald\u0131k ve \u0130stanbul&#8217;un ana al\u0131\u015fveri\u015f b\u00f6lgesinin tam kalbinde, m\u00fckemmel bir konumda bulunan otelimize g\u00f6t\u00fcr\u00fcld\u00fck. Ertesi g\u00fcn, anla\u015ft\u0131\u011f\u0131m\u0131z gibi, otel lobisinden zaman\u0131nda al\u0131nd\u0131k ve klini\u011fe g\u00f6t\u00fcr\u00fcld\u00fck. Klinik, otelden be\u015f dakikal\u0131k y\u00fcr\u00fcme mesafesinde. Giri\u015f alan\u0131nda ayakkab\u0131lar\u0131n\u0131z\u0131n \u00fczerine terlik giymeniz gerekiyor. Bekleme alan\u0131 \u00e7ok ayd\u0131nl\u0131k ve rahat d\u00f6\u015fenmi\u015f. Resepsiyon personeli g\u00fcler y\u00fczl\u00fc. Sabah, gerekli t\u00fcm muayeneler yine b\u00fcy\u00fck bir detayla, elbette Almanca konu\u015fan bir destek e\u015fli\u011finde yap\u0131ld\u0131. Doktorla yap\u0131lan sonraki g\u00f6r\u00fc\u015fmede, lazer ameliyat\u0131n\u0131n m\u00fcmk\u00fcn oldu\u011fu, ancak %1-2 oran\u0131nda belirli bir risk ta\u015f\u0131d\u0131\u011f\u0131 bilgisi verildi. \u00d6zellikle bu, araba kullan\u0131rken veya okurken hala g\u00f6zl\u00fck takmam gerekebilece\u011fi anlam\u0131na geliyor. Ameliyat, ekipmanlar\u0131 ar\u0131za nedeniyle kullan\u0131lamaz durumda oldu\u011fu i\u00e7in ak\u015fam farkl\u0131 bir klinikte ger\u00e7ekle\u015ftirildi. Ancak EyeSTAR&#8217;\u0131n orada sa\u011flad\u0131\u011f\u0131 bak\u0131m da m\u00fckemmeldi. D\u00fczeltme i\u015flemim bir dakikadan fazla lazer tedavisi gerektirse de ameliyat iyi ve h\u0131zl\u0131 ge\u00e7ti. G\u00f6zlerim \u00e7ok suland\u0131\u011f\u0131 ve araba farlar\u0131 g\u00f6z\u00fcm\u00fc kama\u015ft\u0131rd\u0131\u011f\u0131 i\u00e7in otele d\u00f6n\u00fc\u015f yolculu\u011fu olduk\u00e7a zordu. Otele vard\u0131\u011f\u0131mda k\u0131sa bir s\u00fcre uzand\u0131m. Sonras\u0131nda kendimi o kadar iyi hissettim ki, ak\u015fam yeme\u011fine gittim ve erken yatt\u0131m. Ertesi sabah her \u015feyi net bir \u015fekilde g\u00f6rebiliyordum, bu daha \u00f6nce benim i\u00e7in asla m\u00fcmk\u00fcn olmam\u0131\u015ft\u0131. \u0130stanbul ayn\u0131 zamanda inan\u0131lmaz say\u0131da gezilecek yeri olan bir \u015fehir. \u0130ki \u00fc\u00e7 g\u00fcn boyunca g\u00f6z\u00fcmde bir kum tanesi varm\u0131\u015f gibi hissettim, ama her \u015feye de\u011fdi ve herkese yeni bir hayata kavu\u015ftu\u011fumu mutlulukla anlat\u0131yorum. Otuz y\u0131ld\u0131r g\u00f6zl\u00fck takt\u0131ktan sonra, g\u00f6zlerimle ilgili b\u00f6yle bir mucizenin nas\u0131l m\u00fcmk\u00fcn oldu\u011funu hayal etmek neredeyse imkans\u0131z. Bunu bir daha olsa yine yapard\u0131m ve daha \u00f6nce yapmad\u0131\u011f\u0131ma neredeyse pi\u015fman\u0131m. Nach dem heutigen Augenarztbesuch, einen Monat nach der Operation, ist es mir trotz einer mir aufgefallenen Verschlechterung m\u00f6glich ohne Sehhilfe auszukommen. Der Arzt empfiehlt mir weiterhin die Augentropfen zu nehmen, da meine Augen sehr trocken sind. Nach wie vor sind meine Augen noch nicht stabil genug, um ein abschliessendes Resume zu ziehen. \u00d6nceki rapor Sonraki rapor<\/p>\n","protected":false},"author":4,"featured_media":0,"parent":3973,"menu_order":0,"comment_status":"closed","ping_status":"closed","template":"","meta":{"_joinchat":[],"footnotes":""},"class_list":["post-3995","page","type-page","status-publish","hentry"],"acf":[],"_links":{"self":[{"href":"https:\/\/swisslasik.ch\/tr\/wp-json\/wp\/v2\/pages\/3995","targetHints":{"allow":["GET"]}}],"collection":[{"href":"https:\/\/swisslasik.ch\/tr\/wp-json\/wp\/v2\/pages"}],"about":[{"href":"https:\/\/swisslasik.ch\/tr\/wp-json\/wp\/v2\/types\/page"}],"author":[{"embeddable":true,"href":"https:\/\/swisslasik.ch\/tr\/wp-json\/wp\/v2\/users\/4"}],"replies":[{"embeddable":true,"href":"https:\/\/swisslasik.ch\/tr\/wp-json\/wp\/v2\/comments?post=3995"}],"version-history":[{"count":7,"href":"https:\/\/swisslasik.ch\/tr\/wp-json\/wp\/v2\/pages\/3995\/revisions"}],"predecessor-version":[{"id":4807,"href":"https:\/\/swisslasik.ch\/tr\/wp-json\/wp\/v2\/pages\/3995\/revisions\/4807"}],"up":[{"embeddable":true,"href":"https:\/\/swisslasik.ch\/tr\/wp-json\/wp\/v2\/pages\/3973"}],"wp:attachment":[{"href":"https:\/\/swisslasik.ch\/tr\/wp-json\/wp\/v2\/media?parent=3995"}],"curies":[{"name":"wp","href":"https:\/\/api.w.org\/{rel}","templated":true}]}}