{"id":4000,"date":"2025-09-24T14:31:01","date_gmt":"2025-09-24T13:31:01","guid":{"rendered":"https:\/\/swisslasik.ch\/hasta-deneyimleri-goez-ameliyati-tuerkiye-istanbul\/isvicre-bakim-konusunda-oegrenebilecegi-bir-iki-sey-var-30-kasim-2010-sali-tarihli-rapor\/"},"modified":"2026-01-14T19:23:35","modified_gmt":"2026-01-14T18:23:35","slug":"isvicre-bakim-konusunda-oegrenebilecegi-bir-iki-sey-var-30-kasim-2010-sali-tarihli-rapor","status":"publish","type":"page","link":"https:\/\/swisslasik.ch\/tr\/hasta-deneyimleri-goez-ameliyati-tuerkiye-istanbul\/isvicre-bakim-konusunda-oegrenebilecegi-bir-iki-sey-var-30-kasim-2010-sali-tarihli-rapor\/","title":{"rendered":"\u0130svi\u00e7re, bak\u0131m konusunda \u00f6\u011frenebilece\u011fi bir iki \u015fey var \u2013 30 Kas\u0131m 2010 Sal\u0131 tarihli rapor"},"content":{"rendered":"\n<h3 class=\"wp-block-heading\">\u0130svi\u00e7re, bak\u0131m konusunda \u00f6\u011frenebilece\u011fi bir iki \u015fey var \u2013 30 Kas\u0131m 2010 Sal\u0131 tarihli rapor<\/h3>\n\n\n\n<p>23 Ekim, o g\u00fcn nihayet gelmi\u015fti. Yakla\u015f\u0131k 15 y\u0131l kontakt lens ve g\u00f6zl\u00fck kulland\u0131ktan sonra, sonunda g\u00f6zlerimi lazerle ald\u0131rmaya karar verdim. Bu karar\u0131 nas\u0131l ald\u0131m? \u00c7ok basit: kendili\u011finden! Art\u0131k kontakt lenslere tahamm\u00fcl edemedi\u011fim ve g\u00f6zl\u00fcklerimden nefret etti\u011fim i\u00e7in, \u00e7ok k\u0131sa bir d\u00fc\u015f\u00fcnme s\u00fcreci oldu. Tamam, herkes bunu T\u00fcrkiye&#8217;de yapt\u0131rmay\u0131 d\u00fc\u015f\u00fcnm\u00fcyor (en az\u0131ndan tan\u0131d\u0131\u011f\u0131m insanlar). Ama televizyonda birka\u00e7 haber g\u00f6rd\u00fcm ve internette biraz ara\u015ft\u0131rma yapt\u0131m ve b\u00f6ylece bu web sitesine ula\u015ft\u0131m: swisslasik\u2026 Bu 2009 yaz\u0131ndayd\u0131. Bana baz\u0131 bilgiler g\u00f6nderildi ve telefonla ileti\u015fime ge\u00e7tim. Ondan sonra, sadece randevu almak meselesiydi. Dedi\u011fim gibi, her \u015fey 22 Ekim&#8217;de ba\u015flad\u0131. Annemle birlikte \u0130stanbul&#8217;a u\u00e7tuk. M\u00fckemmel Almanca konu\u015fan son derece g\u00fcler y\u00fczl\u00fc bir \u00e7al\u0131\u015fan taraf\u0131ndan kar\u015f\u0131land\u0131k ve otele g\u00f6t\u00fcr\u00fcld\u00fck. Ertesi sabah, ba\u015fka bir hasta ile birlikte Z\u00fcrih&#8217;ten al\u0131nd\u0131k ve otelden sadece 5 dakikal\u0131k y\u00fcr\u00fcme mesafesindeki klini\u011fe g\u00f6t\u00fcr\u00fcld\u00fck. Herkes yine \u00e7ok cana yak\u0131nd\u0131 ve \u00f6n muayene \u00e7ok h\u0131zl\u0131 ge\u00e7ti. Ameliyat\u0131n iki saat sonra olaca\u011f\u0131 s\u00f6ylendi. Biraz gergin hissetmeye ba\u015flam\u0131\u015ft\u0131m, ama daha \u00e7ok heyecandan! Klini\u011fimizde teknik sorunlar oldu\u011fu i\u00e7in, d\u0131\u015far\u0131dan bile 5 y\u0131ld\u0131zl\u0131 bir otele benzeyen ba\u015fka bir klini\u011fe g\u00f6t\u00fcr\u00fcld\u00fck. Lazer tedavisi yakla\u015f\u0131k 20 saniye s\u00fcrd\u00fc ve t\u00fcm i\u015flem boyunca, san\u0131r\u0131m ad\u0131 Fred olan g\u00fcler y\u00fczl\u00fc \u015fof\u00f6r\u00fcm\u00fcz her zaman yan\u0131mdayd\u0131, doktorun s\u00f6ylediklerini terc\u00fcme ediyordu, bu da kendimi \u00e7ok g\u00fcvende ve rahat hissetmemi sa\u011flad\u0131! Her \u015fey bitti\u011finde, d\u00f6rd\u00fcm\u00fcz (\u00fc\u00e7 hasta ve annem) otele geri g\u00f6t\u00fcr\u00fcld\u00fck. \u0130lk ak\u015fam \u00e7ok tats\u0131zd\u0131, ac\u0131dan de\u011fil, \u0131\u015f\u0131\u011fa \u00e7ok duyarl\u0131 oldu\u011funuz i\u00e7in. Bu y\u00fczden, ilk 10 g\u00fcn g\u00f6zlerinizi ovman\u0131za izin verilmedi\u011fi i\u00e7in, hemen yata\u011fa gitmek, damlalar\u0131 almak ve g\u00f6z pedlerini takmak en iyisi. Ama ertesi g\u00fcn neredeyse %100 g\u00f6rebiliyordum ve takip muayenesi olumlu ge\u00e7ti. Annemle birlikte g\u00fcne\u015fli ve 23 derece s\u0131cakl\u0131kta, tabii ki g\u00fcne\u015f g\u00f6zl\u00fc\u011f\u00fc takarak geziye \u00e7\u0131kt\u0131k! Her \u015feyi hi\u00e7bir yard\u0131mc\u0131 ara\u00e7 olmadan g\u00f6rebilmek harika bir \u015fey! Bu klini\u011fi herkese g\u00f6n\u00fclden tavsiye ederim. Otel, kar\u015f\u0131lama servisi ve bak\u0131m konusundaki organizasyon tek kelimeyle ola\u011fan\u00fcst\u00fc!!! Ve fiyat\u0131 da, \u0130svi\u00e7re ile kar\u015f\u0131la\u015ft\u0131r\u0131ld\u0131\u011f\u0131nda, inan\u0131lmaz! \u00dc\u00e7 hafta oldu ve \u0130svi\u00e7re&#8217;de, tabii ki fiyata dahil olan takip muayenemi de yapt\u0131rd\u0131m. Her \u015fey yolunda ve hala g\u00f6zl\u00fck veya kontakt lens olmadan tamamen g\u00f6rebildi\u011fime inanam\u0131yorum. Sabah uyand\u0131\u011f\u0131n\u0131zda g\u00f6zl\u00fcklerinizi aramak zorunda kalm\u0131yorsunuz!!!! \u00d6nemli olan, size verilen damlalar\u0131 d\u00fczenli olarak ve nemlendirici damlalar\u0131 uzun s\u00fcre kullanmak!! Eye-Star&#8217;daki herkese tekrar y\u00fcrekten te\u015fekk\u00fcr etmek istiyorum; harika bir deneyim ve daha da iyi bir sonu\u00e7tu! Umar\u0131m, T\u00fcrkiye&#8217;de bu t\u00fcr \u015feylerin g\u00fcvenli olmad\u0131\u011f\u0131n\u0131 d\u00fc\u015f\u00fcnenlere farkl\u0131 bir tablo g\u00f6sterebilmi\u015fimdir; \u00e7\u00fcnk\u00fc \u0130svi\u00e7re hatta Almanya bile m\u00fc\u015fteri hizmetleri konusunda bir \u015feyler \u00f6\u011frenebilir :-)) Z\u00fcrih&#8217;ten en i\u00e7ten selamlar ve tekrar \u00e7ok te\u015fekk\u00fcrler! Stephanie Wegner<\/p>\n\n\n\n<figure class=\"wp-block-image size-full\"><img decoding=\"async\" width=\"68\" height=\"90\" src=\"https:\/\/swisslasik.ch\/wp-content\/uploads\/2025\/09\/csm_Istanbul_2010_053_9869162d55.jpg\" alt=\"\" class=\"wp-image-548\"\/><\/figure>\n\n\n\n<div class=\"wp-block-group is-layout-grid wp-container-core-group-is-layout-baef362d wp-block-group-is-layout-grid\">\n<p><a href=\"https:\/\/medicaltravel.at\/home\/agb\/\" data-type=\"page\" data-id=\"2191\" rel=\"nofollow noopener\" target=\"_blank\"><\/a><a href=\"https:\/\/swisslasik.ch\/tr\/hasta-deneyimleri-goez-ameliyati-tuerkiye-istanbul\/istanbulda-kasim-2010da-yaptirdigim-lazer-tedavisi-5-aralik-2010-pazar-tarihli-rapor\/\" data-type=\"link\" data-id=\"https:\/\/swisslasik.ch\/tr\/hasta-deneyimleri-goez-ameliyati-tuerkiye-istanbul\/istanbulda-kasim-2010da-yaptirdigim-lazer-tedavisi-5-aralik-2010-pazar-tarihli-rapor\/\">\u00d6nceki rapor<\/a><\/p>\n\n\n\n<p class=\"has-text-align-right wp-container-content-5e2576f9\"><a href=\"https:\/\/medicaltravel.at\/home\/impressum\/\" data-type=\"page\" data-id=\"2193\" rel=\"nofollow noopener\" target=\"_blank\"><\/a><a href=\"https:\/\/medicaltravel.at\/home\/berichte-von-patienten\/erfahrungsberichte\/erfahrungsbericht-zahnbehandlung-in-istanbul\/\" data-type=\"page\" data-id=\"981\" rel=\"nofollow noopener\" target=\"_blank\"><\/a><a href=\"https:\/\/swisslasik.ch\/tr\/hasta-deneyimleri-goez-ameliyati-tuerkiye-istanbul\/goezlerime-lazer-tedavisi-yaptirdim-26-kasim-2010-cuma-tarihli-rapor\/\" data-type=\"link\" data-id=\"https:\/\/swisslasik.ch\/patientenerfahrungen-augenoperation-tuerkei\/ich-habe-meine-augen-lasern-lassen-bericht-vom-freitag-26-november-2010\/\">Sonraki rapor<\/a><\/p>\n<\/div>\n","protected":false},"excerpt":{"rendered":"<p>\u0130svi\u00e7re, bak\u0131m konusunda \u00f6\u011frenebilece\u011fi bir iki \u015fey var \u2013 30 Kas\u0131m 2010 Sal\u0131 tarihli rapor 23 Ekim, o g\u00fcn nihayet gelmi\u015fti. Yakla\u015f\u0131k 15 y\u0131l kontakt lens ve g\u00f6zl\u00fck kulland\u0131ktan sonra, sonunda g\u00f6zlerimi lazerle ald\u0131rmaya karar verdim. Bu karar\u0131 nas\u0131l ald\u0131m? \u00c7ok basit: kendili\u011finden! Art\u0131k kontakt lenslere tahamm\u00fcl edemedi\u011fim ve g\u00f6zl\u00fcklerimden nefret etti\u011fim i\u00e7in, \u00e7ok k\u0131sa bir d\u00fc\u015f\u00fcnme s\u00fcreci oldu. Tamam, herkes bunu T\u00fcrkiye&#8217;de yapt\u0131rmay\u0131 d\u00fc\u015f\u00fcnm\u00fcyor (en az\u0131ndan tan\u0131d\u0131\u011f\u0131m insanlar). Ama televizyonda birka\u00e7 haber g\u00f6rd\u00fcm ve internette biraz ara\u015ft\u0131rma yapt\u0131m ve b\u00f6ylece bu web sitesine ula\u015ft\u0131m: swisslasik\u2026 Bu 2009 yaz\u0131ndayd\u0131. Bana baz\u0131 bilgiler g\u00f6nderildi ve telefonla ileti\u015fime ge\u00e7tim. Ondan sonra, sadece randevu almak meselesiydi. Dedi\u011fim gibi, her \u015fey 22 Ekim&#8217;de ba\u015flad\u0131. Annemle birlikte \u0130stanbul&#8217;a u\u00e7tuk. M\u00fckemmel Almanca konu\u015fan son derece g\u00fcler y\u00fczl\u00fc bir \u00e7al\u0131\u015fan taraf\u0131ndan kar\u015f\u0131land\u0131k ve otele g\u00f6t\u00fcr\u00fcld\u00fck. Ertesi sabah, ba\u015fka bir hasta ile birlikte Z\u00fcrih&#8217;ten al\u0131nd\u0131k ve otelden sadece 5 dakikal\u0131k y\u00fcr\u00fcme mesafesindeki klini\u011fe g\u00f6t\u00fcr\u00fcld\u00fck. Herkes yine \u00e7ok cana yak\u0131nd\u0131 ve \u00f6n muayene \u00e7ok h\u0131zl\u0131 ge\u00e7ti. Ameliyat\u0131n iki saat sonra olaca\u011f\u0131 s\u00f6ylendi. Biraz gergin hissetmeye ba\u015flam\u0131\u015ft\u0131m, ama daha \u00e7ok heyecandan! Klini\u011fimizde teknik sorunlar oldu\u011fu i\u00e7in, d\u0131\u015far\u0131dan bile 5 y\u0131ld\u0131zl\u0131 bir otele benzeyen ba\u015fka bir klini\u011fe g\u00f6t\u00fcr\u00fcld\u00fck. Lazer tedavisi yakla\u015f\u0131k 20 saniye s\u00fcrd\u00fc ve t\u00fcm i\u015flem boyunca, san\u0131r\u0131m ad\u0131 Fred olan g\u00fcler y\u00fczl\u00fc \u015fof\u00f6r\u00fcm\u00fcz her zaman yan\u0131mdayd\u0131, doktorun s\u00f6ylediklerini terc\u00fcme ediyordu, bu da kendimi \u00e7ok g\u00fcvende ve rahat hissetmemi sa\u011flad\u0131! Her \u015fey bitti\u011finde, d\u00f6rd\u00fcm\u00fcz (\u00fc\u00e7 hasta ve annem) otele geri g\u00f6t\u00fcr\u00fcld\u00fck. \u0130lk ak\u015fam \u00e7ok tats\u0131zd\u0131, ac\u0131dan de\u011fil, \u0131\u015f\u0131\u011fa \u00e7ok duyarl\u0131 oldu\u011funuz i\u00e7in. Bu y\u00fczden, ilk 10 g\u00fcn g\u00f6zlerinizi ovman\u0131za izin verilmedi\u011fi i\u00e7in, hemen yata\u011fa gitmek, damlalar\u0131 almak ve g\u00f6z pedlerini takmak en iyisi. Ama ertesi g\u00fcn neredeyse %100 g\u00f6rebiliyordum ve takip muayenesi olumlu ge\u00e7ti. Annemle birlikte g\u00fcne\u015fli ve 23 derece s\u0131cakl\u0131kta, tabii ki g\u00fcne\u015f g\u00f6zl\u00fc\u011f\u00fc takarak geziye \u00e7\u0131kt\u0131k! Her \u015feyi hi\u00e7bir yard\u0131mc\u0131 ara\u00e7 olmadan g\u00f6rebilmek harika bir \u015fey! Bu klini\u011fi herkese g\u00f6n\u00fclden tavsiye ederim. Otel, kar\u015f\u0131lama servisi ve bak\u0131m konusundaki organizasyon tek kelimeyle ola\u011fan\u00fcst\u00fc!!! Ve fiyat\u0131 da, \u0130svi\u00e7re ile kar\u015f\u0131la\u015ft\u0131r\u0131ld\u0131\u011f\u0131nda, inan\u0131lmaz! \u00dc\u00e7 hafta oldu ve \u0130svi\u00e7re&#8217;de, tabii ki fiyata dahil olan takip muayenemi de yapt\u0131rd\u0131m. Her \u015fey yolunda ve hala g\u00f6zl\u00fck veya kontakt lens olmadan tamamen g\u00f6rebildi\u011fime inanam\u0131yorum. Sabah uyand\u0131\u011f\u0131n\u0131zda g\u00f6zl\u00fcklerinizi aramak zorunda kalm\u0131yorsunuz!!!! \u00d6nemli olan, size verilen damlalar\u0131 d\u00fczenli olarak ve nemlendirici damlalar\u0131 uzun s\u00fcre kullanmak!! Eye-Star&#8217;daki herkese tekrar y\u00fcrekten te\u015fekk\u00fcr etmek istiyorum; harika bir deneyim ve daha da iyi bir sonu\u00e7tu! Umar\u0131m, T\u00fcrkiye&#8217;de bu t\u00fcr \u015feylerin g\u00fcvenli olmad\u0131\u011f\u0131n\u0131 d\u00fc\u015f\u00fcnenlere farkl\u0131 bir tablo g\u00f6sterebilmi\u015fimdir; \u00e7\u00fcnk\u00fc \u0130svi\u00e7re hatta Almanya bile m\u00fc\u015fteri hizmetleri konusunda bir \u015feyler \u00f6\u011frenebilir :-)) Z\u00fcrih&#8217;ten en i\u00e7ten selamlar ve tekrar \u00e7ok te\u015fekk\u00fcrler! Stephanie Wegner \u00d6nceki rapor Sonraki rapor<\/p>\n","protected":false},"author":4,"featured_media":0,"parent":3973,"menu_order":0,"comment_status":"closed","ping_status":"closed","template":"","meta":{"_joinchat":[],"footnotes":""},"class_list":["post-4000","page","type-page","status-publish","hentry"],"acf":[],"_links":{"self":[{"href":"https:\/\/swisslasik.ch\/tr\/wp-json\/wp\/v2\/pages\/4000","targetHints":{"allow":["GET"]}}],"collection":[{"href":"https:\/\/swisslasik.ch\/tr\/wp-json\/wp\/v2\/pages"}],"about":[{"href":"https:\/\/swisslasik.ch\/tr\/wp-json\/wp\/v2\/types\/page"}],"author":[{"embeddable":true,"href":"https:\/\/swisslasik.ch\/tr\/wp-json\/wp\/v2\/users\/4"}],"replies":[{"embeddable":true,"href":"https:\/\/swisslasik.ch\/tr\/wp-json\/wp\/v2\/comments?post=4000"}],"version-history":[{"count":2,"href":"https:\/\/swisslasik.ch\/tr\/wp-json\/wp\/v2\/pages\/4000\/revisions"}],"predecessor-version":[{"id":4806,"href":"https:\/\/swisslasik.ch\/tr\/wp-json\/wp\/v2\/pages\/4000\/revisions\/4806"}],"up":[{"embeddable":true,"href":"https:\/\/swisslasik.ch\/tr\/wp-json\/wp\/v2\/pages\/3973"}],"wp:attachment":[{"href":"https:\/\/swisslasik.ch\/tr\/wp-json\/wp\/v2\/media?parent=4000"}],"curies":[{"name":"wp","href":"https:\/\/api.w.org\/{rel}","templated":true}]}}