{"id":4006,"date":"2025-09-24T14:44:27","date_gmt":"2025-09-24T13:44:27","guid":{"rendered":"https:\/\/swisslasik.ch\/hasta-deneyimleri-goez-ameliyati-tuerkiye-istanbul\/lasik-deneyim-raporu-mayis-2009-istanbul-28-mayis-2009-persembe-tarihli-rapor\/"},"modified":"2026-01-14T19:47:16","modified_gmt":"2026-01-14T18:47:16","slug":"lasik-deneyim-raporu-mayis-2009-istanbul-28-mayis-2009-persembe-tarihli-rapor","status":"publish","type":"page","link":"https:\/\/swisslasik.ch\/tr\/hasta-deneyimleri-goez-ameliyati-tuerkiye-istanbul\/lasik-deneyim-raporu-mayis-2009-istanbul-28-mayis-2009-persembe-tarihli-rapor\/","title":{"rendered":"LASIK \u2013 Deneyim Raporu May\u0131s 2009 \u0130stanbul \u2013 28 May\u0131s 2009 Per\u015fembe tarihli rapor"},"content":{"rendered":"\n<h3 class=\"wp-block-heading\">LASIK \u2013 Deneyim Raporu May\u0131s 2009 \u0130stanbul \u2013 28 May\u0131s 2009 Per\u015fembe tarihli rapor<\/h3>\n\n\n\n<p>22 May\u0131s 2009&#8217;da \u0130stanbul&#8217;da lazer g\u00f6z ameliyat\u0131 oldum. Y\u0131l ba\u015f\u0131ndan beri g\u00f6zlerimi lazerle tedavi ettirmeyi d\u00fc\u015f\u00fcn\u00fcyordum. Astigmat ve -1.75 ile -2.00 diyoptri de\u011ferlerim vard\u0131. E\u015fim ameliyat\u0131 \u00f6nerdi. Biraz teredd\u00fctl\u00fcyd\u00fcm ve internetteki forumlarda referanslar arad\u0131m. Sonunda cesaretimi toplay\u0131p klinik aramaya ba\u015flad\u0131\u011f\u0131mda biraz hayal k\u0131r\u0131kl\u0131\u011f\u0131na u\u011frad\u0131m. Olten&#8217;deki evime en yak\u0131n klinik, her iki g\u00f6z\u00fcn lazerle tedavisi i\u00e7in 6000 CHF&#8217;den fazla \u00fccret talep ediyordu ki bu benim i\u00e7in \u00e7ok para. Bir s\u00fcre bu fikirden vazge\u00e7tim, ama g\u00f6zl\u00fcks\u00fcz ya\u015faman\u0131n nas\u0131l olaca\u011f\u0131n\u0131 hayal etmekten kendimi alamad\u0131m. Bu y\u00fczden \u0130svi\u00e7re&#8217;deki di\u011fer klinikleri internetten aramaya ba\u015flad\u0131m. Tesad\u00fcfen, bu aramalardan birinde swisslasik.ch sitesine rastlad\u0131m. swisslasik.ch sitesini detayl\u0131ca okuduktan sonra, Bay Karaagacli&#8217;ye ne zaman seyahat edebilece\u011fimi ve maliyetinin ne kadar olaca\u011f\u0131n\u0131 sormak i\u00e7in e-posta g\u00f6nderdim. \u00d6zellikle fiyat\u0131 nedeniyle bu \u015firketle ilgilenmi\u015ftim, \u00e7\u00fcnk\u00fc ameliyat, otel ve u\u00e7ak bileti masraflar\u0131n\u0131n yakla\u015f\u0131k yar\u0131s\u0131n\u0131 \u00f6deyecektim. H\u0131zl\u0131 bir \u015fekilde yan\u0131t ald\u0131m ve onlarla ileti\u015fime ge\u00e7tikten sadece bir ay sonra \u0130stanbul&#8217;a seyahat ettim. Swisslasik.ch benim i\u00e7in her \u015feyi organize etti; sadece kalk\u0131\u015f tarihimi ve \u00f6demeyi belirtmem gerekiyordu. Bana g\u00f6nderdikleri bir kitap\u00e7\u0131kta, klinik ve otel adresleri, u\u00e7u\u015f detaylar\u0131 ve beni havaalan\u0131ndan alacak ki\u015finin telefon numaras\u0131 da dahil olmak \u00fczere gerekli t\u00fcm bilgiler yer al\u0131yordu. \u0130stanbul&#8217;a vard\u0131\u011f\u0131mda her \u015fey sorunsuz ilerledi. Havaalan\u0131ndan Almanya&#8217;dan ba\u015fka bir ki\u015fiyle birlikte al\u0131nd\u0131m ve otele g\u00f6t\u00fcr\u00fcld\u00fcm. Ertesi sabah otelden al\u0131nd\u0131m ve hemen k\u00f6\u015fede bulunan klini\u011fe g\u00f6t\u00fcr\u00fcld\u00fcm. Orada g\u00f6zlerim muayene edildi. \u0130ki saat sonra serbest b\u0131rak\u0131ld\u0131m ve \u00fc\u00e7 saat sonra geri d\u00f6nmem s\u00f6ylendi. Hafif k\u00f6r ve g\u00f6z damlalar\u0131ndan dolay\u0131 \u0131\u015f\u0131\u011fa duyarl\u0131 oldu\u011fum i\u00e7in, Bo\u011faz&#8217;daki Dolmabah\u00e7e Saray\u0131&#8217;na kadar y\u00fcr\u00fcd\u00fcm ve geri d\u00f6nd\u00fcm ve s\u00f6ylendi\u011fi gibi bir \u015feyler de yedim. Daha sonra di\u011fer \u00fc\u00e7 hastayla birlikte klini\u011fin \u00fcst kat\u0131na g\u00f6t\u00fcr\u00fcld\u00fcm. Benden \u00f6nce iki hasta daha muayene edildi. \u0130kinci hasta ameliyat edilirken, \u00fcnl\u00fc masaj koltu\u011funda oturmama izin verildi. Ameliyat\u0131n kendisi \u00e7ok h\u0131zl\u0131yd\u0131 ve ilk \u015f\u00fcphelerime ra\u011fmen, uyu\u015fturucu g\u00f6z damlalar\u0131 ger\u00e7ekten g\u00f6zlerimi uyu\u015fturdu, bu y\u00fczden hi\u00e7 ac\u0131 hissetmedim. Her zaman ye\u015fil \u0131\u015f\u0131\u011fa bakma talimat\u0131n\u0131 takip etmek de zor de\u011fildi. Lazer biraz ses \u00e7\u0131kard\u0131 ve yanm\u0131\u015f sa\u00e7 kokusunu and\u0131ran bir koku vard\u0131. Her iki g\u00f6z\u00fcm de ameliyat edildikten sonra, karanl\u0131k bir odaya g\u00f6t\u00fcr\u00fcld\u00fcm. Bir s\u00fcre sonra, beni al\u0131p klini\u011fin alt kat\u0131na g\u00f6t\u00fcrd\u00fcler. Bana ve di\u011fer hastalara eve g\u00f6t\u00fcrmek i\u00e7in g\u00f6z damlalar\u0131 verildi ve otele gitmemize izin verildi. Her \u015fey bulan\u0131kt\u0131 ve ilk ba\u015fta oteli bulmakta biraz zorland\u0131m. Talimat verildi\u011fi gibi, otelde hemen uyudum.                              Ertesi sabah g\u00f6r\u00fc\u015f\u00fcm \u00e7oktan netle\u015fmi\u015fti. O sabah g\u00f6z muayenesi oldum ama 45 dakika sonra ayr\u0131lmama izin verildi. B\u00f6ylece \u0130stanbul&#8217;u ke\u015ffetmek i\u00e7in koca bir g\u00fcn\u00fcm oldu. Ertesi g\u00fcn otelden al\u0131nd\u0131m ve havaalan\u0131na g\u00f6t\u00fcr\u00fcld\u00fcm. \u0130stanbul&#8217;dan d\u00f6neli d\u00f6rt g\u00fcn oldu ve art\u0131k ger\u00e7ekten g\u00f6zl\u00fc\u011fe ihtiyac\u0131m yok. G\u00f6zl\u00fcklerimle g\u00f6rd\u00fc\u011f\u00fcmden bile daha iyi g\u00f6r\u00fcyorum \u015fimdi. Eve d\u00f6nd\u00fc\u011f\u00fcmde, tan\u0131d\u0131k \u00e7evreyi ve insanlar\u0131 g\u00f6r\u00fcnce hayrete d\u00fc\u015ft\u00fcm \u2013 her \u015fey \u00e7ok net ve renkliydi. Ayr\u0131ca mesafeleri ve derinlikleri de \u00e7ok daha iyi g\u00f6rebiliyorum. Bu kadar iyi bir sonu\u00e7 beklemiyordum ve sadece g\u00f6zl\u00fcklerimden kurtulmak istiyordum. Ameliyattan ve swisslasik.ch&#8217;nin t\u00fcm organizasyonundan \u00e7ok memnunum ve g\u00f6zlerimin iyile\u015fmesini umuyorum. P. Lutz          <\/p>\n\n\n\n<div class=\"wp-block-group is-layout-grid wp-container-core-group-is-layout-baef362d wp-block-group-is-layout-grid\">\n<p><a href=\"https:\/\/medicaltravel.at\/home\/agb\/\" data-type=\"page\" data-id=\"2191\" rel=\"nofollow noopener\" target=\"_blank\"><\/a><a href=\"https:\/\/swisslasik.ch\/tr\/hasta-deneyimleri-goez-ameliyati-tuerkiye-istanbul\/istanbulda-gecirdigim-lasek-lazer-goez-ameliyatim-5-haziran-2009-cuma-tarihli-rapor\/\" data-type=\"link\" data-id=\"https:\/\/swisslasik.ch\/tr\/hasta-deneyimleri-goez-ameliyati-tuerkiye-istanbul\/istanbulda-gecirdigim-lasek-lazer-goez-ameliyatim-5-haziran-2009-cuma-tarihli-rapor\/\">\u00d6nceki rapor<\/a><\/p>\n\n\n\n<p class=\"has-text-align-right wp-container-content-5e2576f9\"><a href=\"https:\/\/medicaltravel.at\/home\/impressum\/\" data-type=\"page\" data-id=\"2193\" rel=\"nofollow noopener\" target=\"_blank\"><\/a><a href=\"https:\/\/medicaltravel.at\/home\/berichte-von-patienten\/erfahrungsberichte\/erfahrungsbericht-zahnbehandlung-in-istanbul\/\" data-type=\"page\" data-id=\"981\" rel=\"nofollow noopener\" target=\"_blank\"><\/a><a href=\"https:\/\/swisslasik.ch\/tr\/hasta-deneyimleri-goez-ameliyati-tuerkiye-istanbul\/goezlueksuez-bir-hayat-her-zaman-hayalim-olmustur-21-mayis-2009-persembe-tarihli-rapor\/\" data-type=\"link\" data-id=\"https:\/\/swisslasik.ch\/patientenerfahrungen-augenoperation-tuerkei\/ein-leben-ohne-brille-war-schon-immer-mein-traum-bericht-vom-donnerstag-21-mai-2009\/\">Sonraki rapor<\/a><\/p>\n<\/div>\n","protected":false},"excerpt":{"rendered":"<p>LASIK \u2013 Deneyim Raporu May\u0131s 2009 \u0130stanbul \u2013 28 May\u0131s 2009 Per\u015fembe tarihli rapor 22 May\u0131s 2009&#8217;da \u0130stanbul&#8217;da lazer g\u00f6z ameliyat\u0131 oldum. Y\u0131l ba\u015f\u0131ndan beri g\u00f6zlerimi lazerle tedavi ettirmeyi d\u00fc\u015f\u00fcn\u00fcyordum. Astigmat ve -1.75 ile -2.00 diyoptri de\u011ferlerim vard\u0131. E\u015fim ameliyat\u0131 \u00f6nerdi. Biraz teredd\u00fctl\u00fcyd\u00fcm ve internetteki forumlarda referanslar arad\u0131m. Sonunda cesaretimi toplay\u0131p klinik aramaya ba\u015flad\u0131\u011f\u0131mda biraz hayal k\u0131r\u0131kl\u0131\u011f\u0131na u\u011frad\u0131m. Olten&#8217;deki evime en yak\u0131n klinik, her iki g\u00f6z\u00fcn lazerle tedavisi i\u00e7in 6000 CHF&#8217;den fazla \u00fccret talep ediyordu ki bu benim i\u00e7in \u00e7ok para. Bir s\u00fcre bu fikirden vazge\u00e7tim, ama g\u00f6zl\u00fcks\u00fcz ya\u015faman\u0131n nas\u0131l olaca\u011f\u0131n\u0131 hayal etmekten kendimi alamad\u0131m. Bu y\u00fczden \u0130svi\u00e7re&#8217;deki di\u011fer klinikleri internetten aramaya ba\u015flad\u0131m. Tesad\u00fcfen, bu aramalardan birinde swisslasik.ch sitesine rastlad\u0131m. swisslasik.ch sitesini detayl\u0131ca okuduktan sonra, Bay Karaagacli&#8217;ye ne zaman seyahat edebilece\u011fimi ve maliyetinin ne kadar olaca\u011f\u0131n\u0131 sormak i\u00e7in e-posta g\u00f6nderdim. \u00d6zellikle fiyat\u0131 nedeniyle bu \u015firketle ilgilenmi\u015ftim, \u00e7\u00fcnk\u00fc ameliyat, otel ve u\u00e7ak bileti masraflar\u0131n\u0131n yakla\u015f\u0131k yar\u0131s\u0131n\u0131 \u00f6deyecektim. H\u0131zl\u0131 bir \u015fekilde yan\u0131t ald\u0131m ve onlarla ileti\u015fime ge\u00e7tikten sadece bir ay sonra \u0130stanbul&#8217;a seyahat ettim. Swisslasik.ch benim i\u00e7in her \u015feyi organize etti; sadece kalk\u0131\u015f tarihimi ve \u00f6demeyi belirtmem gerekiyordu. Bana g\u00f6nderdikleri bir kitap\u00e7\u0131kta, klinik ve otel adresleri, u\u00e7u\u015f detaylar\u0131 ve beni havaalan\u0131ndan alacak ki\u015finin telefon numaras\u0131 da dahil olmak \u00fczere gerekli t\u00fcm bilgiler yer al\u0131yordu. \u0130stanbul&#8217;a vard\u0131\u011f\u0131mda her \u015fey sorunsuz ilerledi. Havaalan\u0131ndan Almanya&#8217;dan ba\u015fka bir ki\u015fiyle birlikte al\u0131nd\u0131m ve otele g\u00f6t\u00fcr\u00fcld\u00fcm. Ertesi sabah otelden al\u0131nd\u0131m ve hemen k\u00f6\u015fede bulunan klini\u011fe g\u00f6t\u00fcr\u00fcld\u00fcm. Orada g\u00f6zlerim muayene edildi. \u0130ki saat sonra serbest b\u0131rak\u0131ld\u0131m ve \u00fc\u00e7 saat sonra geri d\u00f6nmem s\u00f6ylendi. Hafif k\u00f6r ve g\u00f6z damlalar\u0131ndan dolay\u0131 \u0131\u015f\u0131\u011fa duyarl\u0131 oldu\u011fum i\u00e7in, Bo\u011faz&#8217;daki Dolmabah\u00e7e Saray\u0131&#8217;na kadar y\u00fcr\u00fcd\u00fcm ve geri d\u00f6nd\u00fcm ve s\u00f6ylendi\u011fi gibi bir \u015feyler de yedim. Daha sonra di\u011fer \u00fc\u00e7 hastayla birlikte klini\u011fin \u00fcst kat\u0131na g\u00f6t\u00fcr\u00fcld\u00fcm. Benden \u00f6nce iki hasta daha muayene edildi. \u0130kinci hasta ameliyat edilirken, \u00fcnl\u00fc masaj koltu\u011funda oturmama izin verildi. Ameliyat\u0131n kendisi \u00e7ok h\u0131zl\u0131yd\u0131 ve ilk \u015f\u00fcphelerime ra\u011fmen, uyu\u015fturucu g\u00f6z damlalar\u0131 ger\u00e7ekten g\u00f6zlerimi uyu\u015fturdu, bu y\u00fczden hi\u00e7 ac\u0131 hissetmedim. Her zaman ye\u015fil \u0131\u015f\u0131\u011fa bakma talimat\u0131n\u0131 takip etmek de zor de\u011fildi. Lazer biraz ses \u00e7\u0131kard\u0131 ve yanm\u0131\u015f sa\u00e7 kokusunu and\u0131ran bir koku vard\u0131. Her iki g\u00f6z\u00fcm de ameliyat edildikten sonra, karanl\u0131k bir odaya g\u00f6t\u00fcr\u00fcld\u00fcm. Bir s\u00fcre sonra, beni al\u0131p klini\u011fin alt kat\u0131na g\u00f6t\u00fcrd\u00fcler. Bana ve di\u011fer hastalara eve g\u00f6t\u00fcrmek i\u00e7in g\u00f6z damlalar\u0131 verildi ve otele gitmemize izin verildi. Her \u015fey bulan\u0131kt\u0131 ve ilk ba\u015fta oteli bulmakta biraz zorland\u0131m. Talimat verildi\u011fi gibi, otelde hemen uyudum. Ertesi sabah g\u00f6r\u00fc\u015f\u00fcm \u00e7oktan netle\u015fmi\u015fti. O sabah g\u00f6z muayenesi oldum ama 45 dakika sonra ayr\u0131lmama izin verildi. B\u00f6ylece \u0130stanbul&#8217;u ke\u015ffetmek i\u00e7in koca bir g\u00fcn\u00fcm oldu. Ertesi g\u00fcn otelden al\u0131nd\u0131m ve havaalan\u0131na g\u00f6t\u00fcr\u00fcld\u00fcm. \u0130stanbul&#8217;dan d\u00f6neli d\u00f6rt g\u00fcn oldu ve art\u0131k ger\u00e7ekten g\u00f6zl\u00fc\u011fe ihtiyac\u0131m yok. G\u00f6zl\u00fcklerimle g\u00f6rd\u00fc\u011f\u00fcmden bile daha iyi g\u00f6r\u00fcyorum \u015fimdi. Eve d\u00f6nd\u00fc\u011f\u00fcmde, tan\u0131d\u0131k \u00e7evreyi ve insanlar\u0131 g\u00f6r\u00fcnce hayrete d\u00fc\u015ft\u00fcm \u2013 her \u015fey \u00e7ok net ve renkliydi. Ayr\u0131ca mesafeleri ve derinlikleri de \u00e7ok daha iyi g\u00f6rebiliyorum. Bu kadar iyi bir sonu\u00e7 beklemiyordum ve sadece g\u00f6zl\u00fcklerimden kurtulmak istiyordum. Ameliyattan ve swisslasik.ch&#8217;nin t\u00fcm organizasyonundan \u00e7ok memnunum ve g\u00f6zlerimin iyile\u015fmesini umuyorum. P. Lutz \u00d6nceki rapor Sonraki rapor<\/p>\n","protected":false},"author":4,"featured_media":0,"parent":3973,"menu_order":0,"comment_status":"closed","ping_status":"closed","template":"","meta":{"_joinchat":[],"footnotes":""},"class_list":["post-4006","page","type-page","status-publish","hentry"],"acf":[],"_links":{"self":[{"href":"https:\/\/swisslasik.ch\/tr\/wp-json\/wp\/v2\/pages\/4006","targetHints":{"allow":["GET"]}}],"collection":[{"href":"https:\/\/swisslasik.ch\/tr\/wp-json\/wp\/v2\/pages"}],"about":[{"href":"https:\/\/swisslasik.ch\/tr\/wp-json\/wp\/v2\/types\/page"}],"author":[{"embeddable":true,"href":"https:\/\/swisslasik.ch\/tr\/wp-json\/wp\/v2\/users\/4"}],"replies":[{"embeddable":true,"href":"https:\/\/swisslasik.ch\/tr\/wp-json\/wp\/v2\/comments?post=4006"}],"version-history":[{"count":2,"href":"https:\/\/swisslasik.ch\/tr\/wp-json\/wp\/v2\/pages\/4006\/revisions"}],"predecessor-version":[{"id":4821,"href":"https:\/\/swisslasik.ch\/tr\/wp-json\/wp\/v2\/pages\/4006\/revisions\/4821"}],"up":[{"embeddable":true,"href":"https:\/\/swisslasik.ch\/tr\/wp-json\/wp\/v2\/pages\/3973"}],"wp:attachment":[{"href":"https:\/\/swisslasik.ch\/tr\/wp-json\/wp\/v2\/media?parent=4006"}],"curies":[{"name":"wp","href":"https:\/\/api.w.org\/{rel}","templated":true}]}}