{"id":4009,"date":"2025-09-24T14:47:33","date_gmt":"2025-09-24T13:47:33","guid":{"rendered":"https:\/\/swisslasik.ch\/hasta-deneyimleri-goez-ameliyati-tuerkiye-istanbul\/istanbulda-lasik-deneyim-raporum-13-mayis-2009-carsamba-tarihli-rapor\/"},"modified":"2026-01-14T19:50:38","modified_gmt":"2026-01-14T18:50:38","slug":"istanbulda-lasik-deneyim-raporum-13-mayis-2009-carsamba-tarihli-rapor","status":"publish","type":"page","link":"https:\/\/swisslasik.ch\/tr\/hasta-deneyimleri-goez-ameliyati-tuerkiye-istanbul\/istanbulda-lasik-deneyim-raporum-13-mayis-2009-carsamba-tarihli-rapor\/","title":{"rendered":"\u0130stanbul&#8217;da LASIK &#8211; Deneyim Raporum &#8211; 13 May\u0131s 2009 \u00c7ar\u015famba tarihli rapor"},"content":{"rendered":"\n<h3 class=\"wp-block-heading\">\u0130stanbul&#8217;da LASIK &#8211; Deneyim Raporum &#8211; 13 May\u0131s 2009 \u00c7ar\u015famba tarihli rapor<\/h3>\n\n\n\n<p>Simon taraf\u0131ndan haz\u0131rlanan operasyon raporu, 1978 \/ Nisan 2009&#8217;daki operasyon<\/p>\n\n\n\n<p>\u201cBahar\u0131n uyan\u0131\u015f\u0131n\u0131 ve \u015fafa\u011f\u0131n do\u011fu\u015funu d\u00fc\u015f\u00fcn\u00fcn! G\u00fczellik, tefekk\u00fcr edenlere kendini g\u00f6sterir.\u201d<br>Halil Gibran. Ve Swisslasik ve Eyestar sayesinde art\u0131k bunu g\u00f6zl\u00fcks\u00fcz yapabiliyoruz! Her \u015fey nas\u0131l ba\u015flad\u0131: Bana e\u015flik eden arkada\u015f\u0131m Prisca ile birlikte, 19 Nisan 2009 Pazar g\u00fcn\u00fc T\u00fcrk Hava Yollar\u0131 ile \u0130stanbul&#8217;a u\u00e7tuk ve Birol bizi l\u00fcks bir arabayla kar\u015f\u0131lad\u0131. Ak\u015fam\u0131 bizimle birlikte gelen iki &#8220;hasta&#8221; ile ge\u00e7irdik. Ertesi sabah saat 11&#8217;de Fred bizi ald\u0131. \u00c7ok tavsiye edilen Taksim Goenen Oteli&#8217;nden Eyestar klini\u011fine y\u00fcr\u00fcy\u00fc\u015f, y\u00fcr\u00fcyerek bile \u00e7ok k\u0131sa s\u00fcrd\u00fc. Var\u0131\u015fta son derece s\u0131cak bir kar\u015f\u0131lama ald\u0131k. Bekleme salonunda oturduk ve hemen i\u00e7ecek ikram edildi. Her \u015fey \u00e7ok g\u00fcvenilir, bak\u0131ml\u0131 ve profesyonel g\u00f6r\u00fcn\u00fcyordu, bu y\u00fczden arkada\u015f\u0131m kendili\u011finden bana g\u00f6zlerinin lazerle tedavi edilmesinin m\u00fcmk\u00fcn olup olmad\u0131\u011f\u0131n\u0131 sordu. Hemen bir personele k\u0131sa s\u00fcreli lazer g\u00f6z ameliyat\u0131n\u0131n m\u00fcmk\u00fcn olup olmad\u0131\u011f\u0131n\u0131 sordu. Doktorla g\u00f6r\u00fc\u015ft\u00fckten sonra, Prisca&#8217;ya \u00f6n muayeneye kat\u0131labilece\u011fini bildirdi. Prisca hemen veri giri\u015fi i\u00e7in formu eline ald\u0131. Bir s\u00fcre sonra muayene odas\u0131na \u00e7a\u011fr\u0131ld\u0131m ve doktor g\u00f6zlerimi \u00e7ok detayl\u0131 bir \u015fekilde muayene etti. Muayeneler, Z\u00fcrih&#8217;teki \u00f6n muayene s\u0131ras\u0131nda yap\u0131lanlardan daha kapsaml\u0131yd\u0131. Fred her zaman yan\u0131m\u0131zdayd\u0131 ve her \u015feyi bizim i\u00e7in terc\u00fcme ediyordu, hatta \u0130svi\u00e7re Almancas\u0131na bile! Prisca&#8217;n\u0131n muayeneleri de tamamland\u0131ktan sonra, g\u00f6zlerinin lazer ameliyat\u0131 i\u00e7in uygun oldu\u011fu do\u011fruland\u0131. \u00dccreti (\u0130svi\u00e7re&#8217;deki ameliyat\u0131n maliyetinin yakla\u015f\u0131k d\u00f6rtte biri) hemen \u00f6demek zorunda kald\u0131k. Daha sonra, saat 16:00 civar\u0131nda klini\u011fe d\u00f6nmeden \u00f6nce bir \u015feyler yemek i\u00e7in gittik. Var\u0131\u015fta, yukar\u0131 \u00e7\u0131kmadan \u00f6nce bize ve di\u011fer alt\u0131 ki\u015fiye i\u015flem detayl\u0131 olarak anlat\u0131ld\u0131. Yukar\u0131da, her \u015feyin m\u00fcmk\u00fcn oldu\u011funca steril kalmas\u0131 i\u00e7in mavi ayakkab\u0131lar\u0131n \u00fczerine ba\u015fka bir \u00e7ift ayakkab\u0131 giymek zorunda kald\u0131k. S\u0131rada ikinciydim. \u0130lk hasta lazer tedavisi g\u00f6r\u00fcrken, masaj koltu\u011funda oturmama izin verildi. Orada g\u00f6zlerime uyu\u015fturucu damlalar damlat\u0131ld\u0131 ve her yer dezenfekte edildi. Lazer tedavisi bekledi\u011fim kadar k\u00f6t\u00fc de\u011fildi ve \u00e7ok \u00e7abuk bitti. En \u00f6nemlisi, hi\u00e7 a\u011fr\u0131 hissetmedim. Kontrol muayenesinden sonra otele d\u00f6nd\u00fck, talimatlara uygun olarak g\u00f6z damlas\u0131 kar\u0131\u015f\u0131m\u0131m\u0131z\u0131 kulland\u0131k ve sonra uyuduk. Ertesi sabah, ikinci kontrol muayenesinden sonra d\u00f6rd\u00fcm\u00fcz \u0130stanbul&#8217;da bir geziye \u00e7\u0131kt\u0131k. Ameliyattan sonraki ilk g\u00fcn g\u00f6r\u00fc\u015f\u00fcm zaten \u00e7ok tatmin ediciydi. 22 Nisan \u00c7ar\u015famba g\u00fcn\u00fc, k\u0131sa bir al\u0131\u015fveri\u015f gezisinden sonra, iyi bir ruh haliyle eve u\u00e7tuk. Evde, tavsiye edildi\u011fi gibi g\u00f6zlerimizi dinlendirdik. Bununla birlikte, \u00f6zellikle arkada\u015f\u0131m i\u00e7in g\u00f6rme keskinli\u011finde dalgalanmalar oldu.                               \u015eimdi, iki haftan\u0131n ard\u0131ndan, ikimiz de memnunuz ve \u00f6n\u00fcm\u00fczdeki haftalarda g\u00f6zlerimizin iyile\u015fece\u011fini ve g\u00f6rme yetimizin tamamen geri d\u00f6nece\u011fini umuyoruz. &#8220;Hayat b\u00fcy\u00fcleyicidir; sadece do\u011fru g\u00f6zl\u00fcklerle bakman\u0131z gerekir.&#8221;<br>Alexandre Dumas fils. Ya da g\u00f6zlerinizi do\u011fru ki\u015fi taraf\u0131ndan lazerle tedavi ettirmek&#8230; Smiley <\/p>\n\n\n\n<figure class=\"wp-block-image size-full\"><img decoding=\"async\" width=\"120\" height=\"63\" src=\"https:\/\/swisslasik.ch\/wp-content\/uploads\/2025\/09\/csm_Istanbul_979b84be42.png\" alt=\"\" class=\"wp-image-594\"\/><\/figure>\n\n\n\n<div class=\"wp-block-group is-layout-grid wp-container-core-group-is-layout-baef362d wp-block-group-is-layout-grid\">\n<p><a href=\"https:\/\/medicaltravel.at\/home\/agb\/\" data-type=\"page\" data-id=\"2191\" rel=\"nofollow noopener\" target=\"_blank\"><\/a><a href=\"https:\/\/swisslasik.ch\/tr\/hasta-deneyimleri-goez-ameliyati-tuerkiye-istanbul\/istanbulda-gecirdigim-goez-ameliyatiyla-ilgili-yorumum-15-mayis-2009-cuma-tarihli-rapor\/\" data-type=\"link\" data-id=\"https:\/\/swisslasik.ch\/tr\/hasta-deneyimleri-goez-ameliyati-tuerkiye-istanbul\/istanbulda-gecirdigim-goez-ameliyatiyla-ilgili-yorumum-15-mayis-2009-cuma-tarihli-rapor\/\">\u00d6nceki rapor<\/a><\/p>\n\n\n\n<p class=\"has-text-align-right wp-container-content-5e2576f9\"><a href=\"https:\/\/medicaltravel.at\/home\/impressum\/\" data-type=\"page\" data-id=\"2193\" rel=\"nofollow noopener\" target=\"_blank\"><\/a><a href=\"https:\/\/medicaltravel.at\/home\/berichte-von-patienten\/erfahrungsberichte\/erfahrungsbericht-zahnbehandlung-in-istanbul\/\" data-type=\"page\" data-id=\"981\" rel=\"nofollow noopener\" target=\"_blank\"><\/a><a href=\"https:\/\/swisslasik.ch\/tr\/hasta-deneyimleri-goez-ameliyati-tuerkiye-istanbul\/mart-2009-faaliyet-raporu-17-nisan-2009-cuma-tarihli-rapor\/\" data-type=\"link\" data-id=\"https:\/\/swisslasik.ch\/tr\/hasta-deneyimleri-goez-ameliyati-tuerkiye-istanbul\/mart-2009-faaliyet-raporu-17-nisan-2009-cuma-tarihli-rapor\/\">Sonraki rapor<\/a><\/p>\n<\/div>\n","protected":false},"excerpt":{"rendered":"<p>\u0130stanbul&#8217;da LASIK &#8211; Deneyim Raporum &#8211; 13 May\u0131s 2009 \u00c7ar\u015famba tarihli rapor Simon taraf\u0131ndan haz\u0131rlanan operasyon raporu, 1978 \/ Nisan 2009&#8217;daki operasyon \u201cBahar\u0131n uyan\u0131\u015f\u0131n\u0131 ve \u015fafa\u011f\u0131n do\u011fu\u015funu d\u00fc\u015f\u00fcn\u00fcn! G\u00fczellik, tefekk\u00fcr edenlere kendini g\u00f6sterir.\u201dHalil Gibran. Ve Swisslasik ve Eyestar sayesinde art\u0131k bunu g\u00f6zl\u00fcks\u00fcz yapabiliyoruz! Her \u015fey nas\u0131l ba\u015flad\u0131: Bana e\u015flik eden arkada\u015f\u0131m Prisca ile birlikte, 19 Nisan 2009 Pazar g\u00fcn\u00fc T\u00fcrk Hava Yollar\u0131 ile \u0130stanbul&#8217;a u\u00e7tuk ve Birol bizi l\u00fcks bir arabayla kar\u015f\u0131lad\u0131. Ak\u015fam\u0131 bizimle birlikte gelen iki &#8220;hasta&#8221; ile ge\u00e7irdik. Ertesi sabah saat 11&#8217;de Fred bizi ald\u0131. \u00c7ok tavsiye edilen Taksim Goenen Oteli&#8217;nden Eyestar klini\u011fine y\u00fcr\u00fcy\u00fc\u015f, y\u00fcr\u00fcyerek bile \u00e7ok k\u0131sa s\u00fcrd\u00fc. Var\u0131\u015fta son derece s\u0131cak bir kar\u015f\u0131lama ald\u0131k. Bekleme salonunda oturduk ve hemen i\u00e7ecek ikram edildi. Her \u015fey \u00e7ok g\u00fcvenilir, bak\u0131ml\u0131 ve profesyonel g\u00f6r\u00fcn\u00fcyordu, bu y\u00fczden arkada\u015f\u0131m kendili\u011finden bana g\u00f6zlerinin lazerle tedavi edilmesinin m\u00fcmk\u00fcn olup olmad\u0131\u011f\u0131n\u0131 sordu. Hemen bir personele k\u0131sa s\u00fcreli lazer g\u00f6z ameliyat\u0131n\u0131n m\u00fcmk\u00fcn olup olmad\u0131\u011f\u0131n\u0131 sordu. Doktorla g\u00f6r\u00fc\u015ft\u00fckten sonra, Prisca&#8217;ya \u00f6n muayeneye kat\u0131labilece\u011fini bildirdi. Prisca hemen veri giri\u015fi i\u00e7in formu eline ald\u0131. Bir s\u00fcre sonra muayene odas\u0131na \u00e7a\u011fr\u0131ld\u0131m ve doktor g\u00f6zlerimi \u00e7ok detayl\u0131 bir \u015fekilde muayene etti. Muayeneler, Z\u00fcrih&#8217;teki \u00f6n muayene s\u0131ras\u0131nda yap\u0131lanlardan daha kapsaml\u0131yd\u0131. Fred her zaman yan\u0131m\u0131zdayd\u0131 ve her \u015feyi bizim i\u00e7in terc\u00fcme ediyordu, hatta \u0130svi\u00e7re Almancas\u0131na bile! Prisca&#8217;n\u0131n muayeneleri de tamamland\u0131ktan sonra, g\u00f6zlerinin lazer ameliyat\u0131 i\u00e7in uygun oldu\u011fu do\u011fruland\u0131. \u00dccreti (\u0130svi\u00e7re&#8217;deki ameliyat\u0131n maliyetinin yakla\u015f\u0131k d\u00f6rtte biri) hemen \u00f6demek zorunda kald\u0131k. Daha sonra, saat 16:00 civar\u0131nda klini\u011fe d\u00f6nmeden \u00f6nce bir \u015feyler yemek i\u00e7in gittik. Var\u0131\u015fta, yukar\u0131 \u00e7\u0131kmadan \u00f6nce bize ve di\u011fer alt\u0131 ki\u015fiye i\u015flem detayl\u0131 olarak anlat\u0131ld\u0131. Yukar\u0131da, her \u015feyin m\u00fcmk\u00fcn oldu\u011funca steril kalmas\u0131 i\u00e7in mavi ayakkab\u0131lar\u0131n \u00fczerine ba\u015fka bir \u00e7ift ayakkab\u0131 giymek zorunda kald\u0131k. S\u0131rada ikinciydim. \u0130lk hasta lazer tedavisi g\u00f6r\u00fcrken, masaj koltu\u011funda oturmama izin verildi. Orada g\u00f6zlerime uyu\u015fturucu damlalar damlat\u0131ld\u0131 ve her yer dezenfekte edildi. Lazer tedavisi bekledi\u011fim kadar k\u00f6t\u00fc de\u011fildi ve \u00e7ok \u00e7abuk bitti. En \u00f6nemlisi, hi\u00e7 a\u011fr\u0131 hissetmedim. Kontrol muayenesinden sonra otele d\u00f6nd\u00fck, talimatlara uygun olarak g\u00f6z damlas\u0131 kar\u0131\u015f\u0131m\u0131m\u0131z\u0131 kulland\u0131k ve sonra uyuduk. Ertesi sabah, ikinci kontrol muayenesinden sonra d\u00f6rd\u00fcm\u00fcz \u0130stanbul&#8217;da bir geziye \u00e7\u0131kt\u0131k. Ameliyattan sonraki ilk g\u00fcn g\u00f6r\u00fc\u015f\u00fcm zaten \u00e7ok tatmin ediciydi. 22 Nisan \u00c7ar\u015famba g\u00fcn\u00fc, k\u0131sa bir al\u0131\u015fveri\u015f gezisinden sonra, iyi bir ruh haliyle eve u\u00e7tuk. Evde, tavsiye edildi\u011fi gibi g\u00f6zlerimizi dinlendirdik. Bununla birlikte, \u00f6zellikle arkada\u015f\u0131m i\u00e7in g\u00f6rme keskinli\u011finde dalgalanmalar oldu. \u015eimdi, iki haftan\u0131n ard\u0131ndan, ikimiz de memnunuz ve \u00f6n\u00fcm\u00fczdeki haftalarda g\u00f6zlerimizin iyile\u015fece\u011fini ve g\u00f6rme yetimizin tamamen geri d\u00f6nece\u011fini umuyoruz. &#8220;Hayat b\u00fcy\u00fcleyicidir; sadece do\u011fru g\u00f6zl\u00fcklerle bakman\u0131z gerekir.&#8221;Alexandre Dumas fils. Ya da g\u00f6zlerinizi do\u011fru ki\u015fi taraf\u0131ndan lazerle tedavi ettirmek&#8230; Smiley \u00d6nceki rapor Sonraki rapor<\/p>\n","protected":false},"author":4,"featured_media":0,"parent":3973,"menu_order":0,"comment_status":"closed","ping_status":"closed","template":"","meta":{"_joinchat":[],"footnotes":""},"class_list":["post-4009","page","type-page","status-publish","hentry"],"acf":[],"_links":{"self":[{"href":"https:\/\/swisslasik.ch\/tr\/wp-json\/wp\/v2\/pages\/4009","targetHints":{"allow":["GET"]}}],"collection":[{"href":"https:\/\/swisslasik.ch\/tr\/wp-json\/wp\/v2\/pages"}],"about":[{"href":"https:\/\/swisslasik.ch\/tr\/wp-json\/wp\/v2\/types\/page"}],"author":[{"embeddable":true,"href":"https:\/\/swisslasik.ch\/tr\/wp-json\/wp\/v2\/users\/4"}],"replies":[{"embeddable":true,"href":"https:\/\/swisslasik.ch\/tr\/wp-json\/wp\/v2\/comments?post=4009"}],"version-history":[{"count":2,"href":"https:\/\/swisslasik.ch\/tr\/wp-json\/wp\/v2\/pages\/4009\/revisions"}],"predecessor-version":[{"id":4826,"href":"https:\/\/swisslasik.ch\/tr\/wp-json\/wp\/v2\/pages\/4009\/revisions\/4826"}],"up":[{"embeddable":true,"href":"https:\/\/swisslasik.ch\/tr\/wp-json\/wp\/v2\/pages\/3973"}],"wp:attachment":[{"href":"https:\/\/swisslasik.ch\/tr\/wp-json\/wp\/v2\/media?parent=4009"}],"curies":[{"name":"wp","href":"https:\/\/api.w.org\/{rel}","templated":true}]}}