{"id":4011,"date":"2025-09-24T14:35:11","date_gmt":"2025-09-24T13:35:11","guid":{"rendered":"https:\/\/swisslasik.ch\/hasta-deneyimleri-goez-ameliyati-tuerkiye-istanbul\/lazer-goez-ameliyati-hakkindaki-raporum-7-temmuz-2010-carsamba-tarihli-rapor\/"},"modified":"2026-01-14T19:33:01","modified_gmt":"2026-01-14T18:33:01","slug":"lazer-goez-ameliyati-hakkindaki-raporum-7-temmuz-2010-carsamba-tarihli-rapor","status":"publish","type":"page","link":"https:\/\/swisslasik.ch\/tr\/hasta-deneyimleri-goez-ameliyati-tuerkiye-istanbul\/lazer-goez-ameliyati-hakkindaki-raporum-7-temmuz-2010-carsamba-tarihli-rapor\/","title":{"rendered":"Lazer g\u00f6z ameliyat\u0131 hakk\u0131ndaki raporum \u2013 7 Temmuz 2010 \u00c7ar\u015famba tarihli rapor"},"content":{"rendered":"\n<h3 class=\"wp-block-heading\">Lazer g\u00f6z ameliyat\u0131 hakk\u0131ndaki raporum \u2013 7 Temmuz 2010 \u00c7ar\u015famba tarihli rapor<\/h3>\n\n\n\n<p>Lazer g\u00f6z ameliyat\u0131 yapt\u0131rmak yakla\u015f\u0131k yedi y\u0131ld\u0131r hayalimdi. Birincisi, hi\u00e7bir zaman yeterli param olmad\u0131 ve ikincisi, bu konuda \u00e7ok endi\u015feliydim. Birka\u00e7 g\u00f6z doktorundan g\u00f6r\u00fc\u015f ald\u0131m, ancak hepsi ameliyata kar\u015f\u0131 tavsiyede bulundu. Tabii ki, ameliyattan sonra benden hi\u00e7bir \u015fey kazanamayacaklard\u0131. 2009 y\u0131l\u0131nda, bu konuyu daha \u00e7ok d\u00fc\u015f\u00fcnmeye ba\u015flad\u0131m. Nisan 2010&#8217;da, Polonya&#8217;da (Katowice) ameliyat olmaya karar verdim. Alt\u0131 ay \u00f6ncesinde, iyi haz\u0131rlanmak i\u00e7in \u0130svi\u00e7re&#8217;deki bir optisyene yeni bir g\u00f6zl\u00fck yapt\u0131rd\u0131m. Ameliyattan iki ay \u00f6nce, klini\u011fin telefonda tavsiye etti\u011fi gibi, kontakt lens yerine s\u00fcrekli olarak g\u00f6zl\u00fck takt\u0131m. Sonunda o g\u00fcn geldi. Polonya&#8217;daki klini\u011fe gittim ve doktorlar g\u00f6zl\u00fcklerimin \u00e7ok g\u00fc\u00e7l\u00fc oldu\u011funu ve ameliyat\u0131 yapmalar\u0131na izin verilmedi\u011fini ke\u015ffettiler. A\u015f\u0131r\u0131 d\u00fczeltmeyi azaltmak i\u00e7in bir iki ay boyunca \u00f6zel g\u00f6z damlalar\u0131 kullanmam gerekiyordu. G\u00f6zlerimi yanl\u0131\u015f muayene eden optisyene \u00e7ok hayal k\u0131r\u0131kl\u0131\u011f\u0131na u\u011frad\u0131m ve k\u0131zd\u0131m. \u0130svi\u00e7re&#8217;ye d\u00f6nd\u00fcm ve Polonya&#8217;daki te\u015fhisi do\u011frulamak i\u00e7in hemen ikinci bir g\u00f6z muayenesi yapt\u0131rmak istedim. Bernese Oberland&#8217;da 15&#8217;ten fazla g\u00f6z doktorunu arad\u0131m. En erken randevu 5-6 ay sonrayd\u0131. Daha erken bir randevu alamad\u0131m. \u00c7aresizdim ve ba\u015fka bir \u00e7\u00f6z\u00fcm arad\u0131m. \u0130nternette ara\u015ft\u0131rma yapt\u0131ktan sonra SwissLASIK&#8217;e rastlad\u0131m. T\u00fcm hasta yorumlar\u0131n\u0131 okudum. SwissLASIK web sitesinde, \u0130svi\u00e7re&#8217;deki g\u00f6z doktorlar\u0131yla i\u015fbirli\u011fi yapt\u0131klar\u0131n\u0131 da g\u00f6rd\u00fcm. Bay Karaagacli&#8217;yi aramaya karar verdim. Kons\u00fcltasyon her zaman \u00e7ok detayl\u0131yd\u0131 ve kendisi her zaman \u00e7ok arkada\u015f canl\u0131s\u0131yd\u0131. Bay Karaagacli, Z\u00fcrih&#8217;te bir g\u00f6z doktoruyla benim i\u00e7in h\u0131zl\u0131 bir \u015fekilde \u00f6n muayene randevusu ayarlad\u0131. Z\u00fcrih&#8217;teki doktor, Polonya&#8217;dakiyle ayn\u0131 te\u015fhisi koydu. G\u00f6zl\u00fcklerim \u00e7ok g\u00fc\u00e7l\u00fcyd\u00fc ve bu da g\u00f6zlerime a\u015f\u0131r\u0131 y\u00fck bindiriyordu. Doktor, g\u00f6r\u00fc\u015f\u00fcm\u00fc normale d\u00f6nd\u00fcrmek i\u00e7in 1-2 ay beklememi ve g\u00fcnde \u00fc\u00e7 kez g\u00f6z damlas\u0131 kullanmam\u0131 \u00f6nerdi. \u015eu anda ameliyat \u00f6nermedi. T\u00fcm muayene sonu\u00e7lar\u0131n\u0131 \u0130stanbul&#8217;daki EyeStar Klini\u011fi&#8217;ne g\u00f6nderdi. Yakla\u015f\u0131k bir hafta sonra, Bay Karaa\u011fac\u0131l\u0131&#8217;dan ameliyat olabilece\u011fim ve herhangi bir kontrendikasyon bulunmad\u0131\u011f\u0131 y\u00f6n\u00fcnde bir e-posta ald\u0131m. Ameliyattan k\u0131sa bir s\u00fcre \u00f6nce \u00e7e\u015fitli g\u00f6z damlalar\u0131yla a\u015f\u0131r\u0131 d\u00fczeltmenin ayarlanabilece\u011fini s\u00f6yledi. \u00c7ok karars\u0131zd\u0131m ve sonu\u00e7ta ne yapaca\u011f\u0131m\u0131 bilmiyordum. Ger\u00e7ek \u015fu ki, g\u00f6zl\u00fcks\u00fcz \u00e7ok k\u00f6t\u00fc ya da neredeyse hi\u00e7 g\u00f6remiyordum. \u00c7ok zor ve yorucuydu. Kontakt lenslerle de g\u00f6zlerim \u00e7ok yoruluyor ve genellikle \u00e7ok kuruyordu. Baz\u0131 okuyucular\u0131n \u00e7ok ilgin\u00e7 bulaca\u011f\u0131ndan emin oldu\u011fum g\u00f6z \u00f6l\u00e7\u00fcmlerimi de ekleyece\u011fim. Sph Cyl Ach R: -6 -2.25 170 L: -6 -2.50 10. \u00d6zellikle Z\u00fcrih&#8217;teki doktorun ameliyata kar\u015f\u0131 tavsiye vermesine, \u0130stanbul&#8217;daki doktorlar\u0131n ise herhangi bir kontrendikasyon g\u00f6rmemesine \u015fa\u015f\u0131rd\u0131m.                                   Bay Karaa\u011fac\u0131 bana klinikteki doktorlar\u0131n \u00e7ok deneyimli oldu\u011funu ve Z\u00fcrih&#8217;teki doktordan \u00e7ok daha fazla pratik tecr\u00fcbeye sahip olduklar\u0131n\u0131 s\u00f6yledi. Beni rahatlatt\u0131 ve hatta T\u00fcrkiye&#8217;deki doktorlarla tekrar g\u00f6r\u00fc\u015ft\u00fc. Bana bir kez daha herhangi bir kontrendikasyon olmad\u0131\u011f\u0131 s\u00f6ylendi. Her \u015fey \u00e7ok h\u0131zl\u0131 ilerledi. 7 May\u0131s 2010&#8217;da Z\u00fcrih&#8217;te muayene oldum ve 14 Haziran 2010&#8217;da \u0130stanbul&#8217;a giden u\u00e7a\u011fa bindim. Bay Karaa\u011fac\u0131 her \u015feyi organize etti: u\u00e7u\u015f, kar\u015f\u0131lama vb. Hi\u00e7bir \u015fey i\u00e7in endi\u015felenmeme gerek kalmad\u0131. Bu \u00e7ok yard\u0131mc\u0131 oldu; biraz daha fazla \u00f6deyip her \u015feyin m\u00fckemmel bir \u015fekilde organize edilmesi daha iyi. Erkek arkada\u015f\u0131m da \u00e7ok uygun bir fiyata refakat\u00e7i olarak geldi. Klinikte ayr\u0131ca g\u00f6z bebeklerimin \u00e7ok b\u00fcy\u00fck oldu\u011funu ve sadece Femto LASIK ameliyat\u0131 yapabileceklerini ke\u015ffettiler. \u00d6nce ba\u015fka bir klinikte astigmat\u0131m\u0131 d\u00fczelttirmem gerekti, sonra lazer d\u00fczeltmesi i\u00e7in Eyestar klini\u011fine geri d\u00f6nd\u00fcm. \u0130lk i\u015flem \u00e7ok tats\u0131z ve olduk\u00e7a yorucuydu. Sonras\u0131nda neredeyse hi\u00e7bir \u015fey g\u00f6remiyordum. Daha sonra erkek arkada\u015f\u0131m ve bak\u0131c\u0131m\u0131z, Eyestar Klini\u011fi&#8217;ne yakla\u015f\u0131k 200 metrelik y\u00fcr\u00fcy\u00fc\u015fte bize e\u015flik etti. Lazer ameliyat\u0131 hemen ba\u015flad\u0131. \u00d6nce sa\u011f g\u00f6z\u00fcm, sonra sol. Ye\u015fil bir \u0131\u015f\u0131\u011fa bakmak zorunda kald\u0131m, bu da femtosaniye lazer tedavisinden sonra \u00e7ok yorucu ve olduk\u00e7a ac\u0131 vericiydi. I\u015f\u0131k giderek bulan\u0131kla\u015ft\u0131 ve g\u00f6zlerimi sabit tutamad\u0131m. Birka\u00e7 dakika sonra (sonsuzluk gibi geldi), doktor sa\u011f g\u00f6z\u00fcm\u00fc lazerle tedavi etmeyi bitirdi. Sonra sol g\u00f6z\u00fcme ba\u015flad\u0131. Birka\u00e7 dakika sonra doktorlar beni bir odaya g\u00f6t\u00fcrd\u00fcler ve bir yata\u011fa yat\u0131rd\u0131lar. Lazerin bozuldu\u011funa dair bir \u015feyler duydum. \u00c7ok uzun s\u00fcre dayan\u0131lmaz bir ac\u0131 i\u00e7inde yaln\u0131z beklemek zorunda kald\u0131m. Yakla\u015f\u0131k bir saat sonra erkek arkada\u015f\u0131m\u0131 yan\u0131ma getirdiler. O ba\u015fka bir odada bekliyordu. Doktorlar ona lazerin bozuldu\u011funu ve bir teknisyenin yolda oldu\u011funu s\u00f6ylediler. Ac\u0131 neredeyse dayan\u0131lmazd\u0131. Oda karanl\u0131k ve g\u00f6zlerim kapal\u0131 olmas\u0131na ra\u011fmen, do\u011frudan parlak bir \u0131\u015f\u0131\u011fa bak\u0131yormu\u015f gibi hissediyordum. Doktorlar lazerin daha \u00f6nce hi\u00e7 bozulmad\u0131\u011f\u0131n\u0131 s\u00f6ylediler. Teknisyen gelip lazeri tamir edene kadar sol g\u00f6z\u00fcm k\u0131smen tedavi edilmi\u015f halde yakla\u015f\u0131k iki saat bekledim. Ondan sonra i\u015flem devam etti. Beklerken \u00e7ok endi\u015feliydim ve asla bitmeyece\u011fini d\u00fc\u015f\u00fcnd\u00fcm. (Kesinti nedeni, doktorlar\u0131n gelecekte kendilerinin h\u0131zla d\u00fczeltebilecekleri bir yaz\u0131l\u0131m sorunuydu.) San\u0131r\u0131m birinin ilk olmas\u0131 gerekiyordu! \uf04a T\u00fcm ameliyat 14:00 ile 19:30 aras\u0131nda s\u00fcrd\u00fc. Erkek arkada\u015f\u0131m beni otele geri g\u00f6t\u00fcrd\u00fc; g\u00f6zlerimi a\u00e7am\u0131yordum. A\u011fr\u0131 kesici ve uyku hap\u0131 ald\u0131m. Sonunda iki \u00fc\u00e7 saat uyuyabildim ve ac\u0131y\u0131 unuttum. Uyand\u0131\u011f\u0131mda ac\u0131 hala \u00e7ok \u015fiddetliydi.                                     Erkek arkada\u015f\u0131m g\u00f6zlerime damla damlatt\u0131 ve a\u011fr\u0131 kesici verdi. Gece boyunca uyudum. Sabah 6:00&#8217;da uyand\u0131m. Hava \u00e7ok ayd\u0131nl\u0131kt\u0131 ve olduk\u00e7a iyi g\u00f6rebiliyordum. A\u011fr\u0131 ge\u00e7mi\u015fti. Her \u015feyin bitti\u011fine inan\u0131lmaz derecede mutlu ve rahatlam\u0131\u015ft\u0131m. Sabah, kontrol randevusu i\u00e7in klini\u011fe gittim. Doktorlar sonu\u00e7tan memnundu. Her \u015fey yolunda gitmi\u015fti. Astigmatizma hala olduk\u00e7a y\u00fcksekti, ancak doktor g\u00f6zlerimde hala s\u0131v\u0131 oldu\u011funu, ancak bunun zamanla ge\u00e7ece\u011fini s\u00f6yledi. Ayr\u0131ca, yakla\u015f\u0131k 0,5 ila -1 diyoptri refraktif hata kalm\u0131\u015f olabilece\u011fi de m\u00fcmk\u00fcn. Ameliyattan \u00f6nce bu konuda bilgilendirildim. \u015eimdi neredeyse bir ay ge\u00e7ti. \u0130lk hafta boyunca, \u00f6zellikle sol g\u00f6z\u00fcmde hala a\u011fr\u0131 vard\u0131. \u015eu anda g\u00f6r\u00fc\u015f\u00fcm, g\u00f6zl\u00fckle oldu\u011fu kadar iyi, yani olduk\u00e7a iyi. (Doktora g\u00f6re, alt\u0131 ay sonra tam g\u00f6rme keskinli\u011fine ula\u015f\u0131lacak.) Baz\u0131 g\u00fcnler daha iyi g\u00f6r\u00fcyorum, baz\u0131 g\u00fcnler ise biraz daha k\u00f6t\u00fc (sadece biraz). Ama bu t\u00fcr bir ameliyattan sonra bu tamamen normal. \u015eimdiye kadar herhangi bir kama\u015fma veya g\u00f6z kurulu\u011fu ya\u015famad\u0131m. A\u011fustos ay\u0131nda bir g\u00f6z doktoruna gidece\u011fim ve o zaman ne kadar k\u0131rma kusurum kald\u0131\u011f\u0131n\u0131 \u00f6\u011frenece\u011fim. A\u011fr\u0131ya ve olas\u0131 komplikasyonlara ra\u011fmen, bu ameliyat\u0131 yine de tavsiye ediyorum. Doktorlara g\u00f6re, Femto LASIK nadiren ve isteksizce yap\u0131l\u0131yor. Normal LASIK a\u011fr\u0131s\u0131zd\u0131r ve sadece k\u0131sa s\u00fcrer. Klinikte benden bir g\u00fcn \u00f6nce LASIK ameliyat\u0131 olan iki \u0130svi\u00e7reli kad\u0131nla tan\u0131\u015ft\u0131m. \u00c7ok memnundular; i\u015flem sadece birka\u00e7 dakika s\u00fcrd\u00fc ve a\u011fr\u0131s\u0131zd\u0131. Yan\u0131n\u0131zda birini getirmenizi \u015fiddetle tavsiye ederim. Tan\u0131d\u0131\u011f\u0131n\u0131z birinin yan\u0131n\u0131zda olmas\u0131 \u00e7ok yard\u0131mc\u0131 olur. Ewa Debosz                           <\/p>\n\n\n\n<div class=\"wp-block-group is-layout-grid wp-container-core-group-is-layout-baef362d wp-block-group-is-layout-grid\">\n<p><a href=\"https:\/\/medicaltravel.at\/home\/agb\/\" data-type=\"page\" data-id=\"2191\" rel=\"nofollow noopener\" target=\"_blank\"><\/a><a href=\"https:\/\/swisslasik.ch\/tr\/hasta-deneyimleri-goez-ameliyati-tuerkiye-istanbul\/sonunda-goerme-engeli-olmayan-bir-yasam-hayali-gerceklesti-ameliyat-17-06-2010-25-temmuz-2010-pazar-tarihli-rapor\/\" data-type=\"link\" data-id=\"https:\/\/swisslasik.ch\/patientenerfahrungen-augenoperation-tuerkei\/endlich-den-traum-vom-leben-ohne-sehbehinderung-erfullt-op-17-06-2010-bericht-vom-sonntag-25-juli-2010\/\">\u00d6nceki rapor<\/a><\/p>\n\n\n\n<p class=\"has-text-align-right wp-container-content-5e2576f9\"><a href=\"https:\/\/medicaltravel.at\/home\/impressum\/\" data-type=\"page\" data-id=\"2193\" rel=\"nofollow noopener\" target=\"_blank\"><\/a><a href=\"https:\/\/medicaltravel.at\/home\/berichte-von-patienten\/erfahrungsberichte\/erfahrungsbericht-zahnbehandlung-in-istanbul\/\" data-type=\"page\" data-id=\"981\" rel=\"nofollow noopener\" target=\"_blank\"><\/a><a href=\"https:\/\/swisslasik.ch\/tr\/hasta-deneyimleri-goez-ameliyati-tuerkiye-istanbul\/istanbuldaki-klinikte-gecirdigim-lasik-goez-ameliyati-hakkindaki-deneyim-raporum-2-haziran-2010-carsamba-tarihli-rapor\/\" data-type=\"link\" data-id=\"https:\/\/swisslasik.ch\/tr\/hasta-deneyimleri-goez-ameliyati-tuerkiye-istanbul\/istanbuldaki-klinikte-gecirdigim-lasik-goez-ameliyati-hakkindaki-deneyim-raporum-2-haziran-2010-carsamba-tarihli-rapor\/\">Sonraki rapor<\/a><\/p>\n<\/div>\n","protected":false},"excerpt":{"rendered":"<p>Lazer g\u00f6z ameliyat\u0131 hakk\u0131ndaki raporum \u2013 7 Temmuz 2010 \u00c7ar\u015famba tarihli rapor Lazer g\u00f6z ameliyat\u0131 yapt\u0131rmak yakla\u015f\u0131k yedi y\u0131ld\u0131r hayalimdi. Birincisi, hi\u00e7bir zaman yeterli param olmad\u0131 ve ikincisi, bu konuda \u00e7ok endi\u015feliydim. Birka\u00e7 g\u00f6z doktorundan g\u00f6r\u00fc\u015f ald\u0131m, ancak hepsi ameliyata kar\u015f\u0131 tavsiyede bulundu. Tabii ki, ameliyattan sonra benden hi\u00e7bir \u015fey kazanamayacaklard\u0131. 2009 y\u0131l\u0131nda, bu konuyu daha \u00e7ok d\u00fc\u015f\u00fcnmeye ba\u015flad\u0131m. Nisan 2010&#8217;da, Polonya&#8217;da (Katowice) ameliyat olmaya karar verdim. Alt\u0131 ay \u00f6ncesinde, iyi haz\u0131rlanmak i\u00e7in \u0130svi\u00e7re&#8217;deki bir optisyene yeni bir g\u00f6zl\u00fck yapt\u0131rd\u0131m. Ameliyattan iki ay \u00f6nce, klini\u011fin telefonda tavsiye etti\u011fi gibi, kontakt lens yerine s\u00fcrekli olarak g\u00f6zl\u00fck takt\u0131m. Sonunda o g\u00fcn geldi. Polonya&#8217;daki klini\u011fe gittim ve doktorlar g\u00f6zl\u00fcklerimin \u00e7ok g\u00fc\u00e7l\u00fc oldu\u011funu ve ameliyat\u0131 yapmalar\u0131na izin verilmedi\u011fini ke\u015ffettiler. A\u015f\u0131r\u0131 d\u00fczeltmeyi azaltmak i\u00e7in bir iki ay boyunca \u00f6zel g\u00f6z damlalar\u0131 kullanmam gerekiyordu. G\u00f6zlerimi yanl\u0131\u015f muayene eden optisyene \u00e7ok hayal k\u0131r\u0131kl\u0131\u011f\u0131na u\u011frad\u0131m ve k\u0131zd\u0131m. \u0130svi\u00e7re&#8217;ye d\u00f6nd\u00fcm ve Polonya&#8217;daki te\u015fhisi do\u011frulamak i\u00e7in hemen ikinci bir g\u00f6z muayenesi yapt\u0131rmak istedim. Bernese Oberland&#8217;da 15&#8217;ten fazla g\u00f6z doktorunu arad\u0131m. En erken randevu 5-6 ay sonrayd\u0131. Daha erken bir randevu alamad\u0131m. \u00c7aresizdim ve ba\u015fka bir \u00e7\u00f6z\u00fcm arad\u0131m. \u0130nternette ara\u015ft\u0131rma yapt\u0131ktan sonra SwissLASIK&#8217;e rastlad\u0131m. T\u00fcm hasta yorumlar\u0131n\u0131 okudum. SwissLASIK web sitesinde, \u0130svi\u00e7re&#8217;deki g\u00f6z doktorlar\u0131yla i\u015fbirli\u011fi yapt\u0131klar\u0131n\u0131 da g\u00f6rd\u00fcm. Bay Karaagacli&#8217;yi aramaya karar verdim. Kons\u00fcltasyon her zaman \u00e7ok detayl\u0131yd\u0131 ve kendisi her zaman \u00e7ok arkada\u015f canl\u0131s\u0131yd\u0131. Bay Karaagacli, Z\u00fcrih&#8217;te bir g\u00f6z doktoruyla benim i\u00e7in h\u0131zl\u0131 bir \u015fekilde \u00f6n muayene randevusu ayarlad\u0131. Z\u00fcrih&#8217;teki doktor, Polonya&#8217;dakiyle ayn\u0131 te\u015fhisi koydu. G\u00f6zl\u00fcklerim \u00e7ok g\u00fc\u00e7l\u00fcyd\u00fc ve bu da g\u00f6zlerime a\u015f\u0131r\u0131 y\u00fck bindiriyordu. Doktor, g\u00f6r\u00fc\u015f\u00fcm\u00fc normale d\u00f6nd\u00fcrmek i\u00e7in 1-2 ay beklememi ve g\u00fcnde \u00fc\u00e7 kez g\u00f6z damlas\u0131 kullanmam\u0131 \u00f6nerdi. \u015eu anda ameliyat \u00f6nermedi. T\u00fcm muayene sonu\u00e7lar\u0131n\u0131 \u0130stanbul&#8217;daki EyeStar Klini\u011fi&#8217;ne g\u00f6nderdi. Yakla\u015f\u0131k bir hafta sonra, Bay Karaa\u011fac\u0131l\u0131&#8217;dan ameliyat olabilece\u011fim ve herhangi bir kontrendikasyon bulunmad\u0131\u011f\u0131 y\u00f6n\u00fcnde bir e-posta ald\u0131m. Ameliyattan k\u0131sa bir s\u00fcre \u00f6nce \u00e7e\u015fitli g\u00f6z damlalar\u0131yla a\u015f\u0131r\u0131 d\u00fczeltmenin ayarlanabilece\u011fini s\u00f6yledi. \u00c7ok karars\u0131zd\u0131m ve sonu\u00e7ta ne yapaca\u011f\u0131m\u0131 bilmiyordum. Ger\u00e7ek \u015fu ki, g\u00f6zl\u00fcks\u00fcz \u00e7ok k\u00f6t\u00fc ya da neredeyse hi\u00e7 g\u00f6remiyordum. \u00c7ok zor ve yorucuydu. Kontakt lenslerle de g\u00f6zlerim \u00e7ok yoruluyor ve genellikle \u00e7ok kuruyordu. Baz\u0131 okuyucular\u0131n \u00e7ok ilgin\u00e7 bulaca\u011f\u0131ndan emin oldu\u011fum g\u00f6z \u00f6l\u00e7\u00fcmlerimi de ekleyece\u011fim. Sph Cyl Ach R: -6 -2.25 170 L: -6 -2.50 10. \u00d6zellikle Z\u00fcrih&#8217;teki doktorun ameliyata kar\u015f\u0131 tavsiye vermesine, \u0130stanbul&#8217;daki doktorlar\u0131n ise herhangi bir kontrendikasyon g\u00f6rmemesine \u015fa\u015f\u0131rd\u0131m. Bay Karaa\u011fac\u0131 bana klinikteki doktorlar\u0131n \u00e7ok deneyimli oldu\u011funu ve Z\u00fcrih&#8217;teki doktordan \u00e7ok daha fazla pratik tecr\u00fcbeye sahip olduklar\u0131n\u0131 s\u00f6yledi. Beni rahatlatt\u0131 ve hatta T\u00fcrkiye&#8217;deki doktorlarla tekrar g\u00f6r\u00fc\u015ft\u00fc. Bana bir kez daha herhangi bir kontrendikasyon olmad\u0131\u011f\u0131 s\u00f6ylendi. Her \u015fey \u00e7ok h\u0131zl\u0131 ilerledi. 7 May\u0131s 2010&#8217;da Z\u00fcrih&#8217;te muayene oldum ve 14 Haziran 2010&#8217;da \u0130stanbul&#8217;a giden u\u00e7a\u011fa bindim. Bay Karaa\u011fac\u0131 her \u015feyi organize etti: u\u00e7u\u015f, kar\u015f\u0131lama vb. Hi\u00e7bir \u015fey i\u00e7in endi\u015felenmeme gerek kalmad\u0131. Bu \u00e7ok yard\u0131mc\u0131 oldu; biraz daha fazla \u00f6deyip her \u015feyin m\u00fckemmel bir \u015fekilde organize edilmesi daha iyi. Erkek arkada\u015f\u0131m da \u00e7ok uygun bir fiyata refakat\u00e7i olarak geldi. Klinikte ayr\u0131ca g\u00f6z bebeklerimin \u00e7ok b\u00fcy\u00fck oldu\u011funu ve sadece Femto LASIK ameliyat\u0131 yapabileceklerini ke\u015ffettiler. \u00d6nce ba\u015fka bir klinikte astigmat\u0131m\u0131 d\u00fczelttirmem gerekti, sonra lazer d\u00fczeltmesi i\u00e7in Eyestar klini\u011fine geri d\u00f6nd\u00fcm. \u0130lk i\u015flem \u00e7ok tats\u0131z ve olduk\u00e7a yorucuydu. Sonras\u0131nda neredeyse hi\u00e7bir \u015fey g\u00f6remiyordum. Daha sonra erkek arkada\u015f\u0131m ve bak\u0131c\u0131m\u0131z, Eyestar Klini\u011fi&#8217;ne yakla\u015f\u0131k 200 metrelik y\u00fcr\u00fcy\u00fc\u015fte bize e\u015flik etti. Lazer ameliyat\u0131 hemen ba\u015flad\u0131. \u00d6nce sa\u011f g\u00f6z\u00fcm, sonra sol. Ye\u015fil bir \u0131\u015f\u0131\u011fa bakmak zorunda kald\u0131m, bu da femtosaniye lazer tedavisinden sonra \u00e7ok yorucu ve olduk\u00e7a ac\u0131 vericiydi. I\u015f\u0131k giderek bulan\u0131kla\u015ft\u0131 ve g\u00f6zlerimi sabit tutamad\u0131m. Birka\u00e7 dakika sonra (sonsuzluk gibi geldi), doktor sa\u011f g\u00f6z\u00fcm\u00fc lazerle tedavi etmeyi bitirdi. Sonra sol g\u00f6z\u00fcme ba\u015flad\u0131. Birka\u00e7 dakika sonra doktorlar beni bir odaya g\u00f6t\u00fcrd\u00fcler ve bir yata\u011fa yat\u0131rd\u0131lar. Lazerin bozuldu\u011funa dair bir \u015feyler duydum. \u00c7ok uzun s\u00fcre dayan\u0131lmaz bir ac\u0131 i\u00e7inde yaln\u0131z beklemek zorunda kald\u0131m. Yakla\u015f\u0131k bir saat sonra erkek arkada\u015f\u0131m\u0131 yan\u0131ma getirdiler. O ba\u015fka bir odada bekliyordu. Doktorlar ona lazerin bozuldu\u011funu ve bir teknisyenin yolda oldu\u011funu s\u00f6ylediler. Ac\u0131 neredeyse dayan\u0131lmazd\u0131. Oda karanl\u0131k ve g\u00f6zlerim kapal\u0131 olmas\u0131na ra\u011fmen, do\u011frudan parlak bir \u0131\u015f\u0131\u011fa bak\u0131yormu\u015f gibi hissediyordum. Doktorlar lazerin daha \u00f6nce hi\u00e7 bozulmad\u0131\u011f\u0131n\u0131 s\u00f6ylediler. Teknisyen gelip lazeri tamir edene kadar sol g\u00f6z\u00fcm k\u0131smen tedavi edilmi\u015f halde yakla\u015f\u0131k iki saat bekledim. Ondan sonra i\u015flem devam etti. Beklerken \u00e7ok endi\u015feliydim ve asla bitmeyece\u011fini d\u00fc\u015f\u00fcnd\u00fcm. (Kesinti nedeni, doktorlar\u0131n gelecekte kendilerinin h\u0131zla d\u00fczeltebilecekleri bir yaz\u0131l\u0131m sorunuydu.) San\u0131r\u0131m birinin ilk olmas\u0131 gerekiyordu! \uf04a T\u00fcm ameliyat 14:00 ile 19:30 aras\u0131nda s\u00fcrd\u00fc. Erkek arkada\u015f\u0131m beni otele geri g\u00f6t\u00fcrd\u00fc; g\u00f6zlerimi a\u00e7am\u0131yordum. A\u011fr\u0131 kesici ve uyku hap\u0131 ald\u0131m. Sonunda iki \u00fc\u00e7 saat uyuyabildim ve ac\u0131y\u0131 unuttum. Uyand\u0131\u011f\u0131mda ac\u0131 hala \u00e7ok \u015fiddetliydi. Erkek arkada\u015f\u0131m g\u00f6zlerime damla damlatt\u0131 ve a\u011fr\u0131 kesici verdi. Gece boyunca uyudum. Sabah 6:00&#8217;da uyand\u0131m. Hava \u00e7ok ayd\u0131nl\u0131kt\u0131 ve olduk\u00e7a iyi g\u00f6rebiliyordum. A\u011fr\u0131 ge\u00e7mi\u015fti. Her \u015feyin bitti\u011fine inan\u0131lmaz derecede mutlu ve rahatlam\u0131\u015ft\u0131m. Sabah, kontrol randevusu i\u00e7in klini\u011fe gittim. Doktorlar sonu\u00e7tan memnundu. Her \u015fey yolunda gitmi\u015fti. Astigmatizma hala olduk\u00e7a y\u00fcksekti, ancak doktor g\u00f6zlerimde hala s\u0131v\u0131 oldu\u011funu, ancak bunun zamanla ge\u00e7ece\u011fini s\u00f6yledi. Ayr\u0131ca, yakla\u015f\u0131k 0,5 ila -1 diyoptri refraktif hata kalm\u0131\u015f olabilece\u011fi de m\u00fcmk\u00fcn. Ameliyattan \u00f6nce bu konuda bilgilendirildim. \u015eimdi neredeyse bir ay ge\u00e7ti. \u0130lk hafta boyunca, \u00f6zellikle sol g\u00f6z\u00fcmde hala a\u011fr\u0131 vard\u0131. \u015eu anda g\u00f6r\u00fc\u015f\u00fcm, g\u00f6zl\u00fckle oldu\u011fu kadar iyi, yani olduk\u00e7a iyi. (Doktora g\u00f6re, alt\u0131 ay sonra tam g\u00f6rme keskinli\u011fine ula\u015f\u0131lacak.) Baz\u0131 g\u00fcnler daha iyi g\u00f6r\u00fcyorum, baz\u0131 g\u00fcnler ise biraz daha k\u00f6t\u00fc (sadece biraz). Ama bu t\u00fcr bir ameliyattan sonra bu tamamen normal. \u015eimdiye kadar herhangi bir kama\u015fma veya g\u00f6z kurulu\u011fu ya\u015famad\u0131m. A\u011fustos ay\u0131nda bir g\u00f6z doktoruna gidece\u011fim ve o zaman ne kadar k\u0131rma kusurum kald\u0131\u011f\u0131n\u0131 \u00f6\u011frenece\u011fim. A\u011fr\u0131ya ve olas\u0131 komplikasyonlara ra\u011fmen, bu ameliyat\u0131 yine de tavsiye ediyorum. Doktorlara g\u00f6re, Femto LASIK nadiren ve isteksizce yap\u0131l\u0131yor. Normal LASIK a\u011fr\u0131s\u0131zd\u0131r ve sadece k\u0131sa s\u00fcrer. Klinikte benden bir g\u00fcn \u00f6nce LASIK ameliyat\u0131 olan iki \u0130svi\u00e7reli kad\u0131nla tan\u0131\u015ft\u0131m. \u00c7ok memnundular; i\u015flem sadece birka\u00e7 dakika s\u00fcrd\u00fc ve a\u011fr\u0131s\u0131zd\u0131. Yan\u0131n\u0131zda birini getirmenizi \u015fiddetle tavsiye ederim. Tan\u0131d\u0131\u011f\u0131n\u0131z birinin yan\u0131n\u0131zda olmas\u0131 \u00e7ok yard\u0131mc\u0131 olur. Ewa Debosz \u00d6nceki rapor Sonraki rapor<\/p>\n","protected":false},"author":4,"featured_media":0,"parent":3973,"menu_order":0,"comment_status":"closed","ping_status":"closed","template":"","meta":{"_joinchat":[],"footnotes":""},"class_list":["post-4011","page","type-page","status-publish","hentry"],"acf":[],"_links":{"self":[{"href":"https:\/\/swisslasik.ch\/tr\/wp-json\/wp\/v2\/pages\/4011","targetHints":{"allow":["GET"]}}],"collection":[{"href":"https:\/\/swisslasik.ch\/tr\/wp-json\/wp\/v2\/pages"}],"about":[{"href":"https:\/\/swisslasik.ch\/tr\/wp-json\/wp\/v2\/types\/page"}],"author":[{"embeddable":true,"href":"https:\/\/swisslasik.ch\/tr\/wp-json\/wp\/v2\/users\/4"}],"replies":[{"embeddable":true,"href":"https:\/\/swisslasik.ch\/tr\/wp-json\/wp\/v2\/comments?post=4011"}],"version-history":[{"count":2,"href":"https:\/\/swisslasik.ch\/tr\/wp-json\/wp\/v2\/pages\/4011\/revisions"}],"predecessor-version":[{"id":4811,"href":"https:\/\/swisslasik.ch\/tr\/wp-json\/wp\/v2\/pages\/4011\/revisions\/4811"}],"up":[{"embeddable":true,"href":"https:\/\/swisslasik.ch\/tr\/wp-json\/wp\/v2\/pages\/3973"}],"wp:attachment":[{"href":"https:\/\/swisslasik.ch\/tr\/wp-json\/wp\/v2\/media?parent=4011"}],"curies":[{"name":"wp","href":"https:\/\/api.w.org\/{rel}","templated":true}]}}