{"id":4013,"date":"2025-09-24T14:37:14","date_gmt":"2025-09-24T13:37:14","guid":{"rendered":"https:\/\/swisslasik.ch\/hasta-deneyimleri-goez-ameliyati-tuerkiye-istanbul\/istanbuldaki-klinikte-gecirdigim-lasik-goez-ameliyati-hakkindaki-deneyim-raporum-2-haziran-2010-carsamba-tarihli-rapor\/"},"modified":"2026-01-14T19:33:37","modified_gmt":"2026-01-14T18:33:37","slug":"istanbuldaki-klinikte-gecirdigim-lasik-goez-ameliyati-hakkindaki-deneyim-raporum-2-haziran-2010-carsamba-tarihli-rapor","status":"publish","type":"page","link":"https:\/\/swisslasik.ch\/tr\/hasta-deneyimleri-goez-ameliyati-tuerkiye-istanbul\/istanbuldaki-klinikte-gecirdigim-lasik-goez-ameliyati-hakkindaki-deneyim-raporum-2-haziran-2010-carsamba-tarihli-rapor\/","title":{"rendered":"\u0130stanbul&#8217;daki klinikte ge\u00e7irdi\u011fim LASIK g\u00f6z ameliyat\u0131 hakk\u0131ndaki deneyim raporum \u2013 2 Haziran 2010 \u00c7ar\u015famba tarihli rapor."},"content":{"rendered":"\n<h3 class=\"wp-block-heading\">\u0130stanbul&#8217;daki klinikte ge\u00e7irdi\u011fim LASIK g\u00f6z ameliyat\u0131 hakk\u0131ndaki deneyim raporum \u2013 2 Haziran 2010 \u00c7ar\u015famba tarihli rapor.<\/h3>\n\n\n\n<p>Der Erfahrungsbericht zur Augen-LASIK Operation bei der Klinik in Istanbul von Herrn Roger Gubler k\u00f6nnen Sie hier als pdf lesen. Klicken Sie bitte darauf. <\/p>\n\n\n\n<div class=\"wp-block-group is-layout-grid wp-container-core-group-is-layout-baef362d wp-block-group-is-layout-grid\">\n<p><a href=\"https:\/\/medicaltravel.at\/home\/agb\/\" data-type=\"page\" data-id=\"2191\" rel=\"nofollow noopener\" target=\"_blank\"><\/a><a href=\"https:\/\/swisslasik.ch\/tr\/hasta-deneyimleri-goez-ameliyati-tuerkiye-istanbul\/lazer-goez-ameliyati-hakkindaki-raporum-7-temmuz-2010-carsamba-tarihli-rapor\/\" data-type=\"link\" data-id=\"https:\/\/swisslasik.ch\/patientenerfahrungen-augenoperation-tuerkei\/mein-bericht-uber-augenlaser-op-bericht-vom-mittwoch-07-juli-2010\/\">\u00d6nceki rapor<\/a><\/p>\n\n\n\n<p class=\"has-text-align-right wp-container-content-5e2576f9\"><a href=\"https:\/\/medicaltravel.at\/home\/impressum\/\" data-type=\"page\" data-id=\"2193\" rel=\"nofollow noopener\" target=\"_blank\"><\/a><a href=\"https:\/\/medicaltravel.at\/home\/berichte-von-patienten\/erfahrungsberichte\/erfahrungsbericht-zahnbehandlung-in-istanbul\/\" data-type=\"page\" data-id=\"981\" rel=\"nofollow noopener\" target=\"_blank\"><\/a><a href=\"https:\/\/swisslasik.ch\/tr\/hasta-deneyimleri-goez-ameliyati-tuerkiye-istanbul\/istanbulda-lazer-goez-ameliyatim-6-subat-2010-cumartesi-tarihli-rapor\/\" data-type=\"link\" data-id=\"https:\/\/swisslasik.ch\/tr\/hasta-deneyimleri-goez-ameliyati-tuerkiye-istanbul\/istanbulda-lazer-goez-ameliyatim-6-subat-2010-cumartesi-tarihli-rapor\/\">Sonraki rapor<\/a><\/p>\n<\/div>\n","protected":false},"excerpt":{"rendered":"<p>\u0130stanbul&#8217;daki klinikte ge\u00e7irdi\u011fim LASIK g\u00f6z ameliyat\u0131 hakk\u0131ndaki deneyim raporum \u2013 2 Haziran 2010 \u00c7ar\u015famba tarihli rapor. Der Erfahrungsbericht zur Augen-LASIK Operation bei der Klinik in Istanbul von Herrn Roger Gubler k\u00f6nnen Sie hier als pdf lesen. Klicken Sie bitte darauf. \u00d6nceki rapor Sonraki rapor<\/p>\n","protected":false},"author":4,"featured_media":0,"parent":3973,"menu_order":0,"comment_status":"closed","ping_status":"closed","template":"","meta":{"_joinchat":[],"footnotes":""},"class_list":["post-4013","page","type-page","status-publish","hentry"],"acf":[],"_links":{"self":[{"href":"https:\/\/swisslasik.ch\/tr\/wp-json\/wp\/v2\/pages\/4013","targetHints":{"allow":["GET"]}}],"collection":[{"href":"https:\/\/swisslasik.ch\/tr\/wp-json\/wp\/v2\/pages"}],"about":[{"href":"https:\/\/swisslasik.ch\/tr\/wp-json\/wp\/v2\/types\/page"}],"author":[{"embeddable":true,"href":"https:\/\/swisslasik.ch\/tr\/wp-json\/wp\/v2\/users\/4"}],"replies":[{"embeddable":true,"href":"https:\/\/swisslasik.ch\/tr\/wp-json\/wp\/v2\/comments?post=4013"}],"version-history":[{"count":2,"href":"https:\/\/swisslasik.ch\/tr\/wp-json\/wp\/v2\/pages\/4013\/revisions"}],"predecessor-version":[{"id":4812,"href":"https:\/\/swisslasik.ch\/tr\/wp-json\/wp\/v2\/pages\/4013\/revisions\/4812"}],"up":[{"embeddable":true,"href":"https:\/\/swisslasik.ch\/tr\/wp-json\/wp\/v2\/pages\/3973"}],"wp:attachment":[{"href":"https:\/\/swisslasik.ch\/tr\/wp-json\/wp\/v2\/media?parent=4013"}],"curies":[{"name":"wp","href":"https:\/\/api.w.org\/{rel}","templated":true}]}}