{"id":4016,"date":"2025-09-24T14:46:44","date_gmt":"2025-09-24T13:46:44","guid":{"rendered":"https:\/\/swisslasik.ch\/hasta-deneyimleri-goez-ameliyati-tuerkiye-istanbul\/istanbulda-gecirdigim-goez-ameliyatiyla-ilgili-yorumum-15-mayis-2009-cuma-tarihli-rapor\/"},"modified":"2026-01-14T19:49:27","modified_gmt":"2026-01-14T18:49:27","slug":"istanbulda-gecirdigim-goez-ameliyatiyla-ilgili-yorumum-15-mayis-2009-cuma-tarihli-rapor","status":"publish","type":"page","link":"https:\/\/swisslasik.ch\/tr\/hasta-deneyimleri-goez-ameliyati-tuerkiye-istanbul\/istanbulda-gecirdigim-goez-ameliyatiyla-ilgili-yorumum-15-mayis-2009-cuma-tarihli-rapor\/","title":{"rendered":"\u0130stanbul&#8217;da ge\u00e7irdi\u011fim g\u00f6z ameliyat\u0131yla ilgili yorumum \u2013 15 May\u0131s 2009 Cuma tarihli rapor"},"content":{"rendered":"\n<h3 class=\"wp-block-heading\">\u0130stanbul&#8217;da ge\u00e7irdi\u011fim g\u00f6z ameliyat\u0131yla ilgili yorumum \u2013 15 May\u0131s 2009 Cuma tarihli rapor<\/h3>\n\n<p>Ameliyattan bu yana iki hafta ge\u00e7ti&#8230; \u0130\u015fte seyahat\/ameliyat\/\u0130stanbul hakk\u0131ndaki de\u011ferlendirmem:<br\/>S\u00f6rf yap\u0131yorum ve suya yak\u0131n olmay\u0131 seviyorum, g\u00f6zl\u00fckler ise can s\u0131k\u0131c\u0131. Bu y\u00fczden uzun zamand\u0131r lazer g\u00f6z ameliyat\u0131 olmay\u0131 d\u00fc\u015f\u00fcn\u00fcyordum. Ocak ay\u0131nda bir meslekta\u015f\u0131m \u0130stanbul&#8217;da ge\u00e7irece\u011fi ameliyattan bahsetti. \u0130lk ba\u015fta orada ameliyat olaca\u011f\u0131na \u015fa\u015f\u0131rd\u0131m. Sonu\u00e7lardan ve hizmetten \u00e7ok memnundu. Daha sonra internet sitenizi okudum&#8230; ve sonunda ben de gitmeye karar verdim. Z\u00fcrih&#8217;te \u00f6n muayene yapt\u0131rmad\u0131m. Doktor randevular\u0131ndan ve uzun bekleme s\u00fcrelerinden nefret etti\u011fim i\u00e7in her \u015feyi bir g\u00fcnde halletmek benim i\u00e7in \u00f6nemliydi. \u0130svi\u00e7re&#8217;de en az \u00fc\u00e7 randevuya gitmem gerekirdi. Bay Karaagacli e-postalar\u0131ma her zaman h\u0131zl\u0131 bir \u015fekilde yan\u0131t verdi ve bu beni tamamen memnun etti. Ona her \u015feyi sorabiliyordum. T\u00fcm a\u00e7\u0131klamalar ve \u00f6demeden sonra, k\u0131sa s\u00fcre i\u00e7inde bana SwissLASIK Pasaportunu g\u00f6nderdi. \u0130htiyac\u0131m olan t\u00fcm faydal\u0131 bilgileri i\u00e7eriyordu. Pasaport ger\u00e7ekten harika, her \u015fey bir bak\u0131\u015fta g\u00f6r\u00fclebiliyor! U\u00e7u\u015f m\u00fckemmel ge\u00e7ti, Hakan Dikmen&#8217;in bizi almas\u0131 da \u00f6yle. Trafik \u00e7ok yo\u011fundu. San\u0131r\u0131m bu y\u00fczden biraz ge\u00e7 kald\u0131k. Her neyse, \u015fof\u00f6r bizi t\u00fcm bagajlar\u0131m\u0131zla birlikte do\u011frudan EyeSTAR klini\u011fine g\u00f6t\u00fcrd\u00fc. Yolculuktan biraz dinlenmek i\u00e7in \u00f6nce otele gitmeyi tercih ederdim, do\u011frudan klini\u011fe gitmek yerine. Fred bizi hemen ald\u0131, bavullar\u0131 ta\u015f\u0131d\u0131 ve \u00f6n muayeneler ve ard\u0131ndan ameliyat boyunca bana terc\u00fcmanl\u0131k yaparak e\u015flik etti. Her \u015fey biraz tela\u015fl\u0131yd\u0131. G\u00f6z damlalar\u0131ndan sonra g\u00f6r\u00fc\u015f\u00fcm bulan\u0131kla\u015ft\u0131. Sonra k\u0131sa bir s\u00fcre i\u00e7inde bir \u015feyler yememiz istendi. Ak\u015fam yeme\u011finden sonra hemen ba\u015flad\u0131. Grubumuzda ilk bendim. Masaj koltu\u011funa oturdu\u011fumda \u00e7ok gergindim. Birdenbire her \u015fey oluyordu! Tek d\u00fc\u015f\u00fcnebildi\u011fim \u015fuydu: Jeannette, sadece turuncu \u0131\u015f\u0131\u011fa odaklan ve ba\u015fka hi\u00e7bir \u015feye odaklanma. Sonra kendimi kapatt\u0131m &#8211; ondan sonras\u0131n\u0131 pek hat\u0131rlam\u0131yorum. Her \u015fey \u00e7ok h\u0131zl\u0131 oldu. Ameliyat rahats\u0131z ediciydi ama ac\u0131 verici de\u011fildi. Yakla\u015f\u0131k yar\u0131m saat boyunca titredim. Sonra hemen seyahat arkada\u015f\u0131mla otele d\u00f6nd\u00fcm ve yatt\u0131m. Ertesi sabah g\u00f6zlerimi a\u00e7maya bile cesaret edemedim&#8230; ama her \u015fey sorunsuz ge\u00e7ti! Harika. Daha sonra iki g\u00fcn \u0130stanbul&#8217;u ke\u015ffettik. Ger\u00e7ekten g\u00fczel, ilgin\u00e7, canl\u0131 ve temiz bir \u015fehir! \u00c7ok etkilendim. Oteldeki ilk gece berbatt\u0131. Penceresiz bir odam\u0131z vard\u0131 ve klimas\u0131 bozuktu. \u00c7ok havas\u0131z ve s\u0131cakt\u0131.                                           Odaya girip biraz hava almak i\u00e7in kap\u0131y\u0131 a\u00e7\u0131k b\u0131rakmak zorunda kald\u0131k. Meslekta\u015f\u0131m gece yar\u0131s\u0131 tamamen peri\u015fan bir halde resepsiyona gitti ve yeni bir oda istedi. Sabahleyin ta\u015f\u0131nabildik\u2026 Kahvalt\u0131 salonundan manzara muhte\u015femdi! \u0130lk kontrol randevum 29 May\u0131s&#8217;ta. \u015eimdi bilgisayar\u0131m\u0131n ba\u015f\u0131nda g\u00fcne\u015f g\u00f6zl\u00fc\u011f\u00fc takm\u0131\u015f, bu raporu yaz\u0131yorum\u2026 Sayg\u0131lar\u0131mla,<br\/>J. Gr\u00fcnenfelder     <\/p>\n\n<figure class=\"wp-block-image size-full\"><img decoding=\"async\" width=\"68\" height=\"90\" src=\"https:\/\/swisslasik.ch\/wp-content\/uploads\/2025\/09\/csm_IMG_0043_85fa6b7140.jpg\" alt=\"\" class=\"wp-image-591\"\/><\/figure>\n\n<div class=\"wp-block-group is-layout-grid wp-container-core-group-is-layout-baef362d wp-block-group-is-layout-grid\">\n<p><a href=\"https:\/\/medicaltravel.at\/home\/agb\/\" data-type=\"page\" data-id=\"2191\" rel=\"nofollow noopener\" target=\"_blank\"><\/a><a href=\"https:\/\/swisslasik.ch\/tr\/hasta-deneyimleri-goez-ameliyati-tuerkiye-istanbul\/goezlueksuez-bir-hayat-her-zaman-hayalim-olmustur-21-mayis-2009-persembe-tarihli-rapor\/\" data-type=\"link\" data-id=\"https:\/\/swisslasik.ch\/patientenerfahrungen-augenoperation-tuerkei\/ein-leben-ohne-brille-war-schon-immer-mein-traum-bericht-vom-donnerstag-21-mai-2009\/\">\u00d6nceki rapor<\/a><\/p>\n\n\n\n<p class=\"has-text-align-right wp-container-content-5e2576f9\"><a href=\"https:\/\/medicaltravel.at\/home\/impressum\/\" data-type=\"page\" data-id=\"2193\" rel=\"nofollow noopener\" target=\"_blank\"><\/a><a href=\"https:\/\/medicaltravel.at\/home\/berichte-von-patienten\/erfahrungsberichte\/erfahrungsbericht-zahnbehandlung-in-istanbul\/\" data-type=\"page\" data-id=\"981\" rel=\"nofollow noopener\" target=\"_blank\"><\/a><a href=\"https:\/\/swisslasik.ch\/tr\/hasta-deneyimleri-goez-ameliyati-tuerkiye-istanbul\/istanbulda-lasik-deneyim-raporum-13-mayis-2009-carsamba-tarihli-rapor\/\" data-type=\"link\" data-id=\"https:\/\/swisslasik.ch\/patientenerfahrungen-augenoperation-tuerkei\/lasik-in-istanbul-mein-erfahrungsbericht-bericht-vom-mittwoch-13-mai-2009\/\">Sonraki rapor<\/a><\/p>\n<\/div>\n","protected":false},"excerpt":{"rendered":"<p>\u0130stanbul&#8217;da ge\u00e7irdi\u011fim g\u00f6z ameliyat\u0131yla ilgili yorumum \u2013 15 May\u0131s 2009 Cuma tarihli rapor Ameliyattan bu yana iki hafta ge\u00e7ti&#8230; \u0130\u015fte seyahat\/ameliyat\/\u0130stanbul hakk\u0131ndaki de\u011ferlendirmem:S\u00f6rf yap\u0131yorum ve suya yak\u0131n olmay\u0131 seviyorum, g\u00f6zl\u00fckler ise can s\u0131k\u0131c\u0131. Bu y\u00fczden uzun zamand\u0131r lazer g\u00f6z ameliyat\u0131 olmay\u0131 d\u00fc\u015f\u00fcn\u00fcyordum. Ocak ay\u0131nda bir meslekta\u015f\u0131m \u0130stanbul&#8217;da ge\u00e7irece\u011fi ameliyattan bahsetti. \u0130lk ba\u015fta orada ameliyat olaca\u011f\u0131na \u015fa\u015f\u0131rd\u0131m. Sonu\u00e7lardan ve hizmetten \u00e7ok memnundu. Daha sonra internet sitenizi okudum&#8230; ve sonunda ben de gitmeye karar verdim. Z\u00fcrih&#8217;te \u00f6n muayene yapt\u0131rmad\u0131m. Doktor randevular\u0131ndan ve uzun bekleme s\u00fcrelerinden nefret etti\u011fim i\u00e7in her \u015feyi bir g\u00fcnde halletmek benim i\u00e7in \u00f6nemliydi. \u0130svi\u00e7re&#8217;de en az \u00fc\u00e7 randevuya gitmem gerekirdi. Bay Karaagacli e-postalar\u0131ma her zaman h\u0131zl\u0131 bir \u015fekilde yan\u0131t verdi ve bu beni tamamen memnun etti. Ona her \u015feyi sorabiliyordum. T\u00fcm a\u00e7\u0131klamalar ve \u00f6demeden sonra, k\u0131sa s\u00fcre i\u00e7inde bana SwissLASIK Pasaportunu g\u00f6nderdi. \u0130htiyac\u0131m olan t\u00fcm faydal\u0131 bilgileri i\u00e7eriyordu. Pasaport ger\u00e7ekten harika, her \u015fey bir bak\u0131\u015fta g\u00f6r\u00fclebiliyor! U\u00e7u\u015f m\u00fckemmel ge\u00e7ti, Hakan Dikmen&#8217;in bizi almas\u0131 da \u00f6yle. Trafik \u00e7ok yo\u011fundu. San\u0131r\u0131m bu y\u00fczden biraz ge\u00e7 kald\u0131k. Her neyse, \u015fof\u00f6r bizi t\u00fcm bagajlar\u0131m\u0131zla birlikte do\u011frudan EyeSTAR klini\u011fine g\u00f6t\u00fcrd\u00fc. Yolculuktan biraz dinlenmek i\u00e7in \u00f6nce otele gitmeyi tercih ederdim, do\u011frudan klini\u011fe gitmek yerine. Fred bizi hemen ald\u0131, bavullar\u0131 ta\u015f\u0131d\u0131 ve \u00f6n muayeneler ve ard\u0131ndan ameliyat boyunca bana terc\u00fcmanl\u0131k yaparak e\u015flik etti. Her \u015fey biraz tela\u015fl\u0131yd\u0131. G\u00f6z damlalar\u0131ndan sonra g\u00f6r\u00fc\u015f\u00fcm bulan\u0131kla\u015ft\u0131. Sonra k\u0131sa bir s\u00fcre i\u00e7inde bir \u015feyler yememiz istendi. Ak\u015fam yeme\u011finden sonra hemen ba\u015flad\u0131. Grubumuzda ilk bendim. Masaj koltu\u011funa oturdu\u011fumda \u00e7ok gergindim. Birdenbire her \u015fey oluyordu! Tek d\u00fc\u015f\u00fcnebildi\u011fim \u015fuydu: Jeannette, sadece turuncu \u0131\u015f\u0131\u011fa odaklan ve ba\u015fka hi\u00e7bir \u015feye odaklanma. Sonra kendimi kapatt\u0131m &#8211; ondan sonras\u0131n\u0131 pek hat\u0131rlam\u0131yorum. Her \u015fey \u00e7ok h\u0131zl\u0131 oldu. Ameliyat rahats\u0131z ediciydi ama ac\u0131 verici de\u011fildi. Yakla\u015f\u0131k yar\u0131m saat boyunca titredim. Sonra hemen seyahat arkada\u015f\u0131mla otele d\u00f6nd\u00fcm ve yatt\u0131m. Ertesi sabah g\u00f6zlerimi a\u00e7maya bile cesaret edemedim&#8230; ama her \u015fey sorunsuz ge\u00e7ti! Harika. Daha sonra iki g\u00fcn \u0130stanbul&#8217;u ke\u015ffettik. Ger\u00e7ekten g\u00fczel, ilgin\u00e7, canl\u0131 ve temiz bir \u015fehir! \u00c7ok etkilendim. Oteldeki ilk gece berbatt\u0131. Penceresiz bir odam\u0131z vard\u0131 ve klimas\u0131 bozuktu. \u00c7ok havas\u0131z ve s\u0131cakt\u0131. Odaya girip biraz hava almak i\u00e7in kap\u0131y\u0131 a\u00e7\u0131k b\u0131rakmak zorunda kald\u0131k. Meslekta\u015f\u0131m gece yar\u0131s\u0131 tamamen peri\u015fan bir halde resepsiyona gitti ve yeni bir oda istedi. Sabahleyin ta\u015f\u0131nabildik\u2026 Kahvalt\u0131 salonundan manzara muhte\u015femdi! \u0130lk kontrol randevum 29 May\u0131s&#8217;ta. \u015eimdi bilgisayar\u0131m\u0131n ba\u015f\u0131nda g\u00fcne\u015f g\u00f6zl\u00fc\u011f\u00fc takm\u0131\u015f, bu raporu yaz\u0131yorum\u2026 Sayg\u0131lar\u0131mla,J. Gr\u00fcnenfelder \u00d6nceki rapor Sonraki rapor<\/p>\n","protected":false},"author":4,"featured_media":0,"parent":3973,"menu_order":0,"comment_status":"closed","ping_status":"closed","template":"","meta":{"_joinchat":[],"footnotes":""},"class_list":["post-4016","page","type-page","status-publish","hentry"],"acf":[],"_links":{"self":[{"href":"https:\/\/swisslasik.ch\/tr\/wp-json\/wp\/v2\/pages\/4016","targetHints":{"allow":["GET"]}}],"collection":[{"href":"https:\/\/swisslasik.ch\/tr\/wp-json\/wp\/v2\/pages"}],"about":[{"href":"https:\/\/swisslasik.ch\/tr\/wp-json\/wp\/v2\/types\/page"}],"author":[{"embeddable":true,"href":"https:\/\/swisslasik.ch\/tr\/wp-json\/wp\/v2\/users\/4"}],"replies":[{"embeddable":true,"href":"https:\/\/swisslasik.ch\/tr\/wp-json\/wp\/v2\/comments?post=4016"}],"version-history":[{"count":1,"href":"https:\/\/swisslasik.ch\/tr\/wp-json\/wp\/v2\/pages\/4016\/revisions"}],"predecessor-version":[{"id":4017,"href":"https:\/\/swisslasik.ch\/tr\/wp-json\/wp\/v2\/pages\/4016\/revisions\/4017"}],"up":[{"embeddable":true,"href":"https:\/\/swisslasik.ch\/tr\/wp-json\/wp\/v2\/pages\/3973"}],"wp:attachment":[{"href":"https:\/\/swisslasik.ch\/tr\/wp-json\/wp\/v2\/media?parent=4016"}],"curies":[{"name":"wp","href":"https:\/\/api.w.org\/{rel}","templated":true}]}}