{"id":4018,"date":"2025-09-24T14:38:51","date_gmt":"2025-09-24T13:38:51","guid":{"rendered":"https:\/\/swisslasik.ch\/hasta-deneyimleri-goez-ameliyati-tuerkiye-istanbul\/istanbulda-lazer-goez-ve-dis-tedavimle-ilgili-hasta-raporum-21-aralik-2009-pazartesi-tarihli-rapor\/"},"modified":"2026-01-14T19:36:53","modified_gmt":"2026-01-14T18:36:53","slug":"istanbulda-lazer-goez-ve-dis-tedavimle-ilgili-hasta-raporum-21-aralik-2009-pazartesi-tarihli-rapor","status":"publish","type":"page","link":"https:\/\/swisslasik.ch\/tr\/hasta-deneyimleri-goez-ameliyati-tuerkiye-istanbul\/istanbulda-lazer-goez-ve-dis-tedavimle-ilgili-hasta-raporum-21-aralik-2009-pazartesi-tarihli-rapor\/","title":{"rendered":"\u0130stanbul&#8217;da lazer g\u00f6z ve di\u015f tedavimle ilgili hasta raporum \u2013 21 Aral\u0131k 2009 Pazartesi tarihli rapor"},"content":{"rendered":"\n<h3 class=\"wp-block-heading\">\u0130stanbul&#8217;da lazer g\u00f6z ve di\u015f tedavimle ilgili hasta raporum \u2013 21 Aral\u0131k 2009 Pazartesi tarihli rapor<\/h3>\n\n\n\n<p>Habe schon l\u00e4nger mit dem Gedanken gespielt meine Augen lasern zu lassen, allerdings war ich unentschieden da ich wusste wieviel es in der Schweiz kosten w\u00fcrde. Bin im Internet zuf\u00e4llig auf www.swisslasik.ch gestossen, nach l\u00e4ngerem \u00dcberlegen entschloss ich mich bei Herr Serdar Karaagaclizu melden. Sehr tolle telefonische und schriftliche Betreuung. Nachdem ich mich entschlossen habe nach Istanbul zu fahren habe ich zuf\u00e4llig in meinem Bekanntheitskreis erfahren dass zwei von ihnen schon dort waren und sehr zufrieden zur\u00fcckgekehrt sind. Das hat mich in meinem Entschluss best\u00e4rkt. Bin also mit einer guten Freundin nach Istanbul geflogen, Ankunft fr\u00fcher Nachmittag wurden am Flughafen erwartet und zum Hotel gefahren. Dort angekommen kurz erfrischt und dann ab ins Gew\u00fchl der Einkaufstrasse (5min) entfernt. Macht richtig spass um 2200 noch zu shoppen\u2026 Am n\u00e4chsten Tag wurden wir um 1100 abgeholt und zu Fuss zur klinik begleitet, (5 min) sehr freundlich empfangen. Meine Augen mit verschieden Ger\u00e4ten untersucht. Der Augenarzt gab am schluss das OK zur OP. Bei der Untersuchung war immer jemand der deutsch konnte dabei, der Arzt spricht Englisch. Der Termin zur OP war am gleichen Tag um 1730. Kurze Wartezeit dann in den OP Saal. Ich fand die OP im Gegensatz zu anderen Patientenberichteziemlich schmerzhaft, aber aushaltbar. Nach der OP kurz ausruhen, dann mit den Augentropfen zur\u00fcck ins Hotel., die Augen tr\u00e4nten, war ziemlich lichtempfindlich. Nahm die Schmerztablette und schlief gegen 1900 ein. Um Mitternacht ca wachte ich auf, schaltete den Fernseher ein und konnte ohne Sehhilfe TV schauen, obwohl das Licht noch leicht blendete. Am n\u00e4chsten Tag um 1100 Nachuntersuchung, der Arzt meinte alles sei ok. Sind dann zur Blauen Moche und zum Grand Bazar gefahren, konnte beschwerdenfrei, ohne Sonnenbrille herumlaufen. Hatte nur das Gef\u00fchl als ob ich etwas in den Augen h\u00e4tte, aber so leicht dass es nicht st\u00f6rte. Um 1700 hatte ich einen Zahnarzt Termin bei Stomadenta, der Termin wurde von der Swisslasik organisiert. Die Zahnarztbehandlung war gut, die Klinik wirklich sehr sch\u00f6n, der Chefarzt spricht gut deutsch. Habe f\u00fcr Zahnreinigung und zwei Plomben ca 300 CHF gezahlt, zwei R\u00f6ntgenbilder inbegriffen. Wirklich empfehlenswert\u2026 Zur Zahnarztklinik einfach ein Taxi nehmen, die Fahrt dauert ca 45 min Am n\u00e4chsten Tag noch eine kurze Shoppingstour in der Franz\u00f6sischeStrassen um 1300 wurden wir im Hotel abgeholt und zum Flughafen gefahren. Hatte auch in den n\u00e4chsten Tagen keine Beschwerden, bin 2 Tage sp\u00e4termit dem Auto nachts nach Italien gefahren, kein blenden, keine trocken Augen aber dass ist glaub ich bei jedem anders\u2026. W\u00fcrde es auf jedenFall noch mal machen, am besten jemand mitnehmen, shoppen macht zu zweit mehr Spass und macht nicht den gleichen Fehler wie ich: habe mich ge\u00e4rgert dass ich nur 3 N\u00e4chte geblieben bin, das n\u00e4chste mal w\u00fcrde ich mindesten 4-5 bleiben. Die Stadt ist wunderbar und wenn man schon dort ist sollte man es mit einem Urlaub verbinden. Das Hotel ist wirklich ok, ausser dass der Schrank ziemlich klein ist. Freundliche Gr\u00fcsse Stefan Stolz<\/p>\n\n\n\n<div class=\"wp-block-group is-layout-grid wp-container-core-group-is-layout-baef362d wp-block-group-is-layout-grid\">\n<p><a href=\"https:\/\/medicaltravel.at\/home\/agb\/\" data-type=\"page\" data-id=\"2191\" rel=\"nofollow noopener\" target=\"_blank\"><\/a><a href=\"https:\/\/swisslasik.ch\/tr\/hasta-deneyimleri-goez-ameliyati-tuerkiye-istanbul\/istanbuldaki-swisslasik-klinigindeki-deneyimim-5-subat-2010-cuma-tarihli-rapor\/\" data-type=\"link\" data-id=\"https:\/\/swisslasik.ch\/tr\/hasta-deneyimleri-goez-ameliyati-tuerkiye-istanbul\/istanbuldaki-swisslasik-klinigindeki-deneyimim-5-subat-2010-cuma-tarihli-rapor\/\">\u00d6nceki rapor<\/a><\/p>\n\n\n\n<p class=\"has-text-align-right wp-container-content-5e2576f9\"><a href=\"https:\/\/medicaltravel.at\/home\/impressum\/\" data-type=\"page\" data-id=\"2193\" rel=\"nofollow noopener\" target=\"_blank\"><\/a><a href=\"https:\/\/medicaltravel.at\/home\/berichte-von-patienten\/erfahrungsberichte\/erfahrungsbericht-zahnbehandlung-in-istanbul\/\" data-type=\"page\" data-id=\"981\" rel=\"nofollow noopener\" target=\"_blank\"><\/a><a href=\"https:\/\/swisslasik.ch\/tr\/hasta-deneyimleri-goez-ameliyati-tuerkiye-istanbul\/istanbuldaki-goez-ameliyatim-alarm-saati-847yi-goesteriyordu-her-zamankinden-daha-net-goerueyordum-2-kasim-2009-pazartesi-tarihli-rapor\/\" data-type=\"link\" data-id=\"https:\/\/swisslasik.ch\/tr\/hasta-deneyimleri-goez-ameliyati-tuerkiye-istanbul\/istanbuldaki-goez-ameliyatim-alarm-saati-847yi-goesteriyordu-her-zamankinden-daha-net-goerueyordum-2-kasim-2009-pazartesi-tarihli-rapor\/\">Sonraki rapor<\/a><\/p>\n<\/div>\n\n\n\n<p><\/p>\n","protected":false},"excerpt":{"rendered":"<p>\u0130stanbul&#8217;da lazer g\u00f6z ve di\u015f tedavimle ilgili hasta raporum \u2013 21 Aral\u0131k 2009 Pazartesi tarihli rapor Habe schon l\u00e4nger mit dem Gedanken gespielt meine Augen lasern zu lassen, allerdings war ich unentschieden da ich wusste wieviel es in der Schweiz kosten w\u00fcrde. Bin im Internet zuf\u00e4llig auf www.swisslasik.ch gestossen, nach l\u00e4ngerem \u00dcberlegen entschloss ich mich bei Herr Serdar Karaagaclizu melden. Sehr tolle telefonische und schriftliche Betreuung. Nachdem ich mich entschlossen habe nach Istanbul zu fahren habe ich zuf\u00e4llig in meinem Bekanntheitskreis erfahren dass zwei von ihnen schon dort waren und sehr zufrieden zur\u00fcckgekehrt sind. Das hat mich in meinem Entschluss best\u00e4rkt. Bin also mit einer guten Freundin nach Istanbul geflogen, Ankunft fr\u00fcher Nachmittag wurden am Flughafen erwartet und zum Hotel gefahren. Dort angekommen kurz erfrischt und dann ab ins Gew\u00fchl der Einkaufstrasse (5min) entfernt. Macht richtig spass um 2200 noch zu shoppen\u2026 Am n\u00e4chsten Tag wurden wir um 1100 abgeholt und zu Fuss zur klinik begleitet, (5 min) sehr freundlich empfangen. Meine Augen mit verschieden Ger\u00e4ten untersucht. Der Augenarzt gab am schluss das OK zur OP. Bei der Untersuchung war immer jemand der deutsch konnte dabei, der Arzt spricht Englisch. Der Termin zur OP war am gleichen Tag um 1730. Kurze Wartezeit dann in den OP Saal. Ich fand die OP im Gegensatz zu anderen Patientenberichteziemlich schmerzhaft, aber aushaltbar. Nach der OP kurz ausruhen, dann mit den Augentropfen zur\u00fcck ins Hotel., die Augen tr\u00e4nten, war ziemlich lichtempfindlich. Nahm die Schmerztablette und schlief gegen 1900 ein. Um Mitternacht ca wachte ich auf, schaltete den Fernseher ein und konnte ohne Sehhilfe TV schauen, obwohl das Licht noch leicht blendete. Am n\u00e4chsten Tag um 1100 Nachuntersuchung, der Arzt meinte alles sei ok. Sind dann zur Blauen Moche und zum Grand Bazar gefahren, konnte beschwerdenfrei, ohne Sonnenbrille herumlaufen. Hatte nur das Gef\u00fchl als ob ich etwas in den Augen h\u00e4tte, aber so leicht dass es nicht st\u00f6rte. Um 1700 hatte ich einen Zahnarzt Termin bei Stomadenta, der Termin wurde von der Swisslasik organisiert. Die Zahnarztbehandlung war gut, die Klinik wirklich sehr sch\u00f6n, der Chefarzt spricht gut deutsch. Habe f\u00fcr Zahnreinigung und zwei Plomben ca 300 CHF gezahlt, zwei R\u00f6ntgenbilder inbegriffen. Wirklich empfehlenswert\u2026 Zur Zahnarztklinik einfach ein Taxi nehmen, die Fahrt dauert ca 45 min Am n\u00e4chsten Tag noch eine kurze Shoppingstour in der Franz\u00f6sischeStrassen um 1300 wurden wir im Hotel abgeholt und zum Flughafen gefahren. Hatte auch in den n\u00e4chsten Tagen keine Beschwerden, bin 2 Tage sp\u00e4termit dem Auto nachts nach Italien gefahren, kein blenden, keine trocken Augen aber dass ist glaub ich bei jedem anders\u2026. W\u00fcrde es auf jedenFall noch mal machen, am besten jemand mitnehmen, shoppen macht zu zweit mehr Spass und macht nicht den gleichen Fehler wie ich: habe mich ge\u00e4rgert dass ich nur 3 N\u00e4chte geblieben bin, das n\u00e4chste mal w\u00fcrde ich mindesten 4-5 bleiben. Die Stadt ist wunderbar und wenn man schon dort ist sollte man es mit einem Urlaub verbinden. Das Hotel ist wirklich ok, ausser dass der Schrank ziemlich klein ist. Freundliche Gr\u00fcsse Stefan Stolz \u00d6nceki rapor Sonraki rapor<\/p>\n","protected":false},"author":4,"featured_media":0,"parent":3973,"menu_order":0,"comment_status":"closed","ping_status":"closed","template":"","meta":{"_joinchat":[],"footnotes":""},"class_list":["post-4018","page","type-page","status-publish","hentry"],"acf":[],"_links":{"self":[{"href":"https:\/\/swisslasik.ch\/tr\/wp-json\/wp\/v2\/pages\/4018","targetHints":{"allow":["GET"]}}],"collection":[{"href":"https:\/\/swisslasik.ch\/tr\/wp-json\/wp\/v2\/pages"}],"about":[{"href":"https:\/\/swisslasik.ch\/tr\/wp-json\/wp\/v2\/types\/page"}],"author":[{"embeddable":true,"href":"https:\/\/swisslasik.ch\/tr\/wp-json\/wp\/v2\/users\/4"}],"replies":[{"embeddable":true,"href":"https:\/\/swisslasik.ch\/tr\/wp-json\/wp\/v2\/comments?post=4018"}],"version-history":[{"count":2,"href":"https:\/\/swisslasik.ch\/tr\/wp-json\/wp\/v2\/pages\/4018\/revisions"}],"predecessor-version":[{"id":4817,"href":"https:\/\/swisslasik.ch\/tr\/wp-json\/wp\/v2\/pages\/4018\/revisions\/4817"}],"up":[{"embeddable":true,"href":"https:\/\/swisslasik.ch\/tr\/wp-json\/wp\/v2\/pages\/3973"}],"wp:attachment":[{"href":"https:\/\/swisslasik.ch\/tr\/wp-json\/wp\/v2\/media?parent=4018"}],"curies":[{"name":"wp","href":"https:\/\/api.w.org\/{rel}","templated":true}]}}