{"id":4020,"date":"2025-09-24T14:37:46","date_gmt":"2025-09-24T13:37:46","guid":{"rendered":"https:\/\/swisslasik.ch\/hasta-deneyimleri-goez-ameliyati-tuerkiye-istanbul\/istanbulda-lazer-goez-ameliyatim-6-subat-2010-cumartesi-tarihli-rapor\/"},"modified":"2026-01-14T19:34:55","modified_gmt":"2026-01-14T18:34:55","slug":"istanbulda-lazer-goez-ameliyatim-6-subat-2010-cumartesi-tarihli-rapor","status":"publish","type":"page","link":"https:\/\/swisslasik.ch\/tr\/hasta-deneyimleri-goez-ameliyati-tuerkiye-istanbul\/istanbulda-lazer-goez-ameliyatim-6-subat-2010-cumartesi-tarihli-rapor\/","title":{"rendered":"\u0130stanbul&#8217;da lazer g\u00f6z ameliyat\u0131m &#8211; 6 \u015eubat 2010 Cumartesi tarihli rapor"},"content":{"rendered":"\n<h3 class=\"wp-block-heading\">\u0130stanbul&#8217;da lazer g\u00f6z ameliyat\u0131m &#8211; 6 \u015eubat 2010 Cumartesi tarihli rapor<\/h3>\n\n\n\n<p>Merhaba Swisslasik Ekibi, \u0130svi\u00e7re&#8217;deki fiyatlar b\u00fct\u00e7em i\u00e7in biraz fazla y\u00fcksek oldu\u011fu i\u00e7in 21 Ocak 2010&#8217;da \u0130stanbul&#8217;da g\u00f6z ameliyat\u0131 olmaya karar verdim. Tan\u0131d\u0131klar\u0131m bana internetten adreslerini verdiler ve biraz ara\u015ft\u0131rma yapt\u0131m. Sunduklar\u0131 kapsaml\u0131 paket ger\u00e7ekten ilgimi \u00e7ekti. \u0130svi\u00e7re&#8217;de \u00f6n muayene oldum ve g\u00f6z doktoru g\u00f6zlerimin uygun oldu\u011funu do\u011frulad\u0131. Bunu \u00e7ok \u00f6nemli buldum; aksi takdirde ameliyat i\u00e7in \u0130stanbul&#8217;a yapt\u0131\u011f\u0131m t\u00fcm u\u00e7u\u015f bo\u015fa gidecekti. Sonra her \u015fey \u00e7ok h\u0131zl\u0131 bir \u015fekilde ger\u00e7ekle\u015fti. Swisslasik benim i\u00e7in her \u015feyi organize etti: u\u00e7ak bileti, otel ve ameliyat. Her \u015feyin bu kadar sorunsuz ilerlemesinden \u00e7ok mutlu oldum. Ayr\u0131ca, bizi kimin kar\u015f\u0131layaca\u011f\u0131, otel, ameliyat tarihi vb. gibi t\u00fcm \u00f6nemli bilgileri i\u00e7eren bir Swisslasik pasaportu da ald\u0131m. Sonunda \u0130stanbul&#8217;a do\u011fru yola \u00e7\u0131kt\u0131k. \u00c7ok heyecanl\u0131yd\u0131m ama ayn\u0131 zamanda rahatt\u0131m. Havaalan\u0131nda, nazik bir beyefendi taraf\u0131ndan kar\u015f\u0131land\u0131k ve otele g\u00f6t\u00fcr\u00fcld\u00fck. (Oda k\u00fc\u00e7\u00fck ama g\u00fczel ve \u00e7ok temizdi.) Ertesi sabah, saat 11:00&#8217;te bizi ald\u0131 (\u00e7ok dakikti) ve klini\u011fe yakla\u015f\u0131k 5 dakika y\u00fcr\u00fcd\u00fck. D\u0131\u015far\u0131dan bak\u0131ld\u0131\u011f\u0131nda klinik gibi g\u00f6r\u00fcnm\u00fcyordu, ama bu \u00e7ok yan\u0131lt\u0131c\u0131. Hijyen nedeniyle hemen ayakkab\u0131lar\u0131m\u0131z\u0131n \u00fczerine bir \u015feyler \u00f6rtmek zorunda kald\u0131k; her \u015feyin ne kadar temiz oldu\u011funa \u00e7ok \u015fa\u015f\u0131rd\u0131m. \u00c7ok s\u0131cak bir \u015fekilde kar\u015f\u0131land\u0131k ve i\u015flem bize Almanca olarak a\u00e7\u0131kland\u0131. \u00d6nce g\u00f6zlerim \u00e7e\u015fitli cihazlarla muayene edildi, sonra cerrah bizi tekrar muayene etti. \u00c7ok nazik ve ho\u015f bir adamd\u0131; ne yaz\u0131k ki sadece \u0130ngilizce konu\u015fuyordu, ama her \u015fey benim i\u00e7in Almancaya \u00e7evrildi. T\u00fcm sorular\u0131m\u0131 yan\u0131tlad\u0131 ve yetkin bir \u015fekilde cevaplad\u0131. \u00d6\u011fleden sonra, nihayet saat 15:30&#8217;da ameliyat zaman\u0131 geldi. \u00d6ncesinde bana sakinle\u015ftirici verildi ve ameliyattan sonra kullanaca\u011f\u0131m g\u00f6z damlalar\u0131 hakk\u0131nda bilgi verildi. Hemen muayene edildim ve ameliyat yakla\u015f\u0131k 15 dakika s\u00fcrd\u00fc &#8211; \u00e7ok h\u0131zl\u0131 ge\u00e7ti. Ameliyattan sonra g\u00f6zlerimi a\u00e7makta zorland\u0131m, ama ba\u015fard\u0131m. Hi\u00e7 a\u011fr\u0131m yoktu, bu beni \u00e7ok mutlu etti; daha k\u00f6t\u00fc olaca\u011f\u0131n\u0131 hayal etmi\u015ftim. Do\u011frudan otele gittik ve gece boyunca uyuduk. Sabah otel penceresinden d\u0131\u015far\u0131 bakt\u0131m ve \u00e7ok heyecanl\u0131 ve mutluydum. Her \u015feyi \u00e7ok net g\u00f6rebiliyor ve posterleri okuyabiliyordum. Sanki yeniden do\u011fmu\u015f gibiydim\u2014\u00f6yle harika bir duygu, tarif edilemez. Saat 11:00&#8217;te kontrol randevusu i\u00e7in klini\u011fe gitmemiz gerekiyordu. T\u00fcm ekip bizi \u00e7ok s\u0131cak kar\u015f\u0131lad\u0131 ve nas\u0131l oldu\u011fumu sordu. Hi\u00e7 beklemeden hemen muayene edildim\u2014harika! Doktor beni tekrar muayene etti ve sonu\u00e7lar\u0131m\u0131 s\u00f6yledi. Ayr\u0131ca \u0130svi\u00e7re&#8217;de astigmat\u0131m nedeniyle sol g\u00f6z\u00fcm\u00fcn sadece %80&#8217;e kadar d\u00fczeltilebilece\u011fini s\u00f6ylediklerini de belirtmeliyim. Sol g\u00f6z\u00fcm\u00fc neredeyse tamamen d\u00fczeltti\u011fini s\u00f6yledi ve \u00e7ok mutlu oldum (sol 0.25, sa\u011f 0.00). Bu harika bir sonu\u00e7! Art\u0131k g\u00f6zl\u00fc\u011fe ihtiyac\u0131m yok. \u00d6\u011flen vakti \u0130stanbul&#8217;u ke\u015ffetmeye gittik, ama ne yaz\u0131k ki kar ya\u011f\u0131yordu. Hi\u00e7bir sorun ya\u015famad\u0131m; sanki g\u00f6zlerime hi\u00e7 i\u015flem yap\u0131lmam\u0131\u015f gibiydi. Harika bir deneyimdi ve tekrar yapmaktan memnuniyet duyar\u0131m, herkese tavsiye ederim. T\u00fcm ekibe ve m\u00fckemmel organizasyon i\u00e7in Swisslasik&#8217;e te\u015fekk\u00fcr ederim. Sayg\u0131lar\u0131mla, Maria Rodriguez<\/p>\n\n\n\n<div class=\"wp-block-group is-layout-grid wp-container-core-group-is-layout-baef362d wp-block-group-is-layout-grid\">\n<p><a href=\"https:\/\/medicaltravel.at\/home\/agb\/\" data-type=\"page\" data-id=\"2191\" rel=\"nofollow noopener\" target=\"_blank\"><\/a><a href=\"https:\/\/swisslasik.ch\/tr\/hasta-deneyimleri-goez-ameliyati-tuerkiye-istanbul\/istanbuldaki-klinikte-gecirdigim-lasik-goez-ameliyati-hakkindaki-deneyim-raporum-2-haziran-2010-carsamba-tarihli-rapor\/\" data-type=\"link\" data-id=\"https:\/\/swisslasik.ch\/patientenerfahrungen-augenoperation-tuerkei\/mein-erfahrungsbericht-zur-augen-lasik-operation-bei-der-klinik-in-istanbul-bericht-vom-mittwoch-02-juni-2010\/\">\u00d6nceki rapor<\/a><\/p>\n\n\n\n<p class=\"has-text-align-right wp-container-content-5e2576f9\"><a href=\"https:\/\/medicaltravel.at\/home\/impressum\/\" data-type=\"page\" data-id=\"2193\" rel=\"nofollow noopener\" target=\"_blank\"><\/a><a href=\"https:\/\/medicaltravel.at\/home\/berichte-von-patienten\/erfahrungsberichte\/erfahrungsbericht-zahnbehandlung-in-istanbul\/\" data-type=\"page\" data-id=\"981\" rel=\"nofollow noopener\" target=\"_blank\"><\/a><a href=\"https:\/\/swisslasik.ch\/tr\/hasta-deneyimleri-goez-ameliyati-tuerkiye-istanbul\/istanbuldaki-swisslasik-klinigindeki-deneyimim-5-subat-2010-cuma-tarihli-rapor\/\" data-type=\"link\" data-id=\"https:\/\/swisslasik.ch\/tr\/hasta-deneyimleri-goez-ameliyati-tuerkiye-istanbul\/istanbuldaki-swisslasik-klinigindeki-deneyimim-5-subat-2010-cuma-tarihli-rapor\/\">Sonraki <\/a><a href=\"https:\/\/swisslasik.ch\/tr\/hasta-deneyimleri-goez-ameliyati-tuerkiye-istanbul\/istanbuldaki-swisslasik-klinigindeki-deneyimim-5-subat-2010-cuma-tarihli-rapor\/\" data-type=\"link\" data-id=\"https:\/\/swisslasik.ch\/patientenerfahrungen-augenoperation-tuerkei\/meine-erfahrungen-von-der-klinik-in-istanbul-durch-swisslasik-bericht-vom-freitag-05-februar-2010\/\">rapor<\/a><\/p>\n<\/div>\n","protected":false},"excerpt":{"rendered":"<p>\u0130stanbul&#8217;da lazer g\u00f6z ameliyat\u0131m &#8211; 6 \u015eubat 2010 Cumartesi tarihli rapor Merhaba Swisslasik Ekibi, \u0130svi\u00e7re&#8217;deki fiyatlar b\u00fct\u00e7em i\u00e7in biraz fazla y\u00fcksek oldu\u011fu i\u00e7in 21 Ocak 2010&#8217;da \u0130stanbul&#8217;da g\u00f6z ameliyat\u0131 olmaya karar verdim. Tan\u0131d\u0131klar\u0131m bana internetten adreslerini verdiler ve biraz ara\u015ft\u0131rma yapt\u0131m. Sunduklar\u0131 kapsaml\u0131 paket ger\u00e7ekten ilgimi \u00e7ekti. \u0130svi\u00e7re&#8217;de \u00f6n muayene oldum ve g\u00f6z doktoru g\u00f6zlerimin uygun oldu\u011funu do\u011frulad\u0131. Bunu \u00e7ok \u00f6nemli buldum; aksi takdirde ameliyat i\u00e7in \u0130stanbul&#8217;a yapt\u0131\u011f\u0131m t\u00fcm u\u00e7u\u015f bo\u015fa gidecekti. Sonra her \u015fey \u00e7ok h\u0131zl\u0131 bir \u015fekilde ger\u00e7ekle\u015fti. Swisslasik benim i\u00e7in her \u015feyi organize etti: u\u00e7ak bileti, otel ve ameliyat. Her \u015feyin bu kadar sorunsuz ilerlemesinden \u00e7ok mutlu oldum. Ayr\u0131ca, bizi kimin kar\u015f\u0131layaca\u011f\u0131, otel, ameliyat tarihi vb. gibi t\u00fcm \u00f6nemli bilgileri i\u00e7eren bir Swisslasik pasaportu da ald\u0131m. Sonunda \u0130stanbul&#8217;a do\u011fru yola \u00e7\u0131kt\u0131k. \u00c7ok heyecanl\u0131yd\u0131m ama ayn\u0131 zamanda rahatt\u0131m. Havaalan\u0131nda, nazik bir beyefendi taraf\u0131ndan kar\u015f\u0131land\u0131k ve otele g\u00f6t\u00fcr\u00fcld\u00fck. (Oda k\u00fc\u00e7\u00fck ama g\u00fczel ve \u00e7ok temizdi.) Ertesi sabah, saat 11:00&#8217;te bizi ald\u0131 (\u00e7ok dakikti) ve klini\u011fe yakla\u015f\u0131k 5 dakika y\u00fcr\u00fcd\u00fck. D\u0131\u015far\u0131dan bak\u0131ld\u0131\u011f\u0131nda klinik gibi g\u00f6r\u00fcnm\u00fcyordu, ama bu \u00e7ok yan\u0131lt\u0131c\u0131. Hijyen nedeniyle hemen ayakkab\u0131lar\u0131m\u0131z\u0131n \u00fczerine bir \u015feyler \u00f6rtmek zorunda kald\u0131k; her \u015feyin ne kadar temiz oldu\u011funa \u00e7ok \u015fa\u015f\u0131rd\u0131m. \u00c7ok s\u0131cak bir \u015fekilde kar\u015f\u0131land\u0131k ve i\u015flem bize Almanca olarak a\u00e7\u0131kland\u0131. \u00d6nce g\u00f6zlerim \u00e7e\u015fitli cihazlarla muayene edildi, sonra cerrah bizi tekrar muayene etti. \u00c7ok nazik ve ho\u015f bir adamd\u0131; ne yaz\u0131k ki sadece \u0130ngilizce konu\u015fuyordu, ama her \u015fey benim i\u00e7in Almancaya \u00e7evrildi. T\u00fcm sorular\u0131m\u0131 yan\u0131tlad\u0131 ve yetkin bir \u015fekilde cevaplad\u0131. \u00d6\u011fleden sonra, nihayet saat 15:30&#8217;da ameliyat zaman\u0131 geldi. \u00d6ncesinde bana sakinle\u015ftirici verildi ve ameliyattan sonra kullanaca\u011f\u0131m g\u00f6z damlalar\u0131 hakk\u0131nda bilgi verildi. Hemen muayene edildim ve ameliyat yakla\u015f\u0131k 15 dakika s\u00fcrd\u00fc &#8211; \u00e7ok h\u0131zl\u0131 ge\u00e7ti. Ameliyattan sonra g\u00f6zlerimi a\u00e7makta zorland\u0131m, ama ba\u015fard\u0131m. Hi\u00e7 a\u011fr\u0131m yoktu, bu beni \u00e7ok mutlu etti; daha k\u00f6t\u00fc olaca\u011f\u0131n\u0131 hayal etmi\u015ftim. Do\u011frudan otele gittik ve gece boyunca uyuduk. Sabah otel penceresinden d\u0131\u015far\u0131 bakt\u0131m ve \u00e7ok heyecanl\u0131 ve mutluydum. Her \u015feyi \u00e7ok net g\u00f6rebiliyor ve posterleri okuyabiliyordum. Sanki yeniden do\u011fmu\u015f gibiydim\u2014\u00f6yle harika bir duygu, tarif edilemez. Saat 11:00&#8217;te kontrol randevusu i\u00e7in klini\u011fe gitmemiz gerekiyordu. T\u00fcm ekip bizi \u00e7ok s\u0131cak kar\u015f\u0131lad\u0131 ve nas\u0131l oldu\u011fumu sordu. Hi\u00e7 beklemeden hemen muayene edildim\u2014harika! Doktor beni tekrar muayene etti ve sonu\u00e7lar\u0131m\u0131 s\u00f6yledi. Ayr\u0131ca \u0130svi\u00e7re&#8217;de astigmat\u0131m nedeniyle sol g\u00f6z\u00fcm\u00fcn sadece %80&#8217;e kadar d\u00fczeltilebilece\u011fini s\u00f6ylediklerini de belirtmeliyim. Sol g\u00f6z\u00fcm\u00fc neredeyse tamamen d\u00fczeltti\u011fini s\u00f6yledi ve \u00e7ok mutlu oldum (sol 0.25, sa\u011f 0.00). Bu harika bir sonu\u00e7! Art\u0131k g\u00f6zl\u00fc\u011fe ihtiyac\u0131m yok. \u00d6\u011flen vakti \u0130stanbul&#8217;u ke\u015ffetmeye gittik, ama ne yaz\u0131k ki kar ya\u011f\u0131yordu. Hi\u00e7bir sorun ya\u015famad\u0131m; sanki g\u00f6zlerime hi\u00e7 i\u015flem yap\u0131lmam\u0131\u015f gibiydi. Harika bir deneyimdi ve tekrar yapmaktan memnuniyet duyar\u0131m, herkese tavsiye ederim. T\u00fcm ekibe ve m\u00fckemmel organizasyon i\u00e7in Swisslasik&#8217;e te\u015fekk\u00fcr ederim. Sayg\u0131lar\u0131mla, Maria Rodriguez \u00d6nceki rapor Sonraki rapor<\/p>\n","protected":false},"author":4,"featured_media":0,"parent":3973,"menu_order":0,"comment_status":"closed","ping_status":"closed","template":"","meta":{"_joinchat":[],"footnotes":""},"class_list":["post-4020","page","type-page","status-publish","hentry"],"acf":[],"_links":{"self":[{"href":"https:\/\/swisslasik.ch\/tr\/wp-json\/wp\/v2\/pages\/4020","targetHints":{"allow":["GET"]}}],"collection":[{"href":"https:\/\/swisslasik.ch\/tr\/wp-json\/wp\/v2\/pages"}],"about":[{"href":"https:\/\/swisslasik.ch\/tr\/wp-json\/wp\/v2\/types\/page"}],"author":[{"embeddable":true,"href":"https:\/\/swisslasik.ch\/tr\/wp-json\/wp\/v2\/users\/4"}],"replies":[{"embeddable":true,"href":"https:\/\/swisslasik.ch\/tr\/wp-json\/wp\/v2\/comments?post=4020"}],"version-history":[{"count":5,"href":"https:\/\/swisslasik.ch\/tr\/wp-json\/wp\/v2\/pages\/4020\/revisions"}],"predecessor-version":[{"id":4816,"href":"https:\/\/swisslasik.ch\/tr\/wp-json\/wp\/v2\/pages\/4020\/revisions\/4816"}],"up":[{"embeddable":true,"href":"https:\/\/swisslasik.ch\/tr\/wp-json\/wp\/v2\/pages\/3973"}],"wp:attachment":[{"href":"https:\/\/swisslasik.ch\/tr\/wp-json\/wp\/v2\/media?parent=4020"}],"curies":[{"name":"wp","href":"https:\/\/api.w.org\/{rel}","templated":true}]}}