{"id":4022,"date":"2025-09-24T14:39:31","date_gmt":"2025-09-24T13:39:31","guid":{"rendered":"https:\/\/swisslasik.ch\/hasta-deneyimleri-goez-ameliyati-tuerkiye-istanbul\/istanbuldaki-goez-ameliyatim-alarm-saati-847yi-goesteriyordu-her-zamankinden-daha-net-goerueyordum-2-kasim-2009-pazartesi-tarihli-rapor\/"},"modified":"2026-01-14T19:38:42","modified_gmt":"2026-01-14T18:38:42","slug":"istanbuldaki-goez-ameliyatim-alarm-saati-847yi-goesteriyordu-her-zamankinden-daha-net-goerueyordum-2-kasim-2009-pazartesi-tarihli-rapor","status":"publish","type":"page","link":"https:\/\/swisslasik.ch\/tr\/hasta-deneyimleri-goez-ameliyati-tuerkiye-istanbul\/istanbuldaki-goez-ameliyatim-alarm-saati-847yi-goesteriyordu-her-zamankinden-daha-net-goerueyordum-2-kasim-2009-pazartesi-tarihli-rapor\/","title":{"rendered":"\u0130stanbul&#8217;daki g\u00f6z ameliyat\u0131m: Alarm saati 8:47&#8217;yi g\u00f6steriyordu, her zamankinden daha net g\u00f6r\u00fcyordum!  2 Kas\u0131m 2009 Pazartesi tarihli rapor"},"content":{"rendered":"\n<h3 class=\"wp-block-heading\"><g id=\"gid_0\"><g id=\"gid_1\">\u0130stanbul&#8217;daki g\u00f6z ameliyat\u0131m: Alarm saati 8:47&#8217;yi g\u00f6steriyordu, her zamankinden daha net g\u00f6r\u00fcyordum!<\/g><\/g> \u2013 2 Kas\u0131m 2009 Pazartesi tarihli rapor <\/h3>\n\n<p>Yakla\u015f\u0131k 10 y\u0131l \u00f6nce, miyoplu\u011fumu d\u00fczeltebilecek bir ameliyat hakk\u0131nda ilk kez duydum. O zamanlar 15 ya\u015f\u0131ndayd\u0131m ve b\u00f6yle bir ameliyat\u0131 sadece bir hayal olarak d\u00fc\u015f\u00fcnebiliyordum. &#8220;G\u00f6zl\u00fck ve kontakt lenslerle gayet iyi ya\u015fayabilirsin,&#8221; diye d\u00fc\u015f\u00fcn\u00fcyordum. Ancak 23 ya\u015f\u0131ma geldi\u011fimde, lenslerimle ilgili sorunlar giderek art\u0131yordu ve s\u00fcrekli g\u00f6zl\u00fck takmak zorunda kal\u0131yordum. \u0130\u015fte o zaman ameliyat olma fikri yeniden ortaya \u00e7\u0131kt\u0131. Maliyeti ne olursa olsun, g\u00f6zlerimin d\u00fczg\u00fcn ve profesyonel bir \u015fekilde tedavi edilmesi benim i\u00e7in \u00f6nemliydi. \u0130svi\u00e7re&#8217;de bir uzmanla takip muayenesi de benim i\u00e7in son derece \u00f6nemliydi. Bu y\u00fczden internette ara\u015ft\u0131rmaya ba\u015flad\u0131m. Google&#8217;da &#8220;Swisslasik.ch&#8221;i ve \u0130svi\u00e7re&#8217;deki di\u011fer kliniklerin web sitelerini buldum. &#8220;Swisslasik.ch&#8221;in ho\u015fuma giden yan\u0131, d\u00fc\u015f\u00fck fiyatlar yerine kaliteyi \u00f6n plana \u00e7\u0131karmalar\u0131yd\u0131. Ayr\u0131ca, ameliyat, riskleri ve sonu\u00e7lar\u0131 hakk\u0131nda kaliteli bilgiler bulabiliyorsunuz. Her \u015fey dahil rezervasyon yapma se\u00e7ene\u011fini de be\u011fendim. Bu, otel, u\u00e7ak bileti ve ula\u015f\u0131m arama stresini de azalt\u0131yor. Sa\u011flam bir kar\u015f\u0131la\u015ft\u0131rma zemini olu\u015fturmak i\u00e7in yine de \u015fehrimdeki bir klini\u011fe \u00f6n muayene i\u00e7in gittim. Ancak, bir numara gibi muamele g\u00f6rd\u00fcm ve neredeyse ameliyata zorland\u0131m. Bu y\u00fczden Swisslasik&#8217;i tercih ettim. E-posta g\u00f6r\u00fc\u015fmeleri her zaman \u00e7ok h\u0131zl\u0131 ve profesyoneldi. Bay Karaaga\u00e7l\u0131 her zaman an\u0131nda ve ayr\u0131nt\u0131l\u0131 bir \u015fekilde yan\u0131t verdi. Telefonda da \u00e7ok arkada\u015f canl\u0131s\u0131yd\u0131 ve her zaman ihtiyac\u0131m olan bilgileri sa\u011flayabiliyordu. Baz\u0131 hastalar ki\u015fisel bir randevunun g\u00fcven verici oldu\u011funu d\u00fc\u015f\u00fcnebilir, ancak maalesef Swisslasik bunu asla sunmuyor. Swisslasik benim i\u00e7in her \u015feyi organize etti. U\u00e7ak biletinden otele ve transferlere kadar hi\u00e7bir \u015fey i\u00e7in endi\u015felenmeme gerek kalmad\u0131. Seyahatten bir hafta \u00f6nce hastaya bir Swisslasik pasaportu g\u00f6nderiliyor. Bu pasaportta ki\u015fisel bir mesaj, t\u00fcm seyahat detaylar\u0131, \u0130stanbul hava tahmini, ileti\u015fim ki\u015fileri ve ameliyata haz\u0131rl\u0131k ve iyile\u015fme s\u00fcreci hakk\u0131nda bilgiler yer al\u0131yor. Bu pasaportu \u00e7ok faydal\u0131 buluyorum: t\u00fcm \u00f6nemli bilgiler \u00f6zetlenmi\u015f. Swisslasik ayr\u0131ca \u0130stanbul haritas\u0131 da g\u00f6nderiyor. \u0130stanbul&#8217;da toplu ta\u015f\u0131ma hakk\u0131nda bilgi bulunmuyor. U\u00e7u\u015fumuz \u00f6\u011fleden sonra ge\u00e7 saatlere denk geldi\u011fi i\u00e7in, var\u0131\u015f g\u00fcn\u00fcm\u00fczde \u0130stanbul&#8217;u biraz ke\u015ffetme f\u0131rsat\u0131m\u0131z oldu. T\u00fcrk Hava Yollar\u0131 (Star Alliance \u00fcyesi) olduk\u00e7a keyifli bir havayolu \u015firketi. U\u00e7aktaki yemekler \u00e7ok lezzetliydi. \u015eof\u00f6r\u00fcm\u00fcz bizi havaalan\u0131nda bekliyordu ve Star Alliance \u00fcyesi bir ara\u00e7la bizi otele (Taksim G\u00f6nen) g\u00f6t\u00fcrd\u00fc. 10. kattaki odam\u0131z\u0131n \u015fehir manzaras\u0131 inan\u0131lmazd\u0131. Oda \u00e7ok b\u00fcy\u00fck de\u011fildi ama \u00e7ok temiz ve rahatt\u0131. \u0130stanbul&#8217;da keyifli bir ak\u015fam ge\u00e7irdikten sonra, arkada\u015f\u0131mla birlikte otelden al\u0131nd\u0131k ve klini\u011fe g\u00f6t\u00fcr\u00fcld\u00fck.                                   Orada, personel beni anadilime ba\u011fl\u0131 olarak \u0130svi\u00e7re Almancas\u0131, T\u00fcrk\u00e7e, Rus\u00e7a vb. dillerde \u015fahsen kar\u015f\u0131lad\u0131. Diz\u00fcst\u00fc bilgisayarlar ve i\u00e7ecekler gibi k\u00fc\u00e7\u00fck dokunu\u015flar, biraz gergin olan atmosferi hafifletti. \u00d6n muayene yakla\u015f\u0131k 90 dakika s\u00fcrd\u00fc. Bu s\u00fcre zarf\u0131nda, g\u00f6zler \u00e7e\u015fitli cihazlarla \u00f6l\u00e7\u00fcld\u00fc ve hasta doktorla g\u00f6r\u00fc\u015ft\u00fc. Daha sonra, bir \u015feyler yemem ve \u00f6\u011fleden sonraki ameliyat i\u00e7in rahatlam\u0131\u015f bir \u015fekilde gelmem tavsiye edildi. Ameliyat \u00e7ok iyi ge\u00e7ti. Steril \u00f6nl\u00fckler ve bone takarak g\u00f6zlerim dezenfekte edildi. Ard\u0131ndan ameliyat odas\u0131na al\u0131nd\u0131m. Doktor da dahil olmak \u00fczere d\u00f6rt ki\u015fi benimle ilgilendi. Ameliyat edilecek g\u00f6z damlalarla uyu\u015fturuldu ve ard\u0131ndan kapat\u0131ld\u0131. G\u00f6z band\u0131 benim i\u00e7in korkutucu bir olas\u0131l\u0131kt\u0131. Ancak EyeStar klini\u011findeki son derece deneyimli ekip, ben fark\u0131na bile varmadan onu takt\u0131! Daha sonra g\u00f6z y\u0131kand\u0131. Ard\u0131ndan mikrokeratom uyguland\u0131 ve korneaya kesildi. Hi\u00e7bir \u015fey hissetmiyorsunuz; sadece keratomun k\u00fc\u00e7\u00fck motorunun sesini duyuyorsunuz. Bu kesi sadece birka\u00e7 saniye s\u00fcr\u00fcyor. \u0130kinci kabusum g\u00f6z band\u0131n\u0131n \u00e7\u0131kar\u0131lmas\u0131yd\u0131. Ama fark\u0131na bile varmadan oldu. \u015eimdi eksimer lazer devreye giriyor. G\u00f6z\u00fc sabit tutmak \u00f6nemli. Ekip, o birka\u00e7 saniye boyunca beni cesaretlendirdi ve tebrik etti. Sonunda doktor g\u00f6z\u00fc d\u00fczeltti, t\u00fcm kirleri temizledi ve her \u015feyi mikroskop alt\u0131nda kontrol etti. G\u00f6z band\u0131 \u00e7\u0131kar\u0131ld\u0131; ameliyat edilen g\u00f6z hen\u00fcz sulanm\u0131yordu ama yanm\u0131yordu da. Di\u011fer g\u00f6ze devam edebilmeleri i\u00e7in kapat\u0131ld\u0131. Ameliyattan hemen sonra g\u00f6r\u00fc\u015f\u00fcm netti. G\u00f6zlerim sanki b\u00fct\u00fcn gece parti yapm\u0131\u015f ve \u00e7ok uyumam\u0131\u015f gibiydi. Ama ka\u015f\u0131nt\u0131, yanma veya sulanma yoktu. Ameliyattan sadece birka\u00e7 dakika sonra koltu\u011fun kar\u015f\u0131s\u0131ndaki duvarda EyeStar logosunu g\u00f6rebiliyorsan\u0131z, co\u015fku ba\u015flar. \u0130ki saatlik uyku, otel odas\u0131nda hafif bir ak\u015fam yeme\u011fi ve kristal berrakl\u0131\u011f\u0131nda g\u00f6r\u00fc\u015ften sonra, sevincimi zor tutuyordum. Uzaktaki en k\u00fc\u00e7\u00fck minare kulesini bile g\u00f6rebiliyordum! Ertesi sabah, sanki bir r\u00fcyadan uyanm\u0131\u015f gibiydim\u2026 ama r\u00fcya de\u011fildi. Alarm saati 8:47&#8217;yi g\u00f6steriyordu, her zamankinden daha keskin bir \u015fekilde! \u0130lk kontrol muayenesi ameliyattan sonraki g\u00fcn ger\u00e7ekle\u015fti. Doktor test sonu\u00e7lar\u0131m\u0131n m\u00fckemmel oldu\u011funu s\u00f6yledi. T\u00fcm sorular\u0131m\u0131 yan\u0131tlad\u0131 ve s\u0131cak bir \u015fekilde veda etti. EyeStar bana \u00f6m\u00fcr boyu takip hizmeti sa\u011flayacak. Arkada\u015f\u0131mla birlikte \u0130stanbul&#8217;un tad\u0131n\u0131 \u00e7\u0131kard\u0131k ve di\u011fer \u015feylerin yan\u0131 s\u0131ra Sultanahmet Camii&#8217;ni ziyaret ettik. Ertesi g\u00fcn, kar\u015f\u0131lama servisi iki g\u00fcn \u00f6nceki gibi sorunsuz \u00e7al\u0131\u015ft\u0131. 90 dakikal\u0131k bir gecikmeye ra\u011fmen u\u00e7u\u015f da yine keyifliydi.                                     Ameliyat\u0131m bir hafta \u00f6nceydi ve d\u00fcnyaya yeni bir bak\u0131\u015f a\u00e7\u0131s\u0131yla bak\u0131yorum. Harika! Ameliyattan bir ay sonra Bern&#8217;deki kontrol randevumu \u015fimdiden ayarlad\u0131m. Doktor telefonda \u00e7ok cana yak\u0131nd\u0131. Swisslasik&#8217;i kesinlikle tavsiye ederim. Tan\u0131d\u0131\u011f\u0131m bir\u00e7ok ki\u015fi \u015fimdiden ilgileniyor! Her \u015feyin bu kadar sorunsuz ve profesyonelce ilerlemesinden dolay\u0131 t\u00fcm ekibe te\u015fekk\u00fcr etmek istiyorum. Sayg\u0131lar\u0131mla, Isabelle Oberson, Freiburg, 28 Ekim 2009       <\/p>\n\n<div class=\"wp-block-group is-layout-grid wp-container-core-group-is-layout-baef362d wp-block-group-is-layout-grid\">\n<p><a href=\"https:\/\/medicaltravel.at\/home\/agb\/\" data-type=\"page\" data-id=\"2191\" rel=\"nofollow noopener\" target=\"_blank\"><\/a><a href=\"https:\/\/swisslasik.ch\/tr\/hasta-deneyimleri-goez-ameliyati-tuerkiye-istanbul\/istanbulda-lazer-goez-ve-dis-tedavimle-ilgili-hasta-raporum-21-aralik-2009-pazartesi-tarihli-rapor\/\" data-type=\"link\" data-id=\"https:\/\/swisslasik.ch\/patientenerfahrungen-augenoperation-tuerkei\/mein-patientenbericht-uber-meine-augenlaser-und-zahnbehandung-in-istanbul-bericht-vom-montag-21-dezember-2009\/\">\u00d6nceki rapor<\/a><\/p>\n\n\n\n<p class=\"has-text-align-right wp-container-content-5e2576f9\"><a href=\"https:\/\/medicaltravel.at\/home\/impressum\/\" data-type=\"page\" data-id=\"2193\" rel=\"nofollow noopener\" target=\"_blank\"><\/a><a href=\"https:\/\/medicaltravel.at\/home\/berichte-von-patienten\/erfahrungsberichte\/erfahrungsbericht-zahnbehandlung-in-istanbul\/\" data-type=\"page\" data-id=\"981\" rel=\"nofollow noopener\" target=\"_blank\"><\/a><a href=\"https:\/\/swisslasik.ch\/tr\/hasta-deneyimleri-goez-ameliyati-tuerkiye-istanbul\/koestebeklikten-kartala-2-kasim-2009-pazartesi-raporu\/\" data-type=\"link\" data-id=\"https:\/\/swisslasik.ch\/patientenerfahrungen-augenoperation-tuerkei\/vom-maulwurf-zum-adler-bericht-vom-montag-02-november-2009\/\">Sonraki rapor<\/a><\/p>\n<\/div>\n","protected":false},"excerpt":{"rendered":"<p>\u0130stanbul&#8217;daki g\u00f6z ameliyat\u0131m: Alarm saati 8:47&#8217;yi g\u00f6steriyordu, her zamankinden daha net g\u00f6r\u00fcyordum! \u2013 2 Kas\u0131m 2009 Pazartesi tarihli rapor Yakla\u015f\u0131k 10 y\u0131l \u00f6nce, miyoplu\u011fumu d\u00fczeltebilecek bir ameliyat hakk\u0131nda ilk kez duydum. O zamanlar 15 ya\u015f\u0131ndayd\u0131m ve b\u00f6yle bir ameliyat\u0131 sadece bir hayal olarak d\u00fc\u015f\u00fcnebiliyordum. &#8220;G\u00f6zl\u00fck ve kontakt lenslerle gayet iyi ya\u015fayabilirsin,&#8221; diye d\u00fc\u015f\u00fcn\u00fcyordum. Ancak 23 ya\u015f\u0131ma geldi\u011fimde, lenslerimle ilgili sorunlar giderek art\u0131yordu ve s\u00fcrekli g\u00f6zl\u00fck takmak zorunda kal\u0131yordum. \u0130\u015fte o zaman ameliyat olma fikri yeniden ortaya \u00e7\u0131kt\u0131. Maliyeti ne olursa olsun, g\u00f6zlerimin d\u00fczg\u00fcn ve profesyonel bir \u015fekilde tedavi edilmesi benim i\u00e7in \u00f6nemliydi. \u0130svi\u00e7re&#8217;de bir uzmanla takip muayenesi de benim i\u00e7in son derece \u00f6nemliydi. Bu y\u00fczden internette ara\u015ft\u0131rmaya ba\u015flad\u0131m. Google&#8217;da &#8220;Swisslasik.ch&#8221;i ve \u0130svi\u00e7re&#8217;deki di\u011fer kliniklerin web sitelerini buldum. &#8220;Swisslasik.ch&#8221;in ho\u015fuma giden yan\u0131, d\u00fc\u015f\u00fck fiyatlar yerine kaliteyi \u00f6n plana \u00e7\u0131karmalar\u0131yd\u0131. Ayr\u0131ca, ameliyat, riskleri ve sonu\u00e7lar\u0131 hakk\u0131nda kaliteli bilgiler bulabiliyorsunuz. Her \u015fey dahil rezervasyon yapma se\u00e7ene\u011fini de be\u011fendim. Bu, otel, u\u00e7ak bileti ve ula\u015f\u0131m arama stresini de azalt\u0131yor. Sa\u011flam bir kar\u015f\u0131la\u015ft\u0131rma zemini olu\u015fturmak i\u00e7in yine de \u015fehrimdeki bir klini\u011fe \u00f6n muayene i\u00e7in gittim. Ancak, bir numara gibi muamele g\u00f6rd\u00fcm ve neredeyse ameliyata zorland\u0131m. Bu y\u00fczden Swisslasik&#8217;i tercih ettim. E-posta g\u00f6r\u00fc\u015fmeleri her zaman \u00e7ok h\u0131zl\u0131 ve profesyoneldi. Bay Karaaga\u00e7l\u0131 her zaman an\u0131nda ve ayr\u0131nt\u0131l\u0131 bir \u015fekilde yan\u0131t verdi. Telefonda da \u00e7ok arkada\u015f canl\u0131s\u0131yd\u0131 ve her zaman ihtiyac\u0131m olan bilgileri sa\u011flayabiliyordu. Baz\u0131 hastalar ki\u015fisel bir randevunun g\u00fcven verici oldu\u011funu d\u00fc\u015f\u00fcnebilir, ancak maalesef Swisslasik bunu asla sunmuyor. Swisslasik benim i\u00e7in her \u015feyi organize etti. U\u00e7ak biletinden otele ve transferlere kadar hi\u00e7bir \u015fey i\u00e7in endi\u015felenmeme gerek kalmad\u0131. Seyahatten bir hafta \u00f6nce hastaya bir Swisslasik pasaportu g\u00f6nderiliyor. Bu pasaportta ki\u015fisel bir mesaj, t\u00fcm seyahat detaylar\u0131, \u0130stanbul hava tahmini, ileti\u015fim ki\u015fileri ve ameliyata haz\u0131rl\u0131k ve iyile\u015fme s\u00fcreci hakk\u0131nda bilgiler yer al\u0131yor. Bu pasaportu \u00e7ok faydal\u0131 buluyorum: t\u00fcm \u00f6nemli bilgiler \u00f6zetlenmi\u015f. Swisslasik ayr\u0131ca \u0130stanbul haritas\u0131 da g\u00f6nderiyor. \u0130stanbul&#8217;da toplu ta\u015f\u0131ma hakk\u0131nda bilgi bulunmuyor. U\u00e7u\u015fumuz \u00f6\u011fleden sonra ge\u00e7 saatlere denk geldi\u011fi i\u00e7in, var\u0131\u015f g\u00fcn\u00fcm\u00fczde \u0130stanbul&#8217;u biraz ke\u015ffetme f\u0131rsat\u0131m\u0131z oldu. T\u00fcrk Hava Yollar\u0131 (Star Alliance \u00fcyesi) olduk\u00e7a keyifli bir havayolu \u015firketi. U\u00e7aktaki yemekler \u00e7ok lezzetliydi. \u015eof\u00f6r\u00fcm\u00fcz bizi havaalan\u0131nda bekliyordu ve Star Alliance \u00fcyesi bir ara\u00e7la bizi otele (Taksim G\u00f6nen) g\u00f6t\u00fcrd\u00fc. 10. kattaki odam\u0131z\u0131n \u015fehir manzaras\u0131 inan\u0131lmazd\u0131. Oda \u00e7ok b\u00fcy\u00fck de\u011fildi ama \u00e7ok temiz ve rahatt\u0131. \u0130stanbul&#8217;da keyifli bir ak\u015fam ge\u00e7irdikten sonra, arkada\u015f\u0131mla birlikte otelden al\u0131nd\u0131k ve klini\u011fe g\u00f6t\u00fcr\u00fcld\u00fck. Orada, personel beni anadilime ba\u011fl\u0131 olarak \u0130svi\u00e7re Almancas\u0131, T\u00fcrk\u00e7e, Rus\u00e7a vb. dillerde \u015fahsen kar\u015f\u0131lad\u0131. Diz\u00fcst\u00fc bilgisayarlar ve i\u00e7ecekler gibi k\u00fc\u00e7\u00fck dokunu\u015flar, biraz gergin olan atmosferi hafifletti. \u00d6n muayene yakla\u015f\u0131k 90 dakika s\u00fcrd\u00fc. Bu s\u00fcre zarf\u0131nda, g\u00f6zler \u00e7e\u015fitli cihazlarla \u00f6l\u00e7\u00fcld\u00fc ve hasta doktorla g\u00f6r\u00fc\u015ft\u00fc. Daha sonra, bir \u015feyler yemem ve \u00f6\u011fleden sonraki ameliyat i\u00e7in rahatlam\u0131\u015f bir \u015fekilde gelmem tavsiye edildi. Ameliyat \u00e7ok iyi ge\u00e7ti. Steril \u00f6nl\u00fckler ve bone takarak g\u00f6zlerim dezenfekte edildi. Ard\u0131ndan ameliyat odas\u0131na al\u0131nd\u0131m. Doktor da dahil olmak \u00fczere d\u00f6rt ki\u015fi benimle ilgilendi. Ameliyat edilecek g\u00f6z damlalarla uyu\u015fturuldu ve ard\u0131ndan kapat\u0131ld\u0131. G\u00f6z band\u0131 benim i\u00e7in korkutucu bir olas\u0131l\u0131kt\u0131. Ancak EyeStar klini\u011findeki son derece deneyimli ekip, ben fark\u0131na bile varmadan onu takt\u0131! Daha sonra g\u00f6z y\u0131kand\u0131. Ard\u0131ndan mikrokeratom uyguland\u0131 ve korneaya kesildi. Hi\u00e7bir \u015fey hissetmiyorsunuz; sadece keratomun k\u00fc\u00e7\u00fck motorunun sesini duyuyorsunuz. Bu kesi sadece birka\u00e7 saniye s\u00fcr\u00fcyor. \u0130kinci kabusum g\u00f6z band\u0131n\u0131n \u00e7\u0131kar\u0131lmas\u0131yd\u0131. Ama fark\u0131na bile varmadan oldu. \u015eimdi eksimer lazer devreye giriyor. G\u00f6z\u00fc sabit tutmak \u00f6nemli. Ekip, o birka\u00e7 saniye boyunca beni cesaretlendirdi ve tebrik etti. Sonunda doktor g\u00f6z\u00fc d\u00fczeltti, t\u00fcm kirleri temizledi ve her \u015feyi mikroskop alt\u0131nda kontrol etti. G\u00f6z band\u0131 \u00e7\u0131kar\u0131ld\u0131; ameliyat edilen g\u00f6z hen\u00fcz sulanm\u0131yordu ama yanm\u0131yordu da. Di\u011fer g\u00f6ze devam edebilmeleri i\u00e7in kapat\u0131ld\u0131. Ameliyattan hemen sonra g\u00f6r\u00fc\u015f\u00fcm netti. G\u00f6zlerim sanki b\u00fct\u00fcn gece parti yapm\u0131\u015f ve \u00e7ok uyumam\u0131\u015f gibiydi. Ama ka\u015f\u0131nt\u0131, yanma veya sulanma yoktu. Ameliyattan sadece birka\u00e7 dakika sonra koltu\u011fun kar\u015f\u0131s\u0131ndaki duvarda EyeStar logosunu g\u00f6rebiliyorsan\u0131z, co\u015fku ba\u015flar. \u0130ki saatlik uyku, otel odas\u0131nda hafif bir ak\u015fam yeme\u011fi ve kristal berrakl\u0131\u011f\u0131nda g\u00f6r\u00fc\u015ften sonra, sevincimi zor tutuyordum. Uzaktaki en k\u00fc\u00e7\u00fck minare kulesini bile g\u00f6rebiliyordum! Ertesi sabah, sanki bir r\u00fcyadan uyanm\u0131\u015f gibiydim\u2026 ama r\u00fcya de\u011fildi. Alarm saati 8:47&#8217;yi g\u00f6steriyordu, her zamankinden daha keskin bir \u015fekilde! \u0130lk kontrol muayenesi ameliyattan sonraki g\u00fcn ger\u00e7ekle\u015fti. Doktor test sonu\u00e7lar\u0131m\u0131n m\u00fckemmel oldu\u011funu s\u00f6yledi. T\u00fcm sorular\u0131m\u0131 yan\u0131tlad\u0131 ve s\u0131cak bir \u015fekilde veda etti. EyeStar bana \u00f6m\u00fcr boyu takip hizmeti sa\u011flayacak. Arkada\u015f\u0131mla birlikte \u0130stanbul&#8217;un tad\u0131n\u0131 \u00e7\u0131kard\u0131k ve di\u011fer \u015feylerin yan\u0131 s\u0131ra Sultanahmet Camii&#8217;ni ziyaret ettik. Ertesi g\u00fcn, kar\u015f\u0131lama servisi iki g\u00fcn \u00f6nceki gibi sorunsuz \u00e7al\u0131\u015ft\u0131. 90 dakikal\u0131k bir gecikmeye ra\u011fmen u\u00e7u\u015f da yine keyifliydi. Ameliyat\u0131m bir hafta \u00f6nceydi ve d\u00fcnyaya yeni bir bak\u0131\u015f a\u00e7\u0131s\u0131yla bak\u0131yorum. Harika! Ameliyattan bir ay sonra Bern&#8217;deki kontrol randevumu \u015fimdiden ayarlad\u0131m. Doktor telefonda \u00e7ok cana yak\u0131nd\u0131. Swisslasik&#8217;i kesinlikle tavsiye ederim. Tan\u0131d\u0131\u011f\u0131m bir\u00e7ok ki\u015fi \u015fimdiden ilgileniyor! Her \u015feyin bu kadar sorunsuz ve profesyonelce ilerlemesinden dolay\u0131 t\u00fcm ekibe te\u015fekk\u00fcr etmek istiyorum. Sayg\u0131lar\u0131mla, Isabelle Oberson, Freiburg, 28 Ekim 2009 \u00d6nceki rapor Sonraki rapor<\/p>\n","protected":false},"author":4,"featured_media":0,"parent":3973,"menu_order":0,"comment_status":"closed","ping_status":"closed","template":"","meta":{"_joinchat":[],"footnotes":""},"class_list":["post-4022","page","type-page","status-publish","hentry"],"acf":[],"_links":{"self":[{"href":"https:\/\/swisslasik.ch\/tr\/wp-json\/wp\/v2\/pages\/4022","targetHints":{"allow":["GET"]}}],"collection":[{"href":"https:\/\/swisslasik.ch\/tr\/wp-json\/wp\/v2\/pages"}],"about":[{"href":"https:\/\/swisslasik.ch\/tr\/wp-json\/wp\/v2\/types\/page"}],"author":[{"embeddable":true,"href":"https:\/\/swisslasik.ch\/tr\/wp-json\/wp\/v2\/users\/4"}],"replies":[{"embeddable":true,"href":"https:\/\/swisslasik.ch\/tr\/wp-json\/wp\/v2\/comments?post=4022"}],"version-history":[{"count":3,"href":"https:\/\/swisslasik.ch\/tr\/wp-json\/wp\/v2\/pages\/4022\/revisions"}],"predecessor-version":[{"id":4818,"href":"https:\/\/swisslasik.ch\/tr\/wp-json\/wp\/v2\/pages\/4022\/revisions\/4818"}],"up":[{"embeddable":true,"href":"https:\/\/swisslasik.ch\/tr\/wp-json\/wp\/v2\/pages\/3973"}],"wp:attachment":[{"href":"https:\/\/swisslasik.ch\/tr\/wp-json\/wp\/v2\/media?parent=4022"}],"curies":[{"name":"wp","href":"https:\/\/api.w.org\/{rel}","templated":true}]}}