{"id":4024,"date":"2025-09-24T14:42:46","date_gmt":"2025-09-24T13:42:46","guid":{"rendered":"https:\/\/swisslasik.ch\/hasta-deneyimleri-goez-ameliyati-tuerkiye-istanbul\/istanbulda-gecirdigim-lasek-lazer-goez-ameliyatim-5-haziran-2009-cuma-tarihli-rapor\/"},"modified":"2026-01-14T19:45:36","modified_gmt":"2026-01-14T18:45:36","slug":"istanbulda-gecirdigim-lasek-lazer-goez-ameliyatim-5-haziran-2009-cuma-tarihli-rapor","status":"publish","type":"page","link":"https:\/\/swisslasik.ch\/tr\/hasta-deneyimleri-goez-ameliyati-tuerkiye-istanbul\/istanbulda-gecirdigim-lasek-lazer-goez-ameliyatim-5-haziran-2009-cuma-tarihli-rapor\/","title":{"rendered":"\u0130stanbul&#8217;da ge\u00e7irdi\u011fim LASEK lazer g\u00f6z ameliyat\u0131m \u2013 5 Haziran 2009 Cuma tarihli rapor"},"content":{"rendered":"\n<h3 class=\"wp-block-heading\">\u0130stanbul&#8217;da ge\u00e7irdi\u011fim LASEK lazer g\u00f6z ameliyat\u0131m \u2013 5 Haziran 2009 Cuma tarihli rapor<\/h3>\n\n<p>Nadja T.&#8217;nin 5 Haziran 2009 tarihli yorumu: Sporla \u00e7ok aktif olarak ilgilendi\u011fim ve Afrika ile Asya&#8217;da, \u00f6zellikle de \u00e7\u00f6l b\u00f6lgelerini ziyaret etmekten \u00e7ok keyif ald\u0131\u011f\u0131m i\u00e7in, g\u00f6zl\u00fck ve kontakt lenslerin giderek daha rahats\u0131z edici hale geldi\u011fini fark ettim. Ayr\u0131ca, uzun s\u00fcreli kullan\u0131m nedeniyle kontakt lenslerle ilgili giderek daha fazla sorun ya\u015f\u0131yordum. Bu nedenle, \u0130svi\u00e7re&#8217;de bir g\u00f6z doktoruna \u00f6n muayene yapt\u0131rmaya karar verdim. Ne yaz\u0131k ki, korneam\u0131n LASIK i\u00e7in \u00e7ok ince oldu\u011fu ve sadece LASEK&#8217;in bir se\u00e7enek oldu\u011fu ortaya \u00e7\u0131kt\u0131. Tipik olarak daha uzun s\u00fcren iyile\u015fme s\u00fcreci nedeniyle uzun s\u00fcre d\u00fc\u015f\u00fcnd\u00fckten sonra, LASEK&#8217;i tercih ettim ve SwissLASIK arac\u0131l\u0131\u011f\u0131yla randevu ald\u0131m. Tan\u0131d\u0131\u011f\u0131m bir\u00e7ok ki\u015fiden sadece olumlu \u015feyler duydu\u011fum i\u00e7in, fiyat-performans oran\u0131n\u0131n e\u015fsiz olmas\u0131 nedeniyle lazer ameliyat\u0131n\u0131 \u0130stanbul&#8217;da yapt\u0131rmay\u0131 se\u00e7tim. SwissLASIK, y\u00fcksek beklentilerimi fazlas\u0131yla kar\u015f\u0131lad\u0131: son derece profesyonel, kusursuz klinik hizmeti, otelden klini\u011fe zaman\u0131nda transferler ve \u00e7ok g\u00fcler y\u00fczl\u00fc personel. Lazer ameliyat\u0131 tamamen a\u011fr\u0131s\u0131z ve hi\u00e7 de rahats\u0131z edici de\u011fildi. G\u00f6rme yetimin en iyi seviyesine yakla\u015f\u0131k 7 g\u00fcn sonra ula\u015ft\u0131\u011f\u0131 LASEK ameliyat\u0131 ge\u00e7irmeme ra\u011fmen, 3 g\u00fcn boyunca \u0130stanbul&#8217;u ke\u015ffedebildim. \u0130lgin\u00e7 pazarlar\u0131, ola\u011fan\u00fcst\u00fc k\u00fclt\u00fcrel hazineleri, dost canl\u0131s\u0131 insanlar\u0131 ve lezzetli yemekleriyle kesinlikle b\u00fcy\u00fcleyici ve \u00e7ok temiz bir \u015fehir. Lazer ameliyat\u0131 ya\u015fam kalitemi \u00f6nemli \u00f6l\u00e7\u00fcde iyile\u015ftirdi ve sabah uyand\u0131\u011f\u0131mda sadece g\u00f6rebilmek bile h\u00e2l\u00e2 bir mucize gibi!          <\/p>\n\n<div class=\"wp-block-group is-layout-grid wp-container-core-group-is-layout-baef362d wp-block-group-is-layout-grid\">\n<p><a href=\"https:\/\/medicaltravel.at\/home\/agb\/\" data-type=\"page\" data-id=\"2191\" rel=\"nofollow noopener\" target=\"_blank\"><\/a><a href=\"https:\/\/swisslasik.ch\/tr\/hasta-deneyimleri-goez-ameliyati-tuerkiye-istanbul\/goezlueksuez-yeni-bir-yasam-10-temmuz-2009-cuma-tarihli-rapor\/\" data-type=\"link\" data-id=\"https:\/\/swisslasik.ch\/patientenerfahrungen-augenoperation-tuerkei\/ein-neues-lebensgefuhl-ohne-brille-bericht-vom-freitag-10-juli-2009\/\">\u00d6nceki rapor<\/a><\/p>\n\n\n\n<p class=\"has-text-align-right wp-container-content-5e2576f9\"><a href=\"https:\/\/medicaltravel.at\/home\/impressum\/\" data-type=\"page\" data-id=\"2193\" rel=\"nofollow noopener\" target=\"_blank\"><\/a><a href=\"https:\/\/medicaltravel.at\/home\/berichte-von-patienten\/erfahrungsberichte\/erfahrungsbericht-zahnbehandlung-in-istanbul\/\" data-type=\"page\" data-id=\"981\" rel=\"nofollow noopener\" target=\"_blank\"><\/a><a href=\"https:\/\/swisslasik.ch\/tr\/hasta-deneyimleri-goez-ameliyati-tuerkiye-istanbul\/lasik-deneyim-raporu-mayis-2009-istanbul-28-mayis-2009-persembe-tarihli-rapor\/\" data-type=\"link\" data-id=\"https:\/\/swisslasik.ch\/patientenerfahrungen-augenoperation-tuerkei\/lasik-erlebnisbericht-mai-2009-istanbul-bericht-vom-donnerstag-28-mai-2009\/\">Sonraki rapor<\/a><\/p>\n<\/div>\n","protected":false},"excerpt":{"rendered":"<p>\u0130stanbul&#8217;da ge\u00e7irdi\u011fim LASEK lazer g\u00f6z ameliyat\u0131m \u2013 5 Haziran 2009 Cuma tarihli rapor Nadja T.&#8217;nin 5 Haziran 2009 tarihli yorumu: Sporla \u00e7ok aktif olarak ilgilendi\u011fim ve Afrika ile Asya&#8217;da, \u00f6zellikle de \u00e7\u00f6l b\u00f6lgelerini ziyaret etmekten \u00e7ok keyif ald\u0131\u011f\u0131m i\u00e7in, g\u00f6zl\u00fck ve kontakt lenslerin giderek daha rahats\u0131z edici hale geldi\u011fini fark ettim. Ayr\u0131ca, uzun s\u00fcreli kullan\u0131m nedeniyle kontakt lenslerle ilgili giderek daha fazla sorun ya\u015f\u0131yordum. Bu nedenle, \u0130svi\u00e7re&#8217;de bir g\u00f6z doktoruna \u00f6n muayene yapt\u0131rmaya karar verdim. Ne yaz\u0131k ki, korneam\u0131n LASIK i\u00e7in \u00e7ok ince oldu\u011fu ve sadece LASEK&#8217;in bir se\u00e7enek oldu\u011fu ortaya \u00e7\u0131kt\u0131. Tipik olarak daha uzun s\u00fcren iyile\u015fme s\u00fcreci nedeniyle uzun s\u00fcre d\u00fc\u015f\u00fcnd\u00fckten sonra, LASEK&#8217;i tercih ettim ve SwissLASIK arac\u0131l\u0131\u011f\u0131yla randevu ald\u0131m. Tan\u0131d\u0131\u011f\u0131m bir\u00e7ok ki\u015fiden sadece olumlu \u015feyler duydu\u011fum i\u00e7in, fiyat-performans oran\u0131n\u0131n e\u015fsiz olmas\u0131 nedeniyle lazer ameliyat\u0131n\u0131 \u0130stanbul&#8217;da yapt\u0131rmay\u0131 se\u00e7tim. SwissLASIK, y\u00fcksek beklentilerimi fazlas\u0131yla kar\u015f\u0131lad\u0131: son derece profesyonel, kusursuz klinik hizmeti, otelden klini\u011fe zaman\u0131nda transferler ve \u00e7ok g\u00fcler y\u00fczl\u00fc personel. Lazer ameliyat\u0131 tamamen a\u011fr\u0131s\u0131z ve hi\u00e7 de rahats\u0131z edici de\u011fildi. G\u00f6rme yetimin en iyi seviyesine yakla\u015f\u0131k 7 g\u00fcn sonra ula\u015ft\u0131\u011f\u0131 LASEK ameliyat\u0131 ge\u00e7irmeme ra\u011fmen, 3 g\u00fcn boyunca \u0130stanbul&#8217;u ke\u015ffedebildim. \u0130lgin\u00e7 pazarlar\u0131, ola\u011fan\u00fcst\u00fc k\u00fclt\u00fcrel hazineleri, dost canl\u0131s\u0131 insanlar\u0131 ve lezzetli yemekleriyle kesinlikle b\u00fcy\u00fcleyici ve \u00e7ok temiz bir \u015fehir. Lazer ameliyat\u0131 ya\u015fam kalitemi \u00f6nemli \u00f6l\u00e7\u00fcde iyile\u015ftirdi ve sabah uyand\u0131\u011f\u0131mda sadece g\u00f6rebilmek bile h\u00e2l\u00e2 bir mucize gibi! \u00d6nceki rapor Sonraki rapor<\/p>\n","protected":false},"author":4,"featured_media":0,"parent":3973,"menu_order":0,"comment_status":"closed","ping_status":"closed","template":"","meta":{"_joinchat":[],"footnotes":""},"class_list":["post-4024","page","type-page","status-publish","hentry"],"acf":[],"_links":{"self":[{"href":"https:\/\/swisslasik.ch\/tr\/wp-json\/wp\/v2\/pages\/4024","targetHints":{"allow":["GET"]}}],"collection":[{"href":"https:\/\/swisslasik.ch\/tr\/wp-json\/wp\/v2\/pages"}],"about":[{"href":"https:\/\/swisslasik.ch\/tr\/wp-json\/wp\/v2\/types\/page"}],"author":[{"embeddable":true,"href":"https:\/\/swisslasik.ch\/tr\/wp-json\/wp\/v2\/users\/4"}],"replies":[{"embeddable":true,"href":"https:\/\/swisslasik.ch\/tr\/wp-json\/wp\/v2\/comments?post=4024"}],"version-history":[{"count":1,"href":"https:\/\/swisslasik.ch\/tr\/wp-json\/wp\/v2\/pages\/4024\/revisions"}],"predecessor-version":[{"id":4025,"href":"https:\/\/swisslasik.ch\/tr\/wp-json\/wp\/v2\/pages\/4024\/revisions\/4025"}],"up":[{"embeddable":true,"href":"https:\/\/swisslasik.ch\/tr\/wp-json\/wp\/v2\/pages\/3973"}],"wp:attachment":[{"href":"https:\/\/swisslasik.ch\/tr\/wp-json\/wp\/v2\/media?parent=4024"}],"curies":[{"name":"wp","href":"https:\/\/api.w.org\/{rel}","templated":true}]}}