{"id":4026,"date":"2025-09-24T14:38:21","date_gmt":"2025-09-24T13:38:21","guid":{"rendered":"https:\/\/swisslasik.ch\/hasta-deneyimleri-goez-ameliyati-tuerkiye-istanbul\/istanbuldaki-swisslasik-klinigindeki-deneyimim-5-subat-2010-cuma-tarihli-rapor\/"},"modified":"2026-01-14T19:35:48","modified_gmt":"2026-01-14T18:35:48","slug":"istanbuldaki-swisslasik-klinigindeki-deneyimim-5-subat-2010-cuma-tarihli-rapor","status":"publish","type":"page","link":"https:\/\/swisslasik.ch\/tr\/hasta-deneyimleri-goez-ameliyati-tuerkiye-istanbul\/istanbuldaki-swisslasik-klinigindeki-deneyimim-5-subat-2010-cuma-tarihli-rapor\/","title":{"rendered":"\u0130stanbul&#8217;daki Swisslasik klini\u011findeki deneyimim \u2013 5 \u015eubat 2010 Cuma tarihli rapor"},"content":{"rendered":"\n<h3 class=\"wp-block-heading\">\u0130stanbul&#8217;daki Swisslasik klini\u011findeki deneyimim \u2013 5 \u015eubat 2010 Cuma tarihli rapor<\/h3>\n\n<p>Uzun y\u0131llar boyunca miyop sorunumla m\u00fccadele ettim. Yak\u0131n\u0131 \u00e7ok iyi g\u00f6rebiliyordum, ancak uzak g\u00f6r\u00fc\u015f\u00fcm zay\u0131ft\u0131. Bu durum \u00f6zellikle karanl\u0131kta, araba kullan\u0131rken, televizyon izlerken ve benzeri durumlarda \u00e7ok rahats\u0131z ediciydi. Elbette ofiste bilgisayar ba\u015f\u0131nda g\u00f6zl\u00fck tak\u0131yordum. Ve spor yaparken (buz hokeyi ve futbol) hala kontakt lens kullan\u0131yordum. Ama bir \u015fekilde kendi kendime d\u00fc\u015f\u00fcnd\u00fcm ki, bu b\u00f6yle devam edemez; lazer ameliyat\u0131yla d\u00fczeltilebilir. Bir meslekta\u015f\u0131m bana bunun \u0130stanbul&#8217;da m\u00fcmk\u00fcn oldu\u011funu, profesyonelce ve olduk\u00e7a uygun bir fiyata yap\u0131labilece\u011fini s\u00f6yledi. Bu y\u00fczden, Kas\u0131m 2009&#8217;da Thun&#8217;daki Swisslasik ile bir kons\u00fcltasyon randevusu ayarlamaya karar verdim ve k\u0131sa s\u00fcre sonra 22 Ocak 2010&#8217;da \u0130stanbul&#8217;da ameliyat i\u00e7in kay\u0131t oldum. 21 Ocak 2010&#8217;da Swisslasik ile \u0130stanbul&#8217;a u\u00e7tum ve havaalan\u0131nda hi\u00e7 tan\u0131mad\u0131\u011f\u0131m biri taraf\u0131ndan kar\u015f\u0131land\u0131m. Bu \u015fof\u00f6r beni g\u00f6z klini\u011finin hemen yan\u0131ndaki otelime g\u00f6t\u00fcrd\u00fc ve ertesi g\u00fcn saat 11:00&#8217;te giri\u015ften beni alaca\u011f\u0131n\u0131 s\u00f6yledi. S\u00f6z\u00fcn\u00fc tuttu ve 22 Ocak&#8217;ta \u00f6n muayenemi oldum. Doktorlar ameliyat\u0131n sorunsuz ge\u00e7ece\u011fini hemen s\u00f6ylediler. O g\u00fcn \u00f6\u011fleden sonra saat 15:30&#8217;da klini\u011fe geri d\u00f6nmem gerekiyordu ve hi\u00e7bir sorun olmayaca\u011f\u0131n\u0131 bilmeme ra\u011fmen biraz gergindim. Yine de lazer ameliyat\u0131, hayal etti\u011fim gibi, sorunsuz ge\u00e7ti ve sonras\u0131nda yakla\u015f\u0131k 10 g\u00fcn boyunca her iki g\u00f6z\u00fcmde de kullanmam i\u00e7in \u00fc\u00e7 farkl\u0131 t\u00fcrde g\u00f6z damlas\u0131 verildi. Otele geri d\u00f6nmekten mutluydum; bildi\u011finiz gibi, ameliyattan sonra birka\u00e7 saat boyunca \u0131\u015f\u0131ktan, g\u00fcne\u015ften vb. ka\u00e7\u0131n\u0131yorsunuz. Ama ertesi g\u00fcn, 23 Ocak Cumartesi g\u00fcn\u00fc, g\u00f6r\u00fc\u015f\u00fcm\u00fcn eskisi gibi normale d\u00f6nd\u00fc\u011f\u00fcn\u00fc fark ettim. Her \u015fey biraz farkl\u0131yd\u0131 (d\u00fcnden bug\u00fcne). Tekrar uza\u011f\u0131 g\u00f6rebiliyordum; bu harika bir \u015feydi. \u00d6\u011fleden sonra \u0130stanbul&#8217;u biraz daha ke\u015ffettim ve ak\u015fam da mahalleme, \u00fcnl\u00fc Taksim al\u0131\u015fveri\u015f caddesine geri d\u00f6nd\u00fcm. Ayn\u0131 zamanda her \u015feyin yolunda gitmesinden dolay\u0131 rahatlam\u0131\u015ft\u0131m ve Pazar g\u00fcn\u00fc \u0130svi\u00e7re&#8217;ye geri u\u00e7may\u0131 d\u00f6rt g\u00f6zle bekliyordum. Bana \u0130stanbul&#8217;daki k\u0131\u015f havas\u0131n\u0131n t\u00fcm s\u00fcre boyunca ola\u011fan\u00fcst\u00fc so\u011fuk oldu\u011funu, son iki y\u0131l\u0131n en so\u011fuk havas\u0131 oldu\u011funu s\u00f6ylediler. Ama \u0130stanbul&#8217;daki (T\u00fcrkiye) klini\u011fi ger\u00e7ekten tavsiye edebilirim. Se\u00e7memin ana nedeni, T\u00fcrkiye ve \u0130svi\u00e7re aras\u0131ndaki nispeten d\u00fc\u015f\u00fck maliyetti. Personelin uzmanl\u0131\u011f\u0131 ve samimiyeti \u00e7ok etkileyiciydi. J\u00fcrg Hermann, Flums                        <\/p>\n\n<div class=\"wp-block-group is-layout-grid wp-container-core-group-is-layout-baef362d wp-block-group-is-layout-grid\">\n<p><a href=\"https:\/\/medicaltravel.at\/home\/agb\/\" data-type=\"page\" data-id=\"2191\" rel=\"nofollow noopener\" target=\"_blank\"><\/a><a href=\"https:\/\/swisslasik.ch\/tr\/hasta-deneyimleri-goez-ameliyati-tuerkiye-istanbul\/istanbulda-lazer-goez-ameliyatim-6-subat-2010-cumartesi-tarihli-rapor\/\" data-type=\"link\" data-id=\"https:\/\/swisslasik.ch\/patientenerfahrungen-augenoperation-tuerkei\/meine-augelaseroperation-in-istanbul-bericht-vom-samstag-06-februar-2010\/\">\u00d6nceki rapor<\/a><\/p>\n\n\n\n<p class=\"has-text-align-right wp-container-content-5e2576f9\"><a href=\"https:\/\/medicaltravel.at\/home\/impressum\/\" data-type=\"page\" data-id=\"2193\" rel=\"nofollow noopener\" target=\"_blank\"><\/a><a href=\"https:\/\/medicaltravel.at\/home\/berichte-von-patienten\/erfahrungsberichte\/erfahrungsbericht-zahnbehandlung-in-istanbul\/\" data-type=\"page\" data-id=\"981\" rel=\"nofollow noopener\" target=\"_blank\"><\/a><a href=\"https:\/\/swisslasik.ch\/tr\/hasta-deneyimleri-goez-ameliyati-tuerkiye-istanbul\/istanbulda-lazer-goez-ve-dis-tedavimle-ilgili-hasta-raporum-21-aralik-2009-pazartesi-tarihli-rapor\/\" data-type=\"link\" data-id=\"https:\/\/swisslasik.ch\/patientenerfahrungen-augenoperation-tuerkei\/mein-patientenbericht-uber-meine-augenlaser-und-zahnbehandung-in-istanbul-bericht-vom-montag-21-dezember-2009\/\">Sonraki rapor<\/a><\/p>\n<\/div>\n","protected":false},"excerpt":{"rendered":"<p>\u0130stanbul&#8217;daki Swisslasik klini\u011findeki deneyimim \u2013 5 \u015eubat 2010 Cuma tarihli rapor Uzun y\u0131llar boyunca miyop sorunumla m\u00fccadele ettim. Yak\u0131n\u0131 \u00e7ok iyi g\u00f6rebiliyordum, ancak uzak g\u00f6r\u00fc\u015f\u00fcm zay\u0131ft\u0131. Bu durum \u00f6zellikle karanl\u0131kta, araba kullan\u0131rken, televizyon izlerken ve benzeri durumlarda \u00e7ok rahats\u0131z ediciydi. Elbette ofiste bilgisayar ba\u015f\u0131nda g\u00f6zl\u00fck tak\u0131yordum. Ve spor yaparken (buz hokeyi ve futbol) hala kontakt lens kullan\u0131yordum. Ama bir \u015fekilde kendi kendime d\u00fc\u015f\u00fcnd\u00fcm ki, bu b\u00f6yle devam edemez; lazer ameliyat\u0131yla d\u00fczeltilebilir. Bir meslekta\u015f\u0131m bana bunun \u0130stanbul&#8217;da m\u00fcmk\u00fcn oldu\u011funu, profesyonelce ve olduk\u00e7a uygun bir fiyata yap\u0131labilece\u011fini s\u00f6yledi. Bu y\u00fczden, Kas\u0131m 2009&#8217;da Thun&#8217;daki Swisslasik ile bir kons\u00fcltasyon randevusu ayarlamaya karar verdim ve k\u0131sa s\u00fcre sonra 22 Ocak 2010&#8217;da \u0130stanbul&#8217;da ameliyat i\u00e7in kay\u0131t oldum. 21 Ocak 2010&#8217;da Swisslasik ile \u0130stanbul&#8217;a u\u00e7tum ve havaalan\u0131nda hi\u00e7 tan\u0131mad\u0131\u011f\u0131m biri taraf\u0131ndan kar\u015f\u0131land\u0131m. Bu \u015fof\u00f6r beni g\u00f6z klini\u011finin hemen yan\u0131ndaki otelime g\u00f6t\u00fcrd\u00fc ve ertesi g\u00fcn saat 11:00&#8217;te giri\u015ften beni alaca\u011f\u0131n\u0131 s\u00f6yledi. S\u00f6z\u00fcn\u00fc tuttu ve 22 Ocak&#8217;ta \u00f6n muayenemi oldum. Doktorlar ameliyat\u0131n sorunsuz ge\u00e7ece\u011fini hemen s\u00f6ylediler. O g\u00fcn \u00f6\u011fleden sonra saat 15:30&#8217;da klini\u011fe geri d\u00f6nmem gerekiyordu ve hi\u00e7bir sorun olmayaca\u011f\u0131n\u0131 bilmeme ra\u011fmen biraz gergindim. Yine de lazer ameliyat\u0131, hayal etti\u011fim gibi, sorunsuz ge\u00e7ti ve sonras\u0131nda yakla\u015f\u0131k 10 g\u00fcn boyunca her iki g\u00f6z\u00fcmde de kullanmam i\u00e7in \u00fc\u00e7 farkl\u0131 t\u00fcrde g\u00f6z damlas\u0131 verildi. Otele geri d\u00f6nmekten mutluydum; bildi\u011finiz gibi, ameliyattan sonra birka\u00e7 saat boyunca \u0131\u015f\u0131ktan, g\u00fcne\u015ften vb. ka\u00e7\u0131n\u0131yorsunuz. Ama ertesi g\u00fcn, 23 Ocak Cumartesi g\u00fcn\u00fc, g\u00f6r\u00fc\u015f\u00fcm\u00fcn eskisi gibi normale d\u00f6nd\u00fc\u011f\u00fcn\u00fc fark ettim. Her \u015fey biraz farkl\u0131yd\u0131 (d\u00fcnden bug\u00fcne). Tekrar uza\u011f\u0131 g\u00f6rebiliyordum; bu harika bir \u015feydi. \u00d6\u011fleden sonra \u0130stanbul&#8217;u biraz daha ke\u015ffettim ve ak\u015fam da mahalleme, \u00fcnl\u00fc Taksim al\u0131\u015fveri\u015f caddesine geri d\u00f6nd\u00fcm. Ayn\u0131 zamanda her \u015feyin yolunda gitmesinden dolay\u0131 rahatlam\u0131\u015ft\u0131m ve Pazar g\u00fcn\u00fc \u0130svi\u00e7re&#8217;ye geri u\u00e7may\u0131 d\u00f6rt g\u00f6zle bekliyordum. Bana \u0130stanbul&#8217;daki k\u0131\u015f havas\u0131n\u0131n t\u00fcm s\u00fcre boyunca ola\u011fan\u00fcst\u00fc so\u011fuk oldu\u011funu, son iki y\u0131l\u0131n en so\u011fuk havas\u0131 oldu\u011funu s\u00f6ylediler. Ama \u0130stanbul&#8217;daki (T\u00fcrkiye) klini\u011fi ger\u00e7ekten tavsiye edebilirim. Se\u00e7memin ana nedeni, T\u00fcrkiye ve \u0130svi\u00e7re aras\u0131ndaki nispeten d\u00fc\u015f\u00fck maliyetti. Personelin uzmanl\u0131\u011f\u0131 ve samimiyeti \u00e7ok etkileyiciydi. J\u00fcrg Hermann, Flums \u00d6nceki rapor Sonraki rapor<\/p>\n","protected":false},"author":4,"featured_media":0,"parent":3973,"menu_order":0,"comment_status":"closed","ping_status":"closed","template":"","meta":{"_joinchat":[],"footnotes":""},"class_list":["post-4026","page","type-page","status-publish","hentry"],"acf":[],"_links":{"self":[{"href":"https:\/\/swisslasik.ch\/tr\/wp-json\/wp\/v2\/pages\/4026","targetHints":{"allow":["GET"]}}],"collection":[{"href":"https:\/\/swisslasik.ch\/tr\/wp-json\/wp\/v2\/pages"}],"about":[{"href":"https:\/\/swisslasik.ch\/tr\/wp-json\/wp\/v2\/types\/page"}],"author":[{"embeddable":true,"href":"https:\/\/swisslasik.ch\/tr\/wp-json\/wp\/v2\/users\/4"}],"replies":[{"embeddable":true,"href":"https:\/\/swisslasik.ch\/tr\/wp-json\/wp\/v2\/comments?post=4026"}],"version-history":[{"count":1,"href":"https:\/\/swisslasik.ch\/tr\/wp-json\/wp\/v2\/pages\/4026\/revisions"}],"predecessor-version":[{"id":4027,"href":"https:\/\/swisslasik.ch\/tr\/wp-json\/wp\/v2\/pages\/4026\/revisions\/4027"}],"up":[{"embeddable":true,"href":"https:\/\/swisslasik.ch\/tr\/wp-json\/wp\/v2\/pages\/3973"}],"wp:attachment":[{"href":"https:\/\/swisslasik.ch\/tr\/wp-json\/wp\/v2\/media?parent=4026"}],"curies":[{"name":"wp","href":"https:\/\/api.w.org\/{rel}","templated":true}]}}