{"id":4028,"date":"2025-09-24T14:29:37","date_gmt":"2025-09-24T13:29:37","guid":{"rendered":"https:\/\/swisslasik.ch\/hasta-deneyimleri-goez-ameliyati-tuerkiye-istanbul\/istanbula-yaptigim-bueyuek-goez-lazer-ameliyati-seyahatimden-rapor-5-aralik-2010-pazar\/"},"modified":"2026-01-14T20:20:21","modified_gmt":"2026-01-14T19:20:21","slug":"istanbula-yaptigim-bueyuek-goez-lazer-ameliyati-seyahatimden-rapor-5-aralik-2010-pazar","status":"publish","type":"page","link":"https:\/\/swisslasik.ch\/tr\/hasta-deneyimleri-goez-ameliyati-tuerkiye-istanbul\/istanbula-yaptigim-bueyuek-goez-lazer-ameliyati-seyahatimden-rapor-5-aralik-2010-pazar\/","title":{"rendered":"\u0130stanbul&#8217;a yapt\u0131\u011f\u0131m b\u00fcy\u00fck g\u00f6z lazer ameliyat\u0131 seyahatimden rapor (5 Aral\u0131k 2010, Pazar)"},"content":{"rendered":"\n<h3 class=\"wp-block-heading\">\u0130stanbul&#8217;a yapt\u0131\u011f\u0131m b\u00fcy\u00fck g\u00f6z lazer ameliyat\u0131 seyahatimden rapor (5 Aral\u0131k 2010, Pazar)<\/h3>\n\n\n\n<p>Alt\u0131 ya\u015f\u0131ndan beri d\u00fczeltici lenslere, yani g\u00f6zl\u00fc\u011fe ihtiyac\u0131m vard\u0131. Ama ke\u015fke \u00f6yle olmasayd\u0131 diye d\u00fc\u015f\u00fcnmedi\u011fim bir g\u00fcn bile ge\u00e7medi. Elbette, estetik g\u00f6r\u00fcn\u00fcm\u00fcn en \u00f6nemli neden oldu\u011funu, ard\u0131ndan da g\u00f6zl\u00fcklerin bir\u00e7ok aktivite s\u0131ras\u0131nda (\u00f6rne\u011fin y\u00fczme) ger\u00e7ek bir s\u0131k\u0131nt\u0131 olmas\u0131 ger\u00e7e\u011finin geldi\u011fini itiraf etmeliyim. Bir g\u00f6z enfeksiyonundan sonra art\u0131k kontakt lens kullanamad\u0131\u011f\u0131m i\u00e7in, 16 ya\u015f\u0131nda b\u00fcy\u00fck g\u00fcn\u00fcm\u00fcn gelece\u011fine ve lazer g\u00f6z ameliyat\u0131 olaca\u011f\u0131ma karar verdim. Ne yaz\u0131k ki, bunun ger\u00e7ekle\u015fmesi i\u00e7in tam dokuz y\u0131l beklemek zorunda kald\u0131m. Ancak bu dokuz y\u0131l boyunca, do\u011fal olarak lazer g\u00f6z ameliyat\u0131 konusunu ara\u015ft\u0131rmak i\u00e7in bolca zaman\u0131m oldu. Ba\u015f\u0131ndan beri, ameliyat\u0131 kesinlikle \u0130svi\u00e7re&#8217;de yapt\u0131rmayaca\u011f\u0131ma karar vermi\u015ftim. Buradaki maliyetler son derece y\u00fcksek ve ihtiya\u00e7lar\u0131mla tamamen orant\u0131s\u0131zd\u0131. Tan\u0131d\u0131\u011f\u0131m birka\u00e7 ki\u015fi de bu ameliyat\u0131 T\u00fcrkiye&#8217;de yapt\u0131rm\u0131\u015f ve sonu\u00e7lardan \u00e7ok memnun kalm\u0131\u015ft\u0131, bu da ameliyat\u0131 \u0130stanbul&#8217;da yapt\u0131rma karar\u0131m\u0131 daha da peki\u015ftirdi. 25 ya\u015f\u0131ma girdikten ve son \u00fc\u00e7 y\u0131ld\u0131r g\u00f6rme yetim stabil olduktan sonra, T\u00fcrkiye&#8217;de iyi bir g\u00f6z klini\u011fi bulmak i\u00e7in internette ara\u015ft\u0131rmaya ba\u015flad\u0131m. Hemen Swisslasik&#8217;e rastlad\u0131m. Web siteleri \u00e7ok profesyonel ve yetkin bir imaj sergiledi\u011fi i\u00e7in cesaretimi toplay\u0131p Bay Karaagacli (\u0130svi\u00e7re&#8217;deki irtibat ki\u015fisi) ile ileti\u015fime ge\u00e7tim. Sadece birka\u00e7 saat sonra, t\u00fcm sorular\u0131ma e-posta yoluyla kapsaml\u0131 cevaplar ald\u0131m ve \u0130stanbul&#8217;daki Eyestar&#8217;da g\u00f6z ameliyat\u0131 yapt\u0131rmak istedi\u011fim a\u00e7\u0131k\u00e7a belli oldu. Daha sonra, prosed\u00fcr i\u00e7in uygun bir aday oldu\u011fumdan tamamen emin olmak istedi\u011fim i\u00e7in Z\u00fcrih&#8217;te Dr. Mario ile \u00f6n muayene oldum. Muayene sorunsuz ge\u00e7ti ve olumlu bir de\u011ferlendirme ald\u0131ktan sonra ameliyat i\u00e7in kay\u0131t oldum. Bay Karaagacli daha sonra benim i\u00e7in her \u015feyi organize etti ve \u0130stanbul&#8217;a b\u00fcy\u00fck yolculu\u011fum 22 Kas\u0131m 2010&#8217;da ba\u015flad\u0131. \u0130stanbul&#8217;a vard\u0131\u011f\u0131m\u0131zda, bir Eyestar \u00e7al\u0131\u015fan\u0131 taraf\u0131ndan s\u0131cak bir \u015fekilde kar\u015f\u0131land\u0131k ve do\u011frudan otele g\u00f6t\u00fcr\u00fcld\u00fck, orada hemen giri\u015f i\u015flemlerimiz yap\u0131ld\u0131. Otel personeli \u00e7ok g\u00fcler y\u00fczl\u00fcyd\u00fc, oda temizdi ve hemen kendimi rahat hissettim. Ertesi g\u00fcn, \u00f6n muayeneler \u0130stanbul&#8217;da, otelimize sadece 5 dakikal\u0131k y\u00fcr\u00fcme mesafesindeki Eyestar klini\u011finde yap\u0131ld\u0131. Klinik personeli harikayd\u0131 ve \u00f6zellikle terc\u00fcman\u0131m\u0131z Fred&#8217;in bana g\u00f6sterdi\u011fi \u00f6zen beni \u00e7ok memnun etti. T\u00fcm s\u00fcre\u00e7 boyunca oradayd\u0131, \u00f6zenle \u00e7eviri yapt\u0131 ve her zaman sorular\u0131m\u0131 yan\u0131tlamaya haz\u0131rd\u0131. Ameliyat yakla\u015ft\u0131k\u00e7a, bana ve elbette herkese birka\u00e7 g\u00fcven verici s\u00f6z s\u00f6ylemesinden dolay\u0131 \u00e7ok minnettar kald\u0131m. Ayr\u0131ca, ayn\u0131 anda orada bulunan ve art arda ameliyat edilen be\u015f ki\u015finin daha olmas\u0131 da harika bir \u015feydi.                       \u00d6n muayene s\u0131ras\u0131nda bile di\u011fer hastalarla konu\u015fma f\u0131rsat\u0131m oldu ve yaln\u0131z olmad\u0131\u011f\u0131m\u0131 bilmek kayg\u0131m\u0131 b\u00fcy\u00fck \u00f6l\u00e7\u00fcde azaltt\u0131 ve bana bir g\u00fcvenlik hissi verdi. Ameliyat ak\u015fam ger\u00e7ekle\u015fti. Elbette inan\u0131lmaz derecede korkmu\u015ftum, ancak sakinle\u015ftirici, yetkin personel ve hastanedeki ho\u015f atmosfer, her \u015feye nispeten sakin bir \u015fekilde yakla\u015fabilmemde \u00f6nemli \u00f6l\u00e7\u00fcde etkili oldu. Orada, alt\u0131 ki\u015fi, hayat\u0131m\u0131z\u0131n b\u00fcy\u00fck an\u0131n\u0131 heyecanla bekliyorduk. Daha \u00f6nce de belirtti\u011fim gibi, teker teker i\u00e7eri \u00e7a\u011fr\u0131ld\u0131k ve ameliyat i\u00e7in haz\u0131rland\u0131k. S\u0131rada d\u00f6rd\u00fcnc\u00fcyd\u00fcm, bu da ameliyat edilecek ilk hastayla k\u0131sa bir s\u00fcre konu\u015fabilme avantaj\u0131 sa\u011flad\u0131, \u00e7\u00fcnk\u00fc o sadece 15-20 dakika sonra taburcu oldu. Sonra s\u0131ra bana geldi. Bana pembe bir \u00f6nl\u00fck, bir bone ve ayakkab\u0131lar\u0131m i\u00e7in plastik k\u0131l\u0131flar verildi. Ondan sonra g\u00f6zlerim uyu\u015fturuldu ve her \u015fey sterilize edildi. Ameliyat\u0131n kendisi o kadar h\u0131zl\u0131 ge\u00e7ti ki, geriye d\u00f6n\u00fcp bakt\u0131\u011f\u0131mda her \u015fey biraz ger\u00e7ek\u00fcst\u00fc geldi. Hi\u00e7 ac\u0131mad\u0131; Hafif bir rahats\u0131zl\u0131k hissettim, ama bunun sebebi muhtemelen her g\u00fcn g\u00f6z\u00fcn\u00fcze ameliyat olmaman\u0131zd\u0131. Ameliyat s\u0131ras\u0131nda g\u00f6z\u00fcm bir k\u0131ska\u00e7la sabitlendi ve sadece Fred&#8217;in talimatlar\u0131na ve ye\u015fil \u0131\u015f\u0131\u011fa odaklanmam gerekti. G\u00f6r\u00fcn\u00fc\u015fe g\u00f6re olduk\u00e7a iyi i\u015f \u00e7\u0131kard\u0131m, \u00e7\u00fcnk\u00fc lazer hi\u00e7 kesintiye u\u011framad\u0131 ve her g\u00f6z i\u00e7in sadece 20 saniye sonra her \u015fey bitti. Sakinle\u015ftiricinin etkisi ve her \u015feyin beklenenden \u00e7ok daha sorunsuz ge\u00e7mesi nedeniyle hala biraz sersemlemi\u015f haldeyken, Fred beni bekleme odas\u0131na geri g\u00f6t\u00fcrd\u00fc. Sonunda, g\u00f6z damlalar\u0131n\u0131n nas\u0131l kullan\u0131laca\u011f\u0131 g\u00f6sterildi ve ard\u0131ndan dinlenmek i\u00e7in otel odam\u0131za geri g\u00f6t\u00fcr\u00fcld\u00fck. Ertesi sabah harikayd\u0131. Harika uyudum, gece boyunca hi\u00e7 a\u011fr\u0131m olmad\u0131 ve sabah g\u00f6z bantlar\u0131n\u0131 \u00e7\u0131kard\u0131\u011f\u0131mda, hayat\u0131mda ilk kez g\u00f6zl\u00fcks\u00fcz olduk\u00e7a iyi g\u00f6rebiliyordum. G\u00f6r\u00fc\u015f\u00fcm hala biraz bulan\u0131kt\u0131, ama yine de her \u015feyi net bir \u015fekilde g\u00f6rebiliyordum. Ayn\u0131 g\u00fcn, takip randevusu i\u00e7in Eyestar klini\u011fine geri d\u00f6nd\u00fcm. Doktor sonu\u00e7tan \u00e7ok memnundu ve m\u00fckemmel oldu\u011funu s\u00f6yledi; Y\u00fczde 100 iyile\u015fme oldu\u011funu zaten g\u00f6rebiliyordum. Bu olumlu haberden sonra hemen bir gezi ve al\u0131\u015fveri\u015f turuna \u00e7\u0131kt\u0131m. Ameliyat\u0131 T\u00fcrkiye&#8217;de yapt\u0131rmay\u0131 se\u00e7menin bir di\u011fer avantaj\u0131 da \u0130stanbul&#8217;un bir\u00e7ok ilgi \u00e7ekici yeri ve harika al\u0131\u015fveri\u015f f\u0131rsatlar\u0131yla g\u00fczel bir \u015fehir olmas\u0131yd\u0131. Uzun bir al\u0131\u015fveri\u015f turundan ve Sultanahmet Camii, Galata K\u00f6pr\u00fcs\u00fc, Galata Kulesi ve daha bir\u00e7ok yeri ziyaret ettikten sonra otele d\u00f6nd\u00fcm. Ertesi g\u00fcn, 25 Kas\u0131m 2010&#8217;da, \u00f6\u011flen saatlerinde otelden al\u0131nd\u0131m ve eve d\u00f6n\u00fc\u015f u\u00e7u\u015fum i\u00e7in havaalan\u0131na g\u00f6t\u00fcr\u00fcld\u00fcm.                       Bug\u00fcn 6 Aral\u0131k 2010 ve bu ad\u0131m\u0131 att\u0131\u011f\u0131m i\u00e7in \u00e7ok mutluyum. Eskiden \u00e7ok k\u00f6t\u00fc g\u00f6ren biri i\u00e7in g\u00f6zl\u00fcks\u00fcz d\u0131\u015far\u0131da olmak ger\u00e7ekten e\u015fsiz bir duygu. G\u00f6zl\u00fc\u011fe art\u0131k ihtiyac\u0131m olmad\u0131\u011f\u0131na h\u00e2l\u00e2 inanamad\u0131\u011f\u0131m\u0131n bir \u00f6rne\u011fi de \u015fu: Yatmadan \u00f6nce \u00fc\u00e7 kez g\u00f6zl\u00fc\u011f\u00fcm\u00fc elime ald\u0131\u011f\u0131m\u0131 fark ettim ve her seferinde y\u00fcz\u00fcmde bir g\u00fcl\u00fcmsemeyle uykuya dald\u0131m \u00e7\u00fcnk\u00fc g\u00f6zl\u00fcks\u00fcz bu kadar iyi g\u00f6rmek tarif edilemez bir \u015fey ve art\u0131k onlara ihtiyac\u0131m olmad\u0131\u011f\u0131na inanam\u0131yorum. Ayr\u0131ca bu vesileyle Swisslasik\/Eyestar&#8217;a m\u00fckemmel hizmetleri i\u00e7in tekrar te\u015fekk\u00fcr etmek istiyorum ve bu i\u015flemi herkese g\u00f6n\u00fclden tavsiye edebilirim. \u015eahsen \u00e7ok, \u00e7ok memnun kald\u0131m ve ayn\u0131 karar\u0131 bir daha hi\u00e7 d\u00fc\u015f\u00fcnmeden verirdim.  <\/p>\n\n\n\n<div class=\"wp-block-group is-layout-grid wp-container-core-group-is-layout-baef362d wp-block-group-is-layout-grid\">\n<p><a href=\"https:\/\/medicaltravel.at\/home\/agb\/\" data-type=\"page\" data-id=\"2191\" rel=\"nofollow noopener\" target=\"_blank\"><\/a><a href=\"https:\/\/swisslasik.ch\/tr\/hasta-deneyimleri-goez-ameliyati-tuerkiye-istanbul\/myrta-toenginin-29-ekim-2010da-ameliyat-edildigine-dair-hasta-raporu-8-aralik-2010-carsamba-tarihli-rapor\/\" data-type=\"link\" data-id=\"https:\/\/swisslasik.ch\/tr\/hasta-deneyimleri-goez-ameliyati-tuerkiye-istanbul\/myrta-toenginin-29-ekim-2010da-ameliyat-edildigine-dair-hasta-raporu-8-aralik-2010-carsamba-tarihli-rapor\/\">\u00d6nceki rapor<\/a><\/p>\n\n\n\n<p class=\"has-text-align-right wp-container-content-5e2576f9\"><a href=\"https:\/\/medicaltravel.at\/home\/impressum\/\" data-type=\"page\" data-id=\"2193\" rel=\"nofollow noopener\" target=\"_blank\"><\/a><a href=\"https:\/\/medicaltravel.at\/home\/berichte-von-patienten\/erfahrungsberichte\/erfahrungsbericht-zahnbehandlung-in-istanbul\/\" data-type=\"page\" data-id=\"981\" rel=\"nofollow noopener\" target=\"_blank\"><\/a><a href=\"https:\/\/swisslasik.ch\/tr\/hasta-deneyimleri-goez-ameliyati-tuerkiye-istanbul\/istanbulda-kasim-2010da-yaptirdigim-lazer-tedavisi-5-aralik-2010-pazar-tarihli-rapor\/\" data-type=\"link\" data-id=\"https:\/\/swisslasik.ch\/tr\/hasta-deneyimleri-goez-ameliyati-tuerkiye-istanbul\/istanbulda-kasim-2010da-yaptirdigim-lazer-tedavisi-5-aralik-2010-pazar-tarihli-rapor\/\">Sonraki rapor<\/a><\/p>\n<\/div>\n","protected":false},"excerpt":{"rendered":"<p>\u0130stanbul&#8217;a yapt\u0131\u011f\u0131m b\u00fcy\u00fck g\u00f6z lazer ameliyat\u0131 seyahatimden rapor (5 Aral\u0131k 2010, Pazar) Alt\u0131 ya\u015f\u0131ndan beri d\u00fczeltici lenslere, yani g\u00f6zl\u00fc\u011fe ihtiyac\u0131m vard\u0131. Ama ke\u015fke \u00f6yle olmasayd\u0131 diye d\u00fc\u015f\u00fcnmedi\u011fim bir g\u00fcn bile ge\u00e7medi. Elbette, estetik g\u00f6r\u00fcn\u00fcm\u00fcn en \u00f6nemli neden oldu\u011funu, ard\u0131ndan da g\u00f6zl\u00fcklerin bir\u00e7ok aktivite s\u0131ras\u0131nda (\u00f6rne\u011fin y\u00fczme) ger\u00e7ek bir s\u0131k\u0131nt\u0131 olmas\u0131 ger\u00e7e\u011finin geldi\u011fini itiraf etmeliyim. Bir g\u00f6z enfeksiyonundan sonra art\u0131k kontakt lens kullanamad\u0131\u011f\u0131m i\u00e7in, 16 ya\u015f\u0131nda b\u00fcy\u00fck g\u00fcn\u00fcm\u00fcn gelece\u011fine ve lazer g\u00f6z ameliyat\u0131 olaca\u011f\u0131ma karar verdim. Ne yaz\u0131k ki, bunun ger\u00e7ekle\u015fmesi i\u00e7in tam dokuz y\u0131l beklemek zorunda kald\u0131m. Ancak bu dokuz y\u0131l boyunca, do\u011fal olarak lazer g\u00f6z ameliyat\u0131 konusunu ara\u015ft\u0131rmak i\u00e7in bolca zaman\u0131m oldu. Ba\u015f\u0131ndan beri, ameliyat\u0131 kesinlikle \u0130svi\u00e7re&#8217;de yapt\u0131rmayaca\u011f\u0131ma karar vermi\u015ftim. Buradaki maliyetler son derece y\u00fcksek ve ihtiya\u00e7lar\u0131mla tamamen orant\u0131s\u0131zd\u0131. Tan\u0131d\u0131\u011f\u0131m birka\u00e7 ki\u015fi de bu ameliyat\u0131 T\u00fcrkiye&#8217;de yapt\u0131rm\u0131\u015f ve sonu\u00e7lardan \u00e7ok memnun kalm\u0131\u015ft\u0131, bu da ameliyat\u0131 \u0130stanbul&#8217;da yapt\u0131rma karar\u0131m\u0131 daha da peki\u015ftirdi. 25 ya\u015f\u0131ma girdikten ve son \u00fc\u00e7 y\u0131ld\u0131r g\u00f6rme yetim stabil olduktan sonra, T\u00fcrkiye&#8217;de iyi bir g\u00f6z klini\u011fi bulmak i\u00e7in internette ara\u015ft\u0131rmaya ba\u015flad\u0131m. Hemen Swisslasik&#8217;e rastlad\u0131m. Web siteleri \u00e7ok profesyonel ve yetkin bir imaj sergiledi\u011fi i\u00e7in cesaretimi toplay\u0131p Bay Karaagacli (\u0130svi\u00e7re&#8217;deki irtibat ki\u015fisi) ile ileti\u015fime ge\u00e7tim. Sadece birka\u00e7 saat sonra, t\u00fcm sorular\u0131ma e-posta yoluyla kapsaml\u0131 cevaplar ald\u0131m ve \u0130stanbul&#8217;daki Eyestar&#8217;da g\u00f6z ameliyat\u0131 yapt\u0131rmak istedi\u011fim a\u00e7\u0131k\u00e7a belli oldu. Daha sonra, prosed\u00fcr i\u00e7in uygun bir aday oldu\u011fumdan tamamen emin olmak istedi\u011fim i\u00e7in Z\u00fcrih&#8217;te Dr. Mario ile \u00f6n muayene oldum. Muayene sorunsuz ge\u00e7ti ve olumlu bir de\u011ferlendirme ald\u0131ktan sonra ameliyat i\u00e7in kay\u0131t oldum. Bay Karaagacli daha sonra benim i\u00e7in her \u015feyi organize etti ve \u0130stanbul&#8217;a b\u00fcy\u00fck yolculu\u011fum 22 Kas\u0131m 2010&#8217;da ba\u015flad\u0131. \u0130stanbul&#8217;a vard\u0131\u011f\u0131m\u0131zda, bir Eyestar \u00e7al\u0131\u015fan\u0131 taraf\u0131ndan s\u0131cak bir \u015fekilde kar\u015f\u0131land\u0131k ve do\u011frudan otele g\u00f6t\u00fcr\u00fcld\u00fck, orada hemen giri\u015f i\u015flemlerimiz yap\u0131ld\u0131. Otel personeli \u00e7ok g\u00fcler y\u00fczl\u00fcyd\u00fc, oda temizdi ve hemen kendimi rahat hissettim. Ertesi g\u00fcn, \u00f6n muayeneler \u0130stanbul&#8217;da, otelimize sadece 5 dakikal\u0131k y\u00fcr\u00fcme mesafesindeki Eyestar klini\u011finde yap\u0131ld\u0131. Klinik personeli harikayd\u0131 ve \u00f6zellikle terc\u00fcman\u0131m\u0131z Fred&#8217;in bana g\u00f6sterdi\u011fi \u00f6zen beni \u00e7ok memnun etti. T\u00fcm s\u00fcre\u00e7 boyunca oradayd\u0131, \u00f6zenle \u00e7eviri yapt\u0131 ve her zaman sorular\u0131m\u0131 yan\u0131tlamaya haz\u0131rd\u0131. Ameliyat yakla\u015ft\u0131k\u00e7a, bana ve elbette herkese birka\u00e7 g\u00fcven verici s\u00f6z s\u00f6ylemesinden dolay\u0131 \u00e7ok minnettar kald\u0131m. Ayr\u0131ca, ayn\u0131 anda orada bulunan ve art arda ameliyat edilen be\u015f ki\u015finin daha olmas\u0131 da harika bir \u015feydi. \u00d6n muayene s\u0131ras\u0131nda bile di\u011fer hastalarla konu\u015fma f\u0131rsat\u0131m oldu ve yaln\u0131z olmad\u0131\u011f\u0131m\u0131 bilmek kayg\u0131m\u0131 b\u00fcy\u00fck \u00f6l\u00e7\u00fcde azaltt\u0131 ve bana bir g\u00fcvenlik hissi verdi. Ameliyat ak\u015fam ger\u00e7ekle\u015fti. Elbette inan\u0131lmaz derecede korkmu\u015ftum, ancak sakinle\u015ftirici, yetkin personel ve hastanedeki ho\u015f atmosfer, her \u015feye nispeten sakin bir \u015fekilde yakla\u015fabilmemde \u00f6nemli \u00f6l\u00e7\u00fcde etkili oldu. Orada, alt\u0131 ki\u015fi, hayat\u0131m\u0131z\u0131n b\u00fcy\u00fck an\u0131n\u0131 heyecanla bekliyorduk. Daha \u00f6nce de belirtti\u011fim gibi, teker teker i\u00e7eri \u00e7a\u011fr\u0131ld\u0131k ve ameliyat i\u00e7in haz\u0131rland\u0131k. S\u0131rada d\u00f6rd\u00fcnc\u00fcyd\u00fcm, bu da ameliyat edilecek ilk hastayla k\u0131sa bir s\u00fcre konu\u015fabilme avantaj\u0131 sa\u011flad\u0131, \u00e7\u00fcnk\u00fc o sadece 15-20 dakika sonra taburcu oldu. Sonra s\u0131ra bana geldi. Bana pembe bir \u00f6nl\u00fck, bir bone ve ayakkab\u0131lar\u0131m i\u00e7in plastik k\u0131l\u0131flar verildi. Ondan sonra g\u00f6zlerim uyu\u015fturuldu ve her \u015fey sterilize edildi. Ameliyat\u0131n kendisi o kadar h\u0131zl\u0131 ge\u00e7ti ki, geriye d\u00f6n\u00fcp bakt\u0131\u011f\u0131mda her \u015fey biraz ger\u00e7ek\u00fcst\u00fc geldi. Hi\u00e7 ac\u0131mad\u0131; Hafif bir rahats\u0131zl\u0131k hissettim, ama bunun sebebi muhtemelen her g\u00fcn g\u00f6z\u00fcn\u00fcze ameliyat olmaman\u0131zd\u0131. Ameliyat s\u0131ras\u0131nda g\u00f6z\u00fcm bir k\u0131ska\u00e7la sabitlendi ve sadece Fred&#8217;in talimatlar\u0131na ve ye\u015fil \u0131\u015f\u0131\u011fa odaklanmam gerekti. G\u00f6r\u00fcn\u00fc\u015fe g\u00f6re olduk\u00e7a iyi i\u015f \u00e7\u0131kard\u0131m, \u00e7\u00fcnk\u00fc lazer hi\u00e7 kesintiye u\u011framad\u0131 ve her g\u00f6z i\u00e7in sadece 20 saniye sonra her \u015fey bitti. Sakinle\u015ftiricinin etkisi ve her \u015feyin beklenenden \u00e7ok daha sorunsuz ge\u00e7mesi nedeniyle hala biraz sersemlemi\u015f haldeyken, Fred beni bekleme odas\u0131na geri g\u00f6t\u00fcrd\u00fc. Sonunda, g\u00f6z damlalar\u0131n\u0131n nas\u0131l kullan\u0131laca\u011f\u0131 g\u00f6sterildi ve ard\u0131ndan dinlenmek i\u00e7in otel odam\u0131za geri g\u00f6t\u00fcr\u00fcld\u00fck. Ertesi sabah harikayd\u0131. Harika uyudum, gece boyunca hi\u00e7 a\u011fr\u0131m olmad\u0131 ve sabah g\u00f6z bantlar\u0131n\u0131 \u00e7\u0131kard\u0131\u011f\u0131mda, hayat\u0131mda ilk kez g\u00f6zl\u00fcks\u00fcz olduk\u00e7a iyi g\u00f6rebiliyordum. G\u00f6r\u00fc\u015f\u00fcm hala biraz bulan\u0131kt\u0131, ama yine de her \u015feyi net bir \u015fekilde g\u00f6rebiliyordum. Ayn\u0131 g\u00fcn, takip randevusu i\u00e7in Eyestar klini\u011fine geri d\u00f6nd\u00fcm. Doktor sonu\u00e7tan \u00e7ok memnundu ve m\u00fckemmel oldu\u011funu s\u00f6yledi; Y\u00fczde 100 iyile\u015fme oldu\u011funu zaten g\u00f6rebiliyordum. Bu olumlu haberden sonra hemen bir gezi ve al\u0131\u015fveri\u015f turuna \u00e7\u0131kt\u0131m. Ameliyat\u0131 T\u00fcrkiye&#8217;de yapt\u0131rmay\u0131 se\u00e7menin bir di\u011fer avantaj\u0131 da \u0130stanbul&#8217;un bir\u00e7ok ilgi \u00e7ekici yeri ve harika al\u0131\u015fveri\u015f f\u0131rsatlar\u0131yla g\u00fczel bir \u015fehir olmas\u0131yd\u0131. Uzun bir al\u0131\u015fveri\u015f turundan ve Sultanahmet Camii, Galata K\u00f6pr\u00fcs\u00fc, Galata Kulesi ve daha bir\u00e7ok yeri ziyaret ettikten sonra otele d\u00f6nd\u00fcm. Ertesi g\u00fcn, 25 Kas\u0131m 2010&#8217;da, \u00f6\u011flen saatlerinde otelden al\u0131nd\u0131m ve eve d\u00f6n\u00fc\u015f u\u00e7u\u015fum i\u00e7in havaalan\u0131na g\u00f6t\u00fcr\u00fcld\u00fcm. Bug\u00fcn 6 Aral\u0131k 2010 ve bu ad\u0131m\u0131 att\u0131\u011f\u0131m i\u00e7in \u00e7ok mutluyum. Eskiden \u00e7ok k\u00f6t\u00fc g\u00f6ren biri i\u00e7in g\u00f6zl\u00fcks\u00fcz d\u0131\u015far\u0131da olmak ger\u00e7ekten e\u015fsiz bir duygu. G\u00f6zl\u00fc\u011fe art\u0131k ihtiyac\u0131m olmad\u0131\u011f\u0131na h\u00e2l\u00e2 inanamad\u0131\u011f\u0131m\u0131n bir \u00f6rne\u011fi de \u015fu: Yatmadan \u00f6nce \u00fc\u00e7 kez g\u00f6zl\u00fc\u011f\u00fcm\u00fc elime ald\u0131\u011f\u0131m\u0131 fark ettim ve her seferinde y\u00fcz\u00fcmde bir g\u00fcl\u00fcmsemeyle uykuya dald\u0131m \u00e7\u00fcnk\u00fc g\u00f6zl\u00fcks\u00fcz bu kadar iyi g\u00f6rmek tarif edilemez bir \u015fey ve art\u0131k onlara ihtiyac\u0131m olmad\u0131\u011f\u0131na inanam\u0131yorum. Ayr\u0131ca bu vesileyle Swisslasik\/Eyestar&#8217;a m\u00fckemmel hizmetleri i\u00e7in tekrar te\u015fekk\u00fcr etmek istiyorum ve bu i\u015flemi herkese g\u00f6n\u00fclden tavsiye edebilirim. \u015eahsen \u00e7ok, \u00e7ok memnun kald\u0131m ve ayn\u0131 karar\u0131 bir daha hi\u00e7 d\u00fc\u015f\u00fcnmeden verirdim. \u00d6nceki rapor Sonraki rapor<\/p>\n","protected":false},"author":4,"featured_media":0,"parent":3973,"menu_order":0,"comment_status":"closed","ping_status":"closed","template":"","meta":{"_joinchat":[],"footnotes":""},"class_list":["post-4028","page","type-page","status-publish","hentry"],"acf":[],"_links":{"self":[{"href":"https:\/\/swisslasik.ch\/tr\/wp-json\/wp\/v2\/pages\/4028","targetHints":{"allow":["GET"]}}],"collection":[{"href":"https:\/\/swisslasik.ch\/tr\/wp-json\/wp\/v2\/pages"}],"about":[{"href":"https:\/\/swisslasik.ch\/tr\/wp-json\/wp\/v2\/types\/page"}],"author":[{"embeddable":true,"href":"https:\/\/swisslasik.ch\/tr\/wp-json\/wp\/v2\/users\/4"}],"replies":[{"embeddable":true,"href":"https:\/\/swisslasik.ch\/tr\/wp-json\/wp\/v2\/comments?post=4028"}],"version-history":[{"count":3,"href":"https:\/\/swisslasik.ch\/tr\/wp-json\/wp\/v2\/pages\/4028\/revisions"}],"predecessor-version":[{"id":4835,"href":"https:\/\/swisslasik.ch\/tr\/wp-json\/wp\/v2\/pages\/4028\/revisions\/4835"}],"up":[{"embeddable":true,"href":"https:\/\/swisslasik.ch\/tr\/wp-json\/wp\/v2\/pages\/3973"}],"wp:attachment":[{"href":"https:\/\/swisslasik.ch\/tr\/wp-json\/wp\/v2\/media?parent=4028"}],"curies":[{"name":"wp","href":"https:\/\/api.w.org\/{rel}","templated":true}]}}