{"id":4030,"date":"2025-09-24T14:30:14","date_gmt":"2025-09-24T13:30:14","guid":{"rendered":"https:\/\/swisslasik.ch\/hasta-deneyimleri-goez-ameliyati-tuerkiye-istanbul\/istanbulda-kasim-2010da-yaptirdigim-lazer-tedavisi-5-aralik-2010-pazar-tarihli-rapor\/"},"modified":"2026-01-14T19:22:35","modified_gmt":"2026-01-14T18:22:35","slug":"istanbulda-kasim-2010da-yaptirdigim-lazer-tedavisi-5-aralik-2010-pazar-tarihli-rapor","status":"publish","type":"page","link":"https:\/\/swisslasik.ch\/tr\/hasta-deneyimleri-goez-ameliyati-tuerkiye-istanbul\/istanbulda-kasim-2010da-yaptirdigim-lazer-tedavisi-5-aralik-2010-pazar-tarihli-rapor\/","title":{"rendered":"\u0130stanbul&#8217;da Kas\u0131m 2010&#8217;da yapt\u0131rd\u0131\u011f\u0131m lazer tedavisi &#8211; 5 Aral\u0131k 2010 Pazar tarihli rapor"},"content":{"rendered":"\n<h3 class=\"wp-block-heading\">\u0130stanbul&#8217;da Kas\u0131m 2010&#8217;da yapt\u0131rd\u0131\u011f\u0131m lazer tedavisi &#8211; 5 Aral\u0131k 2010 Pazar tarihli rapor<\/h3>\n\n<p>Bir s\u00fcredir lazer g\u00f6z ameliyat\u0131 yapt\u0131rma fikriyle oynuyordum. Ancak \u0130svi\u00e7re&#8217;deki y\u00fcksek fiyat beni cayd\u0131r\u0131yordu. Bir g\u00fcn Swisslasik web sitesine rastlad\u0131m ve g\u00fcvenilir ve ilgi \u00e7ekici g\u00f6r\u00fcn\u00fcyordu. Biraz d\u00fc\u015f\u00fcnd\u00fckten sonra Bay Karaagacli ile ileti\u015fime ge\u00e7meye karar verdim. Sorular\u0131ma her zaman cevap ald\u0131m, bu da beni rahatlatt\u0131 ve memnun etti. Sonunda Swisslasik&#8217;e karar verdim. Gitmeden \u00f6nce Bay Karaagacli bana Swisslasik pasaportunu g\u00f6nderdi; bu pasaportta bir\u00e7ok bilgi vard\u0131 ve lazer tedavisi prosed\u00fcr\u00fcn\u00fc a\u00e7\u0131kl\u0131yordu. Ayr\u0131ca genel olarak faydal\u0131 bilgiler de i\u00e7eriyordu. Bu kitap\u00e7\u0131k \u0130stanbul&#8217;da s\u00fcrekli yan\u0131mda oldu. \u0130stanbul&#8217;a vard\u0131\u011f\u0131m\u0131zda, meslekta\u015f\u0131m ve ben Almanca konu\u015fan bir rehber taraf\u0131ndan havaalan\u0131ndan al\u0131nd\u0131k ve otelimize g\u00f6t\u00fcr\u00fcld\u00fck. Bu hizmetin m\u00fckemmel oldu\u011funu d\u00fc\u015f\u00fcnd\u00fcm. Otelden beni almas\u0131 ve klini\u011fe kadar bana e\u015flik etmesi i\u00e7in bir zaman ayarlad\u0131k. Ayr\u0131ca doktorun hastal\u0131k nedeniyle m\u00fcsait olmamas\u0131 nedeniyle randevumun bir g\u00fcn ertelenmesi gerekti\u011fini de bildirdi. Bu durum beni rahats\u0131z etmedi, \u00e7\u00fcnk\u00fc \u0130stanbul&#8217;da bir hafta kalacakt\u0131m. \u00d6n muayene g\u00fcn\u00fc, \u00f6nceden kararla\u015ft\u0131r\u0131ld\u0131\u011f\u0131 gibi koordinat\u00f6r\u00fcm beni otelden ald\u0131. Yakla\u015f\u0131k 5 dakikal\u0131k bir y\u00fcr\u00fcy\u00fc\u015f mesafesinde oldu\u011fu i\u00e7in y\u00fcr\u00fcd\u00fck. Var\u0131\u015fta, hijyen nedenleriyle ayakkab\u0131 k\u0131l\u0131flar\u0131 giymek zorunda kald\u0131k. Klinikte, Almanca konu\u015fan ba\u015fka bir koordinat\u00f6r bana e\u015flik etti. \u00d6n kontroller s\u0131ras\u0131nda, g\u00f6zlerimde nelerin incelenece\u011fini ve ne yapmam gerekti\u011fini a\u00e7\u0131klad\u0131. Her \u015fey olduk\u00e7a h\u0131zl\u0131 ilerledi. Yakla\u015f\u0131k 20-30 dakika sonra, lazer tedavisinin benim i\u00e7in m\u00fcmk\u00fcn oldu\u011fu s\u00f6ylendi. Bundan memnun oldum. Tedavi ayn\u0131 g\u00fcn i\u00e7in planland\u0131. Yakla\u015f\u0131k bir saatlik \u00f6\u011fle yeme\u011fi molas\u0131ndan sonra, meslekta\u015f\u0131mla birlikte klini\u011fe geri d\u00f6nd\u00fcm. O g\u00fcn, ben ve \u0130svi\u00e7re&#8217;den iki hasta daha tedavi edildik. Bize, istisnai durumlarda klinikte yeterli g\u00fc\u00e7 olmad\u0131\u011f\u0131 veya daha do\u011frusu teknik nedenlerden dolay\u0131 lazer ameliyat\u0131n\u0131n ba\u015fka bir klinikte yap\u0131lmas\u0131 gerekti\u011fi s\u00f6ylendi. Bu y\u00fczden, yakla\u015f\u0131k 30 dakika uzakl\u0131ktaki di\u011fer klini\u011fe g\u00f6t\u00fcr\u00fcld\u00fck. Bu klinik ayr\u0131ca temiz ve her \u015feyden \u00f6nce l\u00fcks bir izlenim b\u0131rakt\u0131. Bekleme s\u00fcresini ameliyat odas\u0131n\u0131n d\u0131\u015f\u0131nda ge\u00e7irdik. Bizi sakinle\u015ftirmek i\u00e7in bir sakinle\u015ftirici teklif edildi. O noktada, kayg\u0131m o kadar artm\u0131\u015ft\u0131 ki, beklemek neredeyse dayan\u0131lmaz hale gelmi\u015fti ve ameliyat\u0131n bir an \u00f6nce bitmesini istiyordum. Sakinle\u015ftirici sayesinde kayg\u0131m \u00f6nemli \u00f6l\u00e7\u00fcde azald\u0131 ve tamamen rahatlad\u0131m. Ameliyat s\u0131ras\u0131nda, Almanca konu\u015fan g\u00f6revli doktorun talimatlar\u0131n\u0131 benim i\u00e7in terc\u00fcme etti. H\u0131zl\u0131 bir i\u015flemdi ve tek yapmam gereken bak\u0131\u015flar\u0131m\u0131 ye\u015fil noktaya odaklamakt\u0131. Ameliyat\u0131n kendisi tamamen a\u011fr\u0131s\u0131zd\u0131; sadece g\u00f6zde hafif a\u011fr\u0131l\u0131 bir a\u015fama vard\u0131 (san\u0131r\u0131m g\u00f6z\u00fcn tak\u0131ld\u0131\u011f\u0131 yerdi veya buna benzer bir \u015fey).                                   Ameliyattan sonra doktor g\u00f6zlerimi tekrar muayene etti ve her \u015feyin yolunda oldu\u011funu do\u011frulad\u0131. Otele vard\u0131\u011f\u0131mda uzan\u0131p birka\u00e7 saat uyudum. Neyse ki hi\u00e7 a\u011fr\u0131 hissetmemi\u015ftim. Uyand\u0131ktan sonra g\u00f6r\u00fc\u015f\u00fcm\u00fcn \u00f6nemli \u00f6l\u00e7\u00fcde iyile\u015fti\u011fini ve aniden dijital saati okuyabildi\u011fimi fark ettim. Ertesi g\u00fcn kontrol muayenesi i\u00e7in klini\u011fe geri d\u00f6nd\u00fcm. Doktor g\u00f6zlerimi tekrar kontrol etti ve ard\u0131ndan \u015fehirde gezmeye vb. gidebildim. Her \u015feyi ayn\u0131 \u015fekilde tekrar yapard\u0131m ve \u015fiddetle tavsiye ederim. Sayg\u0131lar\u0131mla, Dzevi Sopi       <\/p>\n\n<div class=\"wp-block-group is-layout-grid wp-container-core-group-is-layout-baef362d wp-block-group-is-layout-grid\">\n<p><a href=\"https:\/\/medicaltravel.at\/home\/agb\/\" data-type=\"page\" data-id=\"2191\" rel=\"nofollow noopener\" target=\"_blank\"><\/a><a href=\"https:\/\/swisslasik.ch\/tr\/hasta-deneyimleri-goez-ameliyati-tuerkiye-istanbul\/istanbula-yaptigim-bueyuek-goez-lazer-ameliyati-seyahatimden-rapor-5-aralik-2010-pazar\/\" data-type=\"link\" data-id=\"https:\/\/swisslasik.ch\/patientenerfahrungen-augenoperation-tuerkei\/meine-grosse-augenlaserreise-nach-istanbul-bericht-vom-sonntag-05-dezember-2010\/\">\u00d6nceki rapor<\/a><\/p>\n\n\n\n<p class=\"has-text-align-right wp-container-content-5e2576f9\"><a href=\"https:\/\/medicaltravel.at\/home\/impressum\/\" data-type=\"page\" data-id=\"2193\" rel=\"nofollow noopener\" target=\"_blank\"><\/a><a href=\"https:\/\/medicaltravel.at\/home\/berichte-von-patienten\/erfahrungsberichte\/erfahrungsbericht-zahnbehandlung-in-istanbul\/\" data-type=\"page\" data-id=\"981\" rel=\"nofollow noopener\" target=\"_blank\"><\/a><a href=\"https:\/\/swisslasik.ch\/tr\/hasta-deneyimleri-goez-ameliyati-tuerkiye-istanbul\/isvicre-bakim-konusunda-oegrenebilecegi-bir-iki-sey-var-30-kasim-2010-sali-tarihli-rapor\/\" data-type=\"link\" data-id=\"https:\/\/swisslasik.ch\/patientenerfahrungen-augenoperation-tuerkei\/in-punkto-betreuung-kann-sich-die-schweiz-noch-eine-scheibe-abschneiden-bericht-vom-dienstag-30-november-2010\/\">Sonraki rapor<\/a><\/p>\n<\/div>\n","protected":false},"excerpt":{"rendered":"<p>\u0130stanbul&#8217;da Kas\u0131m 2010&#8217;da yapt\u0131rd\u0131\u011f\u0131m lazer tedavisi &#8211; 5 Aral\u0131k 2010 Pazar tarihli rapor Bir s\u00fcredir lazer g\u00f6z ameliyat\u0131 yapt\u0131rma fikriyle oynuyordum. Ancak \u0130svi\u00e7re&#8217;deki y\u00fcksek fiyat beni cayd\u0131r\u0131yordu. Bir g\u00fcn Swisslasik web sitesine rastlad\u0131m ve g\u00fcvenilir ve ilgi \u00e7ekici g\u00f6r\u00fcn\u00fcyordu. Biraz d\u00fc\u015f\u00fcnd\u00fckten sonra Bay Karaagacli ile ileti\u015fime ge\u00e7meye karar verdim. Sorular\u0131ma her zaman cevap ald\u0131m, bu da beni rahatlatt\u0131 ve memnun etti. Sonunda Swisslasik&#8217;e karar verdim. Gitmeden \u00f6nce Bay Karaagacli bana Swisslasik pasaportunu g\u00f6nderdi; bu pasaportta bir\u00e7ok bilgi vard\u0131 ve lazer tedavisi prosed\u00fcr\u00fcn\u00fc a\u00e7\u0131kl\u0131yordu. Ayr\u0131ca genel olarak faydal\u0131 bilgiler de i\u00e7eriyordu. Bu kitap\u00e7\u0131k \u0130stanbul&#8217;da s\u00fcrekli yan\u0131mda oldu. \u0130stanbul&#8217;a vard\u0131\u011f\u0131m\u0131zda, meslekta\u015f\u0131m ve ben Almanca konu\u015fan bir rehber taraf\u0131ndan havaalan\u0131ndan al\u0131nd\u0131k ve otelimize g\u00f6t\u00fcr\u00fcld\u00fck. Bu hizmetin m\u00fckemmel oldu\u011funu d\u00fc\u015f\u00fcnd\u00fcm. Otelden beni almas\u0131 ve klini\u011fe kadar bana e\u015flik etmesi i\u00e7in bir zaman ayarlad\u0131k. Ayr\u0131ca doktorun hastal\u0131k nedeniyle m\u00fcsait olmamas\u0131 nedeniyle randevumun bir g\u00fcn ertelenmesi gerekti\u011fini de bildirdi. Bu durum beni rahats\u0131z etmedi, \u00e7\u00fcnk\u00fc \u0130stanbul&#8217;da bir hafta kalacakt\u0131m. \u00d6n muayene g\u00fcn\u00fc, \u00f6nceden kararla\u015ft\u0131r\u0131ld\u0131\u011f\u0131 gibi koordinat\u00f6r\u00fcm beni otelden ald\u0131. Yakla\u015f\u0131k 5 dakikal\u0131k bir y\u00fcr\u00fcy\u00fc\u015f mesafesinde oldu\u011fu i\u00e7in y\u00fcr\u00fcd\u00fck. Var\u0131\u015fta, hijyen nedenleriyle ayakkab\u0131 k\u0131l\u0131flar\u0131 giymek zorunda kald\u0131k. Klinikte, Almanca konu\u015fan ba\u015fka bir koordinat\u00f6r bana e\u015flik etti. \u00d6n kontroller s\u0131ras\u0131nda, g\u00f6zlerimde nelerin incelenece\u011fini ve ne yapmam gerekti\u011fini a\u00e7\u0131klad\u0131. Her \u015fey olduk\u00e7a h\u0131zl\u0131 ilerledi. Yakla\u015f\u0131k 20-30 dakika sonra, lazer tedavisinin benim i\u00e7in m\u00fcmk\u00fcn oldu\u011fu s\u00f6ylendi. Bundan memnun oldum. Tedavi ayn\u0131 g\u00fcn i\u00e7in planland\u0131. Yakla\u015f\u0131k bir saatlik \u00f6\u011fle yeme\u011fi molas\u0131ndan sonra, meslekta\u015f\u0131mla birlikte klini\u011fe geri d\u00f6nd\u00fcm. O g\u00fcn, ben ve \u0130svi\u00e7re&#8217;den iki hasta daha tedavi edildik. Bize, istisnai durumlarda klinikte yeterli g\u00fc\u00e7 olmad\u0131\u011f\u0131 veya daha do\u011frusu teknik nedenlerden dolay\u0131 lazer ameliyat\u0131n\u0131n ba\u015fka bir klinikte yap\u0131lmas\u0131 gerekti\u011fi s\u00f6ylendi. Bu y\u00fczden, yakla\u015f\u0131k 30 dakika uzakl\u0131ktaki di\u011fer klini\u011fe g\u00f6t\u00fcr\u00fcld\u00fck. Bu klinik ayr\u0131ca temiz ve her \u015feyden \u00f6nce l\u00fcks bir izlenim b\u0131rakt\u0131. Bekleme s\u00fcresini ameliyat odas\u0131n\u0131n d\u0131\u015f\u0131nda ge\u00e7irdik. Bizi sakinle\u015ftirmek i\u00e7in bir sakinle\u015ftirici teklif edildi. O noktada, kayg\u0131m o kadar artm\u0131\u015ft\u0131 ki, beklemek neredeyse dayan\u0131lmaz hale gelmi\u015fti ve ameliyat\u0131n bir an \u00f6nce bitmesini istiyordum. Sakinle\u015ftirici sayesinde kayg\u0131m \u00f6nemli \u00f6l\u00e7\u00fcde azald\u0131 ve tamamen rahatlad\u0131m. Ameliyat s\u0131ras\u0131nda, Almanca konu\u015fan g\u00f6revli doktorun talimatlar\u0131n\u0131 benim i\u00e7in terc\u00fcme etti. H\u0131zl\u0131 bir i\u015flemdi ve tek yapmam gereken bak\u0131\u015flar\u0131m\u0131 ye\u015fil noktaya odaklamakt\u0131. Ameliyat\u0131n kendisi tamamen a\u011fr\u0131s\u0131zd\u0131; sadece g\u00f6zde hafif a\u011fr\u0131l\u0131 bir a\u015fama vard\u0131 (san\u0131r\u0131m g\u00f6z\u00fcn tak\u0131ld\u0131\u011f\u0131 yerdi veya buna benzer bir \u015fey). Ameliyattan sonra doktor g\u00f6zlerimi tekrar muayene etti ve her \u015feyin yolunda oldu\u011funu do\u011frulad\u0131. Otele vard\u0131\u011f\u0131mda uzan\u0131p birka\u00e7 saat uyudum. Neyse ki hi\u00e7 a\u011fr\u0131 hissetmemi\u015ftim. Uyand\u0131ktan sonra g\u00f6r\u00fc\u015f\u00fcm\u00fcn \u00f6nemli \u00f6l\u00e7\u00fcde iyile\u015fti\u011fini ve aniden dijital saati okuyabildi\u011fimi fark ettim. Ertesi g\u00fcn kontrol muayenesi i\u00e7in klini\u011fe geri d\u00f6nd\u00fcm. Doktor g\u00f6zlerimi tekrar kontrol etti ve ard\u0131ndan \u015fehirde gezmeye vb. gidebildim. Her \u015feyi ayn\u0131 \u015fekilde tekrar yapard\u0131m ve \u015fiddetle tavsiye ederim. Sayg\u0131lar\u0131mla, Dzevi Sopi \u00d6nceki rapor Sonraki rapor<\/p>\n","protected":false},"author":4,"featured_media":0,"parent":3973,"menu_order":0,"comment_status":"closed","ping_status":"closed","template":"","meta":{"_joinchat":[],"footnotes":""},"class_list":["post-4030","page","type-page","status-publish","hentry"],"acf":[],"_links":{"self":[{"href":"https:\/\/swisslasik.ch\/tr\/wp-json\/wp\/v2\/pages\/4030","targetHints":{"allow":["GET"]}}],"collection":[{"href":"https:\/\/swisslasik.ch\/tr\/wp-json\/wp\/v2\/pages"}],"about":[{"href":"https:\/\/swisslasik.ch\/tr\/wp-json\/wp\/v2\/types\/page"}],"author":[{"embeddable":true,"href":"https:\/\/swisslasik.ch\/tr\/wp-json\/wp\/v2\/users\/4"}],"replies":[{"embeddable":true,"href":"https:\/\/swisslasik.ch\/tr\/wp-json\/wp\/v2\/comments?post=4030"}],"version-history":[{"count":1,"href":"https:\/\/swisslasik.ch\/tr\/wp-json\/wp\/v2\/pages\/4030\/revisions"}],"predecessor-version":[{"id":4031,"href":"https:\/\/swisslasik.ch\/tr\/wp-json\/wp\/v2\/pages\/4030\/revisions\/4031"}],"up":[{"embeddable":true,"href":"https:\/\/swisslasik.ch\/tr\/wp-json\/wp\/v2\/pages\/3973"}],"wp:attachment":[{"href":"https:\/\/swisslasik.ch\/tr\/wp-json\/wp\/v2\/media?parent=4030"}],"curies":[{"name":"wp","href":"https:\/\/api.w.org\/{rel}","templated":true}]}}