{"id":4032,"date":"2025-09-24T14:32:07","date_gmt":"2025-09-24T13:32:07","guid":{"rendered":"https:\/\/swisslasik.ch\/hasta-deneyimleri-goez-ameliyati-tuerkiye-istanbul\/istanbulda-gecirdigim-lazer-ameliyatim-24-agustos-2010-sali-tarihli-rapor\/"},"modified":"2026-01-14T19:25:40","modified_gmt":"2026-01-14T18:25:40","slug":"istanbulda-gecirdigim-lazer-ameliyatim-24-agustos-2010-sali-tarihli-rapor","status":"publish","type":"page","link":"https:\/\/swisslasik.ch\/tr\/hasta-deneyimleri-goez-ameliyati-tuerkiye-istanbul\/istanbulda-gecirdigim-lazer-ameliyatim-24-agustos-2010-sali-tarihli-rapor\/","title":{"rendered":"\u0130stanbul&#8217;da ge\u00e7irdi\u011fim lazer ameliyat\u0131m &#8211; 24 A\u011fustos 2010 Sal\u0131 tarihli rapor"},"content":{"rendered":"\n<h3 class=\"wp-block-heading\">\u0130stanbul&#8217;da ge\u00e7irdi\u011fim lazer ameliyat\u0131m &#8211; 24 A\u011fustos 2010 Sal\u0131 tarihli rapor<\/h3>\n\n<p>Meslekta\u015f\u0131m bana \u0130stanbul&#8217;da ameliyat olman\u0131n faydal\u0131 olaca\u011f\u0131n\u0131 s\u00f6yledi. \u0130lk ba\u015fta biraz endi\u015feliydim. Ancak sonunda korkular\u0131m\u0131n \u00fcstesinden geldim ve \u00f6n muayene i\u00e7in Swisslasik&#8217;e kay\u0131t oldum. Bay Karaagacli k\u0131sa s\u00fcre sonra benimle ileti\u015fime ge\u00e7ti ve uygun bir randevu ayarlad\u0131. Z\u00fcrih&#8217;teki g\u00f6z doktoru ameliyat i\u00e7in uygun oldu\u011fumu do\u011frulad\u0131. \u00c7ok h\u0131zl\u0131 bir \u015fekilde ameliyat tarihi belirleyebildim. Swisslasik her \u015feyi (u\u00e7ak, otel ve transferler) m\u00fckemmel ve sorunsuz bir \u015fekilde organize etti. \u0130\u015fte \u015fimdi zaman geldi. Ayr\u0131l\u0131\u015f g\u00fcn\u00fcm \u00e7ok yak\u0131nda. Heyecan giderek art\u0131yor. \u0130stanbul&#8217;a vard\u0131m ve Eyestar temsilcileri havaalan\u0131nda beni \u00e7ok s\u0131cak ve samimi bir \u015fekilde kar\u015f\u0131lad\u0131lar. Do\u011frudan otele gittim. Otel harikayd\u0131 ve konumu birinci s\u0131n\u0131ft\u0131. Her \u015fey yak\u0131nd\u0131 ve t\u00fcm g\u00fcn &#8220;bo\u015f&#8221; oldu\u011fum i\u00e7in al\u0131\u015fveri\u015fe gidebildim ve \u0130stanbul&#8217;u ke\u015ffedebildim. Sonunda Cuma geldi. \u00d6\u011fleden sonra son ameliyat \u00f6ncesi muayenemi oldum. Ameliyat ak\u015fam ger\u00e7ekle\u015fti. Ameliyattan \u00f6nce \u00e7ok gergindim. Ama ameliyat odas\u0131na girdi\u011fimde kendimi \u00e7ok daha iyi hissettim. Doktor ve asistanlar \u00e7ok nazik ve cesaretlendiriciydiler. Ameliyat ba\u015flad\u0131. Her g\u00f6z i\u00e7in 60 saniye s\u00fcrd\u00fc. Bir anda bay\u0131ld\u0131m. Ameliyattan sonra zaten g\u00f6rebiliyordum ama g\u00f6zlerim \u00e7ok sulan\u0131yordu. Ancak ameliyattan sonra hi\u00e7 a\u011fr\u0131 hissetmedim. Ameliyat\u0131 ak\u015fam ge\u00e7 saatte oldu\u011fum i\u00e7in do\u011frudan otele gidip uyuyabildim. Gece boyunca biraz a\u011fr\u0131m oldu ama \u015fiddetli de\u011fildi ve olduk\u00e7a dayan\u0131labilirdi. Tekrar g\u00f6z damlas\u0131 kulland\u0131m ve uyuyakald\u0131m. Ertesi g\u00fcn g\u00f6zl\u00fck veya kontakt lens olmadan her \u015feyi g\u00f6rebiliyordum. Elbette g\u00f6r\u00fc\u015f\u00fcm hala biraz bulan\u0131kt\u0131 ama genel olarak iyi g\u00f6rebiliyordum. G\u00fc\u00e7l\u00fc bir d\u00fczeltme (8 diyoptri ve 10 mm g\u00f6z bebe\u011fi \u00e7ap\u0131) nedeniyle iyile\u015fme s\u00fcrecim ilk birka\u00e7 g\u00fcn olduk\u00e7a yava\u015ft\u0131. \u015eimdi bir aydan fazla zaman ge\u00e7ti ve g\u00f6r\u00fc\u015f\u00fcm m\u00fckemmel. \u0130lk kontrol muayenemde sa\u011f g\u00f6z\u00fcm\u00fcn %100 oran\u0131nda d\u00fczeldi\u011fi, sol g\u00f6z\u00fcm\u00fcn ise tam olarak %100 d\u00fczelmedi\u011fi g\u00f6r\u00fcld\u00fc. Ancak iyile\u015fme s\u00fcreci yakla\u015f\u0131k \u00fc\u00e7 ay daha s\u00fcrecek ve bu s\u00fcre zarf\u0131nda sol g\u00f6z\u00fcmde daha fazla iyile\u015fme olabilir. \u0130stanbul&#8217;a bu seyahati herkese tavsiye ederim. Ameliyat harika olmakla kalmad\u0131, t\u00fcm organizasyon ve EyeStar ekibi de ger\u00e7ekten m\u00fckemmeldi. Bu ameliyat\u0131 yapt\u0131rd\u0131\u011f\u0131m i\u00e7in \u00e7ok minnettar\u0131m. \u0130svi\u00e7re&#8217;de \u00fc\u00e7 kat daha fazla \u00f6derdim. \u0130stanbul t\u0131p alan\u0131nda bu kadar geli\u015fmi\u015fken neden bu kadar \u00e7ok para \u00f6deyeyim ki? Korkmay\u0131n ve ameliyat\u0131 \u0130stanbul&#8217;da yapt\u0131r\u0131n. M\u00fckemmel organizasyon ve ameliyat i\u00e7in t\u00fcm Swisslasik ve EyeStar ekibine \u00e7ok \u00f6zel te\u015fekk\u00fcrler. Sayg\u0131lar\u0131mla, Laura Di Iorio                                        <\/p>\n\n<div class=\"wp-block-group is-layout-grid wp-container-core-group-is-layout-baef362d wp-block-group-is-layout-grid\">\n<p><a href=\"https:\/\/medicaltravel.at\/home\/agb\/\" data-type=\"page\" data-id=\"2191\" rel=\"nofollow noopener\" target=\"_blank\"><\/a><a href=\"https:\/\/swisslasik.ch\/tr\/hasta-deneyimleri-goez-ameliyati-tuerkiye-istanbul\/goezlerime-lazer-tedavisi-yaptirdim-26-kasim-2010-cuma-tarihli-rapor\/\" data-type=\"link\" data-id=\"https:\/\/swisslasik.ch\/patientenerfahrungen-augenoperation-tuerkei\/ich-habe-meine-augen-lasern-lassen-bericht-vom-freitag-26-november-2010\/\">\u00d6nceki rapor<\/a><\/p>\n\n\n\n<p class=\"has-text-align-right wp-container-content-5e2576f9\"><a href=\"https:\/\/medicaltravel.at\/home\/impressum\/\" data-type=\"page\" data-id=\"2193\" rel=\"nofollow noopener\" target=\"_blank\"><\/a><a href=\"https:\/\/medicaltravel.at\/home\/berichte-von-patienten\/erfahrungsberichte\/erfahrungsbericht-zahnbehandlung-in-istanbul\/\" data-type=\"page\" data-id=\"981\" rel=\"nofollow noopener\" target=\"_blank\"><\/a><a href=\"https:\/\/swisslasik.ch\/tr\/hasta-deneyimleri-goez-ameliyati-tuerkiye-istanbul\/istanbulda-lasik-deneyimi-raporu-11-agustos-2010-carsamba-tarihli-rapor\/\" data-type=\"link\" data-id=\"https:\/\/swisslasik.ch\/patientenerfahrungen-augenoperation-tuerkei\/erfahrungsbericht-lasik-in-istanbul-bericht-vom-mittwoch-11-august-2010\/\">Sonraki rapor<\/a><\/p>\n<\/div>\n","protected":false},"excerpt":{"rendered":"<p>\u0130stanbul&#8217;da ge\u00e7irdi\u011fim lazer ameliyat\u0131m &#8211; 24 A\u011fustos 2010 Sal\u0131 tarihli rapor Meslekta\u015f\u0131m bana \u0130stanbul&#8217;da ameliyat olman\u0131n faydal\u0131 olaca\u011f\u0131n\u0131 s\u00f6yledi. \u0130lk ba\u015fta biraz endi\u015feliydim. Ancak sonunda korkular\u0131m\u0131n \u00fcstesinden geldim ve \u00f6n muayene i\u00e7in Swisslasik&#8217;e kay\u0131t oldum. Bay Karaagacli k\u0131sa s\u00fcre sonra benimle ileti\u015fime ge\u00e7ti ve uygun bir randevu ayarlad\u0131. Z\u00fcrih&#8217;teki g\u00f6z doktoru ameliyat i\u00e7in uygun oldu\u011fumu do\u011frulad\u0131. \u00c7ok h\u0131zl\u0131 bir \u015fekilde ameliyat tarihi belirleyebildim. Swisslasik her \u015feyi (u\u00e7ak, otel ve transferler) m\u00fckemmel ve sorunsuz bir \u015fekilde organize etti. \u0130\u015fte \u015fimdi zaman geldi. Ayr\u0131l\u0131\u015f g\u00fcn\u00fcm \u00e7ok yak\u0131nda. Heyecan giderek art\u0131yor. \u0130stanbul&#8217;a vard\u0131m ve Eyestar temsilcileri havaalan\u0131nda beni \u00e7ok s\u0131cak ve samimi bir \u015fekilde kar\u015f\u0131lad\u0131lar. Do\u011frudan otele gittim. Otel harikayd\u0131 ve konumu birinci s\u0131n\u0131ft\u0131. Her \u015fey yak\u0131nd\u0131 ve t\u00fcm g\u00fcn &#8220;bo\u015f&#8221; oldu\u011fum i\u00e7in al\u0131\u015fveri\u015fe gidebildim ve \u0130stanbul&#8217;u ke\u015ffedebildim. Sonunda Cuma geldi. \u00d6\u011fleden sonra son ameliyat \u00f6ncesi muayenemi oldum. Ameliyat ak\u015fam ger\u00e7ekle\u015fti. Ameliyattan \u00f6nce \u00e7ok gergindim. Ama ameliyat odas\u0131na girdi\u011fimde kendimi \u00e7ok daha iyi hissettim. Doktor ve asistanlar \u00e7ok nazik ve cesaretlendiriciydiler. Ameliyat ba\u015flad\u0131. Her g\u00f6z i\u00e7in 60 saniye s\u00fcrd\u00fc. Bir anda bay\u0131ld\u0131m. Ameliyattan sonra zaten g\u00f6rebiliyordum ama g\u00f6zlerim \u00e7ok sulan\u0131yordu. Ancak ameliyattan sonra hi\u00e7 a\u011fr\u0131 hissetmedim. Ameliyat\u0131 ak\u015fam ge\u00e7 saatte oldu\u011fum i\u00e7in do\u011frudan otele gidip uyuyabildim. Gece boyunca biraz a\u011fr\u0131m oldu ama \u015fiddetli de\u011fildi ve olduk\u00e7a dayan\u0131labilirdi. Tekrar g\u00f6z damlas\u0131 kulland\u0131m ve uyuyakald\u0131m. Ertesi g\u00fcn g\u00f6zl\u00fck veya kontakt lens olmadan her \u015feyi g\u00f6rebiliyordum. Elbette g\u00f6r\u00fc\u015f\u00fcm hala biraz bulan\u0131kt\u0131 ama genel olarak iyi g\u00f6rebiliyordum. G\u00fc\u00e7l\u00fc bir d\u00fczeltme (8 diyoptri ve 10 mm g\u00f6z bebe\u011fi \u00e7ap\u0131) nedeniyle iyile\u015fme s\u00fcrecim ilk birka\u00e7 g\u00fcn olduk\u00e7a yava\u015ft\u0131. \u015eimdi bir aydan fazla zaman ge\u00e7ti ve g\u00f6r\u00fc\u015f\u00fcm m\u00fckemmel. \u0130lk kontrol muayenemde sa\u011f g\u00f6z\u00fcm\u00fcn %100 oran\u0131nda d\u00fczeldi\u011fi, sol g\u00f6z\u00fcm\u00fcn ise tam olarak %100 d\u00fczelmedi\u011fi g\u00f6r\u00fcld\u00fc. Ancak iyile\u015fme s\u00fcreci yakla\u015f\u0131k \u00fc\u00e7 ay daha s\u00fcrecek ve bu s\u00fcre zarf\u0131nda sol g\u00f6z\u00fcmde daha fazla iyile\u015fme olabilir. \u0130stanbul&#8217;a bu seyahati herkese tavsiye ederim. Ameliyat harika olmakla kalmad\u0131, t\u00fcm organizasyon ve EyeStar ekibi de ger\u00e7ekten m\u00fckemmeldi. Bu ameliyat\u0131 yapt\u0131rd\u0131\u011f\u0131m i\u00e7in \u00e7ok minnettar\u0131m. \u0130svi\u00e7re&#8217;de \u00fc\u00e7 kat daha fazla \u00f6derdim. \u0130stanbul t\u0131p alan\u0131nda bu kadar geli\u015fmi\u015fken neden bu kadar \u00e7ok para \u00f6deyeyim ki? Korkmay\u0131n ve ameliyat\u0131 \u0130stanbul&#8217;da yapt\u0131r\u0131n. M\u00fckemmel organizasyon ve ameliyat i\u00e7in t\u00fcm Swisslasik ve EyeStar ekibine \u00e7ok \u00f6zel te\u015fekk\u00fcrler. Sayg\u0131lar\u0131mla, Laura Di Iorio \u00d6nceki rapor Sonraki rapor<\/p>\n","protected":false},"author":4,"featured_media":0,"parent":3973,"menu_order":0,"comment_status":"closed","ping_status":"closed","template":"","meta":{"_joinchat":[],"footnotes":""},"class_list":["post-4032","page","type-page","status-publish","hentry"],"acf":[],"_links":{"self":[{"href":"https:\/\/swisslasik.ch\/tr\/wp-json\/wp\/v2\/pages\/4032","targetHints":{"allow":["GET"]}}],"collection":[{"href":"https:\/\/swisslasik.ch\/tr\/wp-json\/wp\/v2\/pages"}],"about":[{"href":"https:\/\/swisslasik.ch\/tr\/wp-json\/wp\/v2\/types\/page"}],"author":[{"embeddable":true,"href":"https:\/\/swisslasik.ch\/tr\/wp-json\/wp\/v2\/users\/4"}],"replies":[{"embeddable":true,"href":"https:\/\/swisslasik.ch\/tr\/wp-json\/wp\/v2\/comments?post=4032"}],"version-history":[{"count":1,"href":"https:\/\/swisslasik.ch\/tr\/wp-json\/wp\/v2\/pages\/4032\/revisions"}],"predecessor-version":[{"id":4033,"href":"https:\/\/swisslasik.ch\/tr\/wp-json\/wp\/v2\/pages\/4032\/revisions\/4033"}],"up":[{"embeddable":true,"href":"https:\/\/swisslasik.ch\/tr\/wp-json\/wp\/v2\/pages\/3973"}],"wp:attachment":[{"href":"https:\/\/swisslasik.ch\/tr\/wp-json\/wp\/v2\/media?parent=4032"}],"curies":[{"name":"wp","href":"https:\/\/api.w.org\/{rel}","templated":true}]}}