{"id":4034,"date":"2025-09-24T14:48:55","date_gmt":"2025-09-24T13:48:55","guid":{"rendered":"https:\/\/swisslasik.ch\/hasta-deneyimleri-goez-ameliyati-tuerkiye-istanbul\/aralik-ayindaki-lasik-ameliyatim-29-ocak-2009-persembe-tarihli-rapor\/"},"modified":"2026-01-14T19:55:11","modified_gmt":"2026-01-14T18:55:11","slug":"aralik-ayindaki-lasik-ameliyatim-29-ocak-2009-persembe-tarihli-rapor","status":"publish","type":"page","link":"https:\/\/swisslasik.ch\/tr\/hasta-deneyimleri-goez-ameliyati-tuerkiye-istanbul\/aralik-ayindaki-lasik-ameliyatim-29-ocak-2009-persembe-tarihli-rapor\/","title":{"rendered":"Aral\u0131k ay\u0131ndaki LASIK ameliyat\u0131m \u2013 29 Ocak 2009 Per\u015fembe tarihli rapor"},"content":{"rendered":"\n<h3 class=\"wp-block-heading\">Aral\u0131k ay\u0131ndaki LASIK ameliyat\u0131m \u2013 29 Ocak 2009 Per\u015fembe tarihli rapor<\/h3>\n\n\n\n<p>D\u00fcn ak\u015fam, LASIK ameliyat\u0131mdan d\u00f6rt hafta sonraki kontrol randevum i\u00e7in Z\u00fcrih&#8217;e gittim. Ameliyat\u0131 ve ald\u0131\u011f\u0131m genel bak\u0131m\u0131 anlatt\u0131ktan sonra, doktorun sonu\u00e7lar\u0131n\u0131 duymak i\u00e7in \u00e7ok heyecanl\u0131yd\u0131m. Ameliyat\u0131n ba\u015far\u0131l\u0131 oldu\u011fu hissiyat\u0131m do\u011fruland\u0131 ve doktor, &#8220;\u00c7ok iyi, \u00e7ok iyi!&#8221; dedi. \u00c7ok memnun oldum \u00e7\u00fcnk\u00fc sol g\u00f6z\u00fcmde g\u00f6rme keskinli\u011fim %125, sa\u011f g\u00f6z\u00fcmde ise %100. \u00c7ift g\u00f6zle bak\u0131ld\u0131\u011f\u0131nda ise %160 g\u00f6rme keskinli\u011fine sahibim.    <\/p>\n\n\n\n<p>Cumartesi g\u00fcn\u00fc k\u0131z\u0131mla birlikte \u0130stanbul&#8217;a seyahat ettim. Check-in gi\u015fesinde yakla\u015f\u0131k bir bu\u00e7uk saat s\u0131ra bekledikten sonra \u2013 Noel \u00f6ncesinde \u00fc\u00e7 check-in gi\u015fesinin \u00f6n\u00fcnde inan\u0131lmaz bir kaos vard\u0131! \u2013 u\u00e7u\u015f yakla\u015f\u0131k yar\u0131m saat gecikti. Ondan sonra her \u015fey sorunsuz ge\u00e7ti!  <\/p>\n\n\n\n<p>G\u00fcmr\u00fck i\u015flemleri nispeten h\u0131zl\u0131 ge\u00e7ti ve Fred bizi d\u0131\u015far\u0131da bekliyordu. Bizi arabaya g\u00f6t\u00fcrd\u00fc ve otele kadar b\u0131rakt\u0131. Hatta iyi bir oda ald\u0131\u011f\u0131m\u0131zdan emin olmak i\u00e7in lobiye kadar bize e\u015flik etti.  <\/p>\n\n\n\n<p>Pazar g\u00fcn\u00fc \u0130stanbul&#8217;un bir b\u00f6l\u00fcm\u00fcn\u00fc gezdik ve bol bol metro kulland\u0131k. Fred nas\u0131l kullan\u0131laca\u011f\u0131n\u0131 anlatt\u0131. Pazartesi sabah\u0131 \u00e7ar\u015f\u0131y\u0131 ziyaret ettik, ama yakla\u015f\u0131k bir saat sonra yeterince yorulduk. Sat\u0131c\u0131lar olduk\u00e7a \u0131srarc\u0131yd\u0131.   <\/p>\n\n\n\n<p>\u00d6\u011fleden sonra Fred bizi otelden ald\u0131 ve klini\u011fe kadar bize e\u015flik etti. Toplamda d\u00f6rt hastayd\u0131k, \u00fc\u00e7\u00fcm\u00fcz \u0130svi\u00e7reliydik! \u00c7ok ge\u00e7meden derin bir sohbete dald\u0131k \u2013 do\u011fal olarak hepimizin konusu ayn\u0131yd\u0131!  <\/p>\n\n\n\n<p>S\u0131navlar bittikten ve formaliteler tamamland\u0131ktan sonra, bir \u015feyler at\u0131\u015ft\u0131rmak i\u00e7in d\u0131\u015far\u0131 \u00e7\u0131kabildik. Alkol ve kafeinden uzak durmam\u0131z s\u00f6ylendi. Peki ben ne sipari\u015f ettim? Kola! Di\u011ferleri bana onaylamayan bak\u0131\u015flar att\u0131ktan sonra nihayet anlad\u0131m! Sadece yar\u0131s\u0131n\u0131 i\u00e7tim. LOL     <\/p>\n\n\n\n<p>Klini\u011fe d\u00f6nd\u00fc\u011f\u00fcm\u00fczde, t\u00fcm cerrahi i\u015flem ve haz\u0131rl\u0131klar hakk\u0131nda detayl\u0131 bir a\u00e7\u0131klama ald\u0131k. Yumu\u015fak koltuklarda uzan\u0131p s\u0131ram\u0131z\u0131 bekledik. Ben de televizyon izleyerek zaman ge\u00e7irdim. Ne yaz\u0131k ki, s\u0131ran\u0131n en sonundayd\u0131m. \u0130lk hasta geri d\u00f6nd\u00fc\u011f\u00fcnde ve g\u00f6zleri s\u0131k\u0131ca kapal\u0131 bir \u015fekilde yata\u011fa uzand\u0131\u011f\u0131nda \u00e7ok k\u0131skand\u0131m. Nas\u0131l ge\u00e7ti\u011fini sormaya cesaret edemedim. Sonunda, \u00fcnl\u00fc masaj koltu\u011funa oturmama izin verildi! Ameliyat \u00f6nl\u00fc\u011f\u00fcm\u00fc, bone ve ikinci bir \u00e7ift ayakkab\u0131 k\u0131l\u0131f\u0131m\u0131 giydikten sonra g\u00f6zlerim dezenfekte edildi. Orada, heyecandan adeta patlayacak gibi, ama tamamen rahatlam\u0131\u015f bir \u015fekilde uzand\u0131m.       <\/p>\n\n\n\n<p>Ameliyat odas\u0131na g\u00f6t\u00fcr\u00fcld\u00fcm ve lazerin alt\u0131na yat\u0131r\u0131ld\u0131m. G\u00f6zlerim zaten uyu\u015fmu\u015ftu ve \u015fimdi sa\u011f g\u00f6z\u00fcm de kapat\u0131ld\u0131. G\u00f6z a\u00e7ma aleti tak\u0131ld\u0131 ve g\u00f6z y\u0131kand\u0131. Ard\u0131ndan flep kesildi ve yeniden konumland\u0131r\u0131ld\u0131. Her \u015fey bulan\u0131kla\u015ft\u0131. Derin bir nefes almam ve ye\u015fil noktaya odaklanmam s\u00f6ylendi. S\u00f6yleneni yapt\u0131m. K\u0131rm\u0131z\u0131 \u0131\u015f\u0131k parlamalar\u0131 g\u00f6rd\u00fcm ve lazerin sesini duydum, sonra her \u015fey bitti! G\u00f6z tekrar y\u0131kand\u0131 ve flep orijinal konumuna geri getirildi. Benim i\u00e7in b\u00f6yle hissettirdi.         <\/p>\n\n\n\n<p>Oh, h\u00e2l\u00e2 sol g\u00f6z\u00fcm. Orada biraz konsantre olmakta zorland\u0131m. K\u0131sa bir duraklama fark ettim; doktor sakince bak\u0131\u015flar\u0131m\u0131 o noktaya sabitlememi s\u00f6yledi ve sonra devam ettik. G\u00f6z\u00fcm\u00fc hafif\u00e7e hareket ettirmi\u015ftim ve bu y\u00fczden lazer kapand\u0131.   <\/p>\n\n\n\n<p>Doktor i\u015f birli\u011fim i\u00e7in bana te\u015fekk\u00fcr etti ve Fred beni k\u0131sa bir s\u00fcre dinlenebilece\u011fim karanl\u0131k bir yan odaya g\u00f6t\u00fcrd\u00fc. Sonra beni, zaten tekrar \u015fakala\u015fma havas\u0131nda olan di\u011fer hastalar\u0131n yan\u0131na g\u00f6t\u00fcrd\u00fc. Ben ise g\u00f6zlerimi zar zor a\u00e7abiliyordum ve \u0131s\u0131rmay\u0131 durduracak &#8220;mucize damlalar\u0131&#8221; \u00e7ok istiyordum. \u00d6nce h\u0131zl\u0131 bir kontrol randevusuna gitmem gerekiyordu, sonra damlalar\u0131 ald\u0131m. G\u00fcne\u015f g\u00f6zl\u00fcklerimizi takt\u0131k ve klinikten \u00e7\u0131karken seksi ye\u015fil ayakkab\u0131 k\u0131l\u0131flar\u0131m\u0131 \u00e7\u0131karmad\u0131\u011f\u0131m\u0131 fark ettim!     <\/p>\n\n\n\n<p>Otele vard\u0131\u011f\u0131mda yata\u011fa uzand\u0131m. Ama bir t\u00fcrl\u00fc huzur bulamad\u0131m ve o ac\u0131 his geri d\u00f6nd\u00fc. Bu y\u00fczden bize verilen a\u011fr\u0131 kesiciyi ald\u0131m ve uyumaya \u00e7al\u0131\u015ft\u0131m. Bir s\u00fcre uyuklad\u0131m. Ameliyattan \u00fc\u00e7 saat sonra k\u0131z\u0131mla bir kafeye gittim ve tatl\u0131 bir \u015feyler yedim! G\u00f6zl\u00fcklerim olmadan g\u00f6rebiliyordum; inan\u0131lmazd\u0131!     <\/p>\n\n\n\n<p>Ertesi g\u00fcn kontrol randevumuza gittik ve doktor \u00fc\u00e7\u00fcm\u00fczden de \u00e7ok memnun kald\u0131. Yeni hastalar ilk muayeneleri i\u00e7in \u00e7oktan gelmi\u015fti ve herkesin merak\u0131 gayet anla\u015f\u0131labilirdi. Daha sonra havaalan\u0131na g\u00f6t\u00fcr\u00fcld\u00fck ve g\u00f6z damlalar\u0131m\u0131z\u0131 unutmamam\u0131z konusunda uyar\u0131ld\u0131k! Mutlulukla eve u\u00e7tuk.   <\/p>\n\n\n\n<p>\u0130ki hasta arkada\u015f\u0131ma da selamlar\u0131m\u0131 iletiyorum ve umar\u0131m onlar da benim kadar iyidirler! Ayr\u0131ca t\u00fcm Eye Star ekibine her \u015fey i\u00e7in i\u00e7tenlikle te\u015fekk\u00fcr etmek istiyorum. <\/p>\n\n\n\n<p>Denise Zeller<\/p>\n\n\n\n<div class=\"wp-block-group is-layout-grid wp-container-core-group-is-layout-baef362d wp-block-group-is-layout-grid\">\n<p><a href=\"https:\/\/medicaltravel.at\/home\/agb\/\" data-type=\"page\" data-id=\"2191\" rel=\"nofollow noopener\" target=\"_blank\"><\/a><a href=\"https:\/\/swisslasik.ch\/tr\/hasta-deneyimleri-goez-ameliyati-tuerkiye-istanbul\/mart-2009-faaliyet-raporu-17-nisan-2009-cuma-tarihli-rapor\/\" data-type=\"link\" data-id=\"https:\/\/swisslasik.ch\/tr\/hasta-deneyimleri-goez-ameliyati-tuerkiye-istanbul\/mart-2009-faaliyet-raporu-17-nisan-2009-cuma-tarihli-rapor\/\">\u00d6nceki rapor<\/a><\/p>\n\n\n\n<p class=\"has-text-align-right wp-container-content-5e2576f9\"><a href=\"https:\/\/medicaltravel.at\/home\/impressum\/\" data-type=\"page\" data-id=\"2193\" rel=\"nofollow noopener\" target=\"_blank\"><\/a><a href=\"https:\/\/medicaltravel.at\/home\/berichte-von-patienten\/erfahrungsberichte\/erfahrungsbericht-zahnbehandlung-in-istanbul\/\" data-type=\"page\" data-id=\"981\" rel=\"nofollow noopener\" target=\"_blank\"><\/a><a href=\"https:\/\/swisslasik.ch\/tr\/hasta-deneyimleri-goez-ameliyati-tuerkiye-istanbul\/istanbul-goez-lazer-klinigi-kullanici-raporu-7-ocak-2009-carsamba-tarihli-rapor\/\" data-type=\"link\" data-id=\"https:\/\/swisslasik.ch\/patientenerfahrungen-augenoperation-tuerkei\/augen-laser-istanbul-erfahrungsbericht-bericht-vom-mittwoch-07-januar-2009\/\">Sonraki rapor<\/a><\/p>\n<\/div>\n","protected":false},"excerpt":{"rendered":"<p>Aral\u0131k ay\u0131ndaki LASIK ameliyat\u0131m \u2013 29 Ocak 2009 Per\u015fembe tarihli rapor D\u00fcn ak\u015fam, LASIK ameliyat\u0131mdan d\u00f6rt hafta sonraki kontrol randevum i\u00e7in Z\u00fcrih&#8217;e gittim. Ameliyat\u0131 ve ald\u0131\u011f\u0131m genel bak\u0131m\u0131 anlatt\u0131ktan sonra, doktorun sonu\u00e7lar\u0131n\u0131 duymak i\u00e7in \u00e7ok heyecanl\u0131yd\u0131m. Ameliyat\u0131n ba\u015far\u0131l\u0131 oldu\u011fu hissiyat\u0131m do\u011fruland\u0131 ve doktor, &#8220;\u00c7ok iyi, \u00e7ok iyi!&#8221; dedi. \u00c7ok memnun oldum \u00e7\u00fcnk\u00fc sol g\u00f6z\u00fcmde g\u00f6rme keskinli\u011fim %125, sa\u011f g\u00f6z\u00fcmde ise %100. \u00c7ift g\u00f6zle bak\u0131ld\u0131\u011f\u0131nda ise %160 g\u00f6rme keskinli\u011fine sahibim. Cumartesi g\u00fcn\u00fc k\u0131z\u0131mla birlikte \u0130stanbul&#8217;a seyahat ettim. Check-in gi\u015fesinde yakla\u015f\u0131k bir bu\u00e7uk saat s\u0131ra bekledikten sonra \u2013 Noel \u00f6ncesinde \u00fc\u00e7 check-in gi\u015fesinin \u00f6n\u00fcnde inan\u0131lmaz bir kaos vard\u0131! \u2013 u\u00e7u\u015f yakla\u015f\u0131k yar\u0131m saat gecikti. Ondan sonra her \u015fey sorunsuz ge\u00e7ti! G\u00fcmr\u00fck i\u015flemleri nispeten h\u0131zl\u0131 ge\u00e7ti ve Fred bizi d\u0131\u015far\u0131da bekliyordu. Bizi arabaya g\u00f6t\u00fcrd\u00fc ve otele kadar b\u0131rakt\u0131. Hatta iyi bir oda ald\u0131\u011f\u0131m\u0131zdan emin olmak i\u00e7in lobiye kadar bize e\u015flik etti. Pazar g\u00fcn\u00fc \u0130stanbul&#8217;un bir b\u00f6l\u00fcm\u00fcn\u00fc gezdik ve bol bol metro kulland\u0131k. Fred nas\u0131l kullan\u0131laca\u011f\u0131n\u0131 anlatt\u0131. Pazartesi sabah\u0131 \u00e7ar\u015f\u0131y\u0131 ziyaret ettik, ama yakla\u015f\u0131k bir saat sonra yeterince yorulduk. Sat\u0131c\u0131lar olduk\u00e7a \u0131srarc\u0131yd\u0131. \u00d6\u011fleden sonra Fred bizi otelden ald\u0131 ve klini\u011fe kadar bize e\u015flik etti. Toplamda d\u00f6rt hastayd\u0131k, \u00fc\u00e7\u00fcm\u00fcz \u0130svi\u00e7reliydik! \u00c7ok ge\u00e7meden derin bir sohbete dald\u0131k \u2013 do\u011fal olarak hepimizin konusu ayn\u0131yd\u0131! S\u0131navlar bittikten ve formaliteler tamamland\u0131ktan sonra, bir \u015feyler at\u0131\u015ft\u0131rmak i\u00e7in d\u0131\u015far\u0131 \u00e7\u0131kabildik. Alkol ve kafeinden uzak durmam\u0131z s\u00f6ylendi. Peki ben ne sipari\u015f ettim? Kola! Di\u011ferleri bana onaylamayan bak\u0131\u015flar att\u0131ktan sonra nihayet anlad\u0131m! Sadece yar\u0131s\u0131n\u0131 i\u00e7tim. LOL Klini\u011fe d\u00f6nd\u00fc\u011f\u00fcm\u00fczde, t\u00fcm cerrahi i\u015flem ve haz\u0131rl\u0131klar hakk\u0131nda detayl\u0131 bir a\u00e7\u0131klama ald\u0131k. Yumu\u015fak koltuklarda uzan\u0131p s\u0131ram\u0131z\u0131 bekledik. Ben de televizyon izleyerek zaman ge\u00e7irdim. Ne yaz\u0131k ki, s\u0131ran\u0131n en sonundayd\u0131m. \u0130lk hasta geri d\u00f6nd\u00fc\u011f\u00fcnde ve g\u00f6zleri s\u0131k\u0131ca kapal\u0131 bir \u015fekilde yata\u011fa uzand\u0131\u011f\u0131nda \u00e7ok k\u0131skand\u0131m. Nas\u0131l ge\u00e7ti\u011fini sormaya cesaret edemedim. Sonunda, \u00fcnl\u00fc masaj koltu\u011funa oturmama izin verildi! Ameliyat \u00f6nl\u00fc\u011f\u00fcm\u00fc, bone ve ikinci bir \u00e7ift ayakkab\u0131 k\u0131l\u0131f\u0131m\u0131 giydikten sonra g\u00f6zlerim dezenfekte edildi. Orada, heyecandan adeta patlayacak gibi, ama tamamen rahatlam\u0131\u015f bir \u015fekilde uzand\u0131m. Ameliyat odas\u0131na g\u00f6t\u00fcr\u00fcld\u00fcm ve lazerin alt\u0131na yat\u0131r\u0131ld\u0131m. G\u00f6zlerim zaten uyu\u015fmu\u015ftu ve \u015fimdi sa\u011f g\u00f6z\u00fcm de kapat\u0131ld\u0131. G\u00f6z a\u00e7ma aleti tak\u0131ld\u0131 ve g\u00f6z y\u0131kand\u0131. Ard\u0131ndan flep kesildi ve yeniden konumland\u0131r\u0131ld\u0131. Her \u015fey bulan\u0131kla\u015ft\u0131. Derin bir nefes almam ve ye\u015fil noktaya odaklanmam s\u00f6ylendi. S\u00f6yleneni yapt\u0131m. K\u0131rm\u0131z\u0131 \u0131\u015f\u0131k parlamalar\u0131 g\u00f6rd\u00fcm ve lazerin sesini duydum, sonra her \u015fey bitti! G\u00f6z tekrar y\u0131kand\u0131 ve flep orijinal konumuna geri getirildi. Benim i\u00e7in b\u00f6yle hissettirdi. Oh, h\u00e2l\u00e2 sol g\u00f6z\u00fcm. Orada biraz konsantre olmakta zorland\u0131m. K\u0131sa bir duraklama fark ettim; doktor sakince bak\u0131\u015flar\u0131m\u0131 o noktaya sabitlememi s\u00f6yledi ve sonra devam ettik. G\u00f6z\u00fcm\u00fc hafif\u00e7e hareket ettirmi\u015ftim ve bu y\u00fczden lazer kapand\u0131. Doktor i\u015f birli\u011fim i\u00e7in bana te\u015fekk\u00fcr etti ve Fred beni k\u0131sa bir s\u00fcre dinlenebilece\u011fim karanl\u0131k bir yan odaya g\u00f6t\u00fcrd\u00fc. Sonra beni, zaten tekrar \u015fakala\u015fma havas\u0131nda olan di\u011fer hastalar\u0131n yan\u0131na g\u00f6t\u00fcrd\u00fc. Ben ise g\u00f6zlerimi zar zor a\u00e7abiliyordum ve \u0131s\u0131rmay\u0131 durduracak &#8220;mucize damlalar\u0131&#8221; \u00e7ok istiyordum. \u00d6nce h\u0131zl\u0131 bir kontrol randevusuna gitmem gerekiyordu, sonra damlalar\u0131 ald\u0131m. G\u00fcne\u015f g\u00f6zl\u00fcklerimizi takt\u0131k ve klinikten \u00e7\u0131karken seksi ye\u015fil ayakkab\u0131 k\u0131l\u0131flar\u0131m\u0131 \u00e7\u0131karmad\u0131\u011f\u0131m\u0131 fark ettim! Otele vard\u0131\u011f\u0131mda yata\u011fa uzand\u0131m. Ama bir t\u00fcrl\u00fc huzur bulamad\u0131m ve o ac\u0131 his geri d\u00f6nd\u00fc. Bu y\u00fczden bize verilen a\u011fr\u0131 kesiciyi ald\u0131m ve uyumaya \u00e7al\u0131\u015ft\u0131m. Bir s\u00fcre uyuklad\u0131m. Ameliyattan \u00fc\u00e7 saat sonra k\u0131z\u0131mla bir kafeye gittim ve tatl\u0131 bir \u015feyler yedim! G\u00f6zl\u00fcklerim olmadan g\u00f6rebiliyordum; inan\u0131lmazd\u0131! Ertesi g\u00fcn kontrol randevumuza gittik ve doktor \u00fc\u00e7\u00fcm\u00fczden de \u00e7ok memnun kald\u0131. Yeni hastalar ilk muayeneleri i\u00e7in \u00e7oktan gelmi\u015fti ve herkesin merak\u0131 gayet anla\u015f\u0131labilirdi. Daha sonra havaalan\u0131na g\u00f6t\u00fcr\u00fcld\u00fck ve g\u00f6z damlalar\u0131m\u0131z\u0131 unutmamam\u0131z konusunda uyar\u0131ld\u0131k! Mutlulukla eve u\u00e7tuk. \u0130ki hasta arkada\u015f\u0131ma da selamlar\u0131m\u0131 iletiyorum ve umar\u0131m onlar da benim kadar iyidirler! Ayr\u0131ca t\u00fcm Eye Star ekibine her \u015fey i\u00e7in i\u00e7tenlikle te\u015fekk\u00fcr etmek istiyorum. Denise Zeller \u00d6nceki rapor Sonraki rapor<\/p>\n","protected":false},"author":4,"featured_media":0,"parent":3973,"menu_order":0,"comment_status":"closed","ping_status":"closed","template":"","meta":{"_joinchat":[],"footnotes":""},"class_list":["post-4034","page","type-page","status-publish","hentry"],"acf":[],"_links":{"self":[{"href":"https:\/\/swisslasik.ch\/tr\/wp-json\/wp\/v2\/pages\/4034","targetHints":{"allow":["GET"]}}],"collection":[{"href":"https:\/\/swisslasik.ch\/tr\/wp-json\/wp\/v2\/pages"}],"about":[{"href":"https:\/\/swisslasik.ch\/tr\/wp-json\/wp\/v2\/types\/page"}],"author":[{"embeddable":true,"href":"https:\/\/swisslasik.ch\/tr\/wp-json\/wp\/v2\/users\/4"}],"replies":[{"embeddable":true,"href":"https:\/\/swisslasik.ch\/tr\/wp-json\/wp\/v2\/comments?post=4034"}],"version-history":[{"count":2,"href":"https:\/\/swisslasik.ch\/tr\/wp-json\/wp\/v2\/pages\/4034\/revisions"}],"predecessor-version":[{"id":4827,"href":"https:\/\/swisslasik.ch\/tr\/wp-json\/wp\/v2\/pages\/4034\/revisions\/4827"}],"up":[{"embeddable":true,"href":"https:\/\/swisslasik.ch\/tr\/wp-json\/wp\/v2\/pages\/3973"}],"wp:attachment":[{"href":"https:\/\/swisslasik.ch\/tr\/wp-json\/wp\/v2\/media?parent=4034"}],"curies":[{"name":"wp","href":"https:\/\/api.w.org\/{rel}","templated":true}]}}