{"id":4036,"date":"2025-09-24T14:40:38","date_gmt":"2025-09-24T13:40:38","guid":{"rendered":"https:\/\/swisslasik.ch\/hasta-deneyimleri-goez-ameliyati-tuerkiye-istanbul\/istanbulda-lasik-ameliyatimdan-5-ay-sonraki-sonuclarim-21-ekim-2009-carsamba-tarihli-rapor\/"},"modified":"2026-01-14T19:40:17","modified_gmt":"2026-01-14T18:40:17","slug":"istanbulda-lasik-ameliyatimdan-5-ay-sonraki-sonuclarim-21-ekim-2009-carsamba-tarihli-rapor","status":"publish","type":"page","link":"https:\/\/swisslasik.ch\/tr\/hasta-deneyimleri-goez-ameliyati-tuerkiye-istanbul\/istanbulda-lasik-ameliyatimdan-5-ay-sonraki-sonuclarim-21-ekim-2009-carsamba-tarihli-rapor\/","title":{"rendered":"\u0130stanbul&#8217;da LASIK ameliyat\u0131mdan 5 ay sonraki sonu\u00e7lar\u0131m \u2013 21 Ekim 2009 \u00c7ar\u015famba tarihli rapor."},"content":{"rendered":"\n<h3 class=\"wp-block-heading\">\u0130stanbul&#8217;da LASIK ameliyat\u0131mdan 5 ay sonraki sonu\u00e7lar\u0131m \u2013 21 Ekim 2009 \u00c7ar\u015famba tarihli rapor.<\/h3>\n\n\n\n<p>\u0130yi g\u00fcnler. \u0130\u015fte son raporum. Bildi\u011finiz gibi, May\u0131s ay\u0131nda \u0130stanbul&#8217;da lazer g\u00f6z ameliyat\u0131 oldum. Bug\u00fcn \u00fc\u00e7\u00fcnc\u00fc ve son kez Bern&#8217;deki sevk eden doktorumu ziyaret ettim. \u0130stanbul&#8217;da oldu\u011fu gibi, bu muayenehanede ve doktor taraf\u0131ndan da \u00e7ok iyi ve nazik bir \u015fekilde kar\u015f\u0131land\u0131m. Ameliyat\u0131n sonucundan hala fazlas\u0131yla memnunum. Sevk eden doktor da sonucun \u00e7ok iyi oldu\u011funu s\u00f6yledi \u2013 memnun kald\u0131 ve bug\u00fcn beni tedaviden \u00e7\u0131kard\u0131. Ameliyattan \u00f6nce, sonras\u0131nda bu kadar iyi g\u00f6rebilece\u011fimi d\u00fc\u015f\u00fcnmeye cesaret edemezdim \u2013 hatta bu kadar iyi g\u00f6rmenin m\u00fcmk\u00fcn oldu\u011funu bile bilmiyordum. G\u00f6zl\u00fcklerimle asla bu kadar iyi g\u00f6rmemi\u015ftim ve daha \u00f6nce de hi\u00e7 bu kadar iyi g\u00f6rd\u00fc\u011f\u00fcm\u00fc hat\u0131rlam\u0131yorum \u2013 belki de k\u00fc\u00e7\u00fckken nas\u0131l oldu\u011funu unutmu\u015fumdur. \u015eimdi \u00e7ok net g\u00f6r\u00fcyorum, derinlik alg\u0131m iyi, her \u015fey \u00e7ok daha renkli ve geceleri de hi\u00e7bir sorun ya\u015fam\u0131yorum. Ba\u015flang\u0131\u00e7ta, ameliyattan sonra, geceleri sokak lambalar\u0131n\u0131n ve araba farlar\u0131n\u0131n etraf\u0131nda haleler g\u00f6r\u00fcyordum, ancak bu da d\u00fczeldi. \u0130lgin\u00e7 bir \u015fekilde, ameliyattan \u00f6nceye k\u0131yasla \u00e7ok daha az \u00e7ekingen ve endi\u015feliyim (ve bu sadece benim g\u00f6r\u00fc\u015f\u00fcm de\u011fil). Art\u0131k daha iyi g\u00f6rebildi\u011fim i\u00e7in belirli bir durum \u00fczerinde daha fazla kontrol\u00fcm var. \u00d6rne\u011fin, eskiden biraz teredd\u00fct ederek hareket ederdim ve \u015fimdi her \u015feyin nerede oldu\u011funu tam olarak g\u00f6r\u00fcyorum (3 boyutlu g\u00f6r\u00fcyorum &#8211; bu kadar b\u00fcy\u00fck bir d\u00fczeltme yapt\u0131rmad\u0131\u011f\u0131m i\u00e7in biraz garip gelebilir, ama benim i\u00e7in tamamen farkl\u0131 bir durum). Beden e\u011fitimi dersinde, aletli jimnastik veya yer egzersizlerini yapmay\u0131 s\u0131k s\u0131k reddederdim; \u00e7ok korkuyordum. \u015eimdi nedenini biliyorum: \u00c7ok iyi g\u00f6remiyordum ve bu nedenle mesafeleri do\u011fru de\u011ferlendiremiyordum, bu y\u00fczden \u00e7ok g\u00fcvensizdim ve \u00e7o\u011fu zaman yine de g\u00f6zl\u00fcks\u00fcz jimnastik yapmak zorunda kal\u0131yordum. Sonu\u00e7 olarak: M\u00fckemmel ve h\u0131zl\u0131 kons\u00fcltasyon, seyahat, ameliyat, ameliyat sonras\u0131 bak\u0131m vb. i\u00e7in tekrar te\u015fekk\u00fcr ederim ve SwissLASIK&#8217;i herkese tavsiye ederim\/edece\u011fim. Sayg\u0131lar\u0131mla, Petra Lutz             <\/p>\n\n\n\n<div class=\"wp-block-group is-layout-grid wp-container-core-group-is-layout-baef362d wp-block-group-is-layout-grid\">\n<p><a href=\"https:\/\/medicaltravel.at\/home\/agb\/\" data-type=\"page\" data-id=\"2191\" rel=\"nofollow noopener\" target=\"_blank\"><\/a><a href=\"https:\/\/swisslasik.ch\/tr\/hasta-deneyimleri-goez-ameliyati-tuerkiye-istanbul\/koestebeklikten-kartala-2-kasim-2009-pazartesi-raporu\/\" data-type=\"link\" data-id=\"https:\/\/swisslasik.ch\/tr\/hasta-deneyimleri-goez-ameliyati-tuerkiye-istanbul\/koestebeklikten-kartala-2-kasim-2009-pazartesi-raporu\/\">\u00d6nceki rapor<\/a><\/p>\n\n\n\n<p class=\"has-text-align-right wp-container-content-5e2576f9\"><a href=\"https:\/\/medicaltravel.at\/home\/impressum\/\" data-type=\"page\" data-id=\"2193\" rel=\"nofollow noopener\" target=\"_blank\"><\/a><a href=\"https:\/\/medicaltravel.at\/home\/berichte-von-patienten\/erfahrungsberichte\/erfahrungsbericht-zahnbehandlung-in-istanbul\/\" data-type=\"page\" data-id=\"981\" rel=\"nofollow noopener\" target=\"_blank\"><\/a><a href=\"https:\/\/swisslasik.ch\/tr\/hasta-deneyimleri-goez-ameliyati-tuerkiye-istanbul\/bir-hayal-gercek-oldu-15-haziran-2009da-istanbulda-goez-ameliyati-13-temmuz-2009-pazartesi-tarihli-haber\/\" data-type=\"link\" data-id=\"https:\/\/swisslasik.ch\/patientenerfahrungen-augenoperation-tuerkei\/ein-traum-wird-wahr-augenoperation-in-istanbul-am-15-6-2009-bericht-vom-montag-13-juli-2009\/\">Sonraki rapor<\/a><\/p>\n<\/div>\n","protected":false},"excerpt":{"rendered":"<p>\u0130stanbul&#8217;da LASIK ameliyat\u0131mdan 5 ay sonraki sonu\u00e7lar\u0131m \u2013 21 Ekim 2009 \u00c7ar\u015famba tarihli rapor. \u0130yi g\u00fcnler. \u0130\u015fte son raporum. Bildi\u011finiz gibi, May\u0131s ay\u0131nda \u0130stanbul&#8217;da lazer g\u00f6z ameliyat\u0131 oldum. Bug\u00fcn \u00fc\u00e7\u00fcnc\u00fc ve son kez Bern&#8217;deki sevk eden doktorumu ziyaret ettim. \u0130stanbul&#8217;da oldu\u011fu gibi, bu muayenehanede ve doktor taraf\u0131ndan da \u00e7ok iyi ve nazik bir \u015fekilde kar\u015f\u0131land\u0131m. Ameliyat\u0131n sonucundan hala fazlas\u0131yla memnunum. Sevk eden doktor da sonucun \u00e7ok iyi oldu\u011funu s\u00f6yledi \u2013 memnun kald\u0131 ve bug\u00fcn beni tedaviden \u00e7\u0131kard\u0131. Ameliyattan \u00f6nce, sonras\u0131nda bu kadar iyi g\u00f6rebilece\u011fimi d\u00fc\u015f\u00fcnmeye cesaret edemezdim \u2013 hatta bu kadar iyi g\u00f6rmenin m\u00fcmk\u00fcn oldu\u011funu bile bilmiyordum. G\u00f6zl\u00fcklerimle asla bu kadar iyi g\u00f6rmemi\u015ftim ve daha \u00f6nce de hi\u00e7 bu kadar iyi g\u00f6rd\u00fc\u011f\u00fcm\u00fc hat\u0131rlam\u0131yorum \u2013 belki de k\u00fc\u00e7\u00fckken nas\u0131l oldu\u011funu unutmu\u015fumdur. \u015eimdi \u00e7ok net g\u00f6r\u00fcyorum, derinlik alg\u0131m iyi, her \u015fey \u00e7ok daha renkli ve geceleri de hi\u00e7bir sorun ya\u015fam\u0131yorum. Ba\u015flang\u0131\u00e7ta, ameliyattan sonra, geceleri sokak lambalar\u0131n\u0131n ve araba farlar\u0131n\u0131n etraf\u0131nda haleler g\u00f6r\u00fcyordum, ancak bu da d\u00fczeldi. \u0130lgin\u00e7 bir \u015fekilde, ameliyattan \u00f6nceye k\u0131yasla \u00e7ok daha az \u00e7ekingen ve endi\u015feliyim (ve bu sadece benim g\u00f6r\u00fc\u015f\u00fcm de\u011fil). Art\u0131k daha iyi g\u00f6rebildi\u011fim i\u00e7in belirli bir durum \u00fczerinde daha fazla kontrol\u00fcm var. \u00d6rne\u011fin, eskiden biraz teredd\u00fct ederek hareket ederdim ve \u015fimdi her \u015feyin nerede oldu\u011funu tam olarak g\u00f6r\u00fcyorum (3 boyutlu g\u00f6r\u00fcyorum &#8211; bu kadar b\u00fcy\u00fck bir d\u00fczeltme yapt\u0131rmad\u0131\u011f\u0131m i\u00e7in biraz garip gelebilir, ama benim i\u00e7in tamamen farkl\u0131 bir durum). Beden e\u011fitimi dersinde, aletli jimnastik veya yer egzersizlerini yapmay\u0131 s\u0131k s\u0131k reddederdim; \u00e7ok korkuyordum. \u015eimdi nedenini biliyorum: \u00c7ok iyi g\u00f6remiyordum ve bu nedenle mesafeleri do\u011fru de\u011ferlendiremiyordum, bu y\u00fczden \u00e7ok g\u00fcvensizdim ve \u00e7o\u011fu zaman yine de g\u00f6zl\u00fcks\u00fcz jimnastik yapmak zorunda kal\u0131yordum. Sonu\u00e7 olarak: M\u00fckemmel ve h\u0131zl\u0131 kons\u00fcltasyon, seyahat, ameliyat, ameliyat sonras\u0131 bak\u0131m vb. i\u00e7in tekrar te\u015fekk\u00fcr ederim ve SwissLASIK&#8217;i herkese tavsiye ederim\/edece\u011fim. Sayg\u0131lar\u0131mla, Petra Lutz \u00d6nceki rapor Sonraki rapor<\/p>\n","protected":false},"author":4,"featured_media":0,"parent":3973,"menu_order":0,"comment_status":"closed","ping_status":"closed","template":"","meta":{"_joinchat":[],"footnotes":""},"class_list":["post-4036","page","type-page","status-publish","hentry"],"acf":[],"_links":{"self":[{"href":"https:\/\/swisslasik.ch\/tr\/wp-json\/wp\/v2\/pages\/4036","targetHints":{"allow":["GET"]}}],"collection":[{"href":"https:\/\/swisslasik.ch\/tr\/wp-json\/wp\/v2\/pages"}],"about":[{"href":"https:\/\/swisslasik.ch\/tr\/wp-json\/wp\/v2\/types\/page"}],"author":[{"embeddable":true,"href":"https:\/\/swisslasik.ch\/tr\/wp-json\/wp\/v2\/users\/4"}],"replies":[{"embeddable":true,"href":"https:\/\/swisslasik.ch\/tr\/wp-json\/wp\/v2\/comments?post=4036"}],"version-history":[{"count":2,"href":"https:\/\/swisslasik.ch\/tr\/wp-json\/wp\/v2\/pages\/4036\/revisions"}],"predecessor-version":[{"id":4819,"href":"https:\/\/swisslasik.ch\/tr\/wp-json\/wp\/v2\/pages\/4036\/revisions\/4819"}],"up":[{"embeddable":true,"href":"https:\/\/swisslasik.ch\/tr\/wp-json\/wp\/v2\/pages\/3973"}],"wp:attachment":[{"href":"https:\/\/swisslasik.ch\/tr\/wp-json\/wp\/v2\/media?parent=4036"}],"curies":[{"name":"wp","href":"https:\/\/api.w.org\/{rel}","templated":true}]}}