{"id":4038,"date":"2025-09-24T14:48:09","date_gmt":"2025-09-24T13:48:09","guid":{"rendered":"https:\/\/swisslasik.ch\/hasta-deneyimleri-goez-ameliyati-tuerkiye-istanbul\/mart-2009-faaliyet-raporu-17-nisan-2009-cuma-tarihli-rapor\/"},"modified":"2026-01-14T19:52:17","modified_gmt":"2026-01-14T18:52:17","slug":"mart-2009-faaliyet-raporu-17-nisan-2009-cuma-tarihli-rapor","status":"publish","type":"page","link":"https:\/\/swisslasik.ch\/tr\/hasta-deneyimleri-goez-ameliyati-tuerkiye-istanbul\/mart-2009-faaliyet-raporu-17-nisan-2009-cuma-tarihli-rapor\/","title":{"rendered":"Mart 2009 Faaliyet Raporu \u2013 17 Nisan 2009 Cuma Tarihli Rapor"},"content":{"rendered":"\n<figure class=\"wp-block-image\"><img decoding=\"async\" src=\"https:\/\/www.swisslasik.ch\/wp-content\/uploads\/sites\/13\/2019\/03\/csm_portrait_renfer_6a30a155c6.jpg\" alt=\"\" class=\"wp-image-1514\"\/><\/figure>\n\n<p>Ad\u0131: Renfer Patrick, do\u011fum y\u0131l\u0131: 1977 \/ Ameliyat tarihi: Mart 2009<\/p>\n\n<p>K\u0131r\u0131lma:<br\/>Sa\u011f g\u00f6z: -6,25 = -2,50 \/ 21\u00b0 G\u00f6rme keskinli\u011fi 1,00<br\/>Sol g\u00f6z: -5,50 = -2,50 \/ 172\u00b0 G\u00f6rme keskinli\u011fi 1,00<\/p>\n\n<p>G\u00f6zl\u00fck veya kontakt lens olmadan g\u00f6rebilmek uzun zamand\u0131r hayalimdi.<\/p>\n\n<p>Bu nedenle, \u015eubat 2007&#8217;de Bern&#8217;deki G\u00f6z Lazer Enstit\u00fcs\u00fc&#8217;nde \u00f6n muayene yapt\u0131rmaya karar verdim. Sonu\u00e7 olarak, bana sadece lens implant\u0131n\u0131n uygun oldu\u011fu ve bunun maliyetinin 12.000 \u0130svi\u00e7re frang\u0131 oldu\u011fu ortaya \u00e7\u0131kt\u0131. Bunu kar\u015f\u0131layamayaca\u011f\u0131m i\u00e7in, internette saatlerce di\u011fer sa\u011flay\u0131c\u0131lar\u0131 ve se\u00e7enekleri ara\u015ft\u0131rd\u0131m. Bratislava&#8217;da, Almanya&#8217;da, Luzern&#8217;de ve ba\u015fka yerlerde lazer ameliyat\u0131 buldum. Ancak bunlar\u0131n aras\u0131nda \u0130stanbul&#8217;daki EYE-Star Klini\u011fi bana a\u00e7\u0131k ara en iyi izlenimi b\u0131rakt\u0131. Bu nedenle, G\u00f6z Lazer Enstit\u00fcs\u00fc&#8217;nden ald\u0131\u011f\u0131m \u00f6n muayene sonu\u00e7lar\u0131m\u0131 Say\u0131n Karaagacli-Leoni&#8217;ye g\u00f6nderdim. <\/p>\n\n<p>Sadece bir g\u00fcn sonra, \u00f6n muayene sonu\u00e7lar\u0131ma g\u00f6re lazer ameliyat\u0131n\u0131n kesinlikle bir se\u00e7enek oldu\u011fu y\u00f6n\u00fcndeki sevindirici haberi ald\u0131m. Buna \u00e7ok sevindim ama ayn\u0131 zamanda biraz da teredd\u00fct ettim. Bir muayeneden neden iki farkl\u0131 sonu\u00e7 \u00e7\u0131km\u0131\u015ft\u0131? Z\u00fcrih&#8217;teki sevk eden doktorla bir \u00f6n muayene daha yapt\u0131rmaya karar verdim ve orada da lazer ameliyat\u0131 i\u00e7in onay ald\u0131ktan sonra, Say\u0131n Karaa\u011fac\u0131-Leoni&#8217;nin m\u00fckemmel bak\u0131m\u0131 sayesinde, \u0130stanbul&#8217;da lazer ameliyat\u0131 yapt\u0131rmaya karar verdim.  <\/p>\n\n<p>23 Mart 2009 Pazartesi g\u00fcn\u00fc, e\u015fimle birlikte Swiss Airlines ile \u0130stanbul&#8217;a u\u00e7tuk. \u0130stanbul&#8217;da Birol taraf\u0131ndan kar\u015f\u0131land\u0131k ve Midtown Hotel&#8217;e (\u015fiddetle tavsiye edilir) g\u00f6t\u00fcr\u00fcld\u00fck. Ak\u015fam\u0131, \u0130stanbul&#8217;da ya\u015fayan bir tan\u0131d\u0131\u011f\u0131m\u0131zla Taksim b\u00f6lgesinde ge\u00e7irdik. <\/p>\n\n<p>24 Mart 2009 Sal\u0131 g\u00fcn\u00fc, saat 11:00&#8217;te, Birol taraf\u0131ndan al\u0131nd\u0131k; otelimiz klini\u011fe sadece 3 dakikal\u0131k y\u00fcr\u00fcme mesafesinde oldu\u011fu i\u00e7in buna ger\u00e7ekten gerek yoktu. Bina tescilli bir tarihi an\u0131t oldu\u011fu i\u00e7in klinik d\u0131\u015far\u0131dan eski ve harap g\u00f6r\u00fcn\u00fcyordu, ancak i\u00e7erisi son teknoloji \u00fcr\u00fcn\u00fc ve \u00e7ok hijyenikti. <\/p>\n\n<p>Ameliyat \u00f6ncesi muayene ve ameliyat hakk\u0131nda bilgilendirme seans\u0131 yap\u0131ld\u0131 (Fred sayesinde her \u015fey m\u00fckemmel Almanca, hatta \u0130svi\u00e7re Almancas\u0131yd\u0131). Muayeneden sonra d\u00f6rt saatimiz vard\u0131. G\u00f6rme yetene\u011fim biraz bozuk oldu\u011fu i\u00e7in k\u0131sa bir y\u00fcr\u00fcy\u00fc\u015f ve g\u00fczel bir \u00f6\u011fle yeme\u011fi tercih ettik. Ameliyat saat 17:00&#8217;de ger\u00e7ekle\u015fti; ben \u00fc\u00e7\u00fcnc\u00fc s\u0131radayd\u0131m. Ameliyat \u00e7ok h\u0131zl\u0131 ge\u00e7ti (yakla\u015f\u0131k 20 dakika s\u00fcrd\u00fc) ve tamamen a\u011fr\u0131s\u0131zd\u0131 (her \u015feyi monit\u00f6rden izleyip filme alan e\u015fim i\u00e7in daha ac\u0131 vericiydi). Ameliyattan sonra, k\u0131sa bir takip muayenesi i\u00e7in yakla\u015f\u0131k 30 dakika klinikte kald\u0131k.<br\/>Sonra otele gittik ve hemen uyuyakald\u0131m.    <\/p>\n\n<p>25 Mart 2009 \u00c7ar\u015famba g\u00fcn\u00fc, saat 11:00&#8217;te tekrar klini\u011fe gittik, ancak bekledi\u011fimiz a\u011fr\u0131n\u0131n hi\u00e7bir belirtisi yoktu. Kontrol muayenesi yap\u0131ld\u0131 ve doktor her \u015feyin yolunda oldu\u011funu s\u00f6yledi. Sol g\u00f6z\u00fcmle sa\u011f g\u00f6z\u00fcme g\u00f6re biraz daha az iyi g\u00f6rd\u00fc\u011f\u00fcm\u00fc hissettim\u2026 \u00c7ar\u015famba \u00f6\u011fleden sonras\u0131n\u0131, devasa n\u00fcfuslu (\u015fimdi 20 milyon) muhte\u015fem bir \u015fehir olan \u0130stanbul&#8217;da gezerek ge\u00e7irdik. \u00c7ar\u015f\u0131y\u0131, \u015fehrin Asya yakas\u0131n\u0131, al\u0131\u015fveri\u015f merkezlerini gezdik ve sonunda kebap yedik. <\/p>\n\n<p>26 Mart 2009 Per\u015fembe g\u00fcn\u00fc, Birol bizi saat 15:00&#8217;te ald\u0131 ve havaalan\u0131na g\u00f6t\u00fcrd\u00fc. U\u00e7akta her yar\u0131m saatte bir g\u00f6z damlas\u0131 kullanmam gerekti, ama bu hi\u00e7 sorun yaratmad\u0131. Saat 20:00&#8217;de Z\u00fcrih-Kloten&#8217;e vard\u0131k, arabam\u0131n direksiyonuna ge\u00e7tim ve sorunsuz bir \u015fekilde eve gittim. <\/p>\n\n<p>27 Mart 2009 \u2013 Bug\u00fcn: Lazer ameliyat\u0131ndan beri kesinlikle hi\u00e7bir sorun ya\u015famad\u0131m. Sa\u011f g\u00f6z\u00fcmle sol g\u00f6z\u00fcme g\u00f6re biraz daha iyi g\u00f6rd\u00fc\u011f\u00fcm hissine kap\u0131l\u0131yorum, ancak bu durum ameliyattan yakla\u015f\u0131k bir ay sonra yap\u0131lacak kontrol muayenesinden sonra netle\u015fecek. <\/p>\n\n<p>G\u00f6zl\u00fck\/kontakt lens kullanmadan, m\u00fckemmel g\u00f6r\u00fc\u015fle yeni hayat\u0131m\u0131n tad\u0131n\u0131 \u00e7\u0131kar\u0131yorum ve \u0130stanbul izlenimlerimi de i\u00e7eren ameliyat videomu neredeyse her hafta izliyorum. <\/p>\n\n<p>Sonu\u00e7 olarak: Ameliyat m\u00fckemmel ge\u00e7ti ve Bay Karaagacli-Leoni de dahil olmak \u00fczere Eye-Star Klini\u011fi personeli inan\u0131lmaz derecede g\u00fcler y\u00fczl\u00fc ve yard\u0131mseverdi. Ameliyat\u0131n yan\u0131 s\u0131ra, ger\u00e7ekten etkileyici bir \u015fehir olan \u0130stanbul&#8217;u ke\u015ffetme f\u0131rsat\u0131m da oldu. Ameliyat\u0131 kesinlikle tekrarlard\u0131m ve Eye-Star Klini\u011fini herkese \u015fiddetle tavsiye ederim.  <\/p>\n\n<p>Eme\u011fi ge\u00e7en herkese \u00e7ok te\u015fekk\u00fcrler!<\/p>\n\n<div class=\"wp-block-group is-layout-grid wp-container-core-group-is-layout-baef362d wp-block-group-is-layout-grid\">\n<p><a href=\"https:\/\/medicaltravel.at\/home\/agb\/\" data-type=\"page\" data-id=\"2191\" rel=\"nofollow noopener\" target=\"_blank\"><\/a><a href=\"https:\/\/swisslasik.ch\/tr\/hasta-deneyimleri-goez-ameliyati-tuerkiye-istanbul\/istanbulda-lasik-deneyim-raporum-13-mayis-2009-carsamba-tarihli-rapor\/\" data-type=\"link\" data-id=\"https:\/\/swisslasik.ch\/patientenerfahrungen-augenoperation-tuerkei\/lasik-in-istanbul-mein-erfahrungsbericht-bericht-vom-mittwoch-13-mai-2009\/\">\u00d6nceki rapor<\/a><\/p>\n\n\n\n<p class=\"has-text-align-right wp-container-content-5e2576f9\"><a href=\"https:\/\/medicaltravel.at\/home\/impressum\/\" data-type=\"page\" data-id=\"2193\" rel=\"nofollow noopener\" target=\"_blank\"><\/a><a href=\"https:\/\/medicaltravel.at\/home\/berichte-von-patienten\/erfahrungsberichte\/erfahrungsbericht-zahnbehandlung-in-istanbul\/\" data-type=\"page\" data-id=\"981\" rel=\"nofollow noopener\" target=\"_blank\"><\/a><a href=\"https:\/\/swisslasik.ch\/tr\/hasta-deneyimleri-goez-ameliyati-tuerkiye-istanbul\/aralik-ayindaki-lasik-ameliyatim-29-ocak-2009-persembe-tarihli-rapor\/\" data-type=\"link\" data-id=\"https:\/\/swisslasik.ch\/patientenerfahrungen-augenoperation-tuerkei\/meine-lasik-op-im-dezember-bericht-vom-donnerstag-29-januar-2009\/\">Sonraki rapor<\/a><\/p>\n<\/div>\n","protected":false},"excerpt":{"rendered":"<p>Ad\u0131: Renfer Patrick, do\u011fum y\u0131l\u0131: 1977 \/ Ameliyat tarihi: Mart 2009 K\u0131r\u0131lma:Sa\u011f g\u00f6z: -6,25 = -2,50 \/ 21\u00b0 G\u00f6rme keskinli\u011fi 1,00Sol g\u00f6z: -5,50 = -2,50 \/ 172\u00b0 G\u00f6rme keskinli\u011fi 1,00 G\u00f6zl\u00fck veya kontakt lens olmadan g\u00f6rebilmek uzun zamand\u0131r hayalimdi. Bu nedenle, \u015eubat 2007&#8217;de Bern&#8217;deki G\u00f6z Lazer Enstit\u00fcs\u00fc&#8217;nde \u00f6n muayene yapt\u0131rmaya karar verdim. Sonu\u00e7 olarak, bana sadece lens implant\u0131n\u0131n uygun oldu\u011fu ve bunun maliyetinin 12.000 \u0130svi\u00e7re frang\u0131 oldu\u011fu ortaya \u00e7\u0131kt\u0131. Bunu kar\u015f\u0131layamayaca\u011f\u0131m i\u00e7in, internette saatlerce di\u011fer sa\u011flay\u0131c\u0131lar\u0131 ve se\u00e7enekleri ara\u015ft\u0131rd\u0131m. Bratislava&#8217;da, Almanya&#8217;da, Luzern&#8217;de ve ba\u015fka yerlerde lazer ameliyat\u0131 buldum. Ancak bunlar\u0131n aras\u0131nda \u0130stanbul&#8217;daki EYE-Star Klini\u011fi bana a\u00e7\u0131k ara en iyi izlenimi b\u0131rakt\u0131. Bu nedenle, G\u00f6z Lazer Enstit\u00fcs\u00fc&#8217;nden ald\u0131\u011f\u0131m \u00f6n muayene sonu\u00e7lar\u0131m\u0131 Say\u0131n Karaagacli-Leoni&#8217;ye g\u00f6nderdim. Sadece bir g\u00fcn sonra, \u00f6n muayene sonu\u00e7lar\u0131ma g\u00f6re lazer ameliyat\u0131n\u0131n kesinlikle bir se\u00e7enek oldu\u011fu y\u00f6n\u00fcndeki sevindirici haberi ald\u0131m. Buna \u00e7ok sevindim ama ayn\u0131 zamanda biraz da teredd\u00fct ettim. Bir muayeneden neden iki farkl\u0131 sonu\u00e7 \u00e7\u0131km\u0131\u015ft\u0131? Z\u00fcrih&#8217;teki sevk eden doktorla bir \u00f6n muayene daha yapt\u0131rmaya karar verdim ve orada da lazer ameliyat\u0131 i\u00e7in onay ald\u0131ktan sonra, Say\u0131n Karaa\u011fac\u0131-Leoni&#8217;nin m\u00fckemmel bak\u0131m\u0131 sayesinde, \u0130stanbul&#8217;da lazer ameliyat\u0131 yapt\u0131rmaya karar verdim. 23 Mart 2009 Pazartesi g\u00fcn\u00fc, e\u015fimle birlikte Swiss Airlines ile \u0130stanbul&#8217;a u\u00e7tuk. \u0130stanbul&#8217;da Birol taraf\u0131ndan kar\u015f\u0131land\u0131k ve Midtown Hotel&#8217;e (\u015fiddetle tavsiye edilir) g\u00f6t\u00fcr\u00fcld\u00fck. Ak\u015fam\u0131, \u0130stanbul&#8217;da ya\u015fayan bir tan\u0131d\u0131\u011f\u0131m\u0131zla Taksim b\u00f6lgesinde ge\u00e7irdik. 24 Mart 2009 Sal\u0131 g\u00fcn\u00fc, saat 11:00&#8217;te, Birol taraf\u0131ndan al\u0131nd\u0131k; otelimiz klini\u011fe sadece 3 dakikal\u0131k y\u00fcr\u00fcme mesafesinde oldu\u011fu i\u00e7in buna ger\u00e7ekten gerek yoktu. Bina tescilli bir tarihi an\u0131t oldu\u011fu i\u00e7in klinik d\u0131\u015far\u0131dan eski ve harap g\u00f6r\u00fcn\u00fcyordu, ancak i\u00e7erisi son teknoloji \u00fcr\u00fcn\u00fc ve \u00e7ok hijyenikti. Ameliyat \u00f6ncesi muayene ve ameliyat hakk\u0131nda bilgilendirme seans\u0131 yap\u0131ld\u0131 (Fred sayesinde her \u015fey m\u00fckemmel Almanca, hatta \u0130svi\u00e7re Almancas\u0131yd\u0131). Muayeneden sonra d\u00f6rt saatimiz vard\u0131. G\u00f6rme yetene\u011fim biraz bozuk oldu\u011fu i\u00e7in k\u0131sa bir y\u00fcr\u00fcy\u00fc\u015f ve g\u00fczel bir \u00f6\u011fle yeme\u011fi tercih ettik. Ameliyat saat 17:00&#8217;de ger\u00e7ekle\u015fti; ben \u00fc\u00e7\u00fcnc\u00fc s\u0131radayd\u0131m. Ameliyat \u00e7ok h\u0131zl\u0131 ge\u00e7ti (yakla\u015f\u0131k 20 dakika s\u00fcrd\u00fc) ve tamamen a\u011fr\u0131s\u0131zd\u0131 (her \u015feyi monit\u00f6rden izleyip filme alan e\u015fim i\u00e7in daha ac\u0131 vericiydi). Ameliyattan sonra, k\u0131sa bir takip muayenesi i\u00e7in yakla\u015f\u0131k 30 dakika klinikte kald\u0131k.Sonra otele gittik ve hemen uyuyakald\u0131m. 25 Mart 2009 \u00c7ar\u015famba g\u00fcn\u00fc, saat 11:00&#8217;te tekrar klini\u011fe gittik, ancak bekledi\u011fimiz a\u011fr\u0131n\u0131n hi\u00e7bir belirtisi yoktu. Kontrol muayenesi yap\u0131ld\u0131 ve doktor her \u015feyin yolunda oldu\u011funu s\u00f6yledi. Sol g\u00f6z\u00fcmle sa\u011f g\u00f6z\u00fcme g\u00f6re biraz daha az iyi g\u00f6rd\u00fc\u011f\u00fcm\u00fc hissettim\u2026 \u00c7ar\u015famba \u00f6\u011fleden sonras\u0131n\u0131, devasa n\u00fcfuslu (\u015fimdi 20 milyon) muhte\u015fem bir \u015fehir olan \u0130stanbul&#8217;da gezerek ge\u00e7irdik. \u00c7ar\u015f\u0131y\u0131, \u015fehrin Asya yakas\u0131n\u0131, al\u0131\u015fveri\u015f merkezlerini gezdik ve sonunda kebap yedik. 26 Mart 2009 Per\u015fembe g\u00fcn\u00fc, Birol bizi saat 15:00&#8217;te ald\u0131 ve havaalan\u0131na g\u00f6t\u00fcrd\u00fc. U\u00e7akta her yar\u0131m saatte bir g\u00f6z damlas\u0131 kullanmam gerekti, ama bu hi\u00e7 sorun yaratmad\u0131. Saat 20:00&#8217;de Z\u00fcrih-Kloten&#8217;e vard\u0131k, arabam\u0131n direksiyonuna ge\u00e7tim ve sorunsuz bir \u015fekilde eve gittim. 27 Mart 2009 \u2013 Bug\u00fcn: Lazer ameliyat\u0131ndan beri kesinlikle hi\u00e7bir sorun ya\u015famad\u0131m. Sa\u011f g\u00f6z\u00fcmle sol g\u00f6z\u00fcme g\u00f6re biraz daha iyi g\u00f6rd\u00fc\u011f\u00fcm hissine kap\u0131l\u0131yorum, ancak bu durum ameliyattan yakla\u015f\u0131k bir ay sonra yap\u0131lacak kontrol muayenesinden sonra netle\u015fecek. G\u00f6zl\u00fck\/kontakt lens kullanmadan, m\u00fckemmel g\u00f6r\u00fc\u015fle yeni hayat\u0131m\u0131n tad\u0131n\u0131 \u00e7\u0131kar\u0131yorum ve \u0130stanbul izlenimlerimi de i\u00e7eren ameliyat videomu neredeyse her hafta izliyorum. Sonu\u00e7 olarak: Ameliyat m\u00fckemmel ge\u00e7ti ve Bay Karaagacli-Leoni de dahil olmak \u00fczere Eye-Star Klini\u011fi personeli inan\u0131lmaz derecede g\u00fcler y\u00fczl\u00fc ve yard\u0131mseverdi. Ameliyat\u0131n yan\u0131 s\u0131ra, ger\u00e7ekten etkileyici bir \u015fehir olan \u0130stanbul&#8217;u ke\u015ffetme f\u0131rsat\u0131m da oldu. Ameliyat\u0131 kesinlikle tekrarlard\u0131m ve Eye-Star Klini\u011fini herkese \u015fiddetle tavsiye ederim. Eme\u011fi ge\u00e7en herkese \u00e7ok te\u015fekk\u00fcrler! \u00d6nceki rapor Sonraki rapor<\/p>\n","protected":false},"author":4,"featured_media":0,"parent":3973,"menu_order":0,"comment_status":"closed","ping_status":"closed","template":"","meta":{"_joinchat":[],"footnotes":""},"class_list":["post-4038","page","type-page","status-publish","hentry"],"acf":[],"_links":{"self":[{"href":"https:\/\/swisslasik.ch\/tr\/wp-json\/wp\/v2\/pages\/4038","targetHints":{"allow":["GET"]}}],"collection":[{"href":"https:\/\/swisslasik.ch\/tr\/wp-json\/wp\/v2\/pages"}],"about":[{"href":"https:\/\/swisslasik.ch\/tr\/wp-json\/wp\/v2\/types\/page"}],"author":[{"embeddable":true,"href":"https:\/\/swisslasik.ch\/tr\/wp-json\/wp\/v2\/users\/4"}],"replies":[{"embeddable":true,"href":"https:\/\/swisslasik.ch\/tr\/wp-json\/wp\/v2\/comments?post=4038"}],"version-history":[{"count":1,"href":"https:\/\/swisslasik.ch\/tr\/wp-json\/wp\/v2\/pages\/4038\/revisions"}],"predecessor-version":[{"id":4039,"href":"https:\/\/swisslasik.ch\/tr\/wp-json\/wp\/v2\/pages\/4038\/revisions\/4039"}],"up":[{"embeddable":true,"href":"https:\/\/swisslasik.ch\/tr\/wp-json\/wp\/v2\/pages\/3973"}],"wp:attachment":[{"href":"https:\/\/swisslasik.ch\/tr\/wp-json\/wp\/v2\/media?parent=4038"}],"curies":[{"name":"wp","href":"https:\/\/api.w.org\/{rel}","templated":true}]}}