{"id":4040,"date":"2025-09-24T14:29:04","date_gmt":"2025-09-24T13:29:04","guid":{"rendered":"https:\/\/swisslasik.ch\/hasta-deneyimleri-goez-ameliyati-tuerkiye-istanbul\/myrta-toenginin-29-ekim-2010da-ameliyat-edildigine-dair-hasta-raporu-8-aralik-2010-carsamba-tarihli-rapor\/"},"modified":"2026-01-14T19:21:38","modified_gmt":"2026-01-14T18:21:38","slug":"myrta-toenginin-29-ekim-2010da-ameliyat-edildigine-dair-hasta-raporu-8-aralik-2010-carsamba-tarihli-rapor","status":"publish","type":"page","link":"https:\/\/swisslasik.ch\/tr\/hasta-deneyimleri-goez-ameliyati-tuerkiye-istanbul\/myrta-toenginin-29-ekim-2010da-ameliyat-edildigine-dair-hasta-raporu-8-aralik-2010-carsamba-tarihli-rapor\/","title":{"rendered":"Myrta T\u00f6ngi&#8217;nin 29 Ekim 2010&#8217;da ameliyat edildi\u011fine dair hasta raporu \u2013 8 Aral\u0131k 2010 \u00c7ar\u015famba tarihli rapor."},"content":{"rendered":"\n<h3 class=\"wp-block-heading\">Myrta T\u00f6ngi&#8217;nin 29 Ekim 2010&#8217;da ameliyat edildi\u011fine dair hasta raporu \u2013 8 Aral\u0131k 2010 \u00c7ar\u015famba tarihli rapor.<\/h3>\n\n\n\n<p>G\u00f6zl\u00fck takmad\u0131\u011f\u0131m ve y\u0131llarca kontakt lens kullanman\u0131n sonunda sorunlara yol a\u00e7abilece\u011fini bildi\u011fim i\u00e7in bir s\u00fcredir lazer g\u00f6z ameliyat\u0131n\u0131 d\u00fc\u015f\u00fcn\u00fcyordum. G\u00f6z doktorum \u015f\u00fcpheciydi ve baz\u0131 durumlarda g\u00f6z kurulu\u011funun m\u00fcmk\u00fcn oldu\u011funu belirtti. Daha sonra kontakt lenslere art\u0131k tahamm\u00fcl edemeyen ve g\u00f6zl\u00fc\u011fe ge\u00e7mek zorunda kalan arkada\u015f\u0131m lazer ameliyat\u0131 konusunu g\u00fcndeme getirdi. \u0130nternette ara\u015ft\u0131rma yapt\u0131k ve \u0130svi\u00e7re&#8217;nin aksine orada her g\u00fcn bu i\u015flemin yap\u0131lmas\u0131 ve fiyat fark\u0131n\u0131n \u00f6nemli olmas\u0131 nedeniyle \u0130stanbul&#8217;u se\u00e7tik. Kay\u0131t yapt\u0131rmadan \u00f6nce, ameliyat olmadan eve g\u00f6nderilmeyece\u011fimizden emin olmak i\u00e7in \u00f6n muayene yapt\u0131rd\u0131k. Evimize yak\u0131n bir takip randevusu alma avantaj\u0131na sahip \u0130svi\u00e7re&#8217;de bir ortak klinik istedik, bu y\u00fczden Swisslasik&#8217;i se\u00e7tik ve onlar da seyahatimizi organize ettiler. Ameliyattan iki hafta \u00f6nce, g\u00f6zlerim al\u0131\u015famad\u0131\u011f\u0131 i\u00e7in benim i\u00e7in son derece zor olan kontakt lenslerden g\u00f6zl\u00fc\u011fe ge\u00e7mek zorunda kald\u0131m. Havaalan\u0131nda, kusursuz Almanca konu\u015fan koordinat\u00f6r\u00fcm\u00fcz bizi kar\u015f\u0131lad\u0131 ve otele g\u00f6t\u00fcrd\u00fc. Ertesi sabah, \u00f6n muayeneler i\u00e7in klini\u011fe kadar bize e\u015flik etti. Doktor, gece g\u00f6r\u00fc\u015f bozuklu\u011fumun d\u00fczeltilemeyece\u011fini ve ya\u015f\u0131m nedeniyle ameliyattan k\u0131sa s\u00fcre sonra presbiyopi (yak\u0131n g\u00f6r\u00fc\u015f bozuklu\u011fu) geli\u015fece\u011fini s\u00f6yledi. Miyoplu\u011fumun %100 oran\u0131nda d\u00fczeltilebilece\u011fine ve ameliyattan sonra sonu\u00e7tan memnun kalaca\u011f\u0131ma dair g\u00fcvence verdi. Sakin tavr\u0131 ve m\u00fcmk\u00fcn olan ve olmayan \u015feyleri tam olarak a\u00e7\u0131klamas\u0131 nedeniyle ona g\u00fcvendim. O \u00f6\u011fleden sonra, ulusal bir tatil oldu\u011fu ve lazer makinesinin elektrik kayna\u011f\u0131 yetersiz oldu\u011fu i\u00e7in, ameliyat i\u00e7in \u015fehrin hemen d\u0131\u015f\u0131ndaki son teknolojiye sahip bir klini\u011fe ekiple birlikte g\u00f6t\u00fcr\u00fcld\u00fck. Var\u0131\u015fta bize sakinle\u015ftirici verildi. Sakin kald\u0131m ve ameliyattan korkmad\u0131m. Ameliyat\u0131 en son ben oldum. Koordinat\u00f6r de ameliyat s\u0131ras\u0131nda haz\u0131r bulundu ve talimatlar\u0131 verdi. Lazer cihaz\u0131 burada kullan\u0131lanlarla tamamen ayn\u0131yd\u0131. Ameliyat sorunsuz ge\u00e7ti ve hi\u00e7 hareket etmeme izin verilmedi\u011fi ve bak\u0131\u015flar\u0131m\u0131 lazerdeki ye\u015fil noktaya sabitlemem gerekti\u011fi i\u00e7in, g\u00f6z\u00fcmdeki s\u0131v\u0131 d\u0131\u015f\u0131nda pek bir \u015fey fark etmedim. \u00c7ok h\u0131zl\u0131 \u00e7al\u0131\u015ft\u0131lar, \u00f6nce g\u00f6z\u00fcm\u00fc kapatt\u0131lar, sonra di\u011ferine ge\u00e7tiler. Her \u015fey neredeyse on dakika i\u00e7inde bitti ve sonra, \u015fa\u015f\u0131rt\u0131c\u0131 bir \u015fekilde, aya\u011fa kalkt\u0131\u011f\u0131mda v\u00fccudum tepki verdi. Solgunla\u015ft\u0131m ve gruptaki hi\u00e7 kimsenin aksine, arabaya do\u011fru y\u00fcr\u00fcrken dengemi sa\u011flamakta b\u00fcy\u00fck zorluk \u00e7ektim. G\u00f6zlerim ac\u0131yordu, g\u00fcne\u015f g\u00f6zl\u00fc\u011f\u00fc takmama ra\u011fmen parlamadan g\u00f6zlerim kama\u015f\u0131yordu ve o anda tek istedi\u011fim yata\u011fa girmekti. Otele vard\u0131\u011f\u0131m\u0131zda, k\u0131z arkada\u015f\u0131m oda servisi sipari\u015f etti ve biraz yemek ve bir \u015fi\u015fe \u015farap getirtti, ben ise tamamen hareketsiz bir halde yatmak d\u0131\u015f\u0131nda hi\u00e7bir \u015fey yapam\u0131yordum. D\u00f6rt saat sonra a\u011fr\u0131 azald\u0131 ve durumum g\u00f6zle g\u00f6r\u00fcl\u00fcr \u015fekilde iyile\u015fti.                        Schon am n\u00e4chsten Morgen konnte ich bereits deutlich alles erkennen. Mit Sonnenbrille setzte ich mich an den Fr\u00fchst\u00fcckstisch und war \u00fcbergl\u00fccklich, in die Ferne sehen zu k\u00f6nnen. Meine anfangs extrem starke Lichtempfind-lichkeit liess aber nach nur zwei Tagen merklich nach. Bei der Nachuntersuchung best\u00e4tigte mir mein Arzt bereits meine volle Sehkraft. Auch mit dem Resultat der anderen 5 Operierten war er zufrieden. Es sind inzwischen vier Wochen her und ich realisiere meine neu gewonnene Lebensqualit\u00e4t. Die ersten Tage lag ich noch nachts wach im Bett und erschrak, weil ich aus Gewohnheit glaubte, mal wieder die Linsen vergessen zu haben, rauszunehmen, so wie das fr\u00fcher oftmals geschah. Ich habe weder rote noch trockene Augen, einzig die Augen zu reiben, das geht noch gar nicht. Meiner Schlusskontrolle in ein paar Tagen sehe ich daher bedenkenlos entgegen. Ich kann jeden nur ermuntern, sich die Augen lasern zu lassen. Es lohnt sich. Sich absolut nicht wegen den Schmerzen abhalten lassen, denn jeder reagiert anders und nach ein paar Stunden ist der Spuk eh wieder vorbei. Ich w\u00fcnsche mir sehr, dass mir meine Augen noch etwas Zeit lassen, bis ich f\u00fcr das Lesen der Zeitung eine Brille tragen muss.            <\/p>\n\n\n\n<div class=\"wp-block-group is-layout-grid wp-container-core-group-is-layout-baef362d wp-block-group-is-layout-grid\">\n<p><a href=\"https:\/\/medicaltravel.at\/home\/agb\/\" data-type=\"page\" data-id=\"2191\" rel=\"nofollow noopener\" target=\"_blank\"><\/a><a href=\"https:\/\/swisslasik.ch\/tr\/hasta-deneyimleri-goez-ameliyati-tuerkiye-istanbul\/myrta-toenginin-29-ekim-2010da-ameliyat-edildigine-dair-hasta-raporu-8-aralik-2010-carsamba-tarihli-rapor\/\" data-type=\"link\" data-id=\"https:\/\/swisslasik.ch\/tr\/hasta-deneyimleri-goez-ameliyati-tuerkiye-istanbul\/myrta-toenginin-29-ekim-2010da-ameliyat-edildigine-dair-hasta-raporu-8-aralik-2010-carsamba-tarihli-rapor\/\">\u00d6nceki rapor<\/a><\/p>\n\n\n\n<p class=\"has-text-align-right wp-container-content-5e2576f9\"><a href=\"https:\/\/medicaltravel.at\/home\/impressum\/\" data-type=\"page\" data-id=\"2193\" rel=\"nofollow noopener\" target=\"_blank\"><\/a><a href=\"https:\/\/medicaltravel.at\/home\/berichte-von-patienten\/erfahrungsberichte\/erfahrungsbericht-zahnbehandlung-in-istanbul\/\" data-type=\"page\" data-id=\"981\" rel=\"nofollow noopener\" target=\"_blank\"><\/a><a href=\"https:\/\/swisslasik.ch\/tr\/hasta-deneyimleri-goez-ameliyati-tuerkiye-istanbul\/istanbula-yaptigim-bueyuek-goez-lazer-ameliyati-seyahatimden-rapor-5-aralik-2010-pazar\/\" data-type=\"link\" data-id=\"https:\/\/swisslasik.ch\/patientenerfahrungen-augenoperation-tuerkei\/meine-grosse-augenlaserreise-nach-istanbul-bericht-vom-sonntag-05-dezember-2010\/\">Sonraki rapor<\/a><\/p>\n<\/div>\n","protected":false},"excerpt":{"rendered":"<p>Myrta T\u00f6ngi&#8217;nin 29 Ekim 2010&#8217;da ameliyat edildi\u011fine dair hasta raporu \u2013 8 Aral\u0131k 2010 \u00c7ar\u015famba tarihli rapor. G\u00f6zl\u00fck takmad\u0131\u011f\u0131m ve y\u0131llarca kontakt lens kullanman\u0131n sonunda sorunlara yol a\u00e7abilece\u011fini bildi\u011fim i\u00e7in bir s\u00fcredir lazer g\u00f6z ameliyat\u0131n\u0131 d\u00fc\u015f\u00fcn\u00fcyordum. G\u00f6z doktorum \u015f\u00fcpheciydi ve baz\u0131 durumlarda g\u00f6z kurulu\u011funun m\u00fcmk\u00fcn oldu\u011funu belirtti. Daha sonra kontakt lenslere art\u0131k tahamm\u00fcl edemeyen ve g\u00f6zl\u00fc\u011fe ge\u00e7mek zorunda kalan arkada\u015f\u0131m lazer ameliyat\u0131 konusunu g\u00fcndeme getirdi. \u0130nternette ara\u015ft\u0131rma yapt\u0131k ve \u0130svi\u00e7re&#8217;nin aksine orada her g\u00fcn bu i\u015flemin yap\u0131lmas\u0131 ve fiyat fark\u0131n\u0131n \u00f6nemli olmas\u0131 nedeniyle \u0130stanbul&#8217;u se\u00e7tik. Kay\u0131t yapt\u0131rmadan \u00f6nce, ameliyat olmadan eve g\u00f6nderilmeyece\u011fimizden emin olmak i\u00e7in \u00f6n muayene yapt\u0131rd\u0131k. Evimize yak\u0131n bir takip randevusu alma avantaj\u0131na sahip \u0130svi\u00e7re&#8217;de bir ortak klinik istedik, bu y\u00fczden Swisslasik&#8217;i se\u00e7tik ve onlar da seyahatimizi organize ettiler. Ameliyattan iki hafta \u00f6nce, g\u00f6zlerim al\u0131\u015famad\u0131\u011f\u0131 i\u00e7in benim i\u00e7in son derece zor olan kontakt lenslerden g\u00f6zl\u00fc\u011fe ge\u00e7mek zorunda kald\u0131m. Havaalan\u0131nda, kusursuz Almanca konu\u015fan koordinat\u00f6r\u00fcm\u00fcz bizi kar\u015f\u0131lad\u0131 ve otele g\u00f6t\u00fcrd\u00fc. Ertesi sabah, \u00f6n muayeneler i\u00e7in klini\u011fe kadar bize e\u015flik etti. Doktor, gece g\u00f6r\u00fc\u015f bozuklu\u011fumun d\u00fczeltilemeyece\u011fini ve ya\u015f\u0131m nedeniyle ameliyattan k\u0131sa s\u00fcre sonra presbiyopi (yak\u0131n g\u00f6r\u00fc\u015f bozuklu\u011fu) geli\u015fece\u011fini s\u00f6yledi. Miyoplu\u011fumun %100 oran\u0131nda d\u00fczeltilebilece\u011fine ve ameliyattan sonra sonu\u00e7tan memnun kalaca\u011f\u0131ma dair g\u00fcvence verdi. Sakin tavr\u0131 ve m\u00fcmk\u00fcn olan ve olmayan \u015feyleri tam olarak a\u00e7\u0131klamas\u0131 nedeniyle ona g\u00fcvendim. O \u00f6\u011fleden sonra, ulusal bir tatil oldu\u011fu ve lazer makinesinin elektrik kayna\u011f\u0131 yetersiz oldu\u011fu i\u00e7in, ameliyat i\u00e7in \u015fehrin hemen d\u0131\u015f\u0131ndaki son teknolojiye sahip bir klini\u011fe ekiple birlikte g\u00f6t\u00fcr\u00fcld\u00fck. Var\u0131\u015fta bize sakinle\u015ftirici verildi. Sakin kald\u0131m ve ameliyattan korkmad\u0131m. Ameliyat\u0131 en son ben oldum. Koordinat\u00f6r de ameliyat s\u0131ras\u0131nda haz\u0131r bulundu ve talimatlar\u0131 verdi. Lazer cihaz\u0131 burada kullan\u0131lanlarla tamamen ayn\u0131yd\u0131. Ameliyat sorunsuz ge\u00e7ti ve hi\u00e7 hareket etmeme izin verilmedi\u011fi ve bak\u0131\u015flar\u0131m\u0131 lazerdeki ye\u015fil noktaya sabitlemem gerekti\u011fi i\u00e7in, g\u00f6z\u00fcmdeki s\u0131v\u0131 d\u0131\u015f\u0131nda pek bir \u015fey fark etmedim. \u00c7ok h\u0131zl\u0131 \u00e7al\u0131\u015ft\u0131lar, \u00f6nce g\u00f6z\u00fcm\u00fc kapatt\u0131lar, sonra di\u011ferine ge\u00e7tiler. Her \u015fey neredeyse on dakika i\u00e7inde bitti ve sonra, \u015fa\u015f\u0131rt\u0131c\u0131 bir \u015fekilde, aya\u011fa kalkt\u0131\u011f\u0131mda v\u00fccudum tepki verdi. Solgunla\u015ft\u0131m ve gruptaki hi\u00e7 kimsenin aksine, arabaya do\u011fru y\u00fcr\u00fcrken dengemi sa\u011flamakta b\u00fcy\u00fck zorluk \u00e7ektim. G\u00f6zlerim ac\u0131yordu, g\u00fcne\u015f g\u00f6zl\u00fc\u011f\u00fc takmama ra\u011fmen parlamadan g\u00f6zlerim kama\u015f\u0131yordu ve o anda tek istedi\u011fim yata\u011fa girmekti. Otele vard\u0131\u011f\u0131m\u0131zda, k\u0131z arkada\u015f\u0131m oda servisi sipari\u015f etti ve biraz yemek ve bir \u015fi\u015fe \u015farap getirtti, ben ise tamamen hareketsiz bir halde yatmak d\u0131\u015f\u0131nda hi\u00e7bir \u015fey yapam\u0131yordum. D\u00f6rt saat sonra a\u011fr\u0131 azald\u0131 ve durumum g\u00f6zle g\u00f6r\u00fcl\u00fcr \u015fekilde iyile\u015fti. Schon am n\u00e4chsten Morgen konnte ich bereits deutlich alles erkennen. Mit Sonnenbrille setzte ich mich an den Fr\u00fchst\u00fcckstisch und war \u00fcbergl\u00fccklich, in die Ferne sehen zu k\u00f6nnen. Meine anfangs extrem starke Lichtempfind-lichkeit liess aber nach nur zwei Tagen merklich nach. Bei der Nachuntersuchung best\u00e4tigte mir mein Arzt bereits meine volle Sehkraft. Auch mit dem Resultat der anderen 5 Operierten war er zufrieden. Es sind inzwischen vier Wochen her und ich realisiere meine neu gewonnene Lebensqualit\u00e4t. Die ersten Tage lag ich noch nachts wach im Bett und erschrak, weil ich aus Gewohnheit glaubte, mal wieder die Linsen vergessen zu haben, rauszunehmen, so wie das fr\u00fcher oftmals geschah. Ich habe weder rote noch trockene Augen, einzig die Augen zu reiben, das geht noch gar nicht. Meiner Schlusskontrolle in ein paar Tagen sehe ich daher bedenkenlos entgegen. Ich kann jeden nur ermuntern, sich die Augen lasern zu lassen. Es lohnt sich. Sich absolut nicht wegen den Schmerzen abhalten lassen, denn jeder reagiert anders und nach ein paar Stunden ist der Spuk eh wieder vorbei. Ich w\u00fcnsche mir sehr, dass mir meine Augen noch etwas Zeit lassen, bis ich f\u00fcr das Lesen der Zeitung eine Brille tragen muss. \u00d6nceki rapor Sonraki rapor<\/p>\n","protected":false},"author":4,"featured_media":0,"parent":3973,"menu_order":0,"comment_status":"closed","ping_status":"closed","template":"","meta":{"_joinchat":[],"footnotes":""},"class_list":["post-4040","page","type-page","status-publish","hentry"],"acf":[],"_links":{"self":[{"href":"https:\/\/swisslasik.ch\/tr\/wp-json\/wp\/v2\/pages\/4040","targetHints":{"allow":["GET"]}}],"collection":[{"href":"https:\/\/swisslasik.ch\/tr\/wp-json\/wp\/v2\/pages"}],"about":[{"href":"https:\/\/swisslasik.ch\/tr\/wp-json\/wp\/v2\/types\/page"}],"author":[{"embeddable":true,"href":"https:\/\/swisslasik.ch\/tr\/wp-json\/wp\/v2\/users\/4"}],"replies":[{"embeddable":true,"href":"https:\/\/swisslasik.ch\/tr\/wp-json\/wp\/v2\/comments?post=4040"}],"version-history":[{"count":2,"href":"https:\/\/swisslasik.ch\/tr\/wp-json\/wp\/v2\/pages\/4040\/revisions"}],"predecessor-version":[{"id":4802,"href":"https:\/\/swisslasik.ch\/tr\/wp-json\/wp\/v2\/pages\/4040\/revisions\/4802"}],"up":[{"embeddable":true,"href":"https:\/\/swisslasik.ch\/tr\/wp-json\/wp\/v2\/pages\/3973"}],"wp:attachment":[{"href":"https:\/\/swisslasik.ch\/tr\/wp-json\/wp\/v2\/media?parent=4040"}],"curies":[{"name":"wp","href":"https:\/\/api.w.org\/{rel}","templated":true}]}}