{"id":4042,"date":"2025-09-24T14:40:03","date_gmt":"2025-09-24T13:40:03","guid":{"rendered":"https:\/\/swisslasik.ch\/hasta-deneyimleri-goez-ameliyati-tuerkiye-istanbul\/koestebeklikten-kartala-2-kasim-2009-pazartesi-raporu\/"},"modified":"2026-01-14T19:39:37","modified_gmt":"2026-01-14T18:39:37","slug":"koestebeklikten-kartala-2-kasim-2009-pazartesi-raporu","status":"publish","type":"page","link":"https:\/\/swisslasik.ch\/tr\/hasta-deneyimleri-goez-ameliyati-tuerkiye-istanbul\/koestebeklikten-kartala-2-kasim-2009-pazartesi-raporu\/","title":{"rendered":"K\u00f6stebeklikten Kartala \u2013 2 Kas\u0131m 2009 Pazartesi Raporu"},"content":{"rendered":"\n<h3 class=\"wp-block-heading\">K\u00f6stebeklikten Kartala \u2013 2 Kas\u0131m 2009 Pazartesi Raporu<\/h3>\n\n<p>4.50 ve 7.25 diyoptri miyoplu\u011fumla, d\u00fczeltici lensler olmadan neredeyse k\u00f6rd\u00fcm. G\u00f6zl\u00fckler \u00f6zellikle spor yaparken \u00e7ok rahats\u0131z ediciydi ve g\u00f6z doktoruna \u00fc\u00e7 acil randevudan sonra art\u0131k kontakt lens takmak istemiyordum. Asl\u0131nda yeni g\u00f6zl\u00fck ar\u0131yordum ama hi\u00e7birini be\u011fenmedi\u011fim i\u00e7in \u015f\u00fck\u00fcrler olsun ki sat\u0131n almay\u0131 erteledim. Bir meslekta\u015f\u0131m, Z\u00fcrih&#8217;teki bir meslekta\u015f\u0131n\u0131n lazer g\u00f6z ameliyat\u0131 i\u00e7in \u00f6n g\u00f6r\u00fc\u015fme yapt\u0131\u011f\u0131n\u0131 ancak hen\u00fcz nihai karar vermedi\u011fini s\u00f6yledi. Spontane olarak Z\u00fcrih&#8217;te Say\u0131n Karaagacli ile randevu ayarlad\u0131m ve doktordan ameliyat i\u00e7in onay ald\u0131m. G\u00f6z doktoru yetkin ve arkada\u015f canl\u0131s\u0131yd\u0131. \u0130stanbul&#8217;da ameliyat olma konusundaki \u015f\u00fcphelerimi, bildi\u011fi kadar\u0131yla \u0130stanbul&#8217;un en modern ekipmana sahip oldu\u011funu, \u0130svi\u00e7re&#8217;deki baz\u0131 kliniklerin ise &#8220;eski&#8221; lazer cihazlar\u0131yla donat\u0131lm\u0131\u015f oldu\u011funu a\u00e7\u0131klayarak giderdi. Tatilim i\u015f nedeniyle k\u0131s\u0131tl\u0131 oldu\u011fu i\u00e7in, d\u00f6rt g\u00fcn sonra on g\u00fcn i\u00e7inde yap\u0131lacak ameliyat i\u00e7in fiyat teklifi istedim. Hemen randevu ald\u0131m ve premium paketi tercih ettim. Di\u011fer Swisslasik hastalar\u0131n\u0131n da ayn\u0131 anda ameliyat olaca\u011f\u0131n\u0131 bildi\u011fim bir tarih se\u00e7tim. Bir Swisslasik temsilcisi beni \u0130stanbul havaalan\u0131ndan ald\u0131 ve u\u00e7u\u015f ve otel konaklamalar\u0131 iyi organize edilmi\u015fti. Son dakika karar\u0131m g\u00f6z \u00f6n\u00fcne al\u0131nd\u0131\u011f\u0131nda, seyahat belgelerimi biraz ge\u00e7 ald\u0131m, bu da beklenen bir durumdu. Var\u0131\u015f\u0131m\u0131n ertesi g\u00fcn\u00fc, \u0130svi\u00e7re&#8217;den gelen meslekta\u015f\u0131m ve ben otelden al\u0131nd\u0131k ve klini\u011fe g\u00f6t\u00fcr\u00fcld\u00fck. Klinik \u00e7ok hijyenik g\u00f6r\u00fcn\u00fcyordu ve personel ilgili ve g\u00fcler y\u00fczl\u00fcyd\u00fc, t\u00fcm sorular\u0131m\u0131 hemen yan\u0131tlad\u0131lar. Olas\u0131 komplikasyonlar\u0131 g\u00f6zden ge\u00e7irdikten sonra ameliyat i\u00e7in onay verdim. Hafif bir huzursuzluk hissetmeme ra\u011fmen, doktora ve cerrah olarak engin deneyimine g\u00fcvendim. Ameliyattan \u00f6nce biraz al\u0131\u015fveri\u015f yapacak vaktim oldu ve \u00e7o\u011fu hastan\u0131n ameliyat\u0131 beklenenden daha az rahats\u0131z edici buldu\u011funu bildi\u011fim i\u00e7in kendimi \u00e7ok rahat hissettim. Ayr\u0131ca, kendimi \u00f6zellikle a\u011fr\u0131ya duyarl\u0131 biri olarak g\u00f6rm\u00fcyorum. Ameliyattan k\u0131sa bir s\u00fcre \u00f6nce olduk\u00e7a gergindim. G\u00f6z\u00fcm vakumland\u0131, bu da ho\u015fuma gitmedi. \u015eiddetli miyoplu\u011fum nedeniyle, 20 saniye boyunca ye\u015fil bir noktaya odaklanmam gerekiyordu, ancak ne yaz\u0131k ki gerginli\u011fimden dolay\u0131 bunu ba\u015faramad\u0131m, bu da lazerin birka\u00e7 kez yeniden konumland\u0131r\u0131lmas\u0131 gerekti\u011fi anlam\u0131na geliyordu. Bu utan\u00e7 vericiydi ve daha da korkutucu olan\u0131, bunun ameliyat\u0131n sonucunu olumsuz etkileyebilece\u011fi korkusuydu. Ama sonunda her \u015fey yolunda gitti. Ameliyattan sonra her \u015fey karard\u0131 ve g\u00f6zlerimi ger\u00e7ekten a\u00e7amad\u0131m. Bir otele g\u00f6t\u00fcr\u00fcld\u00fcm, orada hemen derin bir uykuya dald\u0131m ve \u00fc\u00e7 saat sonra uyand\u0131m. \u015eimdi her \u015fey neredeyse m\u00fckemmeldi; g\u00f6zlerimi ac\u0131 \u00e7ekmeden a\u00e7abiliyor ve otel odamdan Bo\u011faz&#8217;a bakabiliyordum &#8211; g\u00f6zl\u00fck veya kontakt lens olmadan! \u0130nan\u0131lmaz bir duygu!                           G\u00f6z\u00fcmdeki hafif ka\u015f\u0131nt\u0131 ve kumlu his \u00e7ok rahats\u0131z edici de\u011fildi. Sonraki iki sabah, ilk i\u015f olarak pencerenin yan\u0131nda durup manzaran\u0131n tad\u0131n\u0131 \u00e7\u0131kard\u0131m! Ak\u015famlar\u0131 ise kontakt lenslerimi \u00e7\u0131karma iste\u011fimi bast\u0131rmak zorunda kald\u0131m. Z\u00fcrih&#8217;teki kontrol randevusunda korneamda hafif bir yara izi oldu\u011fu ortaya \u00e7\u0131kt\u0131 ve bu durum zaman zaman g\u00f6z\u00fcmde hafif bir ka\u015f\u0131nt\u0131 olarak kendini g\u00f6steriyor. Ancak bu ka\u015f\u0131nt\u0131n\u0131n iki ay sonraki son kontrolde tamamen kaybolmas\u0131 bekleniyor. Bu i\u015flemi yapt\u0131rd\u0131\u011f\u0131ma \u00e7ok memnunum ve tekrar yapt\u0131r\u0131rd\u0131m. Swisslasik&#8217;i g\u00f6n\u00fclden tavsiye ederim. Aurelia Derksen       <\/p>\n\n<div class=\"wp-block-group is-layout-grid wp-container-core-group-is-layout-baef362d wp-block-group-is-layout-grid\">\n<p><a href=\"https:\/\/medicaltravel.at\/home\/agb\/\" data-type=\"page\" data-id=\"2191\" rel=\"nofollow noopener\" target=\"_blank\"><\/a><a href=\"https:\/\/swisslasik.ch\/tr\/hasta-deneyimleri-goez-ameliyati-tuerkiye-istanbul\/istanbuldaki-goez-ameliyatim-alarm-saati-847yi-goesteriyordu-her-zamankinden-daha-net-goerueyordum-2-kasim-2009-pazartesi-tarihli-rapor\/\" data-type=\"link\" data-id=\"https:\/\/swisslasik.ch\/patientenerfahrungen-augenoperation-tuerkei\/meine-augen-op-in-istanbul-auf-dem-wecker-stand-847-scharf-wie-nie-zuvor-bericht-vom-montag-02-november-2009\/\">\u00d6nceki rapor<\/a><\/p>\n\n\n\n<p class=\"has-text-align-right wp-container-content-5e2576f9\"><a href=\"https:\/\/medicaltravel.at\/home\/impressum\/\" data-type=\"page\" data-id=\"2193\" rel=\"nofollow noopener\" target=\"_blank\"><\/a><a href=\"https:\/\/medicaltravel.at\/home\/berichte-von-patienten\/erfahrungsberichte\/erfahrungsbericht-zahnbehandlung-in-istanbul\/\" data-type=\"page\" data-id=\"981\" rel=\"nofollow noopener\" target=\"_blank\"><\/a><a href=\"https:\/\/swisslasik.ch\/tr\/hasta-deneyimleri-goez-ameliyati-tuerkiye-istanbul\/istanbulda-lasik-ameliyatimdan-5-ay-sonraki-sonuclarim-21-ekim-2009-carsamba-tarihli-rapor\/\" data-type=\"link\" data-id=\"https:\/\/swisslasik.ch\/patientenerfahrungen-augenoperation-tuerkei\/meine-resultate-nach-5-monaten-meiner-lasik-operation-in-istanbul-bericht-vom-mittwoch-21-oktober-2009\/\">Sonraki rapor<\/a><\/p>\n<\/div>\n","protected":false},"excerpt":{"rendered":"<p>K\u00f6stebeklikten Kartala \u2013 2 Kas\u0131m 2009 Pazartesi Raporu 4.50 ve 7.25 diyoptri miyoplu\u011fumla, d\u00fczeltici lensler olmadan neredeyse k\u00f6rd\u00fcm. G\u00f6zl\u00fckler \u00f6zellikle spor yaparken \u00e7ok rahats\u0131z ediciydi ve g\u00f6z doktoruna \u00fc\u00e7 acil randevudan sonra art\u0131k kontakt lens takmak istemiyordum. Asl\u0131nda yeni g\u00f6zl\u00fck ar\u0131yordum ama hi\u00e7birini be\u011fenmedi\u011fim i\u00e7in \u015f\u00fck\u00fcrler olsun ki sat\u0131n almay\u0131 erteledim. Bir meslekta\u015f\u0131m, Z\u00fcrih&#8217;teki bir meslekta\u015f\u0131n\u0131n lazer g\u00f6z ameliyat\u0131 i\u00e7in \u00f6n g\u00f6r\u00fc\u015fme yapt\u0131\u011f\u0131n\u0131 ancak hen\u00fcz nihai karar vermedi\u011fini s\u00f6yledi. Spontane olarak Z\u00fcrih&#8217;te Say\u0131n Karaagacli ile randevu ayarlad\u0131m ve doktordan ameliyat i\u00e7in onay ald\u0131m. G\u00f6z doktoru yetkin ve arkada\u015f canl\u0131s\u0131yd\u0131. \u0130stanbul&#8217;da ameliyat olma konusundaki \u015f\u00fcphelerimi, bildi\u011fi kadar\u0131yla \u0130stanbul&#8217;un en modern ekipmana sahip oldu\u011funu, \u0130svi\u00e7re&#8217;deki baz\u0131 kliniklerin ise &#8220;eski&#8221; lazer cihazlar\u0131yla donat\u0131lm\u0131\u015f oldu\u011funu a\u00e7\u0131klayarak giderdi. Tatilim i\u015f nedeniyle k\u0131s\u0131tl\u0131 oldu\u011fu i\u00e7in, d\u00f6rt g\u00fcn sonra on g\u00fcn i\u00e7inde yap\u0131lacak ameliyat i\u00e7in fiyat teklifi istedim. Hemen randevu ald\u0131m ve premium paketi tercih ettim. Di\u011fer Swisslasik hastalar\u0131n\u0131n da ayn\u0131 anda ameliyat olaca\u011f\u0131n\u0131 bildi\u011fim bir tarih se\u00e7tim. Bir Swisslasik temsilcisi beni \u0130stanbul havaalan\u0131ndan ald\u0131 ve u\u00e7u\u015f ve otel konaklamalar\u0131 iyi organize edilmi\u015fti. Son dakika karar\u0131m g\u00f6z \u00f6n\u00fcne al\u0131nd\u0131\u011f\u0131nda, seyahat belgelerimi biraz ge\u00e7 ald\u0131m, bu da beklenen bir durumdu. Var\u0131\u015f\u0131m\u0131n ertesi g\u00fcn\u00fc, \u0130svi\u00e7re&#8217;den gelen meslekta\u015f\u0131m ve ben otelden al\u0131nd\u0131k ve klini\u011fe g\u00f6t\u00fcr\u00fcld\u00fck. Klinik \u00e7ok hijyenik g\u00f6r\u00fcn\u00fcyordu ve personel ilgili ve g\u00fcler y\u00fczl\u00fcyd\u00fc, t\u00fcm sorular\u0131m\u0131 hemen yan\u0131tlad\u0131lar. Olas\u0131 komplikasyonlar\u0131 g\u00f6zden ge\u00e7irdikten sonra ameliyat i\u00e7in onay verdim. Hafif bir huzursuzluk hissetmeme ra\u011fmen, doktora ve cerrah olarak engin deneyimine g\u00fcvendim. Ameliyattan \u00f6nce biraz al\u0131\u015fveri\u015f yapacak vaktim oldu ve \u00e7o\u011fu hastan\u0131n ameliyat\u0131 beklenenden daha az rahats\u0131z edici buldu\u011funu bildi\u011fim i\u00e7in kendimi \u00e7ok rahat hissettim. Ayr\u0131ca, kendimi \u00f6zellikle a\u011fr\u0131ya duyarl\u0131 biri olarak g\u00f6rm\u00fcyorum. Ameliyattan k\u0131sa bir s\u00fcre \u00f6nce olduk\u00e7a gergindim. G\u00f6z\u00fcm vakumland\u0131, bu da ho\u015fuma gitmedi. \u015eiddetli miyoplu\u011fum nedeniyle, 20 saniye boyunca ye\u015fil bir noktaya odaklanmam gerekiyordu, ancak ne yaz\u0131k ki gerginli\u011fimden dolay\u0131 bunu ba\u015faramad\u0131m, bu da lazerin birka\u00e7 kez yeniden konumland\u0131r\u0131lmas\u0131 gerekti\u011fi anlam\u0131na geliyordu. Bu utan\u00e7 vericiydi ve daha da korkutucu olan\u0131, bunun ameliyat\u0131n sonucunu olumsuz etkileyebilece\u011fi korkusuydu. Ama sonunda her \u015fey yolunda gitti. Ameliyattan sonra her \u015fey karard\u0131 ve g\u00f6zlerimi ger\u00e7ekten a\u00e7amad\u0131m. Bir otele g\u00f6t\u00fcr\u00fcld\u00fcm, orada hemen derin bir uykuya dald\u0131m ve \u00fc\u00e7 saat sonra uyand\u0131m. \u015eimdi her \u015fey neredeyse m\u00fckemmeldi; g\u00f6zlerimi ac\u0131 \u00e7ekmeden a\u00e7abiliyor ve otel odamdan Bo\u011faz&#8217;a bakabiliyordum &#8211; g\u00f6zl\u00fck veya kontakt lens olmadan! \u0130nan\u0131lmaz bir duygu! G\u00f6z\u00fcmdeki hafif ka\u015f\u0131nt\u0131 ve kumlu his \u00e7ok rahats\u0131z edici de\u011fildi. Sonraki iki sabah, ilk i\u015f olarak pencerenin yan\u0131nda durup manzaran\u0131n tad\u0131n\u0131 \u00e7\u0131kard\u0131m! Ak\u015famlar\u0131 ise kontakt lenslerimi \u00e7\u0131karma iste\u011fimi bast\u0131rmak zorunda kald\u0131m. Z\u00fcrih&#8217;teki kontrol randevusunda korneamda hafif bir yara izi oldu\u011fu ortaya \u00e7\u0131kt\u0131 ve bu durum zaman zaman g\u00f6z\u00fcmde hafif bir ka\u015f\u0131nt\u0131 olarak kendini g\u00f6steriyor. Ancak bu ka\u015f\u0131nt\u0131n\u0131n iki ay sonraki son kontrolde tamamen kaybolmas\u0131 bekleniyor. Bu i\u015flemi yapt\u0131rd\u0131\u011f\u0131ma \u00e7ok memnunum ve tekrar yapt\u0131r\u0131rd\u0131m. Swisslasik&#8217;i g\u00f6n\u00fclden tavsiye ederim. Aurelia Derksen \u00d6nceki rapor Sonraki rapor<\/p>\n","protected":false},"author":4,"featured_media":0,"parent":3973,"menu_order":0,"comment_status":"closed","ping_status":"closed","template":"","meta":{"_joinchat":[],"footnotes":""},"class_list":["post-4042","page","type-page","status-publish","hentry"],"acf":[],"_links":{"self":[{"href":"https:\/\/swisslasik.ch\/tr\/wp-json\/wp\/v2\/pages\/4042","targetHints":{"allow":["GET"]}}],"collection":[{"href":"https:\/\/swisslasik.ch\/tr\/wp-json\/wp\/v2\/pages"}],"about":[{"href":"https:\/\/swisslasik.ch\/tr\/wp-json\/wp\/v2\/types\/page"}],"author":[{"embeddable":true,"href":"https:\/\/swisslasik.ch\/tr\/wp-json\/wp\/v2\/users\/4"}],"replies":[{"embeddable":true,"href":"https:\/\/swisslasik.ch\/tr\/wp-json\/wp\/v2\/comments?post=4042"}],"version-history":[{"count":1,"href":"https:\/\/swisslasik.ch\/tr\/wp-json\/wp\/v2\/pages\/4042\/revisions"}],"predecessor-version":[{"id":4043,"href":"https:\/\/swisslasik.ch\/tr\/wp-json\/wp\/v2\/pages\/4042\/revisions\/4043"}],"up":[{"embeddable":true,"href":"https:\/\/swisslasik.ch\/tr\/wp-json\/wp\/v2\/pages\/3973"}],"wp:attachment":[{"href":"https:\/\/swisslasik.ch\/tr\/wp-json\/wp\/v2\/media?parent=4042"}],"curies":[{"name":"wp","href":"https:\/\/api.w.org\/{rel}","templated":true}]}}