{"id":4046,"date":"2025-09-17T13:55:15","date_gmt":"2025-09-17T12:55:15","guid":{"rendered":"https:\/\/swisslasik.ch\/taksitli-oedeme-tedavinizin-uecretini-taksitler-halinde-oedeyin\/"},"modified":"2026-01-09T01:59:13","modified_gmt":"2026-01-09T00:59:13","slug":"taksitli-oedeme-tedavinizin-uecretini-taksitler-halinde-oedeyin","status":"publish","type":"page","link":"https:\/\/swisslasik.ch\/tr\/taksitli-oedeme-tedavinizin-uecretini-taksitler-halinde-oedeyin\/","title":{"rendered":"Taksitli \u00f6deme: Tedavinizin \u00fccretini taksitler halinde \u00f6deyin."},"content":{"rendered":"\n<h2 class=\"wp-block-heading\">TEDAV\u0130N\u0130Z \u0130\u00c7\u0130N TAKS\u0130TL\u0130 \u00d6DEME M\u00dcMK\u00dcND\u00dcR<\/h2>\n\n<h2 class=\"wp-block-heading\">TEDAV\u0130N\u0130Z \u0130\u00c7\u0130N TAKS\u0130TL\u0130 \u00d6DEME M\u00dcMK\u00dcND\u00dcR<\/h2>\n\n<p>\u0130stedi\u011finiz tedaviyi yapt\u0131rmay\u0131 \u00e7ok isterdiniz, ancak paran\u0131z yetmiyor.<\/p>\n\n<p>Art\u0131k beklemenize gerek yok. MedicalTravel, <a href=\"https:\/\/crowd4cash.ch\/registration?ref=7244-EP\" target=\"_blank\" rel=\"noreferrer noopener nofollow\">Crowd4cash <\/a>ile i\u015fbirli\u011fi yaparak, istedi\u011finiz tedavileri taksitli \u00f6demelerle finanse etmenizi sa\u011fl\u0131yor. <\/p>\n\n<p><strong><a href=\"https:\/\/crowd4cash.ch\/registration?ref=7244-EP\" target=\"_blank\" rel=\"noreferrer noopener nofollow\">Crowd4cash<\/a><\/strong>, \u0130svi\u00e7re&#8217;de taksitli \u00f6demelerin \u00f6nde gelen sa\u011flay\u0131c\u0131s\u0131d\u0131r.<\/p>\n\n<p><strong>Taksitli \u00f6deme i\u00e7in nas\u0131l ba\u015fvuru yapabilirim?<\/strong><\/p>\n\n<p>1. Crowd4Cash i\u00e7in \u00e7evrimi\u00e7i ba\u015fvuruyu <a href=\"https:\/\/crowd4cash.ch\/registration?ref=7244-EP\" target=\"_blank\" rel=\"noreferrer noopener nofollow\">buradan <\/a>tamamlay\u0131n (&#8221;Bor\u00e7lu&#8221; b\u00f6l\u00fcm\u00fc). \u015eirket sizden a\u015fa\u011f\u0131daki belgeleri talep etmektedir:<br\/>\u2013 Kimlik kart\u0131n\u0131z\u0131n veya pasaportunuzun fotokopisi\/taramas\u0131<br\/>\u2013 Son \u00fc\u00e7 maa\u015f bordronuz <\/p>\n\n<p>2.000 \u0130svi\u00e7re Frang\u0131&#8217;ndan itibaren taksitli \u00f6deme m\u00fcmk\u00fcnd\u00fcr.<\/p>\n\n<p>2. Krediniz onaylan\u0131p fonland\u0131ktan sonra, taksit \u00f6demelerine ili\u015fkin fatura ve s\u00f6zle\u015fme imzalaman\u0131z i\u00e7in e-posta ile size g\u00f6nderilecektir.<\/p>\n\n<p>3. \u0130mzalad\u0131\u011f\u0131n\u0131z s\u00f6zle\u015fmeyi Crowd4Cash&#8217;e y\u00fckleyin.<\/p>\n\n<p>Art\u0131k T\u00fcrkiye seyahatinizi g\u00fcvenle rezerve edebilirsiniz. \u00d6deme do\u011frudan MedicalTravel&#8217;a yap\u0131l\u0131r. Ba\u015fka hi\u00e7bir \u015fey i\u00e7in endi\u015felenmenize gerek yok; gerisini biz halledece\u011fiz.  <\/p>\n\n<p>Taksitli \u00d6deme \u0130\u00e7in Minimum Kriterler<br\/>\u2022 \u0130svi\u00e7re vatanda\u015f\u0131, C veya B vizesi (\u0130svi\u00e7re&#8217;de en az 3 y\u0131l ikamet etmi\u015f olmak)<br\/>\u2022 Daimi i\u015f s\u00f6zle\u015fmesi<br\/>\u2022 20-65 ya\u015f aras\u0131<br\/>\u2022 Ayl\u0131k net gelir en az 4.000 CHF<br\/>\u2022 \u0130yi kredi notu (son \u00fc\u00e7 y\u0131lda tahsilat davas\u0131 a\u00e7\u0131lmam\u0131\u015f olmas\u0131)<\/p>\n\n<p>Maliyetler<br\/>\u0130\u015fte size maliyetler hakk\u0131nda fikir vermek i\u00e7in bir \u00f6rnek. Bu \u00f6rnek taksit plan\u0131 i\u00e7in taksitler ve maliyetler (m\u00fckemmel kredi notuyla) 2.000 CHF&#8217;dir: <\/p>\n\n<p>\u2022 3 ayl\u0131k taksitle: Ayl\u0131k \u00f6deme 673,34 CHF (Toplam maliyet: 30,95 CHF)<br\/>\u2022 12 ayl\u0131k taksitle: Ayl\u0131k \u00f6deme 170,21 CHF (Toplam maliyet: 56,50 CHF)<br\/>\u2022 24 ayl\u0131k taksitle: Ayl\u0131k \u00f6deme 86,93 CHF (Toplam maliyet: 114,53 CHF)<\/p>\n\n<p>Bor\u00e7 verenin a\u015f\u0131r\u0131 bor\u00e7lanmas\u0131na yol a\u00e7mas\u0131 halinde bor\u00e7 verme yasakt\u0131r (Madde 3 UWG).<\/p>\n\n<p>\u00d6demelerinizi 48 aya kadar taksitler halinde yapabilirsiniz.<\/p>\n\n<p><strong><a href=\"https:\/\/crowd4cash.ch\/registration?ref=7244-EP\" rel=\"nofollow noopener\" target=\"_blank\">Crowd4Cash Hakk\u0131nda<\/a><\/strong><br\/>Crowd4Cash, kitlesel fonlama yoluyla kredi sa\u011flayan ba\u011f\u0131ms\u0131z bir kredi kurulu\u015fudur. \u00d6zel yat\u0131r\u0131mc\u0131lar ve bor\u00e7lular aras\u0131ndaki do\u011frudan ba\u011flant\u0131 sayesinde Crowd4Cash, geleneksel sa\u011flay\u0131c\u0131lara g\u00f6re daha avantajl\u0131 ko\u015fullar sunmaktad\u0131r. Kredi ba\u015fvurusu tamamen dijitaldir ve kredi karar\u0131 24 saat i\u00e7inde verilir. Crowd4Cash, Zug Kantonu&#8217;ndan bir kredi lisans\u0131na sahiptir. Bu nedenle, kredi s\u00f6zle\u015fmeniz genellikle do\u011frudan Crowd4Cash ile yap\u0131l\u0131r. Do\u011frudan kredi onay\u0131 i\u00e7in gereken \u015fartlar kar\u015f\u0131lanmad\u0131\u011f\u0131 takdirde Crowd4Cash kredi ba\u015fvurusunu iletebilir.     <\/p>\n\n<p>\u00d6NEML\u0130 B\u0130LG\u0130: Ba\u015fvurunuzun durumu hakk\u0131nda MedicalTravel bilgilendirilecektir. Bu, s\u00fcrekli bilgi ak\u0131\u015f\u0131n\u0131 sa\u011flar ve daha iyi seyahat planlamas\u0131na olanak tan\u0131r. L\u00fctfen kredi s\u00f6zle\u015fmesinin yaln\u0131zca sizin ve Crowd4cash aras\u0131nda oldu\u011funu unutmay\u0131n. MedicalTravel yaln\u0131zca teklifi sunar ve sorumlu de\u011fildir. Kay\u0131t olarak bu prosed\u00fcr\u00fc kabul etmi\u015f olursunuz.    <\/p>\n\n<p>H\u00e2l\u00e2 sorular\u0131n\u0131z var m\u0131? Hemen <a href=\"https:\/\/www.swisslasik.ch\/home\/kontakt\/\">buradan <\/a>bizimle ileti\u015fime ge\u00e7in. Size yard\u0131mc\u0131 olmaktan mutluluk duyar\u0131z. Sayg\u0131lar\u0131m\u0131zla, SwissLasik Ekibiniz  <\/p>\n\n<p id=\"caption-attachment-5464\">Taksitlerle kolayca \u00f6deme yap\u0131n!<\/p>\n","protected":false},"excerpt":{"rendered":"<p>TEDAV\u0130N\u0130Z \u0130\u00c7\u0130N TAKS\u0130TL\u0130 \u00d6DEME M\u00dcMK\u00dcND\u00dcR TEDAV\u0130N\u0130Z \u0130\u00c7\u0130N TAKS\u0130TL\u0130 \u00d6DEME M\u00dcMK\u00dcND\u00dcR \u0130stedi\u011finiz tedaviyi yapt\u0131rmay\u0131 \u00e7ok isterdiniz, ancak paran\u0131z yetmiyor. Art\u0131k beklemenize gerek yok. MedicalTravel, Crowd4cash ile i\u015fbirli\u011fi yaparak, istedi\u011finiz tedavileri taksitli \u00f6demelerle finanse etmenizi sa\u011fl\u0131yor. Crowd4cash, \u0130svi\u00e7re&#8217;de taksitli \u00f6demelerin \u00f6nde gelen sa\u011flay\u0131c\u0131s\u0131d\u0131r. Taksitli \u00f6deme i\u00e7in nas\u0131l ba\u015fvuru yapabilirim? 1. Crowd4Cash i\u00e7in \u00e7evrimi\u00e7i ba\u015fvuruyu buradan tamamlay\u0131n (&#8221;Bor\u00e7lu&#8221; b\u00f6l\u00fcm\u00fc). \u015eirket sizden a\u015fa\u011f\u0131daki belgeleri talep etmektedir:\u2013 Kimlik kart\u0131n\u0131z\u0131n veya pasaportunuzun fotokopisi\/taramas\u0131\u2013 Son \u00fc\u00e7 maa\u015f bordronuz 2.000 \u0130svi\u00e7re Frang\u0131&#8217;ndan itibaren taksitli \u00f6deme m\u00fcmk\u00fcnd\u00fcr. 2. Krediniz onaylan\u0131p fonland\u0131ktan sonra, taksit \u00f6demelerine ili\u015fkin fatura ve s\u00f6zle\u015fme imzalaman\u0131z i\u00e7in e-posta ile size g\u00f6nderilecektir. 3. \u0130mzalad\u0131\u011f\u0131n\u0131z s\u00f6zle\u015fmeyi Crowd4Cash&#8217;e y\u00fckleyin. Art\u0131k T\u00fcrkiye seyahatinizi g\u00fcvenle rezerve edebilirsiniz. \u00d6deme do\u011frudan MedicalTravel&#8217;a yap\u0131l\u0131r. Ba\u015fka hi\u00e7bir \u015fey i\u00e7in endi\u015felenmenize gerek yok; gerisini biz halledece\u011fiz. Taksitli \u00d6deme \u0130\u00e7in Minimum Kriterler\u2022 \u0130svi\u00e7re vatanda\u015f\u0131, C veya B vizesi (\u0130svi\u00e7re&#8217;de en az 3 y\u0131l ikamet etmi\u015f olmak)\u2022 Daimi i\u015f s\u00f6zle\u015fmesi\u2022 20-65 ya\u015f aras\u0131\u2022 Ayl\u0131k net gelir en az 4.000 CHF\u2022 \u0130yi kredi notu (son \u00fc\u00e7 y\u0131lda tahsilat davas\u0131 a\u00e7\u0131lmam\u0131\u015f olmas\u0131) Maliyetler\u0130\u015fte size maliyetler hakk\u0131nda fikir vermek i\u00e7in bir \u00f6rnek. Bu \u00f6rnek taksit plan\u0131 i\u00e7in taksitler ve maliyetler (m\u00fckemmel kredi notuyla) 2.000 CHF&#8217;dir: \u2022 3 ayl\u0131k taksitle: Ayl\u0131k \u00f6deme 673,34 CHF (Toplam maliyet: 30,95 CHF)\u2022 12 ayl\u0131k taksitle: Ayl\u0131k \u00f6deme 170,21 CHF (Toplam maliyet: 56,50 CHF)\u2022 24 ayl\u0131k taksitle: Ayl\u0131k \u00f6deme 86,93 CHF (Toplam maliyet: 114,53 CHF) Bor\u00e7 verenin a\u015f\u0131r\u0131 bor\u00e7lanmas\u0131na yol a\u00e7mas\u0131 halinde bor\u00e7 verme yasakt\u0131r (Madde 3 UWG). \u00d6demelerinizi 48 aya kadar taksitler halinde yapabilirsiniz. Crowd4Cash Hakk\u0131ndaCrowd4Cash, kitlesel fonlama yoluyla kredi sa\u011flayan ba\u011f\u0131ms\u0131z bir kredi kurulu\u015fudur. \u00d6zel yat\u0131r\u0131mc\u0131lar ve bor\u00e7lular aras\u0131ndaki do\u011frudan ba\u011flant\u0131 sayesinde Crowd4Cash, geleneksel sa\u011flay\u0131c\u0131lara g\u00f6re daha avantajl\u0131 ko\u015fullar sunmaktad\u0131r. Kredi ba\u015fvurusu tamamen dijitaldir ve kredi karar\u0131 24 saat i\u00e7inde verilir. Crowd4Cash, Zug Kantonu&#8217;ndan bir kredi lisans\u0131na sahiptir. Bu nedenle, kredi s\u00f6zle\u015fmeniz genellikle do\u011frudan Crowd4Cash ile yap\u0131l\u0131r. Do\u011frudan kredi onay\u0131 i\u00e7in gereken \u015fartlar kar\u015f\u0131lanmad\u0131\u011f\u0131 takdirde Crowd4Cash kredi ba\u015fvurusunu iletebilir. \u00d6NEML\u0130 B\u0130LG\u0130: Ba\u015fvurunuzun durumu hakk\u0131nda MedicalTravel bilgilendirilecektir. Bu, s\u00fcrekli bilgi ak\u0131\u015f\u0131n\u0131 sa\u011flar ve daha iyi seyahat planlamas\u0131na olanak tan\u0131r. L\u00fctfen kredi s\u00f6zle\u015fmesinin yaln\u0131zca sizin ve Crowd4cash aras\u0131nda oldu\u011funu unutmay\u0131n. MedicalTravel yaln\u0131zca teklifi sunar ve sorumlu de\u011fildir. Kay\u0131t olarak bu prosed\u00fcr\u00fc kabul etmi\u015f olursunuz. H\u00e2l\u00e2 sorular\u0131n\u0131z var m\u0131? Hemen buradan bizimle ileti\u015fime ge\u00e7in. Size yard\u0131mc\u0131 olmaktan mutluluk duyar\u0131z. Sayg\u0131lar\u0131m\u0131zla, SwissLasik Ekibiniz Taksitlerle kolayca \u00f6deme yap\u0131n!<\/p>\n","protected":false},"author":4,"featured_media":0,"parent":0,"menu_order":0,"comment_status":"closed","ping_status":"closed","template":"","meta":{"_joinchat":[],"footnotes":""},"class_list":["post-4046","page","type-page","status-publish","hentry"],"acf":[],"_links":{"self":[{"href":"https:\/\/swisslasik.ch\/tr\/wp-json\/wp\/v2\/pages\/4046","targetHints":{"allow":["GET"]}}],"collection":[{"href":"https:\/\/swisslasik.ch\/tr\/wp-json\/wp\/v2\/pages"}],"about":[{"href":"https:\/\/swisslasik.ch\/tr\/wp-json\/wp\/v2\/types\/page"}],"author":[{"embeddable":true,"href":"https:\/\/swisslasik.ch\/tr\/wp-json\/wp\/v2\/users\/4"}],"replies":[{"embeddable":true,"href":"https:\/\/swisslasik.ch\/tr\/wp-json\/wp\/v2\/comments?post=4046"}],"version-history":[{"count":5,"href":"https:\/\/swisslasik.ch\/tr\/wp-json\/wp\/v2\/pages\/4046\/revisions"}],"predecessor-version":[{"id":4057,"href":"https:\/\/swisslasik.ch\/tr\/wp-json\/wp\/v2\/pages\/4046\/revisions\/4057"}],"wp:attachment":[{"href":"https:\/\/swisslasik.ch\/tr\/wp-json\/wp\/v2\/media?parent=4046"}],"curies":[{"name":"wp","href":"https:\/\/api.w.org\/{rel}","templated":true}]}}