{"id":4049,"date":"2025-09-24T12:11:02","date_gmt":"2025-09-24T11:11:02","guid":{"rendered":"https:\/\/swisslasik.ch\/samuel-muellerin-lazer-goez-ameliyati-icin-istanbul-acibadem-maslak-klinigine-yaptigi-seyahat-raporu-18-temmuz-2013-persembe-tarihli-rapor\/"},"modified":"2026-01-14T17:37:50","modified_gmt":"2026-01-14T16:37:50","slug":"samuel-muellerin-lazer-goez-ameliyati-icin-istanbul-acibadem-maslak-klinigine-yaptigi-seyahat-raporu-18-temmuz-2013-persembe-tarihli-rapor","status":"publish","type":"page","link":"https:\/\/swisslasik.ch\/tr\/samuel-muellerin-lazer-goez-ameliyati-icin-istanbul-acibadem-maslak-klinigine-yaptigi-seyahat-raporu-18-temmuz-2013-persembe-tarihli-rapor\/","title":{"rendered":"Samuel M\u00fcller&#8217;in lazer g\u00f6z ameliyat\u0131 i\u00e7in \u0130stanbul Ac\u0131badem Maslak Klini\u011fi&#8217;ne yapt\u0131\u011f\u0131 seyahat raporu.18 Temmuz 2013 Per\u015fembe tarihli rapor."},"content":{"rendered":"\n<h3 class=\"wp-block-heading\"><g id=\"gid_0\"><g id=\"gid_1\">Samuel M\u00fcller&#8217;in lazer g\u00f6z ameliyat\u0131 i\u00e7in \u0130stanbul Ac\u0131badem Maslak Klini\u011fi&#8217;ne yapt\u0131\u011f\u0131 seyahat raporu.<\/g><\/g> \u2013 18 Temmuz 2013 Per\u015fembe tarihli rapor. <\/h3>\n\n<figure class=\"wp-block-image size-full\"><img decoding=\"async\" width=\"120\" height=\"80\" src=\"https:\/\/swisslasik.ch\/wp-content\/uploads\/2025\/09\/csm_Fotolia_5960726_L_Augenlied_9c0287761a.jpg\" alt=\"\" class=\"wp-image-399\"\/><\/figure>\n\n<p><br\/>Uzun bir d\u00fc\u015f\u00fcnme ve fiyatlar\u0131 kar\u015f\u0131la\u015ft\u0131rma s\u00fcrecinin ard\u0131ndan, g\u00f6zlerimi \u0130stanbul\u2019da lazerle tedavi ettirmeye karar verdim. Ailem ve arkada\u015f \u00e7evremden gelen baz\u0131 endi\u015felere ra\u011fmen, bu ad\u0131m\u0131 atmaya cesaret ettim ve kesinlikle pi\u015fman de\u011filim. SwissLasik ile yap\u0131lan rezervasyon sorunsuz ge\u00e7ti, bilgilendirme materyalleri ve seyahat belgeleri birka\u00e7 g\u00fcn i\u00e7inde posta kutuma ula\u015ft\u0131. 10 Temmuz\u2019da u\u00e7u\u015fum ger\u00e7ekle\u015fti. Ebeveynlerim, benimle birlikte \u0130stanbul\u2019a seyahat etme f\u0131rsat\u0131n\u0131 de\u011ferlendirdiler ve \u015fehri gezdiler. \u0130stanbul\u2019a saat 2\u2019de vard\u0131k ve bizi otelimize g\u00fcvenle g\u00f6t\u00fcren \u015fof\u00f6r\u00fcm\u00fcz taraf\u0131ndan kar\u015f\u0131land\u0131k. Saat 3\u2019te Taksim Meydan\u0131\u2019na gitmek \u00fczere yola \u00e7\u0131kt\u0131k. \u0130lk g\u00fcn\u00fcm\u00fcz, nefis bir T\u00fcrk ak\u015fam yeme\u011fiyle son buldu. 11 Temmuz sabah\u0131 biraz heyecanl\u0131yd\u0131m \u00e7\u00fcnk\u00fc o g\u00fcn operasyonum yap\u0131lacakt\u0131, ancak \u00f6n muayenede her \u015fey yolunda giderse. Otelde kahvalt\u0131 yapt\u0131ktan sonra, \u015fof\u00f6r taraf\u0131ndan Ac\u0131badem Hastanesi\u2019ne g\u00f6t\u00fcr\u00fcld\u00fcm. \u00d6n muayene uzun s\u00fcrd\u00fc, ancak bunun bana ger\u00e7ekten her \u015feyin dikkatlice kontrol edilmesi i\u00e7in zaman ayr\u0131ld\u0131\u011f\u0131n\u0131 g\u00f6sterdi\u011fini fark ettim. T\u00fcm s\u00fcre\u00e7 boyunca, hastanede Almanca konu\u015fan bir ki\u015fi bana yard\u0131mc\u0131 oldu. O ki\u015fi hi\u00e7 yan\u0131mdan ayr\u0131lmad\u0131 ve doktorlar\u0131n s\u00f6ylediklerini s\u00fcrekli olarak bana \u00e7evirdi. Saat 12\u2019ye do\u011fru \u00f6n muayene tamamland\u0131 ve operasyona engel bir durum yoktu. Ancak, operasyonum saat 4\u2019teydi ve bu y\u00fczden o kadar beklemek zorunda kald\u0131m. Operasyon olduk\u00e7a ac\u0131l\u0131 ge\u00e7ti. Sorun, g\u00f6z \u00e7ukurlar\u0131m\u0131n dar ve derin olmas\u0131yd\u0131, bu da g\u00f6zl\u00fcklerin yerle\u015ftirilmesini zorla\u015ft\u0131r\u0131yordu. Lazer i\u015flemi ac\u0131s\u0131zd\u0131, yaln\u0131zca rahats\u0131z edici bir his yarat\u0131yordu. 40 dakika sonra \u015fof\u00f6r taraf\u0131ndan otele geri g\u00f6t\u00fcr\u00fcld\u00fcm ve hemen yata\u011fa uzand\u0131m. G\u00f6zlerim \u015fiddetli \u015fekilde sulan\u0131yordu ve neredeyse hi\u00e7 g\u00f6remiyordum. Ancak gece boyunca bu durum \u00f6nemli \u00f6l\u00e7\u00fcde iyile\u015fti. 12 Temmuz\u2019da g\u00f6zlerim olduk\u00e7a iyi g\u00f6rmeye ba\u015flad\u0131 ve otelde kahvalt\u0131m\u0131 sorunsuzca yapabildim. Tekrar bir \u015fof\u00f6r taraf\u0131ndan kontrol muayenesine g\u00f6t\u00fcr\u00fcld\u00fcm. Muayene sonu\u00e7lar\u0131na g\u00f6re her \u015fey yolunda gitmi\u015fti, g\u00f6zlerimde herhangi bir enfeksiyon veya iltihap yoktu ve ben art\u0131k %100 g\u00f6r\u00fcyordum!! Bu nedenle, \u00f6\u011fleden sonra \u015fehir turuna \u00e7\u0131k\u0131p keyifle gezdim. 13 Temmuz\u2019da sabah\u0131 tekrar \u015fehir gezisiyle de\u011ferlendirdik. \u00d6\u011fle vakti, \u015fof\u00f6r\u00fcm\u00fcz bizi havaalan\u0131na g\u00f6t\u00fcrd\u00fc ve burada \u0130svi\u00e7re\u2019ye d\u00f6n\u00fc\u015f u\u00e7u\u015fumuzu yapt\u0131k. Seyahat tamamen d\u00fczenliydi, havaalan\u0131 \u2013 otel \u2013 hastane \u2013 otel \u2013 havaalan\u0131 transferleri her zaman sorunsuz i\u015flendi. Hastanede de her zaman beni bekliyor ve Almanca konu\u015fan personel taraf\u0131ndan yard\u0131mc\u0131 oluyordum. Doktor ve personel son derece yetkin g\u00f6r\u00fcn\u00fcyordu ve her zaman g\u00fcvende hissettim.                                   Bu seyahati kesinlikle tekrar SwissLasik ile rezerve eder ve g\u00f6zlerimi \u0130stanbul\u2019da lazerle tedavi ettiririm, bunu herkese tavsiye edebilirim! \u0130svi\u00e7re\u2019de, Z\u00fcrich\u2019deki doktora kontrol muayenesi i\u00e7in gittim ve ayn\u0131 g\u00fcn \u00e7a\u011fr\u0131m\u0131 yapar yapmaz bir randevu ald\u0131m. G\u00f6zlerini lazerle tedavi ettirmek isteyen herkesi cesaretlendirebilirim. Hem maliyet tasarrufu sa\u011flan\u0131yor hem de \u0130stanbul\u2019u gezme f\u0131rsat\u0131 elde ediyorsunuz. N\u00e4fels, 17.07.2013    <\/p>\n\n<div class=\"wp-block-group is-layout-grid wp-container-core-group-is-layout-baef362d wp-block-group-is-layout-grid\">\n<p><a href=\"https:\/\/medicaltravel.at\/home\/agb\/\" data-type=\"page\" data-id=\"2191\" rel=\"nofollow noopener\" target=\"_blank\"><\/a><a href=\"https:\/\/swisslasik.ch\/tr\/patientenberichte-augenlasern-erfahrungen\/tuerkiyede-lazer-goez-ameliyati-hakkinda-hasta-raporu-25-temmuz-2013-persembe-tarihli-rapor\/\" data-type=\"link\" data-id=\"https:\/\/swisslasik.ch\/augenlasern-lasik-erfahrungen\/patientenbericht-augenlaser-in-der-turkei-bericht-vom-donnerstag-25-juli-2013\/\">\u00d6nceki rapor<\/a><\/p>\n\n\n\n<p class=\"has-text-align-right wp-container-content-5e2576f9\"><a href=\"https:\/\/medicaltravel.at\/home\/impressum\/\" data-type=\"page\" data-id=\"2193\" rel=\"nofollow noopener\" target=\"_blank\"><\/a><a href=\"https:\/\/medicaltravel.at\/home\/berichte-von-patienten\/erfahrungsberichte\/erfahrungsbericht-zahnbehandlung-in-istanbul\/\" data-type=\"page\" data-id=\"981\" rel=\"nofollow noopener\" target=\"_blank\"><\/a><a href=\"https:\/\/swisslasik.ch\/tr\/patientenberichte-augenlasern-erfahrungen\/silvana-romanonun-istanbulda-lazer-goez-ameliyati-hakkindaki-hasta-raporu-17-temmuz-2013-carsamba-tarihli-rapor\/\" data-type=\"link\" data-id=\"https:\/\/swisslasik.ch\/augenlasern-lasik-erfahrungen\/patientenbericht-augenlasern-in-istanbul-von-silvana-romano-bericht-vom-mittwoch-17-juli-2013\/\">Sonraki rapor<\/a><\/p>\n<\/div>\n","protected":false},"excerpt":{"rendered":"<p>Samuel M\u00fcller&#8217;in lazer g\u00f6z ameliyat\u0131 i\u00e7in \u0130stanbul Ac\u0131badem Maslak Klini\u011fi&#8217;ne yapt\u0131\u011f\u0131 seyahat raporu. \u2013 18 Temmuz 2013 Per\u015fembe tarihli rapor. Uzun bir d\u00fc\u015f\u00fcnme ve fiyatlar\u0131 kar\u015f\u0131la\u015ft\u0131rma s\u00fcrecinin ard\u0131ndan, g\u00f6zlerimi \u0130stanbul\u2019da lazerle tedavi ettirmeye karar verdim. Ailem ve arkada\u015f \u00e7evremden gelen baz\u0131 endi\u015felere ra\u011fmen, bu ad\u0131m\u0131 atmaya cesaret ettim ve kesinlikle pi\u015fman de\u011filim. SwissLasik ile yap\u0131lan rezervasyon sorunsuz ge\u00e7ti, bilgilendirme materyalleri ve seyahat belgeleri birka\u00e7 g\u00fcn i\u00e7inde posta kutuma ula\u015ft\u0131. 10 Temmuz\u2019da u\u00e7u\u015fum ger\u00e7ekle\u015fti. Ebeveynlerim, benimle birlikte \u0130stanbul\u2019a seyahat etme f\u0131rsat\u0131n\u0131 de\u011ferlendirdiler ve \u015fehri gezdiler. \u0130stanbul\u2019a saat 2\u2019de vard\u0131k ve bizi otelimize g\u00fcvenle g\u00f6t\u00fcren \u015fof\u00f6r\u00fcm\u00fcz taraf\u0131ndan kar\u015f\u0131land\u0131k. Saat 3\u2019te Taksim Meydan\u0131\u2019na gitmek \u00fczere yola \u00e7\u0131kt\u0131k. \u0130lk g\u00fcn\u00fcm\u00fcz, nefis bir T\u00fcrk ak\u015fam yeme\u011fiyle son buldu. 11 Temmuz sabah\u0131 biraz heyecanl\u0131yd\u0131m \u00e7\u00fcnk\u00fc o g\u00fcn operasyonum yap\u0131lacakt\u0131, ancak \u00f6n muayenede her \u015fey yolunda giderse. Otelde kahvalt\u0131 yapt\u0131ktan sonra, \u015fof\u00f6r taraf\u0131ndan Ac\u0131badem Hastanesi\u2019ne g\u00f6t\u00fcr\u00fcld\u00fcm. \u00d6n muayene uzun s\u00fcrd\u00fc, ancak bunun bana ger\u00e7ekten her \u015feyin dikkatlice kontrol edilmesi i\u00e7in zaman ayr\u0131ld\u0131\u011f\u0131n\u0131 g\u00f6sterdi\u011fini fark ettim. T\u00fcm s\u00fcre\u00e7 boyunca, hastanede Almanca konu\u015fan bir ki\u015fi bana yard\u0131mc\u0131 oldu. O ki\u015fi hi\u00e7 yan\u0131mdan ayr\u0131lmad\u0131 ve doktorlar\u0131n s\u00f6ylediklerini s\u00fcrekli olarak bana \u00e7evirdi. Saat 12\u2019ye do\u011fru \u00f6n muayene tamamland\u0131 ve operasyona engel bir durum yoktu. Ancak, operasyonum saat 4\u2019teydi ve bu y\u00fczden o kadar beklemek zorunda kald\u0131m. Operasyon olduk\u00e7a ac\u0131l\u0131 ge\u00e7ti. Sorun, g\u00f6z \u00e7ukurlar\u0131m\u0131n dar ve derin olmas\u0131yd\u0131, bu da g\u00f6zl\u00fcklerin yerle\u015ftirilmesini zorla\u015ft\u0131r\u0131yordu. Lazer i\u015flemi ac\u0131s\u0131zd\u0131, yaln\u0131zca rahats\u0131z edici bir his yarat\u0131yordu. 40 dakika sonra \u015fof\u00f6r taraf\u0131ndan otele geri g\u00f6t\u00fcr\u00fcld\u00fcm ve hemen yata\u011fa uzand\u0131m. G\u00f6zlerim \u015fiddetli \u015fekilde sulan\u0131yordu ve neredeyse hi\u00e7 g\u00f6remiyordum. Ancak gece boyunca bu durum \u00f6nemli \u00f6l\u00e7\u00fcde iyile\u015fti. 12 Temmuz\u2019da g\u00f6zlerim olduk\u00e7a iyi g\u00f6rmeye ba\u015flad\u0131 ve otelde kahvalt\u0131m\u0131 sorunsuzca yapabildim. Tekrar bir \u015fof\u00f6r taraf\u0131ndan kontrol muayenesine g\u00f6t\u00fcr\u00fcld\u00fcm. Muayene sonu\u00e7lar\u0131na g\u00f6re her \u015fey yolunda gitmi\u015fti, g\u00f6zlerimde herhangi bir enfeksiyon veya iltihap yoktu ve ben art\u0131k %100 g\u00f6r\u00fcyordum!! Bu nedenle, \u00f6\u011fleden sonra \u015fehir turuna \u00e7\u0131k\u0131p keyifle gezdim. 13 Temmuz\u2019da sabah\u0131 tekrar \u015fehir gezisiyle de\u011ferlendirdik. \u00d6\u011fle vakti, \u015fof\u00f6r\u00fcm\u00fcz bizi havaalan\u0131na g\u00f6t\u00fcrd\u00fc ve burada \u0130svi\u00e7re\u2019ye d\u00f6n\u00fc\u015f u\u00e7u\u015fumuzu yapt\u0131k. Seyahat tamamen d\u00fczenliydi, havaalan\u0131 \u2013 otel \u2013 hastane \u2013 otel \u2013 havaalan\u0131 transferleri her zaman sorunsuz i\u015flendi. Hastanede de her zaman beni bekliyor ve Almanca konu\u015fan personel taraf\u0131ndan yard\u0131mc\u0131 oluyordum. Doktor ve personel son derece yetkin g\u00f6r\u00fcn\u00fcyordu ve her zaman g\u00fcvende hissettim. Bu seyahati kesinlikle tekrar SwissLasik ile rezerve eder ve g\u00f6zlerimi \u0130stanbul\u2019da lazerle tedavi ettiririm, bunu herkese tavsiye edebilirim! \u0130svi\u00e7re\u2019de, Z\u00fcrich\u2019deki doktora kontrol muayenesi i\u00e7in gittim ve ayn\u0131 g\u00fcn \u00e7a\u011fr\u0131m\u0131 yapar yapmaz bir randevu ald\u0131m. G\u00f6zlerini lazerle tedavi ettirmek isteyen herkesi cesaretlendirebilirim. Hem maliyet tasarrufu sa\u011flan\u0131yor hem de \u0130stanbul\u2019u gezme f\u0131rsat\u0131 elde ediyorsunuz. N\u00e4fels, 17.07.2013 \u00d6nceki rapor Sonraki rapor<\/p>\n","protected":false},"author":4,"featured_media":0,"parent":0,"menu_order":0,"comment_status":"closed","ping_status":"closed","template":"","meta":{"_joinchat":[],"footnotes":""},"class_list":["post-4049","page","type-page","status-publish","hentry"],"acf":[],"_links":{"self":[{"href":"https:\/\/swisslasik.ch\/tr\/wp-json\/wp\/v2\/pages\/4049","targetHints":{"allow":["GET"]}}],"collection":[{"href":"https:\/\/swisslasik.ch\/tr\/wp-json\/wp\/v2\/pages"}],"about":[{"href":"https:\/\/swisslasik.ch\/tr\/wp-json\/wp\/v2\/types\/page"}],"author":[{"embeddable":true,"href":"https:\/\/swisslasik.ch\/tr\/wp-json\/wp\/v2\/users\/4"}],"replies":[{"embeddable":true,"href":"https:\/\/swisslasik.ch\/tr\/wp-json\/wp\/v2\/comments?post=4049"}],"version-history":[{"count":2,"href":"https:\/\/swisslasik.ch\/tr\/wp-json\/wp\/v2\/pages\/4049\/revisions"}],"predecessor-version":[{"id":4283,"href":"https:\/\/swisslasik.ch\/tr\/wp-json\/wp\/v2\/pages\/4049\/revisions\/4283"}],"wp:attachment":[{"href":"https:\/\/swisslasik.ch\/tr\/wp-json\/wp\/v2\/media?parent=4049"}],"curies":[{"name":"wp","href":"https:\/\/api.w.org\/{rel}","templated":true}]}}